{"id":117516,"date":"2014-05-21T10:20:31","date_gmt":"2014-05-21T10:20:31","guid":{"rendered":"https:\/\/henrik.www.ivinio.com\/?product=domaine-louis-brochet-brut-1er-cru"},"modified":"2026-02-19T15:31:22","modified_gmt":"2026-02-19T14:31:22","slug":"champagne-louis-brochet-heritage-brut-1er-cru","status":"publish","type":"product","link":"https:\/\/www.ivinio.com\/sv\/produkt\/champagne-louis-brochet-heritage-brut-1er-cru\/","title":{"rendered":"Champagne Louis Brochet &#8211; H\u00e9ritage Brut &#8211; 1er Cru"},"content":{"rendered":"<p>Champagne Louis Brochet &#8211; H\u00e9ritage Brut &#8211; 1er Cru \u00e4r frukten av fler \u00e5rs experimentering med ving\u00e5rdens egna Pinot noir-,\u00a0 Chardonnay- och Pinot Meunierdruvor . Vinet har framst\u00e4llts i huvudsak med Pinot noirdruvor f\u00f6r att p\u00e5 s\u00e5 vis skapa en vinprofil som svarar mot husets egna druvodlingar som domineras av just Pinot Noirdruvan. 50% av vinet g\u00f6rs av &#8220;vin de reserve&#8221; vilket har f\u00f6r avsikt att \u00e5r efter \u00e5r skapa en konstant smak \u00e5t vinet. Druvorna pressas och omvandlas till vin i ving\u00e5rdens egna k\u00e4llare enligt lokal tradition. Brochets egna filosofi \u00e4r att man vill inverka s\u00e5 lite som m\u00f6jligt och ist\u00e4llet l\u00e5ta den naturliga druvan skapa slutprodukten. Det sker naturligtvis med \u00f6versyn fr\u00e5n familjens 2 egna oenologer. Efter j\u00e4sning och stabilisering tappas champagnen p\u00e5 flaska i april \u00e5ret som f\u00f6ljer\u00a0 sk\u00f6rden.<\/p>\n","protected":false},"excerpt":{"rendered":"<p>Champagne Louis Brochet &#8211; H\u00e9ritage Brut &#8211; 1er Cru \u00e4r en torr Champagne 1er Cru som passar till alla tillf\u00e4llen. Har flera g\u00e5nger prisbel\u00f6nats.<\/p>\n","protected":false},"featured_media":138817,"comment_status":"open","ping_status":"closed","template":"","meta":{"_monsterinsights_skip_tracking":false,"_monsterinsights_sitenote_active":false,"_monsterinsights_sitenote_note":"","_monsterinsights_sitenote_category":0,"_uf_show_specific_survey":0,"_uf_disable_surveys":false},"product_brand":[],"product_cat":[36615,36588],"product_tag":[],"class_list":{"0":"post-117516","1":"product","2":"type-product","3":"status-publish","4":"has-post-thumbnail","6":"product_cat-sv-champagne","7":"product_cat-franska-viner","8":"pa_alcohol-degree-12-sv","9":"pa_awards-concours-des-vignerons-independants","10":"pa_awards-concours-general-agricole-de-paris","11":"pa_awards-guide-hachette-sv","12":"pa_awards-les-vinalies","13":"pa_classification-aop-champagne-sv","14":"pa_color-mousserande-sv","15":"pa_country-frankrike-sv","16":"pa_grape-variety-chardonnay-sv","17":"pa_grape-variety-pinot-meunier","18":"pa_grape-variety-pinot-noir-sv","19":"pa_region-champagne-sv","21":"first","22":"instock","23":"taxable","24":"shipping-taxable","25":"purchasable","26":"product-type-simple"},"bundled_by":["118941","120052","121116","118915"],"bundle_stock_status":"instock","bundle_stock_quantity":null,"bundle_virtual":false,"bundle_layout":"","bundle_add_to_cart_form_location":"","bundle_editable_in_cart":false,"bundle_sold_individually_context":"","bundle_item_grouping":"","bundle_min_size":"","bundle_max_size":"","bundle_price":[],"bundled_items":[],"bundle_sell_ids":[],"yoast_head":"<!-- This site is optimized with the Yoast SEO plugin v27.4 - https:\/\/yoast.com\/product\/yoast-seo-wordpress\/ -->\n<title>K\u00f6pa Champagne Louis Brochet - H\u00e9ritage Brut - 1er Cru - IVINIO Vinbutik<\/title>\n<meta name=\"description\" content=\"K\u00f6pa Champagne Louis Brochet - H\u00e9ritage Brut - 1er Cru. En elegant Champagne 1er Cru som levereras billigast och snabbast hem till d\u00f6rren.\" \/>\n<meta name=\"robots\" content=\"index, follow, max-snippet:-1, max-image-preview:large, max-video-preview:-1\" \/>\n<link rel=\"canonical\" href=\"https:\/\/www.ivinio.com\/sv\/produkt\/champagne-louis-brochet-heritage-brut-1er-cru\/\" \/>\n<meta property=\"og:locale\" content=\"sv_SE\" \/>\n<meta property=\"og:type\" content=\"article\" \/>\n<meta property=\"og:title\" content=\"K\u00f6pa Champagne Louis Brochet - H\u00e9ritage Brut - 1er Cru - IVINIO Vinbutik\" \/>\n<meta property=\"og:description\" content=\"K\u00f6pa Champagne Louis Brochet - H\u00e9ritage Brut - 1er Cru. En elegant Champagne 1er Cru som levereras billigast och snabbast hem till d\u00f6rren.\" \/>\n<meta property=\"og:url\" content=\"https:\/\/www.ivinio.com\/sv\/produkt\/champagne-louis-brochet-heritage-brut-1er-cru\/\" \/>\n<meta property=\"og:site_name\" content=\"IVINIO Vinbutik\" \/>\n<meta property=\"article:publisher\" content=\"https:\/\/www.facebook.com\/groups\/165217837022391\/?ref=bookmarks\" \/>\n<meta property=\"article:modified_time\" content=\"2026-02-19T14:31:22+00:00\" \/>\n<meta property=\"og:image\" content=\"https:\/\/www.ivinio.com\/wp-content\/uploads\/2014\/05\/Champagne-Louis-Brochet-Heritage-Brut-IVINIO.jpg\" \/>\n\t<meta property=\"og:image:width\" content=\"500\" \/>\n\t<meta property=\"og:image:height\" content=\"500\" \/>\n\t<meta property=\"og:image:type\" content=\"image\/jpeg\" \/>\n<meta name=\"twitter:card\" content=\"summary_large_image\" \/>\n<meta name=\"twitter:label1\" content=\"Ber\u00e4knad l\u00e4stid\" \/>\n\t<meta name=\"twitter:data1\" content=\"1 minut\" \/>\n<script type=\"application\/ld+json\" class=\"yoast-schema-graph\">{\"@context\":\"https:\\\/\\\/schema.org\",\"@graph\":[{\"@type\":\"WebPage\",\"@id\":\"https:\\\/\\\/www.ivinio.com\\\/sv\\\/produkt\\\/champagne-louis-brochet-heritage-brut-1er-cru\\\/\",\"url\":\"https:\\\/\\\/www.ivinio.com\\\/sv\\\/produkt\\\/champagne-louis-brochet-heritage-brut-1er-cru\\\/\",\"name\":\"K\u00f6pa Champagne Louis Brochet - H\u00e9ritage Brut - 1er Cru - IVINIO Vinbutik\",\"isPartOf\":{\"@id\":\"https:\\\/\\\/www.ivinio.com\\\/sv\\\/#website\"},\"primaryImageOfPage\":{\"@id\":\"https:\\\/\\\/www.ivinio.com\\\/sv\\\/produkt\\\/champagne-louis-brochet-heritage-brut-1er-cru\\\/#primaryimage\"},\"image\":{\"@id\":\"https:\\\/\\\/www.ivinio.com\\\/sv\\\/produkt\\\/champagne-louis-brochet-heritage-brut-1er-cru\\\/#primaryimage\"},\"thumbnailUrl\":\"https:\\\/\\\/www.ivinio.com\\\/wp-content\\\/uploads\\\/2014\\\/05\\\/Champagne-Louis-Brochet-Heritage-Brut-IVINIO.jpg\",\"datePublished\":\"2014-05-21T10:20:31+00:00\",\"dateModified\":\"2026-02-19T14:31:22+00:00\",\"description\":\"K\u00f6pa Champagne Louis Brochet - H\u00e9ritage Brut - 1er Cru. En elegant Champagne 1er Cru som levereras billigast och snabbast hem till d\u00f6rren.\",\"breadcrumb\":{\"@id\":\"https:\\\/\\\/www.ivinio.com\\\/sv\\\/produkt\\\/champagne-louis-brochet-heritage-brut-1er-cru\\\/#breadcrumb\"},\"inLanguage\":\"sv-SE\",\"potentialAction\":[{\"@type\":\"ReadAction\",\"target\":[\"https:\\\/\\\/www.ivinio.com\\\/sv\\\/produkt\\\/champagne-louis-brochet-heritage-brut-1er-cru\\\/\"]}]},{\"@type\":\"ImageObject\",\"inLanguage\":\"sv-SE\",\"@id\":\"https:\\\/\\\/www.ivinio.com\\\/sv\\\/produkt\\\/champagne-louis-brochet-heritage-brut-1er-cru\\\/#primaryimage\",\"url\":\"https:\\\/\\\/www.ivinio.com\\\/wp-content\\\/uploads\\\/2014\\\/05\\\/Champagne-Louis-Brochet-Heritage-Brut-IVINIO.jpg\",\"contentUrl\":\"https:\\\/\\\/www.ivinio.com\\\/wp-content\\\/uploads\\\/2014\\\/05\\\/Champagne-Louis-Brochet-Heritage-Brut-IVINIO.jpg\",\"width\":500,\"height\":500},{\"@type\":\"BreadcrumbList\",\"@id\":\"https:\\\/\\\/www.ivinio.com\\\/sv\\\/produkt\\\/champagne-louis-brochet-heritage-brut-1er-cru\\\/#breadcrumb\",\"itemListElement\":[{\"@type\":\"ListItem\",\"position\":1,\"name\":\"Hem\",\"item\":\"https:\\\/\\\/www.ivinio.com\\\/sv\\\/\"},{\"@type\":\"ListItem\",\"position\":2,\"name\":\"Vinbutik\",\"item\":\"https:\\\/\\\/www.ivinio.com\\\/sv\\\/vinbutik\\\/\"},{\"@type\":\"ListItem\",\"position\":3,\"name\":\"Champagne Louis Brochet &#8211; H\u00e9ritage Brut &#8211; 1er Cru\"}]},{\"@type\":\"WebSite\",\"@id\":\"https:\\\/\\\/www.ivinio.com\\\/sv\\\/#website\",\"url\":\"https:\\\/\\\/www.ivinio.com\\\/sv\\\/\",\"name\":\"IVINIO Vinbutik\",\"description\":\"Vin fr\u00e5n Frankrike och Italien med leverans hem till din d\u00f6rr\",\"publisher\":{\"@id\":\"https:\\\/\\\/www.ivinio.com\\\/sv\\\/#organization\"},\"potentialAction\":[{\"@type\":\"SearchAction\",\"target\":{\"@type\":\"EntryPoint\",\"urlTemplate\":\"https:\\\/\\\/www.ivinio.com\\\/sv\\\/?s={search_term_string}\"},\"query-input\":{\"@type\":\"PropertyValueSpecification\",\"valueRequired\":true,\"valueName\":\"search_term_string\"}}],\"inLanguage\":\"sv-SE\"},{\"@type\":\"Organization\",\"@id\":\"https:\\\/\\\/www.ivinio.com\\\/sv\\\/#organization\",\"name\":\"IVINIO\",\"url\":\"https:\\\/\\\/www.ivinio.com\\\/sv\\\/\",\"logo\":{\"@type\":\"ImageObject\",\"inLanguage\":\"sv-SE\",\"@id\":\"https:\\\/\\\/www.ivinio.com\\\/sv\\\/#\\\/schema\\\/logo\\\/image\\\/\",\"url\":\"https:\\\/\\\/www.ivinio.com\\\/wp-content\\\/uploads\\\/2021\\\/01\\\/Logo-Ivinio-v2.jpg\",\"contentUrl\":\"https:\\\/\\\/www.ivinio.com\\\/wp-content\\\/uploads\\\/2021\\\/01\\\/Logo-Ivinio-v2.jpg\",\"width\":1194,\"height\":1194,\"caption\":\"IVINIO\"},\"image\":{\"@id\":\"https:\\\/\\\/www.ivinio.com\\\/sv\\\/#\\\/schema\\\/logo\\\/image\\\/\"},\"sameAs\":[\"https:\\\/\\\/www.facebook.com\\\/groups\\\/165217837022391\\\/?ref=bookmarks\",\"https:\\\/\\\/www.instagram.com\\\/_ivinio_\\\/?hl=fr\"]}]}<\/script>\n<!-- \/ Yoast SEO plugin. -->","yoast_head_json":{"title":"K\u00f6pa Champagne Louis Brochet - H\u00e9ritage Brut - 1er Cru - IVINIO Vinbutik","description":"K\u00f6pa Champagne Louis Brochet - H\u00e9ritage Brut - 1er Cru. En elegant Champagne 1er Cru som levereras billigast och snabbast hem till d\u00f6rren.","robots":{"index":"index","follow":"follow","max-snippet":"max-snippet:-1","max-image-preview":"max-image-preview:large","max-video-preview":"max-video-preview:-1"},"canonical":"https:\/\/www.ivinio.com\/sv\/produkt\/champagne-louis-brochet-heritage-brut-1er-cru\/","og_locale":"sv_SE","og_type":"article","og_title":"K\u00f6pa Champagne Louis Brochet - H\u00e9ritage Brut - 1er Cru - IVINIO Vinbutik","og_description":"K\u00f6pa Champagne Louis Brochet - H\u00e9ritage Brut - 1er Cru. En elegant Champagne 1er Cru som levereras billigast och snabbast hem till d\u00f6rren.","og_url":"https:\/\/www.ivinio.com\/sv\/produkt\/champagne-louis-brochet-heritage-brut-1er-cru\/","og_site_name":"IVINIO Vinbutik","article_publisher":"https:\/\/www.facebook.com\/groups\/165217837022391\/?ref=bookmarks","article_modified_time":"2026-02-19T14:31:22+00:00","og_image":[{"width":500,"height":500,"url":"https:\/\/www.ivinio.com\/wp-content\/uploads\/2014\/05\/Champagne-Louis-Brochet-Heritage-Brut-IVINIO.jpg","type":"image\/jpeg"}],"twitter_card":"summary_large_image","twitter_misc":{"Ber\u00e4knad l\u00e4stid":"1 minut"},"schema":{"@context":"https:\/\/schema.org","@graph":[{"@type":"WebPage","@id":"https:\/\/www.ivinio.com\/sv\/produkt\/champagne-louis-brochet-heritage-brut-1er-cru\/","url":"https:\/\/www.ivinio.com\/sv\/produkt\/champagne-louis-brochet-heritage-brut-1er-cru\/","name":"K\u00f6pa Champagne Louis Brochet - H\u00e9ritage Brut - 1er Cru - IVINIO Vinbutik","isPartOf":{"@id":"https:\/\/www.ivinio.com\/sv\/#website"},"primaryImageOfPage":{"@id":"https:\/\/www.ivinio.com\/sv\/produkt\/champagne-louis-brochet-heritage-brut-1er-cru\/#primaryimage"},"image":{"@id":"https:\/\/www.ivinio.com\/sv\/produkt\/champagne-louis-brochet-heritage-brut-1er-cru\/#primaryimage"},"thumbnailUrl":"https:\/\/www.ivinio.com\/wp-content\/uploads\/2014\/05\/Champagne-Louis-Brochet-Heritage-Brut-IVINIO.jpg","datePublished":"2014-05-21T10:20:31+00:00","dateModified":"2026-02-19T14:31:22+00:00","description":"K\u00f6pa Champagne Louis Brochet - H\u00e9ritage Brut - 1er Cru. En elegant Champagne 1er Cru som levereras billigast och snabbast hem till d\u00f6rren.","breadcrumb":{"@id":"https:\/\/www.ivinio.com\/sv\/produkt\/champagne-louis-brochet-heritage-brut-1er-cru\/#breadcrumb"},"inLanguage":"sv-SE","potentialAction":[{"@type":"ReadAction","target":["https:\/\/www.ivinio.com\/sv\/produkt\/champagne-louis-brochet-heritage-brut-1er-cru\/"]}]},{"@type":"ImageObject","inLanguage":"sv-SE","@id":"https:\/\/www.ivinio.com\/sv\/produkt\/champagne-louis-brochet-heritage-brut-1er-cru\/#primaryimage","url":"https:\/\/www.ivinio.com\/wp-content\/uploads\/2014\/05\/Champagne-Louis-Brochet-Heritage-Brut-IVINIO.jpg","contentUrl":"https:\/\/www.ivinio.com\/wp-content\/uploads\/2014\/05\/Champagne-Louis-Brochet-Heritage-Brut-IVINIO.jpg","width":500,"height":500},{"@type":"BreadcrumbList","@id":"https:\/\/www.ivinio.com\/sv\/produkt\/champagne-louis-brochet-heritage-brut-1er-cru\/#breadcrumb","itemListElement":[{"@type":"ListItem","position":1,"name":"Hem","item":"https:\/\/www.ivinio.com\/sv\/"},{"@type":"ListItem","position":2,"name":"Vinbutik","item":"https:\/\/www.ivinio.com\/sv\/vinbutik\/"},{"@type":"ListItem","position":3,"name":"Champagne Louis Brochet &#8211; H\u00e9ritage Brut &#8211; 1er Cru"}]},{"@type":"WebSite","@id":"https:\/\/www.ivinio.com\/sv\/#website","url":"https:\/\/www.ivinio.com\/sv\/","name":"IVINIO Vinbutik","description":"Vin fr\u00e5n Frankrike och Italien med leverans hem till din d\u00f6rr","publisher":{"@id":"https:\/\/www.ivinio.com\/sv\/#organization"},"potentialAction":[{"@type":"SearchAction","target":{"@type":"EntryPoint","urlTemplate":"https:\/\/www.ivinio.com\/sv\/?s={search_term_string}"},"query-input":{"@type":"PropertyValueSpecification","valueRequired":true,"valueName":"search_term_string"}}],"inLanguage":"sv-SE"},{"@type":"Organization","@id":"https:\/\/www.ivinio.com\/sv\/#organization","name":"IVINIO","url":"https:\/\/www.ivinio.com\/sv\/","logo":{"@type":"ImageObject","inLanguage":"sv-SE","@id":"https:\/\/www.ivinio.com\/sv\/#\/schema\/logo\/image\/","url":"https:\/\/www.ivinio.com\/wp-content\/uploads\/2021\/01\/Logo-Ivinio-v2.jpg","contentUrl":"https:\/\/www.ivinio.com\/wp-content\/uploads\/2021\/01\/Logo-Ivinio-v2.jpg","width":1194,"height":1194,"caption":"IVINIO"},"image":{"@id":"https:\/\/www.ivinio.com\/sv\/#\/schema\/logo\/image\/"},"sameAs":["https:\/\/www.facebook.com\/groups\/165217837022391\/?ref=bookmarks","https:\/\/www.instagram.com\/_ivinio_\/?hl=fr"]}]}},"jetpack_sharing_enabled":true,"_links":{"self":[{"href":"https:\/\/www.ivinio.com\/sv\/wp-json\/wp\/v2\/product\/117516","targetHints":{"allow":["GET"]}}],"collection":[{"href":"https:\/\/www.ivinio.com\/sv\/wp-json\/wp\/v2\/product"}],"about":[{"href":"https:\/\/www.ivinio.com\/sv\/wp-json\/wp\/v2\/types\/product"}],"replies":[{"embeddable":true,"href":"https:\/\/www.ivinio.com\/sv\/wp-json\/wp\/v2\/comments?post=117516"}],"wp:featuredmedia":[{"embeddable":true,"href":"https:\/\/www.ivinio.com\/sv\/wp-json\/wp\/v2\/media\/138817"}],"wp:attachment":[{"href":"https:\/\/www.ivinio.com\/sv\/wp-json\/wp\/v2\/media?parent=117516"}],"wp:term":[{"taxonomy":"product_brand","embeddable":true,"href":"https:\/\/www.ivinio.com\/sv\/wp-json\/wp\/v2\/product_brand?post=117516"},{"taxonomy":"product_cat","embeddable":true,"href":"https:\/\/www.ivinio.com\/sv\/wp-json\/wp\/v2\/product_cat?post=117516"},{"taxonomy":"product_tag","embeddable":true,"href":"https:\/\/www.ivinio.com\/sv\/wp-json\/wp\/v2\/product_tag?post=117516"}],"curies":[{"name":"wp","href":"https:\/\/api.w.org\/{rel}","templated":true}]}}