{"id":117488,"date":"2014-05-21T10:20:31","date_gmt":"2014-05-21T10:20:31","guid":{"rendered":"https:\/\/henrik.www.ivinio.com\/?product=tenuta-olim-bauda-barbera-dasti-superiore-le-rocchette-doc-2012"},"modified":"2023-01-07T19:43:00","modified_gmt":"2023-01-07T18:43:00","slug":"tenuta-olim-bauda-barbera-dasti-superiore-le-rocchette","status":"publish","type":"product","link":"https:\/\/www.ivinio.com\/sv\/produkt\/tenuta-olim-bauda-barbera-dasti-superiore-le-rocchette\/","title":{"rendered":"Tenuta Olim Bauda &#8211; Barbera d&#8217;Asti Superiore &#8211; &#8220;Le Rocchette&#8221;"},"content":{"rendered":"<p>&#8220;Le Rocchette&#8221; \u00e4r en Barbera d&#8217;Asti Superiore som framst\u00e4lls av 100 % Barbera-druvor. Till detta vin anv\u00e4nder man bara de b\u00e4sta druvorna &#8211; endast 5-6 ton druvor utvinns per hektar mark och sk\u00f6rden sker enbart f\u00f6r hand f\u00f6r att man omedelbart ska kunna sortera bort de druvor som inte h\u00e5ller m\u00e5ttet. Efter sk\u00f6rden som sker i b\u00f6rjan av oktober j\u00e4ses druvorna i st\u00e5ltank under 12 dagar. Vinet f\u00f6rs sedan \u00f6ver p\u00e5 25-liters ekfat och lagras 18 m\u00e5nader p\u00e5 fat. D\u00e4refter tappas vinet p\u00e5 flaska och lagras i ytterligare 6 m\u00e5nader. Med andra ord kommercialiseras vinet f\u00f6rst 2 \u00e5r efter sk\u00f6rden.<\/p>\n","protected":false},"excerpt":{"rendered":"<p>&#8220;Le Rocchette&#8221; \u00e4r en Barbera d&#8217;Asti Superiore lagrad p\u00e5 ekfat 18 m\u00e5nader. Detta \u00e4r ett h\u00f6gkvalitetsvin f\u00f6r den kr\u00e4sne Barberaentusiasten.<\/p>\n","protected":false},"featured_media":117489,"comment_status":"open","ping_status":"closed","template":"","meta":{"_monsterinsights_skip_tracking":false,"_monsterinsights_sitenote_active":false,"_monsterinsights_sitenote_note":"","_monsterinsights_sitenote_category":0,"_uf_show_specific_survey":0,"_uf_disable_surveys":false},"product_brand":[],"product_cat":[36590],"product_tag":[],"class_list":{"0":"post-117488","1":"product","2":"type-product","3":"status-publish","4":"has-post-thumbnail","6":"product_cat-italian-wines","7":"pa_alcohol-degree-14-5-en","8":"pa_classification-docg-barbera-dasti-superiore-en","9":"pa_color-red","10":"pa_country-italy-en","11":"pa_grape-variety-barbera-en","12":"pa_region-piedmont-en","13":"pa_storage-potential-10-years-en","14":"pa_volume-75-cl-en","16":"first","17":"instock","18":"taxable","19":"shipping-taxable","20":"purchasable","21":"product-type-simple"},"bundled_by":[],"bundle_stock_status":"instock","bundle_stock_quantity":null,"bundle_virtual":false,"bundle_layout":"","bundle_add_to_cart_form_location":"","bundle_editable_in_cart":false,"bundle_sold_individually_context":"","bundle_item_grouping":"","bundle_min_size":"","bundle_max_size":"","bundle_price":[],"bundled_items":[],"bundle_sell_ids":[],"yoast_head":"<!-- This site is optimized with the Yoast SEO plugin v27.4 - https:\/\/yoast.com\/product\/yoast-seo-wordpress\/ -->\n<title>Tenuta Olim Bauda Barbera d&#039;Asti Superiore &quot;Le Rocchette&quot;<\/title>\n<meta name=\"description\" content=\"K\u00f6pa Tenuta Olim Bauda Barbera d&#039;Asti Superiore &quot;Le Rocchette&quot; DOCG. lagrad p\u00e5 ekfat 18 m\u00e5nader. Detta \u00e4r ett h\u00f6gkvalitetsvin f\u00f6r den kr\u00e4sne Barberaentusiasten.\" \/>\n<meta name=\"robots\" content=\"index, follow, max-snippet:-1, max-image-preview:large, max-video-preview:-1\" \/>\n<link rel=\"canonical\" href=\"https:\/\/www.ivinio.com\/sv\/produkt\/tenuta-olim-bauda-barbera-dasti-superiore-le-rocchette\/\" \/>\n<meta property=\"og:locale\" content=\"sv_SE\" \/>\n<meta property=\"og:type\" content=\"article\" \/>\n<meta property=\"og:title\" content=\"Tenuta Olim Bauda Barbera d&#039;Asti Superiore &quot;Le Rocchette&quot;\" \/>\n<meta property=\"og:description\" content=\"K\u00f6pa Tenuta Olim Bauda Barbera d&#039;Asti Superiore &quot;Le Rocchette&quot; DOCG. lagrad p\u00e5 ekfat 18 m\u00e5nader. Detta \u00e4r ett h\u00f6gkvalitetsvin f\u00f6r den kr\u00e4sne Barberaentusiasten.\" \/>\n<meta property=\"og:url\" content=\"https:\/\/www.ivinio.com\/sv\/produkt\/tenuta-olim-bauda-barbera-dasti-superiore-le-rocchette\/\" \/>\n<meta property=\"og:site_name\" content=\"IVINIO Vinbutik\" \/>\n<meta property=\"article:publisher\" content=\"https:\/\/www.facebook.com\/groups\/165217837022391\/?ref=bookmarks\" \/>\n<meta property=\"article:modified_time\" content=\"2023-01-07T18:43:00+00:00\" \/>\n<meta property=\"og:image\" content=\"https:\/\/www.ivinio.com\/wp-content\/uploads\/nc\/public\/modules\/file\/pictures\/4482.olimbaudalerochette500x500.jpg\" \/>\n\t<meta property=\"og:image:width\" content=\"500\" \/>\n\t<meta property=\"og:image:height\" content=\"500\" \/>\n\t<meta property=\"og:image:type\" content=\"image\/jpeg\" \/>\n<meta name=\"twitter:card\" content=\"summary_large_image\" \/>\n<meta name=\"twitter:label1\" content=\"Ber\u00e4knad l\u00e4stid\" \/>\n\t<meta name=\"twitter:data1\" content=\"1 minut\" \/>\n<script type=\"application\/ld+json\" class=\"yoast-schema-graph\">{\"@context\":\"https:\\\/\\\/schema.org\",\"@graph\":[{\"@type\":\"WebPage\",\"@id\":\"https:\\\/\\\/www.ivinio.com\\\/sv\\\/produkt\\\/tenuta-olim-bauda-barbera-dasti-superiore-le-rocchette\\\/\",\"url\":\"https:\\\/\\\/www.ivinio.com\\\/sv\\\/produkt\\\/tenuta-olim-bauda-barbera-dasti-superiore-le-rocchette\\\/\",\"name\":\"Tenuta Olim Bauda Barbera d'Asti Superiore \\\"Le Rocchette\\\"\",\"isPartOf\":{\"@id\":\"https:\\\/\\\/www.ivinio.com\\\/sv\\\/#website\"},\"primaryImageOfPage\":{\"@id\":\"https:\\\/\\\/www.ivinio.com\\\/sv\\\/produkt\\\/tenuta-olim-bauda-barbera-dasti-superiore-le-rocchette\\\/#primaryimage\"},\"image\":{\"@id\":\"https:\\\/\\\/www.ivinio.com\\\/sv\\\/produkt\\\/tenuta-olim-bauda-barbera-dasti-superiore-le-rocchette\\\/#primaryimage\"},\"thumbnailUrl\":\"https:\\\/\\\/www.ivinio.com\\\/wp-content\\\/uploads\\\/nc\\\/public\\\/modules\\\/file\\\/pictures\\\/4482.olimbaudalerochette500x500.jpg\",\"datePublished\":\"2014-05-21T10:20:31+00:00\",\"dateModified\":\"2023-01-07T18:43:00+00:00\",\"description\":\"K\u00f6pa Tenuta Olim Bauda Barbera d'Asti Superiore \\\"Le Rocchette\\\" DOCG. lagrad p\u00e5 ekfat 18 m\u00e5nader. Detta \u00e4r ett h\u00f6gkvalitetsvin f\u00f6r den kr\u00e4sne Barberaentusiasten.\",\"breadcrumb\":{\"@id\":\"https:\\\/\\\/www.ivinio.com\\\/sv\\\/produkt\\\/tenuta-olim-bauda-barbera-dasti-superiore-le-rocchette\\\/#breadcrumb\"},\"inLanguage\":\"sv-SE\",\"potentialAction\":[{\"@type\":\"ReadAction\",\"target\":[\"https:\\\/\\\/www.ivinio.com\\\/sv\\\/produkt\\\/tenuta-olim-bauda-barbera-dasti-superiore-le-rocchette\\\/\"]}]},{\"@type\":\"ImageObject\",\"inLanguage\":\"sv-SE\",\"@id\":\"https:\\\/\\\/www.ivinio.com\\\/sv\\\/produkt\\\/tenuta-olim-bauda-barbera-dasti-superiore-le-rocchette\\\/#primaryimage\",\"url\":\"https:\\\/\\\/www.ivinio.com\\\/wp-content\\\/uploads\\\/nc\\\/public\\\/modules\\\/file\\\/pictures\\\/4482.olimbaudalerochette500x500.jpg\",\"contentUrl\":\"https:\\\/\\\/www.ivinio.com\\\/wp-content\\\/uploads\\\/nc\\\/public\\\/modules\\\/file\\\/pictures\\\/4482.olimbaudalerochette500x500.jpg\",\"width\":500,\"height\":500,\"caption\":\"Tenuta Olim Bauda Barbera d'Asti Superiore \\\"Le Rocchette\\\" DOCG\"},{\"@type\":\"BreadcrumbList\",\"@id\":\"https:\\\/\\\/www.ivinio.com\\\/sv\\\/produkt\\\/tenuta-olim-bauda-barbera-dasti-superiore-le-rocchette\\\/#breadcrumb\",\"itemListElement\":[{\"@type\":\"ListItem\",\"position\":1,\"name\":\"Hem\",\"item\":\"https:\\\/\\\/www.ivinio.com\\\/sv\\\/\"},{\"@type\":\"ListItem\",\"position\":2,\"name\":\"Vinbutik\",\"item\":\"https:\\\/\\\/www.ivinio.com\\\/sv\\\/vinbutik\\\/\"},{\"@type\":\"ListItem\",\"position\":3,\"name\":\"Tenuta Olim Bauda &#8211; Barbera d&#8217;Asti Superiore &#8211; &#8220;Le Rocchette&#8221;\"}]},{\"@type\":\"WebSite\",\"@id\":\"https:\\\/\\\/www.ivinio.com\\\/sv\\\/#website\",\"url\":\"https:\\\/\\\/www.ivinio.com\\\/sv\\\/\",\"name\":\"IVINIO Vinbutik\",\"description\":\"Vin fr\u00e5n Frankrike och Italien med leverans hem till din d\u00f6rr\",\"publisher\":{\"@id\":\"https:\\\/\\\/www.ivinio.com\\\/sv\\\/#organization\"},\"potentialAction\":[{\"@type\":\"SearchAction\",\"target\":{\"@type\":\"EntryPoint\",\"urlTemplate\":\"https:\\\/\\\/www.ivinio.com\\\/sv\\\/?s={search_term_string}\"},\"query-input\":{\"@type\":\"PropertyValueSpecification\",\"valueRequired\":true,\"valueName\":\"search_term_string\"}}],\"inLanguage\":\"sv-SE\"},{\"@type\":\"Organization\",\"@id\":\"https:\\\/\\\/www.ivinio.com\\\/sv\\\/#organization\",\"name\":\"IVINIO\",\"url\":\"https:\\\/\\\/www.ivinio.com\\\/sv\\\/\",\"logo\":{\"@type\":\"ImageObject\",\"inLanguage\":\"sv-SE\",\"@id\":\"https:\\\/\\\/www.ivinio.com\\\/sv\\\/#\\\/schema\\\/logo\\\/image\\\/\",\"url\":\"https:\\\/\\\/www.ivinio.com\\\/wp-content\\\/uploads\\\/2021\\\/01\\\/Logo-Ivinio-v2.jpg\",\"contentUrl\":\"https:\\\/\\\/www.ivinio.com\\\/wp-content\\\/uploads\\\/2021\\\/01\\\/Logo-Ivinio-v2.jpg\",\"width\":1194,\"height\":1194,\"caption\":\"IVINIO\"},\"image\":{\"@id\":\"https:\\\/\\\/www.ivinio.com\\\/sv\\\/#\\\/schema\\\/logo\\\/image\\\/\"},\"sameAs\":[\"https:\\\/\\\/www.facebook.com\\\/groups\\\/165217837022391\\\/?ref=bookmarks\",\"https:\\\/\\\/www.instagram.com\\\/_ivinio_\\\/?hl=fr\"]}]}<\/script>\n<!-- \/ Yoast SEO plugin. -->","yoast_head_json":{"title":"Tenuta Olim Bauda Barbera d'Asti Superiore \"Le Rocchette\"","description":"K\u00f6pa Tenuta Olim Bauda Barbera d'Asti Superiore \"Le Rocchette\" DOCG. lagrad p\u00e5 ekfat 18 m\u00e5nader. Detta \u00e4r ett h\u00f6gkvalitetsvin f\u00f6r den kr\u00e4sne Barberaentusiasten.","robots":{"index":"index","follow":"follow","max-snippet":"max-snippet:-1","max-image-preview":"max-image-preview:large","max-video-preview":"max-video-preview:-1"},"canonical":"https:\/\/www.ivinio.com\/sv\/produkt\/tenuta-olim-bauda-barbera-dasti-superiore-le-rocchette\/","og_locale":"sv_SE","og_type":"article","og_title":"Tenuta Olim Bauda Barbera d'Asti Superiore \"Le Rocchette\"","og_description":"K\u00f6pa Tenuta Olim Bauda Barbera d'Asti Superiore \"Le Rocchette\" DOCG. lagrad p\u00e5 ekfat 18 m\u00e5nader. Detta \u00e4r ett h\u00f6gkvalitetsvin f\u00f6r den kr\u00e4sne Barberaentusiasten.","og_url":"https:\/\/www.ivinio.com\/sv\/produkt\/tenuta-olim-bauda-barbera-dasti-superiore-le-rocchette\/","og_site_name":"IVINIO Vinbutik","article_publisher":"https:\/\/www.facebook.com\/groups\/165217837022391\/?ref=bookmarks","article_modified_time":"2023-01-07T18:43:00+00:00","og_image":[{"width":500,"height":500,"url":"https:\/\/www.ivinio.com\/wp-content\/uploads\/nc\/public\/modules\/file\/pictures\/4482.olimbaudalerochette500x500.jpg","type":"image\/jpeg"}],"twitter_card":"summary_large_image","twitter_misc":{"Ber\u00e4knad l\u00e4stid":"1 minut"},"schema":{"@context":"https:\/\/schema.org","@graph":[{"@type":"WebPage","@id":"https:\/\/www.ivinio.com\/sv\/produkt\/tenuta-olim-bauda-barbera-dasti-superiore-le-rocchette\/","url":"https:\/\/www.ivinio.com\/sv\/produkt\/tenuta-olim-bauda-barbera-dasti-superiore-le-rocchette\/","name":"Tenuta Olim Bauda Barbera d'Asti Superiore \"Le Rocchette\"","isPartOf":{"@id":"https:\/\/www.ivinio.com\/sv\/#website"},"primaryImageOfPage":{"@id":"https:\/\/www.ivinio.com\/sv\/produkt\/tenuta-olim-bauda-barbera-dasti-superiore-le-rocchette\/#primaryimage"},"image":{"@id":"https:\/\/www.ivinio.com\/sv\/produkt\/tenuta-olim-bauda-barbera-dasti-superiore-le-rocchette\/#primaryimage"},"thumbnailUrl":"https:\/\/www.ivinio.com\/wp-content\/uploads\/nc\/public\/modules\/file\/pictures\/4482.olimbaudalerochette500x500.jpg","datePublished":"2014-05-21T10:20:31+00:00","dateModified":"2023-01-07T18:43:00+00:00","description":"K\u00f6pa Tenuta Olim Bauda Barbera d'Asti Superiore \"Le Rocchette\" DOCG. lagrad p\u00e5 ekfat 18 m\u00e5nader. Detta \u00e4r ett h\u00f6gkvalitetsvin f\u00f6r den kr\u00e4sne Barberaentusiasten.","breadcrumb":{"@id":"https:\/\/www.ivinio.com\/sv\/produkt\/tenuta-olim-bauda-barbera-dasti-superiore-le-rocchette\/#breadcrumb"},"inLanguage":"sv-SE","potentialAction":[{"@type":"ReadAction","target":["https:\/\/www.ivinio.com\/sv\/produkt\/tenuta-olim-bauda-barbera-dasti-superiore-le-rocchette\/"]}]},{"@type":"ImageObject","inLanguage":"sv-SE","@id":"https:\/\/www.ivinio.com\/sv\/produkt\/tenuta-olim-bauda-barbera-dasti-superiore-le-rocchette\/#primaryimage","url":"https:\/\/www.ivinio.com\/wp-content\/uploads\/nc\/public\/modules\/file\/pictures\/4482.olimbaudalerochette500x500.jpg","contentUrl":"https:\/\/www.ivinio.com\/wp-content\/uploads\/nc\/public\/modules\/file\/pictures\/4482.olimbaudalerochette500x500.jpg","width":500,"height":500,"caption":"Tenuta Olim Bauda Barbera d'Asti Superiore \"Le Rocchette\" DOCG"},{"@type":"BreadcrumbList","@id":"https:\/\/www.ivinio.com\/sv\/produkt\/tenuta-olim-bauda-barbera-dasti-superiore-le-rocchette\/#breadcrumb","itemListElement":[{"@type":"ListItem","position":1,"name":"Hem","item":"https:\/\/www.ivinio.com\/sv\/"},{"@type":"ListItem","position":2,"name":"Vinbutik","item":"https:\/\/www.ivinio.com\/sv\/vinbutik\/"},{"@type":"ListItem","position":3,"name":"Tenuta Olim Bauda &#8211; Barbera d&#8217;Asti Superiore &#8211; &#8220;Le Rocchette&#8221;"}]},{"@type":"WebSite","@id":"https:\/\/www.ivinio.com\/sv\/#website","url":"https:\/\/www.ivinio.com\/sv\/","name":"IVINIO Vinbutik","description":"Vin fr\u00e5n Frankrike och Italien med leverans hem till din d\u00f6rr","publisher":{"@id":"https:\/\/www.ivinio.com\/sv\/#organization"},"potentialAction":[{"@type":"SearchAction","target":{"@type":"EntryPoint","urlTemplate":"https:\/\/www.ivinio.com\/sv\/?s={search_term_string}"},"query-input":{"@type":"PropertyValueSpecification","valueRequired":true,"valueName":"search_term_string"}}],"inLanguage":"sv-SE"},{"@type":"Organization","@id":"https:\/\/www.ivinio.com\/sv\/#organization","name":"IVINIO","url":"https:\/\/www.ivinio.com\/sv\/","logo":{"@type":"ImageObject","inLanguage":"sv-SE","@id":"https:\/\/www.ivinio.com\/sv\/#\/schema\/logo\/image\/","url":"https:\/\/www.ivinio.com\/wp-content\/uploads\/2021\/01\/Logo-Ivinio-v2.jpg","contentUrl":"https:\/\/www.ivinio.com\/wp-content\/uploads\/2021\/01\/Logo-Ivinio-v2.jpg","width":1194,"height":1194,"caption":"IVINIO"},"image":{"@id":"https:\/\/www.ivinio.com\/sv\/#\/schema\/logo\/image\/"},"sameAs":["https:\/\/www.facebook.com\/groups\/165217837022391\/?ref=bookmarks","https:\/\/www.instagram.com\/_ivinio_\/?hl=fr"]}]}},"jetpack_sharing_enabled":true,"_links":{"self":[{"href":"https:\/\/www.ivinio.com\/sv\/wp-json\/wp\/v2\/product\/117488","targetHints":{"allow":["GET"]}}],"collection":[{"href":"https:\/\/www.ivinio.com\/sv\/wp-json\/wp\/v2\/product"}],"about":[{"href":"https:\/\/www.ivinio.com\/sv\/wp-json\/wp\/v2\/types\/product"}],"replies":[{"embeddable":true,"href":"https:\/\/www.ivinio.com\/sv\/wp-json\/wp\/v2\/comments?post=117488"}],"wp:featuredmedia":[{"embeddable":true,"href":"https:\/\/www.ivinio.com\/sv\/wp-json\/wp\/v2\/media\/117489"}],"wp:attachment":[{"href":"https:\/\/www.ivinio.com\/sv\/wp-json\/wp\/v2\/media?parent=117488"}],"wp:term":[{"taxonomy":"product_brand","embeddable":true,"href":"https:\/\/www.ivinio.com\/sv\/wp-json\/wp\/v2\/product_brand?post=117488"},{"taxonomy":"product_cat","embeddable":true,"href":"https:\/\/www.ivinio.com\/sv\/wp-json\/wp\/v2\/product_cat?post=117488"},{"taxonomy":"product_tag","embeddable":true,"href":"https:\/\/www.ivinio.com\/sv\/wp-json\/wp\/v2\/product_tag?post=117488"}],"curies":[{"name":"wp","href":"https:\/\/api.w.org\/{rel}","templated":true}]}}