{"id":117483,"date":"2014-05-21T10:20:31","date_gmt":"2014-05-21T10:20:31","guid":{"rendered":"https:\/\/henrik.www.ivinio.com\/?product=tenuta-olim-bauda-moscato-dasti-centivedocg-2018-vit"},"modified":"2024-04-03T11:44:55","modified_gmt":"2024-04-03T09:44:55","slug":"tenuta-olim-bauda-moscato-dasti-centive","status":"publish","type":"product","link":"https:\/\/www.ivinio.com\/sv\/produkt\/tenuta-olim-bauda-moscato-dasti-centive\/","title":{"rendered":"Tenuta Olim Bauda Moscato d&#8217;Asti &#8220;Centive&#8221;"},"content":{"rendered":"<p>Olim Baudas Moscato d&#8217;Asti &#8220;Centive&#8221; \u00e4r ett s\u00f6tt, aromatiskt och bubblande vin gjort av 100% Moscatodruvor. &#8220;Centive&#8221; \u00e4r namnet p\u00e5 vinodlingen d\u00e4r druvorna v\u00e4xer i Fontanile. Sk\u00f6rden sker 2:a veckan\u00a0i september\u00a0och de nypressade druvorna l\u00e4mnas med skal ett par timmar innan saften separeras.\u00a0J\u00e4sningen sker sedan i st\u00e5ltankar. Vinet tappas p\u00e5 flaska i november, 2 m\u00e5nader efter sk\u00f6rden och f\u00f6rs\u00e4ljningen startar i slutet av samma m\u00e5nad. Som m\u00e5nga av bubbelvinerna fr\u00e5n Piemonte\u00a0h\u00e5ller \u00a0Moscato d&#8217;Asti en l\u00e5g\u00a0alkoholhalt och passar utm\u00e4rkt som avslutning p\u00e5 en middag tillsammans med efterr\u00e4tten.<\/p>\n","protected":false},"excerpt":{"rendered":"<p>Moscato d&#8217;Asti \u00e4r ett l\u00e4tt, aromatiskt, bubbligt och festligt dessertvin som passar bra till efterr\u00e4tten\u00a0i slutet p\u00e5 m\u00e5ltiden!<\/p>\n","protected":false},"featured_media":131975,"comment_status":"open","ping_status":"closed","template":"","meta":{"_monsterinsights_skip_tracking":false,"_monsterinsights_sitenote_active":false,"_monsterinsights_sitenote_note":"","_monsterinsights_sitenote_category":0,"_uf_show_specific_survey":0,"_uf_disable_surveys":false},"product_brand":[],"product_cat":[36590,36599],"product_tag":[],"class_list":{"0":"post-117483","1":"product","2":"type-product","3":"status-publish","4":"has-post-thumbnail","6":"product_cat-italian-wines","7":"product_cat-en-piedmont","8":"pa_classification-docg-moscato-dasti-en","9":"pa_color-sparkling-en","10":"pa_country-italy-en","11":"pa_grape-variety-moscato-en","12":"pa_region-piedmont-en","13":"pa_storage-potential-4-years-en","14":"pa_vintage-2022-en","15":"pa_volume-75-cl-en","17":"first","18":"instock","19":"taxable","20":"shipping-taxable","21":"purchasable","22":"product-type-simple"},"bundled_by":[],"bundle_stock_status":"instock","bundle_stock_quantity":null,"bundle_virtual":false,"bundle_layout":"","bundle_add_to_cart_form_location":"","bundle_editable_in_cart":false,"bundle_sold_individually_context":"","bundle_item_grouping":"","bundle_min_size":"","bundle_max_size":"","bundle_price":[],"bundled_items":[],"bundle_sell_ids":[],"yoast_head":"<!-- This site is optimized with the Yoast SEO plugin v27.3 - https:\/\/yoast.com\/product\/yoast-seo-wordpress\/ -->\n<title>K\u00f6pa Tenuta Olim Bauda Moscato d&#039;Asti &quot;Centive&quot; - IVINIO Vinbutik<\/title>\n<meta name=\"description\" content=\"K\u00f6pa Tenuta Olim Bauda Moscato d&#039;Asti &quot;Centive&quot;. L\u00e5galkoholhaltigt vin till dessert gjort av Moscatodruvor. Mousserande fr\u00e5n Piemonte.\" \/>\n<meta name=\"robots\" content=\"index, follow, max-snippet:-1, max-image-preview:large, max-video-preview:-1\" \/>\n<link rel=\"canonical\" href=\"https:\/\/www.ivinio.com\/sv\/produkt\/tenuta-olim-bauda-moscato-dasti-centive\/\" \/>\n<meta property=\"og:locale\" content=\"sv_SE\" \/>\n<meta property=\"og:type\" content=\"article\" \/>\n<meta property=\"og:title\" content=\"K\u00f6pa Tenuta Olim Bauda Moscato d&#039;Asti &quot;Centive&quot; - IVINIO Vinbutik\" \/>\n<meta property=\"og:description\" content=\"K\u00f6pa Tenuta Olim Bauda Moscato d&#039;Asti &quot;Centive&quot;. L\u00e5galkoholhaltigt vin till dessert gjort av Moscatodruvor. Mousserande fr\u00e5n Piemonte.\" \/>\n<meta property=\"og:url\" content=\"https:\/\/www.ivinio.com\/sv\/produkt\/tenuta-olim-bauda-moscato-dasti-centive\/\" \/>\n<meta property=\"og:site_name\" content=\"IVINIO Vinbutik\" \/>\n<meta property=\"article:publisher\" content=\"https:\/\/www.facebook.com\/groups\/165217837022391\/?ref=bookmarks\" \/>\n<meta property=\"article:modified_time\" content=\"2024-04-03T09:44:55+00:00\" \/>\n<meta property=\"og:image\" content=\"https:\/\/www.ivinio.com\/wp-content\/uploads\/2014\/05\/olim-bauda-moscato-dasti-centive-IVINIO.jpg\" \/>\n\t<meta property=\"og:image:width\" content=\"500\" \/>\n\t<meta property=\"og:image:height\" content=\"500\" \/>\n\t<meta property=\"og:image:type\" content=\"image\/jpeg\" \/>\n<meta name=\"twitter:card\" content=\"summary_large_image\" \/>\n<meta name=\"twitter:label1\" content=\"Ber\u00e4knad l\u00e4stid\" \/>\n\t<meta name=\"twitter:data1\" content=\"1 minut\" \/>\n<script type=\"application\/ld+json\" class=\"yoast-schema-graph\">{\"@context\":\"https:\\\/\\\/schema.org\",\"@graph\":[{\"@type\":\"WebPage\",\"@id\":\"https:\\\/\\\/www.ivinio.com\\\/sv\\\/produkt\\\/tenuta-olim-bauda-moscato-dasti-centive\\\/\",\"url\":\"https:\\\/\\\/www.ivinio.com\\\/sv\\\/produkt\\\/tenuta-olim-bauda-moscato-dasti-centive\\\/\",\"name\":\"K\u00f6pa Tenuta Olim Bauda Moscato d'Asti \\\"Centive\\\" - IVINIO Vinbutik\",\"isPartOf\":{\"@id\":\"https:\\\/\\\/www.ivinio.com\\\/sv\\\/#website\"},\"primaryImageOfPage\":{\"@id\":\"https:\\\/\\\/www.ivinio.com\\\/sv\\\/produkt\\\/tenuta-olim-bauda-moscato-dasti-centive\\\/#primaryimage\"},\"image\":{\"@id\":\"https:\\\/\\\/www.ivinio.com\\\/sv\\\/produkt\\\/tenuta-olim-bauda-moscato-dasti-centive\\\/#primaryimage\"},\"thumbnailUrl\":\"https:\\\/\\\/www.ivinio.com\\\/wp-content\\\/uploads\\\/2014\\\/05\\\/olim-bauda-moscato-dasti-centive-IVINIO.jpg\",\"datePublished\":\"2014-05-21T10:20:31+00:00\",\"dateModified\":\"2024-04-03T09:44:55+00:00\",\"description\":\"K\u00f6pa Tenuta Olim Bauda Moscato d'Asti \\\"Centive\\\". L\u00e5galkoholhaltigt vin till dessert gjort av Moscatodruvor. Mousserande fr\u00e5n Piemonte.\",\"breadcrumb\":{\"@id\":\"https:\\\/\\\/www.ivinio.com\\\/sv\\\/produkt\\\/tenuta-olim-bauda-moscato-dasti-centive\\\/#breadcrumb\"},\"inLanguage\":\"sv-SE\",\"potentialAction\":[{\"@type\":\"ReadAction\",\"target\":[\"https:\\\/\\\/www.ivinio.com\\\/sv\\\/produkt\\\/tenuta-olim-bauda-moscato-dasti-centive\\\/\"]}]},{\"@type\":\"ImageObject\",\"inLanguage\":\"sv-SE\",\"@id\":\"https:\\\/\\\/www.ivinio.com\\\/sv\\\/produkt\\\/tenuta-olim-bauda-moscato-dasti-centive\\\/#primaryimage\",\"url\":\"https:\\\/\\\/www.ivinio.com\\\/wp-content\\\/uploads\\\/2014\\\/05\\\/olim-bauda-moscato-dasti-centive-IVINIO.jpg\",\"contentUrl\":\"https:\\\/\\\/www.ivinio.com\\\/wp-content\\\/uploads\\\/2014\\\/05\\\/olim-bauda-moscato-dasti-centive-IVINIO.jpg\",\"width\":500,\"height\":500,\"caption\":\"Olim bauda moscato d'asti centive\"},{\"@type\":\"BreadcrumbList\",\"@id\":\"https:\\\/\\\/www.ivinio.com\\\/sv\\\/produkt\\\/tenuta-olim-bauda-moscato-dasti-centive\\\/#breadcrumb\",\"itemListElement\":[{\"@type\":\"ListItem\",\"position\":1,\"name\":\"Hem\",\"item\":\"https:\\\/\\\/www.ivinio.com\\\/sv\\\/\"},{\"@type\":\"ListItem\",\"position\":2,\"name\":\"Vinbutik\",\"item\":\"https:\\\/\\\/www.ivinio.com\\\/sv\\\/vinbutik\\\/\"},{\"@type\":\"ListItem\",\"position\":3,\"name\":\"Tenuta Olim Bauda Moscato d&#8217;Asti &#8220;Centive&#8221;\"}]},{\"@type\":\"WebSite\",\"@id\":\"https:\\\/\\\/www.ivinio.com\\\/sv\\\/#website\",\"url\":\"https:\\\/\\\/www.ivinio.com\\\/sv\\\/\",\"name\":\"IVINIO Vinbutik\",\"description\":\"Vin fr\u00e5n Frankrike och Italien med leverans hem till din d\u00f6rr\",\"publisher\":{\"@id\":\"https:\\\/\\\/www.ivinio.com\\\/sv\\\/#organization\"},\"potentialAction\":[{\"@type\":\"SearchAction\",\"target\":{\"@type\":\"EntryPoint\",\"urlTemplate\":\"https:\\\/\\\/www.ivinio.com\\\/sv\\\/?s={search_term_string}\"},\"query-input\":{\"@type\":\"PropertyValueSpecification\",\"valueRequired\":true,\"valueName\":\"search_term_string\"}}],\"inLanguage\":\"sv-SE\"},{\"@type\":\"Organization\",\"@id\":\"https:\\\/\\\/www.ivinio.com\\\/sv\\\/#organization\",\"name\":\"IVINIO\",\"url\":\"https:\\\/\\\/www.ivinio.com\\\/sv\\\/\",\"logo\":{\"@type\":\"ImageObject\",\"inLanguage\":\"sv-SE\",\"@id\":\"https:\\\/\\\/www.ivinio.com\\\/sv\\\/#\\\/schema\\\/logo\\\/image\\\/\",\"url\":\"https:\\\/\\\/www.ivinio.com\\\/wp-content\\\/uploads\\\/2021\\\/01\\\/Logo-Ivinio-v2.jpg\",\"contentUrl\":\"https:\\\/\\\/www.ivinio.com\\\/wp-content\\\/uploads\\\/2021\\\/01\\\/Logo-Ivinio-v2.jpg\",\"width\":1194,\"height\":1194,\"caption\":\"IVINIO\"},\"image\":{\"@id\":\"https:\\\/\\\/www.ivinio.com\\\/sv\\\/#\\\/schema\\\/logo\\\/image\\\/\"},\"sameAs\":[\"https:\\\/\\\/www.facebook.com\\\/groups\\\/165217837022391\\\/?ref=bookmarks\",\"https:\\\/\\\/www.instagram.com\\\/_ivinio_\\\/?hl=fr\"]}]}<\/script>\n<!-- \/ Yoast SEO plugin. -->","yoast_head_json":{"title":"K\u00f6pa Tenuta Olim Bauda Moscato d'Asti \"Centive\" - IVINIO Vinbutik","description":"K\u00f6pa Tenuta Olim Bauda Moscato d'Asti \"Centive\". L\u00e5galkoholhaltigt vin till dessert gjort av Moscatodruvor. Mousserande fr\u00e5n Piemonte.","robots":{"index":"index","follow":"follow","max-snippet":"max-snippet:-1","max-image-preview":"max-image-preview:large","max-video-preview":"max-video-preview:-1"},"canonical":"https:\/\/www.ivinio.com\/sv\/produkt\/tenuta-olim-bauda-moscato-dasti-centive\/","og_locale":"sv_SE","og_type":"article","og_title":"K\u00f6pa Tenuta Olim Bauda Moscato d'Asti \"Centive\" - IVINIO Vinbutik","og_description":"K\u00f6pa Tenuta Olim Bauda Moscato d'Asti \"Centive\". L\u00e5galkoholhaltigt vin till dessert gjort av Moscatodruvor. Mousserande fr\u00e5n Piemonte.","og_url":"https:\/\/www.ivinio.com\/sv\/produkt\/tenuta-olim-bauda-moscato-dasti-centive\/","og_site_name":"IVINIO Vinbutik","article_publisher":"https:\/\/www.facebook.com\/groups\/165217837022391\/?ref=bookmarks","article_modified_time":"2024-04-03T09:44:55+00:00","og_image":[{"width":500,"height":500,"url":"https:\/\/www.ivinio.com\/wp-content\/uploads\/2014\/05\/olim-bauda-moscato-dasti-centive-IVINIO.jpg","type":"image\/jpeg"}],"twitter_card":"summary_large_image","twitter_misc":{"Ber\u00e4knad l\u00e4stid":"1 minut"},"schema":{"@context":"https:\/\/schema.org","@graph":[{"@type":"WebPage","@id":"https:\/\/www.ivinio.com\/sv\/produkt\/tenuta-olim-bauda-moscato-dasti-centive\/","url":"https:\/\/www.ivinio.com\/sv\/produkt\/tenuta-olim-bauda-moscato-dasti-centive\/","name":"K\u00f6pa Tenuta Olim Bauda Moscato d'Asti \"Centive\" - IVINIO Vinbutik","isPartOf":{"@id":"https:\/\/www.ivinio.com\/sv\/#website"},"primaryImageOfPage":{"@id":"https:\/\/www.ivinio.com\/sv\/produkt\/tenuta-olim-bauda-moscato-dasti-centive\/#primaryimage"},"image":{"@id":"https:\/\/www.ivinio.com\/sv\/produkt\/tenuta-olim-bauda-moscato-dasti-centive\/#primaryimage"},"thumbnailUrl":"https:\/\/www.ivinio.com\/wp-content\/uploads\/2014\/05\/olim-bauda-moscato-dasti-centive-IVINIO.jpg","datePublished":"2014-05-21T10:20:31+00:00","dateModified":"2024-04-03T09:44:55+00:00","description":"K\u00f6pa Tenuta Olim Bauda Moscato d'Asti \"Centive\". L\u00e5galkoholhaltigt vin till dessert gjort av Moscatodruvor. Mousserande fr\u00e5n Piemonte.","breadcrumb":{"@id":"https:\/\/www.ivinio.com\/sv\/produkt\/tenuta-olim-bauda-moscato-dasti-centive\/#breadcrumb"},"inLanguage":"sv-SE","potentialAction":[{"@type":"ReadAction","target":["https:\/\/www.ivinio.com\/sv\/produkt\/tenuta-olim-bauda-moscato-dasti-centive\/"]}]},{"@type":"ImageObject","inLanguage":"sv-SE","@id":"https:\/\/www.ivinio.com\/sv\/produkt\/tenuta-olim-bauda-moscato-dasti-centive\/#primaryimage","url":"https:\/\/www.ivinio.com\/wp-content\/uploads\/2014\/05\/olim-bauda-moscato-dasti-centive-IVINIO.jpg","contentUrl":"https:\/\/www.ivinio.com\/wp-content\/uploads\/2014\/05\/olim-bauda-moscato-dasti-centive-IVINIO.jpg","width":500,"height":500,"caption":"Olim bauda moscato d'asti centive"},{"@type":"BreadcrumbList","@id":"https:\/\/www.ivinio.com\/sv\/produkt\/tenuta-olim-bauda-moscato-dasti-centive\/#breadcrumb","itemListElement":[{"@type":"ListItem","position":1,"name":"Hem","item":"https:\/\/www.ivinio.com\/sv\/"},{"@type":"ListItem","position":2,"name":"Vinbutik","item":"https:\/\/www.ivinio.com\/sv\/vinbutik\/"},{"@type":"ListItem","position":3,"name":"Tenuta Olim Bauda Moscato d&#8217;Asti &#8220;Centive&#8221;"}]},{"@type":"WebSite","@id":"https:\/\/www.ivinio.com\/sv\/#website","url":"https:\/\/www.ivinio.com\/sv\/","name":"IVINIO Vinbutik","description":"Vin fr\u00e5n Frankrike och Italien med leverans hem till din d\u00f6rr","publisher":{"@id":"https:\/\/www.ivinio.com\/sv\/#organization"},"potentialAction":[{"@type":"SearchAction","target":{"@type":"EntryPoint","urlTemplate":"https:\/\/www.ivinio.com\/sv\/?s={search_term_string}"},"query-input":{"@type":"PropertyValueSpecification","valueRequired":true,"valueName":"search_term_string"}}],"inLanguage":"sv-SE"},{"@type":"Organization","@id":"https:\/\/www.ivinio.com\/sv\/#organization","name":"IVINIO","url":"https:\/\/www.ivinio.com\/sv\/","logo":{"@type":"ImageObject","inLanguage":"sv-SE","@id":"https:\/\/www.ivinio.com\/sv\/#\/schema\/logo\/image\/","url":"https:\/\/www.ivinio.com\/wp-content\/uploads\/2021\/01\/Logo-Ivinio-v2.jpg","contentUrl":"https:\/\/www.ivinio.com\/wp-content\/uploads\/2021\/01\/Logo-Ivinio-v2.jpg","width":1194,"height":1194,"caption":"IVINIO"},"image":{"@id":"https:\/\/www.ivinio.com\/sv\/#\/schema\/logo\/image\/"},"sameAs":["https:\/\/www.facebook.com\/groups\/165217837022391\/?ref=bookmarks","https:\/\/www.instagram.com\/_ivinio_\/?hl=fr"]}]}},"jetpack_sharing_enabled":true,"_links":{"self":[{"href":"https:\/\/www.ivinio.com\/sv\/wp-json\/wp\/v2\/product\/117483","targetHints":{"allow":["GET"]}}],"collection":[{"href":"https:\/\/www.ivinio.com\/sv\/wp-json\/wp\/v2\/product"}],"about":[{"href":"https:\/\/www.ivinio.com\/sv\/wp-json\/wp\/v2\/types\/product"}],"replies":[{"embeddable":true,"href":"https:\/\/www.ivinio.com\/sv\/wp-json\/wp\/v2\/comments?post=117483"}],"wp:featuredmedia":[{"embeddable":true,"href":"https:\/\/www.ivinio.com\/sv\/wp-json\/wp\/v2\/media\/131975"}],"wp:attachment":[{"href":"https:\/\/www.ivinio.com\/sv\/wp-json\/wp\/v2\/media?parent=117483"}],"wp:term":[{"taxonomy":"product_brand","embeddable":true,"href":"https:\/\/www.ivinio.com\/sv\/wp-json\/wp\/v2\/product_brand?post=117483"},{"taxonomy":"product_cat","embeddable":true,"href":"https:\/\/www.ivinio.com\/sv\/wp-json\/wp\/v2\/product_cat?post=117483"},{"taxonomy":"product_tag","embeddable":true,"href":"https:\/\/www.ivinio.com\/sv\/wp-json\/wp\/v2\/product_tag?post=117483"}],"curies":[{"name":"wp","href":"https:\/\/api.w.org\/{rel}","templated":true}]}}