{"id":117427,"date":"2014-05-21T12:20:31","date_gmt":"2014-05-21T10:20:31","guid":{"rendered":"https:\/\/henrik.www.ivinio.com\/?product=brunello-di-montalcino-blandad-vinlada-3x2-flaskor"},"modified":"2023-01-13T11:54:45","modified_gmt":"2023-01-13T10:54:45","slug":"brunello-di-montalcino-blandad-vinlada-3x2-flaskor","status":"publish","type":"product","link":"https:\/\/www.ivinio.com\/sv\/produkt\/brunello-di-montalcino-blandad-vinlada-3x2-flaskor\/","title":{"rendered":"Brunello di Montalcino &#8211; Blandad vinl\u00e5da 3&#215;2 flaskor"},"content":{"rendered":"<p><strong>Casanova di Neri :<\/strong>\u00a0betyder egentligen &#8220;Familjen Neris g\u00e5rd Casanova&#8221; och s\u00e5 \u00e4r det ocks\u00e5 sedan\u00a01971 d\u00e5 Giovanni startade familjer\u00f6relsen. Han fick tidigt upp \u00f6gonen f\u00f6r potentialen\u00a0i jorden runt\u00a0Montalcino\u00a0och\u00a0idag, mer \u00e4n 40 \u00e5r senare, \u00e4r det sonen Giacomo som tagit \u00f6ver och som storstilat tagit p\u00e5 sig ansvaret att driva vinproduktionen fram\u00e5t.\u00a0Familjens egna\u00a0normer f\u00f6r kvalitet \u00e4r h\u00f6ga, s\u00e5 h\u00f6ga att\u00a0man \u00e5r 2002 inte ens framst\u00e4llde en enda flaska Brunello\u00a0d\u00e5 det \u00e5ret anses ha varit oj\u00e4mn i kvaliteten.\u00a0Idag odlas vin p\u00e5 63 hektar av ving\u00e5rdens 500 hektar mark.<\/p>\n<p><strong>Campogiovanni<\/strong>\u00a0\u00e4r en av 3 ving\u00e5rdar som ing\u00e5r i San Felices \u00e4gor\u00a0och ligger\u00a0i Montalcinos omgivningar, n\u00e4rmare best\u00e4mt i Sant&#8217;Angelo\u00a0in Colle. Campogiovannis odlingar ligger v\u00e4lexponerade i sydlig och sydv\u00e4stlig rikting p\u00e5 Montalcinos kullar, vilket delvis f\u00f6rklarar vinernas h\u00f6ga kvalitet. 14 hektar av ving\u00e5rdens totalt 65 hektar anv\u00e4nds till odlingen av sangiovesedruvor, eller &#8220;Brunellodruvor&#8221; som varianten\u00a0heter i Montalcino och\u00a0som anv\u00e4nds till framst\u00e4llningen av ving\u00e5rdens och \u00e4ven regionens flaggskeppsviner &#8211; Brunello di Montalcino.<\/p>\n","protected":false},"excerpt":{"rendered":"<p>Denna vinl\u00e5da inneh\u00e5ller\u00a03 exklusiva flaskor\u00a0Brunello di Montalcino\u00a0fr\u00e5n\u00a0Casanova di Neri\u00a0samt 3 flaskor fr\u00e5n San Felice&#8217;s Campogiovanni.<\/p>\n","protected":false},"featured_media":117428,"comment_status":"open","ping_status":"closed","template":"","meta":{"_monsterinsights_skip_tracking":false,"_monsterinsights_sitenote_active":false,"_monsterinsights_sitenote_note":"","_monsterinsights_sitenote_category":0,"_uf_show_specific_survey":0,"_uf_disable_surveys":false},"product_brand":[],"product_cat":[36644],"product_tag":[],"class_list":{"0":"post-117427","1":"product","2":"type-product","3":"status-publish","4":"has-post-thumbnail","6":"product_cat-mixed-wine-cases","7":"pa_alcohol-degree-14-en","8":"pa_classification-docg-brunello-di-montalcino-en","9":"pa_color-red","10":"pa_country-italy-en","11":"pa_grape-variety-sangiovese-brunello-en","12":"pa_package-1x1-en","13":"pa_package-1x6-en","14":"pa_region-tuscany-en","15":"pa_storage-potential-more-than-10-years","16":"pa_volume-75-cl-en","18":"first","19":"instock","20":"taxable","21":"shipping-taxable","22":"purchasable","23":"product-type-bundle"},"bundled_by":[],"bundle_stock_status":"instock","bundle_stock_quantity":"","bundle_virtual":false,"bundle_layout":"grid","bundle_add_to_cart_form_location":"after_summary","bundle_editable_in_cart":false,"bundle_sold_individually_context":"product","bundle_item_grouping":"noindent","bundle_min_size":"","bundle_max_size":"","bundle_price":{"price":{"min":{"incl_tax":"227.5","excl_tax":"227.5"},"max":{"incl_tax":"227.5","excl_tax":"227.5"}},"regular_price":{"min":{"incl_tax":"227.5","excl_tax":"227.5"},"max":{"incl_tax":"227.5","excl_tax":"227.5"}}},"bundled_items":[{"bundled_item_id":8351,"product_id":117400,"menu_order":0,"quantity_min":3,"quantity_max":3,"quantity_default":3,"priced_individually":false,"shipped_individually":false,"override_title":false,"title":"Campogiovanni San Felice - Brunello di Montalcino - R\u00f6d","override_description":false,"description":"Campogiovanni San Felice &#8211; Brunello di Montalcino &#8211; R\u00f6d","optional":false,"hide_thumbnail":false,"discount":"","override_variations":true,"allowed_variations":[117407],"override_default_variation_attributes":true,"default_variation_attributes":[{"id":223,"name":"Package :","option":"1x1-sv"}],"single_product_visibility":"visible","cart_visibility":"hidden","order_visibility":"visible","single_product_price_visibility":"visible","cart_price_visibility":"visible","order_price_visibility":"visible","stock_status":"in_stock"},{"bundled_item_id":8352,"product_id":117413,"menu_order":1,"quantity_min":3,"quantity_max":3,"quantity_default":3,"priced_individually":false,"shipped_individually":false,"override_title":false,"title":"Casanova di Neri - Brunello di Montalcino - R\u00f6d","override_description":false,"description":"Casanova di Neri &#8211; Brunello di Montalcino &#8211; R\u00f6d","optional":false,"hide_thumbnail":false,"discount":"","override_variations":true,"allowed_variations":[117421],"override_default_variation_attributes":true,"default_variation_attributes":[{"id":223,"name":"Package :","option":"1x1-sv"}],"single_product_visibility":"visible","cart_visibility":"hidden","order_visibility":"visible","single_product_price_visibility":"visible","cart_price_visibility":"visible","order_price_visibility":"visible","stock_status":"in_stock"}],"bundle_sell_ids":[],"yoast_head":"<!-- This site is optimized with the Yoast SEO plugin v27.5 - https:\/\/yoast.com\/product\/yoast-seo-wordpress\/ -->\n<title>Brunello di Montalcino - Blandad vinl\u00e5da<\/title>\n<meta name=\"description\" content=\"Brunello di Montalcino - Blandad vinl\u00e5da. Inneh\u00e5ller 3 exklusiva flaskor Brunello di Montalcino fr\u00e5n Casanova di Neri samt 3 flaskor fr\u00e5n San Felice&#039;s Campogiovanni.\" \/>\n<meta name=\"robots\" content=\"index, follow, max-snippet:-1, max-image-preview:large, max-video-preview:-1\" \/>\n<link rel=\"canonical\" href=\"https:\/\/www.ivinio.com\/sv\/produkt\/brunello-di-montalcino-blandad-vinlada-3x2-flaskor\/\" \/>\n<meta property=\"og:locale\" content=\"sv_SE\" \/>\n<meta property=\"og:type\" content=\"article\" \/>\n<meta property=\"og:title\" content=\"Brunello di Montalcino - Blandad vinl\u00e5da\" \/>\n<meta property=\"og:description\" content=\"Brunello di Montalcino - Blandad vinl\u00e5da. Inneh\u00e5ller 3 exklusiva flaskor Brunello di Montalcino fr\u00e5n Casanova di Neri samt 3 flaskor fr\u00e5n San Felice&#039;s Campogiovanni.\" \/>\n<meta property=\"og:url\" content=\"https:\/\/www.ivinio.com\/sv\/produkt\/brunello-di-montalcino-blandad-vinlada-3x2-flaskor\/\" \/>\n<meta property=\"og:site_name\" content=\"IVINIO Vinbutik\" \/>\n<meta property=\"article:publisher\" content=\"https:\/\/www.facebook.com\/groups\/165217837022391\/?ref=bookmarks\" \/>\n<meta property=\"article:modified_time\" content=\"2023-01-13T10:54:45+00:00\" \/>\n<meta property=\"og:image\" content=\"https:\/\/www.ivinio.com\/wp-content\/uploads\/nc\/public\/modules\/file\/pictures\/4591.packbrunello500x500.jpg\" \/>\n\t<meta property=\"og:image:width\" content=\"504\" \/>\n\t<meta property=\"og:image:height\" content=\"504\" \/>\n\t<meta property=\"og:image:type\" content=\"image\/jpeg\" \/>\n<meta name=\"twitter:card\" content=\"summary_large_image\" \/>\n<meta name=\"twitter:label1\" content=\"Ber\u00e4knad l\u00e4stid\" \/>\n\t<meta name=\"twitter:data1\" content=\"1 minut\" \/>\n<script type=\"application\/ld+json\" class=\"yoast-schema-graph\">{\"@context\":\"https:\\\/\\\/schema.org\",\"@graph\":[{\"@type\":\"WebPage\",\"@id\":\"https:\\\/\\\/www.ivinio.com\\\/sv\\\/produkt\\\/brunello-di-montalcino-blandad-vinlada-3x2-flaskor\\\/\",\"url\":\"https:\\\/\\\/www.ivinio.com\\\/sv\\\/produkt\\\/brunello-di-montalcino-blandad-vinlada-3x2-flaskor\\\/\",\"name\":\"Brunello di Montalcino - Blandad vinl\u00e5da\",\"isPartOf\":{\"@id\":\"https:\\\/\\\/www.ivinio.com\\\/sv\\\/#website\"},\"primaryImageOfPage\":{\"@id\":\"https:\\\/\\\/www.ivinio.com\\\/sv\\\/produkt\\\/brunello-di-montalcino-blandad-vinlada-3x2-flaskor\\\/#primaryimage\"},\"image\":{\"@id\":\"https:\\\/\\\/www.ivinio.com\\\/sv\\\/produkt\\\/brunello-di-montalcino-blandad-vinlada-3x2-flaskor\\\/#primaryimage\"},\"thumbnailUrl\":\"https:\\\/\\\/www.ivinio.com\\\/wp-content\\\/uploads\\\/nc\\\/public\\\/modules\\\/file\\\/pictures\\\/4591.packbrunello500x500.jpg\",\"datePublished\":\"2014-05-21T10:20:31+00:00\",\"dateModified\":\"2023-01-13T10:54:45+00:00\",\"description\":\"Brunello di Montalcino - Blandad vinl\u00e5da. Inneh\u00e5ller 3 exklusiva flaskor Brunello di Montalcino fr\u00e5n Casanova di Neri samt 3 flaskor fr\u00e5n San Felice's Campogiovanni.\",\"breadcrumb\":{\"@id\":\"https:\\\/\\\/www.ivinio.com\\\/sv\\\/produkt\\\/brunello-di-montalcino-blandad-vinlada-3x2-flaskor\\\/#breadcrumb\"},\"inLanguage\":\"sv-SE\",\"potentialAction\":[{\"@type\":\"ReadAction\",\"target\":[\"https:\\\/\\\/www.ivinio.com\\\/sv\\\/produkt\\\/brunello-di-montalcino-blandad-vinlada-3x2-flaskor\\\/\"]}]},{\"@type\":\"ImageObject\",\"inLanguage\":\"sv-SE\",\"@id\":\"https:\\\/\\\/www.ivinio.com\\\/sv\\\/produkt\\\/brunello-di-montalcino-blandad-vinlada-3x2-flaskor\\\/#primaryimage\",\"url\":\"https:\\\/\\\/www.ivinio.com\\\/wp-content\\\/uploads\\\/nc\\\/public\\\/modules\\\/file\\\/pictures\\\/4591.packbrunello500x500.jpg\",\"contentUrl\":\"https:\\\/\\\/www.ivinio.com\\\/wp-content\\\/uploads\\\/nc\\\/public\\\/modules\\\/file\\\/pictures\\\/4591.packbrunello500x500.jpg\",\"width\":504,\"height\":504},{\"@type\":\"BreadcrumbList\",\"@id\":\"https:\\\/\\\/www.ivinio.com\\\/sv\\\/produkt\\\/brunello-di-montalcino-blandad-vinlada-3x2-flaskor\\\/#breadcrumb\",\"itemListElement\":[{\"@type\":\"ListItem\",\"position\":1,\"name\":\"Hem\",\"item\":\"https:\\\/\\\/www.ivinio.com\\\/sv\\\/\"},{\"@type\":\"ListItem\",\"position\":2,\"name\":\"Vinbutik\",\"item\":\"https:\\\/\\\/www.ivinio.com\\\/sv\\\/vinbutik\\\/\"},{\"@type\":\"ListItem\",\"position\":3,\"name\":\"Brunello di Montalcino &#8211; Blandad vinl\u00e5da 3&#215;2 flaskor\"}]},{\"@type\":\"WebSite\",\"@id\":\"https:\\\/\\\/www.ivinio.com\\\/sv\\\/#website\",\"url\":\"https:\\\/\\\/www.ivinio.com\\\/sv\\\/\",\"name\":\"IVINIO Vinbutik\",\"description\":\"Vin fr\u00e5n Frankrike och Italien med leverans hem till din d\u00f6rr\",\"publisher\":{\"@id\":\"https:\\\/\\\/www.ivinio.com\\\/sv\\\/#organization\"},\"potentialAction\":[{\"@type\":\"SearchAction\",\"target\":{\"@type\":\"EntryPoint\",\"urlTemplate\":\"https:\\\/\\\/www.ivinio.com\\\/sv\\\/?s={search_term_string}\"},\"query-input\":{\"@type\":\"PropertyValueSpecification\",\"valueRequired\":true,\"valueName\":\"search_term_string\"}}],\"inLanguage\":\"sv-SE\"},{\"@type\":\"Organization\",\"@id\":\"https:\\\/\\\/www.ivinio.com\\\/sv\\\/#organization\",\"name\":\"IVINIO\",\"url\":\"https:\\\/\\\/www.ivinio.com\\\/sv\\\/\",\"logo\":{\"@type\":\"ImageObject\",\"inLanguage\":\"sv-SE\",\"@id\":\"https:\\\/\\\/www.ivinio.com\\\/sv\\\/#\\\/schema\\\/logo\\\/image\\\/\",\"url\":\"https:\\\/\\\/www.ivinio.com\\\/wp-content\\\/uploads\\\/2021\\\/01\\\/Logo-Ivinio-v2.jpg\",\"contentUrl\":\"https:\\\/\\\/www.ivinio.com\\\/wp-content\\\/uploads\\\/2021\\\/01\\\/Logo-Ivinio-v2.jpg\",\"width\":1194,\"height\":1194,\"caption\":\"IVINIO\"},\"image\":{\"@id\":\"https:\\\/\\\/www.ivinio.com\\\/sv\\\/#\\\/schema\\\/logo\\\/image\\\/\"},\"sameAs\":[\"https:\\\/\\\/www.facebook.com\\\/groups\\\/165217837022391\\\/?ref=bookmarks\",\"https:\\\/\\\/www.instagram.com\\\/_ivinio_\\\/?hl=fr\"]}]}<\/script>\n<!-- \/ Yoast SEO plugin. -->","yoast_head_json":{"title":"Brunello di Montalcino - Blandad vinl\u00e5da","description":"Brunello di Montalcino - Blandad vinl\u00e5da. Inneh\u00e5ller 3 exklusiva flaskor Brunello di Montalcino fr\u00e5n Casanova di Neri samt 3 flaskor fr\u00e5n San Felice's Campogiovanni.","robots":{"index":"index","follow":"follow","max-snippet":"max-snippet:-1","max-image-preview":"max-image-preview:large","max-video-preview":"max-video-preview:-1"},"canonical":"https:\/\/www.ivinio.com\/sv\/produkt\/brunello-di-montalcino-blandad-vinlada-3x2-flaskor\/","og_locale":"sv_SE","og_type":"article","og_title":"Brunello di Montalcino - Blandad vinl\u00e5da","og_description":"Brunello di Montalcino - Blandad vinl\u00e5da. Inneh\u00e5ller 3 exklusiva flaskor Brunello di Montalcino fr\u00e5n Casanova di Neri samt 3 flaskor fr\u00e5n San Felice's Campogiovanni.","og_url":"https:\/\/www.ivinio.com\/sv\/produkt\/brunello-di-montalcino-blandad-vinlada-3x2-flaskor\/","og_site_name":"IVINIO Vinbutik","article_publisher":"https:\/\/www.facebook.com\/groups\/165217837022391\/?ref=bookmarks","article_modified_time":"2023-01-13T10:54:45+00:00","og_image":[{"width":504,"height":504,"url":"https:\/\/www.ivinio.com\/wp-content\/uploads\/nc\/public\/modules\/file\/pictures\/4591.packbrunello500x500.jpg","type":"image\/jpeg"}],"twitter_card":"summary_large_image","twitter_misc":{"Ber\u00e4knad l\u00e4stid":"1 minut"},"schema":{"@context":"https:\/\/schema.org","@graph":[{"@type":"WebPage","@id":"https:\/\/www.ivinio.com\/sv\/produkt\/brunello-di-montalcino-blandad-vinlada-3x2-flaskor\/","url":"https:\/\/www.ivinio.com\/sv\/produkt\/brunello-di-montalcino-blandad-vinlada-3x2-flaskor\/","name":"Brunello di Montalcino - Blandad vinl\u00e5da","isPartOf":{"@id":"https:\/\/www.ivinio.com\/sv\/#website"},"primaryImageOfPage":{"@id":"https:\/\/www.ivinio.com\/sv\/produkt\/brunello-di-montalcino-blandad-vinlada-3x2-flaskor\/#primaryimage"},"image":{"@id":"https:\/\/www.ivinio.com\/sv\/produkt\/brunello-di-montalcino-blandad-vinlada-3x2-flaskor\/#primaryimage"},"thumbnailUrl":"https:\/\/www.ivinio.com\/wp-content\/uploads\/nc\/public\/modules\/file\/pictures\/4591.packbrunello500x500.jpg","datePublished":"2014-05-21T10:20:31+00:00","dateModified":"2023-01-13T10:54:45+00:00","description":"Brunello di Montalcino - Blandad vinl\u00e5da. Inneh\u00e5ller 3 exklusiva flaskor Brunello di Montalcino fr\u00e5n Casanova di Neri samt 3 flaskor fr\u00e5n San Felice's Campogiovanni.","breadcrumb":{"@id":"https:\/\/www.ivinio.com\/sv\/produkt\/brunello-di-montalcino-blandad-vinlada-3x2-flaskor\/#breadcrumb"},"inLanguage":"sv-SE","potentialAction":[{"@type":"ReadAction","target":["https:\/\/www.ivinio.com\/sv\/produkt\/brunello-di-montalcino-blandad-vinlada-3x2-flaskor\/"]}]},{"@type":"ImageObject","inLanguage":"sv-SE","@id":"https:\/\/www.ivinio.com\/sv\/produkt\/brunello-di-montalcino-blandad-vinlada-3x2-flaskor\/#primaryimage","url":"https:\/\/www.ivinio.com\/wp-content\/uploads\/nc\/public\/modules\/file\/pictures\/4591.packbrunello500x500.jpg","contentUrl":"https:\/\/www.ivinio.com\/wp-content\/uploads\/nc\/public\/modules\/file\/pictures\/4591.packbrunello500x500.jpg","width":504,"height":504},{"@type":"BreadcrumbList","@id":"https:\/\/www.ivinio.com\/sv\/produkt\/brunello-di-montalcino-blandad-vinlada-3x2-flaskor\/#breadcrumb","itemListElement":[{"@type":"ListItem","position":1,"name":"Hem","item":"https:\/\/www.ivinio.com\/sv\/"},{"@type":"ListItem","position":2,"name":"Vinbutik","item":"https:\/\/www.ivinio.com\/sv\/vinbutik\/"},{"@type":"ListItem","position":3,"name":"Brunello di Montalcino &#8211; Blandad vinl\u00e5da 3&#215;2 flaskor"}]},{"@type":"WebSite","@id":"https:\/\/www.ivinio.com\/sv\/#website","url":"https:\/\/www.ivinio.com\/sv\/","name":"IVINIO Vinbutik","description":"Vin fr\u00e5n Frankrike och Italien med leverans hem till din d\u00f6rr","publisher":{"@id":"https:\/\/www.ivinio.com\/sv\/#organization"},"potentialAction":[{"@type":"SearchAction","target":{"@type":"EntryPoint","urlTemplate":"https:\/\/www.ivinio.com\/sv\/?s={search_term_string}"},"query-input":{"@type":"PropertyValueSpecification","valueRequired":true,"valueName":"search_term_string"}}],"inLanguage":"sv-SE"},{"@type":"Organization","@id":"https:\/\/www.ivinio.com\/sv\/#organization","name":"IVINIO","url":"https:\/\/www.ivinio.com\/sv\/","logo":{"@type":"ImageObject","inLanguage":"sv-SE","@id":"https:\/\/www.ivinio.com\/sv\/#\/schema\/logo\/image\/","url":"https:\/\/www.ivinio.com\/wp-content\/uploads\/2021\/01\/Logo-Ivinio-v2.jpg","contentUrl":"https:\/\/www.ivinio.com\/wp-content\/uploads\/2021\/01\/Logo-Ivinio-v2.jpg","width":1194,"height":1194,"caption":"IVINIO"},"image":{"@id":"https:\/\/www.ivinio.com\/sv\/#\/schema\/logo\/image\/"},"sameAs":["https:\/\/www.facebook.com\/groups\/165217837022391\/?ref=bookmarks","https:\/\/www.instagram.com\/_ivinio_\/?hl=fr"]}]}},"jetpack_sharing_enabled":true,"_links":{"self":[{"href":"https:\/\/www.ivinio.com\/sv\/wp-json\/wp\/v2\/product\/117427","targetHints":{"allow":["GET"]}}],"collection":[{"href":"https:\/\/www.ivinio.com\/sv\/wp-json\/wp\/v2\/product"}],"about":[{"href":"https:\/\/www.ivinio.com\/sv\/wp-json\/wp\/v2\/types\/product"}],"replies":[{"embeddable":true,"href":"https:\/\/www.ivinio.com\/sv\/wp-json\/wp\/v2\/comments?post=117427"}],"wp:featuredmedia":[{"embeddable":true,"href":"https:\/\/www.ivinio.com\/sv\/wp-json\/wp\/v2\/media\/117428"}],"wp:attachment":[{"href":"https:\/\/www.ivinio.com\/sv\/wp-json\/wp\/v2\/media?parent=117427"}],"wp:term":[{"taxonomy":"product_brand","embeddable":true,"href":"https:\/\/www.ivinio.com\/sv\/wp-json\/wp\/v2\/product_brand?post=117427"},{"taxonomy":"product_cat","embeddable":true,"href":"https:\/\/www.ivinio.com\/sv\/wp-json\/wp\/v2\/product_cat?post=117427"},{"taxonomy":"product_tag","embeddable":true,"href":"https:\/\/www.ivinio.com\/sv\/wp-json\/wp\/v2\/product_tag?post=117427"}],"curies":[{"name":"wp","href":"https:\/\/api.w.org\/{rel}","templated":true}]}}