{"id":117413,"date":"2014-05-21T10:20:31","date_gmt":"2014-05-21T10:20:31","guid":{"rendered":"https:\/\/henrik.www.ivinio.com\/?product=casanova-di-neri-brunello-di-montalcino-2006-rod"},"modified":"2023-01-07T19:42:47","modified_gmt":"2023-01-07T18:42:47","slug":"casanova-di-neri-brunello-di-montalcino-rod","status":"publish","type":"product","link":"https:\/\/www.ivinio.com\/sv\/produkt\/casanova-di-neri-brunello-di-montalcino-rod\/","title":{"rendered":"Casanova di Neri &#8211; Brunello di Montalcino &#8211; R\u00f6d"},"content":{"rendered":"<p>Brunello di Montalcino fr\u00e5n Casanova di Neri tillverkades\u00a0f\u00f6rsta g\u00e5ngen s\u00e5 sent som\u00a01978, men har sedan snabbt gjort sig k\u00e4nt b\u00e5de lokalt i Italien och internationellt. Vinet g\u00f6rs av 100% Sangiovese (Brunello) och druvorna handplockas i slutet av september till b\u00f6rjan av oktober. Man lagrar vinet i hela 3.5 \u00e5r innan det\u00a0tappas p\u00e5 flaska och lagras sedan ytterligare 6 m\u00e5nader innan vinet g\u00e5r till f\u00f6rs\u00e4ljning.<\/p>\n","protected":false},"excerpt":{"rendered":"<p>Brunello di Montalcino fr\u00e5n\u00a0Casanova di Neri\u00a0\u00e4r ett mycket h\u00f6gkvalitativt vin fr\u00e5n Toscana som\u00a0g\u00e4rna ska\u00a0finnas i den l\u00e5ngsiktiga vinfantastens\u00a0vink\u00e4llare!<\/p>\n","protected":false},"featured_media":117414,"comment_status":"open","ping_status":"closed","template":"","meta":{"_monsterinsights_skip_tracking":false,"_monsterinsights_sitenote_active":false,"_monsterinsights_sitenote_note":"","_monsterinsights_sitenote_category":0,"_uf_show_specific_survey":0,"_uf_disable_surveys":false},"product_brand":[],"product_cat":[36590,36596],"product_tag":[],"class_list":{"0":"post-117413","1":"product","2":"type-product","3":"status-publish","4":"has-post-thumbnail","6":"product_cat-italian-wines","7":"product_cat-en-tuscany","8":"pa_alcohol-degree-14-en","9":"pa_awards-stephen-tanzer","10":"pa_awards-wine-enthusiast-en","11":"pa_awards-wine-spectator-en","12":"pa_classification-docg-brunello-di-montalcino-en","13":"pa_color-red","14":"pa_country-italy-en","15":"pa_grape-variety-sangiovese-brunello-en","16":"pa_package-1x1-en","17":"pa_package-1x6-en","18":"pa_region-tuscany-en","19":"pa_storage-potential-more-than-10-years","20":"pa_vintage-2017-en","21":"pa_volume-75-cl-en","23":"first","24":"instock","25":"taxable","26":"shipping-taxable","27":"purchasable","28":"product-type-variable"},"bundled_by":["117427"],"bundle_stock_status":"instock","bundle_stock_quantity":null,"bundle_virtual":false,"bundle_layout":"","bundle_add_to_cart_form_location":"","bundle_editable_in_cart":false,"bundle_sold_individually_context":"","bundle_item_grouping":"","bundle_min_size":"","bundle_max_size":"","bundle_price":[],"bundled_items":[],"bundle_sell_ids":[],"yoast_head":"<!-- This site is optimized with the Yoast SEO plugin v27.3 - https:\/\/yoast.com\/product\/yoast-seo-wordpress\/ -->\n<title>K\u00f6pa Casanova di Neri - Brunello di Montalcino - R\u00f6dvin - IVINIO Vinbutik<\/title>\n<meta name=\"description\" content=\"Casanova di Neri - Brunello di Montalcino-R\u00f6dvin. Ett mycket h\u00f6gkvalitativt vin fr\u00e5n Toscana som\u00a0g\u00e4rna ska\u00a0finnas i den l\u00e5ngsiktiga vinfantastens\u00a0vink\u00e4llare!\" \/>\n<meta name=\"robots\" content=\"index, follow, max-snippet:-1, max-image-preview:large, max-video-preview:-1\" \/>\n<link rel=\"canonical\" href=\"https:\/\/www.ivinio.com\/sv\/produkt\/casanova-di-neri-brunello-di-montalcino-rod\/\" \/>\n<meta property=\"og:locale\" content=\"sv_SE\" \/>\n<meta property=\"og:type\" content=\"article\" \/>\n<meta property=\"og:title\" content=\"K\u00f6pa Casanova di Neri - Brunello di Montalcino - R\u00f6dvin - IVINIO Vinbutik\" \/>\n<meta property=\"og:description\" content=\"Casanova di Neri - Brunello di Montalcino-R\u00f6dvin. Ett mycket h\u00f6gkvalitativt vin fr\u00e5n Toscana som\u00a0g\u00e4rna ska\u00a0finnas i den l\u00e5ngsiktiga vinfantastens\u00a0vink\u00e4llare!\" \/>\n<meta property=\"og:url\" content=\"https:\/\/www.ivinio.com\/sv\/produkt\/casanova-di-neri-brunello-di-montalcino-rod\/\" \/>\n<meta property=\"og:site_name\" content=\"IVINIO Vinbutik\" \/>\n<meta property=\"article:publisher\" content=\"https:\/\/www.facebook.com\/groups\/165217837022391\/?ref=bookmarks\" \/>\n<meta property=\"article:modified_time\" content=\"2023-01-07T18:42:47+00:00\" \/>\n<meta property=\"og:image\" content=\"https:\/\/www.ivinio.com\/wp-content\/uploads\/nc\/public\/modules\/file\/pictures\/5249.casanova-di-neri-ivinio-200.jpg\" \/>\n\t<meta property=\"og:image:width\" content=\"500\" \/>\n\t<meta property=\"og:image:height\" content=\"500\" \/>\n\t<meta property=\"og:image:type\" content=\"image\/jpeg\" \/>\n<meta name=\"twitter:card\" content=\"summary_large_image\" \/>\n<script type=\"application\/ld+json\" class=\"yoast-schema-graph\">{\"@context\":\"https:\\\/\\\/schema.org\",\"@graph\":[{\"@type\":\"WebPage\",\"@id\":\"https:\\\/\\\/www.ivinio.com\\\/sv\\\/produkt\\\/casanova-di-neri-brunello-di-montalcino-rod\\\/\",\"url\":\"https:\\\/\\\/www.ivinio.com\\\/sv\\\/produkt\\\/casanova-di-neri-brunello-di-montalcino-rod\\\/\",\"name\":\"K\u00f6pa Casanova di Neri - Brunello di Montalcino - R\u00f6dvin - IVINIO Vinbutik\",\"isPartOf\":{\"@id\":\"https:\\\/\\\/www.ivinio.com\\\/sv\\\/#website\"},\"primaryImageOfPage\":{\"@id\":\"https:\\\/\\\/www.ivinio.com\\\/sv\\\/produkt\\\/casanova-di-neri-brunello-di-montalcino-rod\\\/#primaryimage\"},\"image\":{\"@id\":\"https:\\\/\\\/www.ivinio.com\\\/sv\\\/produkt\\\/casanova-di-neri-brunello-di-montalcino-rod\\\/#primaryimage\"},\"thumbnailUrl\":\"https:\\\/\\\/www.ivinio.com\\\/wp-content\\\/uploads\\\/nc\\\/public\\\/modules\\\/file\\\/pictures\\\/5249.casanova-di-neri-ivinio-200.jpg\",\"datePublished\":\"2014-05-21T10:20:31+00:00\",\"dateModified\":\"2023-01-07T18:42:47+00:00\",\"description\":\"Casanova di Neri - Brunello di Montalcino-R\u00f6dvin. Ett mycket h\u00f6gkvalitativt vin fr\u00e5n Toscana som\u00a0g\u00e4rna ska\u00a0finnas i den l\u00e5ngsiktiga vinfantastens\u00a0vink\u00e4llare!\",\"breadcrumb\":{\"@id\":\"https:\\\/\\\/www.ivinio.com\\\/sv\\\/produkt\\\/casanova-di-neri-brunello-di-montalcino-rod\\\/#breadcrumb\"},\"inLanguage\":\"sv-SE\",\"potentialAction\":[{\"@type\":\"ReadAction\",\"target\":[\"https:\\\/\\\/www.ivinio.com\\\/sv\\\/produkt\\\/casanova-di-neri-brunello-di-montalcino-rod\\\/\"]}]},{\"@type\":\"ImageObject\",\"inLanguage\":\"sv-SE\",\"@id\":\"https:\\\/\\\/www.ivinio.com\\\/sv\\\/produkt\\\/casanova-di-neri-brunello-di-montalcino-rod\\\/#primaryimage\",\"url\":\"https:\\\/\\\/www.ivinio.com\\\/wp-content\\\/uploads\\\/nc\\\/public\\\/modules\\\/file\\\/pictures\\\/5249.casanova-di-neri-ivinio-200.jpg\",\"contentUrl\":\"https:\\\/\\\/www.ivinio.com\\\/wp-content\\\/uploads\\\/nc\\\/public\\\/modules\\\/file\\\/pictures\\\/5249.casanova-di-neri-ivinio-200.jpg\",\"width\":500,\"height\":500,\"caption\":\"Casanova di Neri - Brunello di Montalcino\"},{\"@type\":\"BreadcrumbList\",\"@id\":\"https:\\\/\\\/www.ivinio.com\\\/sv\\\/produkt\\\/casanova-di-neri-brunello-di-montalcino-rod\\\/#breadcrumb\",\"itemListElement\":[{\"@type\":\"ListItem\",\"position\":1,\"name\":\"Hem\",\"item\":\"https:\\\/\\\/www.ivinio.com\\\/sv\\\/\"},{\"@type\":\"ListItem\",\"position\":2,\"name\":\"Vinbutik\",\"item\":\"https:\\\/\\\/www.ivinio.com\\\/sv\\\/vinbutik\\\/\"},{\"@type\":\"ListItem\",\"position\":3,\"name\":\"Casanova di Neri &#8211; Brunello di Montalcino &#8211; R\u00f6d\"}]},{\"@type\":\"WebSite\",\"@id\":\"https:\\\/\\\/www.ivinio.com\\\/sv\\\/#website\",\"url\":\"https:\\\/\\\/www.ivinio.com\\\/sv\\\/\",\"name\":\"IVINIO Vinbutik\",\"description\":\"Vin fr\u00e5n Frankrike och Italien med leverans hem till din d\u00f6rr\",\"publisher\":{\"@id\":\"https:\\\/\\\/www.ivinio.com\\\/sv\\\/#organization\"},\"potentialAction\":[{\"@type\":\"SearchAction\",\"target\":{\"@type\":\"EntryPoint\",\"urlTemplate\":\"https:\\\/\\\/www.ivinio.com\\\/sv\\\/?s={search_term_string}\"},\"query-input\":{\"@type\":\"PropertyValueSpecification\",\"valueRequired\":true,\"valueName\":\"search_term_string\"}}],\"inLanguage\":\"sv-SE\"},{\"@type\":\"Organization\",\"@id\":\"https:\\\/\\\/www.ivinio.com\\\/sv\\\/#organization\",\"name\":\"IVINIO\",\"url\":\"https:\\\/\\\/www.ivinio.com\\\/sv\\\/\",\"logo\":{\"@type\":\"ImageObject\",\"inLanguage\":\"sv-SE\",\"@id\":\"https:\\\/\\\/www.ivinio.com\\\/sv\\\/#\\\/schema\\\/logo\\\/image\\\/\",\"url\":\"https:\\\/\\\/www.ivinio.com\\\/wp-content\\\/uploads\\\/2021\\\/01\\\/Logo-Ivinio-v2.jpg\",\"contentUrl\":\"https:\\\/\\\/www.ivinio.com\\\/wp-content\\\/uploads\\\/2021\\\/01\\\/Logo-Ivinio-v2.jpg\",\"width\":1194,\"height\":1194,\"caption\":\"IVINIO\"},\"image\":{\"@id\":\"https:\\\/\\\/www.ivinio.com\\\/sv\\\/#\\\/schema\\\/logo\\\/image\\\/\"},\"sameAs\":[\"https:\\\/\\\/www.facebook.com\\\/groups\\\/165217837022391\\\/?ref=bookmarks\",\"https:\\\/\\\/www.instagram.com\\\/_ivinio_\\\/?hl=fr\"]}]}<\/script>\n<!-- \/ Yoast SEO plugin. -->","yoast_head_json":{"title":"K\u00f6pa Casanova di Neri - Brunello di Montalcino - R\u00f6dvin - IVINIO Vinbutik","description":"Casanova di Neri - Brunello di Montalcino-R\u00f6dvin. Ett mycket h\u00f6gkvalitativt vin fr\u00e5n Toscana som\u00a0g\u00e4rna ska\u00a0finnas i den l\u00e5ngsiktiga vinfantastens\u00a0vink\u00e4llare!","robots":{"index":"index","follow":"follow","max-snippet":"max-snippet:-1","max-image-preview":"max-image-preview:large","max-video-preview":"max-video-preview:-1"},"canonical":"https:\/\/www.ivinio.com\/sv\/produkt\/casanova-di-neri-brunello-di-montalcino-rod\/","og_locale":"sv_SE","og_type":"article","og_title":"K\u00f6pa Casanova di Neri - Brunello di Montalcino - R\u00f6dvin - IVINIO Vinbutik","og_description":"Casanova di Neri - Brunello di Montalcino-R\u00f6dvin. Ett mycket h\u00f6gkvalitativt vin fr\u00e5n Toscana som\u00a0g\u00e4rna ska\u00a0finnas i den l\u00e5ngsiktiga vinfantastens\u00a0vink\u00e4llare!","og_url":"https:\/\/www.ivinio.com\/sv\/produkt\/casanova-di-neri-brunello-di-montalcino-rod\/","og_site_name":"IVINIO Vinbutik","article_publisher":"https:\/\/www.facebook.com\/groups\/165217837022391\/?ref=bookmarks","article_modified_time":"2023-01-07T18:42:47+00:00","og_image":[{"width":500,"height":500,"url":"https:\/\/www.ivinio.com\/wp-content\/uploads\/nc\/public\/modules\/file\/pictures\/5249.casanova-di-neri-ivinio-200.jpg","type":"image\/jpeg"}],"twitter_card":"summary_large_image","schema":{"@context":"https:\/\/schema.org","@graph":[{"@type":"WebPage","@id":"https:\/\/www.ivinio.com\/sv\/produkt\/casanova-di-neri-brunello-di-montalcino-rod\/","url":"https:\/\/www.ivinio.com\/sv\/produkt\/casanova-di-neri-brunello-di-montalcino-rod\/","name":"K\u00f6pa Casanova di Neri - Brunello di Montalcino - R\u00f6dvin - IVINIO Vinbutik","isPartOf":{"@id":"https:\/\/www.ivinio.com\/sv\/#website"},"primaryImageOfPage":{"@id":"https:\/\/www.ivinio.com\/sv\/produkt\/casanova-di-neri-brunello-di-montalcino-rod\/#primaryimage"},"image":{"@id":"https:\/\/www.ivinio.com\/sv\/produkt\/casanova-di-neri-brunello-di-montalcino-rod\/#primaryimage"},"thumbnailUrl":"https:\/\/www.ivinio.com\/wp-content\/uploads\/nc\/public\/modules\/file\/pictures\/5249.casanova-di-neri-ivinio-200.jpg","datePublished":"2014-05-21T10:20:31+00:00","dateModified":"2023-01-07T18:42:47+00:00","description":"Casanova di Neri - Brunello di Montalcino-R\u00f6dvin. Ett mycket h\u00f6gkvalitativt vin fr\u00e5n Toscana som\u00a0g\u00e4rna ska\u00a0finnas i den l\u00e5ngsiktiga vinfantastens\u00a0vink\u00e4llare!","breadcrumb":{"@id":"https:\/\/www.ivinio.com\/sv\/produkt\/casanova-di-neri-brunello-di-montalcino-rod\/#breadcrumb"},"inLanguage":"sv-SE","potentialAction":[{"@type":"ReadAction","target":["https:\/\/www.ivinio.com\/sv\/produkt\/casanova-di-neri-brunello-di-montalcino-rod\/"]}]},{"@type":"ImageObject","inLanguage":"sv-SE","@id":"https:\/\/www.ivinio.com\/sv\/produkt\/casanova-di-neri-brunello-di-montalcino-rod\/#primaryimage","url":"https:\/\/www.ivinio.com\/wp-content\/uploads\/nc\/public\/modules\/file\/pictures\/5249.casanova-di-neri-ivinio-200.jpg","contentUrl":"https:\/\/www.ivinio.com\/wp-content\/uploads\/nc\/public\/modules\/file\/pictures\/5249.casanova-di-neri-ivinio-200.jpg","width":500,"height":500,"caption":"Casanova di Neri - Brunello di Montalcino"},{"@type":"BreadcrumbList","@id":"https:\/\/www.ivinio.com\/sv\/produkt\/casanova-di-neri-brunello-di-montalcino-rod\/#breadcrumb","itemListElement":[{"@type":"ListItem","position":1,"name":"Hem","item":"https:\/\/www.ivinio.com\/sv\/"},{"@type":"ListItem","position":2,"name":"Vinbutik","item":"https:\/\/www.ivinio.com\/sv\/vinbutik\/"},{"@type":"ListItem","position":3,"name":"Casanova di Neri &#8211; Brunello di Montalcino &#8211; R\u00f6d"}]},{"@type":"WebSite","@id":"https:\/\/www.ivinio.com\/sv\/#website","url":"https:\/\/www.ivinio.com\/sv\/","name":"IVINIO Vinbutik","description":"Vin fr\u00e5n Frankrike och Italien med leverans hem till din d\u00f6rr","publisher":{"@id":"https:\/\/www.ivinio.com\/sv\/#organization"},"potentialAction":[{"@type":"SearchAction","target":{"@type":"EntryPoint","urlTemplate":"https:\/\/www.ivinio.com\/sv\/?s={search_term_string}"},"query-input":{"@type":"PropertyValueSpecification","valueRequired":true,"valueName":"search_term_string"}}],"inLanguage":"sv-SE"},{"@type":"Organization","@id":"https:\/\/www.ivinio.com\/sv\/#organization","name":"IVINIO","url":"https:\/\/www.ivinio.com\/sv\/","logo":{"@type":"ImageObject","inLanguage":"sv-SE","@id":"https:\/\/www.ivinio.com\/sv\/#\/schema\/logo\/image\/","url":"https:\/\/www.ivinio.com\/wp-content\/uploads\/2021\/01\/Logo-Ivinio-v2.jpg","contentUrl":"https:\/\/www.ivinio.com\/wp-content\/uploads\/2021\/01\/Logo-Ivinio-v2.jpg","width":1194,"height":1194,"caption":"IVINIO"},"image":{"@id":"https:\/\/www.ivinio.com\/sv\/#\/schema\/logo\/image\/"},"sameAs":["https:\/\/www.facebook.com\/groups\/165217837022391\/?ref=bookmarks","https:\/\/www.instagram.com\/_ivinio_\/?hl=fr"]}]}},"jetpack_sharing_enabled":true,"_links":{"self":[{"href":"https:\/\/www.ivinio.com\/sv\/wp-json\/wp\/v2\/product\/117413","targetHints":{"allow":["GET"]}}],"collection":[{"href":"https:\/\/www.ivinio.com\/sv\/wp-json\/wp\/v2\/product"}],"about":[{"href":"https:\/\/www.ivinio.com\/sv\/wp-json\/wp\/v2\/types\/product"}],"replies":[{"embeddable":true,"href":"https:\/\/www.ivinio.com\/sv\/wp-json\/wp\/v2\/comments?post=117413"}],"wp:featuredmedia":[{"embeddable":true,"href":"https:\/\/www.ivinio.com\/sv\/wp-json\/wp\/v2\/media\/117414"}],"wp:attachment":[{"href":"https:\/\/www.ivinio.com\/sv\/wp-json\/wp\/v2\/media?parent=117413"}],"wp:term":[{"taxonomy":"product_brand","embeddable":true,"href":"https:\/\/www.ivinio.com\/sv\/wp-json\/wp\/v2\/product_brand?post=117413"},{"taxonomy":"product_cat","embeddable":true,"href":"https:\/\/www.ivinio.com\/sv\/wp-json\/wp\/v2\/product_cat?post=117413"},{"taxonomy":"product_tag","embeddable":true,"href":"https:\/\/www.ivinio.com\/sv\/wp-json\/wp\/v2\/product_tag?post=117413"}],"curies":[{"name":"wp","href":"https:\/\/api.w.org\/{rel}","templated":true}]}}