{"id":117400,"date":"2014-05-21T10:20:31","date_gmt":"2014-05-21T10:20:31","guid":{"rendered":"https:\/\/henrik.www.ivinio.com\/?product=campogiovanni-san-felice-brunello-di-montalcino-2012-rod"},"modified":"2025-12-02T14:39:54","modified_gmt":"2025-12-02T13:39:54","slug":"campogiovanni-san-felice-brunello-di-montalcino-rod","status":"publish","type":"product","link":"https:\/\/www.ivinio.com\/sv\/produkt\/campogiovanni-san-felice-brunello-di-montalcino-rod\/","title":{"rendered":"Campogiovanni San Felice &#8211; Brunello di Montalcino &#8211; R\u00f6d"},"content":{"rendered":"<p>Brunello di Montalcino \u00e4r det mest prestigefyllda vinet fr\u00e5n Toscana. Det g\u00f6rs av 100% sangiovesedruvor (Brunello). Campogiovannis Brunello odlas 250-300 meter \u00f6ver havet p\u00e5 vinrankor som\u00a0\u00e4r mellan 5-45 \u00e5r gamla. Det f\u00e4rdiga vinet lagras 36 m\u00e5nader p\u00e5 slovenska ekfat f\u00f6ljt av \u00e4nnu ett \u00e5rs lagring p\u00e5 flaska innan vinets kommersialiseras. Detta trots att lagen f\u00f6r Brunellotillverkning inte kr\u00e4ver mer \u00e4n 2 \u00e5rs lagring p\u00e5 ekfat och sedan 4 m\u00e5naders lagring\u00a0p\u00e5 flaska.<\/p>\n","protected":false},"excerpt":{"rendered":"<p>Brunello di Montalcino fr\u00e5n Campogiovanni\u00a0tillh\u00f6r ett av de b\u00e4ttre och\u00a0mest\u00a0prestigefyllda Toscanavinerna. Ett erbjudande som passar den riktiga vinfantasten!<\/p>\n","protected":false},"featured_media":117401,"comment_status":"open","ping_status":"closed","template":"","meta":{"_monsterinsights_skip_tracking":false,"_monsterinsights_sitenote_active":false,"_monsterinsights_sitenote_note":"","_monsterinsights_sitenote_category":0,"_uf_show_specific_survey":0,"_uf_disable_surveys":false},"product_brand":[],"product_cat":[36591,36597],"product_tag":[],"class_list":{"0":"post-117400","1":"product","2":"type-product","3":"status-publish","4":"has-post-thumbnail","6":"product_cat-italienska-viner","7":"product_cat-sv-toscana","8":"pa_alcohol-degree-14-5-sv","9":"pa_classification-docg-brunello-di-montalcino-sv","10":"pa_color-rod-sv","11":"pa_country-italien-sv","12":"pa_grape-variety-sangiovese-brunello-sv","13":"pa_package-1x1-sv","14":"pa_package-1x6-sv","15":"pa_region-toscana-sv","16":"pa_storage-potential-mer-an-10-ar-sv","17":"pa_vintage-2012-sv","18":"pa_volume-75-cl-sv","20":"first","21":"instock","22":"taxable","23":"shipping-taxable","24":"purchasable","25":"product-type-variable"},"bundled_by":["117427"],"bundle_stock_status":"instock","bundle_stock_quantity":null,"bundle_virtual":false,"bundle_layout":"","bundle_add_to_cart_form_location":"","bundle_editable_in_cart":false,"bundle_sold_individually_context":"","bundle_item_grouping":"","bundle_min_size":"","bundle_max_size":"","bundle_price":[],"bundled_items":[],"bundle_sell_ids":[],"yoast_head":"<!-- This site is optimized with the Yoast SEO plugin v27.4 - https:\/\/yoast.com\/product\/yoast-seo-wordpress\/ -->\n<title>K\u00f6pa Campogiovanni San Felice - Brunello di Montalcino - IVINIO Vinbutik<\/title>\n<meta name=\"description\" content=\"K\u00f6pa Campogiovanni San Felice - Brunello di Montalcino. Ett r\u00f6dvin fr\u00e5n Campogiovanni i Toscana, bland de mest prestigefyllda i v\u00e4rlden !\" \/>\n<meta name=\"robots\" content=\"index, follow, max-snippet:-1, max-image-preview:large, max-video-preview:-1\" \/>\n<link rel=\"canonical\" href=\"https:\/\/www.ivinio.com\/sv\/produkt\/campogiovanni-san-felice-brunello-di-montalcino-rod\/\" \/>\n<meta property=\"og:locale\" content=\"sv_SE\" \/>\n<meta property=\"og:type\" content=\"article\" \/>\n<meta property=\"og:title\" content=\"K\u00f6pa Campogiovanni San Felice - Brunello di Montalcino - IVINIO Vinbutik\" \/>\n<meta property=\"og:description\" content=\"K\u00f6pa Campogiovanni San Felice - Brunello di Montalcino. Ett r\u00f6dvin fr\u00e5n Campogiovanni i Toscana, bland de mest prestigefyllda i v\u00e4rlden !\" \/>\n<meta property=\"og:url\" content=\"https:\/\/www.ivinio.com\/sv\/produkt\/campogiovanni-san-felice-brunello-di-montalcino-rod\/\" \/>\n<meta property=\"og:site_name\" content=\"IVINIO Vinbutik\" \/>\n<meta property=\"article:publisher\" content=\"https:\/\/www.facebook.com\/groups\/165217837022391\/?ref=bookmarks\" \/>\n<meta property=\"article:modified_time\" content=\"2025-12-02T13:39:54+00:00\" \/>\n<meta property=\"og:image\" content=\"https:\/\/www.ivinio.com\/wp-content\/uploads\/nc\/public\/modules\/file\/pictures\/4828.sanfelicecampogiovanni500x5.jpg\" \/>\n\t<meta property=\"og:image:width\" content=\"500\" \/>\n\t<meta property=\"og:image:height\" content=\"500\" \/>\n\t<meta property=\"og:image:type\" content=\"image\/jpeg\" \/>\n<meta name=\"twitter:card\" content=\"summary_large_image\" \/>\n<meta name=\"twitter:label1\" content=\"Ber\u00e4knad l\u00e4stid\" \/>\n\t<meta name=\"twitter:data1\" content=\"1 minut\" \/>\n<script type=\"application\/ld+json\" class=\"yoast-schema-graph\">{\"@context\":\"https:\\\/\\\/schema.org\",\"@graph\":[{\"@type\":\"WebPage\",\"@id\":\"https:\\\/\\\/www.ivinio.com\\\/sv\\\/produkt\\\/campogiovanni-san-felice-brunello-di-montalcino-rod\\\/\",\"url\":\"https:\\\/\\\/www.ivinio.com\\\/sv\\\/produkt\\\/campogiovanni-san-felice-brunello-di-montalcino-rod\\\/\",\"name\":\"K\u00f6pa Campogiovanni San Felice - Brunello di Montalcino - IVINIO Vinbutik\",\"isPartOf\":{\"@id\":\"https:\\\/\\\/www.ivinio.com\\\/sv\\\/#website\"},\"primaryImageOfPage\":{\"@id\":\"https:\\\/\\\/www.ivinio.com\\\/sv\\\/produkt\\\/campogiovanni-san-felice-brunello-di-montalcino-rod\\\/#primaryimage\"},\"image\":{\"@id\":\"https:\\\/\\\/www.ivinio.com\\\/sv\\\/produkt\\\/campogiovanni-san-felice-brunello-di-montalcino-rod\\\/#primaryimage\"},\"thumbnailUrl\":\"https:\\\/\\\/www.ivinio.com\\\/wp-content\\\/uploads\\\/nc\\\/public\\\/modules\\\/file\\\/pictures\\\/4828.sanfelicecampogiovanni500x5.jpg\",\"datePublished\":\"2014-05-21T10:20:31+00:00\",\"dateModified\":\"2025-12-02T13:39:54+00:00\",\"description\":\"K\u00f6pa Campogiovanni San Felice - Brunello di Montalcino. Ett r\u00f6dvin fr\u00e5n Campogiovanni i Toscana, bland de mest prestigefyllda i v\u00e4rlden !\",\"breadcrumb\":{\"@id\":\"https:\\\/\\\/www.ivinio.com\\\/sv\\\/produkt\\\/campogiovanni-san-felice-brunello-di-montalcino-rod\\\/#breadcrumb\"},\"inLanguage\":\"sv-SE\",\"potentialAction\":[{\"@type\":\"ReadAction\",\"target\":[\"https:\\\/\\\/www.ivinio.com\\\/sv\\\/produkt\\\/campogiovanni-san-felice-brunello-di-montalcino-rod\\\/\"]}]},{\"@type\":\"ImageObject\",\"inLanguage\":\"sv-SE\",\"@id\":\"https:\\\/\\\/www.ivinio.com\\\/sv\\\/produkt\\\/campogiovanni-san-felice-brunello-di-montalcino-rod\\\/#primaryimage\",\"url\":\"https:\\\/\\\/www.ivinio.com\\\/wp-content\\\/uploads\\\/nc\\\/public\\\/modules\\\/file\\\/pictures\\\/4828.sanfelicecampogiovanni500x5.jpg\",\"contentUrl\":\"https:\\\/\\\/www.ivinio.com\\\/wp-content\\\/uploads\\\/nc\\\/public\\\/modules\\\/file\\\/pictures\\\/4828.sanfelicecampogiovanni500x5.jpg\",\"width\":500,\"height\":500,\"caption\":\"Campogiovanni San Felice - Brunello di Montalcino\"},{\"@type\":\"BreadcrumbList\",\"@id\":\"https:\\\/\\\/www.ivinio.com\\\/sv\\\/produkt\\\/campogiovanni-san-felice-brunello-di-montalcino-rod\\\/#breadcrumb\",\"itemListElement\":[{\"@type\":\"ListItem\",\"position\":1,\"name\":\"Hem\",\"item\":\"https:\\\/\\\/www.ivinio.com\\\/sv\\\/\"},{\"@type\":\"ListItem\",\"position\":2,\"name\":\"Vinbutik\",\"item\":\"https:\\\/\\\/www.ivinio.com\\\/sv\\\/vinbutik\\\/\"},{\"@type\":\"ListItem\",\"position\":3,\"name\":\"Campogiovanni San Felice &#8211; Brunello di Montalcino &#8211; R\u00f6d\"}]},{\"@type\":\"WebSite\",\"@id\":\"https:\\\/\\\/www.ivinio.com\\\/sv\\\/#website\",\"url\":\"https:\\\/\\\/www.ivinio.com\\\/sv\\\/\",\"name\":\"IVINIO Vinbutik\",\"description\":\"Vin fr\u00e5n Frankrike och Italien med leverans hem till din d\u00f6rr\",\"publisher\":{\"@id\":\"https:\\\/\\\/www.ivinio.com\\\/sv\\\/#organization\"},\"potentialAction\":[{\"@type\":\"SearchAction\",\"target\":{\"@type\":\"EntryPoint\",\"urlTemplate\":\"https:\\\/\\\/www.ivinio.com\\\/sv\\\/?s={search_term_string}\"},\"query-input\":{\"@type\":\"PropertyValueSpecification\",\"valueRequired\":true,\"valueName\":\"search_term_string\"}}],\"inLanguage\":\"sv-SE\"},{\"@type\":\"Organization\",\"@id\":\"https:\\\/\\\/www.ivinio.com\\\/sv\\\/#organization\",\"name\":\"IVINIO\",\"url\":\"https:\\\/\\\/www.ivinio.com\\\/sv\\\/\",\"logo\":{\"@type\":\"ImageObject\",\"inLanguage\":\"sv-SE\",\"@id\":\"https:\\\/\\\/www.ivinio.com\\\/sv\\\/#\\\/schema\\\/logo\\\/image\\\/\",\"url\":\"https:\\\/\\\/www.ivinio.com\\\/wp-content\\\/uploads\\\/2021\\\/01\\\/Logo-Ivinio-v2.jpg\",\"contentUrl\":\"https:\\\/\\\/www.ivinio.com\\\/wp-content\\\/uploads\\\/2021\\\/01\\\/Logo-Ivinio-v2.jpg\",\"width\":1194,\"height\":1194,\"caption\":\"IVINIO\"},\"image\":{\"@id\":\"https:\\\/\\\/www.ivinio.com\\\/sv\\\/#\\\/schema\\\/logo\\\/image\\\/\"},\"sameAs\":[\"https:\\\/\\\/www.facebook.com\\\/groups\\\/165217837022391\\\/?ref=bookmarks\",\"https:\\\/\\\/www.instagram.com\\\/_ivinio_\\\/?hl=fr\"]}]}<\/script>\n<!-- \/ Yoast SEO plugin. -->","yoast_head_json":{"title":"K\u00f6pa Campogiovanni San Felice - Brunello di Montalcino - IVINIO Vinbutik","description":"K\u00f6pa Campogiovanni San Felice - Brunello di Montalcino. Ett r\u00f6dvin fr\u00e5n Campogiovanni i Toscana, bland de mest prestigefyllda i v\u00e4rlden !","robots":{"index":"index","follow":"follow","max-snippet":"max-snippet:-1","max-image-preview":"max-image-preview:large","max-video-preview":"max-video-preview:-1"},"canonical":"https:\/\/www.ivinio.com\/sv\/produkt\/campogiovanni-san-felice-brunello-di-montalcino-rod\/","og_locale":"sv_SE","og_type":"article","og_title":"K\u00f6pa Campogiovanni San Felice - Brunello di Montalcino - IVINIO Vinbutik","og_description":"K\u00f6pa Campogiovanni San Felice - Brunello di Montalcino. Ett r\u00f6dvin fr\u00e5n Campogiovanni i Toscana, bland de mest prestigefyllda i v\u00e4rlden !","og_url":"https:\/\/www.ivinio.com\/sv\/produkt\/campogiovanni-san-felice-brunello-di-montalcino-rod\/","og_site_name":"IVINIO Vinbutik","article_publisher":"https:\/\/www.facebook.com\/groups\/165217837022391\/?ref=bookmarks","article_modified_time":"2025-12-02T13:39:54+00:00","og_image":[{"width":500,"height":500,"url":"https:\/\/www.ivinio.com\/wp-content\/uploads\/nc\/public\/modules\/file\/pictures\/4828.sanfelicecampogiovanni500x5.jpg","type":"image\/jpeg"}],"twitter_card":"summary_large_image","twitter_misc":{"Ber\u00e4knad l\u00e4stid":"1 minut"},"schema":{"@context":"https:\/\/schema.org","@graph":[{"@type":"WebPage","@id":"https:\/\/www.ivinio.com\/sv\/produkt\/campogiovanni-san-felice-brunello-di-montalcino-rod\/","url":"https:\/\/www.ivinio.com\/sv\/produkt\/campogiovanni-san-felice-brunello-di-montalcino-rod\/","name":"K\u00f6pa Campogiovanni San Felice - Brunello di Montalcino - IVINIO Vinbutik","isPartOf":{"@id":"https:\/\/www.ivinio.com\/sv\/#website"},"primaryImageOfPage":{"@id":"https:\/\/www.ivinio.com\/sv\/produkt\/campogiovanni-san-felice-brunello-di-montalcino-rod\/#primaryimage"},"image":{"@id":"https:\/\/www.ivinio.com\/sv\/produkt\/campogiovanni-san-felice-brunello-di-montalcino-rod\/#primaryimage"},"thumbnailUrl":"https:\/\/www.ivinio.com\/wp-content\/uploads\/nc\/public\/modules\/file\/pictures\/4828.sanfelicecampogiovanni500x5.jpg","datePublished":"2014-05-21T10:20:31+00:00","dateModified":"2025-12-02T13:39:54+00:00","description":"K\u00f6pa Campogiovanni San Felice - Brunello di Montalcino. Ett r\u00f6dvin fr\u00e5n Campogiovanni i Toscana, bland de mest prestigefyllda i v\u00e4rlden !","breadcrumb":{"@id":"https:\/\/www.ivinio.com\/sv\/produkt\/campogiovanni-san-felice-brunello-di-montalcino-rod\/#breadcrumb"},"inLanguage":"sv-SE","potentialAction":[{"@type":"ReadAction","target":["https:\/\/www.ivinio.com\/sv\/produkt\/campogiovanni-san-felice-brunello-di-montalcino-rod\/"]}]},{"@type":"ImageObject","inLanguage":"sv-SE","@id":"https:\/\/www.ivinio.com\/sv\/produkt\/campogiovanni-san-felice-brunello-di-montalcino-rod\/#primaryimage","url":"https:\/\/www.ivinio.com\/wp-content\/uploads\/nc\/public\/modules\/file\/pictures\/4828.sanfelicecampogiovanni500x5.jpg","contentUrl":"https:\/\/www.ivinio.com\/wp-content\/uploads\/nc\/public\/modules\/file\/pictures\/4828.sanfelicecampogiovanni500x5.jpg","width":500,"height":500,"caption":"Campogiovanni San Felice - Brunello di Montalcino"},{"@type":"BreadcrumbList","@id":"https:\/\/www.ivinio.com\/sv\/produkt\/campogiovanni-san-felice-brunello-di-montalcino-rod\/#breadcrumb","itemListElement":[{"@type":"ListItem","position":1,"name":"Hem","item":"https:\/\/www.ivinio.com\/sv\/"},{"@type":"ListItem","position":2,"name":"Vinbutik","item":"https:\/\/www.ivinio.com\/sv\/vinbutik\/"},{"@type":"ListItem","position":3,"name":"Campogiovanni San Felice &#8211; Brunello di Montalcino &#8211; R\u00f6d"}]},{"@type":"WebSite","@id":"https:\/\/www.ivinio.com\/sv\/#website","url":"https:\/\/www.ivinio.com\/sv\/","name":"IVINIO Vinbutik","description":"Vin fr\u00e5n Frankrike och Italien med leverans hem till din d\u00f6rr","publisher":{"@id":"https:\/\/www.ivinio.com\/sv\/#organization"},"potentialAction":[{"@type":"SearchAction","target":{"@type":"EntryPoint","urlTemplate":"https:\/\/www.ivinio.com\/sv\/?s={search_term_string}"},"query-input":{"@type":"PropertyValueSpecification","valueRequired":true,"valueName":"search_term_string"}}],"inLanguage":"sv-SE"},{"@type":"Organization","@id":"https:\/\/www.ivinio.com\/sv\/#organization","name":"IVINIO","url":"https:\/\/www.ivinio.com\/sv\/","logo":{"@type":"ImageObject","inLanguage":"sv-SE","@id":"https:\/\/www.ivinio.com\/sv\/#\/schema\/logo\/image\/","url":"https:\/\/www.ivinio.com\/wp-content\/uploads\/2021\/01\/Logo-Ivinio-v2.jpg","contentUrl":"https:\/\/www.ivinio.com\/wp-content\/uploads\/2021\/01\/Logo-Ivinio-v2.jpg","width":1194,"height":1194,"caption":"IVINIO"},"image":{"@id":"https:\/\/www.ivinio.com\/sv\/#\/schema\/logo\/image\/"},"sameAs":["https:\/\/www.facebook.com\/groups\/165217837022391\/?ref=bookmarks","https:\/\/www.instagram.com\/_ivinio_\/?hl=fr"]}]}},"jetpack_sharing_enabled":true,"_links":{"self":[{"href":"https:\/\/www.ivinio.com\/sv\/wp-json\/wp\/v2\/product\/117400","targetHints":{"allow":["GET"]}}],"collection":[{"href":"https:\/\/www.ivinio.com\/sv\/wp-json\/wp\/v2\/product"}],"about":[{"href":"https:\/\/www.ivinio.com\/sv\/wp-json\/wp\/v2\/types\/product"}],"replies":[{"embeddable":true,"href":"https:\/\/www.ivinio.com\/sv\/wp-json\/wp\/v2\/comments?post=117400"}],"wp:featuredmedia":[{"embeddable":true,"href":"https:\/\/www.ivinio.com\/sv\/wp-json\/wp\/v2\/media\/117401"}],"wp:attachment":[{"href":"https:\/\/www.ivinio.com\/sv\/wp-json\/wp\/v2\/media?parent=117400"}],"wp:term":[{"taxonomy":"product_brand","embeddable":true,"href":"https:\/\/www.ivinio.com\/sv\/wp-json\/wp\/v2\/product_brand?post=117400"},{"taxonomy":"product_cat","embeddable":true,"href":"https:\/\/www.ivinio.com\/sv\/wp-json\/wp\/v2\/product_cat?post=117400"},{"taxonomy":"product_tag","embeddable":true,"href":"https:\/\/www.ivinio.com\/sv\/wp-json\/wp\/v2\/product_tag?post=117400"}],"curies":[{"name":"wp","href":"https:\/\/api.w.org\/{rel}","templated":true}]}}