{"id":117380,"date":"2014-05-21T10:20:31","date_gmt":"2014-05-21T10:20:31","guid":{"rendered":"https:\/\/henrik.www.ivinio.com\/?product=nicolas-feuillatte-brut-rose"},"modified":"2025-06-21T16:32:36","modified_gmt":"2025-06-21T14:32:36","slug":"nicolas-feuillatte-brut-rose","status":"publish","type":"product","link":"https:\/\/www.ivinio.com\/sv\/produkt\/nicolas-feuillatte-brut-rose\/","title":{"rendered":"Nicolas Feuillatte &#8211; Grande R\u00e9serve Ros\u00e9"},"content":{"rendered":"<p>Nicolas Feuillatte Grande R\u00e9serve Ros\u00e9 \u00e4r en kvalitetschampagne som lagrats 3 \u00e5r. Vinet \u00e4r gjort av 10 % Chardonnay,\u00a0 45 % Pinot Meunier och 45 % Pinot Noirdruvor. 100 olika viner ing\u00e5r i kompositionen f\u00f6r att garantera den unika smaken \u00e5r efter \u00e5r. Det speciella med ros\u00e9champagnen \u00e4r att den framst\u00e4lls av 1\/5-del r\u00f6dvin fr\u00e5n Pinotdruvorna som ing\u00e5r i kompositionen. Detta bidrar till att ge vinet sin vackra rosa f\u00e4rg.<\/p>\n","protected":false},"excerpt":{"rendered":"<p>Nicolas Feuillate Grande R\u00e9serve Ros\u00e9 \u00e4r en v\u00e4lbalanserad och fruktig ros\u00e9champagne med aromer av bl\u00e5b\u00e4r, svarta vinb\u00e4r och hallon. Smaken \u00e4r mjuk och elegant.<\/p>\n","protected":false},"featured_media":122784,"comment_status":"open","ping_status":"closed","template":"","meta":{"_monsterinsights_skip_tracking":false,"_monsterinsights_sitenote_active":false,"_monsterinsights_sitenote_note":"","_monsterinsights_sitenote_category":0,"_uf_show_specific_survey":0,"_uf_disable_surveys":false},"product_brand":[],"product_cat":[36614,36587],"product_tag":[],"class_list":{"0":"post-117380","1":"product","2":"type-product","3":"status-publish","4":"has-post-thumbnail","6":"product_cat-en-champagne","7":"product_cat-french-wines","8":"pa_alcohol-degree-12-en","9":"pa_awards-decanter","10":"pa_awards-wine-enthusiast-en","11":"pa_awards-wine-spectator-en","12":"pa_classification-aop-champagne-en","13":"pa_color-sparkling-en","14":"pa_country-france-en","15":"pa_grape-variety-chardonnay-en","16":"pa_grape-variety-pinot-meunier-en","17":"pa_grape-variety-pinot-noir","18":"pa_package-1x1-en","19":"pa_package-1x6-en","20":"pa_region-champagne","21":"pa_storage-potential-3-years-en","22":"pa_volume-75-cl-en","24":"first","25":"instock","26":"taxable","27":"shipping-taxable","28":"purchasable","29":"product-type-variable"},"bundled_by":[],"bundle_stock_status":"instock","bundle_stock_quantity":null,"bundle_virtual":false,"bundle_layout":"","bundle_add_to_cart_form_location":"","bundle_editable_in_cart":false,"bundle_sold_individually_context":"","bundle_item_grouping":"","bundle_min_size":"","bundle_max_size":"","bundle_price":[],"bundled_items":[],"bundle_sell_ids":[],"yoast_head":"<!-- This site is optimized with the Yoast SEO plugin v27.3 - https:\/\/yoast.com\/product\/yoast-seo-wordpress\/ -->\n<title>Nicolas Feuillatte - Grande R\u00e9serve Ros\u00e9 - IVINIO Vinbutik<\/title>\n<meta name=\"description\" content=\"Nicolas Feuillatte - Grande R\u00e9serve Ros\u00e9. En v\u00e4lbalanserad och fruktig ros\u00e9champagne med aromer av bl\u00e5b\u00e4r, svarta vinb\u00e4r och hallon.\" \/>\n<meta name=\"robots\" content=\"index, follow, max-snippet:-1, max-image-preview:large, max-video-preview:-1\" \/>\n<link rel=\"canonical\" href=\"https:\/\/www.ivinio.com\/sv\/produkt\/nicolas-feuillatte-brut-rose\/\" \/>\n<meta property=\"og:locale\" content=\"sv_SE\" \/>\n<meta property=\"og:type\" content=\"article\" \/>\n<meta property=\"og:title\" content=\"Nicolas Feuillatte - Grande R\u00e9serve Ros\u00e9 - IVINIO Vinbutik\" \/>\n<meta property=\"og:description\" content=\"Nicolas Feuillatte - Grande R\u00e9serve Ros\u00e9. En v\u00e4lbalanserad och fruktig ros\u00e9champagne med aromer av bl\u00e5b\u00e4r, svarta vinb\u00e4r och hallon.\" \/>\n<meta property=\"og:url\" content=\"https:\/\/www.ivinio.com\/sv\/produkt\/nicolas-feuillatte-brut-rose\/\" \/>\n<meta property=\"og:site_name\" content=\"IVINIO Vinbutik\" \/>\n<meta property=\"article:publisher\" content=\"https:\/\/www.facebook.com\/groups\/165217837022391\/?ref=bookmarks\" \/>\n<meta property=\"article:modified_time\" content=\"2025-06-21T14:32:36+00:00\" \/>\n<meta property=\"og:image\" content=\"https:\/\/www.ivinio.com\/wp-content\/uploads\/2014\/05\/Nicolas-Feuillatte-Grande-Reserve-Brut-rose-IVINIO.jpg\" \/>\n\t<meta property=\"og:image:width\" content=\"600\" \/>\n\t<meta property=\"og:image:height\" content=\"600\" \/>\n\t<meta property=\"og:image:type\" content=\"image\/jpeg\" \/>\n<meta name=\"twitter:card\" content=\"summary_large_image\" \/>\n<meta name=\"twitter:label1\" content=\"Ber\u00e4knad l\u00e4stid\" \/>\n\t<meta name=\"twitter:data1\" content=\"1 minut\" \/>\n<script type=\"application\/ld+json\" class=\"yoast-schema-graph\">{\"@context\":\"https:\\\/\\\/schema.org\",\"@graph\":[{\"@type\":\"WebPage\",\"@id\":\"https:\\\/\\\/www.ivinio.com\\\/sv\\\/produkt\\\/nicolas-feuillatte-brut-rose\\\/\",\"url\":\"https:\\\/\\\/www.ivinio.com\\\/sv\\\/produkt\\\/nicolas-feuillatte-brut-rose\\\/\",\"name\":\"Nicolas Feuillatte - Grande R\u00e9serve Ros\u00e9 - IVINIO Vinbutik\",\"isPartOf\":{\"@id\":\"https:\\\/\\\/www.ivinio.com\\\/sv\\\/#website\"},\"primaryImageOfPage\":{\"@id\":\"https:\\\/\\\/www.ivinio.com\\\/sv\\\/produkt\\\/nicolas-feuillatte-brut-rose\\\/#primaryimage\"},\"image\":{\"@id\":\"https:\\\/\\\/www.ivinio.com\\\/sv\\\/produkt\\\/nicolas-feuillatte-brut-rose\\\/#primaryimage\"},\"thumbnailUrl\":\"https:\\\/\\\/www.ivinio.com\\\/wp-content\\\/uploads\\\/2014\\\/05\\\/Nicolas-Feuillatte-Grande-Reserve-Brut-rose-IVINIO.jpg\",\"datePublished\":\"2014-05-21T10:20:31+00:00\",\"dateModified\":\"2025-06-21T14:32:36+00:00\",\"description\":\"Nicolas Feuillatte - Grande R\u00e9serve Ros\u00e9. En v\u00e4lbalanserad och fruktig ros\u00e9champagne med aromer av bl\u00e5b\u00e4r, svarta vinb\u00e4r och hallon.\",\"breadcrumb\":{\"@id\":\"https:\\\/\\\/www.ivinio.com\\\/sv\\\/produkt\\\/nicolas-feuillatte-brut-rose\\\/#breadcrumb\"},\"inLanguage\":\"sv-SE\",\"potentialAction\":[{\"@type\":\"ReadAction\",\"target\":[\"https:\\\/\\\/www.ivinio.com\\\/sv\\\/produkt\\\/nicolas-feuillatte-brut-rose\\\/\"]}]},{\"@type\":\"ImageObject\",\"inLanguage\":\"sv-SE\",\"@id\":\"https:\\\/\\\/www.ivinio.com\\\/sv\\\/produkt\\\/nicolas-feuillatte-brut-rose\\\/#primaryimage\",\"url\":\"https:\\\/\\\/www.ivinio.com\\\/wp-content\\\/uploads\\\/2014\\\/05\\\/Nicolas-Feuillatte-Grande-Reserve-Brut-rose-IVINIO.jpg\",\"contentUrl\":\"https:\\\/\\\/www.ivinio.com\\\/wp-content\\\/uploads\\\/2014\\\/05\\\/Nicolas-Feuillatte-Grande-Reserve-Brut-rose-IVINIO.jpg\",\"width\":600,\"height\":600},{\"@type\":\"BreadcrumbList\",\"@id\":\"https:\\\/\\\/www.ivinio.com\\\/sv\\\/produkt\\\/nicolas-feuillatte-brut-rose\\\/#breadcrumb\",\"itemListElement\":[{\"@type\":\"ListItem\",\"position\":1,\"name\":\"Hem\",\"item\":\"https:\\\/\\\/www.ivinio.com\\\/sv\\\/\"},{\"@type\":\"ListItem\",\"position\":2,\"name\":\"Vinbutik\",\"item\":\"https:\\\/\\\/www.ivinio.com\\\/sv\\\/vinbutik\\\/\"},{\"@type\":\"ListItem\",\"position\":3,\"name\":\"Nicolas Feuillatte &#8211; Grande R\u00e9serve Ros\u00e9\"}]},{\"@type\":\"WebSite\",\"@id\":\"https:\\\/\\\/www.ivinio.com\\\/sv\\\/#website\",\"url\":\"https:\\\/\\\/www.ivinio.com\\\/sv\\\/\",\"name\":\"IVINIO Vinbutik\",\"description\":\"Vin fr\u00e5n Frankrike och Italien med leverans hem till din d\u00f6rr\",\"publisher\":{\"@id\":\"https:\\\/\\\/www.ivinio.com\\\/sv\\\/#organization\"},\"potentialAction\":[{\"@type\":\"SearchAction\",\"target\":{\"@type\":\"EntryPoint\",\"urlTemplate\":\"https:\\\/\\\/www.ivinio.com\\\/sv\\\/?s={search_term_string}\"},\"query-input\":{\"@type\":\"PropertyValueSpecification\",\"valueRequired\":true,\"valueName\":\"search_term_string\"}}],\"inLanguage\":\"sv-SE\"},{\"@type\":\"Organization\",\"@id\":\"https:\\\/\\\/www.ivinio.com\\\/sv\\\/#organization\",\"name\":\"IVINIO\",\"url\":\"https:\\\/\\\/www.ivinio.com\\\/sv\\\/\",\"logo\":{\"@type\":\"ImageObject\",\"inLanguage\":\"sv-SE\",\"@id\":\"https:\\\/\\\/www.ivinio.com\\\/sv\\\/#\\\/schema\\\/logo\\\/image\\\/\",\"url\":\"https:\\\/\\\/www.ivinio.com\\\/wp-content\\\/uploads\\\/2021\\\/01\\\/Logo-Ivinio-v2.jpg\",\"contentUrl\":\"https:\\\/\\\/www.ivinio.com\\\/wp-content\\\/uploads\\\/2021\\\/01\\\/Logo-Ivinio-v2.jpg\",\"width\":1194,\"height\":1194,\"caption\":\"IVINIO\"},\"image\":{\"@id\":\"https:\\\/\\\/www.ivinio.com\\\/sv\\\/#\\\/schema\\\/logo\\\/image\\\/\"},\"sameAs\":[\"https:\\\/\\\/www.facebook.com\\\/groups\\\/165217837022391\\\/?ref=bookmarks\",\"https:\\\/\\\/www.instagram.com\\\/_ivinio_\\\/?hl=fr\"]}]}<\/script>\n<!-- \/ Yoast SEO plugin. -->","yoast_head_json":{"title":"Nicolas Feuillatte - Grande R\u00e9serve Ros\u00e9 - IVINIO Vinbutik","description":"Nicolas Feuillatte - Grande R\u00e9serve Ros\u00e9. En v\u00e4lbalanserad och fruktig ros\u00e9champagne med aromer av bl\u00e5b\u00e4r, svarta vinb\u00e4r och hallon.","robots":{"index":"index","follow":"follow","max-snippet":"max-snippet:-1","max-image-preview":"max-image-preview:large","max-video-preview":"max-video-preview:-1"},"canonical":"https:\/\/www.ivinio.com\/sv\/produkt\/nicolas-feuillatte-brut-rose\/","og_locale":"sv_SE","og_type":"article","og_title":"Nicolas Feuillatte - Grande R\u00e9serve Ros\u00e9 - IVINIO Vinbutik","og_description":"Nicolas Feuillatte - Grande R\u00e9serve Ros\u00e9. En v\u00e4lbalanserad och fruktig ros\u00e9champagne med aromer av bl\u00e5b\u00e4r, svarta vinb\u00e4r och hallon.","og_url":"https:\/\/www.ivinio.com\/sv\/produkt\/nicolas-feuillatte-brut-rose\/","og_site_name":"IVINIO Vinbutik","article_publisher":"https:\/\/www.facebook.com\/groups\/165217837022391\/?ref=bookmarks","article_modified_time":"2025-06-21T14:32:36+00:00","og_image":[{"width":600,"height":600,"url":"https:\/\/www.ivinio.com\/wp-content\/uploads\/2014\/05\/Nicolas-Feuillatte-Grande-Reserve-Brut-rose-IVINIO.jpg","type":"image\/jpeg"}],"twitter_card":"summary_large_image","twitter_misc":{"Ber\u00e4knad l\u00e4stid":"1 minut"},"schema":{"@context":"https:\/\/schema.org","@graph":[{"@type":"WebPage","@id":"https:\/\/www.ivinio.com\/sv\/produkt\/nicolas-feuillatte-brut-rose\/","url":"https:\/\/www.ivinio.com\/sv\/produkt\/nicolas-feuillatte-brut-rose\/","name":"Nicolas Feuillatte - Grande R\u00e9serve Ros\u00e9 - IVINIO Vinbutik","isPartOf":{"@id":"https:\/\/www.ivinio.com\/sv\/#website"},"primaryImageOfPage":{"@id":"https:\/\/www.ivinio.com\/sv\/produkt\/nicolas-feuillatte-brut-rose\/#primaryimage"},"image":{"@id":"https:\/\/www.ivinio.com\/sv\/produkt\/nicolas-feuillatte-brut-rose\/#primaryimage"},"thumbnailUrl":"https:\/\/www.ivinio.com\/wp-content\/uploads\/2014\/05\/Nicolas-Feuillatte-Grande-Reserve-Brut-rose-IVINIO.jpg","datePublished":"2014-05-21T10:20:31+00:00","dateModified":"2025-06-21T14:32:36+00:00","description":"Nicolas Feuillatte - Grande R\u00e9serve Ros\u00e9. En v\u00e4lbalanserad och fruktig ros\u00e9champagne med aromer av bl\u00e5b\u00e4r, svarta vinb\u00e4r och hallon.","breadcrumb":{"@id":"https:\/\/www.ivinio.com\/sv\/produkt\/nicolas-feuillatte-brut-rose\/#breadcrumb"},"inLanguage":"sv-SE","potentialAction":[{"@type":"ReadAction","target":["https:\/\/www.ivinio.com\/sv\/produkt\/nicolas-feuillatte-brut-rose\/"]}]},{"@type":"ImageObject","inLanguage":"sv-SE","@id":"https:\/\/www.ivinio.com\/sv\/produkt\/nicolas-feuillatte-brut-rose\/#primaryimage","url":"https:\/\/www.ivinio.com\/wp-content\/uploads\/2014\/05\/Nicolas-Feuillatte-Grande-Reserve-Brut-rose-IVINIO.jpg","contentUrl":"https:\/\/www.ivinio.com\/wp-content\/uploads\/2014\/05\/Nicolas-Feuillatte-Grande-Reserve-Brut-rose-IVINIO.jpg","width":600,"height":600},{"@type":"BreadcrumbList","@id":"https:\/\/www.ivinio.com\/sv\/produkt\/nicolas-feuillatte-brut-rose\/#breadcrumb","itemListElement":[{"@type":"ListItem","position":1,"name":"Hem","item":"https:\/\/www.ivinio.com\/sv\/"},{"@type":"ListItem","position":2,"name":"Vinbutik","item":"https:\/\/www.ivinio.com\/sv\/vinbutik\/"},{"@type":"ListItem","position":3,"name":"Nicolas Feuillatte &#8211; Grande R\u00e9serve Ros\u00e9"}]},{"@type":"WebSite","@id":"https:\/\/www.ivinio.com\/sv\/#website","url":"https:\/\/www.ivinio.com\/sv\/","name":"IVINIO Vinbutik","description":"Vin fr\u00e5n Frankrike och Italien med leverans hem till din d\u00f6rr","publisher":{"@id":"https:\/\/www.ivinio.com\/sv\/#organization"},"potentialAction":[{"@type":"SearchAction","target":{"@type":"EntryPoint","urlTemplate":"https:\/\/www.ivinio.com\/sv\/?s={search_term_string}"},"query-input":{"@type":"PropertyValueSpecification","valueRequired":true,"valueName":"search_term_string"}}],"inLanguage":"sv-SE"},{"@type":"Organization","@id":"https:\/\/www.ivinio.com\/sv\/#organization","name":"IVINIO","url":"https:\/\/www.ivinio.com\/sv\/","logo":{"@type":"ImageObject","inLanguage":"sv-SE","@id":"https:\/\/www.ivinio.com\/sv\/#\/schema\/logo\/image\/","url":"https:\/\/www.ivinio.com\/wp-content\/uploads\/2021\/01\/Logo-Ivinio-v2.jpg","contentUrl":"https:\/\/www.ivinio.com\/wp-content\/uploads\/2021\/01\/Logo-Ivinio-v2.jpg","width":1194,"height":1194,"caption":"IVINIO"},"image":{"@id":"https:\/\/www.ivinio.com\/sv\/#\/schema\/logo\/image\/"},"sameAs":["https:\/\/www.facebook.com\/groups\/165217837022391\/?ref=bookmarks","https:\/\/www.instagram.com\/_ivinio_\/?hl=fr"]}]}},"jetpack_sharing_enabled":true,"_links":{"self":[{"href":"https:\/\/www.ivinio.com\/sv\/wp-json\/wp\/v2\/product\/117380","targetHints":{"allow":["GET"]}}],"collection":[{"href":"https:\/\/www.ivinio.com\/sv\/wp-json\/wp\/v2\/product"}],"about":[{"href":"https:\/\/www.ivinio.com\/sv\/wp-json\/wp\/v2\/types\/product"}],"replies":[{"embeddable":true,"href":"https:\/\/www.ivinio.com\/sv\/wp-json\/wp\/v2\/comments?post=117380"}],"wp:featuredmedia":[{"embeddable":true,"href":"https:\/\/www.ivinio.com\/sv\/wp-json\/wp\/v2\/media\/122784"}],"wp:attachment":[{"href":"https:\/\/www.ivinio.com\/sv\/wp-json\/wp\/v2\/media?parent=117380"}],"wp:term":[{"taxonomy":"product_brand","embeddable":true,"href":"https:\/\/www.ivinio.com\/sv\/wp-json\/wp\/v2\/product_brand?post=117380"},{"taxonomy":"product_cat","embeddable":true,"href":"https:\/\/www.ivinio.com\/sv\/wp-json\/wp\/v2\/product_cat?post=117380"},{"taxonomy":"product_tag","embeddable":true,"href":"https:\/\/www.ivinio.com\/sv\/wp-json\/wp\/v2\/product_tag?post=117380"}],"curies":[{"name":"wp","href":"https:\/\/api.w.org\/{rel}","templated":true}]}}