{"id":117326,"date":"2014-05-21T10:20:30","date_gmt":"2014-05-21T10:20:30","guid":{"rendered":"https:\/\/henrik.www.ivinio.com\/?product=domaine-durieu-lucile-avril-chateauneuf-du-pape-2015-rod"},"modified":"2026-02-19T15:33:13","modified_gmt":"2026-02-19T14:33:13","slug":"domaine-durieu-lucile-avril-chateauneuf-du-pape-rod","status":"publish","type":"product","link":"https:\/\/www.ivinio.com\/sv\/produkt\/domaine-durieu-lucile-avril-chateauneuf-du-pape-rod\/","title":{"rendered":"Domaine Durieu &#8211; Lucile Avril &#8211; Ch\u00e2teauneuf-du-Pape &#8211; R\u00f6d"},"content":{"rendered":"<p>Domaine Durieu &#8211; Lucile Avril &#8211; Ch\u00e2teauneuf-du-Pape framst\u00e4lls av druvor fr\u00e5n speciellt utvalda vinrankor som vissa planterats redan 1914 &#8211; \u00e5ret d\u00e5 Lucile f\u00f6ddes. Detta har sedan gett vinet sitt namn. &#8220;Lucile Avril&#8221; framst\u00e4lls av 80 % Grenache fr\u00e5n minst 90-\u00e5riga vinstockar , 10 % Mourv\u00e8dre fr\u00e5n minst 60-\u00e5riga vinstockar samt 10 % Syrah-druvor. Druvorna kommer fr\u00e5n olika jordomr\u00e5den p\u00e5 familjens \u00e4gor och om det visar sig att n\u00e5gon del inte h\u00e5ller en perfekt niv\u00e5 s\u00e5 avl\u00e4gsnas den omedelbart fr\u00e5n den slutgiltiga vinkompositionen.<\/p>\n","protected":false},"excerpt":{"rendered":"<p>Domaine Durieus &#8220;Lucile Avril&#8221; fr\u00e5n Ch\u00e2teauneuf-du-Pape \u00e4r ving\u00e5rdens flaggskeppsvin. De flesta stora vinguider har lovordat detta vin.<\/p>\n","protected":false},"featured_media":134769,"comment_status":"open","ping_status":"closed","template":"","meta":{"_monsterinsights_skip_tracking":false,"_monsterinsights_sitenote_active":false,"_monsterinsights_sitenote_note":"","_monsterinsights_sitenote_category":0,"_uf_show_specific_survey":0,"_uf_disable_surveys":false},"product_brand":[],"product_cat":[36588,36621],"product_tag":[],"class_list":{"0":"post-117326","1":"product","2":"type-product","3":"status-publish","4":"has-post-thumbnail","6":"product_cat-franska-viner","7":"product_cat-sv-rhone-dalen","8":"pa_alcohol-degree-155-sv","9":"pa_awards-robert-parker-sv","10":"pa_classification-aop-chateauneuf-du-pape-sv","11":"pa_color-rod-sv","12":"pa_country-frankrike-sv","13":"pa_grape-variety-grenache-sv","14":"pa_grape-variety-mourvedre-sv","15":"pa_grape-variety-syrah-sv","16":"pa_package-1x1-sv","17":"pa_package-1x6-sv","18":"pa_region-rhonedalen-sv","19":"pa_storage-potential-mer-an-10-ar-sv","20":"pa_vintage-2015-sv","21":"pa_vintage-2017-sv","22":"pa_vintage-2019-sv","23":"pa_vintage-39899","24":"pa_vintage-41218","25":"pa_volume-150-cl-sv","26":"pa_volume-75-cl-sv","28":"first","29":"instock","30":"taxable","31":"shipping-taxable","32":"purchasable","33":"product-type-variable"},"bundled_by":["121116"],"bundle_stock_status":"instock","bundle_stock_quantity":null,"bundle_virtual":false,"bundle_layout":"","bundle_add_to_cart_form_location":"","bundle_editable_in_cart":false,"bundle_sold_individually_context":"","bundle_item_grouping":"","bundle_min_size":"","bundle_max_size":"","bundle_price":[],"bundled_items":[],"bundle_sell_ids":[],"yoast_head":"<!-- This site is optimized with the Yoast SEO plugin v27.3 - https:\/\/yoast.com\/product\/yoast-seo-wordpress\/ -->\n<title>K\u00f6pa Domaine Durieu - Lucile Avril - Ch\u00e2teauneuf-du-Pape - IVINIO Vinbutik<\/title>\n<meta name=\"description\" content=\"K\u00f6pa Domaine Durieu - Lucile Avril - Ch\u00e2teauneuf-du-Pape. Flaggskeppet f\u00f6r Domaine Durieu. Aromer av bigarr\u00e5k\u00f6rsb\u00e4r, choklad och provencalska kryddor.\" \/>\n<meta name=\"robots\" content=\"index, follow, max-snippet:-1, max-image-preview:large, max-video-preview:-1\" \/>\n<link rel=\"canonical\" href=\"https:\/\/www.ivinio.com\/sv\/produkt\/domaine-durieu-lucile-avril-chateauneuf-du-pape-rod\/\" \/>\n<meta property=\"og:locale\" content=\"sv_SE\" \/>\n<meta property=\"og:type\" content=\"article\" \/>\n<meta property=\"og:title\" content=\"K\u00f6pa Domaine Durieu - Lucile Avril - Ch\u00e2teauneuf-du-Pape - IVINIO Vinbutik\" \/>\n<meta property=\"og:description\" content=\"K\u00f6pa Domaine Durieu - Lucile Avril - Ch\u00e2teauneuf-du-Pape. Flaggskeppet f\u00f6r Domaine Durieu. Aromer av bigarr\u00e5k\u00f6rsb\u00e4r, choklad och provencalska kryddor.\" \/>\n<meta property=\"og:url\" content=\"https:\/\/www.ivinio.com\/sv\/produkt\/domaine-durieu-lucile-avril-chateauneuf-du-pape-rod\/\" \/>\n<meta property=\"og:site_name\" content=\"IVINIO Vinbutik\" \/>\n<meta property=\"article:publisher\" content=\"https:\/\/www.facebook.com\/groups\/165217837022391\/?ref=bookmarks\" \/>\n<meta property=\"article:modified_time\" content=\"2026-02-19T14:33:13+00:00\" \/>\n<meta property=\"og:image\" content=\"https:\/\/www.ivinio.com\/wp-content\/uploads\/2014\/05\/Domaine-Durieu-Chateauneuf-du-Pape-Lucile-Avril-IVINIO.jpg\" \/>\n\t<meta property=\"og:image:width\" content=\"500\" \/>\n\t<meta property=\"og:image:height\" content=\"500\" \/>\n\t<meta property=\"og:image:type\" content=\"image\/jpeg\" \/>\n<meta name=\"twitter:card\" content=\"summary_large_image\" \/>\n<meta name=\"twitter:label1\" content=\"Ber\u00e4knad l\u00e4stid\" \/>\n\t<meta name=\"twitter:data1\" content=\"1 minut\" \/>\n<script type=\"application\/ld+json\" class=\"yoast-schema-graph\">{\"@context\":\"https:\\\/\\\/schema.org\",\"@graph\":[{\"@type\":\"WebPage\",\"@id\":\"https:\\\/\\\/www.ivinio.com\\\/sv\\\/produkt\\\/domaine-durieu-lucile-avril-chateauneuf-du-pape-rod\\\/\",\"url\":\"https:\\\/\\\/www.ivinio.com\\\/sv\\\/produkt\\\/domaine-durieu-lucile-avril-chateauneuf-du-pape-rod\\\/\",\"name\":\"K\u00f6pa Domaine Durieu - Lucile Avril - Ch\u00e2teauneuf-du-Pape - IVINIO Vinbutik\",\"isPartOf\":{\"@id\":\"https:\\\/\\\/www.ivinio.com\\\/sv\\\/#website\"},\"primaryImageOfPage\":{\"@id\":\"https:\\\/\\\/www.ivinio.com\\\/sv\\\/produkt\\\/domaine-durieu-lucile-avril-chateauneuf-du-pape-rod\\\/#primaryimage\"},\"image\":{\"@id\":\"https:\\\/\\\/www.ivinio.com\\\/sv\\\/produkt\\\/domaine-durieu-lucile-avril-chateauneuf-du-pape-rod\\\/#primaryimage\"},\"thumbnailUrl\":\"https:\\\/\\\/www.ivinio.com\\\/wp-content\\\/uploads\\\/2014\\\/05\\\/Domaine-Durieu-Chateauneuf-du-Pape-Lucile-Avril-IVINIO.jpg\",\"datePublished\":\"2014-05-21T10:20:30+00:00\",\"dateModified\":\"2026-02-19T14:33:13+00:00\",\"description\":\"K\u00f6pa Domaine Durieu - Lucile Avril - Ch\u00e2teauneuf-du-Pape. Flaggskeppet f\u00f6r Domaine Durieu. Aromer av bigarr\u00e5k\u00f6rsb\u00e4r, choklad och provencalska kryddor.\",\"breadcrumb\":{\"@id\":\"https:\\\/\\\/www.ivinio.com\\\/sv\\\/produkt\\\/domaine-durieu-lucile-avril-chateauneuf-du-pape-rod\\\/#breadcrumb\"},\"inLanguage\":\"sv-SE\",\"potentialAction\":[{\"@type\":\"ReadAction\",\"target\":[\"https:\\\/\\\/www.ivinio.com\\\/sv\\\/produkt\\\/domaine-durieu-lucile-avril-chateauneuf-du-pape-rod\\\/\"]}]},{\"@type\":\"ImageObject\",\"inLanguage\":\"sv-SE\",\"@id\":\"https:\\\/\\\/www.ivinio.com\\\/sv\\\/produkt\\\/domaine-durieu-lucile-avril-chateauneuf-du-pape-rod\\\/#primaryimage\",\"url\":\"https:\\\/\\\/www.ivinio.com\\\/wp-content\\\/uploads\\\/2014\\\/05\\\/Domaine-Durieu-Chateauneuf-du-Pape-Lucile-Avril-IVINIO.jpg\",\"contentUrl\":\"https:\\\/\\\/www.ivinio.com\\\/wp-content\\\/uploads\\\/2014\\\/05\\\/Domaine-Durieu-Chateauneuf-du-Pape-Lucile-Avril-IVINIO.jpg\",\"width\":500,\"height\":500,\"caption\":\"Domaine-Durieu-Chateauneuf-du-Pape-Lucile-Avril\"},{\"@type\":\"BreadcrumbList\",\"@id\":\"https:\\\/\\\/www.ivinio.com\\\/sv\\\/produkt\\\/domaine-durieu-lucile-avril-chateauneuf-du-pape-rod\\\/#breadcrumb\",\"itemListElement\":[{\"@type\":\"ListItem\",\"position\":1,\"name\":\"Hem\",\"item\":\"https:\\\/\\\/www.ivinio.com\\\/sv\\\/\"},{\"@type\":\"ListItem\",\"position\":2,\"name\":\"Vinbutik\",\"item\":\"https:\\\/\\\/www.ivinio.com\\\/sv\\\/vinbutik\\\/\"},{\"@type\":\"ListItem\",\"position\":3,\"name\":\"Domaine Durieu &#8211; Lucile Avril &#8211; Ch\u00e2teauneuf-du-Pape &#8211; R\u00f6d\"}]},{\"@type\":\"WebSite\",\"@id\":\"https:\\\/\\\/www.ivinio.com\\\/sv\\\/#website\",\"url\":\"https:\\\/\\\/www.ivinio.com\\\/sv\\\/\",\"name\":\"IVINIO Vinbutik\",\"description\":\"Vin fr\u00e5n Frankrike och Italien med leverans hem till din d\u00f6rr\",\"publisher\":{\"@id\":\"https:\\\/\\\/www.ivinio.com\\\/sv\\\/#organization\"},\"potentialAction\":[{\"@type\":\"SearchAction\",\"target\":{\"@type\":\"EntryPoint\",\"urlTemplate\":\"https:\\\/\\\/www.ivinio.com\\\/sv\\\/?s={search_term_string}\"},\"query-input\":{\"@type\":\"PropertyValueSpecification\",\"valueRequired\":true,\"valueName\":\"search_term_string\"}}],\"inLanguage\":\"sv-SE\"},{\"@type\":\"Organization\",\"@id\":\"https:\\\/\\\/www.ivinio.com\\\/sv\\\/#organization\",\"name\":\"IVINIO\",\"url\":\"https:\\\/\\\/www.ivinio.com\\\/sv\\\/\",\"logo\":{\"@type\":\"ImageObject\",\"inLanguage\":\"sv-SE\",\"@id\":\"https:\\\/\\\/www.ivinio.com\\\/sv\\\/#\\\/schema\\\/logo\\\/image\\\/\",\"url\":\"https:\\\/\\\/www.ivinio.com\\\/wp-content\\\/uploads\\\/2021\\\/01\\\/Logo-Ivinio-v2.jpg\",\"contentUrl\":\"https:\\\/\\\/www.ivinio.com\\\/wp-content\\\/uploads\\\/2021\\\/01\\\/Logo-Ivinio-v2.jpg\",\"width\":1194,\"height\":1194,\"caption\":\"IVINIO\"},\"image\":{\"@id\":\"https:\\\/\\\/www.ivinio.com\\\/sv\\\/#\\\/schema\\\/logo\\\/image\\\/\"},\"sameAs\":[\"https:\\\/\\\/www.facebook.com\\\/groups\\\/165217837022391\\\/?ref=bookmarks\",\"https:\\\/\\\/www.instagram.com\\\/_ivinio_\\\/?hl=fr\"]}]}<\/script>\n<!-- \/ Yoast SEO plugin. -->","yoast_head_json":{"title":"K\u00f6pa Domaine Durieu - Lucile Avril - Ch\u00e2teauneuf-du-Pape - IVINIO Vinbutik","description":"K\u00f6pa Domaine Durieu - Lucile Avril - Ch\u00e2teauneuf-du-Pape. Flaggskeppet f\u00f6r Domaine Durieu. Aromer av bigarr\u00e5k\u00f6rsb\u00e4r, choklad och provencalska kryddor.","robots":{"index":"index","follow":"follow","max-snippet":"max-snippet:-1","max-image-preview":"max-image-preview:large","max-video-preview":"max-video-preview:-1"},"canonical":"https:\/\/www.ivinio.com\/sv\/produkt\/domaine-durieu-lucile-avril-chateauneuf-du-pape-rod\/","og_locale":"sv_SE","og_type":"article","og_title":"K\u00f6pa Domaine Durieu - Lucile Avril - Ch\u00e2teauneuf-du-Pape - IVINIO Vinbutik","og_description":"K\u00f6pa Domaine Durieu - Lucile Avril - Ch\u00e2teauneuf-du-Pape. Flaggskeppet f\u00f6r Domaine Durieu. Aromer av bigarr\u00e5k\u00f6rsb\u00e4r, choklad och provencalska kryddor.","og_url":"https:\/\/www.ivinio.com\/sv\/produkt\/domaine-durieu-lucile-avril-chateauneuf-du-pape-rod\/","og_site_name":"IVINIO Vinbutik","article_publisher":"https:\/\/www.facebook.com\/groups\/165217837022391\/?ref=bookmarks","article_modified_time":"2026-02-19T14:33:13+00:00","og_image":[{"width":500,"height":500,"url":"https:\/\/www.ivinio.com\/wp-content\/uploads\/2014\/05\/Domaine-Durieu-Chateauneuf-du-Pape-Lucile-Avril-IVINIO.jpg","type":"image\/jpeg"}],"twitter_card":"summary_large_image","twitter_misc":{"Ber\u00e4knad l\u00e4stid":"1 minut"},"schema":{"@context":"https:\/\/schema.org","@graph":[{"@type":"WebPage","@id":"https:\/\/www.ivinio.com\/sv\/produkt\/domaine-durieu-lucile-avril-chateauneuf-du-pape-rod\/","url":"https:\/\/www.ivinio.com\/sv\/produkt\/domaine-durieu-lucile-avril-chateauneuf-du-pape-rod\/","name":"K\u00f6pa Domaine Durieu - Lucile Avril - Ch\u00e2teauneuf-du-Pape - IVINIO Vinbutik","isPartOf":{"@id":"https:\/\/www.ivinio.com\/sv\/#website"},"primaryImageOfPage":{"@id":"https:\/\/www.ivinio.com\/sv\/produkt\/domaine-durieu-lucile-avril-chateauneuf-du-pape-rod\/#primaryimage"},"image":{"@id":"https:\/\/www.ivinio.com\/sv\/produkt\/domaine-durieu-lucile-avril-chateauneuf-du-pape-rod\/#primaryimage"},"thumbnailUrl":"https:\/\/www.ivinio.com\/wp-content\/uploads\/2014\/05\/Domaine-Durieu-Chateauneuf-du-Pape-Lucile-Avril-IVINIO.jpg","datePublished":"2014-05-21T10:20:30+00:00","dateModified":"2026-02-19T14:33:13+00:00","description":"K\u00f6pa Domaine Durieu - Lucile Avril - Ch\u00e2teauneuf-du-Pape. Flaggskeppet f\u00f6r Domaine Durieu. Aromer av bigarr\u00e5k\u00f6rsb\u00e4r, choklad och provencalska kryddor.","breadcrumb":{"@id":"https:\/\/www.ivinio.com\/sv\/produkt\/domaine-durieu-lucile-avril-chateauneuf-du-pape-rod\/#breadcrumb"},"inLanguage":"sv-SE","potentialAction":[{"@type":"ReadAction","target":["https:\/\/www.ivinio.com\/sv\/produkt\/domaine-durieu-lucile-avril-chateauneuf-du-pape-rod\/"]}]},{"@type":"ImageObject","inLanguage":"sv-SE","@id":"https:\/\/www.ivinio.com\/sv\/produkt\/domaine-durieu-lucile-avril-chateauneuf-du-pape-rod\/#primaryimage","url":"https:\/\/www.ivinio.com\/wp-content\/uploads\/2014\/05\/Domaine-Durieu-Chateauneuf-du-Pape-Lucile-Avril-IVINIO.jpg","contentUrl":"https:\/\/www.ivinio.com\/wp-content\/uploads\/2014\/05\/Domaine-Durieu-Chateauneuf-du-Pape-Lucile-Avril-IVINIO.jpg","width":500,"height":500,"caption":"Domaine-Durieu-Chateauneuf-du-Pape-Lucile-Avril"},{"@type":"BreadcrumbList","@id":"https:\/\/www.ivinio.com\/sv\/produkt\/domaine-durieu-lucile-avril-chateauneuf-du-pape-rod\/#breadcrumb","itemListElement":[{"@type":"ListItem","position":1,"name":"Hem","item":"https:\/\/www.ivinio.com\/sv\/"},{"@type":"ListItem","position":2,"name":"Vinbutik","item":"https:\/\/www.ivinio.com\/sv\/vinbutik\/"},{"@type":"ListItem","position":3,"name":"Domaine Durieu &#8211; Lucile Avril &#8211; Ch\u00e2teauneuf-du-Pape &#8211; R\u00f6d"}]},{"@type":"WebSite","@id":"https:\/\/www.ivinio.com\/sv\/#website","url":"https:\/\/www.ivinio.com\/sv\/","name":"IVINIO Vinbutik","description":"Vin fr\u00e5n Frankrike och Italien med leverans hem till din d\u00f6rr","publisher":{"@id":"https:\/\/www.ivinio.com\/sv\/#organization"},"potentialAction":[{"@type":"SearchAction","target":{"@type":"EntryPoint","urlTemplate":"https:\/\/www.ivinio.com\/sv\/?s={search_term_string}"},"query-input":{"@type":"PropertyValueSpecification","valueRequired":true,"valueName":"search_term_string"}}],"inLanguage":"sv-SE"},{"@type":"Organization","@id":"https:\/\/www.ivinio.com\/sv\/#organization","name":"IVINIO","url":"https:\/\/www.ivinio.com\/sv\/","logo":{"@type":"ImageObject","inLanguage":"sv-SE","@id":"https:\/\/www.ivinio.com\/sv\/#\/schema\/logo\/image\/","url":"https:\/\/www.ivinio.com\/wp-content\/uploads\/2021\/01\/Logo-Ivinio-v2.jpg","contentUrl":"https:\/\/www.ivinio.com\/wp-content\/uploads\/2021\/01\/Logo-Ivinio-v2.jpg","width":1194,"height":1194,"caption":"IVINIO"},"image":{"@id":"https:\/\/www.ivinio.com\/sv\/#\/schema\/logo\/image\/"},"sameAs":["https:\/\/www.facebook.com\/groups\/165217837022391\/?ref=bookmarks","https:\/\/www.instagram.com\/_ivinio_\/?hl=fr"]}]}},"jetpack_sharing_enabled":true,"_links":{"self":[{"href":"https:\/\/www.ivinio.com\/sv\/wp-json\/wp\/v2\/product\/117326","targetHints":{"allow":["GET"]}}],"collection":[{"href":"https:\/\/www.ivinio.com\/sv\/wp-json\/wp\/v2\/product"}],"about":[{"href":"https:\/\/www.ivinio.com\/sv\/wp-json\/wp\/v2\/types\/product"}],"replies":[{"embeddable":true,"href":"https:\/\/www.ivinio.com\/sv\/wp-json\/wp\/v2\/comments?post=117326"}],"wp:featuredmedia":[{"embeddable":true,"href":"https:\/\/www.ivinio.com\/sv\/wp-json\/wp\/v2\/media\/134769"}],"wp:attachment":[{"href":"https:\/\/www.ivinio.com\/sv\/wp-json\/wp\/v2\/media?parent=117326"}],"wp:term":[{"taxonomy":"product_brand","embeddable":true,"href":"https:\/\/www.ivinio.com\/sv\/wp-json\/wp\/v2\/product_brand?post=117326"},{"taxonomy":"product_cat","embeddable":true,"href":"https:\/\/www.ivinio.com\/sv\/wp-json\/wp\/v2\/product_cat?post=117326"},{"taxonomy":"product_tag","embeddable":true,"href":"https:\/\/www.ivinio.com\/sv\/wp-json\/wp\/v2\/product_tag?post=117326"}],"curies":[{"name":"wp","href":"https:\/\/api.w.org\/{rel}","templated":true}]}}