{"id":117281,"date":"2014-05-21T10:20:30","date_gmt":"2014-05-21T10:20:30","guid":{"rendered":"https:\/\/henrik.www.ivinio.com\/?product=latium-morini-valpolicella-superiore-doc-campo-prognai-2015-rod"},"modified":"2026-03-31T16:36:46","modified_gmt":"2026-03-31T14:36:46","slug":"latium-morini-valpolicella-superiore-doc-campo-prognai-rod","status":"publish","type":"product","link":"https:\/\/www.ivinio.com\/sv\/produkt\/latium-morini-valpolicella-superiore-doc-campo-prognai-rod\/","title":{"rendered":"Latium Morini Valpolicella Superiore DOC &#8220;Campo Prognai&#8221; &#8211; R\u00f6d"},"content":{"rendered":"<p>Latium Morinis\u00a0&#8220;Campo Prognai&#8221;\u00a0Valpolicella Superiore \u00e4r\u00a0gjort av 70% Corvina och\u00a0Covinonedruvor,\u00a020% Rondinella druvor samt 10% av\u00a0diverse andra sorter. Valpolicella Superiore \u00e4r en fylligare variant av Valpolicella d\u00e5 den lagrats p\u00e5 ekfat i ett \u00e5r. &#8220;Campo Prognai&#8221; har\u00a0flera g\u00e5nger f\u00e5tt utm\u00e4rkelser av &#8220;Decanter&#8221;.<\/p>\n","protected":false},"excerpt":{"rendered":"<p>Latium Morini &#8220;Campo Prognai&#8221; \u00e4r ett Valpolicella Superiore vin av h\u00f6g kvalitet och har till skillnad fr\u00e5n den vanliga Valpolicellan lagrats ett \u00e5r p\u00e5 ekfat.<\/p>\n","protected":false},"featured_media":117282,"comment_status":"open","ping_status":"closed","template":"","meta":{"_monsterinsights_skip_tracking":false,"_monsterinsights_sitenote_active":false,"_monsterinsights_sitenote_note":"","_monsterinsights_sitenote_category":0,"_uf_show_specific_survey":0,"_uf_disable_surveys":false},"product_brand":[],"product_cat":[39811],"product_tag":[],"class_list":{"0":"post-117281","1":"product","2":"type-product","3":"status-publish","4":"has-post-thumbnail","6":"product_cat-uncategorized-fr","7":"pa_alcohol-degree-15-fr","8":"pa_awards-mundus-vini-fr","9":"pa_classification-doc-valpolicella-superiore-fr","10":"pa_color-rouge-fr","11":"pa_country-italie-fr","12":"pa_grape-variety-corvina-fr","13":"pa_grape-variety-corvinone-fr","14":"pa_grape-variety-rondinella-fr","15":"pa_region-veneto-fr","16":"pa_storage-potential-10-ans-fr","17":"pa_vintage-2017-fr","18":"pa_volume-75-cl-fr","20":"first","21":"outofstock","22":"taxable","23":"shipping-taxable","24":"purchasable","25":"product-type-simple"},"bundled_by":[],"bundle_stock_status":"outofstock","bundle_stock_quantity":null,"bundle_virtual":false,"bundle_layout":"","bundle_add_to_cart_form_location":"","bundle_editable_in_cart":false,"bundle_sold_individually_context":"","bundle_item_grouping":"","bundle_min_size":"","bundle_max_size":"","bundle_price":[],"bundled_items":[],"bundle_sell_ids":[],"yoast_head":"<!-- This site is optimized with the Yoast SEO plugin v27.4 - https:\/\/yoast.com\/product\/yoast-seo-wordpress\/ -->\n<title>Latium Morini Valpolicella Superiore &quot;Campo Prognai&quot; - R\u00f6dvin - IVINIO Vinbutik<\/title>\n<meta name=\"description\" content=\"K\u00f6pa Latium Morini Valpolicella Superiore &quot;Campo Prognai&quot; - R\u00f6dvin. En ekfatslagrad Valpolicella med inslag av plommon, russin och vanilj.\" \/>\n<meta name=\"robots\" content=\"index, follow, max-snippet:-1, max-image-preview:large, max-video-preview:-1\" \/>\n<link rel=\"canonical\" href=\"https:\/\/www.ivinio.com\/sv\/produkt\/latium-morini-valpolicella-superiore-doc-campo-prognai-rod\/\" \/>\n<meta property=\"og:locale\" content=\"sv_SE\" \/>\n<meta property=\"og:type\" content=\"article\" \/>\n<meta property=\"og:title\" content=\"Latium Morini Valpolicella Superiore &quot;Campo Prognai&quot; - R\u00f6dvin - IVINIO Vinbutik\" \/>\n<meta property=\"og:description\" content=\"K\u00f6pa Latium Morini Valpolicella Superiore &quot;Campo Prognai&quot; - R\u00f6dvin. En ekfatslagrad Valpolicella med inslag av plommon, russin och vanilj.\" \/>\n<meta property=\"og:url\" content=\"https:\/\/www.ivinio.com\/sv\/produkt\/latium-morini-valpolicella-superiore-doc-campo-prognai-rod\/\" \/>\n<meta property=\"og:site_name\" content=\"IVINIO Vinbutik\" \/>\n<meta property=\"article:publisher\" content=\"https:\/\/www.facebook.com\/groups\/165217837022391\/?ref=bookmarks\" \/>\n<meta property=\"article:modified_time\" content=\"2026-03-31T14:36:46+00:00\" \/>\n<meta property=\"og:image\" content=\"https:\/\/www.ivinio.com\/wp-content\/uploads\/nc\/public\/modules\/file\/pictures\/4526.latiumvalpolicellasup500x50.jpg\" \/>\n\t<meta property=\"og:image:width\" content=\"500\" \/>\n\t<meta property=\"og:image:height\" content=\"500\" \/>\n\t<meta property=\"og:image:type\" content=\"image\/jpeg\" \/>\n<meta name=\"twitter:card\" content=\"summary_large_image\" \/>\n<script type=\"application\/ld+json\" class=\"yoast-schema-graph\">{\"@context\":\"https:\\\/\\\/schema.org\",\"@graph\":[{\"@type\":\"WebPage\",\"@id\":\"https:\\\/\\\/www.ivinio.com\\\/sv\\\/produkt\\\/latium-morini-valpolicella-superiore-doc-campo-prognai-rod\\\/\",\"url\":\"https:\\\/\\\/www.ivinio.com\\\/sv\\\/produkt\\\/latium-morini-valpolicella-superiore-doc-campo-prognai-rod\\\/\",\"name\":\"Latium Morini Valpolicella Superiore \\\"Campo Prognai\\\" - R\u00f6dvin - IVINIO Vinbutik\",\"isPartOf\":{\"@id\":\"https:\\\/\\\/www.ivinio.com\\\/sv\\\/#website\"},\"primaryImageOfPage\":{\"@id\":\"https:\\\/\\\/www.ivinio.com\\\/sv\\\/produkt\\\/latium-morini-valpolicella-superiore-doc-campo-prognai-rod\\\/#primaryimage\"},\"image\":{\"@id\":\"https:\\\/\\\/www.ivinio.com\\\/sv\\\/produkt\\\/latium-morini-valpolicella-superiore-doc-campo-prognai-rod\\\/#primaryimage\"},\"thumbnailUrl\":\"https:\\\/\\\/www.ivinio.com\\\/wp-content\\\/uploads\\\/nc\\\/public\\\/modules\\\/file\\\/pictures\\\/4526.latiumvalpolicellasup500x50.jpg\",\"datePublished\":\"2014-05-21T10:20:30+00:00\",\"dateModified\":\"2026-03-31T14:36:46+00:00\",\"description\":\"K\u00f6pa Latium Morini Valpolicella Superiore \\\"Campo Prognai\\\" - R\u00f6dvin. En ekfatslagrad Valpolicella med inslag av plommon, russin och vanilj.\",\"breadcrumb\":{\"@id\":\"https:\\\/\\\/www.ivinio.com\\\/sv\\\/produkt\\\/latium-morini-valpolicella-superiore-doc-campo-prognai-rod\\\/#breadcrumb\"},\"inLanguage\":\"sv-SE\",\"potentialAction\":[{\"@type\":\"ReadAction\",\"target\":[\"https:\\\/\\\/www.ivinio.com\\\/sv\\\/produkt\\\/latium-morini-valpolicella-superiore-doc-campo-prognai-rod\\\/\"]}]},{\"@type\":\"ImageObject\",\"inLanguage\":\"sv-SE\",\"@id\":\"https:\\\/\\\/www.ivinio.com\\\/sv\\\/produkt\\\/latium-morini-valpolicella-superiore-doc-campo-prognai-rod\\\/#primaryimage\",\"url\":\"https:\\\/\\\/www.ivinio.com\\\/wp-content\\\/uploads\\\/nc\\\/public\\\/modules\\\/file\\\/pictures\\\/4526.latiumvalpolicellasup500x50.jpg\",\"contentUrl\":\"https:\\\/\\\/www.ivinio.com\\\/wp-content\\\/uploads\\\/nc\\\/public\\\/modules\\\/file\\\/pictures\\\/4526.latiumvalpolicellasup500x50.jpg\",\"width\":500,\"height\":500,\"caption\":\"Latium Morini Valpolicella Superiore \\\"Campo Prognai\\\"\"},{\"@type\":\"BreadcrumbList\",\"@id\":\"https:\\\/\\\/www.ivinio.com\\\/sv\\\/produkt\\\/latium-morini-valpolicella-superiore-doc-campo-prognai-rod\\\/#breadcrumb\",\"itemListElement\":[{\"@type\":\"ListItem\",\"position\":1,\"name\":\"Hem\",\"item\":\"https:\\\/\\\/www.ivinio.com\\\/sv\\\/\"},{\"@type\":\"ListItem\",\"position\":2,\"name\":\"Vinbutik\",\"item\":\"https:\\\/\\\/www.ivinio.com\\\/sv\\\/vinbutik\\\/\"},{\"@type\":\"ListItem\",\"position\":3,\"name\":\"Latium Morini Valpolicella Superiore DOC &#8220;Campo Prognai&#8221; &#8211; R\u00f6d\"}]},{\"@type\":\"WebSite\",\"@id\":\"https:\\\/\\\/www.ivinio.com\\\/sv\\\/#website\",\"url\":\"https:\\\/\\\/www.ivinio.com\\\/sv\\\/\",\"name\":\"IVINIO Vinbutik\",\"description\":\"Vin fr\u00e5n Frankrike och Italien med leverans hem till din d\u00f6rr\",\"publisher\":{\"@id\":\"https:\\\/\\\/www.ivinio.com\\\/sv\\\/#organization\"},\"potentialAction\":[{\"@type\":\"SearchAction\",\"target\":{\"@type\":\"EntryPoint\",\"urlTemplate\":\"https:\\\/\\\/www.ivinio.com\\\/sv\\\/?s={search_term_string}\"},\"query-input\":{\"@type\":\"PropertyValueSpecification\",\"valueRequired\":true,\"valueName\":\"search_term_string\"}}],\"inLanguage\":\"sv-SE\"},{\"@type\":\"Organization\",\"@id\":\"https:\\\/\\\/www.ivinio.com\\\/sv\\\/#organization\",\"name\":\"IVINIO\",\"url\":\"https:\\\/\\\/www.ivinio.com\\\/sv\\\/\",\"logo\":{\"@type\":\"ImageObject\",\"inLanguage\":\"sv-SE\",\"@id\":\"https:\\\/\\\/www.ivinio.com\\\/sv\\\/#\\\/schema\\\/logo\\\/image\\\/\",\"url\":\"https:\\\/\\\/www.ivinio.com\\\/wp-content\\\/uploads\\\/2021\\\/01\\\/Logo-Ivinio-v2.jpg\",\"contentUrl\":\"https:\\\/\\\/www.ivinio.com\\\/wp-content\\\/uploads\\\/2021\\\/01\\\/Logo-Ivinio-v2.jpg\",\"width\":1194,\"height\":1194,\"caption\":\"IVINIO\"},\"image\":{\"@id\":\"https:\\\/\\\/www.ivinio.com\\\/sv\\\/#\\\/schema\\\/logo\\\/image\\\/\"},\"sameAs\":[\"https:\\\/\\\/www.facebook.com\\\/groups\\\/165217837022391\\\/?ref=bookmarks\",\"https:\\\/\\\/www.instagram.com\\\/_ivinio_\\\/?hl=fr\"]}]}<\/script>\n<!-- \/ Yoast SEO plugin. -->","yoast_head_json":{"title":"Latium Morini Valpolicella Superiore \"Campo Prognai\" - R\u00f6dvin - IVINIO Vinbutik","description":"K\u00f6pa Latium Morini Valpolicella Superiore \"Campo Prognai\" - R\u00f6dvin. En ekfatslagrad Valpolicella med inslag av plommon, russin och vanilj.","robots":{"index":"index","follow":"follow","max-snippet":"max-snippet:-1","max-image-preview":"max-image-preview:large","max-video-preview":"max-video-preview:-1"},"canonical":"https:\/\/www.ivinio.com\/sv\/produkt\/latium-morini-valpolicella-superiore-doc-campo-prognai-rod\/","og_locale":"sv_SE","og_type":"article","og_title":"Latium Morini Valpolicella Superiore \"Campo Prognai\" - R\u00f6dvin - IVINIO Vinbutik","og_description":"K\u00f6pa Latium Morini Valpolicella Superiore \"Campo Prognai\" - R\u00f6dvin. En ekfatslagrad Valpolicella med inslag av plommon, russin och vanilj.","og_url":"https:\/\/www.ivinio.com\/sv\/produkt\/latium-morini-valpolicella-superiore-doc-campo-prognai-rod\/","og_site_name":"IVINIO Vinbutik","article_publisher":"https:\/\/www.facebook.com\/groups\/165217837022391\/?ref=bookmarks","article_modified_time":"2026-03-31T14:36:46+00:00","og_image":[{"width":500,"height":500,"url":"https:\/\/www.ivinio.com\/wp-content\/uploads\/nc\/public\/modules\/file\/pictures\/4526.latiumvalpolicellasup500x50.jpg","type":"image\/jpeg"}],"twitter_card":"summary_large_image","schema":{"@context":"https:\/\/schema.org","@graph":[{"@type":"WebPage","@id":"https:\/\/www.ivinio.com\/sv\/produkt\/latium-morini-valpolicella-superiore-doc-campo-prognai-rod\/","url":"https:\/\/www.ivinio.com\/sv\/produkt\/latium-morini-valpolicella-superiore-doc-campo-prognai-rod\/","name":"Latium Morini Valpolicella Superiore \"Campo Prognai\" - R\u00f6dvin - IVINIO Vinbutik","isPartOf":{"@id":"https:\/\/www.ivinio.com\/sv\/#website"},"primaryImageOfPage":{"@id":"https:\/\/www.ivinio.com\/sv\/produkt\/latium-morini-valpolicella-superiore-doc-campo-prognai-rod\/#primaryimage"},"image":{"@id":"https:\/\/www.ivinio.com\/sv\/produkt\/latium-morini-valpolicella-superiore-doc-campo-prognai-rod\/#primaryimage"},"thumbnailUrl":"https:\/\/www.ivinio.com\/wp-content\/uploads\/nc\/public\/modules\/file\/pictures\/4526.latiumvalpolicellasup500x50.jpg","datePublished":"2014-05-21T10:20:30+00:00","dateModified":"2026-03-31T14:36:46+00:00","description":"K\u00f6pa Latium Morini Valpolicella Superiore \"Campo Prognai\" - R\u00f6dvin. En ekfatslagrad Valpolicella med inslag av plommon, russin och vanilj.","breadcrumb":{"@id":"https:\/\/www.ivinio.com\/sv\/produkt\/latium-morini-valpolicella-superiore-doc-campo-prognai-rod\/#breadcrumb"},"inLanguage":"sv-SE","potentialAction":[{"@type":"ReadAction","target":["https:\/\/www.ivinio.com\/sv\/produkt\/latium-morini-valpolicella-superiore-doc-campo-prognai-rod\/"]}]},{"@type":"ImageObject","inLanguage":"sv-SE","@id":"https:\/\/www.ivinio.com\/sv\/produkt\/latium-morini-valpolicella-superiore-doc-campo-prognai-rod\/#primaryimage","url":"https:\/\/www.ivinio.com\/wp-content\/uploads\/nc\/public\/modules\/file\/pictures\/4526.latiumvalpolicellasup500x50.jpg","contentUrl":"https:\/\/www.ivinio.com\/wp-content\/uploads\/nc\/public\/modules\/file\/pictures\/4526.latiumvalpolicellasup500x50.jpg","width":500,"height":500,"caption":"Latium Morini Valpolicella Superiore \"Campo Prognai\""},{"@type":"BreadcrumbList","@id":"https:\/\/www.ivinio.com\/sv\/produkt\/latium-morini-valpolicella-superiore-doc-campo-prognai-rod\/#breadcrumb","itemListElement":[{"@type":"ListItem","position":1,"name":"Hem","item":"https:\/\/www.ivinio.com\/sv\/"},{"@type":"ListItem","position":2,"name":"Vinbutik","item":"https:\/\/www.ivinio.com\/sv\/vinbutik\/"},{"@type":"ListItem","position":3,"name":"Latium Morini Valpolicella Superiore DOC &#8220;Campo Prognai&#8221; &#8211; R\u00f6d"}]},{"@type":"WebSite","@id":"https:\/\/www.ivinio.com\/sv\/#website","url":"https:\/\/www.ivinio.com\/sv\/","name":"IVINIO Vinbutik","description":"Vin fr\u00e5n Frankrike och Italien med leverans hem till din d\u00f6rr","publisher":{"@id":"https:\/\/www.ivinio.com\/sv\/#organization"},"potentialAction":[{"@type":"SearchAction","target":{"@type":"EntryPoint","urlTemplate":"https:\/\/www.ivinio.com\/sv\/?s={search_term_string}"},"query-input":{"@type":"PropertyValueSpecification","valueRequired":true,"valueName":"search_term_string"}}],"inLanguage":"sv-SE"},{"@type":"Organization","@id":"https:\/\/www.ivinio.com\/sv\/#organization","name":"IVINIO","url":"https:\/\/www.ivinio.com\/sv\/","logo":{"@type":"ImageObject","inLanguage":"sv-SE","@id":"https:\/\/www.ivinio.com\/sv\/#\/schema\/logo\/image\/","url":"https:\/\/www.ivinio.com\/wp-content\/uploads\/2021\/01\/Logo-Ivinio-v2.jpg","contentUrl":"https:\/\/www.ivinio.com\/wp-content\/uploads\/2021\/01\/Logo-Ivinio-v2.jpg","width":1194,"height":1194,"caption":"IVINIO"},"image":{"@id":"https:\/\/www.ivinio.com\/sv\/#\/schema\/logo\/image\/"},"sameAs":["https:\/\/www.facebook.com\/groups\/165217837022391\/?ref=bookmarks","https:\/\/www.instagram.com\/_ivinio_\/?hl=fr"]}]}},"jetpack_sharing_enabled":true,"_links":{"self":[{"href":"https:\/\/www.ivinio.com\/sv\/wp-json\/wp\/v2\/product\/117281","targetHints":{"allow":["GET"]}}],"collection":[{"href":"https:\/\/www.ivinio.com\/sv\/wp-json\/wp\/v2\/product"}],"about":[{"href":"https:\/\/www.ivinio.com\/sv\/wp-json\/wp\/v2\/types\/product"}],"replies":[{"embeddable":true,"href":"https:\/\/www.ivinio.com\/sv\/wp-json\/wp\/v2\/comments?post=117281"}],"wp:featuredmedia":[{"embeddable":true,"href":"https:\/\/www.ivinio.com\/sv\/wp-json\/wp\/v2\/media\/117282"}],"wp:attachment":[{"href":"https:\/\/www.ivinio.com\/sv\/wp-json\/wp\/v2\/media?parent=117281"}],"wp:term":[{"taxonomy":"product_brand","embeddable":true,"href":"https:\/\/www.ivinio.com\/sv\/wp-json\/wp\/v2\/product_brand?post=117281"},{"taxonomy":"product_cat","embeddable":true,"href":"https:\/\/www.ivinio.com\/sv\/wp-json\/wp\/v2\/product_cat?post=117281"},{"taxonomy":"product_tag","embeddable":true,"href":"https:\/\/www.ivinio.com\/sv\/wp-json\/wp\/v2\/product_tag?post=117281"}],"curies":[{"name":"wp","href":"https:\/\/api.w.org\/{rel}","templated":true}]}}