{"id":117265,"date":"2014-05-21T10:20:30","date_gmt":"2014-05-21T10:20:30","guid":{"rendered":"https:\/\/henrik.www.ivinio.com\/?product=latium-morini-soave-doc-2017-vit"},"modified":"2026-03-31T16:36:56","modified_gmt":"2026-03-31T14:36:56","slug":"latium-morini-soave-doc","status":"publish","type":"product","link":"https:\/\/www.ivinio.com\/sv\/produkt\/latium-morini-soave-doc\/","title":{"rendered":"Latium Morini &#8211; Soave DOC &#8211; Vit"},"content":{"rendered":"<p>Soave fr\u00e5n Latium Morini \u00e4r ett typiskt Soavevin som framst\u00e4llts p\u00e5 85% Garganega och 15% Trebbianodruvor. V\u00e4lbalanserat med friskt smak &#8211;\u00a0ett\u00a0mycket prisv\u00e4rt Soavevin.<\/p>\n","protected":false},"excerpt":{"rendered":"<p>Ett friskt, v\u00e4lgjort\u00a0och typiskt Soave-vin som framst\u00e4llts av 85% Garganega- och 15% Trebbianodruvor. Mycket prisv\u00e4rt kvalitetsvin f\u00f6r de som\u00a0gillar vitvin med Soavekarakt\u00e4r.<\/p>\n","protected":false},"featured_media":117266,"comment_status":"open","ping_status":"closed","template":"","meta":{"_monsterinsights_skip_tracking":false,"_monsterinsights_sitenote_active":false,"_monsterinsights_sitenote_note":"","_monsterinsights_sitenote_category":0,"_uf_show_specific_survey":0,"_uf_disable_surveys":false},"product_brand":[],"product_cat":[39804],"product_tag":[],"class_list":{"0":"post-117265","1":"product","2":"type-product","3":"status-publish","4":"has-post-thumbnail","6":"product_cat-uncategorized","7":"pa_alcohol-degree-12-5-sv","8":"pa_awards-falstaff-sv","9":"pa_classification-dop-soave-sv","10":"pa_color-vit-sv","11":"pa_country-italien-sv","12":"pa_grape-variety-garganega","13":"pa_grape-variety-trebbiano","14":"pa_region-veneto-sv","15":"pa_storage-potential-3-ar-sv","16":"pa_vintage-39899","17":"pa_volume-75-cl-sv","19":"first","20":"outofstock","21":"taxable","22":"shipping-taxable","23":"purchasable","24":"product-type-simple"},"bundled_by":[],"bundle_stock_status":"outofstock","bundle_stock_quantity":null,"bundle_virtual":false,"bundle_layout":"","bundle_add_to_cart_form_location":"","bundle_editable_in_cart":false,"bundle_sold_individually_context":"","bundle_item_grouping":"","bundle_min_size":"","bundle_max_size":"","bundle_price":[],"bundled_items":[],"bundle_sell_ids":[],"yoast_head":"<!-- This site is optimized with the Yoast SEO plugin v27.5 - https:\/\/yoast.com\/product\/yoast-seo-wordpress\/ -->\n<title>K\u00f6pa Latium Morini - Soave DOC - IVINIO Vinbutik<\/title>\n<meta name=\"description\" content=\"Latium Morini - Soave DOC . Ett friskt, fr\u00e4scht och v\u00e4lstrukturerat vitvin Soave Lazio Morini fr\u00e5n Veneto. Bra valuta f\u00f6r pengarna vin.\" \/>\n<meta name=\"robots\" content=\"index, follow, max-snippet:-1, max-image-preview:large, max-video-preview:-1\" \/>\n<link rel=\"canonical\" href=\"https:\/\/www.ivinio.com\/sv\/produkt\/latium-morini-soave-doc\/\" \/>\n<meta property=\"og:locale\" content=\"sv_SE\" \/>\n<meta property=\"og:type\" content=\"article\" \/>\n<meta property=\"og:title\" content=\"K\u00f6pa Latium Morini - Soave DOC - IVINIO Vinbutik\" \/>\n<meta property=\"og:description\" content=\"Latium Morini - Soave DOC . Ett friskt, fr\u00e4scht och v\u00e4lstrukturerat vitvin Soave Lazio Morini fr\u00e5n Veneto. Bra valuta f\u00f6r pengarna vin.\" \/>\n<meta property=\"og:url\" content=\"https:\/\/www.ivinio.com\/sv\/produkt\/latium-morini-soave-doc\/\" \/>\n<meta property=\"og:site_name\" content=\"IVINIO Vinbutik\" \/>\n<meta property=\"article:publisher\" content=\"https:\/\/www.facebook.com\/groups\/165217837022391\/?ref=bookmarks\" \/>\n<meta property=\"article:modified_time\" content=\"2026-03-31T14:36:56+00:00\" \/>\n<meta property=\"og:image\" content=\"https:\/\/www.ivinio.com\/wp-content\/uploads\/nc\/public\/modules\/file\/pictures\/5873.latium-morini-soave-ivinio.jpg\" \/>\n\t<meta property=\"og:image:width\" content=\"500\" \/>\n\t<meta property=\"og:image:height\" content=\"500\" \/>\n\t<meta property=\"og:image:type\" content=\"image\/jpeg\" \/>\n<meta name=\"twitter:card\" content=\"summary_large_image\" \/>\n<script type=\"application\/ld+json\" class=\"yoast-schema-graph\">{\"@context\":\"https:\\\/\\\/schema.org\",\"@graph\":[{\"@type\":\"WebPage\",\"@id\":\"https:\\\/\\\/www.ivinio.com\\\/sv\\\/produkt\\\/latium-morini-soave-doc\\\/\",\"url\":\"https:\\\/\\\/www.ivinio.com\\\/sv\\\/produkt\\\/latium-morini-soave-doc\\\/\",\"name\":\"K\u00f6pa Latium Morini - Soave DOC - IVINIO Vinbutik\",\"isPartOf\":{\"@id\":\"https:\\\/\\\/www.ivinio.com\\\/sv\\\/#website\"},\"primaryImageOfPage\":{\"@id\":\"https:\\\/\\\/www.ivinio.com\\\/sv\\\/produkt\\\/latium-morini-soave-doc\\\/#primaryimage\"},\"image\":{\"@id\":\"https:\\\/\\\/www.ivinio.com\\\/sv\\\/produkt\\\/latium-morini-soave-doc\\\/#primaryimage\"},\"thumbnailUrl\":\"https:\\\/\\\/www.ivinio.com\\\/wp-content\\\/uploads\\\/nc\\\/public\\\/modules\\\/file\\\/pictures\\\/5873.latium-morini-soave-ivinio.jpg\",\"datePublished\":\"2014-05-21T10:20:30+00:00\",\"dateModified\":\"2026-03-31T14:36:56+00:00\",\"description\":\"Latium Morini - Soave DOC . Ett friskt, fr\u00e4scht och v\u00e4lstrukturerat vitvin Soave Lazio Morini fr\u00e5n Veneto. Bra valuta f\u00f6r pengarna vin.\",\"breadcrumb\":{\"@id\":\"https:\\\/\\\/www.ivinio.com\\\/sv\\\/produkt\\\/latium-morini-soave-doc\\\/#breadcrumb\"},\"inLanguage\":\"sv-SE\",\"potentialAction\":[{\"@type\":\"ReadAction\",\"target\":[\"https:\\\/\\\/www.ivinio.com\\\/sv\\\/produkt\\\/latium-morini-soave-doc\\\/\"]}]},{\"@type\":\"ImageObject\",\"inLanguage\":\"sv-SE\",\"@id\":\"https:\\\/\\\/www.ivinio.com\\\/sv\\\/produkt\\\/latium-morini-soave-doc\\\/#primaryimage\",\"url\":\"https:\\\/\\\/www.ivinio.com\\\/wp-content\\\/uploads\\\/nc\\\/public\\\/modules\\\/file\\\/pictures\\\/5873.latium-morini-soave-ivinio.jpg\",\"contentUrl\":\"https:\\\/\\\/www.ivinio.com\\\/wp-content\\\/uploads\\\/nc\\\/public\\\/modules\\\/file\\\/pictures\\\/5873.latium-morini-soave-ivinio.jpg\",\"width\":500,\"height\":500,\"caption\":\"Latium Morini - Soave DOC\"},{\"@type\":\"BreadcrumbList\",\"@id\":\"https:\\\/\\\/www.ivinio.com\\\/sv\\\/produkt\\\/latium-morini-soave-doc\\\/#breadcrumb\",\"itemListElement\":[{\"@type\":\"ListItem\",\"position\":1,\"name\":\"Hem\",\"item\":\"https:\\\/\\\/www.ivinio.com\\\/sv\\\/\"},{\"@type\":\"ListItem\",\"position\":2,\"name\":\"Vinbutik\",\"item\":\"https:\\\/\\\/www.ivinio.com\\\/sv\\\/vinbutik\\\/\"},{\"@type\":\"ListItem\",\"position\":3,\"name\":\"Latium Morini &#8211; Soave DOC &#8211; Vit\"}]},{\"@type\":\"WebSite\",\"@id\":\"https:\\\/\\\/www.ivinio.com\\\/sv\\\/#website\",\"url\":\"https:\\\/\\\/www.ivinio.com\\\/sv\\\/\",\"name\":\"IVINIO Vinbutik\",\"description\":\"Vin fr\u00e5n Frankrike och Italien med leverans hem till din d\u00f6rr\",\"publisher\":{\"@id\":\"https:\\\/\\\/www.ivinio.com\\\/sv\\\/#organization\"},\"potentialAction\":[{\"@type\":\"SearchAction\",\"target\":{\"@type\":\"EntryPoint\",\"urlTemplate\":\"https:\\\/\\\/www.ivinio.com\\\/sv\\\/?s={search_term_string}\"},\"query-input\":{\"@type\":\"PropertyValueSpecification\",\"valueRequired\":true,\"valueName\":\"search_term_string\"}}],\"inLanguage\":\"sv-SE\"},{\"@type\":\"Organization\",\"@id\":\"https:\\\/\\\/www.ivinio.com\\\/sv\\\/#organization\",\"name\":\"IVINIO\",\"url\":\"https:\\\/\\\/www.ivinio.com\\\/sv\\\/\",\"logo\":{\"@type\":\"ImageObject\",\"inLanguage\":\"sv-SE\",\"@id\":\"https:\\\/\\\/www.ivinio.com\\\/sv\\\/#\\\/schema\\\/logo\\\/image\\\/\",\"url\":\"https:\\\/\\\/www.ivinio.com\\\/wp-content\\\/uploads\\\/2021\\\/01\\\/Logo-Ivinio-v2.jpg\",\"contentUrl\":\"https:\\\/\\\/www.ivinio.com\\\/wp-content\\\/uploads\\\/2021\\\/01\\\/Logo-Ivinio-v2.jpg\",\"width\":1194,\"height\":1194,\"caption\":\"IVINIO\"},\"image\":{\"@id\":\"https:\\\/\\\/www.ivinio.com\\\/sv\\\/#\\\/schema\\\/logo\\\/image\\\/\"},\"sameAs\":[\"https:\\\/\\\/www.facebook.com\\\/groups\\\/165217837022391\\\/?ref=bookmarks\",\"https:\\\/\\\/www.instagram.com\\\/_ivinio_\\\/?hl=fr\"]}]}<\/script>\n<!-- \/ Yoast SEO plugin. -->","yoast_head_json":{"title":"K\u00f6pa Latium Morini - Soave DOC - IVINIO Vinbutik","description":"Latium Morini - Soave DOC . Ett friskt, fr\u00e4scht och v\u00e4lstrukturerat vitvin Soave Lazio Morini fr\u00e5n Veneto. Bra valuta f\u00f6r pengarna vin.","robots":{"index":"index","follow":"follow","max-snippet":"max-snippet:-1","max-image-preview":"max-image-preview:large","max-video-preview":"max-video-preview:-1"},"canonical":"https:\/\/www.ivinio.com\/sv\/produkt\/latium-morini-soave-doc\/","og_locale":"sv_SE","og_type":"article","og_title":"K\u00f6pa Latium Morini - Soave DOC - IVINIO Vinbutik","og_description":"Latium Morini - Soave DOC . Ett friskt, fr\u00e4scht och v\u00e4lstrukturerat vitvin Soave Lazio Morini fr\u00e5n Veneto. Bra valuta f\u00f6r pengarna vin.","og_url":"https:\/\/www.ivinio.com\/sv\/produkt\/latium-morini-soave-doc\/","og_site_name":"IVINIO Vinbutik","article_publisher":"https:\/\/www.facebook.com\/groups\/165217837022391\/?ref=bookmarks","article_modified_time":"2026-03-31T14:36:56+00:00","og_image":[{"width":500,"height":500,"url":"https:\/\/www.ivinio.com\/wp-content\/uploads\/nc\/public\/modules\/file\/pictures\/5873.latium-morini-soave-ivinio.jpg","type":"image\/jpeg"}],"twitter_card":"summary_large_image","schema":{"@context":"https:\/\/schema.org","@graph":[{"@type":"WebPage","@id":"https:\/\/www.ivinio.com\/sv\/produkt\/latium-morini-soave-doc\/","url":"https:\/\/www.ivinio.com\/sv\/produkt\/latium-morini-soave-doc\/","name":"K\u00f6pa Latium Morini - Soave DOC - IVINIO Vinbutik","isPartOf":{"@id":"https:\/\/www.ivinio.com\/sv\/#website"},"primaryImageOfPage":{"@id":"https:\/\/www.ivinio.com\/sv\/produkt\/latium-morini-soave-doc\/#primaryimage"},"image":{"@id":"https:\/\/www.ivinio.com\/sv\/produkt\/latium-morini-soave-doc\/#primaryimage"},"thumbnailUrl":"https:\/\/www.ivinio.com\/wp-content\/uploads\/nc\/public\/modules\/file\/pictures\/5873.latium-morini-soave-ivinio.jpg","datePublished":"2014-05-21T10:20:30+00:00","dateModified":"2026-03-31T14:36:56+00:00","description":"Latium Morini - Soave DOC . Ett friskt, fr\u00e4scht och v\u00e4lstrukturerat vitvin Soave Lazio Morini fr\u00e5n Veneto. Bra valuta f\u00f6r pengarna vin.","breadcrumb":{"@id":"https:\/\/www.ivinio.com\/sv\/produkt\/latium-morini-soave-doc\/#breadcrumb"},"inLanguage":"sv-SE","potentialAction":[{"@type":"ReadAction","target":["https:\/\/www.ivinio.com\/sv\/produkt\/latium-morini-soave-doc\/"]}]},{"@type":"ImageObject","inLanguage":"sv-SE","@id":"https:\/\/www.ivinio.com\/sv\/produkt\/latium-morini-soave-doc\/#primaryimage","url":"https:\/\/www.ivinio.com\/wp-content\/uploads\/nc\/public\/modules\/file\/pictures\/5873.latium-morini-soave-ivinio.jpg","contentUrl":"https:\/\/www.ivinio.com\/wp-content\/uploads\/nc\/public\/modules\/file\/pictures\/5873.latium-morini-soave-ivinio.jpg","width":500,"height":500,"caption":"Latium Morini - Soave DOC"},{"@type":"BreadcrumbList","@id":"https:\/\/www.ivinio.com\/sv\/produkt\/latium-morini-soave-doc\/#breadcrumb","itemListElement":[{"@type":"ListItem","position":1,"name":"Hem","item":"https:\/\/www.ivinio.com\/sv\/"},{"@type":"ListItem","position":2,"name":"Vinbutik","item":"https:\/\/www.ivinio.com\/sv\/vinbutik\/"},{"@type":"ListItem","position":3,"name":"Latium Morini &#8211; Soave DOC &#8211; Vit"}]},{"@type":"WebSite","@id":"https:\/\/www.ivinio.com\/sv\/#website","url":"https:\/\/www.ivinio.com\/sv\/","name":"IVINIO Vinbutik","description":"Vin fr\u00e5n Frankrike och Italien med leverans hem till din d\u00f6rr","publisher":{"@id":"https:\/\/www.ivinio.com\/sv\/#organization"},"potentialAction":[{"@type":"SearchAction","target":{"@type":"EntryPoint","urlTemplate":"https:\/\/www.ivinio.com\/sv\/?s={search_term_string}"},"query-input":{"@type":"PropertyValueSpecification","valueRequired":true,"valueName":"search_term_string"}}],"inLanguage":"sv-SE"},{"@type":"Organization","@id":"https:\/\/www.ivinio.com\/sv\/#organization","name":"IVINIO","url":"https:\/\/www.ivinio.com\/sv\/","logo":{"@type":"ImageObject","inLanguage":"sv-SE","@id":"https:\/\/www.ivinio.com\/sv\/#\/schema\/logo\/image\/","url":"https:\/\/www.ivinio.com\/wp-content\/uploads\/2021\/01\/Logo-Ivinio-v2.jpg","contentUrl":"https:\/\/www.ivinio.com\/wp-content\/uploads\/2021\/01\/Logo-Ivinio-v2.jpg","width":1194,"height":1194,"caption":"IVINIO"},"image":{"@id":"https:\/\/www.ivinio.com\/sv\/#\/schema\/logo\/image\/"},"sameAs":["https:\/\/www.facebook.com\/groups\/165217837022391\/?ref=bookmarks","https:\/\/www.instagram.com\/_ivinio_\/?hl=fr"]}]}},"jetpack_sharing_enabled":true,"_links":{"self":[{"href":"https:\/\/www.ivinio.com\/sv\/wp-json\/wp\/v2\/product\/117265","targetHints":{"allow":["GET"]}}],"collection":[{"href":"https:\/\/www.ivinio.com\/sv\/wp-json\/wp\/v2\/product"}],"about":[{"href":"https:\/\/www.ivinio.com\/sv\/wp-json\/wp\/v2\/types\/product"}],"replies":[{"embeddable":true,"href":"https:\/\/www.ivinio.com\/sv\/wp-json\/wp\/v2\/comments?post=117265"}],"wp:featuredmedia":[{"embeddable":true,"href":"https:\/\/www.ivinio.com\/sv\/wp-json\/wp\/v2\/media\/117266"}],"wp:attachment":[{"href":"https:\/\/www.ivinio.com\/sv\/wp-json\/wp\/v2\/media?parent=117265"}],"wp:term":[{"taxonomy":"product_brand","embeddable":true,"href":"https:\/\/www.ivinio.com\/sv\/wp-json\/wp\/v2\/product_brand?post=117265"},{"taxonomy":"product_cat","embeddable":true,"href":"https:\/\/www.ivinio.com\/sv\/wp-json\/wp\/v2\/product_cat?post=117265"},{"taxonomy":"product_tag","embeddable":true,"href":"https:\/\/www.ivinio.com\/sv\/wp-json\/wp\/v2\/product_tag?post=117265"}],"curies":[{"name":"wp","href":"https:\/\/api.w.org\/{rel}","templated":true}]}}