{"id":69200,"date":"2020-09-19T14:46:37","date_gmt":"2020-09-19T12:46:37","guid":{"rendered":"https:\/\/henrik.www.ivinio.com\/ivinio\/"},"modified":"2021-08-23T18:31:05","modified_gmt":"2021-08-23T16:31:05","slug":"ivinio-boutique","status":"publish","type":"page","link":"https:\/\/www.ivinio.com\/sv\/ivinio-boutique\/","title":{"rendered":"IVINIO boutique"},"content":{"rendered":"<div class=\"wpb-content-wrapper\"><p>[vc_row][vc_column][vc_column_text]<\/p>\n<h2><strong>IVINIO BOUTIQUE<\/strong><\/h2>\n<p>[\/vc_column_text][vc_separator color=&#8221;custom&#8221; style=&#8221;double&#8221; border_width=&#8221;8&#8243; accent_color=&#8221;#e6e6e8&#8243;][\/vc_column][\/vc_row][vc_row][vc_column width=&#8221;1\/2&#8243;][vc_column_text]Vid sidan av websajten IVINIO d\u00e4r vi erbjuder franska och italienska viner till f\u00f6rs\u00e4ljning och leverans direkt hem till d\u00f6rren, finns \u00e4ven IVINIO som butik mitt i Nice i s\u00f6dra Frankrike.<\/p>\n<p>Vinerna som erbjuds i butiken \u00e4r i stort s\u00e4tt desamma som de som erbjuds p\u00e5 websajten, f\u00f6rutom att det i butiken ocks\u00e5 finns diverse delikatessprodukter s\u00e5som specialiter fr\u00e5n \u201dManoir Alexandre\u201d.<\/p>\n<p>Ni \u00e4r hj\u00e4rtligt v\u00e4lkomna att bes\u00f6ka oss under v\u00e5ra \u00f6ppettider som \u00e4r kl. 10 till kl. 12.30 och fr\u00e5n kl. 15.00 till kl. 19.30.<br \/>\nIvinio \u00e4r ocks\u00e5 \u00f6ppet p\u00e5 m\u00e5ndag eftermiddag\u00a0fr\u00e5n kl. 16\u00a0till kl 19.30.<\/p>\n<p>Vi erbjuder regelbundet smakprovningar och andra evenemang i butiken. Ni finner regelbundet information om v\u00e5ra aktiviteter genom v\u00e5r blog, v\u00e5r Facebooksida IVINIO eller genom Facebook gruppen \u201dIVINIO Boutique\u201d.<\/p>\n<p>Vi tar emot p\u00e5 svenska, danska, norska, engelska, franska, tyska och italienska.<\/p>\n<div style=\"background: #eeeeee; padding: 5px 10px; border: 1px solid #cccccc;\">IVINIO Boutique<br \/>\n69, boulevard de Cessole<br \/>\n06100 Nice<br \/>\nN\u00b0 de t\u00e9l\u00e9phone : 04 22 167 113<\/div>\n<p>&nbsp;<\/p>\n<p>A bient\u00f4t !<\/p>\n<p><strong>H\u00e9l\u00e8ne &amp; Henrik Tauson<\/strong>[\/vc_column_text][\/vc_column][vc_column width=&#8221;1\/2&#8243;][vc_single_image image=&#8221;69187&#8243; img_size=&#8221;large&#8221; alignment=&#8221;right&#8221; style=&#8221;vc_box_shadow&#8221;][\/vc_column][\/vc_row]<\/p>\n<\/div>","protected":false},"excerpt":{"rendered":"<p>[vc_row][vc_column][vc_column_text] IVINIO BOUTIQUE [\/vc_column_text][vc_separator color=&#8221;custom&#8221; style=&#8221;double&#8221; border_width=&#8221;8&#8243; accent_color=&#8221;#e6e6e8&#8243;][\/vc_column][\/vc_row][vc_row][vc_column width=&#8221;1\/2&#8243;][vc_column_text]Vid sidan av websajten IVINIO d\u00e4r vi erbjuder franska och italienska viner till f\u00f6rs\u00e4ljning och leverans direkt hem till d\u00f6rren, finns \u00e4ven IVINIO som butik mitt i Nice i s\u00f6dra Frankrike. Vinerna som erbjuds i butiken \u00e4r i stort s\u00e4tt desamma som de som erbjuds p\u00e5 websajten, [&hellip;]<\/p>\n","protected":false},"author":1746,"featured_media":0,"parent":0,"menu_order":0,"comment_status":"open","ping_status":"closed","template":"","meta":{"_monsterinsights_skip_tracking":false,"_monsterinsights_sitenote_active":false,"_monsterinsights_sitenote_note":"","_monsterinsights_sitenote_category":0,"_uf_show_specific_survey":0,"_uf_disable_surveys":false,"footnotes":""},"class_list":["post-69200","page","type-page","status-publish","hentry"],"yoast_head":"<!-- This site is optimized with the Yoast SEO plugin v27.5 - https:\/\/yoast.com\/product\/yoast-seo-wordpress\/ -->\n<title>IVINIO boutique - IVINIO Vinbutik<\/title>\n<meta name=\"robots\" content=\"index, follow, max-snippet:-1, max-image-preview:large, max-video-preview:-1\" \/>\n<link rel=\"canonical\" href=\"https:\/\/www.ivinio.com\/sv\/ivinio-boutique\/\" \/>\n<meta property=\"og:locale\" content=\"sv_SE\" \/>\n<meta property=\"og:type\" content=\"article\" \/>\n<meta property=\"og:title\" content=\"IVINIO boutique - IVINIO Vinbutik\" \/>\n<meta property=\"og:description\" content=\"[vc_row][vc_column][vc_column_text] IVINIO BOUTIQUE [\/vc_column_text][vc_separator color=&#8221;custom&#8221; style=&#8221;double&#8221; border_width=&#8221;8&#8243; accent_color=&#8221;#e6e6e8&#8243;][\/vc_column][\/vc_row][vc_row][vc_column width=&#8221;1\/2&#8243;][vc_column_text]Vid sidan av websajten IVINIO d\u00e4r vi erbjuder franska och italienska viner till f\u00f6rs\u00e4ljning och leverans direkt hem till d\u00f6rren, finns \u00e4ven IVINIO som butik mitt i Nice i s\u00f6dra Frankrike. Vinerna som erbjuds i butiken \u00e4r i stort s\u00e4tt desamma som de som erbjuds p\u00e5 websajten, [&hellip;]\" \/>\n<meta property=\"og:url\" content=\"https:\/\/www.ivinio.com\/sv\/ivinio-boutique\/\" \/>\n<meta property=\"og:site_name\" content=\"IVINIO Vinbutik\" \/>\n<meta property=\"article:publisher\" content=\"https:\/\/www.facebook.com\/groups\/165217837022391\/?ref=bookmarks\" \/>\n<meta property=\"article:modified_time\" content=\"2021-08-23T16:31:05+00:00\" \/>\n<meta name=\"twitter:card\" content=\"summary_large_image\" \/>\n<meta name=\"twitter:label1\" content=\"Ber\u00e4knad l\u00e4stid\" \/>\n\t<meta name=\"twitter:data1\" content=\"1 minut\" \/>\n<script type=\"application\/ld+json\" class=\"yoast-schema-graph\">{\"@context\":\"https:\\\/\\\/schema.org\",\"@graph\":[{\"@type\":\"WebPage\",\"@id\":\"https:\\\/\\\/www.ivinio.com\\\/sv\\\/ivinio-boutique\\\/\",\"url\":\"https:\\\/\\\/www.ivinio.com\\\/sv\\\/ivinio-boutique\\\/\",\"name\":\"IVINIO boutique - IVINIO Vinbutik\",\"isPartOf\":{\"@id\":\"https:\\\/\\\/www.ivinio.com\\\/sv\\\/#website\"},\"datePublished\":\"2020-09-19T12:46:37+00:00\",\"dateModified\":\"2021-08-23T16:31:05+00:00\",\"breadcrumb\":{\"@id\":\"https:\\\/\\\/www.ivinio.com\\\/sv\\\/ivinio-boutique\\\/#breadcrumb\"},\"inLanguage\":\"sv-SE\",\"potentialAction\":[{\"@type\":\"ReadAction\",\"target\":[\"https:\\\/\\\/www.ivinio.com\\\/sv\\\/ivinio-boutique\\\/\"]}]},{\"@type\":\"BreadcrumbList\",\"@id\":\"https:\\\/\\\/www.ivinio.com\\\/sv\\\/ivinio-boutique\\\/#breadcrumb\",\"itemListElement\":[{\"@type\":\"ListItem\",\"position\":1,\"name\":\"Hem\",\"item\":\"https:\\\/\\\/www.ivinio.com\\\/sv\\\/\"},{\"@type\":\"ListItem\",\"position\":2,\"name\":\"IVINIO boutique\"}]},{\"@type\":\"WebSite\",\"@id\":\"https:\\\/\\\/www.ivinio.com\\\/sv\\\/#website\",\"url\":\"https:\\\/\\\/www.ivinio.com\\\/sv\\\/\",\"name\":\"IVINIO Vinbutik\",\"description\":\"Vin fr\u00e5n Frankrike och Italien med leverans hem till din d\u00f6rr\",\"publisher\":{\"@id\":\"https:\\\/\\\/www.ivinio.com\\\/sv\\\/#organization\"},\"potentialAction\":[{\"@type\":\"SearchAction\",\"target\":{\"@type\":\"EntryPoint\",\"urlTemplate\":\"https:\\\/\\\/www.ivinio.com\\\/sv\\\/?s={search_term_string}\"},\"query-input\":{\"@type\":\"PropertyValueSpecification\",\"valueRequired\":true,\"valueName\":\"search_term_string\"}}],\"inLanguage\":\"sv-SE\"},{\"@type\":\"Organization\",\"@id\":\"https:\\\/\\\/www.ivinio.com\\\/sv\\\/#organization\",\"name\":\"IVINIO\",\"url\":\"https:\\\/\\\/www.ivinio.com\\\/sv\\\/\",\"logo\":{\"@type\":\"ImageObject\",\"inLanguage\":\"sv-SE\",\"@id\":\"https:\\\/\\\/www.ivinio.com\\\/sv\\\/#\\\/schema\\\/logo\\\/image\\\/\",\"url\":\"https:\\\/\\\/www.ivinio.com\\\/wp-content\\\/uploads\\\/2021\\\/01\\\/Logo-Ivinio-v2.jpg\",\"contentUrl\":\"https:\\\/\\\/www.ivinio.com\\\/wp-content\\\/uploads\\\/2021\\\/01\\\/Logo-Ivinio-v2.jpg\",\"width\":1194,\"height\":1194,\"caption\":\"IVINIO\"},\"image\":{\"@id\":\"https:\\\/\\\/www.ivinio.com\\\/sv\\\/#\\\/schema\\\/logo\\\/image\\\/\"},\"sameAs\":[\"https:\\\/\\\/www.facebook.com\\\/groups\\\/165217837022391\\\/?ref=bookmarks\",\"https:\\\/\\\/www.instagram.com\\\/_ivinio_\\\/?hl=fr\"]}]}<\/script>\n<!-- \/ Yoast SEO plugin. -->","yoast_head_json":{"title":"IVINIO boutique - IVINIO Vinbutik","robots":{"index":"index","follow":"follow","max-snippet":"max-snippet:-1","max-image-preview":"max-image-preview:large","max-video-preview":"max-video-preview:-1"},"canonical":"https:\/\/www.ivinio.com\/sv\/ivinio-boutique\/","og_locale":"sv_SE","og_type":"article","og_title":"IVINIO boutique - IVINIO Vinbutik","og_description":"[vc_row][vc_column][vc_column_text] IVINIO BOUTIQUE [\/vc_column_text][vc_separator color=&#8221;custom&#8221; style=&#8221;double&#8221; border_width=&#8221;8&#8243; accent_color=&#8221;#e6e6e8&#8243;][\/vc_column][\/vc_row][vc_row][vc_column width=&#8221;1\/2&#8243;][vc_column_text]Vid sidan av websajten IVINIO d\u00e4r vi erbjuder franska och italienska viner till f\u00f6rs\u00e4ljning och leverans direkt hem till d\u00f6rren, finns \u00e4ven IVINIO som butik mitt i Nice i s\u00f6dra Frankrike. Vinerna som erbjuds i butiken \u00e4r i stort s\u00e4tt desamma som de som erbjuds p\u00e5 websajten, [&hellip;]","og_url":"https:\/\/www.ivinio.com\/sv\/ivinio-boutique\/","og_site_name":"IVINIO Vinbutik","article_publisher":"https:\/\/www.facebook.com\/groups\/165217837022391\/?ref=bookmarks","article_modified_time":"2021-08-23T16:31:05+00:00","twitter_card":"summary_large_image","twitter_misc":{"Ber\u00e4knad l\u00e4stid":"1 minut"},"schema":{"@context":"https:\/\/schema.org","@graph":[{"@type":"WebPage","@id":"https:\/\/www.ivinio.com\/sv\/ivinio-boutique\/","url":"https:\/\/www.ivinio.com\/sv\/ivinio-boutique\/","name":"IVINIO boutique - IVINIO Vinbutik","isPartOf":{"@id":"https:\/\/www.ivinio.com\/sv\/#website"},"datePublished":"2020-09-19T12:46:37+00:00","dateModified":"2021-08-23T16:31:05+00:00","breadcrumb":{"@id":"https:\/\/www.ivinio.com\/sv\/ivinio-boutique\/#breadcrumb"},"inLanguage":"sv-SE","potentialAction":[{"@type":"ReadAction","target":["https:\/\/www.ivinio.com\/sv\/ivinio-boutique\/"]}]},{"@type":"BreadcrumbList","@id":"https:\/\/www.ivinio.com\/sv\/ivinio-boutique\/#breadcrumb","itemListElement":[{"@type":"ListItem","position":1,"name":"Hem","item":"https:\/\/www.ivinio.com\/sv\/"},{"@type":"ListItem","position":2,"name":"IVINIO boutique"}]},{"@type":"WebSite","@id":"https:\/\/www.ivinio.com\/sv\/#website","url":"https:\/\/www.ivinio.com\/sv\/","name":"IVINIO Vinbutik","description":"Vin fr\u00e5n Frankrike och Italien med leverans hem till din d\u00f6rr","publisher":{"@id":"https:\/\/www.ivinio.com\/sv\/#organization"},"potentialAction":[{"@type":"SearchAction","target":{"@type":"EntryPoint","urlTemplate":"https:\/\/www.ivinio.com\/sv\/?s={search_term_string}"},"query-input":{"@type":"PropertyValueSpecification","valueRequired":true,"valueName":"search_term_string"}}],"inLanguage":"sv-SE"},{"@type":"Organization","@id":"https:\/\/www.ivinio.com\/sv\/#organization","name":"IVINIO","url":"https:\/\/www.ivinio.com\/sv\/","logo":{"@type":"ImageObject","inLanguage":"sv-SE","@id":"https:\/\/www.ivinio.com\/sv\/#\/schema\/logo\/image\/","url":"https:\/\/www.ivinio.com\/wp-content\/uploads\/2021\/01\/Logo-Ivinio-v2.jpg","contentUrl":"https:\/\/www.ivinio.com\/wp-content\/uploads\/2021\/01\/Logo-Ivinio-v2.jpg","width":1194,"height":1194,"caption":"IVINIO"},"image":{"@id":"https:\/\/www.ivinio.com\/sv\/#\/schema\/logo\/image\/"},"sameAs":["https:\/\/www.facebook.com\/groups\/165217837022391\/?ref=bookmarks","https:\/\/www.instagram.com\/_ivinio_\/?hl=fr"]}]}},"jetpack_shortlink":"https:\/\/wp.me\/PcK36q-i08","jetpack_sharing_enabled":true,"_links":{"self":[{"href":"https:\/\/www.ivinio.com\/sv\/wp-json\/wp\/v2\/pages\/69200","targetHints":{"allow":["GET"]}}],"collection":[{"href":"https:\/\/www.ivinio.com\/sv\/wp-json\/wp\/v2\/pages"}],"about":[{"href":"https:\/\/www.ivinio.com\/sv\/wp-json\/wp\/v2\/types\/page"}],"author":[{"embeddable":true,"href":"https:\/\/www.ivinio.com\/sv\/wp-json\/wp\/v2\/users\/1746"}],"replies":[{"embeddable":true,"href":"https:\/\/www.ivinio.com\/sv\/wp-json\/wp\/v2\/comments?post=69200"}],"version-history":[{"count":0,"href":"https:\/\/www.ivinio.com\/sv\/wp-json\/wp\/v2\/pages\/69200\/revisions"}],"wp:attachment":[{"href":"https:\/\/www.ivinio.com\/sv\/wp-json\/wp\/v2\/media?parent=69200"}],"curies":[{"name":"wp","href":"https:\/\/api.w.org\/{rel}","templated":true}]}}