{"id":69173,"date":"2020-09-19T13:18:43","date_gmt":"2020-09-19T11:18:43","guid":{"rendered":"https:\/\/henrik.www.ivinio.com\/om-oss\/"},"modified":"2021-08-25T19:53:14","modified_gmt":"2021-08-25T17:53:14","slug":"om-ivinio","status":"publish","type":"page","link":"https:\/\/www.ivinio.com\/sv\/om-ivinio\/","title":{"rendered":"Om IVINIO"},"content":{"rendered":"<div class=\"wpb-content-wrapper\"><p>[vc_row][vc_column][vc_column_text]<\/p>\n<h2 id=\"page-title\"><strong>OM IVINIO<\/strong><\/h2>\n<p>[\/vc_column_text][vc_separator color=&#8221;custom&#8221; style=&#8221;double&#8221; border_width=&#8221;8&#8243; accent_color=&#8221;#e6e6e8&#8243;][\/vc_column][\/vc_row][vc_row css=&#8221;.vc_custom_1494840085149{margin-top: 15px !important;margin-bottom: 30px !important;}&#8221; el_class=&#8221;about-us&#8221;][vc_column width=&#8221;1\/2&#8243;][vc_column_text css=&#8221;.vc_custom_1598968140992{margin-bottom: 0px !important;}&#8221;]IVINIO \u00e4r en marknadsplats f\u00f6r engagerade vinentusiaster som s\u00f6ker viner fr\u00e5n den gamla v\u00e4rlden, Frankrike och Italien, av h\u00f6gsta kvalitet till b\u00e4sta pris. <strong>V\u00e5r aff\u00e4rsid\u00e9 \u00e4r i m\u00e5nga avseenden unik:<\/strong><\/p>\n<p>-Vi arbetar direkt med vinodlarna. V\u00e5ra viner kommer direkt fr\u00e5n vinodlarnas lager vilket garanterar en s\u00e4ker och kvalitativ lagerh\u00e5llning. Att arbeta utan mellanh\u00e4nder g\u00f6r det dessutom m\u00f6jligt f\u00f6r oss att erbjuda konkurrenskraftiga priser.<\/p>\n<p><strong>-V<\/strong><strong>\u00e5rt utbud \u00e4r fokuserat p<\/strong><strong>\u00e5 franska och italienska viner d<\/strong><strong>\u00e5 det r<\/strong><strong>\u00e5kar vara de l\u00e4nderna vi f\u00f6rst<\/strong><strong>\u00e5r oss b\u00e4st p<\/strong><strong>\u00e5.<\/strong>\u00a0Vi anser ocks\u00e5 att dessa 2 l\u00e4nder representerar det b\u00e4sta av v\u00e4rldens vinproduktion med det mest varierande utbudet av gott vin f\u00f6r alla r\u00e4tter och alla smaker.<\/p>\n<p>-IVINIO finns som vinbutik i Frankrike. De viner vi erbjuder h\u00e4r \u00e4r till stor del desamma som finns i butiken. V\u00e5ra viner finns i butikslager och \u00e4r inga volymviner erbjudna f\u00f6r export, utan kvalitetsviner som dricks av fransm\u00e4nnen och italienarna sj\u00e4lva men som i m\u00e5nga fall aldrig n\u00e5r svenska konsumenter.<\/p>\n<p><strong>-Vi k\u00f6per endast viner vi valt ut efter provsmakning.<\/strong>\u00a0Vi k\u00f6per inga lagerpartier, men v\u00e4ljer genom v\u00e5r interna smakpanel ut de viner vi vill erbjuda v\u00e5ra kunder.<\/p>\n<p>-Vi sk\u00f6ter allt efter best\u00e4llning, betalning av vinskatt, svensk moms och transport fr\u00e5n v\u00e5rt lager direkt hem till d\u00f6rren.[\/vc_column_text][\/vc_column][vc_column width=&#8221;1\/2&#8243;]\t\t<div class=\"ftc-smooth-image smooth-image ftc-smooth\">\r\n\t\t\t\t\t\t\t\t<img decoding=\"async\" width=\"570\" height=\"354\" data-src=\"https:\/\/www.ivinio.com\/wp-content\/uploads\/2020\/09\/qui-sommes-nous-1.jpg\" class=\"img lazyload\" alt=\"\" data-srcset=\"https:\/\/www.ivinio.com\/wp-content\/uploads\/2020\/09\/qui-sommes-nous-1.jpg 570w, https:\/\/www.ivinio.com\/wp-content\/uploads\/2020\/09\/qui-sommes-nous-1-500x311.jpg 500w, https:\/\/www.ivinio.com\/wp-content\/uploads\/2020\/09\/qui-sommes-nous-1-300x186.jpg 300w\" data-sizes=\"(max-width: 570px) 100vw, 570px\" src=\"data:image\/gif;base64,R0lGODlhAQABAAAAACH5BAEKAAEALAAAAAABAAEAAAICTAEAOw==\" style=\"--smush-placeholder-width: 570px; --smush-placeholder-aspect-ratio: 570\/354;\" \/> \r\n\t\t\t\t\t\t\t<\/div>\r\n\t\t\t[\/vc_column][\/vc_row][vc_row el_class=&#8221;about-us&#8221;][vc_column][vc_column_text css=&#8221;.vc_custom_1600076934047{background-color: #f3f3f3 !important;}&#8221;]<strong>&#8220;IVINIO.com<\/strong> \u00e4gs av SAS IVINIO, ett franskregistrerat f\u00f6retag som skapats av mig sj\u00e4lv under 2013 efter att tidigare arbetat hela mitt arbetsliv i mat-, vin &amp; spritbranchen. Efter att f\u00f6rst ha startat v\u00e5r f\u00f6rs\u00e4ljning av vin till Sverige, har Ivinio utvecklats till b\u00e5de butik i Frankrike och har senare ocks\u00e5 vidgat sin f\u00f6rs\u00e4ljning till andra l\u00e4nder. Vi fokuserar v\u00e5rt utbud p\u00e5 enskilda vinodlare med h\u00f6g renomm\u00e9 i hemlandet, ofta genom utm\u00e4rkelser.&#8221;<\/p>\n<h3><\/h3>\n<h3><em>HENRIK TAUSON<br \/>\nGRUNDARE F\u00d6R VERKSAMHETEN<\/em><\/h3>\n<p>[\/vc_column_text][\/vc_column][\/vc_row]<\/p>\n<\/div>","protected":false},"excerpt":{"rendered":"<p>[vc_row][vc_column][vc_column_text] OM IVINIO [\/vc_column_text][vc_separator color=&#8221;custom&#8221; style=&#8221;double&#8221; border_width=&#8221;8&#8243; accent_color=&#8221;#e6e6e8&#8243;][\/vc_column][\/vc_row][vc_row css=&#8221;.vc_custom_1494840085149{margin-top: 15px !important;margin-bottom: 30px !important;}&#8221; el_class=&#8221;about-us&#8221;][vc_column width=&#8221;1\/2&#8243;][vc_column_text css=&#8221;.vc_custom_1598968140992{margin-bottom: 0px !important;}&#8221;]IVINIO \u00e4r en marknadsplats f\u00f6r engagerade vinentusiaster som s\u00f6ker viner fr\u00e5n den gamla v\u00e4rlden, Frankrike och Italien, av h\u00f6gsta kvalitet till b\u00e4sta pris. V\u00e5r aff\u00e4rsid\u00e9 \u00e4r i m\u00e5nga avseenden unik: -Vi arbetar direkt med vinodlarna. V\u00e5ra viner kommer [&hellip;]<\/p>\n","protected":false},"author":1746,"featured_media":0,"parent":0,"menu_order":0,"comment_status":"closed","ping_status":"closed","template":"","meta":{"_monsterinsights_skip_tracking":false,"_monsterinsights_sitenote_active":false,"_monsterinsights_sitenote_note":"","_monsterinsights_sitenote_category":0,"_uf_show_specific_survey":0,"_uf_disable_surveys":false,"footnotes":""},"class_list":["post-69173","page","type-page","status-publish","hentry"],"yoast_head":"<!-- This site is optimized with the Yoast SEO plugin v27.4 - https:\/\/yoast.com\/product\/yoast-seo-wordpress\/ -->\n<title>Om IVINIO - IVINIO Vinbutik<\/title>\n<meta name=\"description\" content=\"IVINIO \u00e4r en marknadsplats f\u00f6r engagerade vinentusiaster som s\u00f6ker viner fr\u00e5n den gamla v\u00e4rlden, Frankrike och Italien, av h\u00f6gsta kvalitet till b\u00e4sta pris.\" \/>\n<meta name=\"robots\" content=\"index, follow, max-snippet:-1, max-image-preview:large, max-video-preview:-1\" \/>\n<link rel=\"canonical\" href=\"https:\/\/www.ivinio.com\/sv\/om-ivinio\/\" \/>\n<meta property=\"og:locale\" content=\"sv_SE\" \/>\n<meta property=\"og:type\" content=\"article\" \/>\n<meta property=\"og:title\" content=\"Om IVINIO - IVINIO Vinbutik\" \/>\n<meta property=\"og:description\" content=\"IVINIO \u00e4r en marknadsplats f\u00f6r engagerade vinentusiaster som s\u00f6ker viner fr\u00e5n den gamla v\u00e4rlden, Frankrike och Italien, av h\u00f6gsta kvalitet till b\u00e4sta pris.\" \/>\n<meta property=\"og:url\" content=\"https:\/\/www.ivinio.com\/sv\/om-ivinio\/\" \/>\n<meta property=\"og:site_name\" content=\"IVINIO Vinbutik\" \/>\n<meta property=\"article:publisher\" content=\"https:\/\/www.facebook.com\/groups\/165217837022391\/?ref=bookmarks\" \/>\n<meta property=\"article:modified_time\" content=\"2021-08-25T17:53:14+00:00\" \/>\n<meta name=\"twitter:card\" content=\"summary_large_image\" \/>\n<meta name=\"twitter:label1\" content=\"Ber\u00e4knad l\u00e4stid\" \/>\n\t<meta name=\"twitter:data1\" content=\"2 minuter\" \/>\n<script type=\"application\/ld+json\" class=\"yoast-schema-graph\">{\"@context\":\"https:\\\/\\\/schema.org\",\"@graph\":[{\"@type\":\"WebPage\",\"@id\":\"https:\\\/\\\/www.ivinio.com\\\/sv\\\/om-ivinio\\\/\",\"url\":\"https:\\\/\\\/www.ivinio.com\\\/sv\\\/om-ivinio\\\/\",\"name\":\"Om IVINIO - IVINIO Vinbutik\",\"isPartOf\":{\"@id\":\"https:\\\/\\\/www.ivinio.com\\\/sv\\\/#website\"},\"datePublished\":\"2020-09-19T11:18:43+00:00\",\"dateModified\":\"2021-08-25T17:53:14+00:00\",\"description\":\"IVINIO \u00e4r en marknadsplats f\u00f6r engagerade vinentusiaster som s\u00f6ker viner fr\u00e5n den gamla v\u00e4rlden, Frankrike och Italien, av h\u00f6gsta kvalitet till b\u00e4sta pris.\",\"breadcrumb\":{\"@id\":\"https:\\\/\\\/www.ivinio.com\\\/sv\\\/om-ivinio\\\/#breadcrumb\"},\"inLanguage\":\"sv-SE\",\"potentialAction\":[{\"@type\":\"ReadAction\",\"target\":[\"https:\\\/\\\/www.ivinio.com\\\/sv\\\/om-ivinio\\\/\"]}]},{\"@type\":\"BreadcrumbList\",\"@id\":\"https:\\\/\\\/www.ivinio.com\\\/sv\\\/om-ivinio\\\/#breadcrumb\",\"itemListElement\":[{\"@type\":\"ListItem\",\"position\":1,\"name\":\"Hem\",\"item\":\"https:\\\/\\\/www.ivinio.com\\\/sv\\\/\"},{\"@type\":\"ListItem\",\"position\":2,\"name\":\"Om IVINIO\"}]},{\"@type\":\"WebSite\",\"@id\":\"https:\\\/\\\/www.ivinio.com\\\/sv\\\/#website\",\"url\":\"https:\\\/\\\/www.ivinio.com\\\/sv\\\/\",\"name\":\"IVINIO Vinbutik\",\"description\":\"Vin fr\u00e5n Frankrike och Italien med leverans hem till din d\u00f6rr\",\"publisher\":{\"@id\":\"https:\\\/\\\/www.ivinio.com\\\/sv\\\/#organization\"},\"potentialAction\":[{\"@type\":\"SearchAction\",\"target\":{\"@type\":\"EntryPoint\",\"urlTemplate\":\"https:\\\/\\\/www.ivinio.com\\\/sv\\\/?s={search_term_string}\"},\"query-input\":{\"@type\":\"PropertyValueSpecification\",\"valueRequired\":true,\"valueName\":\"search_term_string\"}}],\"inLanguage\":\"sv-SE\"},{\"@type\":\"Organization\",\"@id\":\"https:\\\/\\\/www.ivinio.com\\\/sv\\\/#organization\",\"name\":\"IVINIO\",\"url\":\"https:\\\/\\\/www.ivinio.com\\\/sv\\\/\",\"logo\":{\"@type\":\"ImageObject\",\"inLanguage\":\"sv-SE\",\"@id\":\"https:\\\/\\\/www.ivinio.com\\\/sv\\\/#\\\/schema\\\/logo\\\/image\\\/\",\"url\":\"https:\\\/\\\/www.ivinio.com\\\/wp-content\\\/uploads\\\/2021\\\/01\\\/Logo-Ivinio-v2.jpg\",\"contentUrl\":\"https:\\\/\\\/www.ivinio.com\\\/wp-content\\\/uploads\\\/2021\\\/01\\\/Logo-Ivinio-v2.jpg\",\"width\":1194,\"height\":1194,\"caption\":\"IVINIO\"},\"image\":{\"@id\":\"https:\\\/\\\/www.ivinio.com\\\/sv\\\/#\\\/schema\\\/logo\\\/image\\\/\"},\"sameAs\":[\"https:\\\/\\\/www.facebook.com\\\/groups\\\/165217837022391\\\/?ref=bookmarks\",\"https:\\\/\\\/www.instagram.com\\\/_ivinio_\\\/?hl=fr\"]}]}<\/script>\n<!-- \/ Yoast SEO plugin. -->","yoast_head_json":{"title":"Om IVINIO - IVINIO Vinbutik","description":"IVINIO \u00e4r en marknadsplats f\u00f6r engagerade vinentusiaster som s\u00f6ker viner fr\u00e5n den gamla v\u00e4rlden, Frankrike och Italien, av h\u00f6gsta kvalitet till b\u00e4sta pris.","robots":{"index":"index","follow":"follow","max-snippet":"max-snippet:-1","max-image-preview":"max-image-preview:large","max-video-preview":"max-video-preview:-1"},"canonical":"https:\/\/www.ivinio.com\/sv\/om-ivinio\/","og_locale":"sv_SE","og_type":"article","og_title":"Om IVINIO - IVINIO Vinbutik","og_description":"IVINIO \u00e4r en marknadsplats f\u00f6r engagerade vinentusiaster som s\u00f6ker viner fr\u00e5n den gamla v\u00e4rlden, Frankrike och Italien, av h\u00f6gsta kvalitet till b\u00e4sta pris.","og_url":"https:\/\/www.ivinio.com\/sv\/om-ivinio\/","og_site_name":"IVINIO Vinbutik","article_publisher":"https:\/\/www.facebook.com\/groups\/165217837022391\/?ref=bookmarks","article_modified_time":"2021-08-25T17:53:14+00:00","twitter_card":"summary_large_image","twitter_misc":{"Ber\u00e4knad l\u00e4stid":"2 minuter"},"schema":{"@context":"https:\/\/schema.org","@graph":[{"@type":"WebPage","@id":"https:\/\/www.ivinio.com\/sv\/om-ivinio\/","url":"https:\/\/www.ivinio.com\/sv\/om-ivinio\/","name":"Om IVINIO - IVINIO Vinbutik","isPartOf":{"@id":"https:\/\/www.ivinio.com\/sv\/#website"},"datePublished":"2020-09-19T11:18:43+00:00","dateModified":"2021-08-25T17:53:14+00:00","description":"IVINIO \u00e4r en marknadsplats f\u00f6r engagerade vinentusiaster som s\u00f6ker viner fr\u00e5n den gamla v\u00e4rlden, Frankrike och Italien, av h\u00f6gsta kvalitet till b\u00e4sta pris.","breadcrumb":{"@id":"https:\/\/www.ivinio.com\/sv\/om-ivinio\/#breadcrumb"},"inLanguage":"sv-SE","potentialAction":[{"@type":"ReadAction","target":["https:\/\/www.ivinio.com\/sv\/om-ivinio\/"]}]},{"@type":"BreadcrumbList","@id":"https:\/\/www.ivinio.com\/sv\/om-ivinio\/#breadcrumb","itemListElement":[{"@type":"ListItem","position":1,"name":"Hem","item":"https:\/\/www.ivinio.com\/sv\/"},{"@type":"ListItem","position":2,"name":"Om IVINIO"}]},{"@type":"WebSite","@id":"https:\/\/www.ivinio.com\/sv\/#website","url":"https:\/\/www.ivinio.com\/sv\/","name":"IVINIO Vinbutik","description":"Vin fr\u00e5n Frankrike och Italien med leverans hem till din d\u00f6rr","publisher":{"@id":"https:\/\/www.ivinio.com\/sv\/#organization"},"potentialAction":[{"@type":"SearchAction","target":{"@type":"EntryPoint","urlTemplate":"https:\/\/www.ivinio.com\/sv\/?s={search_term_string}"},"query-input":{"@type":"PropertyValueSpecification","valueRequired":true,"valueName":"search_term_string"}}],"inLanguage":"sv-SE"},{"@type":"Organization","@id":"https:\/\/www.ivinio.com\/sv\/#organization","name":"IVINIO","url":"https:\/\/www.ivinio.com\/sv\/","logo":{"@type":"ImageObject","inLanguage":"sv-SE","@id":"https:\/\/www.ivinio.com\/sv\/#\/schema\/logo\/image\/","url":"https:\/\/www.ivinio.com\/wp-content\/uploads\/2021\/01\/Logo-Ivinio-v2.jpg","contentUrl":"https:\/\/www.ivinio.com\/wp-content\/uploads\/2021\/01\/Logo-Ivinio-v2.jpg","width":1194,"height":1194,"caption":"IVINIO"},"image":{"@id":"https:\/\/www.ivinio.com\/sv\/#\/schema\/logo\/image\/"},"sameAs":["https:\/\/www.facebook.com\/groups\/165217837022391\/?ref=bookmarks","https:\/\/www.instagram.com\/_ivinio_\/?hl=fr"]}]}},"jetpack_shortlink":"https:\/\/wp.me\/PcK36q-hZH","jetpack_sharing_enabled":true,"_links":{"self":[{"href":"https:\/\/www.ivinio.com\/sv\/wp-json\/wp\/v2\/pages\/69173","targetHints":{"allow":["GET"]}}],"collection":[{"href":"https:\/\/www.ivinio.com\/sv\/wp-json\/wp\/v2\/pages"}],"about":[{"href":"https:\/\/www.ivinio.com\/sv\/wp-json\/wp\/v2\/types\/page"}],"author":[{"embeddable":true,"href":"https:\/\/www.ivinio.com\/sv\/wp-json\/wp\/v2\/users\/1746"}],"replies":[{"embeddable":true,"href":"https:\/\/www.ivinio.com\/sv\/wp-json\/wp\/v2\/comments?post=69173"}],"version-history":[{"count":0,"href":"https:\/\/www.ivinio.com\/sv\/wp-json\/wp\/v2\/pages\/69173\/revisions"}],"wp:attachment":[{"href":"https:\/\/www.ivinio.com\/sv\/wp-json\/wp\/v2\/media?parent=69173"}],"curies":[{"name":"wp","href":"https:\/\/api.w.org\/{rel}","templated":true}]}}