{"id":68170,"date":"2014-11-18T10:54:49","date_gmt":"2014-11-18T09:54:49","guid":{"rendered":"https:\/\/henrik.www.ivinio.com\/?p=68170"},"modified":"2021-07-10T19:23:28","modified_gmt":"2021-07-10T17:23:28","slug":"sv-emilia-romagna","status":"publish","type":"page","link":"https:\/\/www.ivinio.com\/sv\/sv-emilia-romagna\/","title":{"rendered":"Emilia Romagna"},"content":{"rendered":"<p>Emilia-Romagna \u00e4r kanske inte den mest k\u00e4nda vinregionen i Italien. Detta till trots att n\u00e4rmsta grannen i sydv\u00e4st \u00e4r Toscana och att det \u00e4r hemtrakterna f\u00f6r det v\u00e4lk\u00e4nda r\u00f6da bubbelvinet Lambrusco. Regionen gr\u00e4nsar till Lombardiet och Veneto i norr, Marche i s\u00f6der och Ligurien och Toscana i syd. I \u00f6st gr\u00e4nsar regionen till det adriatiska havet och befinner sig rakt mitt emot Kroatien.<\/p>\n<p>Emilia-Romagna best\u00e5r av 2 geografiska delar. Emilia som \u00e4r hemregionen f\u00f6r Lambrusco och det mer kustliga Romagna d\u00e4r man framst\u00e4ller torra viner gjorda fr\u00e4mst av Sangiovese, Albana och Pignoletto.<\/p>\n<p>Vin har framst\u00e4llts i Emilia-Romagna sedan antiken och det \u00e4r druvan Lambrusco som finns citerad av Plinius den \u00e4ldre i hans Naturalis historia. D\u00e4r lovordas och beskrivs Lambruscons medicinska dygder.<\/p>\n<p>Emilia-Romagna \u00e4r en stor vinproducerende region som t\u00e4cker 51.000 hektar vinodlingar som producerar 6.7 miljoner hektoliter om \u00e5ret. Vinframst\u00e4llningen byggde fr\u00e4mst p\u00e5 ett volymt\u00e4nkande runt Labruscovinet fram till 1960-talet. Sedan dess har flera vinodlare b\u00f6rjat t\u00e4nka i kvalitetsbanor och idag finns 19 olika DOC-appellationer och 2 DOCG-appellationer som \u00e4r vitvinerna Albana di Romagna och Colli Bolognesi Classico Pignoletto.<\/p>\n","protected":false},"excerpt":{"rendered":"<p>Emilia-Romagna \u00e4r kanske inte den mest k\u00e4nda vinregionen i Italien. Detta till trots att n\u00e4rmsta grannen i sydv\u00e4st \u00e4r Toscana och att det \u00e4r hemtrakterna f\u00f6r det v\u00e4lk\u00e4nda r\u00f6da bubbelvinet Lambrusco. Regionen gr\u00e4nsar till Lombardiet och Veneto i norr, Marche i s\u00f6der och Ligurien och Toscana i syd. I \u00f6st gr\u00e4nsar regionen till det adriatiska [&hellip;]<\/p>\n","protected":false},"author":1746,"featured_media":0,"parent":0,"menu_order":0,"comment_status":"open","ping_status":"closed","template":"","meta":{"_monsterinsights_skip_tracking":false,"_monsterinsights_sitenote_active":false,"_monsterinsights_sitenote_note":"","_monsterinsights_sitenote_category":0,"_uf_show_specific_survey":0,"_uf_disable_surveys":false,"footnotes":""},"class_list":["post-68170","page","type-page","status-publish","hentry"],"yoast_head":"<!-- This site is optimized with the Yoast SEO plugin v27.5 - https:\/\/yoast.com\/product\/yoast-seo-wordpress\/ -->\n<title>Emilia Romagna - IVINIO Vinbutik<\/title>\n<meta name=\"robots\" content=\"index, follow, max-snippet:-1, max-image-preview:large, max-video-preview:-1\" \/>\n<link rel=\"canonical\" href=\"https:\/\/www.ivinio.com\/sv\/sv-emilia-romagna\/\" \/>\n<meta property=\"og:locale\" content=\"sv_SE\" \/>\n<meta property=\"og:type\" content=\"article\" \/>\n<meta property=\"og:title\" content=\"Emilia Romagna - IVINIO Vinbutik\" \/>\n<meta property=\"og:description\" content=\"Emilia-Romagna \u00e4r kanske inte den mest k\u00e4nda vinregionen i Italien. Detta till trots att n\u00e4rmsta grannen i sydv\u00e4st \u00e4r Toscana och att det \u00e4r hemtrakterna f\u00f6r det v\u00e4lk\u00e4nda r\u00f6da bubbelvinet Lambrusco. Regionen gr\u00e4nsar till Lombardiet och Veneto i norr, Marche i s\u00f6der och Ligurien och Toscana i syd. I \u00f6st gr\u00e4nsar regionen till det adriatiska [&hellip;]\" \/>\n<meta property=\"og:url\" content=\"https:\/\/www.ivinio.com\/sv\/sv-emilia-romagna\/\" \/>\n<meta property=\"og:site_name\" content=\"IVINIO Vinbutik\" \/>\n<meta property=\"article:publisher\" content=\"https:\/\/www.facebook.com\/groups\/165217837022391\/?ref=bookmarks\" \/>\n<meta property=\"article:modified_time\" content=\"2021-07-10T17:23:28+00:00\" \/>\n<meta name=\"twitter:card\" content=\"summary_large_image\" \/>\n<meta name=\"twitter:label1\" content=\"Ber\u00e4knad l\u00e4stid\" \/>\n\t<meta name=\"twitter:data1\" content=\"1 minut\" \/>\n<script type=\"application\/ld+json\" class=\"yoast-schema-graph\">{\"@context\":\"https:\\\/\\\/schema.org\",\"@graph\":[{\"@type\":\"WebPage\",\"@id\":\"https:\\\/\\\/www.ivinio.com\\\/sv\\\/sv-emilia-romagna\\\/\",\"url\":\"https:\\\/\\\/www.ivinio.com\\\/sv\\\/sv-emilia-romagna\\\/\",\"name\":\"Emilia Romagna - IVINIO Vinbutik\",\"isPartOf\":{\"@id\":\"https:\\\/\\\/www.ivinio.com\\\/sv\\\/#website\"},\"datePublished\":\"2014-11-18T09:54:49+00:00\",\"dateModified\":\"2021-07-10T17:23:28+00:00\",\"breadcrumb\":{\"@id\":\"https:\\\/\\\/www.ivinio.com\\\/sv\\\/sv-emilia-romagna\\\/#breadcrumb\"},\"inLanguage\":\"sv-SE\",\"potentialAction\":[{\"@type\":\"ReadAction\",\"target\":[\"https:\\\/\\\/www.ivinio.com\\\/sv\\\/sv-emilia-romagna\\\/\"]}]},{\"@type\":\"BreadcrumbList\",\"@id\":\"https:\\\/\\\/www.ivinio.com\\\/sv\\\/sv-emilia-romagna\\\/#breadcrumb\",\"itemListElement\":[{\"@type\":\"ListItem\",\"position\":1,\"name\":\"Hem\",\"item\":\"https:\\\/\\\/www.ivinio.com\\\/sv\\\/\"},{\"@type\":\"ListItem\",\"position\":2,\"name\":\"Emilia Romagna\"}]},{\"@type\":\"WebSite\",\"@id\":\"https:\\\/\\\/www.ivinio.com\\\/sv\\\/#website\",\"url\":\"https:\\\/\\\/www.ivinio.com\\\/sv\\\/\",\"name\":\"IVINIO Vinbutik\",\"description\":\"Vin fr\u00e5n Frankrike och Italien med leverans hem till din d\u00f6rr\",\"publisher\":{\"@id\":\"https:\\\/\\\/www.ivinio.com\\\/sv\\\/#organization\"},\"potentialAction\":[{\"@type\":\"SearchAction\",\"target\":{\"@type\":\"EntryPoint\",\"urlTemplate\":\"https:\\\/\\\/www.ivinio.com\\\/sv\\\/?s={search_term_string}\"},\"query-input\":{\"@type\":\"PropertyValueSpecification\",\"valueRequired\":true,\"valueName\":\"search_term_string\"}}],\"inLanguage\":\"sv-SE\"},{\"@type\":\"Organization\",\"@id\":\"https:\\\/\\\/www.ivinio.com\\\/sv\\\/#organization\",\"name\":\"IVINIO\",\"url\":\"https:\\\/\\\/www.ivinio.com\\\/sv\\\/\",\"logo\":{\"@type\":\"ImageObject\",\"inLanguage\":\"sv-SE\",\"@id\":\"https:\\\/\\\/www.ivinio.com\\\/sv\\\/#\\\/schema\\\/logo\\\/image\\\/\",\"url\":\"https:\\\/\\\/www.ivinio.com\\\/wp-content\\\/uploads\\\/2021\\\/01\\\/Logo-Ivinio-v2.jpg\",\"contentUrl\":\"https:\\\/\\\/www.ivinio.com\\\/wp-content\\\/uploads\\\/2021\\\/01\\\/Logo-Ivinio-v2.jpg\",\"width\":1194,\"height\":1194,\"caption\":\"IVINIO\"},\"image\":{\"@id\":\"https:\\\/\\\/www.ivinio.com\\\/sv\\\/#\\\/schema\\\/logo\\\/image\\\/\"},\"sameAs\":[\"https:\\\/\\\/www.facebook.com\\\/groups\\\/165217837022391\\\/?ref=bookmarks\",\"https:\\\/\\\/www.instagram.com\\\/_ivinio_\\\/?hl=fr\"]}]}<\/script>\n<!-- \/ Yoast SEO plugin. -->","yoast_head_json":{"title":"Emilia Romagna - IVINIO Vinbutik","robots":{"index":"index","follow":"follow","max-snippet":"max-snippet:-1","max-image-preview":"max-image-preview:large","max-video-preview":"max-video-preview:-1"},"canonical":"https:\/\/www.ivinio.com\/sv\/sv-emilia-romagna\/","og_locale":"sv_SE","og_type":"article","og_title":"Emilia Romagna - IVINIO Vinbutik","og_description":"Emilia-Romagna \u00e4r kanske inte den mest k\u00e4nda vinregionen i Italien. Detta till trots att n\u00e4rmsta grannen i sydv\u00e4st \u00e4r Toscana och att det \u00e4r hemtrakterna f\u00f6r det v\u00e4lk\u00e4nda r\u00f6da bubbelvinet Lambrusco. Regionen gr\u00e4nsar till Lombardiet och Veneto i norr, Marche i s\u00f6der och Ligurien och Toscana i syd. I \u00f6st gr\u00e4nsar regionen till det adriatiska [&hellip;]","og_url":"https:\/\/www.ivinio.com\/sv\/sv-emilia-romagna\/","og_site_name":"IVINIO Vinbutik","article_publisher":"https:\/\/www.facebook.com\/groups\/165217837022391\/?ref=bookmarks","article_modified_time":"2021-07-10T17:23:28+00:00","twitter_card":"summary_large_image","twitter_misc":{"Ber\u00e4knad l\u00e4stid":"1 minut"},"schema":{"@context":"https:\/\/schema.org","@graph":[{"@type":"WebPage","@id":"https:\/\/www.ivinio.com\/sv\/sv-emilia-romagna\/","url":"https:\/\/www.ivinio.com\/sv\/sv-emilia-romagna\/","name":"Emilia Romagna - IVINIO Vinbutik","isPartOf":{"@id":"https:\/\/www.ivinio.com\/sv\/#website"},"datePublished":"2014-11-18T09:54:49+00:00","dateModified":"2021-07-10T17:23:28+00:00","breadcrumb":{"@id":"https:\/\/www.ivinio.com\/sv\/sv-emilia-romagna\/#breadcrumb"},"inLanguage":"sv-SE","potentialAction":[{"@type":"ReadAction","target":["https:\/\/www.ivinio.com\/sv\/sv-emilia-romagna\/"]}]},{"@type":"BreadcrumbList","@id":"https:\/\/www.ivinio.com\/sv\/sv-emilia-romagna\/#breadcrumb","itemListElement":[{"@type":"ListItem","position":1,"name":"Hem","item":"https:\/\/www.ivinio.com\/sv\/"},{"@type":"ListItem","position":2,"name":"Emilia Romagna"}]},{"@type":"WebSite","@id":"https:\/\/www.ivinio.com\/sv\/#website","url":"https:\/\/www.ivinio.com\/sv\/","name":"IVINIO Vinbutik","description":"Vin fr\u00e5n Frankrike och Italien med leverans hem till din d\u00f6rr","publisher":{"@id":"https:\/\/www.ivinio.com\/sv\/#organization"},"potentialAction":[{"@type":"SearchAction","target":{"@type":"EntryPoint","urlTemplate":"https:\/\/www.ivinio.com\/sv\/?s={search_term_string}"},"query-input":{"@type":"PropertyValueSpecification","valueRequired":true,"valueName":"search_term_string"}}],"inLanguage":"sv-SE"},{"@type":"Organization","@id":"https:\/\/www.ivinio.com\/sv\/#organization","name":"IVINIO","url":"https:\/\/www.ivinio.com\/sv\/","logo":{"@type":"ImageObject","inLanguage":"sv-SE","@id":"https:\/\/www.ivinio.com\/sv\/#\/schema\/logo\/image\/","url":"https:\/\/www.ivinio.com\/wp-content\/uploads\/2021\/01\/Logo-Ivinio-v2.jpg","contentUrl":"https:\/\/www.ivinio.com\/wp-content\/uploads\/2021\/01\/Logo-Ivinio-v2.jpg","width":1194,"height":1194,"caption":"IVINIO"},"image":{"@id":"https:\/\/www.ivinio.com\/sv\/#\/schema\/logo\/image\/"},"sameAs":["https:\/\/www.facebook.com\/groups\/165217837022391\/?ref=bookmarks","https:\/\/www.instagram.com\/_ivinio_\/?hl=fr"]}]}},"jetpack_shortlink":"https:\/\/wp.me\/PcK36q-hJw","jetpack_sharing_enabled":true,"_links":{"self":[{"href":"https:\/\/www.ivinio.com\/sv\/wp-json\/wp\/v2\/pages\/68170","targetHints":{"allow":["GET"]}}],"collection":[{"href":"https:\/\/www.ivinio.com\/sv\/wp-json\/wp\/v2\/pages"}],"about":[{"href":"https:\/\/www.ivinio.com\/sv\/wp-json\/wp\/v2\/types\/page"}],"author":[{"embeddable":true,"href":"https:\/\/www.ivinio.com\/sv\/wp-json\/wp\/v2\/users\/1746"}],"replies":[{"embeddable":true,"href":"https:\/\/www.ivinio.com\/sv\/wp-json\/wp\/v2\/comments?post=68170"}],"version-history":[{"count":0,"href":"https:\/\/www.ivinio.com\/sv\/wp-json\/wp\/v2\/pages\/68170\/revisions"}],"wp:attachment":[{"href":"https:\/\/www.ivinio.com\/sv\/wp-json\/wp\/v2\/media?parent=68170"}],"curies":[{"name":"wp","href":"https:\/\/api.w.org\/{rel}","templated":true}]}}