{"id":68167,"date":"2014-10-30T19:13:58","date_gmt":"2014-10-30T18:13:58","guid":{"rendered":"https:\/\/henrik.www.ivinio.com\/?p=68167"},"modified":"2021-11-06T14:22:02","modified_gmt":"2021-11-06T13:22:02","slug":"sv-basilicata","status":"publish","type":"page","link":"https:\/\/www.ivinio.com\/sv\/sv-basilicata\/","title":{"rendered":"Basilicata"},"content":{"rendered":"<p>Vinregionen <a href=\"https:\/\/www.ivinio.com\/sv\/categorie-produit\/italienska-viner\/sv-basilicata\/\">Basilicata<\/a> \u00e4r kanske inte den mest k\u00e4nda vinregionen f\u00f6r gemene man utanf\u00f6r Italien, trots att man odlat vin h\u00e4r sedan de antika grekernas tid. Basilicata ligger mellan 2 k\u00e4nda vindistrikt som \u00e4r Apulien (Puglia) i \u00f6st och Kampanien (Campania) i v\u00e4st. Grekerna har \u00e4n idag l\u00e4mnat sina sp\u00e5r d\u00e5 de bidrog med nya varierande druvsorter och intruducerade de vanligtvis i Sicilien v\u00e4lk\u00e4nda \u201dalberello\u201d-druvplanteringarna.<\/p>\n<p>Vinregionen Basilicata har p\u00e5 senare \u00e5r, liksom m\u00e5nga andra vinregioner, genomg\u00e5tt stora strukturella \u00e4ndringar. Vinodling i kvantitet har ersatts av kvalitetst\u00e4nkande och idag odlas mindre vin \u00e4n f\u00f6rr, men av b\u00e4ttre kvalitet och av mindre antalet ving\u00e5rdar. Mest k\u00e4nt \u00e4r kanske \u201dDOC Aglianico del Vulture\u201d som framst\u00e4lls i 15 kommuner kring Vulture-vulkanen i den nord\u00f6stra delen av Basilicata. Vulture har 7 toppar som n\u00e5r 1300 meter \u00f6ver havet kring Monticchiosj\u00f6n och i dessa trakter odlas fr\u00e4mst oliver, kastanjer och aglianico-druvor. <a href=\"https:\/\/sv.wikipedia.org\/wiki\/Aglianico\">Aglianico<\/a> har grekiskt ursprung och kallades f\u00f6rst Ellenico. Namnet har sedan utvecklats till Ellanico, Allanico och sedemera till Aglianico efter att den spanska dominansen i s\u00f6dra Italien satt sina sp\u00e5r.<\/p>\n<figure id=\"attachment_128895\" aria-describedby=\"caption-attachment-128895\" style=\"width: 450px\" class=\"wp-caption alignright\"><img decoding=\"async\" class=\"wp-image-128895 lazyload\" data-src=\"https:\/\/www.ivinio.com\/wp-content\/uploads\/2021\/11\/sterlinglanier-lanier-6V0qUX3w35k-unsplash.jpg\" alt=\"vinregionen Basilicata\" width=\"450\" height=\"662\" data-srcset=\"https:\/\/www.ivinio.com\/wp-content\/uploads\/2021\/11\/sterlinglanier-lanier-6V0qUX3w35k-unsplash.jpg 640w, https:\/\/www.ivinio.com\/wp-content\/uploads\/2021\/11\/sterlinglanier-lanier-6V0qUX3w35k-unsplash-204x300.jpg 204w, https:\/\/www.ivinio.com\/wp-content\/uploads\/2021\/11\/sterlinglanier-lanier-6V0qUX3w35k-unsplash-500x736.jpg 500w\" data-sizes=\"(max-width: 450px) 100vw, 450px\" src=\"data:image\/gif;base64,R0lGODlhAQABAAAAACH5BAEKAAEALAAAAAABAAEAAAICTAEAOw==\" style=\"--smush-placeholder-width: 450px; --smush-placeholder-aspect-ratio: 450\/662;\" \/><figcaption id=\"caption-attachment-128895\" class=\"wp-caption-text\">Photo by <a href=\"https:\/\/unsplash.com\/@sterlinglanier?utm_source=unsplash&amp;utm_medium=referral&amp;utm_content=creditCopyText\">sterlinglanier Lanier<\/a> on <a href=\"https:\/\/unsplash.com\/s\/photos\/basilicata?utm_source=unsplash&amp;utm_medium=referral&amp;utm_content=creditCopyText\">Unsplash<\/a><\/figcaption><\/figure>\n<p>Aglianico odlas i kaliumrik jord, helst mellan 200-500 meters h\u00f6jd \u00f6ver havet. Sk\u00f6rden g\u00f6rs sent, ofta i andra delen av oktober. Vad som k\u00e4nnertecknar Aglianico del Vulture \u00e4r den rubinr\u00f6da f\u00e4rgen, en behaglig och distinktiv doft, h\u00f6g koncentration och alkoholstyrka, samt n\u00e4rvarande tanniner som tillsammans ger karakt\u00e4rskraftiga viner som skiljer sig fr\u00e5n andra Aglianicoviner i s\u00f6dra Italien. Sedan 2010 finns \u00e4ven DOCG-vinet &#8220;Aglianico del Vulture Superiore&#8221; d\u00e4r skillnaden till den vanliga Aglianico del Vulture \u00e4r att vinet kommercialiserats f\u00f6rst det tredje \u00e5ret efter sk\u00f6rd efter 1 \u00e5rs lagring p\u00e5 ekfat och sedan ytterligare 1 \u00e5r i flaska. &#8220;Aglianico del Vulture Riserva&#8221; inneb\u00e4r att vinet lagrats 2 \u00e5r p\u00e5 ekfat och ett \u00e5r p\u00e5 flaska innan f\u00f6rs\u00e4ljning.<\/p>\n<p>Vinregionen Basilicata \u00e4r dock inte bara Aglianico del Vulture. Man finner ocks\u00e5 DOC Terre dell&#8217; Alta Val d\u2019 Agri som bara framst\u00e4lls i kommunerna Viggiano, Moliterno och Nova Grumentum i provinsen Potenza. Ving\u00e5rdarna str\u00e4cker sig fr\u00e5n 650 till 800 meters h\u00f6jd \u00f6ver havet. Vin har odlats h\u00e4r l\u00e4ngs med floden Agri sedan romartiden och druvsorterna Malvasia bianca di Basilicata, Malvasia nera di Basilicata och Moscato bianco di Basilicata odlas tillsammans med de mer internationella Cabernet Sauvignon och Merlot.<\/p>\n<p>L\u00e4ngre s\u00f6derut l\u00e4ngs med Agri-dalen p\u00e5 gr\u00e4nsen till nationalparken Pollino finner vi kommunerna Roccanova, Castronuovo di Sant\u2019Andrea\u00a0och Santarcangelo d\u00e4r IGT-vinet Grottino framst\u00e4lls. Vinet produceras och lagras i grott-anl\u00e4ggningar gr\u00e4vda i sandsten\u00a0som ligger i centrala Roccanova, d\u00e4rav vinets namn &#8220;Grottino&#8221;. IGT &#8220;Grottino Roccanova&#8221; g\u00f6rs b\u00e5de som vitt-, r\u00f6tt- och ros\u00e9vin som odlats i en av de n\u00e4mnda kommunerna. De vanligaste druvsorterna som anv\u00e4nds \u00e4r Sangiovese, Malvasia bianca di Basilicata, Malvasia nera di Basilicata och Moscato bianco di Basilicata.<\/p>\n<p>I \u00f6stra Basilicata\u00a0finner vi ett, av tradition och historia, specifikt omr\u00e5de som kallas Materane-kullarna. H\u00e4r odlas vin sedan det antika Grekland och just grekerna planterade h\u00e4r nya druvsorter och inr\u00e4ttade nya odlingstekniker. Landskapet \u00e4r varierande fr\u00e5n berg (500 meter \u00f6ver havet) i Tricarico, Matera och Grottole till kustn\u00e4ra mark (100-150 meter \u00f6ver havet) med utsikt \u00f6ver det Joniska havet.\u00a0 H\u00e4r finner vi DOC Matera-vinerna som blivit DOC-vin s\u00e5 sent som 2005 och finns i 6 olika versioner; DOC Matera Rosso, DOC Matera Primitivo, DOC Matera Moro, DOC Matera Greco, DOC Matera Bianco, DOC Matera Spumante.\u00a0Sangiovese och\u00a0Primitivo\u00a0\u00e4r de vanligaste druvsorterna f\u00f6r de r\u00f6da vinerna.\u00a0Andra odlade druvsorter \u00e4r\u00a0Montepulciano, Merlot och Cabernet och f\u00f6r\u00a0de vita vinerna Malvasia Bianca di Basilicata och Greco.<\/p>\n<p>Ut\u00f6ver dessa specifika DOC-viner finner vi ocks\u00e5 det mer generella IGT Basilicata som\u00a0framst\u00e4lls i b\u00e5de som vitt-, r\u00f6tt- och ros\u00e9vin i de b\u00e5da\u00a0provinserna Potenza och Matera.<\/p>\n","protected":false},"excerpt":{"rendered":"<p>Vinregionen Basilicata \u00e4r kanske inte den mest k\u00e4nda vinregionen f\u00f6r gemene man utanf\u00f6r Italien, trots att man odlat vin h\u00e4r sedan de antika grekernas tid. Basilicata ligger mellan 2 k\u00e4nda vindistrikt som \u00e4r Apulien (Puglia) i \u00f6st och Kampanien (Campania) i v\u00e4st. Grekerna har \u00e4n idag l\u00e4mnat sina sp\u00e5r d\u00e5 de bidrog med nya varierande [&hellip;]<\/p>\n","protected":false},"author":1746,"featured_media":0,"parent":0,"menu_order":0,"comment_status":"open","ping_status":"closed","template":"","meta":{"_monsterinsights_skip_tracking":false,"_monsterinsights_sitenote_active":false,"_monsterinsights_sitenote_note":"","_monsterinsights_sitenote_category":0,"_uf_show_specific_survey":0,"_uf_disable_surveys":false,"footnotes":""},"class_list":["post-68167","page","type-page","status-publish","hentry"],"yoast_head":"<!-- This site is optimized with the Yoast SEO plugin v27.4 - https:\/\/yoast.com\/product\/yoast-seo-wordpress\/ -->\n<title>Vinregionen Basilicata - IVINIO Vinbutik<\/title>\n<meta name=\"description\" content=\"Basilicata som vinregion. L\u00e4s mer om Basilicata vinregion med dess viner, druvsorter, appellationer och lokala s\u00e4rdrag.\" \/>\n<meta name=\"robots\" content=\"index, follow, max-snippet:-1, max-image-preview:large, max-video-preview:-1\" \/>\n<link rel=\"canonical\" href=\"https:\/\/www.ivinio.com\/sv\/sv-basilicata\/\" \/>\n<meta property=\"og:locale\" content=\"sv_SE\" \/>\n<meta property=\"og:type\" content=\"article\" \/>\n<meta property=\"og:title\" content=\"Vinregionen Basilicata - IVINIO Vinbutik\" \/>\n<meta property=\"og:description\" content=\"Basilicata som vinregion. L\u00e4s mer om Basilicata vinregion med dess viner, druvsorter, appellationer och lokala s\u00e4rdrag.\" \/>\n<meta property=\"og:url\" content=\"https:\/\/www.ivinio.com\/sv\/sv-basilicata\/\" \/>\n<meta property=\"og:site_name\" content=\"IVINIO Vinbutik\" \/>\n<meta property=\"article:publisher\" content=\"https:\/\/www.facebook.com\/groups\/165217837022391\/?ref=bookmarks\" \/>\n<meta property=\"article:modified_time\" content=\"2021-11-06T13:22:02+00:00\" \/>\n<meta property=\"og:image\" content=\"https:\/\/www.ivinio.com\/wp-content\/uploads\/2021\/11\/sterlinglanier-lanier-6V0qUX3w35k-unsplash.jpg\" \/>\n<meta name=\"twitter:card\" content=\"summary_large_image\" \/>\n<meta name=\"twitter:label1\" content=\"Ber\u00e4knad l\u00e4stid\" \/>\n\t<meta name=\"twitter:data1\" content=\"3 minuter\" \/>\n<script type=\"application\/ld+json\" class=\"yoast-schema-graph\">{\"@context\":\"https:\\\/\\\/schema.org\",\"@graph\":[{\"@type\":\"WebPage\",\"@id\":\"https:\\\/\\\/www.ivinio.com\\\/sv\\\/sv-basilicata\\\/\",\"url\":\"https:\\\/\\\/www.ivinio.com\\\/sv\\\/sv-basilicata\\\/\",\"name\":\"Vinregionen Basilicata - IVINIO Vinbutik\",\"isPartOf\":{\"@id\":\"https:\\\/\\\/www.ivinio.com\\\/sv\\\/#website\"},\"primaryImageOfPage\":{\"@id\":\"https:\\\/\\\/www.ivinio.com\\\/sv\\\/sv-basilicata\\\/#primaryimage\"},\"image\":{\"@id\":\"https:\\\/\\\/www.ivinio.com\\\/sv\\\/sv-basilicata\\\/#primaryimage\"},\"thumbnailUrl\":\"https:\\\/\\\/www.ivinio.com\\\/wp-content\\\/uploads\\\/2021\\\/11\\\/sterlinglanier-lanier-6V0qUX3w35k-unsplash.jpg\",\"datePublished\":\"2014-10-30T18:13:58+00:00\",\"dateModified\":\"2021-11-06T13:22:02+00:00\",\"description\":\"Basilicata som vinregion. L\u00e4s mer om Basilicata vinregion med dess viner, druvsorter, appellationer och lokala s\u00e4rdrag.\",\"breadcrumb\":{\"@id\":\"https:\\\/\\\/www.ivinio.com\\\/sv\\\/sv-basilicata\\\/#breadcrumb\"},\"inLanguage\":\"sv-SE\",\"potentialAction\":[{\"@type\":\"ReadAction\",\"target\":[\"https:\\\/\\\/www.ivinio.com\\\/sv\\\/sv-basilicata\\\/\"]}]},{\"@type\":\"ImageObject\",\"inLanguage\":\"sv-SE\",\"@id\":\"https:\\\/\\\/www.ivinio.com\\\/sv\\\/sv-basilicata\\\/#primaryimage\",\"url\":\"https:\\\/\\\/www.ivinio.com\\\/wp-content\\\/uploads\\\/2021\\\/11\\\/sterlinglanier-lanier-6V0qUX3w35k-unsplash.jpg\",\"contentUrl\":\"https:\\\/\\\/www.ivinio.com\\\/wp-content\\\/uploads\\\/2021\\\/11\\\/sterlinglanier-lanier-6V0qUX3w35k-unsplash.jpg\"},{\"@type\":\"BreadcrumbList\",\"@id\":\"https:\\\/\\\/www.ivinio.com\\\/sv\\\/sv-basilicata\\\/#breadcrumb\",\"itemListElement\":[{\"@type\":\"ListItem\",\"position\":1,\"name\":\"Hem\",\"item\":\"https:\\\/\\\/www.ivinio.com\\\/sv\\\/\"},{\"@type\":\"ListItem\",\"position\":2,\"name\":\"Basilicata\"}]},{\"@type\":\"WebSite\",\"@id\":\"https:\\\/\\\/www.ivinio.com\\\/sv\\\/#website\",\"url\":\"https:\\\/\\\/www.ivinio.com\\\/sv\\\/\",\"name\":\"IVINIO Vinbutik\",\"description\":\"Vin fr\u00e5n Frankrike och Italien med leverans hem till din d\u00f6rr\",\"publisher\":{\"@id\":\"https:\\\/\\\/www.ivinio.com\\\/sv\\\/#organization\"},\"potentialAction\":[{\"@type\":\"SearchAction\",\"target\":{\"@type\":\"EntryPoint\",\"urlTemplate\":\"https:\\\/\\\/www.ivinio.com\\\/sv\\\/?s={search_term_string}\"},\"query-input\":{\"@type\":\"PropertyValueSpecification\",\"valueRequired\":true,\"valueName\":\"search_term_string\"}}],\"inLanguage\":\"sv-SE\"},{\"@type\":\"Organization\",\"@id\":\"https:\\\/\\\/www.ivinio.com\\\/sv\\\/#organization\",\"name\":\"IVINIO\",\"url\":\"https:\\\/\\\/www.ivinio.com\\\/sv\\\/\",\"logo\":{\"@type\":\"ImageObject\",\"inLanguage\":\"sv-SE\",\"@id\":\"https:\\\/\\\/www.ivinio.com\\\/sv\\\/#\\\/schema\\\/logo\\\/image\\\/\",\"url\":\"https:\\\/\\\/www.ivinio.com\\\/wp-content\\\/uploads\\\/2021\\\/01\\\/Logo-Ivinio-v2.jpg\",\"contentUrl\":\"https:\\\/\\\/www.ivinio.com\\\/wp-content\\\/uploads\\\/2021\\\/01\\\/Logo-Ivinio-v2.jpg\",\"width\":1194,\"height\":1194,\"caption\":\"IVINIO\"},\"image\":{\"@id\":\"https:\\\/\\\/www.ivinio.com\\\/sv\\\/#\\\/schema\\\/logo\\\/image\\\/\"},\"sameAs\":[\"https:\\\/\\\/www.facebook.com\\\/groups\\\/165217837022391\\\/?ref=bookmarks\",\"https:\\\/\\\/www.instagram.com\\\/_ivinio_\\\/?hl=fr\"]}]}<\/script>\n<!-- \/ Yoast SEO plugin. -->","yoast_head_json":{"title":"Vinregionen Basilicata - IVINIO Vinbutik","description":"Basilicata som vinregion. L\u00e4s mer om Basilicata vinregion med dess viner, druvsorter, appellationer och lokala s\u00e4rdrag.","robots":{"index":"index","follow":"follow","max-snippet":"max-snippet:-1","max-image-preview":"max-image-preview:large","max-video-preview":"max-video-preview:-1"},"canonical":"https:\/\/www.ivinio.com\/sv\/sv-basilicata\/","og_locale":"sv_SE","og_type":"article","og_title":"Vinregionen Basilicata - IVINIO Vinbutik","og_description":"Basilicata som vinregion. L\u00e4s mer om Basilicata vinregion med dess viner, druvsorter, appellationer och lokala s\u00e4rdrag.","og_url":"https:\/\/www.ivinio.com\/sv\/sv-basilicata\/","og_site_name":"IVINIO Vinbutik","article_publisher":"https:\/\/www.facebook.com\/groups\/165217837022391\/?ref=bookmarks","article_modified_time":"2021-11-06T13:22:02+00:00","og_image":[{"url":"https:\/\/www.ivinio.com\/wp-content\/uploads\/2021\/11\/sterlinglanier-lanier-6V0qUX3w35k-unsplash.jpg","type":"","width":"","height":""}],"twitter_card":"summary_large_image","twitter_misc":{"Ber\u00e4knad l\u00e4stid":"3 minuter"},"schema":{"@context":"https:\/\/schema.org","@graph":[{"@type":"WebPage","@id":"https:\/\/www.ivinio.com\/sv\/sv-basilicata\/","url":"https:\/\/www.ivinio.com\/sv\/sv-basilicata\/","name":"Vinregionen Basilicata - IVINIO Vinbutik","isPartOf":{"@id":"https:\/\/www.ivinio.com\/sv\/#website"},"primaryImageOfPage":{"@id":"https:\/\/www.ivinio.com\/sv\/sv-basilicata\/#primaryimage"},"image":{"@id":"https:\/\/www.ivinio.com\/sv\/sv-basilicata\/#primaryimage"},"thumbnailUrl":"https:\/\/www.ivinio.com\/wp-content\/uploads\/2021\/11\/sterlinglanier-lanier-6V0qUX3w35k-unsplash.jpg","datePublished":"2014-10-30T18:13:58+00:00","dateModified":"2021-11-06T13:22:02+00:00","description":"Basilicata som vinregion. L\u00e4s mer om Basilicata vinregion med dess viner, druvsorter, appellationer och lokala s\u00e4rdrag.","breadcrumb":{"@id":"https:\/\/www.ivinio.com\/sv\/sv-basilicata\/#breadcrumb"},"inLanguage":"sv-SE","potentialAction":[{"@type":"ReadAction","target":["https:\/\/www.ivinio.com\/sv\/sv-basilicata\/"]}]},{"@type":"ImageObject","inLanguage":"sv-SE","@id":"https:\/\/www.ivinio.com\/sv\/sv-basilicata\/#primaryimage","url":"https:\/\/www.ivinio.com\/wp-content\/uploads\/2021\/11\/sterlinglanier-lanier-6V0qUX3w35k-unsplash.jpg","contentUrl":"https:\/\/www.ivinio.com\/wp-content\/uploads\/2021\/11\/sterlinglanier-lanier-6V0qUX3w35k-unsplash.jpg"},{"@type":"BreadcrumbList","@id":"https:\/\/www.ivinio.com\/sv\/sv-basilicata\/#breadcrumb","itemListElement":[{"@type":"ListItem","position":1,"name":"Hem","item":"https:\/\/www.ivinio.com\/sv\/"},{"@type":"ListItem","position":2,"name":"Basilicata"}]},{"@type":"WebSite","@id":"https:\/\/www.ivinio.com\/sv\/#website","url":"https:\/\/www.ivinio.com\/sv\/","name":"IVINIO Vinbutik","description":"Vin fr\u00e5n Frankrike och Italien med leverans hem till din d\u00f6rr","publisher":{"@id":"https:\/\/www.ivinio.com\/sv\/#organization"},"potentialAction":[{"@type":"SearchAction","target":{"@type":"EntryPoint","urlTemplate":"https:\/\/www.ivinio.com\/sv\/?s={search_term_string}"},"query-input":{"@type":"PropertyValueSpecification","valueRequired":true,"valueName":"search_term_string"}}],"inLanguage":"sv-SE"},{"@type":"Organization","@id":"https:\/\/www.ivinio.com\/sv\/#organization","name":"IVINIO","url":"https:\/\/www.ivinio.com\/sv\/","logo":{"@type":"ImageObject","inLanguage":"sv-SE","@id":"https:\/\/www.ivinio.com\/sv\/#\/schema\/logo\/image\/","url":"https:\/\/www.ivinio.com\/wp-content\/uploads\/2021\/01\/Logo-Ivinio-v2.jpg","contentUrl":"https:\/\/www.ivinio.com\/wp-content\/uploads\/2021\/01\/Logo-Ivinio-v2.jpg","width":1194,"height":1194,"caption":"IVINIO"},"image":{"@id":"https:\/\/www.ivinio.com\/sv\/#\/schema\/logo\/image\/"},"sameAs":["https:\/\/www.facebook.com\/groups\/165217837022391\/?ref=bookmarks","https:\/\/www.instagram.com\/_ivinio_\/?hl=fr"]}]}},"jetpack_shortlink":"https:\/\/wp.me\/PcK36q-hJt","jetpack_sharing_enabled":true,"_links":{"self":[{"href":"https:\/\/www.ivinio.com\/sv\/wp-json\/wp\/v2\/pages\/68167","targetHints":{"allow":["GET"]}}],"collection":[{"href":"https:\/\/www.ivinio.com\/sv\/wp-json\/wp\/v2\/pages"}],"about":[{"href":"https:\/\/www.ivinio.com\/sv\/wp-json\/wp\/v2\/types\/page"}],"author":[{"embeddable":true,"href":"https:\/\/www.ivinio.com\/sv\/wp-json\/wp\/v2\/users\/1746"}],"replies":[{"embeddable":true,"href":"https:\/\/www.ivinio.com\/sv\/wp-json\/wp\/v2\/comments?post=68167"}],"version-history":[{"count":0,"href":"https:\/\/www.ivinio.com\/sv\/wp-json\/wp\/v2\/pages\/68167\/revisions"}],"wp:attachment":[{"href":"https:\/\/www.ivinio.com\/sv\/wp-json\/wp\/v2\/media?parent=68167"}],"curies":[{"name":"wp","href":"https:\/\/api.w.org\/{rel}","templated":true}]}}