{"id":68161,"date":"2014-08-22T18:03:04","date_gmt":"2014-08-22T16:03:04","guid":{"rendered":"https:\/\/henrik.www.ivinio.com\/?p=68161"},"modified":"2021-07-14T11:24:37","modified_gmt":"2021-07-14T09:24:37","slug":"sv-roussillon","status":"publish","type":"page","link":"https:\/\/www.ivinio.com\/sv\/sv-roussillon\/","title":{"rendered":"Roussillon"},"content":{"rendered":"<p><strong>Roussillon ligger l\u00e4ngst ner i v\u00e4stra och sista delen av franska medelhavet<\/strong>, precis intill gr\u00e4nsen till Spanien. Omg\u00e4rdat av h\u00f6ga h\u00f6jder s\u00e5 separeras Roussillon fr\u00e5n de angr\u00e4nsande distrikten. I norr ligger Corbi\u00e8res branta kalkstenssluttningar. I v\u00e4st str\u00e4cker Canigo-massivet ut sig och i s\u00f6der s\u00e5 utg\u00f6r Alb\u00e8res och Roc de France gr\u00e4nsen till Spanien. Klimatet i Roussillon k\u00e4nnetecknas av en torr sommar, en regnig h\u00f6sts\u00e4song och en tidig v\u00e5r.<\/p>\n<p><img decoding=\"async\" class=\"size-medium wp-image-127442 alignleft lazyload\" data-src=\"https:\/\/www.ivinio.com\/wp-content\/uploads\/2021\/07\/roussilion-300x161.jpg\" alt=\"\" width=\"300\" height=\"161\" data-srcset=\"https:\/\/www.ivinio.com\/wp-content\/uploads\/2021\/07\/roussilion-300x161.jpg 300w, https:\/\/www.ivinio.com\/wp-content\/uploads\/2021\/07\/roussilion-240x130.jpg 240w, https:\/\/www.ivinio.com\/wp-content\/uploads\/2021\/07\/roussilion.jpg 306w\" data-sizes=\"(max-width: 300px) 100vw, 300px\" src=\"data:image\/gif;base64,R0lGODlhAQABAAAAACH5BAEKAAEALAAAAAABAAEAAAICTAEAOw==\" style=\"--smush-placeholder-width: 300px; --smush-placeholder-aspect-ratio: 300\/161;\" \/>Det varma medelhavsklimatet och skyddet fr\u00e5n bergen fr\u00e4mjar druvornas mognadsprocess. Vinodligen i Roussillon str\u00e4cker sig \u00e4nda tillbaka till 600-talet d\u00e5 grekiska sj\u00f6m\u00e4n, lockade av katalanska gruvrikedomar slog sig ner i regionen. Vinodlingen utvecklades under medeltiden och \u201dles vins doux naturels\u201d fick snabbt et rykte om sig. I Roussillon tillverkas r\u00f6da <strong>C\u00f4tes de Roussillon<\/strong> och <strong>C\u00f4tes de Roussillon-villages<\/strong>.<\/p>\n<p>De viktigaste druvsorterna i Roussillonvinerna \u00e4r <strong>Carignan<\/strong>, <strong>Grenache<\/strong>, <strong>Lladoner Pelut<\/strong>, <strong>Mourv\u00e8dre<\/strong> och <strong>Syrah<\/strong> f\u00f6r de r\u00f6da vinerna. De vita vinerna fr\u00e5n Roussillon \u00e4r huvudsakligen tillverkade av <strong>Grenache Blanc<\/strong>, <strong>Macabeo<\/strong>, <strong>Malvasia<\/strong>, <strong>Muscat<\/strong>, <strong>Marsanne<\/strong>, <strong>Roussanne<\/strong> och <strong>Vermentino<\/strong>.<\/p>\n<p>I Roussillon tillverkas ocks\u00e5 90% av Frankrikes \u201dvin doux naturels\u201d &#8211; eller p\u00e5 svenska de \u201dnaturligt s\u00f6ta vinerna\u201d. S\u00f6tman i dessa viner kommer uteslutande fr\u00e5n druvsaften, inget socker tills\u00e4tts. Under j\u00e4sningsprocessen tills\u00e4tter man d\u00e4remot distillerad alkohol f\u00f6r att p\u00e5 s\u00e5 s\u00e4tt avbryta j\u00e4sningsprocessen.<\/p>\n<p>Sockret i druvorna omvandlas d\u00e4rf\u00f6r inte helt till alkohol utan l\u00e4mnas kvar i vinet som naturligt s\u00f6tnings\u00e4mne. Tillverkningsmetoden \u00e4r lik den som till\u00e4mpas f\u00f6r framst\u00e4llning av Porto, Madeira och Marsala. De mest k\u00e4nda\u201dvin doux naturels\u201d fr\u00e5n Roussillon \u00e4r Banyuls, Maury och Riversaltes. Dessa viner \u00e4r utm\u00e4rkta som dryck till gr\u00f6nm\u00f6gelost, till efterr\u00e4tter eller varf\u00f6r inte en bit god m\u00f6rk choklad.<\/p>\n","protected":false},"excerpt":{"rendered":"<p>Roussillon ligger l\u00e4ngst ner i v\u00e4stra och sista delen av franska medelhavet, precis intill gr\u00e4nsen till Spanien. Omg\u00e4rdat av h\u00f6ga h\u00f6jder s\u00e5 separeras Roussillon fr\u00e5n de angr\u00e4nsande distrikten. I norr ligger Corbi\u00e8res branta kalkstenssluttningar. I v\u00e4st str\u00e4cker Canigo-massivet ut sig och i s\u00f6der s\u00e5 utg\u00f6r Alb\u00e8res och Roc de France gr\u00e4nsen till Spanien. Klimatet i [&hellip;]<\/p>\n","protected":false},"author":1746,"featured_media":0,"parent":0,"menu_order":0,"comment_status":"open","ping_status":"closed","template":"","meta":{"_monsterinsights_skip_tracking":false,"_monsterinsights_sitenote_active":false,"_monsterinsights_sitenote_note":"","_monsterinsights_sitenote_category":0,"_uf_show_specific_survey":0,"_uf_disable_surveys":false,"footnotes":""},"class_list":["post-68161","page","type-page","status-publish","hentry"],"yoast_head":"<!-- This site is optimized with the Yoast SEO plugin v27.3 - https:\/\/yoast.com\/product\/yoast-seo-wordpress\/ -->\n<title>Roussillon - IVINIO Wine Shop<\/title>\n<meta name=\"robots\" content=\"index, follow, max-snippet:-1, max-image-preview:large, max-video-preview:-1\" \/>\n<link rel=\"canonical\" href=\"https:\/\/www.ivinio.com\/sv\/sv-roussillon\/\" \/>\n<meta property=\"og:locale\" content=\"sv_SE\" \/>\n<meta property=\"og:type\" content=\"article\" \/>\n<meta property=\"og:title\" content=\"Roussillon - IVINIO Wine Shop\" \/>\n<meta property=\"og:description\" content=\"Roussillon ligger l\u00e4ngst ner i v\u00e4stra och sista delen av franska medelhavet, precis intill gr\u00e4nsen till Spanien. Omg\u00e4rdat av h\u00f6ga h\u00f6jder s\u00e5 separeras Roussillon fr\u00e5n de angr\u00e4nsande distrikten. I norr ligger Corbi\u00e8res branta kalkstenssluttningar. I v\u00e4st str\u00e4cker Canigo-massivet ut sig och i s\u00f6der s\u00e5 utg\u00f6r Alb\u00e8res och Roc de France gr\u00e4nsen till Spanien. Klimatet i [&hellip;]\" \/>\n<meta property=\"og:url\" content=\"https:\/\/www.ivinio.com\/sv\/sv-roussillon\/\" \/>\n<meta property=\"og:site_name\" content=\"IVINIO Wine Shop\" \/>\n<meta property=\"article:publisher\" content=\"https:\/\/www.facebook.com\/groups\/165217837022391\/?ref=bookmarks\" \/>\n<meta property=\"article:modified_time\" content=\"2021-07-14T09:24:37+00:00\" \/>\n<meta property=\"og:image\" content=\"https:\/\/www.ivinio.com\/wp-content\/uploads\/2021\/07\/roussilion-300x161.jpg\" \/>\n<meta name=\"twitter:card\" content=\"summary_large_image\" \/>\n<meta name=\"twitter:label1\" content=\"Ber\u00e4knad l\u00e4stid\" \/>\n\t<meta name=\"twitter:data1\" content=\"2 minuter\" \/>\n<script type=\"application\/ld+json\" class=\"yoast-schema-graph\">{\"@context\":\"https:\\\/\\\/schema.org\",\"@graph\":[{\"@type\":\"WebPage\",\"@id\":\"https:\\\/\\\/www.ivinio.com\\\/sv\\\/sv-roussillon\\\/\",\"url\":\"https:\\\/\\\/www.ivinio.com\\\/sv\\\/sv-roussillon\\\/\",\"name\":\"Roussillon - IVINIO Wine Shop\",\"isPartOf\":{\"@id\":\"https:\\\/\\\/www.ivinio.com\\\/sv\\\/#website\"},\"primaryImageOfPage\":{\"@id\":\"https:\\\/\\\/www.ivinio.com\\\/sv\\\/sv-roussillon\\\/#primaryimage\"},\"image\":{\"@id\":\"https:\\\/\\\/www.ivinio.com\\\/sv\\\/sv-roussillon\\\/#primaryimage\"},\"thumbnailUrl\":\"https:\\\/\\\/www.ivinio.com\\\/wp-content\\\/uploads\\\/2021\\\/07\\\/roussilion-300x161.jpg\",\"datePublished\":\"2014-08-22T16:03:04+00:00\",\"dateModified\":\"2021-07-14T09:24:37+00:00\",\"breadcrumb\":{\"@id\":\"https:\\\/\\\/www.ivinio.com\\\/sv\\\/sv-roussillon\\\/#breadcrumb\"},\"inLanguage\":\"sv-SE\",\"potentialAction\":[{\"@type\":\"ReadAction\",\"target\":[\"https:\\\/\\\/www.ivinio.com\\\/sv\\\/sv-roussillon\\\/\"]}]},{\"@type\":\"ImageObject\",\"inLanguage\":\"sv-SE\",\"@id\":\"https:\\\/\\\/www.ivinio.com\\\/sv\\\/sv-roussillon\\\/#primaryimage\",\"url\":\"https:\\\/\\\/www.ivinio.com\\\/wp-content\\\/uploads\\\/2021\\\/07\\\/roussilion-300x161.jpg\",\"contentUrl\":\"https:\\\/\\\/www.ivinio.com\\\/wp-content\\\/uploads\\\/2021\\\/07\\\/roussilion-300x161.jpg\"},{\"@type\":\"BreadcrumbList\",\"@id\":\"https:\\\/\\\/www.ivinio.com\\\/sv\\\/sv-roussillon\\\/#breadcrumb\",\"itemListElement\":[{\"@type\":\"ListItem\",\"position\":1,\"name\":\"Hem\",\"item\":\"https:\\\/\\\/www.ivinio.com\\\/sv\\\/\"},{\"@type\":\"ListItem\",\"position\":2,\"name\":\"Roussillon\"}]},{\"@type\":\"WebSite\",\"@id\":\"https:\\\/\\\/www.ivinio.com\\\/sv\\\/#website\",\"url\":\"https:\\\/\\\/www.ivinio.com\\\/sv\\\/\",\"name\":\"IVINIO Wine Shop\",\"description\":\"French and Italian wines with delivery to your door\",\"publisher\":{\"@id\":\"https:\\\/\\\/www.ivinio.com\\\/sv\\\/#organization\"},\"potentialAction\":[{\"@type\":\"SearchAction\",\"target\":{\"@type\":\"EntryPoint\",\"urlTemplate\":\"https:\\\/\\\/www.ivinio.com\\\/sv\\\/?s={search_term_string}\"},\"query-input\":{\"@type\":\"PropertyValueSpecification\",\"valueRequired\":true,\"valueName\":\"search_term_string\"}}],\"inLanguage\":\"sv-SE\"},{\"@type\":\"Organization\",\"@id\":\"https:\\\/\\\/www.ivinio.com\\\/sv\\\/#organization\",\"name\":\"IVINIO\",\"url\":\"https:\\\/\\\/www.ivinio.com\\\/sv\\\/\",\"logo\":{\"@type\":\"ImageObject\",\"inLanguage\":\"sv-SE\",\"@id\":\"https:\\\/\\\/www.ivinio.com\\\/sv\\\/#\\\/schema\\\/logo\\\/image\\\/\",\"url\":\"https:\\\/\\\/www.ivinio.com\\\/wp-content\\\/uploads\\\/2021\\\/01\\\/Logo-Ivinio-v2.jpg\",\"contentUrl\":\"https:\\\/\\\/www.ivinio.com\\\/wp-content\\\/uploads\\\/2021\\\/01\\\/Logo-Ivinio-v2.jpg\",\"width\":1194,\"height\":1194,\"caption\":\"IVINIO\"},\"image\":{\"@id\":\"https:\\\/\\\/www.ivinio.com\\\/sv\\\/#\\\/schema\\\/logo\\\/image\\\/\"},\"sameAs\":[\"https:\\\/\\\/www.facebook.com\\\/groups\\\/165217837022391\\\/?ref=bookmarks\",\"https:\\\/\\\/www.instagram.com\\\/_ivinio_\\\/?hl=fr\"]}]}<\/script>\n<!-- \/ Yoast SEO plugin. -->","yoast_head_json":{"title":"Roussillon - IVINIO Wine Shop","robots":{"index":"index","follow":"follow","max-snippet":"max-snippet:-1","max-image-preview":"max-image-preview:large","max-video-preview":"max-video-preview:-1"},"canonical":"https:\/\/www.ivinio.com\/sv\/sv-roussillon\/","og_locale":"sv_SE","og_type":"article","og_title":"Roussillon - IVINIO Wine Shop","og_description":"Roussillon ligger l\u00e4ngst ner i v\u00e4stra och sista delen av franska medelhavet, precis intill gr\u00e4nsen till Spanien. Omg\u00e4rdat av h\u00f6ga h\u00f6jder s\u00e5 separeras Roussillon fr\u00e5n de angr\u00e4nsande distrikten. I norr ligger Corbi\u00e8res branta kalkstenssluttningar. I v\u00e4st str\u00e4cker Canigo-massivet ut sig och i s\u00f6der s\u00e5 utg\u00f6r Alb\u00e8res och Roc de France gr\u00e4nsen till Spanien. Klimatet i [&hellip;]","og_url":"https:\/\/www.ivinio.com\/sv\/sv-roussillon\/","og_site_name":"IVINIO Wine Shop","article_publisher":"https:\/\/www.facebook.com\/groups\/165217837022391\/?ref=bookmarks","article_modified_time":"2021-07-14T09:24:37+00:00","og_image":[{"url":"https:\/\/www.ivinio.com\/wp-content\/uploads\/2021\/07\/roussilion-300x161.jpg","type":"","width":"","height":""}],"twitter_card":"summary_large_image","twitter_misc":{"Ber\u00e4knad l\u00e4stid":"2 minuter"},"schema":{"@context":"https:\/\/schema.org","@graph":[{"@type":"WebPage","@id":"https:\/\/www.ivinio.com\/sv\/sv-roussillon\/","url":"https:\/\/www.ivinio.com\/sv\/sv-roussillon\/","name":"Roussillon - IVINIO Wine Shop","isPartOf":{"@id":"https:\/\/www.ivinio.com\/sv\/#website"},"primaryImageOfPage":{"@id":"https:\/\/www.ivinio.com\/sv\/sv-roussillon\/#primaryimage"},"image":{"@id":"https:\/\/www.ivinio.com\/sv\/sv-roussillon\/#primaryimage"},"thumbnailUrl":"https:\/\/www.ivinio.com\/wp-content\/uploads\/2021\/07\/roussilion-300x161.jpg","datePublished":"2014-08-22T16:03:04+00:00","dateModified":"2021-07-14T09:24:37+00:00","breadcrumb":{"@id":"https:\/\/www.ivinio.com\/sv\/sv-roussillon\/#breadcrumb"},"inLanguage":"sv-SE","potentialAction":[{"@type":"ReadAction","target":["https:\/\/www.ivinio.com\/sv\/sv-roussillon\/"]}]},{"@type":"ImageObject","inLanguage":"sv-SE","@id":"https:\/\/www.ivinio.com\/sv\/sv-roussillon\/#primaryimage","url":"https:\/\/www.ivinio.com\/wp-content\/uploads\/2021\/07\/roussilion-300x161.jpg","contentUrl":"https:\/\/www.ivinio.com\/wp-content\/uploads\/2021\/07\/roussilion-300x161.jpg"},{"@type":"BreadcrumbList","@id":"https:\/\/www.ivinio.com\/sv\/sv-roussillon\/#breadcrumb","itemListElement":[{"@type":"ListItem","position":1,"name":"Hem","item":"https:\/\/www.ivinio.com\/sv\/"},{"@type":"ListItem","position":2,"name":"Roussillon"}]},{"@type":"WebSite","@id":"https:\/\/www.ivinio.com\/sv\/#website","url":"https:\/\/www.ivinio.com\/sv\/","name":"IVINIO Wine Shop","description":"French and Italian wines with delivery to your door","publisher":{"@id":"https:\/\/www.ivinio.com\/sv\/#organization"},"potentialAction":[{"@type":"SearchAction","target":{"@type":"EntryPoint","urlTemplate":"https:\/\/www.ivinio.com\/sv\/?s={search_term_string}"},"query-input":{"@type":"PropertyValueSpecification","valueRequired":true,"valueName":"search_term_string"}}],"inLanguage":"sv-SE"},{"@type":"Organization","@id":"https:\/\/www.ivinio.com\/sv\/#organization","name":"IVINIO","url":"https:\/\/www.ivinio.com\/sv\/","logo":{"@type":"ImageObject","inLanguage":"sv-SE","@id":"https:\/\/www.ivinio.com\/sv\/#\/schema\/logo\/image\/","url":"https:\/\/www.ivinio.com\/wp-content\/uploads\/2021\/01\/Logo-Ivinio-v2.jpg","contentUrl":"https:\/\/www.ivinio.com\/wp-content\/uploads\/2021\/01\/Logo-Ivinio-v2.jpg","width":1194,"height":1194,"caption":"IVINIO"},"image":{"@id":"https:\/\/www.ivinio.com\/sv\/#\/schema\/logo\/image\/"},"sameAs":["https:\/\/www.facebook.com\/groups\/165217837022391\/?ref=bookmarks","https:\/\/www.instagram.com\/_ivinio_\/?hl=fr"]}]}},"jetpack_shortlink":"https:\/\/wp.me\/PcK36q-hJn","jetpack_sharing_enabled":true,"_links":{"self":[{"href":"https:\/\/www.ivinio.com\/sv\/wp-json\/wp\/v2\/pages\/68161","targetHints":{"allow":["GET"]}}],"collection":[{"href":"https:\/\/www.ivinio.com\/sv\/wp-json\/wp\/v2\/pages"}],"about":[{"href":"https:\/\/www.ivinio.com\/sv\/wp-json\/wp\/v2\/types\/page"}],"author":[{"embeddable":true,"href":"https:\/\/www.ivinio.com\/sv\/wp-json\/wp\/v2\/users\/1746"}],"replies":[{"embeddable":true,"href":"https:\/\/www.ivinio.com\/sv\/wp-json\/wp\/v2\/comments?post=68161"}],"version-history":[{"count":0,"href":"https:\/\/www.ivinio.com\/sv\/wp-json\/wp\/v2\/pages\/68161\/revisions"}],"wp:attachment":[{"href":"https:\/\/www.ivinio.com\/sv\/wp-json\/wp\/v2\/media?parent=68161"}],"curies":[{"name":"wp","href":"https:\/\/api.w.org\/{rel}","templated":true}]}}