{"id":68152,"date":"2014-05-30T17:25:24","date_gmt":"2014-05-30T15:25:24","guid":{"rendered":"https:\/\/henrik.www.ivinio.com\/?p=68152"},"modified":"2022-01-14T17:07:17","modified_gmt":"2022-01-14T16:07:17","slug":"sv-toscana","status":"publish","type":"page","link":"https:\/\/www.ivinio.com\/sv\/sv-toscana\/","title":{"rendered":"Toscana"},"content":{"rendered":"<p>Toscana \u00e4r idag ett av v\u00e4rlden st\u00f6rsta vindistrikt. Vin har s\u00e5 gott som alltid odlats, det hela b\u00f6rjade faktiskt redan 700 \u00e5r f. Kr d\u00e5 Etruskerna odlade vin p\u00e5 kullarna i Toscana. Sen dess har vinproduktionen stadigt utvecklats och vin fr\u00e5n Toscana har redan sedan flera hundra \u00e5r serverats i kungahusen runt om i Europa. Mest k\u00e4nd \u00e4r s\u00e4kert den typiska bastflaskan fr\u00e5n Chianti som s\u00e4ljs \u00f6ver hela v\u00e4rlden. Idag \u00e4r Toscana mycket mer \u00e4n bastflaskan.<\/p>\n<p><img decoding=\"async\" style=\"--smush-placeholder-width: 512px; --smush-placeholder-aspect-ratio: 512\/512;float: left; margin-left: 10px; margin-right: 10px;\" data-src=\"https:\/\/www.ivinio.com\/wp-content\/uploads\/modules\/file\/pictures\/4814.campagna_toscana.jpg\" src=\"data:image\/gif;base64,R0lGODlhAQABAAAAACH5BAEKAAEALAAAAAABAAEAAAICTAEAOw==\" class=\"lazyload\" \/><\/p>\n<p>Nyt\u00e4nkande i anv\u00e4ndningen av den lokala Sangiovesedruvan ligger till grund f\u00f6r succ\u00e9er som Brunello di Montalcino och Montepulciano. Chianti vinerna som ocks\u00e5 tillverkas mestadels p\u00e5 Sangiovesedruvan finns erbjudet i dels Chianti och Chianti classico. Chianti classico framst\u00e4lls p\u00e5 ving\u00e5rdarna mellan Florens och Sienna d\u00e4r st\u00e4derna Greve, Radda och Castellina skapar en triangel. De flesta viner h\u00e4r tillh\u00f6r consortiumet Classico och b\u00e4r m\u00e4rket \u201dGallo nero\u201d (den svarta tuppen) som garanterar att flaskan \u00e4r en riktig Chianti Classico. Det finns 2 typer av Chianti Classico, en \u201dstandard\u201d och en \u201dRiserva\u201d.<\/p>\n<p>Riservan \u00e4r gjord p\u00e5 de b\u00e4sta druvorna och lagras minst 27 m\u00e5nader innan f\u00f6rs\u00e4ljning. Andra vinsorter som ocks\u00e5 tillverkas p\u00e5 Sangiovese \u00e4r <a href=\"https:\/\/www.antinori.it\/en\/vino\/tignanello-en\/\">Tignanello<\/a>, vars efterfr\u00e5gan och pris \u00e4r likv\u00e4rdigt med de f\u00f6r Brunello di Montepulciano. Ocks\u00e5 Montepulciano, Montalcino, Bolgheri, Carignano eller Maremma \u00e4r framst\u00e4llda p\u00e5 Sangiovesedruvan. Efter att n\u00e4stan enbart odlat Sangiovese, har man sedan 70-talet introducerat andra druvsorter som Merlot, Cabernet Sauvignon i Toscana. Det \u00e4r med dessa druvor som man tillverkar de s.k. \u201dSuper Tuscan\u201d. Sassicaia som gjort succ\u00e9 v\u00e4rlden \u00f6ver och som \u00e4r framst\u00e4llt p\u00e5 bara Cabernet Sauvignon har nu en egen DOC under namnet Bolgheri. Idag blandas Sangiovese med Cabernet, Merlot, Syrah och Pinot noir vilket ger fantastiska resultat. \u201dSuper Tuscan\u201d vinerna \u00e4r idag bland de mest exklusiva och mest eftertraktade italienska vinerna och priset f\u00f6ljer tyv\u00e4rr efterfr\u00e5gan upp\u00e5t.<\/p>\n<p>I Toscana tillverkas ocks\u00e5 vita viner men de hamnar ofte i skymundan f\u00f6r de r\u00f6da. Kanske det beror p\u00e5 att man anv\u00e4nder sig av Malvasia och Trebbiano druvor som ofta felaktigt bed\u00f6ms vara av medioker kvalitet. Druvsorten Vernaccia di San Gimignano har en egen DOCG och bed\u00f6ms vara ett av de b\u00e4ttre vita vinerna i regionen. Idag har man planterat Vermentino p\u00e5 kullarna och resultatet \u00e4r mycket lovande. Ocks\u00e5 Chardonnay, Sauvignon, pinot Bianco och Grigio har planterats med gott resultat i de kyligare omr\u00e5dena. Slutligen ska n\u00e4mnas Vino Santo som tillverkas av m\u00e5nga ving\u00e5rdar i regionen. Druvorna som anv\u00e4nds \u00e4r delvis torkade fr\u00e5n Malvasia och Trebbiano och sedan lagrat p\u00e5 ekfat.Vino Santo \u00e4r ett utm\u00e4rkt vin till aperitivo eller passar ocks\u00e5 bra till desserter.<\/p>\n","protected":false},"excerpt":{"rendered":"<p>Toscana \u00e4r idag ett av v\u00e4rlden st\u00f6rsta vindistrikt. Vin har s\u00e5 gott som alltid odlats, det hela b\u00f6rjade faktiskt redan 700 \u00e5r f. Kr d\u00e5 Etruskerna odlade vin p\u00e5 kullarna i Toscana. Sen dess har vinproduktionen stadigt utvecklats och vin fr\u00e5n Toscana har redan sedan flera hundra \u00e5r serverats i kungahusen runt om i Europa. [&hellip;]<\/p>\n","protected":false},"author":1746,"featured_media":0,"parent":0,"menu_order":0,"comment_status":"open","ping_status":"closed","template":"","meta":{"_monsterinsights_skip_tracking":false,"_monsterinsights_sitenote_active":false,"_monsterinsights_sitenote_note":"","_monsterinsights_sitenote_category":0,"_uf_show_specific_survey":0,"_uf_disable_surveys":false,"footnotes":""},"class_list":["post-68152","page","type-page","status-publish","hentry"],"yoast_head":"<!-- This site is optimized with the Yoast SEO plugin v27.3 - https:\/\/yoast.com\/product\/yoast-seo-wordpress\/ -->\n<title>Toscana - IVINIO Wine Shop<\/title>\n<meta name=\"robots\" content=\"index, follow, max-snippet:-1, max-image-preview:large, max-video-preview:-1\" \/>\n<link rel=\"canonical\" href=\"https:\/\/www.ivinio.com\/sv\/sv-toscana\/\" \/>\n<meta property=\"og:locale\" content=\"sv_SE\" \/>\n<meta property=\"og:type\" content=\"article\" \/>\n<meta property=\"og:title\" content=\"Toscana - IVINIO Wine Shop\" \/>\n<meta property=\"og:description\" content=\"Toscana \u00e4r idag ett av v\u00e4rlden st\u00f6rsta vindistrikt. Vin har s\u00e5 gott som alltid odlats, det hela b\u00f6rjade faktiskt redan 700 \u00e5r f. Kr d\u00e5 Etruskerna odlade vin p\u00e5 kullarna i Toscana. Sen dess har vinproduktionen stadigt utvecklats och vin fr\u00e5n Toscana har redan sedan flera hundra \u00e5r serverats i kungahusen runt om i Europa. [&hellip;]\" \/>\n<meta property=\"og:url\" content=\"https:\/\/www.ivinio.com\/sv\/sv-toscana\/\" \/>\n<meta property=\"og:site_name\" content=\"IVINIO Wine Shop\" \/>\n<meta property=\"article:publisher\" content=\"https:\/\/www.facebook.com\/groups\/165217837022391\/?ref=bookmarks\" \/>\n<meta property=\"article:modified_time\" content=\"2022-01-14T16:07:17+00:00\" \/>\n<meta property=\"og:image\" content=\"https:\/\/www.ivinio.com\/wp-content\/uploads\/modules\/file\/pictures\/4814.campagna_toscana.jpg\" \/>\n<meta name=\"twitter:card\" content=\"summary_large_image\" \/>\n<meta name=\"twitter:label1\" content=\"Ber\u00e4knad l\u00e4stid\" \/>\n\t<meta name=\"twitter:data1\" content=\"3 minuter\" \/>\n<script type=\"application\/ld+json\" class=\"yoast-schema-graph\">{\"@context\":\"https:\\\/\\\/schema.org\",\"@graph\":[{\"@type\":\"WebPage\",\"@id\":\"https:\\\/\\\/www.ivinio.com\\\/sv\\\/sv-toscana\\\/\",\"url\":\"https:\\\/\\\/www.ivinio.com\\\/sv\\\/sv-toscana\\\/\",\"name\":\"Toscana - IVINIO Wine Shop\",\"isPartOf\":{\"@id\":\"https:\\\/\\\/www.ivinio.com\\\/sv\\\/#website\"},\"primaryImageOfPage\":{\"@id\":\"https:\\\/\\\/www.ivinio.com\\\/sv\\\/sv-toscana\\\/#primaryimage\"},\"image\":{\"@id\":\"https:\\\/\\\/www.ivinio.com\\\/sv\\\/sv-toscana\\\/#primaryimage\"},\"thumbnailUrl\":\"https:\\\/\\\/www.ivinio.com\\\/wp-content\\\/uploads\\\/modules\\\/file\\\/pictures\\\/4814.campagna_toscana.jpg\",\"datePublished\":\"2014-05-30T15:25:24+00:00\",\"dateModified\":\"2022-01-14T16:07:17+00:00\",\"breadcrumb\":{\"@id\":\"https:\\\/\\\/www.ivinio.com\\\/sv\\\/sv-toscana\\\/#breadcrumb\"},\"inLanguage\":\"sv-SE\",\"potentialAction\":[{\"@type\":\"ReadAction\",\"target\":[\"https:\\\/\\\/www.ivinio.com\\\/sv\\\/sv-toscana\\\/\"]}]},{\"@type\":\"ImageObject\",\"inLanguage\":\"sv-SE\",\"@id\":\"https:\\\/\\\/www.ivinio.com\\\/sv\\\/sv-toscana\\\/#primaryimage\",\"url\":\"https:\\\/\\\/www.ivinio.com\\\/wp-content\\\/uploads\\\/modules\\\/file\\\/pictures\\\/4814.campagna_toscana.jpg\",\"contentUrl\":\"https:\\\/\\\/www.ivinio.com\\\/wp-content\\\/uploads\\\/modules\\\/file\\\/pictures\\\/4814.campagna_toscana.jpg\"},{\"@type\":\"BreadcrumbList\",\"@id\":\"https:\\\/\\\/www.ivinio.com\\\/sv\\\/sv-toscana\\\/#breadcrumb\",\"itemListElement\":[{\"@type\":\"ListItem\",\"position\":1,\"name\":\"Hem\",\"item\":\"https:\\\/\\\/www.ivinio.com\\\/sv\\\/\"},{\"@type\":\"ListItem\",\"position\":2,\"name\":\"Toscana\"}]},{\"@type\":\"WebSite\",\"@id\":\"https:\\\/\\\/www.ivinio.com\\\/sv\\\/#website\",\"url\":\"https:\\\/\\\/www.ivinio.com\\\/sv\\\/\",\"name\":\"IVINIO Wine Shop\",\"description\":\"French and Italian wines with delivery to your door\",\"publisher\":{\"@id\":\"https:\\\/\\\/www.ivinio.com\\\/sv\\\/#organization\"},\"potentialAction\":[{\"@type\":\"SearchAction\",\"target\":{\"@type\":\"EntryPoint\",\"urlTemplate\":\"https:\\\/\\\/www.ivinio.com\\\/sv\\\/?s={search_term_string}\"},\"query-input\":{\"@type\":\"PropertyValueSpecification\",\"valueRequired\":true,\"valueName\":\"search_term_string\"}}],\"inLanguage\":\"sv-SE\"},{\"@type\":\"Organization\",\"@id\":\"https:\\\/\\\/www.ivinio.com\\\/sv\\\/#organization\",\"name\":\"IVINIO\",\"url\":\"https:\\\/\\\/www.ivinio.com\\\/sv\\\/\",\"logo\":{\"@type\":\"ImageObject\",\"inLanguage\":\"sv-SE\",\"@id\":\"https:\\\/\\\/www.ivinio.com\\\/sv\\\/#\\\/schema\\\/logo\\\/image\\\/\",\"url\":\"https:\\\/\\\/www.ivinio.com\\\/wp-content\\\/uploads\\\/2021\\\/01\\\/Logo-Ivinio-v2.jpg\",\"contentUrl\":\"https:\\\/\\\/www.ivinio.com\\\/wp-content\\\/uploads\\\/2021\\\/01\\\/Logo-Ivinio-v2.jpg\",\"width\":1194,\"height\":1194,\"caption\":\"IVINIO\"},\"image\":{\"@id\":\"https:\\\/\\\/www.ivinio.com\\\/sv\\\/#\\\/schema\\\/logo\\\/image\\\/\"},\"sameAs\":[\"https:\\\/\\\/www.facebook.com\\\/groups\\\/165217837022391\\\/?ref=bookmarks\",\"https:\\\/\\\/www.instagram.com\\\/_ivinio_\\\/?hl=fr\"]}]}<\/script>\n<!-- \/ Yoast SEO plugin. -->","yoast_head_json":{"title":"Toscana - IVINIO Wine Shop","robots":{"index":"index","follow":"follow","max-snippet":"max-snippet:-1","max-image-preview":"max-image-preview:large","max-video-preview":"max-video-preview:-1"},"canonical":"https:\/\/www.ivinio.com\/sv\/sv-toscana\/","og_locale":"sv_SE","og_type":"article","og_title":"Toscana - IVINIO Wine Shop","og_description":"Toscana \u00e4r idag ett av v\u00e4rlden st\u00f6rsta vindistrikt. Vin har s\u00e5 gott som alltid odlats, det hela b\u00f6rjade faktiskt redan 700 \u00e5r f. Kr d\u00e5 Etruskerna odlade vin p\u00e5 kullarna i Toscana. Sen dess har vinproduktionen stadigt utvecklats och vin fr\u00e5n Toscana har redan sedan flera hundra \u00e5r serverats i kungahusen runt om i Europa. [&hellip;]","og_url":"https:\/\/www.ivinio.com\/sv\/sv-toscana\/","og_site_name":"IVINIO Wine Shop","article_publisher":"https:\/\/www.facebook.com\/groups\/165217837022391\/?ref=bookmarks","article_modified_time":"2022-01-14T16:07:17+00:00","og_image":[{"url":"https:\/\/www.ivinio.com\/wp-content\/uploads\/modules\/file\/pictures\/4814.campagna_toscana.jpg","type":"","width":"","height":""}],"twitter_card":"summary_large_image","twitter_misc":{"Ber\u00e4knad l\u00e4stid":"3 minuter"},"schema":{"@context":"https:\/\/schema.org","@graph":[{"@type":"WebPage","@id":"https:\/\/www.ivinio.com\/sv\/sv-toscana\/","url":"https:\/\/www.ivinio.com\/sv\/sv-toscana\/","name":"Toscana - IVINIO Wine Shop","isPartOf":{"@id":"https:\/\/www.ivinio.com\/sv\/#website"},"primaryImageOfPage":{"@id":"https:\/\/www.ivinio.com\/sv\/sv-toscana\/#primaryimage"},"image":{"@id":"https:\/\/www.ivinio.com\/sv\/sv-toscana\/#primaryimage"},"thumbnailUrl":"https:\/\/www.ivinio.com\/wp-content\/uploads\/modules\/file\/pictures\/4814.campagna_toscana.jpg","datePublished":"2014-05-30T15:25:24+00:00","dateModified":"2022-01-14T16:07:17+00:00","breadcrumb":{"@id":"https:\/\/www.ivinio.com\/sv\/sv-toscana\/#breadcrumb"},"inLanguage":"sv-SE","potentialAction":[{"@type":"ReadAction","target":["https:\/\/www.ivinio.com\/sv\/sv-toscana\/"]}]},{"@type":"ImageObject","inLanguage":"sv-SE","@id":"https:\/\/www.ivinio.com\/sv\/sv-toscana\/#primaryimage","url":"https:\/\/www.ivinio.com\/wp-content\/uploads\/modules\/file\/pictures\/4814.campagna_toscana.jpg","contentUrl":"https:\/\/www.ivinio.com\/wp-content\/uploads\/modules\/file\/pictures\/4814.campagna_toscana.jpg"},{"@type":"BreadcrumbList","@id":"https:\/\/www.ivinio.com\/sv\/sv-toscana\/#breadcrumb","itemListElement":[{"@type":"ListItem","position":1,"name":"Hem","item":"https:\/\/www.ivinio.com\/sv\/"},{"@type":"ListItem","position":2,"name":"Toscana"}]},{"@type":"WebSite","@id":"https:\/\/www.ivinio.com\/sv\/#website","url":"https:\/\/www.ivinio.com\/sv\/","name":"IVINIO Wine Shop","description":"French and Italian wines with delivery to your door","publisher":{"@id":"https:\/\/www.ivinio.com\/sv\/#organization"},"potentialAction":[{"@type":"SearchAction","target":{"@type":"EntryPoint","urlTemplate":"https:\/\/www.ivinio.com\/sv\/?s={search_term_string}"},"query-input":{"@type":"PropertyValueSpecification","valueRequired":true,"valueName":"search_term_string"}}],"inLanguage":"sv-SE"},{"@type":"Organization","@id":"https:\/\/www.ivinio.com\/sv\/#organization","name":"IVINIO","url":"https:\/\/www.ivinio.com\/sv\/","logo":{"@type":"ImageObject","inLanguage":"sv-SE","@id":"https:\/\/www.ivinio.com\/sv\/#\/schema\/logo\/image\/","url":"https:\/\/www.ivinio.com\/wp-content\/uploads\/2021\/01\/Logo-Ivinio-v2.jpg","contentUrl":"https:\/\/www.ivinio.com\/wp-content\/uploads\/2021\/01\/Logo-Ivinio-v2.jpg","width":1194,"height":1194,"caption":"IVINIO"},"image":{"@id":"https:\/\/www.ivinio.com\/sv\/#\/schema\/logo\/image\/"},"sameAs":["https:\/\/www.facebook.com\/groups\/165217837022391\/?ref=bookmarks","https:\/\/www.instagram.com\/_ivinio_\/?hl=fr"]}]}},"jetpack_shortlink":"https:\/\/wp.me\/PcK36q-hJe","jetpack_sharing_enabled":true,"_links":{"self":[{"href":"https:\/\/www.ivinio.com\/sv\/wp-json\/wp\/v2\/pages\/68152","targetHints":{"allow":["GET"]}}],"collection":[{"href":"https:\/\/www.ivinio.com\/sv\/wp-json\/wp\/v2\/pages"}],"about":[{"href":"https:\/\/www.ivinio.com\/sv\/wp-json\/wp\/v2\/types\/page"}],"author":[{"embeddable":true,"href":"https:\/\/www.ivinio.com\/sv\/wp-json\/wp\/v2\/users\/1746"}],"replies":[{"embeddable":true,"href":"https:\/\/www.ivinio.com\/sv\/wp-json\/wp\/v2\/comments?post=68152"}],"version-history":[{"count":0,"href":"https:\/\/www.ivinio.com\/sv\/wp-json\/wp\/v2\/pages\/68152\/revisions"}],"wp:attachment":[{"href":"https:\/\/www.ivinio.com\/sv\/wp-json\/wp\/v2\/media?parent=68152"}],"curies":[{"name":"wp","href":"https:\/\/api.w.org\/{rel}","templated":true}]}}