{"id":68134,"date":"2014-05-30T17:13:43","date_gmt":"2014-05-30T15:13:43","guid":{"rendered":"https:\/\/henrik.www.ivinio.com\/?p=68134"},"modified":"2021-10-09T15:42:50","modified_gmt":"2021-10-09T13:42:50","slug":"sv-sydvast","status":"publish","type":"page","link":"https:\/\/www.ivinio.com\/sv\/sv-sydvast\/","title":{"rendered":"Sydv\u00e4st"},"content":{"rendered":"<p><strong>Vin fr\u00e5n sydv\u00e4stra Frankrike<\/strong> blandas ibland felaktigt samman med Bordeauxvinerna. Vinerna i sydv\u00e4st har f\u00f6r \u00f6vrigt sedan l\u00e4nge hamnat i skymundan f\u00f6r sin storebror Bordeaux som varit det stora namnet i sydv\u00e4stra Frankrike. Bordeaux ligger ju faktiskt i sydv\u00e4stra Frankrike, men n\u00e4r man diskuterar vin s\u00e4rbehandlas vinerna fr\u00e5n Bordeaux och anses inte ing\u00e5 i kategorin f\u00f6r viner fr\u00e5n sydv\u00e4st. Geografiskt str\u00e4cker sig sydv\u00e4stdistriktet fr\u00e5n Atlantkusten till Rodez i nord\u00f6st och ner till den spanska gr\u00e4nsen. Det sydv\u00e4stra vindistriktet \u00e4r i grunden ett av de \u00e4lsta i Frankrike. Phylloxerainsekten \u00f6delade dock hela vindistriktet p\u00e5 1800-talet och det har tagit l\u00e5ng tid f\u00f6r det att komma tillbaka. Idag innefattar distriktet v\u00e4ldigt olika viner d\u00e5 b\u00e5de klimat, jordtyp och anv\u00e4nda druvsorter varierar beroende p\u00e5 var man befinner sig.\u00a0Det finns <strong>22 olika appellationer AOP d\u00e4r de <\/strong><strong>mest k\u00e4nda \u00e4r Cahors, Bergerac, Gaillac, Fronton, Buzet, Madiran, Montbazillac och Juran\u00e7on.<\/strong><\/p>\n<p><img decoding=\"async\" class=\"size-full wp-image-127439 alignleft lazyload\" data-src=\"https:\/\/www.ivinio.com\/wp-content\/uploads\/2021\/07\/sud-ouest.jpg\" alt=\"\" width=\"220\" height=\"146\" src=\"data:image\/gif;base64,R0lGODlhAQABAAAAACH5BAEKAAEALAAAAAABAAEAAAICTAEAOw==\" style=\"--smush-placeholder-width: 220px; --smush-placeholder-aspect-ratio: 220\/146;\" \/>De 2 sistn\u00e4mnda appellationerna\u00a0\u00e4r s\u00f6ta dessertviner som i b\u00e4sta fall kan m\u00e4ta sig med Sauternes-vinerna i Bordeaux, men\u00a0till ett betydligt mer attraktivt pris. Den sydv\u00e4stra regionen har ett rikt utbud av druvsorter. Influensen fr\u00e5n Bordeaux m\u00e4rks genom anv\u00e4ndandet av <strong>Sauvignon, S\u00e9millon, Ugni Blanc, och Muscadelle<\/strong> f\u00f6r de vita vinerna och\u00a0<strong>Cabernet Sauvignon, Cabernet franc, Malbec och Merlot f\u00f6r de r\u00f6da. Fr\u00e5n Languedoc-Roussillon<\/strong> i \u00f6st har man dessutom\u00a0h\u00e4mtat Syrah- och Cinsaultdruvor. Som om det inte r\u00e4ckte anv\u00e4nder man ocks\u00e5 lokala druvsorter som tex <strong>Mansenc, Arrufiac, Courbu, Ondenc, N\u00e9grette<\/strong> och m\u00e5nga fler&#8230; Detta g\u00f6r att viner fr\u00e5n Sydv\u00e4st har ett brett register av olika viner som definitivt tillfredsst\u00e4ller den nyfikna vinprovaren.<\/p>\n","protected":false},"excerpt":{"rendered":"<p>Vin fr\u00e5n sydv\u00e4stra Frankrike blandas ibland felaktigt samman med Bordeauxvinerna. Vinerna i sydv\u00e4st har f\u00f6r \u00f6vrigt sedan l\u00e4nge hamnat i skymundan f\u00f6r sin storebror Bordeaux som varit det stora namnet i sydv\u00e4stra Frankrike. Bordeaux ligger ju faktiskt i sydv\u00e4stra Frankrike, men n\u00e4r man diskuterar vin s\u00e4rbehandlas vinerna fr\u00e5n Bordeaux och anses inte ing\u00e5 i kategorin [&hellip;]<\/p>\n","protected":false},"author":1746,"featured_media":0,"parent":0,"menu_order":0,"comment_status":"open","ping_status":"closed","template":"","meta":{"_monsterinsights_skip_tracking":false,"_monsterinsights_sitenote_active":false,"_monsterinsights_sitenote_note":"","_monsterinsights_sitenote_category":0,"_uf_show_specific_survey":0,"_uf_disable_surveys":false,"footnotes":""},"class_list":["post-68134","page","type-page","status-publish","hentry"],"yoast_head":"<!-- This site is optimized with the Yoast SEO plugin v27.5 - https:\/\/yoast.com\/product\/yoast-seo-wordpress\/ -->\n<title>Sydv\u00e4st - IVINIO Vinbutik<\/title>\n<meta name=\"description\" content=\"Det sydv\u00e4stra vindistriktet \u00e4r i grunden ett av de \u00e4lsta i Frankrike. Phylloxerainsekten \u00f6delade dock hela vindistriktet p\u00e5 1800-talet och det har tagit l\u00e5ng tid f\u00f6r det att komma tillbaka. Idag innefattar distriktet v\u00e4ldigt olika viner d\u00e5 b\u00e5de klimat, jordtyp och anv\u00e4nda druvsorter varierar beroende p\u00e5 var man befinner sig.\" \/>\n<meta name=\"robots\" content=\"index, follow, max-snippet:-1, max-image-preview:large, max-video-preview:-1\" \/>\n<link rel=\"canonical\" href=\"https:\/\/www.ivinio.com\/sv\/sv-sydvast\/\" \/>\n<meta property=\"og:locale\" content=\"sv_SE\" \/>\n<meta property=\"og:type\" content=\"article\" \/>\n<meta property=\"og:title\" content=\"Sydv\u00e4st - IVINIO Vinbutik\" \/>\n<meta property=\"og:description\" content=\"Det sydv\u00e4stra vindistriktet \u00e4r i grunden ett av de \u00e4lsta i Frankrike. Phylloxerainsekten \u00f6delade dock hela vindistriktet p\u00e5 1800-talet och det har tagit l\u00e5ng tid f\u00f6r det att komma tillbaka. Idag innefattar distriktet v\u00e4ldigt olika viner d\u00e5 b\u00e5de klimat, jordtyp och anv\u00e4nda druvsorter varierar beroende p\u00e5 var man befinner sig.\" \/>\n<meta property=\"og:url\" content=\"https:\/\/www.ivinio.com\/sv\/sv-sydvast\/\" \/>\n<meta property=\"og:site_name\" content=\"IVINIO Vinbutik\" \/>\n<meta property=\"article:publisher\" content=\"https:\/\/www.facebook.com\/groups\/165217837022391\/?ref=bookmarks\" \/>\n<meta property=\"article:modified_time\" content=\"2021-10-09T13:42:50+00:00\" \/>\n<meta property=\"og:image\" content=\"https:\/\/www.ivinio.com\/wp-content\/uploads\/2021\/07\/sud-ouest.jpg\" \/>\n<meta name=\"twitter:card\" content=\"summary_large_image\" \/>\n<meta name=\"twitter:label1\" content=\"Ber\u00e4knad l\u00e4stid\" \/>\n\t<meta name=\"twitter:data1\" content=\"2 minuter\" \/>\n<script type=\"application\/ld+json\" class=\"yoast-schema-graph\">{\"@context\":\"https:\\\/\\\/schema.org\",\"@graph\":[{\"@type\":\"WebPage\",\"@id\":\"https:\\\/\\\/www.ivinio.com\\\/sv\\\/sv-sydvast\\\/\",\"url\":\"https:\\\/\\\/www.ivinio.com\\\/sv\\\/sv-sydvast\\\/\",\"name\":\"Sydv\u00e4st - IVINIO Vinbutik\",\"isPartOf\":{\"@id\":\"https:\\\/\\\/www.ivinio.com\\\/sv\\\/#website\"},\"primaryImageOfPage\":{\"@id\":\"https:\\\/\\\/www.ivinio.com\\\/sv\\\/sv-sydvast\\\/#primaryimage\"},\"image\":{\"@id\":\"https:\\\/\\\/www.ivinio.com\\\/sv\\\/sv-sydvast\\\/#primaryimage\"},\"thumbnailUrl\":\"https:\\\/\\\/www.ivinio.com\\\/wp-content\\\/uploads\\\/2021\\\/07\\\/sud-ouest.jpg\",\"datePublished\":\"2014-05-30T15:13:43+00:00\",\"dateModified\":\"2021-10-09T13:42:50+00:00\",\"description\":\"Det sydv\u00e4stra vindistriktet \u00e4r i grunden ett av de \u00e4lsta i Frankrike. Phylloxerainsekten \u00f6delade dock hela vindistriktet p\u00e5 1800-talet och det har tagit l\u00e5ng tid f\u00f6r det att komma tillbaka. Idag innefattar distriktet v\u00e4ldigt olika viner d\u00e5 b\u00e5de klimat, jordtyp och anv\u00e4nda druvsorter varierar beroende p\u00e5 var man befinner sig.\",\"breadcrumb\":{\"@id\":\"https:\\\/\\\/www.ivinio.com\\\/sv\\\/sv-sydvast\\\/#breadcrumb\"},\"inLanguage\":\"sv-SE\",\"potentialAction\":[{\"@type\":\"ReadAction\",\"target\":[\"https:\\\/\\\/www.ivinio.com\\\/sv\\\/sv-sydvast\\\/\"]}]},{\"@type\":\"ImageObject\",\"inLanguage\":\"sv-SE\",\"@id\":\"https:\\\/\\\/www.ivinio.com\\\/sv\\\/sv-sydvast\\\/#primaryimage\",\"url\":\"https:\\\/\\\/www.ivinio.com\\\/wp-content\\\/uploads\\\/2021\\\/07\\\/sud-ouest.jpg\",\"contentUrl\":\"https:\\\/\\\/www.ivinio.com\\\/wp-content\\\/uploads\\\/2021\\\/07\\\/sud-ouest.jpg\"},{\"@type\":\"BreadcrumbList\",\"@id\":\"https:\\\/\\\/www.ivinio.com\\\/sv\\\/sv-sydvast\\\/#breadcrumb\",\"itemListElement\":[{\"@type\":\"ListItem\",\"position\":1,\"name\":\"Hem\",\"item\":\"https:\\\/\\\/www.ivinio.com\\\/sv\\\/\"},{\"@type\":\"ListItem\",\"position\":2,\"name\":\"Sydv\u00e4st\"}]},{\"@type\":\"WebSite\",\"@id\":\"https:\\\/\\\/www.ivinio.com\\\/sv\\\/#website\",\"url\":\"https:\\\/\\\/www.ivinio.com\\\/sv\\\/\",\"name\":\"IVINIO Vinbutik\",\"description\":\"Vin fr\u00e5n Frankrike och Italien med leverans hem till din d\u00f6rr\",\"publisher\":{\"@id\":\"https:\\\/\\\/www.ivinio.com\\\/sv\\\/#organization\"},\"potentialAction\":[{\"@type\":\"SearchAction\",\"target\":{\"@type\":\"EntryPoint\",\"urlTemplate\":\"https:\\\/\\\/www.ivinio.com\\\/sv\\\/?s={search_term_string}\"},\"query-input\":{\"@type\":\"PropertyValueSpecification\",\"valueRequired\":true,\"valueName\":\"search_term_string\"}}],\"inLanguage\":\"sv-SE\"},{\"@type\":\"Organization\",\"@id\":\"https:\\\/\\\/www.ivinio.com\\\/sv\\\/#organization\",\"name\":\"IVINIO\",\"url\":\"https:\\\/\\\/www.ivinio.com\\\/sv\\\/\",\"logo\":{\"@type\":\"ImageObject\",\"inLanguage\":\"sv-SE\",\"@id\":\"https:\\\/\\\/www.ivinio.com\\\/sv\\\/#\\\/schema\\\/logo\\\/image\\\/\",\"url\":\"https:\\\/\\\/www.ivinio.com\\\/wp-content\\\/uploads\\\/2021\\\/01\\\/Logo-Ivinio-v2.jpg\",\"contentUrl\":\"https:\\\/\\\/www.ivinio.com\\\/wp-content\\\/uploads\\\/2021\\\/01\\\/Logo-Ivinio-v2.jpg\",\"width\":1194,\"height\":1194,\"caption\":\"IVINIO\"},\"image\":{\"@id\":\"https:\\\/\\\/www.ivinio.com\\\/sv\\\/#\\\/schema\\\/logo\\\/image\\\/\"},\"sameAs\":[\"https:\\\/\\\/www.facebook.com\\\/groups\\\/165217837022391\\\/?ref=bookmarks\",\"https:\\\/\\\/www.instagram.com\\\/_ivinio_\\\/?hl=fr\"]}]}<\/script>\n<!-- \/ Yoast SEO plugin. -->","yoast_head_json":{"title":"Sydv\u00e4st - IVINIO Vinbutik","description":"Det sydv\u00e4stra vindistriktet \u00e4r i grunden ett av de \u00e4lsta i Frankrike. Phylloxerainsekten \u00f6delade dock hela vindistriktet p\u00e5 1800-talet och det har tagit l\u00e5ng tid f\u00f6r det att komma tillbaka. Idag innefattar distriktet v\u00e4ldigt olika viner d\u00e5 b\u00e5de klimat, jordtyp och anv\u00e4nda druvsorter varierar beroende p\u00e5 var man befinner sig.","robots":{"index":"index","follow":"follow","max-snippet":"max-snippet:-1","max-image-preview":"max-image-preview:large","max-video-preview":"max-video-preview:-1"},"canonical":"https:\/\/www.ivinio.com\/sv\/sv-sydvast\/","og_locale":"sv_SE","og_type":"article","og_title":"Sydv\u00e4st - IVINIO Vinbutik","og_description":"Det sydv\u00e4stra vindistriktet \u00e4r i grunden ett av de \u00e4lsta i Frankrike. Phylloxerainsekten \u00f6delade dock hela vindistriktet p\u00e5 1800-talet och det har tagit l\u00e5ng tid f\u00f6r det att komma tillbaka. Idag innefattar distriktet v\u00e4ldigt olika viner d\u00e5 b\u00e5de klimat, jordtyp och anv\u00e4nda druvsorter varierar beroende p\u00e5 var man befinner sig.","og_url":"https:\/\/www.ivinio.com\/sv\/sv-sydvast\/","og_site_name":"IVINIO Vinbutik","article_publisher":"https:\/\/www.facebook.com\/groups\/165217837022391\/?ref=bookmarks","article_modified_time":"2021-10-09T13:42:50+00:00","og_image":[{"url":"https:\/\/www.ivinio.com\/wp-content\/uploads\/2021\/07\/sud-ouest.jpg","type":"","width":"","height":""}],"twitter_card":"summary_large_image","twitter_misc":{"Ber\u00e4knad l\u00e4stid":"2 minuter"},"schema":{"@context":"https:\/\/schema.org","@graph":[{"@type":"WebPage","@id":"https:\/\/www.ivinio.com\/sv\/sv-sydvast\/","url":"https:\/\/www.ivinio.com\/sv\/sv-sydvast\/","name":"Sydv\u00e4st - IVINIO Vinbutik","isPartOf":{"@id":"https:\/\/www.ivinio.com\/sv\/#website"},"primaryImageOfPage":{"@id":"https:\/\/www.ivinio.com\/sv\/sv-sydvast\/#primaryimage"},"image":{"@id":"https:\/\/www.ivinio.com\/sv\/sv-sydvast\/#primaryimage"},"thumbnailUrl":"https:\/\/www.ivinio.com\/wp-content\/uploads\/2021\/07\/sud-ouest.jpg","datePublished":"2014-05-30T15:13:43+00:00","dateModified":"2021-10-09T13:42:50+00:00","description":"Det sydv\u00e4stra vindistriktet \u00e4r i grunden ett av de \u00e4lsta i Frankrike. Phylloxerainsekten \u00f6delade dock hela vindistriktet p\u00e5 1800-talet och det har tagit l\u00e5ng tid f\u00f6r det att komma tillbaka. Idag innefattar distriktet v\u00e4ldigt olika viner d\u00e5 b\u00e5de klimat, jordtyp och anv\u00e4nda druvsorter varierar beroende p\u00e5 var man befinner sig.","breadcrumb":{"@id":"https:\/\/www.ivinio.com\/sv\/sv-sydvast\/#breadcrumb"},"inLanguage":"sv-SE","potentialAction":[{"@type":"ReadAction","target":["https:\/\/www.ivinio.com\/sv\/sv-sydvast\/"]}]},{"@type":"ImageObject","inLanguage":"sv-SE","@id":"https:\/\/www.ivinio.com\/sv\/sv-sydvast\/#primaryimage","url":"https:\/\/www.ivinio.com\/wp-content\/uploads\/2021\/07\/sud-ouest.jpg","contentUrl":"https:\/\/www.ivinio.com\/wp-content\/uploads\/2021\/07\/sud-ouest.jpg"},{"@type":"BreadcrumbList","@id":"https:\/\/www.ivinio.com\/sv\/sv-sydvast\/#breadcrumb","itemListElement":[{"@type":"ListItem","position":1,"name":"Hem","item":"https:\/\/www.ivinio.com\/sv\/"},{"@type":"ListItem","position":2,"name":"Sydv\u00e4st"}]},{"@type":"WebSite","@id":"https:\/\/www.ivinio.com\/sv\/#website","url":"https:\/\/www.ivinio.com\/sv\/","name":"IVINIO Vinbutik","description":"Vin fr\u00e5n Frankrike och Italien med leverans hem till din d\u00f6rr","publisher":{"@id":"https:\/\/www.ivinio.com\/sv\/#organization"},"potentialAction":[{"@type":"SearchAction","target":{"@type":"EntryPoint","urlTemplate":"https:\/\/www.ivinio.com\/sv\/?s={search_term_string}"},"query-input":{"@type":"PropertyValueSpecification","valueRequired":true,"valueName":"search_term_string"}}],"inLanguage":"sv-SE"},{"@type":"Organization","@id":"https:\/\/www.ivinio.com\/sv\/#organization","name":"IVINIO","url":"https:\/\/www.ivinio.com\/sv\/","logo":{"@type":"ImageObject","inLanguage":"sv-SE","@id":"https:\/\/www.ivinio.com\/sv\/#\/schema\/logo\/image\/","url":"https:\/\/www.ivinio.com\/wp-content\/uploads\/2021\/01\/Logo-Ivinio-v2.jpg","contentUrl":"https:\/\/www.ivinio.com\/wp-content\/uploads\/2021\/01\/Logo-Ivinio-v2.jpg","width":1194,"height":1194,"caption":"IVINIO"},"image":{"@id":"https:\/\/www.ivinio.com\/sv\/#\/schema\/logo\/image\/"},"sameAs":["https:\/\/www.facebook.com\/groups\/165217837022391\/?ref=bookmarks","https:\/\/www.instagram.com\/_ivinio_\/?hl=fr"]}]}},"jetpack_shortlink":"https:\/\/wp.me\/PcK36q-hIW","jetpack_sharing_enabled":true,"_links":{"self":[{"href":"https:\/\/www.ivinio.com\/sv\/wp-json\/wp\/v2\/pages\/68134","targetHints":{"allow":["GET"]}}],"collection":[{"href":"https:\/\/www.ivinio.com\/sv\/wp-json\/wp\/v2\/pages"}],"about":[{"href":"https:\/\/www.ivinio.com\/sv\/wp-json\/wp\/v2\/types\/page"}],"author":[{"embeddable":true,"href":"https:\/\/www.ivinio.com\/sv\/wp-json\/wp\/v2\/users\/1746"}],"replies":[{"embeddable":true,"href":"https:\/\/www.ivinio.com\/sv\/wp-json\/wp\/v2\/comments?post=68134"}],"version-history":[{"count":0,"href":"https:\/\/www.ivinio.com\/sv\/wp-json\/wp\/v2\/pages\/68134\/revisions"}],"wp:attachment":[{"href":"https:\/\/www.ivinio.com\/sv\/wp-json\/wp\/v2\/media?parent=68134"}],"curies":[{"name":"wp","href":"https:\/\/api.w.org\/{rel}","templated":true}]}}