{"id":68131,"date":"2014-05-30T17:11:09","date_gmt":"2014-05-30T15:11:09","guid":{"rendered":"https:\/\/henrik.www.ivinio.com\/?p=68131"},"modified":"2021-09-16T18:27:57","modified_gmt":"2021-09-16T16:27:57","slug":"sv-provence","status":"publish","type":"page","link":"https:\/\/www.ivinio.com\/sv\/sv-provence\/","title":{"rendered":"Provence"},"content":{"rendered":"<p>S\u00f6dra Frankrike med medelhavet och sol f\u00e5r en l\u00e4tt att t\u00e4nka p\u00e5 semester och trevliga stunder. Inte bara f\u00f6r semesterfiraren, men ocks\u00e5 f\u00f6r vinodlaren s\u00e5 \u00e4r Provence solens rike. Inte mindre \u00e4n 3.000 soltimmar om \u00e5ret g\u00f6r Provence till en ypperlig region f\u00f6r vinodling. Grekerna kom till Marseille redan 600 \u00e5r f\u00f6re Kristus och bidrog till utvecklingen av vinkulturen. Romarna och kyrkmunkarna har sedan fortsatt i samma sp\u00e5r. Idag \u00e4r Provence mest k\u00e4nd f\u00f6r sina ros\u00e9viner som representerar den st\u00f6rsta delen av produktionen. Det vore dock synd och skam att inte n\u00e4mna de r\u00f6da och vita vinerna som ofta \u00e4r minst lika intressanta som ros\u00e9vinerna. Provence \u00e4r den region i syd\u00f6stra Frankrike som t\u00e4cker de 3 departementen Bouches-du-Rh\u00f4ne, Var och Alpes-Maritimes.<\/p>\n<p>Vinodlingarna str\u00e4cker sig fr\u00e5n medelhavet ungef\u00e4r 50 km in i landet. 2.500 \u00e5rs vinodling har haft som konsekvens att ett o\u00e4ndligt antal druvsorter utvecklats. Ett par exempel f\u00f6r detta \u00e4r att t.ex. Palette som \u00e4r en pyttelite appellation AOP p\u00e5 totalt 20 hektar till\u00e5tits anv\u00e4nda sig av mer \u00e4n 25 olika druvsorter.<\/p>\n<p><img decoding=\"async\" class=\"alignleft wp-image-127445 lazyload\" data-src=\"https:\/\/www.ivinio.com\/wp-content\/uploads\/2021\/07\/provence.jpg\" alt=\"\" width=\"312\" height=\"190\" src=\"data:image\/gif;base64,R0lGODlhAQABAAAAACH5BAEKAAEALAAAAAABAAEAAAICTAEAOw==\" style=\"--smush-placeholder-width: 312px; --smush-placeholder-aspect-ratio: 312\/190;\" \/><\/p>\n<p>I Bandol anv\u00e4nder man 11 olika sorter och i lilla Bellet i Nice anv\u00e4nds man 17 olika sorter. Detta g\u00f6r att vinerna kan ha v\u00e4ldigt olika s\u00e4rdrag beroende p\u00e5 sammas\u00e4ttningen, \u00e4ven om de inte har framst\u00e4llts speciellt l\u00e5ngt ifr\u00e5n varandra. De vanligaste druvsorterna \u00e4r Grenache, Mourv\u00e8dre, Cinsault och Syrah f\u00f6r de r\u00f6da vinerna och Clairette och Vermentino, som heter Rolle i Provence, f\u00f6r de vita.<\/p>\n<p>Ros\u00e9vinerna och vitvinerna dricks unga liksom de l\u00e4ttare r\u00f6dvinerna. Det finns dock kraftiga r\u00f6dviner som l\u00e4mpar sig utm\u00e4rkt f\u00f6r lagring. Idag har det anv\u00e4nts stor energi, inte minst tack vare den yngre generationen, f\u00f6r att h\u00f6ja kvaliteten och \u00e5terskapa ryktet fr\u00e5n fornstora dar. Romarna s\u00e4gs n\u00e4mligen ha varit stora Provencevinsentusiaster. I Provence finns 12 appellationer samt 18 vindom\u00e4ner som upph\u00f6jts till en niv\u00e5 kallad \u201dCru class\u00e9\u201d. Dessa dom\u00e4ner anses representera den h\u00f6gsta kvaliteten i distriktet. Bland de 12 appellationerna kan man s\u00e4kerligen h\u00e4vda att <strong>AOP Bandol<\/strong>, <strong>AOP Cassis<\/strong>, <strong>AOP Aix-en-Provence<\/strong>, och <strong>AOP C\u00f4tes de Provenc<\/strong>e \u00e4r de som \u00e4r de mest k\u00e4nda. <strong>Bellet<\/strong> och <strong>Pallette<\/strong> \u00e4r mikro appellationer med fantastiska viner som \u00e4r v\u00e4l v\u00e4rda at provas.<\/p>\n","protected":false},"excerpt":{"rendered":"<p>S\u00f6dra Frankrike med medelhavet och sol f\u00e5r en l\u00e4tt att t\u00e4nka p\u00e5 semester och trevliga stunder. Inte bara f\u00f6r semesterfiraren, men ocks\u00e5 f\u00f6r vinodlaren s\u00e5 \u00e4r Provence solens rike. Inte mindre \u00e4n 3.000 soltimmar om \u00e5ret g\u00f6r Provence till en ypperlig region f\u00f6r vinodling. Grekerna kom till Marseille redan 600 \u00e5r f\u00f6re Kristus och bidrog [&hellip;]<\/p>\n","protected":false},"author":1746,"featured_media":0,"parent":0,"menu_order":0,"comment_status":"open","ping_status":"closed","template":"","meta":{"_monsterinsights_skip_tracking":false,"_monsterinsights_sitenote_active":false,"_monsterinsights_sitenote_note":"","_monsterinsights_sitenote_category":0,"_uf_show_specific_survey":0,"_uf_disable_surveys":false,"footnotes":""},"class_list":["post-68131","page","type-page","status-publish","hentry"],"yoast_head":"<!-- This site is optimized with the Yoast SEO plugin v27.5 - https:\/\/yoast.com\/product\/yoast-seo-wordpress\/ -->\n<title>Provence - IVINIO Vinbutik<\/title>\n<meta name=\"description\" content=\"Provence \u00e4r den region i syd\u00f6stra Frankrike som t\u00e4cker de 3 departementen Bouches-du-Rh\u00f4ne, Var och Alpes-Maritimes.Vinodlingarna str\u00e4cker sig fr\u00e5n medelhavet ungef\u00e4r 50 km in i landet. 2.500 \u00e5rs vinodling har haft som konsekvens att ett o\u00e4ndligt antal druvsorter utvecklats.\" \/>\n<meta name=\"robots\" content=\"index, follow, max-snippet:-1, max-image-preview:large, max-video-preview:-1\" \/>\n<link rel=\"canonical\" href=\"https:\/\/www.ivinio.com\/sv\/sv-provence\/\" \/>\n<meta property=\"og:locale\" content=\"sv_SE\" \/>\n<meta property=\"og:type\" content=\"article\" \/>\n<meta property=\"og:title\" content=\"Provence - IVINIO Vinbutik\" \/>\n<meta property=\"og:description\" content=\"Provence \u00e4r den region i syd\u00f6stra Frankrike som t\u00e4cker de 3 departementen Bouches-du-Rh\u00f4ne, Var och Alpes-Maritimes.Vinodlingarna str\u00e4cker sig fr\u00e5n medelhavet ungef\u00e4r 50 km in i landet. 2.500 \u00e5rs vinodling har haft som konsekvens att ett o\u00e4ndligt antal druvsorter utvecklats.\" \/>\n<meta property=\"og:url\" content=\"https:\/\/www.ivinio.com\/sv\/sv-provence\/\" \/>\n<meta property=\"og:site_name\" content=\"IVINIO Vinbutik\" \/>\n<meta property=\"article:publisher\" content=\"https:\/\/www.facebook.com\/groups\/165217837022391\/?ref=bookmarks\" \/>\n<meta property=\"article:modified_time\" content=\"2021-09-16T16:27:57+00:00\" \/>\n<meta property=\"og:image\" content=\"https:\/\/www.ivinio.com\/wp-content\/uploads\/2021\/07\/provence.jpg\" \/>\n<meta name=\"twitter:card\" content=\"summary_large_image\" \/>\n<meta name=\"twitter:label1\" content=\"Ber\u00e4knad l\u00e4stid\" \/>\n\t<meta name=\"twitter:data1\" content=\"2 minuter\" \/>\n<script type=\"application\/ld+json\" class=\"yoast-schema-graph\">{\"@context\":\"https:\\\/\\\/schema.org\",\"@graph\":[{\"@type\":\"WebPage\",\"@id\":\"https:\\\/\\\/www.ivinio.com\\\/sv\\\/sv-provence\\\/\",\"url\":\"https:\\\/\\\/www.ivinio.com\\\/sv\\\/sv-provence\\\/\",\"name\":\"Provence - IVINIO Vinbutik\",\"isPartOf\":{\"@id\":\"https:\\\/\\\/www.ivinio.com\\\/sv\\\/#website\"},\"primaryImageOfPage\":{\"@id\":\"https:\\\/\\\/www.ivinio.com\\\/sv\\\/sv-provence\\\/#primaryimage\"},\"image\":{\"@id\":\"https:\\\/\\\/www.ivinio.com\\\/sv\\\/sv-provence\\\/#primaryimage\"},\"thumbnailUrl\":\"https:\\\/\\\/www.ivinio.com\\\/wp-content\\\/uploads\\\/2021\\\/07\\\/provence.jpg\",\"datePublished\":\"2014-05-30T15:11:09+00:00\",\"dateModified\":\"2021-09-16T16:27:57+00:00\",\"description\":\"Provence \u00e4r den region i syd\u00f6stra Frankrike som t\u00e4cker de 3 departementen Bouches-du-Rh\u00f4ne, Var och Alpes-Maritimes.Vinodlingarna str\u00e4cker sig fr\u00e5n medelhavet ungef\u00e4r 50 km in i landet. 2.500 \u00e5rs vinodling har haft som konsekvens att ett o\u00e4ndligt antal druvsorter utvecklats.\",\"breadcrumb\":{\"@id\":\"https:\\\/\\\/www.ivinio.com\\\/sv\\\/sv-provence\\\/#breadcrumb\"},\"inLanguage\":\"sv-SE\",\"potentialAction\":[{\"@type\":\"ReadAction\",\"target\":[\"https:\\\/\\\/www.ivinio.com\\\/sv\\\/sv-provence\\\/\"]}]},{\"@type\":\"ImageObject\",\"inLanguage\":\"sv-SE\",\"@id\":\"https:\\\/\\\/www.ivinio.com\\\/sv\\\/sv-provence\\\/#primaryimage\",\"url\":\"https:\\\/\\\/www.ivinio.com\\\/wp-content\\\/uploads\\\/2021\\\/07\\\/provence.jpg\",\"contentUrl\":\"https:\\\/\\\/www.ivinio.com\\\/wp-content\\\/uploads\\\/2021\\\/07\\\/provence.jpg\"},{\"@type\":\"BreadcrumbList\",\"@id\":\"https:\\\/\\\/www.ivinio.com\\\/sv\\\/sv-provence\\\/#breadcrumb\",\"itemListElement\":[{\"@type\":\"ListItem\",\"position\":1,\"name\":\"Hem\",\"item\":\"https:\\\/\\\/www.ivinio.com\\\/sv\\\/\"},{\"@type\":\"ListItem\",\"position\":2,\"name\":\"Provence\"}]},{\"@type\":\"WebSite\",\"@id\":\"https:\\\/\\\/www.ivinio.com\\\/sv\\\/#website\",\"url\":\"https:\\\/\\\/www.ivinio.com\\\/sv\\\/\",\"name\":\"IVINIO Vinbutik\",\"description\":\"Vin fr\u00e5n Frankrike och Italien med leverans hem till din d\u00f6rr\",\"publisher\":{\"@id\":\"https:\\\/\\\/www.ivinio.com\\\/sv\\\/#organization\"},\"potentialAction\":[{\"@type\":\"SearchAction\",\"target\":{\"@type\":\"EntryPoint\",\"urlTemplate\":\"https:\\\/\\\/www.ivinio.com\\\/sv\\\/?s={search_term_string}\"},\"query-input\":{\"@type\":\"PropertyValueSpecification\",\"valueRequired\":true,\"valueName\":\"search_term_string\"}}],\"inLanguage\":\"sv-SE\"},{\"@type\":\"Organization\",\"@id\":\"https:\\\/\\\/www.ivinio.com\\\/sv\\\/#organization\",\"name\":\"IVINIO\",\"url\":\"https:\\\/\\\/www.ivinio.com\\\/sv\\\/\",\"logo\":{\"@type\":\"ImageObject\",\"inLanguage\":\"sv-SE\",\"@id\":\"https:\\\/\\\/www.ivinio.com\\\/sv\\\/#\\\/schema\\\/logo\\\/image\\\/\",\"url\":\"https:\\\/\\\/www.ivinio.com\\\/wp-content\\\/uploads\\\/2021\\\/01\\\/Logo-Ivinio-v2.jpg\",\"contentUrl\":\"https:\\\/\\\/www.ivinio.com\\\/wp-content\\\/uploads\\\/2021\\\/01\\\/Logo-Ivinio-v2.jpg\",\"width\":1194,\"height\":1194,\"caption\":\"IVINIO\"},\"image\":{\"@id\":\"https:\\\/\\\/www.ivinio.com\\\/sv\\\/#\\\/schema\\\/logo\\\/image\\\/\"},\"sameAs\":[\"https:\\\/\\\/www.facebook.com\\\/groups\\\/165217837022391\\\/?ref=bookmarks\",\"https:\\\/\\\/www.instagram.com\\\/_ivinio_\\\/?hl=fr\"]}]}<\/script>\n<!-- \/ Yoast SEO plugin. -->","yoast_head_json":{"title":"Provence - IVINIO Vinbutik","description":"Provence \u00e4r den region i syd\u00f6stra Frankrike som t\u00e4cker de 3 departementen Bouches-du-Rh\u00f4ne, Var och Alpes-Maritimes.Vinodlingarna str\u00e4cker sig fr\u00e5n medelhavet ungef\u00e4r 50 km in i landet. 2.500 \u00e5rs vinodling har haft som konsekvens att ett o\u00e4ndligt antal druvsorter utvecklats.","robots":{"index":"index","follow":"follow","max-snippet":"max-snippet:-1","max-image-preview":"max-image-preview:large","max-video-preview":"max-video-preview:-1"},"canonical":"https:\/\/www.ivinio.com\/sv\/sv-provence\/","og_locale":"sv_SE","og_type":"article","og_title":"Provence - IVINIO Vinbutik","og_description":"Provence \u00e4r den region i syd\u00f6stra Frankrike som t\u00e4cker de 3 departementen Bouches-du-Rh\u00f4ne, Var och Alpes-Maritimes.Vinodlingarna str\u00e4cker sig fr\u00e5n medelhavet ungef\u00e4r 50 km in i landet. 2.500 \u00e5rs vinodling har haft som konsekvens att ett o\u00e4ndligt antal druvsorter utvecklats.","og_url":"https:\/\/www.ivinio.com\/sv\/sv-provence\/","og_site_name":"IVINIO Vinbutik","article_publisher":"https:\/\/www.facebook.com\/groups\/165217837022391\/?ref=bookmarks","article_modified_time":"2021-09-16T16:27:57+00:00","og_image":[{"url":"https:\/\/www.ivinio.com\/wp-content\/uploads\/2021\/07\/provence.jpg","type":"","width":"","height":""}],"twitter_card":"summary_large_image","twitter_misc":{"Ber\u00e4knad l\u00e4stid":"2 minuter"},"schema":{"@context":"https:\/\/schema.org","@graph":[{"@type":"WebPage","@id":"https:\/\/www.ivinio.com\/sv\/sv-provence\/","url":"https:\/\/www.ivinio.com\/sv\/sv-provence\/","name":"Provence - IVINIO Vinbutik","isPartOf":{"@id":"https:\/\/www.ivinio.com\/sv\/#website"},"primaryImageOfPage":{"@id":"https:\/\/www.ivinio.com\/sv\/sv-provence\/#primaryimage"},"image":{"@id":"https:\/\/www.ivinio.com\/sv\/sv-provence\/#primaryimage"},"thumbnailUrl":"https:\/\/www.ivinio.com\/wp-content\/uploads\/2021\/07\/provence.jpg","datePublished":"2014-05-30T15:11:09+00:00","dateModified":"2021-09-16T16:27:57+00:00","description":"Provence \u00e4r den region i syd\u00f6stra Frankrike som t\u00e4cker de 3 departementen Bouches-du-Rh\u00f4ne, Var och Alpes-Maritimes.Vinodlingarna str\u00e4cker sig fr\u00e5n medelhavet ungef\u00e4r 50 km in i landet. 2.500 \u00e5rs vinodling har haft som konsekvens att ett o\u00e4ndligt antal druvsorter utvecklats.","breadcrumb":{"@id":"https:\/\/www.ivinio.com\/sv\/sv-provence\/#breadcrumb"},"inLanguage":"sv-SE","potentialAction":[{"@type":"ReadAction","target":["https:\/\/www.ivinio.com\/sv\/sv-provence\/"]}]},{"@type":"ImageObject","inLanguage":"sv-SE","@id":"https:\/\/www.ivinio.com\/sv\/sv-provence\/#primaryimage","url":"https:\/\/www.ivinio.com\/wp-content\/uploads\/2021\/07\/provence.jpg","contentUrl":"https:\/\/www.ivinio.com\/wp-content\/uploads\/2021\/07\/provence.jpg"},{"@type":"BreadcrumbList","@id":"https:\/\/www.ivinio.com\/sv\/sv-provence\/#breadcrumb","itemListElement":[{"@type":"ListItem","position":1,"name":"Hem","item":"https:\/\/www.ivinio.com\/sv\/"},{"@type":"ListItem","position":2,"name":"Provence"}]},{"@type":"WebSite","@id":"https:\/\/www.ivinio.com\/sv\/#website","url":"https:\/\/www.ivinio.com\/sv\/","name":"IVINIO Vinbutik","description":"Vin fr\u00e5n Frankrike och Italien med leverans hem till din d\u00f6rr","publisher":{"@id":"https:\/\/www.ivinio.com\/sv\/#organization"},"potentialAction":[{"@type":"SearchAction","target":{"@type":"EntryPoint","urlTemplate":"https:\/\/www.ivinio.com\/sv\/?s={search_term_string}"},"query-input":{"@type":"PropertyValueSpecification","valueRequired":true,"valueName":"search_term_string"}}],"inLanguage":"sv-SE"},{"@type":"Organization","@id":"https:\/\/www.ivinio.com\/sv\/#organization","name":"IVINIO","url":"https:\/\/www.ivinio.com\/sv\/","logo":{"@type":"ImageObject","inLanguage":"sv-SE","@id":"https:\/\/www.ivinio.com\/sv\/#\/schema\/logo\/image\/","url":"https:\/\/www.ivinio.com\/wp-content\/uploads\/2021\/01\/Logo-Ivinio-v2.jpg","contentUrl":"https:\/\/www.ivinio.com\/wp-content\/uploads\/2021\/01\/Logo-Ivinio-v2.jpg","width":1194,"height":1194,"caption":"IVINIO"},"image":{"@id":"https:\/\/www.ivinio.com\/sv\/#\/schema\/logo\/image\/"},"sameAs":["https:\/\/www.facebook.com\/groups\/165217837022391\/?ref=bookmarks","https:\/\/www.instagram.com\/_ivinio_\/?hl=fr"]}]}},"jetpack_shortlink":"https:\/\/wp.me\/PcK36q-hIT","jetpack_sharing_enabled":true,"_links":{"self":[{"href":"https:\/\/www.ivinio.com\/sv\/wp-json\/wp\/v2\/pages\/68131","targetHints":{"allow":["GET"]}}],"collection":[{"href":"https:\/\/www.ivinio.com\/sv\/wp-json\/wp\/v2\/pages"}],"about":[{"href":"https:\/\/www.ivinio.com\/sv\/wp-json\/wp\/v2\/types\/page"}],"author":[{"embeddable":true,"href":"https:\/\/www.ivinio.com\/sv\/wp-json\/wp\/v2\/users\/1746"}],"replies":[{"embeddable":true,"href":"https:\/\/www.ivinio.com\/sv\/wp-json\/wp\/v2\/comments?post=68131"}],"version-history":[{"count":0,"href":"https:\/\/www.ivinio.com\/sv\/wp-json\/wp\/v2\/pages\/68131\/revisions"}],"wp:attachment":[{"href":"https:\/\/www.ivinio.com\/sv\/wp-json\/wp\/v2\/media?parent=68131"}],"curies":[{"name":"wp","href":"https:\/\/api.w.org\/{rel}","templated":true}]}}