{"id":68128,"date":"2014-05-30T17:09:24","date_gmt":"2014-05-30T15:09:24","guid":{"rendered":"https:\/\/henrik.www.ivinio.com\/?p=68128"},"modified":"2021-07-14T11:23:32","modified_gmt":"2021-07-14T09:23:32","slug":"sv-loire","status":"publish","type":"page","link":"https:\/\/www.ivinio.com\/sv\/sv-loire\/","title":{"rendered":"Loire"},"content":{"rendered":"<p>Loiredalen \u00e4r det <strong>3:e st\u00f6rsta vindistriktet i Frankrike<\/strong> och har blivit uppkallat efter floden med samma namn som flyter genom regionen. Floden Loire flyter Sydv\u00e4st om Paris fr\u00e5n Centralmassivet mitt i Frankrike vidare v\u00e4sterut f\u00f6r att slutligen n\u00e5 Atlanten. Loiredalen \u00e4r k\u00e4nd f\u00f6r sitt milda klimat och kungar och drottningar har i \u00e5rhundraden vallf\u00e4rdat fr\u00e5n Paris och uppf\u00f6rt st\u00e5tliga slott l\u00e4ngs med floden. Det \u00e4r inte helt enkelt att f\u00f6rst\u00e5 att man befinner sig mitt i ett av <strong>Frankrikes stora vindistrikt<\/strong>, vinodlingarna syns inte fr\u00e5n v\u00e4gen. Om man d\u00e4remot \u00e4ventyrar sig\u00a0bort fr\u00e5n v\u00e4garna som f\u00f6ljer floden s\u00e5 kommer man att st\u00f6ta p\u00e5 viodlingarna fr\u00e5n Nevers till Nantes som erbjuder en fantastisk f\u00e4rgpalett av olika viner. R\u00f6tt, vitt eller mousserande, enkla, friska och fr\u00e4scha viner utan st\u00f6rre pretention erbjuds vid sidan av storslagna \u201dcrus\u201d som utan tvekan g\u00e5r att j\u00e4mf\u00f6ra med det b\u00e4sta i b\u00e5de Bordeaux och Bourgogne.<\/p>\n<p>Loirefloden har redan flutit h\u00e4lften av sin totala l\u00e4ngd innan man m\u00f6ter de f\u00f6rsta vinappellationerna som \u00e4r Pouilly och Sancerre. L\u00e4ngre v\u00e4sterut finner vi Quincy, Berry och Reuilly som inte ska f\u00f6rv\u00e4xlas med Rully som ligger i Bourgogne. Floden forts\u00e4tter sin v\u00e4g genom Touraine och Anjou och m\u00f6ter p\u00e5 v\u00e4gen\u00a0v\u00e4lk\u00e4nda appellationer som <strong>Vouvray, Chinon, Bourgueuil, Saint-Nicolas-de-Bourgueil<\/strong>. L\u00e4ngre v\u00e4sterut st\u00f6ter vi p\u00e5 Layon med sina vita s\u00f6ta viner, idealiskt till ap\u00e9ritif. L\u00e4ngst ut i v\u00e4st, n\u00e4stan i Nantes n\u00e5r vi slutligen Muscadet med sina torra vita viner som passar utm\u00e4rkt till ostron och andra skaldjur. Vinrankor har funnits i Loire sedan 5.500 \u00e5r tillbaka, men det finns inga egentliga bevis f\u00f6r att man odlat vin\u00a0f\u00f6re romartiden. Loireviner har historiskt uppskattas i England dit en stor del av produktionen exporterats. <strong>N\u00e4r engelsm\u00e4nnen senare f\u00e5tt intresse f\u00f6r Bordeaux<\/strong>, tog holl\u00e4ndarna \u00f6ver och utvecklade b\u00e5de produktionen av vitt vin i Anjou och runt Nantes,\u00a0samt bedrev handel i \u00f6ver 300 \u00e5r fram till slutet av 1600-talet d\u00e5 Frankrike tog \u00f6ver helt efter att man hamnat i krig med Holland. I Loiredalen har man med mer eller mindre succ\u00e9 anv\u00e4nt sig av alla druvsorter i Frankrike. Idag anv\u00e4nder man sig av ett 20-tal sorters druvor som dock aldrig n\u00e4mns p\u00e5 flaskettiketten.<\/p>\n<p>Sauvignon anv\u00e4nds\u00a0f\u00f6r framst\u00e4llning av\u00a0Sancerre och Pouilly (chasselasdruvor ocks\u00e5 till den sistn\u00e4mnda). L\u00e4ngre v\u00e4sterut \u00e4r det chenin blanc och cabernet franc som dominerar f\u00f6r att sedan\u00a0\u00f6verg\u00e5 till Muscadetdruvan l\u00e4ngst ut i v\u00e4st n\u00e4rmast Nantes. Till de r\u00f6da vinerna i Chinon och Bourgueil anv\u00e4nds cabernet franc. Loiredalens delas i regel upp i 4 geografiska enheter, Nantesregionen, Anjou och Saumur, Touraine och centrala Loire. Vid sidan om dessa 4 enheter finns ocks\u00e5 <strong>2 regionala appellationer<\/strong> :<\/p>\n<ul>\n<li><strong>Cr\u00e9mant de Loire AOP<\/strong> som \u00e4r det mousserande vinet i Loire och kommer fr\u00e5n Anjou, Saumur och Touraine.<\/li>\n<li><strong>Loiredalens Ros\u00e9viner AOP<\/strong> som kommer fr\u00e5n Anjou och Touraine.<\/li>\n<\/ul>\n<p><strong><img decoding=\"async\" class=\"size-medium wp-image-127448 alignleft lazyload\" data-src=\"https:\/\/www.ivinio.com\/wp-content\/uploads\/2021\/07\/loire-300x131.jpg\" alt=\"\" width=\"300\" height=\"131\" data-srcset=\"https:\/\/www.ivinio.com\/wp-content\/uploads\/2021\/07\/loire-300x131.jpg 300w, https:\/\/www.ivinio.com\/wp-content\/uploads\/2021\/07\/loire.jpg 340w\" data-sizes=\"(max-width: 300px) 100vw, 300px\" src=\"data:image\/gif;base64,R0lGODlhAQABAAAAACH5BAEKAAEALAAAAAABAAEAAAICTAEAOw==\" style=\"--smush-placeholder-width: 300px; --smush-placeholder-aspect-ratio: 300\/131;\" \/>Men nu tillbaka till de 4 geografiska enheterna<\/strong> :<\/p>\n<ol>\n<li>Nantesregionen : h\u00e4r ing\u00e5r framf\u00f6r allt 4 appellationer Muscadet; Muscadet AOC, Muscadet-Coteaux de la Loire AOC , Muscadet S\u00e8vres-et-Maine AOC och Muscadet C\u00f4tes de Grand-Lieu AOC.<\/li>\n<li>Anjou och Saumur : 17 appellationer, 13 i Anjou och 4 i Saumur. I Anjou tillverkas 35% ros\u00e9vin, 31% r\u00f6dvin, 18% vitvin, resten \u00e4r mousserande vin. Man anv\u00e4nder fr\u00e4mst Chenin och Sauvignon till de vita vinerna och Cabernet franc och Cabernet sauvignon till de r\u00f6da. Inte minst de vita s\u00f6ta Coteaux de Layon AOC tillh\u00f6r bland det b\u00e4sta i sin stil. I Saumur som \u00e4r ett mindre omr\u00e5de \u00e4n Anjou tillverkas 4 olika appellationer AOP. R\u00f6tt, vitt och \u00e4ven moussernde vin tillverkas h\u00e4r.<\/li>\n<li>Touraine : Innefattar regioner runt staden Tours, <strong>mer specifikt omr\u00e5det kring floden fr\u00e5n Saumur till Orl\u00e9ans<\/strong>. Det \u00e4r h\u00e4r som de k\u00e4nda Loireslotten ligger. Alla vinsorter tillverkas h\u00e4r. De r\u00f6da g\u00f6rs med Gamay som i Beaujolais. Skillnaden \u00e4r att man ocks\u00e5 blandar Cabernet Sauvignon som i Bordeaux och Pinot noir som anv\u00e4nds i Bourgogne. Det finns <strong>18 olika appellationer <\/strong>h\u00e4r varav Touraine, Bourgeuil, Saint-Nicolas-de Bourgeuil, Chinon och Vouvray \u00e4r de som \u00e4r mest k\u00e4nda.<\/li>\n<li>Centrala Loire : Grupperar flera utspridda omr\u00e5den fr\u00e5n Vend\u00f4me och Orl\u00e9ans \u00f6sterut. De mest k\u00e4nda appellationerna \u00e4r Pouilly-Fum\u00e9 (inte att blanda ihop med Pouilly-Fuiss\u00e9 i Bourgogne), Reuilly och Quincy.<\/li>\n<\/ol>\n\n\n<p><\/p>\n","protected":false},"excerpt":{"rendered":"<p>Loiredalen \u00e4r det 3:e st\u00f6rsta vindistriktet i Frankrike och har blivit uppkallat efter floden med samma namn som flyter genom regionen. Floden Loire flyter Sydv\u00e4st om Paris fr\u00e5n Centralmassivet mitt i Frankrike vidare v\u00e4sterut f\u00f6r att slutligen n\u00e5 Atlanten. Loiredalen \u00e4r k\u00e4nd f\u00f6r sitt milda klimat och kungar och drottningar har i \u00e5rhundraden vallf\u00e4rdat fr\u00e5n [&hellip;]<\/p>\n","protected":false},"author":1746,"featured_media":0,"parent":0,"menu_order":0,"comment_status":"open","ping_status":"closed","template":"","meta":{"_monsterinsights_skip_tracking":false,"_monsterinsights_sitenote_active":false,"_monsterinsights_sitenote_note":"","_monsterinsights_sitenote_category":0,"_uf_show_specific_survey":0,"_uf_disable_surveys":false,"footnotes":""},"class_list":["post-68128","page","type-page","status-publish","hentry"],"yoast_head":"<!-- This site is optimized with the Yoast SEO plugin v27.5 - https:\/\/yoast.com\/product\/yoast-seo-wordpress\/ -->\n<title>Loire - IVINIO Vinbutik<\/title>\n<meta name=\"description\" content=\"Loiredalen \u00e4r det 3:e st\u00f6rsta vindistriktet i Frankrike och har blivit uppkallat efter floden med samma namn som flyter genom regionen. Floden Loire flyter Sydv\u00e4st om Paris fr\u00e5n Centralmassivet mitt i Frankrike vidare v\u00e4sterut f\u00f6r att slutligen n\u00e5 Atlanten.\" \/>\n<meta name=\"robots\" content=\"index, follow, max-snippet:-1, max-image-preview:large, max-video-preview:-1\" \/>\n<link rel=\"canonical\" href=\"https:\/\/www.ivinio.com\/sv\/sv-loire\/\" \/>\n<meta property=\"og:locale\" content=\"sv_SE\" \/>\n<meta property=\"og:type\" content=\"article\" \/>\n<meta property=\"og:title\" content=\"Loire - IVINIO Vinbutik\" \/>\n<meta property=\"og:description\" content=\"Loiredalen \u00e4r det 3:e st\u00f6rsta vindistriktet i Frankrike och har blivit uppkallat efter floden med samma namn som flyter genom regionen. Floden Loire flyter Sydv\u00e4st om Paris fr\u00e5n Centralmassivet mitt i Frankrike vidare v\u00e4sterut f\u00f6r att slutligen n\u00e5 Atlanten.\" \/>\n<meta property=\"og:url\" content=\"https:\/\/www.ivinio.com\/sv\/sv-loire\/\" \/>\n<meta property=\"og:site_name\" content=\"IVINIO Vinbutik\" \/>\n<meta property=\"article:publisher\" content=\"https:\/\/www.facebook.com\/groups\/165217837022391\/?ref=bookmarks\" \/>\n<meta property=\"article:modified_time\" content=\"2021-07-14T09:23:32+00:00\" \/>\n<meta property=\"og:image\" content=\"https:\/\/www.ivinio.com\/wp-content\/uploads\/2021\/07\/loire-300x131.jpg\" \/>\n<meta name=\"twitter:card\" content=\"summary_large_image\" \/>\n<meta name=\"twitter:label1\" content=\"Ber\u00e4knad l\u00e4stid\" \/>\n\t<meta name=\"twitter:data1\" content=\"4 minuter\" \/>\n<script type=\"application\/ld+json\" class=\"yoast-schema-graph\">{\"@context\":\"https:\\\/\\\/schema.org\",\"@graph\":[{\"@type\":\"WebPage\",\"@id\":\"https:\\\/\\\/www.ivinio.com\\\/sv\\\/sv-loire\\\/\",\"url\":\"https:\\\/\\\/www.ivinio.com\\\/sv\\\/sv-loire\\\/\",\"name\":\"Loire - IVINIO Vinbutik\",\"isPartOf\":{\"@id\":\"https:\\\/\\\/www.ivinio.com\\\/sv\\\/#website\"},\"primaryImageOfPage\":{\"@id\":\"https:\\\/\\\/www.ivinio.com\\\/sv\\\/sv-loire\\\/#primaryimage\"},\"image\":{\"@id\":\"https:\\\/\\\/www.ivinio.com\\\/sv\\\/sv-loire\\\/#primaryimage\"},\"thumbnailUrl\":\"https:\\\/\\\/www.ivinio.com\\\/wp-content\\\/uploads\\\/2021\\\/07\\\/loire-300x131.jpg\",\"datePublished\":\"2014-05-30T15:09:24+00:00\",\"dateModified\":\"2021-07-14T09:23:32+00:00\",\"description\":\"Loiredalen \u00e4r det 3:e st\u00f6rsta vindistriktet i Frankrike och har blivit uppkallat efter floden med samma namn som flyter genom regionen. Floden Loire flyter Sydv\u00e4st om Paris fr\u00e5n Centralmassivet mitt i Frankrike vidare v\u00e4sterut f\u00f6r att slutligen n\u00e5 Atlanten.\",\"breadcrumb\":{\"@id\":\"https:\\\/\\\/www.ivinio.com\\\/sv\\\/sv-loire\\\/#breadcrumb\"},\"inLanguage\":\"sv-SE\",\"potentialAction\":[{\"@type\":\"ReadAction\",\"target\":[\"https:\\\/\\\/www.ivinio.com\\\/sv\\\/sv-loire\\\/\"]}]},{\"@type\":\"ImageObject\",\"inLanguage\":\"sv-SE\",\"@id\":\"https:\\\/\\\/www.ivinio.com\\\/sv\\\/sv-loire\\\/#primaryimage\",\"url\":\"https:\\\/\\\/www.ivinio.com\\\/wp-content\\\/uploads\\\/2021\\\/07\\\/loire-300x131.jpg\",\"contentUrl\":\"https:\\\/\\\/www.ivinio.com\\\/wp-content\\\/uploads\\\/2021\\\/07\\\/loire-300x131.jpg\"},{\"@type\":\"BreadcrumbList\",\"@id\":\"https:\\\/\\\/www.ivinio.com\\\/sv\\\/sv-loire\\\/#breadcrumb\",\"itemListElement\":[{\"@type\":\"ListItem\",\"position\":1,\"name\":\"Hem\",\"item\":\"https:\\\/\\\/www.ivinio.com\\\/sv\\\/\"},{\"@type\":\"ListItem\",\"position\":2,\"name\":\"Loire\"}]},{\"@type\":\"WebSite\",\"@id\":\"https:\\\/\\\/www.ivinio.com\\\/sv\\\/#website\",\"url\":\"https:\\\/\\\/www.ivinio.com\\\/sv\\\/\",\"name\":\"IVINIO Vinbutik\",\"description\":\"Vin fr\u00e5n Frankrike och Italien med leverans hem till din d\u00f6rr\",\"publisher\":{\"@id\":\"https:\\\/\\\/www.ivinio.com\\\/sv\\\/#organization\"},\"potentialAction\":[{\"@type\":\"SearchAction\",\"target\":{\"@type\":\"EntryPoint\",\"urlTemplate\":\"https:\\\/\\\/www.ivinio.com\\\/sv\\\/?s={search_term_string}\"},\"query-input\":{\"@type\":\"PropertyValueSpecification\",\"valueRequired\":true,\"valueName\":\"search_term_string\"}}],\"inLanguage\":\"sv-SE\"},{\"@type\":\"Organization\",\"@id\":\"https:\\\/\\\/www.ivinio.com\\\/sv\\\/#organization\",\"name\":\"IVINIO\",\"url\":\"https:\\\/\\\/www.ivinio.com\\\/sv\\\/\",\"logo\":{\"@type\":\"ImageObject\",\"inLanguage\":\"sv-SE\",\"@id\":\"https:\\\/\\\/www.ivinio.com\\\/sv\\\/#\\\/schema\\\/logo\\\/image\\\/\",\"url\":\"https:\\\/\\\/www.ivinio.com\\\/wp-content\\\/uploads\\\/2021\\\/01\\\/Logo-Ivinio-v2.jpg\",\"contentUrl\":\"https:\\\/\\\/www.ivinio.com\\\/wp-content\\\/uploads\\\/2021\\\/01\\\/Logo-Ivinio-v2.jpg\",\"width\":1194,\"height\":1194,\"caption\":\"IVINIO\"},\"image\":{\"@id\":\"https:\\\/\\\/www.ivinio.com\\\/sv\\\/#\\\/schema\\\/logo\\\/image\\\/\"},\"sameAs\":[\"https:\\\/\\\/www.facebook.com\\\/groups\\\/165217837022391\\\/?ref=bookmarks\",\"https:\\\/\\\/www.instagram.com\\\/_ivinio_\\\/?hl=fr\"]}]}<\/script>\n<!-- \/ Yoast SEO plugin. -->","yoast_head_json":{"title":"Loire - IVINIO Vinbutik","description":"Loiredalen \u00e4r det 3:e st\u00f6rsta vindistriktet i Frankrike och har blivit uppkallat efter floden med samma namn som flyter genom regionen. Floden Loire flyter Sydv\u00e4st om Paris fr\u00e5n Centralmassivet mitt i Frankrike vidare v\u00e4sterut f\u00f6r att slutligen n\u00e5 Atlanten.","robots":{"index":"index","follow":"follow","max-snippet":"max-snippet:-1","max-image-preview":"max-image-preview:large","max-video-preview":"max-video-preview:-1"},"canonical":"https:\/\/www.ivinio.com\/sv\/sv-loire\/","og_locale":"sv_SE","og_type":"article","og_title":"Loire - IVINIO Vinbutik","og_description":"Loiredalen \u00e4r det 3:e st\u00f6rsta vindistriktet i Frankrike och har blivit uppkallat efter floden med samma namn som flyter genom regionen. Floden Loire flyter Sydv\u00e4st om Paris fr\u00e5n Centralmassivet mitt i Frankrike vidare v\u00e4sterut f\u00f6r att slutligen n\u00e5 Atlanten.","og_url":"https:\/\/www.ivinio.com\/sv\/sv-loire\/","og_site_name":"IVINIO Vinbutik","article_publisher":"https:\/\/www.facebook.com\/groups\/165217837022391\/?ref=bookmarks","article_modified_time":"2021-07-14T09:23:32+00:00","og_image":[{"url":"https:\/\/www.ivinio.com\/wp-content\/uploads\/2021\/07\/loire-300x131.jpg","type":"","width":"","height":""}],"twitter_card":"summary_large_image","twitter_misc":{"Ber\u00e4knad l\u00e4stid":"4 minuter"},"schema":{"@context":"https:\/\/schema.org","@graph":[{"@type":"WebPage","@id":"https:\/\/www.ivinio.com\/sv\/sv-loire\/","url":"https:\/\/www.ivinio.com\/sv\/sv-loire\/","name":"Loire - IVINIO Vinbutik","isPartOf":{"@id":"https:\/\/www.ivinio.com\/sv\/#website"},"primaryImageOfPage":{"@id":"https:\/\/www.ivinio.com\/sv\/sv-loire\/#primaryimage"},"image":{"@id":"https:\/\/www.ivinio.com\/sv\/sv-loire\/#primaryimage"},"thumbnailUrl":"https:\/\/www.ivinio.com\/wp-content\/uploads\/2021\/07\/loire-300x131.jpg","datePublished":"2014-05-30T15:09:24+00:00","dateModified":"2021-07-14T09:23:32+00:00","description":"Loiredalen \u00e4r det 3:e st\u00f6rsta vindistriktet i Frankrike och har blivit uppkallat efter floden med samma namn som flyter genom regionen. Floden Loire flyter Sydv\u00e4st om Paris fr\u00e5n Centralmassivet mitt i Frankrike vidare v\u00e4sterut f\u00f6r att slutligen n\u00e5 Atlanten.","breadcrumb":{"@id":"https:\/\/www.ivinio.com\/sv\/sv-loire\/#breadcrumb"},"inLanguage":"sv-SE","potentialAction":[{"@type":"ReadAction","target":["https:\/\/www.ivinio.com\/sv\/sv-loire\/"]}]},{"@type":"ImageObject","inLanguage":"sv-SE","@id":"https:\/\/www.ivinio.com\/sv\/sv-loire\/#primaryimage","url":"https:\/\/www.ivinio.com\/wp-content\/uploads\/2021\/07\/loire-300x131.jpg","contentUrl":"https:\/\/www.ivinio.com\/wp-content\/uploads\/2021\/07\/loire-300x131.jpg"},{"@type":"BreadcrumbList","@id":"https:\/\/www.ivinio.com\/sv\/sv-loire\/#breadcrumb","itemListElement":[{"@type":"ListItem","position":1,"name":"Hem","item":"https:\/\/www.ivinio.com\/sv\/"},{"@type":"ListItem","position":2,"name":"Loire"}]},{"@type":"WebSite","@id":"https:\/\/www.ivinio.com\/sv\/#website","url":"https:\/\/www.ivinio.com\/sv\/","name":"IVINIO Vinbutik","description":"Vin fr\u00e5n Frankrike och Italien med leverans hem till din d\u00f6rr","publisher":{"@id":"https:\/\/www.ivinio.com\/sv\/#organization"},"potentialAction":[{"@type":"SearchAction","target":{"@type":"EntryPoint","urlTemplate":"https:\/\/www.ivinio.com\/sv\/?s={search_term_string}"},"query-input":{"@type":"PropertyValueSpecification","valueRequired":true,"valueName":"search_term_string"}}],"inLanguage":"sv-SE"},{"@type":"Organization","@id":"https:\/\/www.ivinio.com\/sv\/#organization","name":"IVINIO","url":"https:\/\/www.ivinio.com\/sv\/","logo":{"@type":"ImageObject","inLanguage":"sv-SE","@id":"https:\/\/www.ivinio.com\/sv\/#\/schema\/logo\/image\/","url":"https:\/\/www.ivinio.com\/wp-content\/uploads\/2021\/01\/Logo-Ivinio-v2.jpg","contentUrl":"https:\/\/www.ivinio.com\/wp-content\/uploads\/2021\/01\/Logo-Ivinio-v2.jpg","width":1194,"height":1194,"caption":"IVINIO"},"image":{"@id":"https:\/\/www.ivinio.com\/sv\/#\/schema\/logo\/image\/"},"sameAs":["https:\/\/www.facebook.com\/groups\/165217837022391\/?ref=bookmarks","https:\/\/www.instagram.com\/_ivinio_\/?hl=fr"]}]}},"jetpack_shortlink":"https:\/\/wp.me\/PcK36q-hIQ","jetpack_sharing_enabled":true,"_links":{"self":[{"href":"https:\/\/www.ivinio.com\/sv\/wp-json\/wp\/v2\/pages\/68128","targetHints":{"allow":["GET"]}}],"collection":[{"href":"https:\/\/www.ivinio.com\/sv\/wp-json\/wp\/v2\/pages"}],"about":[{"href":"https:\/\/www.ivinio.com\/sv\/wp-json\/wp\/v2\/types\/page"}],"author":[{"embeddable":true,"href":"https:\/\/www.ivinio.com\/sv\/wp-json\/wp\/v2\/users\/1746"}],"replies":[{"embeddable":true,"href":"https:\/\/www.ivinio.com\/sv\/wp-json\/wp\/v2\/comments?post=68128"}],"version-history":[{"count":0,"href":"https:\/\/www.ivinio.com\/sv\/wp-json\/wp\/v2\/pages\/68128\/revisions"}],"wp:attachment":[{"href":"https:\/\/www.ivinio.com\/sv\/wp-json\/wp\/v2\/media?parent=68128"}],"curies":[{"name":"wp","href":"https:\/\/api.w.org\/{rel}","templated":true}]}}