{"id":68125,"date":"2014-05-30T17:07:54","date_gmt":"2014-05-30T15:07:54","guid":{"rendered":"https:\/\/henrik.www.ivinio.com\/?p=68125"},"modified":"2021-09-16T19:12:34","modified_gmt":"2021-09-16T17:12:34","slug":"sv-languedoc","status":"publish","type":"page","link":"https:\/\/www.ivinio.com\/sv\/sv-languedoc\/","title":{"rendered":"Languedoc"},"content":{"rendered":"<div class=\"wpb-content-wrapper\"><p>[vc_row][vc_column][vc_column_text]<img decoding=\"async\" class=\"alignright wp-image-127451 lazyload\" data-src=\"https:\/\/www.ivinio.com\/wp-content\/uploads\/2021\/07\/languedoc.jpg\" alt=\"\" width=\"346\" height=\"161\" data-srcset=\"https:\/\/www.ivinio.com\/wp-content\/uploads\/2021\/07\/languedoc.jpg 329w, https:\/\/www.ivinio.com\/wp-content\/uploads\/2021\/07\/languedoc-300x140.jpg 300w\" data-sizes=\"(max-width: 346px) 100vw, 346px\" src=\"data:image\/gif;base64,R0lGODlhAQABAAAAACH5BAEKAAEALAAAAAABAAEAAAICTAEAOw==\" style=\"--smush-placeholder-width: 346px; --smush-placeholder-aspect-ratio: 346\/161;\" \/><\/p>\n<p>Languedoc ing\u00e5r i vad som ofta kallas vinregionen Languedoc-Roussillon. <strong>Men det \u00e4r helt naturligt att dissociera dem b\u00e5da<\/strong> d\u00e5 de representerar olika vinstilar, druvsorter och terroir-typer rent generellt.<\/p>\n<p>Languedoc str\u00e4cker sig \u00f6ver 3 olika franska departement, n\u00e4mligen L&#8217;Aude, le Gard och l&#8217;H\u00e9rault. I mer precisa vin-termer inneb\u00e4r det att regionen str\u00e4cker sig fr\u00e5n Sommi\u00e8res (Languedoc-Sommi\u00e8res) i \u00f6st bel\u00e4get n\u00e4ra staden N\u00eemes, till appellationerna Fitou och Corbi\u00e8res i sydv\u00e4st, n\u00e4ra staden Fitou, d\u00e4r Roussillon tar \u00f6ver. <strong>Vin v\u00e4xte h\u00e4r redan 600 f.Kr.<\/strong> F\u00f6ruts\u00e4ttningarna f\u00f6r vinframst\u00e4llning \u00e4r mycket f\u00f6rm\u00e5nliga med ett medelhavsklimat som t\u00e4cker st\u00f6rre delarna av regionen, men man erbjuds mycket olika typer av landskap och terroir och d\u00e4rf\u00f6r ocks\u00e5 olika typer av vin.<\/p>\n<p>I vanlig ordning var det grekerna som skapade vinodlingen under antiken och romarna som utvecklade den och munkarna som under medeltiden f\u00f6rb\u00e4ttrade den. <strong>Utbyggnaden av le Canal du Midi p\u00e5 1600-talet,<\/strong> l\u00e4nkade Medelhavet med Atlanten och gav vinhandeln fr\u00e5n Languedoc nya m\u00f6jligheter och nya marknader.<\/p>\n<p>Languedoc drabbades 1863 h\u00e5rt av Phylloxera-krisen. Vinrankorna fick bytas ut till hybridvarianter och man b\u00f6rjade privilegiera massproduktion till l\u00e5g kvalitet. S\u00e5 var situationen fram till 80-talet d\u00e5 kvalitetst\u00e4nkandet tog \u00f6verhanden, trots att regionen fortfarande idag framst\u00e4ller<strong> 1\/3-del av franskt AOP och IGP-vin.<\/strong><\/p>\n<p>Idag utg\u00f6r Languedoc 246000 hektars odlad mark och det framst\u00e4lls 12.7 millioner hektoliter vin i Languedoc. 76 % av produktionen \u00e4r r\u00f6dvin, 14% ros\u00e9 och 10 % vitvin. Man anv\u00e4nder ett stort antal druvsorter, men de vanligaste \u00e4r <strong>Grenache, Syrah, Carignan, Mourv\u00e8dre och Cinsault bland de r\u00f6da druvsorterna<\/strong> och <strong>Grenache blanc, Macabeu, Clairette, Picpoul, Vermentino, Bourbelenc, Muscat \u00e0 petit grains, Muscat d&#8217;Alexandrie, Mauzac, Chenin och Ugni blanc, Marsanne, Roussanne och Chardonnay bland de vita druvsorterna<\/strong>.<\/p>\n<p>Languedoc har de senaste \u00e5rtiondena genomg\u00e5tt en stor omvandling d\u00e4r nya prestige-appellationer skapats s\u00e5som <strong>Terasses de Larzac, La Clape, Pic-saint-Loup, Corbi\u00e8res-Boutenac&#8230;<\/strong> Smakpaletten \u00e4r v\u00e4ldigt bred med fr\u00e4mst r\u00f6dviner som t\u00e4cker spannet fr\u00e5n fylliga, kryddiga och ekiga viner till l\u00e4ttare fruktigare viner. Vitvinerna framst\u00e4lls som sagt av en rad olika druvsorter och ger b\u00e5de aromatiska torra viner liksom variantviner med egen stil och\u00a0 personlighet. Dessertvinerna Muscat de Frontignan, Muscat-de-Mireval, Muscat-de-Saint-Jean-de-Minervois och Muscat de Lunel \u00e4r inte att f\u00f6rgl\u00f6mma och representerar sin del av Langedoc-regionens ov\u00e4rdeliga vinproduktion.[\/vc_column_text][\/vc_column][\/vc_row]<\/p>\n<\/div>","protected":false},"excerpt":{"rendered":"<p>[vc_row][vc_column][vc_column_text] Languedoc ing\u00e5r i vad som ofta kallas vinregionen Languedoc-Roussillon. Men det \u00e4r helt naturligt att dissociera dem b\u00e5da d\u00e5 de representerar olika vinstilar, druvsorter och terroir-typer rent generellt. Languedoc str\u00e4cker sig \u00f6ver 3 olika franska departement, n\u00e4mligen L&#8217;Aude, le Gard och l&#8217;H\u00e9rault. I mer precisa vin-termer inneb\u00e4r det att regionen str\u00e4cker sig fr\u00e5n Sommi\u00e8res [&hellip;]<\/p>\n","protected":false},"author":1746,"featured_media":0,"parent":0,"menu_order":0,"comment_status":"open","ping_status":"closed","template":"","meta":{"_monsterinsights_skip_tracking":false,"_monsterinsights_sitenote_active":false,"_monsterinsights_sitenote_note":"","_monsterinsights_sitenote_category":0,"_uf_show_specific_survey":0,"_uf_disable_surveys":false,"footnotes":""},"class_list":["post-68125","page","type-page","status-publish","hentry"],"yoast_head":"<!-- This site is optimized with the Yoast SEO plugin v27.5 - https:\/\/yoast.com\/product\/yoast-seo-wordpress\/ -->\n<title>Languedoc - IVINIO Vinbutik<\/title>\n<meta name=\"description\" content=\"Languedoc ing\u00e5r i vad som ofta kallas vinregionen Languedoc-Roussillon. Men det \u00e4r helt naturligt att dissociera dem b\u00e5da d\u00e5 de representerar olika vinstilar, druvsorter och terroir-typer rent generellt.\" \/>\n<meta name=\"robots\" content=\"index, follow, max-snippet:-1, max-image-preview:large, max-video-preview:-1\" \/>\n<link rel=\"canonical\" href=\"https:\/\/www.ivinio.com\/sv\/sv-languedoc\/\" \/>\n<meta property=\"og:locale\" content=\"sv_SE\" \/>\n<meta property=\"og:type\" content=\"article\" \/>\n<meta property=\"og:title\" content=\"Languedoc - IVINIO Vinbutik\" \/>\n<meta property=\"og:description\" content=\"Languedoc ing\u00e5r i vad som ofta kallas vinregionen Languedoc-Roussillon. Men det \u00e4r helt naturligt att dissociera dem b\u00e5da d\u00e5 de representerar olika vinstilar, druvsorter och terroir-typer rent generellt.\" \/>\n<meta property=\"og:url\" content=\"https:\/\/www.ivinio.com\/sv\/sv-languedoc\/\" \/>\n<meta property=\"og:site_name\" content=\"IVINIO Vinbutik\" \/>\n<meta property=\"article:publisher\" content=\"https:\/\/www.facebook.com\/groups\/165217837022391\/?ref=bookmarks\" \/>\n<meta property=\"article:modified_time\" content=\"2021-09-16T17:12:34+00:00\" \/>\n<meta property=\"og:image\" content=\"https:\/\/www.ivinio.com\/wp-content\/uploads\/2021\/07\/languedoc.jpg\" \/>\n<meta name=\"twitter:card\" content=\"summary_large_image\" \/>\n<meta name=\"twitter:label1\" content=\"Ber\u00e4knad l\u00e4stid\" \/>\n\t<meta name=\"twitter:data1\" content=\"2 minuter\" \/>\n<script type=\"application\/ld+json\" class=\"yoast-schema-graph\">{\"@context\":\"https:\\\/\\\/schema.org\",\"@graph\":[{\"@type\":\"WebPage\",\"@id\":\"https:\\\/\\\/www.ivinio.com\\\/sv\\\/sv-languedoc\\\/\",\"url\":\"https:\\\/\\\/www.ivinio.com\\\/sv\\\/sv-languedoc\\\/\",\"name\":\"Languedoc - IVINIO Vinbutik\",\"isPartOf\":{\"@id\":\"https:\\\/\\\/www.ivinio.com\\\/sv\\\/#website\"},\"primaryImageOfPage\":{\"@id\":\"https:\\\/\\\/www.ivinio.com\\\/sv\\\/sv-languedoc\\\/#primaryimage\"},\"image\":{\"@id\":\"https:\\\/\\\/www.ivinio.com\\\/sv\\\/sv-languedoc\\\/#primaryimage\"},\"thumbnailUrl\":\"https:\\\/\\\/www.ivinio.com\\\/wp-content\\\/uploads\\\/2021\\\/07\\\/languedoc.jpg\",\"datePublished\":\"2014-05-30T15:07:54+00:00\",\"dateModified\":\"2021-09-16T17:12:34+00:00\",\"description\":\"Languedoc ing\u00e5r i vad som ofta kallas vinregionen Languedoc-Roussillon. Men det \u00e4r helt naturligt att dissociera dem b\u00e5da d\u00e5 de representerar olika vinstilar, druvsorter och terroir-typer rent generellt.\",\"breadcrumb\":{\"@id\":\"https:\\\/\\\/www.ivinio.com\\\/sv\\\/sv-languedoc\\\/#breadcrumb\"},\"inLanguage\":\"sv-SE\",\"potentialAction\":[{\"@type\":\"ReadAction\",\"target\":[\"https:\\\/\\\/www.ivinio.com\\\/sv\\\/sv-languedoc\\\/\"]}]},{\"@type\":\"ImageObject\",\"inLanguage\":\"sv-SE\",\"@id\":\"https:\\\/\\\/www.ivinio.com\\\/sv\\\/sv-languedoc\\\/#primaryimage\",\"url\":\"https:\\\/\\\/www.ivinio.com\\\/wp-content\\\/uploads\\\/2021\\\/07\\\/languedoc.jpg\",\"contentUrl\":\"https:\\\/\\\/www.ivinio.com\\\/wp-content\\\/uploads\\\/2021\\\/07\\\/languedoc.jpg\"},{\"@type\":\"BreadcrumbList\",\"@id\":\"https:\\\/\\\/www.ivinio.com\\\/sv\\\/sv-languedoc\\\/#breadcrumb\",\"itemListElement\":[{\"@type\":\"ListItem\",\"position\":1,\"name\":\"Hem\",\"item\":\"https:\\\/\\\/www.ivinio.com\\\/sv\\\/\"},{\"@type\":\"ListItem\",\"position\":2,\"name\":\"Languedoc\"}]},{\"@type\":\"WebSite\",\"@id\":\"https:\\\/\\\/www.ivinio.com\\\/sv\\\/#website\",\"url\":\"https:\\\/\\\/www.ivinio.com\\\/sv\\\/\",\"name\":\"IVINIO Vinbutik\",\"description\":\"Vin fr\u00e5n Frankrike och Italien med leverans hem till din d\u00f6rr\",\"publisher\":{\"@id\":\"https:\\\/\\\/www.ivinio.com\\\/sv\\\/#organization\"},\"potentialAction\":[{\"@type\":\"SearchAction\",\"target\":{\"@type\":\"EntryPoint\",\"urlTemplate\":\"https:\\\/\\\/www.ivinio.com\\\/sv\\\/?s={search_term_string}\"},\"query-input\":{\"@type\":\"PropertyValueSpecification\",\"valueRequired\":true,\"valueName\":\"search_term_string\"}}],\"inLanguage\":\"sv-SE\"},{\"@type\":\"Organization\",\"@id\":\"https:\\\/\\\/www.ivinio.com\\\/sv\\\/#organization\",\"name\":\"IVINIO\",\"url\":\"https:\\\/\\\/www.ivinio.com\\\/sv\\\/\",\"logo\":{\"@type\":\"ImageObject\",\"inLanguage\":\"sv-SE\",\"@id\":\"https:\\\/\\\/www.ivinio.com\\\/sv\\\/#\\\/schema\\\/logo\\\/image\\\/\",\"url\":\"https:\\\/\\\/www.ivinio.com\\\/wp-content\\\/uploads\\\/2021\\\/01\\\/Logo-Ivinio-v2.jpg\",\"contentUrl\":\"https:\\\/\\\/www.ivinio.com\\\/wp-content\\\/uploads\\\/2021\\\/01\\\/Logo-Ivinio-v2.jpg\",\"width\":1194,\"height\":1194,\"caption\":\"IVINIO\"},\"image\":{\"@id\":\"https:\\\/\\\/www.ivinio.com\\\/sv\\\/#\\\/schema\\\/logo\\\/image\\\/\"},\"sameAs\":[\"https:\\\/\\\/www.facebook.com\\\/groups\\\/165217837022391\\\/?ref=bookmarks\",\"https:\\\/\\\/www.instagram.com\\\/_ivinio_\\\/?hl=fr\"]}]}<\/script>\n<!-- \/ Yoast SEO plugin. -->","yoast_head_json":{"title":"Languedoc - IVINIO Vinbutik","description":"Languedoc ing\u00e5r i vad som ofta kallas vinregionen Languedoc-Roussillon. Men det \u00e4r helt naturligt att dissociera dem b\u00e5da d\u00e5 de representerar olika vinstilar, druvsorter och terroir-typer rent generellt.","robots":{"index":"index","follow":"follow","max-snippet":"max-snippet:-1","max-image-preview":"max-image-preview:large","max-video-preview":"max-video-preview:-1"},"canonical":"https:\/\/www.ivinio.com\/sv\/sv-languedoc\/","og_locale":"sv_SE","og_type":"article","og_title":"Languedoc - IVINIO Vinbutik","og_description":"Languedoc ing\u00e5r i vad som ofta kallas vinregionen Languedoc-Roussillon. Men det \u00e4r helt naturligt att dissociera dem b\u00e5da d\u00e5 de representerar olika vinstilar, druvsorter och terroir-typer rent generellt.","og_url":"https:\/\/www.ivinio.com\/sv\/sv-languedoc\/","og_site_name":"IVINIO Vinbutik","article_publisher":"https:\/\/www.facebook.com\/groups\/165217837022391\/?ref=bookmarks","article_modified_time":"2021-09-16T17:12:34+00:00","og_image":[{"url":"https:\/\/www.ivinio.com\/wp-content\/uploads\/2021\/07\/languedoc.jpg","type":"","width":"","height":""}],"twitter_card":"summary_large_image","twitter_misc":{"Ber\u00e4knad l\u00e4stid":"2 minuter"},"schema":{"@context":"https:\/\/schema.org","@graph":[{"@type":"WebPage","@id":"https:\/\/www.ivinio.com\/sv\/sv-languedoc\/","url":"https:\/\/www.ivinio.com\/sv\/sv-languedoc\/","name":"Languedoc - IVINIO Vinbutik","isPartOf":{"@id":"https:\/\/www.ivinio.com\/sv\/#website"},"primaryImageOfPage":{"@id":"https:\/\/www.ivinio.com\/sv\/sv-languedoc\/#primaryimage"},"image":{"@id":"https:\/\/www.ivinio.com\/sv\/sv-languedoc\/#primaryimage"},"thumbnailUrl":"https:\/\/www.ivinio.com\/wp-content\/uploads\/2021\/07\/languedoc.jpg","datePublished":"2014-05-30T15:07:54+00:00","dateModified":"2021-09-16T17:12:34+00:00","description":"Languedoc ing\u00e5r i vad som ofta kallas vinregionen Languedoc-Roussillon. Men det \u00e4r helt naturligt att dissociera dem b\u00e5da d\u00e5 de representerar olika vinstilar, druvsorter och terroir-typer rent generellt.","breadcrumb":{"@id":"https:\/\/www.ivinio.com\/sv\/sv-languedoc\/#breadcrumb"},"inLanguage":"sv-SE","potentialAction":[{"@type":"ReadAction","target":["https:\/\/www.ivinio.com\/sv\/sv-languedoc\/"]}]},{"@type":"ImageObject","inLanguage":"sv-SE","@id":"https:\/\/www.ivinio.com\/sv\/sv-languedoc\/#primaryimage","url":"https:\/\/www.ivinio.com\/wp-content\/uploads\/2021\/07\/languedoc.jpg","contentUrl":"https:\/\/www.ivinio.com\/wp-content\/uploads\/2021\/07\/languedoc.jpg"},{"@type":"BreadcrumbList","@id":"https:\/\/www.ivinio.com\/sv\/sv-languedoc\/#breadcrumb","itemListElement":[{"@type":"ListItem","position":1,"name":"Hem","item":"https:\/\/www.ivinio.com\/sv\/"},{"@type":"ListItem","position":2,"name":"Languedoc"}]},{"@type":"WebSite","@id":"https:\/\/www.ivinio.com\/sv\/#website","url":"https:\/\/www.ivinio.com\/sv\/","name":"IVINIO Vinbutik","description":"Vin fr\u00e5n Frankrike och Italien med leverans hem till din d\u00f6rr","publisher":{"@id":"https:\/\/www.ivinio.com\/sv\/#organization"},"potentialAction":[{"@type":"SearchAction","target":{"@type":"EntryPoint","urlTemplate":"https:\/\/www.ivinio.com\/sv\/?s={search_term_string}"},"query-input":{"@type":"PropertyValueSpecification","valueRequired":true,"valueName":"search_term_string"}}],"inLanguage":"sv-SE"},{"@type":"Organization","@id":"https:\/\/www.ivinio.com\/sv\/#organization","name":"IVINIO","url":"https:\/\/www.ivinio.com\/sv\/","logo":{"@type":"ImageObject","inLanguage":"sv-SE","@id":"https:\/\/www.ivinio.com\/sv\/#\/schema\/logo\/image\/","url":"https:\/\/www.ivinio.com\/wp-content\/uploads\/2021\/01\/Logo-Ivinio-v2.jpg","contentUrl":"https:\/\/www.ivinio.com\/wp-content\/uploads\/2021\/01\/Logo-Ivinio-v2.jpg","width":1194,"height":1194,"caption":"IVINIO"},"image":{"@id":"https:\/\/www.ivinio.com\/sv\/#\/schema\/logo\/image\/"},"sameAs":["https:\/\/www.facebook.com\/groups\/165217837022391\/?ref=bookmarks","https:\/\/www.instagram.com\/_ivinio_\/?hl=fr"]}]}},"jetpack_shortlink":"https:\/\/wp.me\/PcK36q-hIN","jetpack_sharing_enabled":true,"_links":{"self":[{"href":"https:\/\/www.ivinio.com\/sv\/wp-json\/wp\/v2\/pages\/68125","targetHints":{"allow":["GET"]}}],"collection":[{"href":"https:\/\/www.ivinio.com\/sv\/wp-json\/wp\/v2\/pages"}],"about":[{"href":"https:\/\/www.ivinio.com\/sv\/wp-json\/wp\/v2\/types\/page"}],"author":[{"embeddable":true,"href":"https:\/\/www.ivinio.com\/sv\/wp-json\/wp\/v2\/users\/1746"}],"replies":[{"embeddable":true,"href":"https:\/\/www.ivinio.com\/sv\/wp-json\/wp\/v2\/comments?post=68125"}],"version-history":[{"count":0,"href":"https:\/\/www.ivinio.com\/sv\/wp-json\/wp\/v2\/pages\/68125\/revisions"}],"wp:attachment":[{"href":"https:\/\/www.ivinio.com\/sv\/wp-json\/wp\/v2\/media?parent=68125"}],"curies":[{"name":"wp","href":"https:\/\/api.w.org\/{rel}","templated":true}]}}