{"id":68122,"date":"2014-05-30T17:05:11","date_gmt":"2014-05-30T15:05:11","guid":{"rendered":"https:\/\/henrik.www.ivinio.com\/?p=68122"},"modified":"2021-08-25T19:40:49","modified_gmt":"2021-08-25T17:40:49","slug":"sv-rhone-dalen","status":"publish","type":"page","link":"https:\/\/www.ivinio.com\/sv\/sv-rhone-dalen\/","title":{"rendered":"Rh\u00f4ne-dalen"},"content":{"rendered":"<p><strong>Rh\u00f4ne-dalen<\/strong> \u00e4r det vindistrikt som f\u00f6ljer l\u00e4ngs med Rh\u00f4nefloden. Vi har nu kommit till Frankrikes n\u00e4st st\u00f6rsta vindistrikt efter Bordeaux. Fr\u00e5n Lyon s\u00f6derut n\u00e4rmar vi oss Medelhavet och solstr\u00e5larnas inverkan p\u00e5 druvorna g\u00f6r sig p\u00e5minda n\u00e4r man smakar dessa viner. Krydda, kraft och alkoholstyrka brukar vara k\u00e4nnetecknen f\u00f6r Rh\u00f4ne-dalens viner, speciellt dom fr\u00e5n den s\u00f6dra delen. Historiskt har m\u00e5nga viner s\u00e5som C\u00f4tes-du-Rh\u00f4ne haft en relativt enkel renomm\u00e9. De senaste \u00e5rtiondena har dock ryktet finslipats och idag produceras viner som enligt m\u00e5nga guider, inte minst i USA, betraktas som de b\u00e4sta vinerna i v\u00e4rlden. En annan ljuspunkt \u00e4r att viner fr\u00e5n just C\u00f4tes-du-Rh\u00f4ne idag \u00e4r bland de mest prisv\u00e4rda vinerna i Frankrike.<\/p>\n<p><strong>Rh\u00f4ne-dalen viner b\u00f6r inte dras \u00f6ver en kam<\/strong>, skillnaden \u00e4r stor mellan de olika appellationerna. F\u00f6r att f\u00e5 en b\u00e4ttre uppfattning, b\u00f6r man dela upp Rh\u00f4ne-dalen i 3 olika geografiska distrikt. F\u00f6rst distriktet norr om Valence d\u00e4r vi har ett kontinentalt klimat med en jordm\u00e5n best\u00e5ende av granit och skiffer. Vinodlingarna bedrivs p\u00e5 branta kullar som g\u00f6r det oerh\u00f6rt sv\u00e5rt att sk\u00f6rda druvorna. H\u00e4r framst\u00e4lls underbara r\u00f6dviner p\u00e5 Syrahdruvor. Marsanne och Roussanne och Viognier anv\u00e4nds till de vita. Mitt i Rh\u00f4ne-dalen \u00e4r klimatet inspirerat av bergsreliefen och jorden \u00e4r kalkrik.H\u00e4r anv\u00e4nder man druvsorterna Clairette och Muscat. S\u00f6der om Mont\u00e9limar n\u00e5r vi solens rike och den varmaste delen av <strong>Rh\u00f4ne-dalen<\/strong>. Jorden h\u00e4r \u00e4r skiftande men i regel kalkrik. Den mest anv\u00e4nda druvsorten \u00e4r Grenache, men d\u00e5 klimatet kan vara h\u00e5rt och nyckfullt b\u00e5de vad g\u00e4ller kyla och v\u00e4rme, odlar man ofta flera druvsorter som en sorts \u201df\u00f6rs\u00e4kring\u201d. Man sprider risken om Grenachdruvan n\u00e5got \u00e5r skulle bli utsatt f\u00f6r v\u00e4drets makter och man anv\u00e4nder de andra druvsorterna f\u00f6r att ta fram v\u00e4lbalanserade viner : Syrah, Mourd\u00e8vre, Cinsault, Clairette, Bourboulenc och Roussanne ing\u00e5r alla i viner fr\u00e5n denna delen av Rh\u00f4ne-dalen. Ch\u00e2teau-neuf-du-pape kan inneh\u00e5lla \u00e4nda upp till 13 olika druvsorter.<\/p>\n<h3>F\u00f6r C\u00f4tes du Rh\u00f4ne finns 2 regionala appellationer som \u00e4r :<\/h3>\n<ol>\n<li><strong>C\u00f4tes du Rh\u00f4ne<\/strong> : viner som ing\u00e5r i denna appellationen t\u00e4cker hela vindistriktet. Minst 40% Grenache ska anv\u00e4ndas och Grenache, Syrah och Mourd\u00e8vre ska representera minst 70% av det slutgiltiga vinet.<\/li>\n<li><strong>C\u00f4tes du Rh\u00f4ne<\/strong> <strong>Villages<\/strong> : vissa kommuner inom C\u00f4tes du Rh\u00f4ne har uppn\u00e5tt en status f\u00f6r att kunna s\u00e4rskilja sig fr\u00e5n andra C\u00f4tes du Rhone och uppge sin kommuns namn p\u00e5 ettiketten. Reglerna som vinodlaren m\u00e5ste respektera f\u00f6r att n\u00e5 denna niv\u00e5n \u00e4r n\u00e5got str\u00e4ngare \u00e4n f\u00f6r en vanlig C\u00f4tes du Rh\u00f4ne, i huvudsak avseende druvornas geografiskt ursprung, sk\u00f6rdeavkastning per kvadratmeter och alkoholniv\u00e5.<\/li>\n<\/ol>\n<p><strong>18 byar har tilldelats m\u00f6jligheten<\/strong> att vid sidan av C\u00f4tes du Rh\u00f4ne ocks\u00e5 tillf\u00f6ra sina namn p\u00e5 ettiketten. De mest k\u00e4nda \u00e4r : Rasteau, Cairanne, Valr\u00e9as och Visan. Dessa byar \u00e4r v\u00e4l v\u00e4rda att l\u00e4gga p\u00e5 minnet d\u00e5 de ofta producerar fantastiska viner. Vid sidan av dessa 2 regionala appellationer har man skapat kommunala appellationer som ing\u00e5r i C\u00f4tes-du-Rh\u00f4ne vindistriktet, men som anv\u00e4nder sig av det kommunala namnet p\u00e5 ettiketten utan att m\u00e4rka C\u00f4tes-du-Rh\u00f4ne. Man delar ofta upp dessa kommunala appelationer i 2 kategorier beroende p\u00e5 om de \u00e4r fr\u00e5n norra Rh\u00f4ne-dalen eller den s\u00f6dra delen.<\/p>\n<p><img decoding=\"async\" class=\"size-full wp-image-127454 alignleft lazyload\" data-src=\"https:\/\/www.ivinio.com\/wp-content\/uploads\/2021\/07\/Cotes-du-rhone.jpg\" alt=\"\" width=\"258\" height=\"195\" src=\"data:image\/gif;base64,R0lGODlhAQABAAAAACH5BAEKAAEALAAAAAABAAEAAAICTAEAOw==\" style=\"--smush-placeholder-width: 258px; --smush-placeholder-aspect-ratio: 258\/195;\">Dessa kommunala appellationer \u00e4r ofta kallade \u201dcrus\u201d och betraktas av m\u00e5nga internationella bed\u00f6mmare, representera n\u00e5gra av v\u00e4rldens b\u00e4sta viner :<\/p>\n<ol>\n<li><strong>De nordliga kommunala appellationerna (mellan Vienne och Valence)<\/strong> : C\u00f4tes-r\u00f4tie, Condrieu, Saint-joseph, Crozes-hermitage, Hermitage, Cornas, Saint-p\u00e9ray, Clairette-de-die, Cr\u00e9mant-de-die, Ch\u00e2tillon-en-diois.<\/li>\n<li><strong>De sydliga kommunala appellationerna<\/strong> (fr\u00e5n Valence och ner\u00e5t) Vinsobres, Gigondas, Beaumes-de-venise, Vacqueyras, Chateauneuf-du-Pape, Lirac, Tavel, Costi\u00e8res-de-N\u00eemes, Coteaux-de-tricastin, Ventoux, Lub\u00e9ron, Pierrevert, C\u00f4tes-du-vivarais.<\/li>\n<\/ol>\n","protected":false},"excerpt":{"rendered":"<p>Rh\u00f4ne-dalen \u00e4r det vindistrikt som f\u00f6ljer l\u00e4ngs med Rh\u00f4nefloden. Vi har nu kommit till Frankrikes n\u00e4st st\u00f6rsta vindistrikt efter Bordeaux. Fr\u00e5n Lyon s\u00f6derut n\u00e4rmar vi oss Medelhavet och solstr\u00e5larnas inverkan p\u00e5 druvorna g\u00f6r sig p\u00e5minda n\u00e4r man smakar dessa viner. Krydda, kraft och alkoholstyrka brukar vara k\u00e4nnetecknen f\u00f6r Rh\u00f4ne-dalens viner, speciellt dom fr\u00e5n den s\u00f6dra [&hellip;]<\/p>\n","protected":false},"author":1746,"featured_media":0,"parent":0,"menu_order":0,"comment_status":"open","ping_status":"closed","template":"","meta":{"_monsterinsights_skip_tracking":false,"_monsterinsights_sitenote_active":false,"_monsterinsights_sitenote_note":"","_monsterinsights_sitenote_category":0,"_uf_show_specific_survey":0,"_uf_disable_surveys":false,"footnotes":""},"class_list":["post-68122","page","type-page","status-publish","hentry"],"yoast_head":"<!-- This site is optimized with the Yoast SEO plugin v27.5 - https:\/\/yoast.com\/product\/yoast-seo-wordpress\/ -->\n<title>Rh\u00f4ne-dalen - IVINIO Vinbutik<\/title>\n<meta name=\"description\" content=\"Rh\u00f4ne-dalen \u00e4r det vindistrikt som f\u00f6ljer l\u00e4ngs med Rh\u00f4nefloden. Vi har nu kommit till Frankrikes n\u00e4st st\u00f6rsta vindistrikt efter Bordeaux. Fr\u00e5n Lyon s\u00f6derut n\u00e4rmar vi oss Medelhavet och solstr\u00e5larnas inverkan p\u00e5 druvorna g\u00f6r sig p\u00e5minda n\u00e4r man smakar dessa viner\" \/>\n<meta name=\"robots\" content=\"index, follow, max-snippet:-1, max-image-preview:large, max-video-preview:-1\" \/>\n<link rel=\"canonical\" href=\"https:\/\/www.ivinio.com\/sv\/sv-rhone-dalen\/\" \/>\n<meta property=\"og:locale\" content=\"sv_SE\" \/>\n<meta property=\"og:type\" content=\"article\" \/>\n<meta property=\"og:title\" content=\"Rh\u00f4ne-dalen - IVINIO Vinbutik\" \/>\n<meta property=\"og:description\" content=\"Rh\u00f4ne-dalen \u00e4r det vindistrikt som f\u00f6ljer l\u00e4ngs med Rh\u00f4nefloden. Vi har nu kommit till Frankrikes n\u00e4st st\u00f6rsta vindistrikt efter Bordeaux. Fr\u00e5n Lyon s\u00f6derut n\u00e4rmar vi oss Medelhavet och solstr\u00e5larnas inverkan p\u00e5 druvorna g\u00f6r sig p\u00e5minda n\u00e4r man smakar dessa viner\" \/>\n<meta property=\"og:url\" content=\"https:\/\/www.ivinio.com\/sv\/sv-rhone-dalen\/\" \/>\n<meta property=\"og:site_name\" content=\"IVINIO Vinbutik\" \/>\n<meta property=\"article:publisher\" content=\"https:\/\/www.facebook.com\/groups\/165217837022391\/?ref=bookmarks\" \/>\n<meta property=\"article:modified_time\" content=\"2021-08-25T17:40:49+00:00\" \/>\n<meta property=\"og:image\" content=\"https:\/\/www.ivinio.com\/wp-content\/uploads\/2021\/07\/Cotes-du-rhone.jpg\" \/>\n<meta name=\"twitter:card\" content=\"summary_large_image\" \/>\n<meta name=\"twitter:label1\" content=\"Ber\u00e4knad l\u00e4stid\" \/>\n\t<meta name=\"twitter:data1\" content=\"3 minuter\" \/>\n<script type=\"application\/ld+json\" class=\"yoast-schema-graph\">{\"@context\":\"https:\\\/\\\/schema.org\",\"@graph\":[{\"@type\":\"WebPage\",\"@id\":\"https:\\\/\\\/www.ivinio.com\\\/sv\\\/sv-rhone-dalen\\\/\",\"url\":\"https:\\\/\\\/www.ivinio.com\\\/sv\\\/sv-rhone-dalen\\\/\",\"name\":\"Rh\u00f4ne-dalen - IVINIO Vinbutik\",\"isPartOf\":{\"@id\":\"https:\\\/\\\/www.ivinio.com\\\/sv\\\/#website\"},\"primaryImageOfPage\":{\"@id\":\"https:\\\/\\\/www.ivinio.com\\\/sv\\\/sv-rhone-dalen\\\/#primaryimage\"},\"image\":{\"@id\":\"https:\\\/\\\/www.ivinio.com\\\/sv\\\/sv-rhone-dalen\\\/#primaryimage\"},\"thumbnailUrl\":\"https:\\\/\\\/www.ivinio.com\\\/wp-content\\\/uploads\\\/2021\\\/07\\\/Cotes-du-rhone.jpg\",\"datePublished\":\"2014-05-30T15:05:11+00:00\",\"dateModified\":\"2021-08-25T17:40:49+00:00\",\"description\":\"Rh\u00f4ne-dalen \u00e4r det vindistrikt som f\u00f6ljer l\u00e4ngs med Rh\u00f4nefloden. Vi har nu kommit till Frankrikes n\u00e4st st\u00f6rsta vindistrikt efter Bordeaux. Fr\u00e5n Lyon s\u00f6derut n\u00e4rmar vi oss Medelhavet och solstr\u00e5larnas inverkan p\u00e5 druvorna g\u00f6r sig p\u00e5minda n\u00e4r man smakar dessa viner\",\"breadcrumb\":{\"@id\":\"https:\\\/\\\/www.ivinio.com\\\/sv\\\/sv-rhone-dalen\\\/#breadcrumb\"},\"inLanguage\":\"sv-SE\",\"potentialAction\":[{\"@type\":\"ReadAction\",\"target\":[\"https:\\\/\\\/www.ivinio.com\\\/sv\\\/sv-rhone-dalen\\\/\"]}]},{\"@type\":\"ImageObject\",\"inLanguage\":\"sv-SE\",\"@id\":\"https:\\\/\\\/www.ivinio.com\\\/sv\\\/sv-rhone-dalen\\\/#primaryimage\",\"url\":\"https:\\\/\\\/www.ivinio.com\\\/wp-content\\\/uploads\\\/2021\\\/07\\\/Cotes-du-rhone.jpg\",\"contentUrl\":\"https:\\\/\\\/www.ivinio.com\\\/wp-content\\\/uploads\\\/2021\\\/07\\\/Cotes-du-rhone.jpg\"},{\"@type\":\"BreadcrumbList\",\"@id\":\"https:\\\/\\\/www.ivinio.com\\\/sv\\\/sv-rhone-dalen\\\/#breadcrumb\",\"itemListElement\":[{\"@type\":\"ListItem\",\"position\":1,\"name\":\"Hem\",\"item\":\"https:\\\/\\\/www.ivinio.com\\\/sv\\\/\"},{\"@type\":\"ListItem\",\"position\":2,\"name\":\"Rh\u00f4ne-dalen\"}]},{\"@type\":\"WebSite\",\"@id\":\"https:\\\/\\\/www.ivinio.com\\\/sv\\\/#website\",\"url\":\"https:\\\/\\\/www.ivinio.com\\\/sv\\\/\",\"name\":\"IVINIO Vinbutik\",\"description\":\"Vin fr\u00e5n Frankrike och Italien med leverans hem till din d\u00f6rr\",\"publisher\":{\"@id\":\"https:\\\/\\\/www.ivinio.com\\\/sv\\\/#organization\"},\"potentialAction\":[{\"@type\":\"SearchAction\",\"target\":{\"@type\":\"EntryPoint\",\"urlTemplate\":\"https:\\\/\\\/www.ivinio.com\\\/sv\\\/?s={search_term_string}\"},\"query-input\":{\"@type\":\"PropertyValueSpecification\",\"valueRequired\":true,\"valueName\":\"search_term_string\"}}],\"inLanguage\":\"sv-SE\"},{\"@type\":\"Organization\",\"@id\":\"https:\\\/\\\/www.ivinio.com\\\/sv\\\/#organization\",\"name\":\"IVINIO\",\"url\":\"https:\\\/\\\/www.ivinio.com\\\/sv\\\/\",\"logo\":{\"@type\":\"ImageObject\",\"inLanguage\":\"sv-SE\",\"@id\":\"https:\\\/\\\/www.ivinio.com\\\/sv\\\/#\\\/schema\\\/logo\\\/image\\\/\",\"url\":\"https:\\\/\\\/www.ivinio.com\\\/wp-content\\\/uploads\\\/2021\\\/01\\\/Logo-Ivinio-v2.jpg\",\"contentUrl\":\"https:\\\/\\\/www.ivinio.com\\\/wp-content\\\/uploads\\\/2021\\\/01\\\/Logo-Ivinio-v2.jpg\",\"width\":1194,\"height\":1194,\"caption\":\"IVINIO\"},\"image\":{\"@id\":\"https:\\\/\\\/www.ivinio.com\\\/sv\\\/#\\\/schema\\\/logo\\\/image\\\/\"},\"sameAs\":[\"https:\\\/\\\/www.facebook.com\\\/groups\\\/165217837022391\\\/?ref=bookmarks\",\"https:\\\/\\\/www.instagram.com\\\/_ivinio_\\\/?hl=fr\"]}]}<\/script>\n<!-- \/ Yoast SEO plugin. -->","yoast_head_json":{"title":"Rh\u00f4ne-dalen - IVINIO Vinbutik","description":"Rh\u00f4ne-dalen \u00e4r det vindistrikt som f\u00f6ljer l\u00e4ngs med Rh\u00f4nefloden. Vi har nu kommit till Frankrikes n\u00e4st st\u00f6rsta vindistrikt efter Bordeaux. Fr\u00e5n Lyon s\u00f6derut n\u00e4rmar vi oss Medelhavet och solstr\u00e5larnas inverkan p\u00e5 druvorna g\u00f6r sig p\u00e5minda n\u00e4r man smakar dessa viner","robots":{"index":"index","follow":"follow","max-snippet":"max-snippet:-1","max-image-preview":"max-image-preview:large","max-video-preview":"max-video-preview:-1"},"canonical":"https:\/\/www.ivinio.com\/sv\/sv-rhone-dalen\/","og_locale":"sv_SE","og_type":"article","og_title":"Rh\u00f4ne-dalen - IVINIO Vinbutik","og_description":"Rh\u00f4ne-dalen \u00e4r det vindistrikt som f\u00f6ljer l\u00e4ngs med Rh\u00f4nefloden. Vi har nu kommit till Frankrikes n\u00e4st st\u00f6rsta vindistrikt efter Bordeaux. Fr\u00e5n Lyon s\u00f6derut n\u00e4rmar vi oss Medelhavet och solstr\u00e5larnas inverkan p\u00e5 druvorna g\u00f6r sig p\u00e5minda n\u00e4r man smakar dessa viner","og_url":"https:\/\/www.ivinio.com\/sv\/sv-rhone-dalen\/","og_site_name":"IVINIO Vinbutik","article_publisher":"https:\/\/www.facebook.com\/groups\/165217837022391\/?ref=bookmarks","article_modified_time":"2021-08-25T17:40:49+00:00","og_image":[{"url":"https:\/\/www.ivinio.com\/wp-content\/uploads\/2021\/07\/Cotes-du-rhone.jpg","type":"","width":"","height":""}],"twitter_card":"summary_large_image","twitter_misc":{"Ber\u00e4knad l\u00e4stid":"3 minuter"},"schema":{"@context":"https:\/\/schema.org","@graph":[{"@type":"WebPage","@id":"https:\/\/www.ivinio.com\/sv\/sv-rhone-dalen\/","url":"https:\/\/www.ivinio.com\/sv\/sv-rhone-dalen\/","name":"Rh\u00f4ne-dalen - IVINIO Vinbutik","isPartOf":{"@id":"https:\/\/www.ivinio.com\/sv\/#website"},"primaryImageOfPage":{"@id":"https:\/\/www.ivinio.com\/sv\/sv-rhone-dalen\/#primaryimage"},"image":{"@id":"https:\/\/www.ivinio.com\/sv\/sv-rhone-dalen\/#primaryimage"},"thumbnailUrl":"https:\/\/www.ivinio.com\/wp-content\/uploads\/2021\/07\/Cotes-du-rhone.jpg","datePublished":"2014-05-30T15:05:11+00:00","dateModified":"2021-08-25T17:40:49+00:00","description":"Rh\u00f4ne-dalen \u00e4r det vindistrikt som f\u00f6ljer l\u00e4ngs med Rh\u00f4nefloden. Vi har nu kommit till Frankrikes n\u00e4st st\u00f6rsta vindistrikt efter Bordeaux. Fr\u00e5n Lyon s\u00f6derut n\u00e4rmar vi oss Medelhavet och solstr\u00e5larnas inverkan p\u00e5 druvorna g\u00f6r sig p\u00e5minda n\u00e4r man smakar dessa viner","breadcrumb":{"@id":"https:\/\/www.ivinio.com\/sv\/sv-rhone-dalen\/#breadcrumb"},"inLanguage":"sv-SE","potentialAction":[{"@type":"ReadAction","target":["https:\/\/www.ivinio.com\/sv\/sv-rhone-dalen\/"]}]},{"@type":"ImageObject","inLanguage":"sv-SE","@id":"https:\/\/www.ivinio.com\/sv\/sv-rhone-dalen\/#primaryimage","url":"https:\/\/www.ivinio.com\/wp-content\/uploads\/2021\/07\/Cotes-du-rhone.jpg","contentUrl":"https:\/\/www.ivinio.com\/wp-content\/uploads\/2021\/07\/Cotes-du-rhone.jpg"},{"@type":"BreadcrumbList","@id":"https:\/\/www.ivinio.com\/sv\/sv-rhone-dalen\/#breadcrumb","itemListElement":[{"@type":"ListItem","position":1,"name":"Hem","item":"https:\/\/www.ivinio.com\/sv\/"},{"@type":"ListItem","position":2,"name":"Rh\u00f4ne-dalen"}]},{"@type":"WebSite","@id":"https:\/\/www.ivinio.com\/sv\/#website","url":"https:\/\/www.ivinio.com\/sv\/","name":"IVINIO Vinbutik","description":"Vin fr\u00e5n Frankrike och Italien med leverans hem till din d\u00f6rr","publisher":{"@id":"https:\/\/www.ivinio.com\/sv\/#organization"},"potentialAction":[{"@type":"SearchAction","target":{"@type":"EntryPoint","urlTemplate":"https:\/\/www.ivinio.com\/sv\/?s={search_term_string}"},"query-input":{"@type":"PropertyValueSpecification","valueRequired":true,"valueName":"search_term_string"}}],"inLanguage":"sv-SE"},{"@type":"Organization","@id":"https:\/\/www.ivinio.com\/sv\/#organization","name":"IVINIO","url":"https:\/\/www.ivinio.com\/sv\/","logo":{"@type":"ImageObject","inLanguage":"sv-SE","@id":"https:\/\/www.ivinio.com\/sv\/#\/schema\/logo\/image\/","url":"https:\/\/www.ivinio.com\/wp-content\/uploads\/2021\/01\/Logo-Ivinio-v2.jpg","contentUrl":"https:\/\/www.ivinio.com\/wp-content\/uploads\/2021\/01\/Logo-Ivinio-v2.jpg","width":1194,"height":1194,"caption":"IVINIO"},"image":{"@id":"https:\/\/www.ivinio.com\/sv\/#\/schema\/logo\/image\/"},"sameAs":["https:\/\/www.facebook.com\/groups\/165217837022391\/?ref=bookmarks","https:\/\/www.instagram.com\/_ivinio_\/?hl=fr"]}]}},"jetpack_shortlink":"https:\/\/wp.me\/PcK36q-hIK","jetpack_sharing_enabled":true,"_links":{"self":[{"href":"https:\/\/www.ivinio.com\/sv\/wp-json\/wp\/v2\/pages\/68122","targetHints":{"allow":["GET"]}}],"collection":[{"href":"https:\/\/www.ivinio.com\/sv\/wp-json\/wp\/v2\/pages"}],"about":[{"href":"https:\/\/www.ivinio.com\/sv\/wp-json\/wp\/v2\/types\/page"}],"author":[{"embeddable":true,"href":"https:\/\/www.ivinio.com\/sv\/wp-json\/wp\/v2\/users\/1746"}],"replies":[{"embeddable":true,"href":"https:\/\/www.ivinio.com\/sv\/wp-json\/wp\/v2\/comments?post=68122"}],"version-history":[{"count":0,"href":"https:\/\/www.ivinio.com\/sv\/wp-json\/wp\/v2\/pages\/68122\/revisions"}],"wp:attachment":[{"href":"https:\/\/www.ivinio.com\/sv\/wp-json\/wp\/v2\/media?parent=68122"}],"curies":[{"name":"wp","href":"https:\/\/api.w.org\/{rel}","templated":true}]}}