{"id":68119,"date":"2014-05-30T17:03:17","date_gmt":"2014-05-30T15:03:17","guid":{"rendered":"https:\/\/henrik.www.ivinio.com\/?p=68119"},"modified":"2021-11-06T19:34:01","modified_gmt":"2021-11-06T18:34:01","slug":"sv-vinregionen-korsika","status":"publish","type":"page","link":"https:\/\/www.ivinio.com\/sv\/sv-vinregionen-korsika\/","title":{"rendered":"Korsika"},"content":{"rendered":"<p><strong>Historiskt s\u00e4tt har vinregionen Korsika dubbla ursprung<\/strong>. F\u00f6rst och fr\u00e4mst \u00e4r det precis som f\u00f6r Provence, grekerna som inf\u00f6rt vinodlingen till Korsika. <strong>Skillnaden fr\u00e5n Provence \u00e4r dock att Korsika influencerats av Italien,<\/strong> eller det som d\u00e5 var Italien n\u00e4r Lombardiet och sedan Pisa och sist Genua invaderat Korsika och influerat b\u00e5de kultur och vinodling. Druvsorterna som anv\u00e4nds p\u00e5 Korsika \u00e4r d\u00e4rf\u00f6r \u00e4n idag j\u00e4mf\u00f6rbara med de som anv\u00e4nds i Italien. Nielluccio som kallas Sangiovese i Italien, Moscata, Aleatico, Vermentinu, Genovese, Biancone och Biancolella, f\u00f6r att n\u00e4mna n\u00e5gra. Om vinkulturen p\u00e5 Korsika startat under antiken s\u00e5 \u00e4r det f\u00f6rst efter f\u00f6renandet med Frankrike som produktionen tagit fart. S\u00e5pass att 1850 stod vinodlingen f\u00f6r \u00be av Korsikas inkomster.<\/p>\n<p><img decoding=\"async\" class=\"alignleft wp-image-127420 size-full lazyload\" data-src=\"https:\/\/www.ivinio.com\/wp-content\/uploads\/2021\/07\/corse.jpg\" alt=\"Vinregionen Korsika\" width=\"451\" height=\"267\" data-srcset=\"https:\/\/www.ivinio.com\/wp-content\/uploads\/2021\/07\/corse.jpg 451w, https:\/\/www.ivinio.com\/wp-content\/uploads\/2021\/07\/corse-300x178.jpg 300w\" data-sizes=\"(max-width: 451px) 100vw, 451px\" src=\"data:image\/gif;base64,R0lGODlhAQABAAAAACH5BAEKAAEALAAAAAABAAEAAAICTAEAOw==\" style=\"--smush-placeholder-width: 451px; --smush-placeholder-aspect-ratio: 451\/267;\" \/>De vita och ros\u00e9vinerna dricks i regel unga och passar utm\u00e4rkt till skaldjur och fisk. De r\u00f6da vinerna passar beroende p\u00e5 \u00e5lder och tanninhalt i regel till olika sorters k\u00f6ttr\u00e4tter. Vad som \u00e4r v\u00e4rt att notera \u00e4r att vissa vita viner \u00e5ldras mycket bra och kan d\u00e4rf\u00f6r gott l\u00e4ggas p\u00e5 lagring ett par \u00e5r. <strong>Det finns 4 appellationer AOC i vinregionen Korsika d\u00e4r \u201dVin-de-Corse\u201d kan delas in i 5 miniappellationer<\/strong>.<br \/>\nMan kan d\u00e4rf\u00f6r p\u00e5 s\u00e4tt och vis anse att det finns 9 olika appellationer :<\/p>\n<ol>\n<li><strong>\u201dVin de Corse\u201d :<\/strong> framst\u00e4lls i r\u00f6tt, vitt och ros\u00e9 och kan tillverkas \u00f6verallt p\u00e5 \u00f6n f\u00f6rutom i det omr\u00e5det som definierats f\u00f6r Patrimonio i norr. \u201dVin de Corse\u201d varierar i smak beroende p\u00e5 var det framst\u00e4llts och man har d\u00e4rf\u00f6r inf\u00f6rt 5 stycken underkategorier f\u00f6r att definiera typen av vin : -Coteaux de Cap Corse (fr\u00e5n norra Korsika) &#8211; Calvi &#8211; Sart\u00e8ne &#8211; <a href=\"https:\/\/www.ivinio.com\/sv\/produkt\/domaine-de-tanella-clos-marc-aurele-2016-rod\/\">Figari<\/a> &#8211; <a href=\"https:\/\/sv.wikipedia.org\/wiki\/Porto-Vecchio\">Porto-Vecchio<\/a><\/li>\n<li><strong>Ajaccio :<\/strong> en liten appellation som str\u00e4cker sig ett par mil runt Ajaccio. Det \u00e4r fr\u00e4mst Sciaccarellu-druvan som anv\u00e4nds f\u00f6r r\u00f6tt och ros\u00e9 och vermentino-druvan f\u00f6r det vita.<\/li>\n<li><strong>Muscat-du-cap-Corse :<\/strong> en liten appellation p\u00e5 norra Korsika som framst\u00e4ller s\u00f6ta vitviner. Passar f\u00f6rtr\u00e4ffligt till ost och efterr\u00e4tter.<\/li>\n<li><strong>Patrimonio :<\/strong> antagligen det mest prestigefyllda Korsikanska vinet.<\/li>\n<li>Niellucciu-druvan f\u00f6r det r\u00f6da och ros\u00e9n och vermentino-druvan till det vita skapar karakt\u00e4rstypiska viner med h\u00f6g kvalitet : de r\u00f6da \u00e4r fruktiga och kryddiga och l\u00e4mpar sig f\u00f6r lagring. Ros\u00e9n \u00e4r fruktig och kraftig. <strong>De vita \u00e4r gener\u00f6sa och aromatiska.<\/strong><\/li>\n<\/ol>\n<p><!--\n\n\n<p class=\"title_block\">Lista av sidor i %:<\/p>\n\n\n--><\/p>\n","protected":false},"excerpt":{"rendered":"<p>Historiskt s\u00e4tt har vinregionen Korsika dubbla ursprung. F\u00f6rst och fr\u00e4mst \u00e4r det precis som f\u00f6r Provence, grekerna som inf\u00f6rt vinodlingen till Korsika. Skillnaden fr\u00e5n Provence \u00e4r dock att Korsika influencerats av Italien, eller det som d\u00e5 var Italien n\u00e4r Lombardiet och sedan Pisa och sist Genua invaderat Korsika och influerat b\u00e5de kultur och vinodling. Druvsorterna [&hellip;]<\/p>\n","protected":false},"author":1746,"featured_media":0,"parent":0,"menu_order":0,"comment_status":"open","ping_status":"closed","template":"","meta":{"_monsterinsights_skip_tracking":false,"_monsterinsights_sitenote_active":false,"_monsterinsights_sitenote_note":"","_monsterinsights_sitenote_category":0,"_uf_show_specific_survey":0,"_uf_disable_surveys":false,"footnotes":""},"class_list":["post-68119","page","type-page","status-publish","hentry"],"yoast_head":"<!-- This site is optimized with the Yoast SEO plugin v27.4 - https:\/\/yoast.com\/product\/yoast-seo-wordpress\/ -->\n<title>Vinregionen Korsika - IVINIO Vinbutik<\/title>\n<meta name=\"description\" content=\"Vinregionen Korsika. L\u00e4r dig mer om vinregionen Korsika med dess viner, druvsorter, appellationer och lokala s\u00e4rdrag.\" \/>\n<meta name=\"robots\" content=\"index, follow, max-snippet:-1, max-image-preview:large, max-video-preview:-1\" \/>\n<link rel=\"canonical\" href=\"https:\/\/www.ivinio.com\/sv\/sv-vinregionen-korsika\/\" \/>\n<meta property=\"og:locale\" content=\"sv_SE\" \/>\n<meta property=\"og:type\" content=\"article\" \/>\n<meta property=\"og:title\" content=\"Vinregionen Korsika - IVINIO Vinbutik\" \/>\n<meta property=\"og:description\" content=\"Vinregionen Korsika. L\u00e4r dig mer om vinregionen Korsika med dess viner, druvsorter, appellationer och lokala s\u00e4rdrag.\" \/>\n<meta property=\"og:url\" content=\"https:\/\/www.ivinio.com\/sv\/sv-vinregionen-korsika\/\" \/>\n<meta property=\"og:site_name\" content=\"IVINIO Vinbutik\" \/>\n<meta property=\"article:publisher\" content=\"https:\/\/www.facebook.com\/groups\/165217837022391\/?ref=bookmarks\" \/>\n<meta property=\"article:modified_time\" content=\"2021-11-06T18:34:01+00:00\" \/>\n<meta property=\"og:image\" content=\"https:\/\/www.ivinio.com\/wp-content\/uploads\/2021\/07\/corse.jpg\" \/>\n<meta name=\"twitter:card\" content=\"summary_large_image\" \/>\n<meta name=\"twitter:label1\" content=\"Ber\u00e4knad l\u00e4stid\" \/>\n\t<meta name=\"twitter:data1\" content=\"2 minuter\" \/>\n<script type=\"application\/ld+json\" class=\"yoast-schema-graph\">{\"@context\":\"https:\\\/\\\/schema.org\",\"@graph\":[{\"@type\":\"WebPage\",\"@id\":\"https:\\\/\\\/www.ivinio.com\\\/sv\\\/sv-vinregionen-korsika\\\/\",\"url\":\"https:\\\/\\\/www.ivinio.com\\\/sv\\\/sv-vinregionen-korsika\\\/\",\"name\":\"Vinregionen Korsika - IVINIO Vinbutik\",\"isPartOf\":{\"@id\":\"https:\\\/\\\/www.ivinio.com\\\/sv\\\/#website\"},\"primaryImageOfPage\":{\"@id\":\"https:\\\/\\\/www.ivinio.com\\\/sv\\\/sv-vinregionen-korsika\\\/#primaryimage\"},\"image\":{\"@id\":\"https:\\\/\\\/www.ivinio.com\\\/sv\\\/sv-vinregionen-korsika\\\/#primaryimage\"},\"thumbnailUrl\":\"https:\\\/\\\/www.ivinio.com\\\/wp-content\\\/uploads\\\/2021\\\/07\\\/corse.jpg\",\"datePublished\":\"2014-05-30T15:03:17+00:00\",\"dateModified\":\"2021-11-06T18:34:01+00:00\",\"description\":\"Vinregionen Korsika. L\u00e4r dig mer om vinregionen Korsika med dess viner, druvsorter, appellationer och lokala s\u00e4rdrag.\",\"breadcrumb\":{\"@id\":\"https:\\\/\\\/www.ivinio.com\\\/sv\\\/sv-vinregionen-korsika\\\/#breadcrumb\"},\"inLanguage\":\"sv-SE\",\"potentialAction\":[{\"@type\":\"ReadAction\",\"target\":[\"https:\\\/\\\/www.ivinio.com\\\/sv\\\/sv-vinregionen-korsika\\\/\"]}]},{\"@type\":\"ImageObject\",\"inLanguage\":\"sv-SE\",\"@id\":\"https:\\\/\\\/www.ivinio.com\\\/sv\\\/sv-vinregionen-korsika\\\/#primaryimage\",\"url\":\"https:\\\/\\\/www.ivinio.com\\\/wp-content\\\/uploads\\\/2021\\\/07\\\/corse.jpg\",\"contentUrl\":\"https:\\\/\\\/www.ivinio.com\\\/wp-content\\\/uploads\\\/2021\\\/07\\\/corse.jpg\"},{\"@type\":\"BreadcrumbList\",\"@id\":\"https:\\\/\\\/www.ivinio.com\\\/sv\\\/sv-vinregionen-korsika\\\/#breadcrumb\",\"itemListElement\":[{\"@type\":\"ListItem\",\"position\":1,\"name\":\"Hem\",\"item\":\"https:\\\/\\\/www.ivinio.com\\\/sv\\\/\"},{\"@type\":\"ListItem\",\"position\":2,\"name\":\"Korsika\"}]},{\"@type\":\"WebSite\",\"@id\":\"https:\\\/\\\/www.ivinio.com\\\/sv\\\/#website\",\"url\":\"https:\\\/\\\/www.ivinio.com\\\/sv\\\/\",\"name\":\"IVINIO Vinbutik\",\"description\":\"Vin fr\u00e5n Frankrike och Italien med leverans hem till din d\u00f6rr\",\"publisher\":{\"@id\":\"https:\\\/\\\/www.ivinio.com\\\/sv\\\/#organization\"},\"potentialAction\":[{\"@type\":\"SearchAction\",\"target\":{\"@type\":\"EntryPoint\",\"urlTemplate\":\"https:\\\/\\\/www.ivinio.com\\\/sv\\\/?s={search_term_string}\"},\"query-input\":{\"@type\":\"PropertyValueSpecification\",\"valueRequired\":true,\"valueName\":\"search_term_string\"}}],\"inLanguage\":\"sv-SE\"},{\"@type\":\"Organization\",\"@id\":\"https:\\\/\\\/www.ivinio.com\\\/sv\\\/#organization\",\"name\":\"IVINIO\",\"url\":\"https:\\\/\\\/www.ivinio.com\\\/sv\\\/\",\"logo\":{\"@type\":\"ImageObject\",\"inLanguage\":\"sv-SE\",\"@id\":\"https:\\\/\\\/www.ivinio.com\\\/sv\\\/#\\\/schema\\\/logo\\\/image\\\/\",\"url\":\"https:\\\/\\\/www.ivinio.com\\\/wp-content\\\/uploads\\\/2021\\\/01\\\/Logo-Ivinio-v2.jpg\",\"contentUrl\":\"https:\\\/\\\/www.ivinio.com\\\/wp-content\\\/uploads\\\/2021\\\/01\\\/Logo-Ivinio-v2.jpg\",\"width\":1194,\"height\":1194,\"caption\":\"IVINIO\"},\"image\":{\"@id\":\"https:\\\/\\\/www.ivinio.com\\\/sv\\\/#\\\/schema\\\/logo\\\/image\\\/\"},\"sameAs\":[\"https:\\\/\\\/www.facebook.com\\\/groups\\\/165217837022391\\\/?ref=bookmarks\",\"https:\\\/\\\/www.instagram.com\\\/_ivinio_\\\/?hl=fr\"]}]}<\/script>\n<!-- \/ Yoast SEO plugin. -->","yoast_head_json":{"title":"Vinregionen Korsika - IVINIO Vinbutik","description":"Vinregionen Korsika. L\u00e4r dig mer om vinregionen Korsika med dess viner, druvsorter, appellationer och lokala s\u00e4rdrag.","robots":{"index":"index","follow":"follow","max-snippet":"max-snippet:-1","max-image-preview":"max-image-preview:large","max-video-preview":"max-video-preview:-1"},"canonical":"https:\/\/www.ivinio.com\/sv\/sv-vinregionen-korsika\/","og_locale":"sv_SE","og_type":"article","og_title":"Vinregionen Korsika - IVINIO Vinbutik","og_description":"Vinregionen Korsika. L\u00e4r dig mer om vinregionen Korsika med dess viner, druvsorter, appellationer och lokala s\u00e4rdrag.","og_url":"https:\/\/www.ivinio.com\/sv\/sv-vinregionen-korsika\/","og_site_name":"IVINIO Vinbutik","article_publisher":"https:\/\/www.facebook.com\/groups\/165217837022391\/?ref=bookmarks","article_modified_time":"2021-11-06T18:34:01+00:00","og_image":[{"url":"https:\/\/www.ivinio.com\/wp-content\/uploads\/2021\/07\/corse.jpg","type":"","width":"","height":""}],"twitter_card":"summary_large_image","twitter_misc":{"Ber\u00e4knad l\u00e4stid":"2 minuter"},"schema":{"@context":"https:\/\/schema.org","@graph":[{"@type":"WebPage","@id":"https:\/\/www.ivinio.com\/sv\/sv-vinregionen-korsika\/","url":"https:\/\/www.ivinio.com\/sv\/sv-vinregionen-korsika\/","name":"Vinregionen Korsika - IVINIO Vinbutik","isPartOf":{"@id":"https:\/\/www.ivinio.com\/sv\/#website"},"primaryImageOfPage":{"@id":"https:\/\/www.ivinio.com\/sv\/sv-vinregionen-korsika\/#primaryimage"},"image":{"@id":"https:\/\/www.ivinio.com\/sv\/sv-vinregionen-korsika\/#primaryimage"},"thumbnailUrl":"https:\/\/www.ivinio.com\/wp-content\/uploads\/2021\/07\/corse.jpg","datePublished":"2014-05-30T15:03:17+00:00","dateModified":"2021-11-06T18:34:01+00:00","description":"Vinregionen Korsika. L\u00e4r dig mer om vinregionen Korsika med dess viner, druvsorter, appellationer och lokala s\u00e4rdrag.","breadcrumb":{"@id":"https:\/\/www.ivinio.com\/sv\/sv-vinregionen-korsika\/#breadcrumb"},"inLanguage":"sv-SE","potentialAction":[{"@type":"ReadAction","target":["https:\/\/www.ivinio.com\/sv\/sv-vinregionen-korsika\/"]}]},{"@type":"ImageObject","inLanguage":"sv-SE","@id":"https:\/\/www.ivinio.com\/sv\/sv-vinregionen-korsika\/#primaryimage","url":"https:\/\/www.ivinio.com\/wp-content\/uploads\/2021\/07\/corse.jpg","contentUrl":"https:\/\/www.ivinio.com\/wp-content\/uploads\/2021\/07\/corse.jpg"},{"@type":"BreadcrumbList","@id":"https:\/\/www.ivinio.com\/sv\/sv-vinregionen-korsika\/#breadcrumb","itemListElement":[{"@type":"ListItem","position":1,"name":"Hem","item":"https:\/\/www.ivinio.com\/sv\/"},{"@type":"ListItem","position":2,"name":"Korsika"}]},{"@type":"WebSite","@id":"https:\/\/www.ivinio.com\/sv\/#website","url":"https:\/\/www.ivinio.com\/sv\/","name":"IVINIO Vinbutik","description":"Vin fr\u00e5n Frankrike och Italien med leverans hem till din d\u00f6rr","publisher":{"@id":"https:\/\/www.ivinio.com\/sv\/#organization"},"potentialAction":[{"@type":"SearchAction","target":{"@type":"EntryPoint","urlTemplate":"https:\/\/www.ivinio.com\/sv\/?s={search_term_string}"},"query-input":{"@type":"PropertyValueSpecification","valueRequired":true,"valueName":"search_term_string"}}],"inLanguage":"sv-SE"},{"@type":"Organization","@id":"https:\/\/www.ivinio.com\/sv\/#organization","name":"IVINIO","url":"https:\/\/www.ivinio.com\/sv\/","logo":{"@type":"ImageObject","inLanguage":"sv-SE","@id":"https:\/\/www.ivinio.com\/sv\/#\/schema\/logo\/image\/","url":"https:\/\/www.ivinio.com\/wp-content\/uploads\/2021\/01\/Logo-Ivinio-v2.jpg","contentUrl":"https:\/\/www.ivinio.com\/wp-content\/uploads\/2021\/01\/Logo-Ivinio-v2.jpg","width":1194,"height":1194,"caption":"IVINIO"},"image":{"@id":"https:\/\/www.ivinio.com\/sv\/#\/schema\/logo\/image\/"},"sameAs":["https:\/\/www.facebook.com\/groups\/165217837022391\/?ref=bookmarks","https:\/\/www.instagram.com\/_ivinio_\/?hl=fr"]}]}},"jetpack_shortlink":"https:\/\/wp.me\/PcK36q-hIH","jetpack_sharing_enabled":true,"_links":{"self":[{"href":"https:\/\/www.ivinio.com\/sv\/wp-json\/wp\/v2\/pages\/68119","targetHints":{"allow":["GET"]}}],"collection":[{"href":"https:\/\/www.ivinio.com\/sv\/wp-json\/wp\/v2\/pages"}],"about":[{"href":"https:\/\/www.ivinio.com\/sv\/wp-json\/wp\/v2\/types\/page"}],"author":[{"embeddable":true,"href":"https:\/\/www.ivinio.com\/sv\/wp-json\/wp\/v2\/users\/1746"}],"replies":[{"embeddable":true,"href":"https:\/\/www.ivinio.com\/sv\/wp-json\/wp\/v2\/comments?post=68119"}],"version-history":[{"count":0,"href":"https:\/\/www.ivinio.com\/sv\/wp-json\/wp\/v2\/pages\/68119\/revisions"}],"wp:attachment":[{"href":"https:\/\/www.ivinio.com\/sv\/wp-json\/wp\/v2\/media?parent=68119"}],"curies":[{"name":"wp","href":"https:\/\/api.w.org\/{rel}","templated":true}]}}