{"id":68110,"date":"2014-05-30T16:56:03","date_gmt":"2014-05-30T14:56:03","guid":{"rendered":"https:\/\/henrik.www.ivinio.com\/?p=68110"},"modified":"2021-11-06T16:52:13","modified_gmt":"2021-11-06T15:52:13","slug":"sv-bordeaux","status":"publish","type":"page","link":"https:\/\/www.ivinio.com\/sv\/sv-bordeaux\/","title":{"rendered":"Bordeaux"},"content":{"rendered":"<p>Vinregionen Bordeaux \u00e4r utan tvekan en av de mest k\u00e4nda och kanske till och med den mest<strong> prestigefyllda vinregionen<\/strong>, inte bara Frankrike utan i hela v\u00e4rlden. Med sina 115.000 ha med vinrankor stiligt upplinjerade l\u00e4ngs med atlantkusten producerar Bordeaux sj\u00e4lv, runt h\u00e4lften av de stora v\u00e4rldsk\u00e4nda franska vinerna, de s.k. <strong>\u201c<a href=\"https:\/\/fr.wikipedia.org\/wiki\/Grand_cru\">Grands crus<\/a>\u201d<\/strong>. Vindistriktet \u00e4r organiserat runt floderna Garonne och Dordogne som flyter samman till floden Gironde. Gironde flyter sedan vidare ytterligare 8 mil v\u00e4sterut innan floden mynnar ut i Atlanten. <strong>Vinrankor finns \u00f6verallt och befinner sig aldrig l\u00e5ngt fr\u00e5n floderna<\/strong>. P\u00e5 v\u00e4nstersidan om Gironde finner vi den v\u00e4lk\u00e4nda Medoc-appellationen som troligtvis innefattar de mest k\u00e4nda och mest presigefyllda r\u00f6da viner i v\u00e4rlden. L\u00e4ngre s\u00f6derut och p\u00e5 andra sidan av staden Bordeaux finner vi Graves, ett annan v\u00e4lk\u00e4nt vindistrikt.<\/p>\n<p>Det \u00e4r h\u00e4r vi kan uppskatta uts\u00f6kta r\u00f6dviner, men ocks\u00e5 de s\u00f6ta Sauternes-<img decoding=\"async\" class=\"wp-image-127429 alignright lazyload\" data-src=\"https:\/\/www.ivinio.com\/wp-content\/uploads\/2021\/07\/bordeaux.jpg\" alt=\"Vinregionen Bordeaux\" width=\"280\" height=\"306\" src=\"data:image\/gif;base64,R0lGODlhAQABAAAAACH5BAEKAAEALAAAAAABAAEAAAICTAEAOw==\" style=\"--smush-placeholder-width: 280px; --smush-placeholder-aspect-ratio: 280\/306;\" \/>vinerna d\u00e4r Ch\u00e2teau Yquem s\u00e4kerligen \u00e4r det mest ber\u00f6mda vinhuset. P\u00e5 \u00f6stra sidan om floden Garonne ligger Entre-deux-mer som i regel producerar prism\u00e4ssigt mer tillg\u00e4ngliga viner. Forts\u00e4tter vi norrut till andra sidan av Dordogneflodenkommer vi p\u00e5 nytt in i de prestigefyllda distrikten, s\u00e5som Saint-Emilion och Pomerol. I det sistn\u00e4mnda finner vi bland annat det ov\u00e4rderliga<strong> Ch\u00e2teau Petrus<\/strong>. Slutligen, mitt emot Medoc och \u00f6ster om floden Gironde finner vi p\u00e5 nytt de mer prisv\u00e4nliga distrikten som C\u00f4tes de Blaye och C\u00f4tes de bourg. Siffrorna talar f\u00f6r sig sj\u00e4lva ; <strong>vinregionen Bordeaux innefattar 57 appellationer<\/strong> och mer \u00e4n 4.000 \u00ab vinslott \u00bb. Vinhusen kallas lite pretenti\u00f6st f\u00f6r just \u201dslott\u201d i Bordeaux, men ofta \u00e4r byggnaderna faktiskt bara enklare hus. 75% av vinerna \u00e4r r\u00f6da och framst\u00e4lls till st\u00f6rsta delen norr om Bordeaux. De \u00e5terst\u00e5ende 25% vitt vin \u00e4r fr\u00e4mst tillverkade syd-\u00f6st om Bordeaux. Vad som utm\u00e4rker <a href=\"https:\/\/www.ivinio.com\/sv\/produkt\/chateau-bardins-pessac-leognan-rod\/\"><strong>Bordeaux-vinerna<\/strong><\/a> \u00e4r den stora variation av jordtyp och det stora antalet druvsorter som anv\u00e4nds i vinodlingen. I Bordeaux blandar man flera olika druvsorter i ett och samma vin. F\u00f6ruts\u00e4ttningarna f\u00f6r att h\u00e5lla en konstant kvalitet och lyckas med varje \u00e5rg\u00e5ng \u00e4r d\u00e4rf\u00f6r relativt stora, eftersom man alltid kan kompensera en druvsorts mediokra sk\u00f6rd med en annan druvsort som haft en b\u00e4ttre sk\u00f6rd. <strong>I Bourgogne till exempel, \u00e4r detta om\u00f6jligt d\u00e5 endast de 2 druvsorterna Pinot noir<\/strong> <strong>och Chardonnay<\/strong> anv\u00e4nds till r\u00f6tt respektive vitt vin.<\/p>\n<p>F\u00f6r de r\u00f6da vinerna har vinregionen Bordeaux gjort sig k\u00e4nda f\u00f6r sin ekfatslagring och det \u00e4r ocks\u00e5 <strong>Bordeaux-viner som blivit regeln f\u00f6r hur r\u00f6dviner ska smaka.<\/strong> Vinodlare runt om i v\u00e4rlden har d\u00e4rf\u00f6r lite olyckligt valt att imitera den typiska Bordeauxkarakt\u00e4ren med ekfat ist\u00e4llet f\u00f6r att utveckla sin egen personliga stil. Detta h\u00e4mmar naturligtvis m\u00e5ngfalden av viner som vi vinentusiaster \u00e4r s\u00e5 intresserade av. I Bordeaux anv\u00e4nder man framf\u00f6r allt Cabernet Sauvignon som \u00e4r en druvsort fr\u00e5n Medoc. Merlot och Cabernet franc et andra druvsorter som ocks\u00e5 anv\u00e4nds i stor skala.<\/p>\n<p>Att f\u00f6rst\u00e5 klassifieringen av Bordeaux-viner \u00e4r inte s\u00e5 l\u00e4tt vid en f\u00f6rsta anblick.Till att b\u00f6rja med m\u00e5ste man skilja p\u00e5 \u201drangordning\u201d och \u201dappellationer\u201d. Vad g\u00e4ller appellationerna finns det 3 stora kategorier. Regeln s\u00e4ger att det inte ska finnas n\u00e5gon hierarki vad g\u00e4ller AOP i Frankrike. Trots det g\u00e4ller undantaget i vinregionen Bordeaux, det finns allts\u00e5 3 kategorier med appellationer i stigande rangordning :<\/p>\n<p>1. Generell appellation : det \u00e4r vad vi kallar f\u00f6r \u00ab Bordeaux \u00bb eller \u00ab Bordeaux sup\u00e9rieur \u00bb viner. I denna kategori ing\u00e5r alla viner som odlats runt Bordeaux, n\u00e4rmare best\u00e4mt i regionen Gironde.<\/p>\n<p>2. Regional appellation : detta \u00e4r viner som kommer fr\u00e5n ett mer precist omr\u00e5de \u00e4n bara \u201dGironde\u201d. Graves, Medoc, C\u00f4tes de Blaye \u00e4r n\u00e5gra exempel.<\/p>\n<p>3. Kommunal appellation : vissa vinodlare har k\u00e4nt behov f\u00f6r att utm\u00e4rka sig och man har d\u00e4rf\u00f6r skapat appellationer som refererar till kommunen som vinet kommer ifr\u00e5n. <strong>Margaux, Saint-Est\u00e8phe, Pauillac, Pomerol eller Saint-Emilion \u00e4r exempel p\u00e5 s\u00e5dana kommunala appellationer.<\/strong><\/p>\n<p>Vid sidan av dessa 3 kategorier av appellationer m\u00e5ste vi n\u00e4mna n\u00e5gra ord om den officiella rangordning som gjordes p\u00e5 best\u00e4llning av Napoleon III inf\u00f6r v\u00e4rldsutst\u00e4llningen \u00e5r 1855. M\u00e5ls\u00e4ttningen var att i 5 olika kategorier\u00a0rangordna viner som tillverkats runt Bordeaux. Alla de utvalda vinerna utom ett, Chateau Haut-brion fr\u00e5n Graves, kommer fr\u00e5n Medoc-distriktet vilket naturligtvis i sig \u00e4r en stor brist.<\/p>\n<p>D\u00e4rf\u00f6r, f\u00f6r att komplettera klassifieringen fr\u00e5n 1855 som bara\u00a0rangordnat de stora vinerna fr\u00e5n Medoc, har man 1959 skapat en klassifiering av Graves-vinerna. Skillnaden\u00a0fr\u00e5n 1855-klassifieringen fr\u00e5n Medoc \u00e4r att det inte finns n\u00e5gon intern hierarki mellan vinerna i Graves-klassifieringen. Klassifieringen inneh\u00e5ller 8 vitviner och 13 r\u00f6dviner. \u00c4ven Saint-Emilion som inte fick vara med i klassifieringen fr\u00e5n 1855, har skapat sin egen klassifiering som senast modifierades 1996. Dessa klassifieringar \u00e4r idag ofullst\u00e4ndiga p\u00e5 m\u00e5nga s\u00e4tt och vis. Dels\u00a0representerar de bara ett f\u00e5tal v\u00e4ldigt exklusiva viner och tar inte med i ber\u00e4kningen det stora utbud av mer tillg\u00e4ngliga och\u00a0mycket goda viner fr\u00e5n Bordeaux. Dels s\u00e5 har ingen officiell rangordning gjorts mellan alla de olika appellationerna s\u00e5 man kan inte s\u00e4ga att t.ex en Paillac \u00e4r b\u00e4ttre \u00e4n en St Emilion, eller tv\u00e4rt om &#8211; det \u00e4r snarare en smaksak som bed\u00f6ms av var och en. Slutligen s\u00e5 ska det noteras att Pomerolomr\u00e5det inte ens ing\u00e5r i n\u00e5gon officiel klassifiering trots att vi h\u00e4r finner v\u00e4rldsk\u00e4nda vinhus som Chateau P\u00e9trus.<\/p>\n","protected":false},"excerpt":{"rendered":"<p>Vinregionen Bordeaux \u00e4r utan tvekan en av de mest k\u00e4nda och kanske till och med den mest prestigefyllda vinregionen, inte bara Frankrike utan i hela v\u00e4rlden. Med sina 115.000 ha med vinrankor stiligt upplinjerade l\u00e4ngs med atlantkusten producerar Bordeaux sj\u00e4lv, runt h\u00e4lften av de stora v\u00e4rldsk\u00e4nda franska vinerna, de s.k. \u201cGrands crus\u201d. Vindistriktet \u00e4r organiserat [&hellip;]<\/p>\n","protected":false},"author":1746,"featured_media":0,"parent":0,"menu_order":0,"comment_status":"open","ping_status":"closed","template":"","meta":{"_monsterinsights_skip_tracking":false,"_monsterinsights_sitenote_active":false,"_monsterinsights_sitenote_note":"","_monsterinsights_sitenote_category":0,"_uf_show_specific_survey":0,"_uf_disable_surveys":false,"footnotes":""},"class_list":["post-68110","page","type-page","status-publish","hentry"],"yoast_head":"<!-- This site is optimized with the Yoast SEO plugin v27.3 - https:\/\/yoast.com\/product\/yoast-seo-wordpress\/ -->\n<title>Vinregionen Bordeaux - IVINIO Wine Shop<\/title>\n<meta name=\"description\" content=\"Vinregionen Bordeaux. L\u00e4s mer om vinregionen Bordeaux med dess olika viner, druvsorter, appellationer och lokala s\u00e4rdrag.\" \/>\n<meta name=\"robots\" content=\"index, follow, max-snippet:-1, max-image-preview:large, max-video-preview:-1\" \/>\n<link rel=\"canonical\" href=\"https:\/\/www.ivinio.com\/sv\/sv-bordeaux\/\" \/>\n<meta property=\"og:locale\" content=\"sv_SE\" \/>\n<meta property=\"og:type\" content=\"article\" \/>\n<meta property=\"og:title\" content=\"Vinregionen Bordeaux - IVINIO Wine Shop\" \/>\n<meta property=\"og:description\" content=\"Vinregionen Bordeaux. L\u00e4s mer om vinregionen Bordeaux med dess olika viner, druvsorter, appellationer och lokala s\u00e4rdrag.\" \/>\n<meta property=\"og:url\" content=\"https:\/\/www.ivinio.com\/sv\/sv-bordeaux\/\" \/>\n<meta property=\"og:site_name\" content=\"IVINIO Wine Shop\" \/>\n<meta property=\"article:publisher\" content=\"https:\/\/www.facebook.com\/groups\/165217837022391\/?ref=bookmarks\" \/>\n<meta property=\"article:modified_time\" content=\"2021-11-06T15:52:13+00:00\" \/>\n<meta property=\"og:image\" content=\"https:\/\/www.ivinio.com\/wp-content\/uploads\/2021\/07\/bordeaux.jpg\" \/>\n<meta name=\"twitter:card\" content=\"summary_large_image\" \/>\n<meta name=\"twitter:label1\" content=\"Ber\u00e4knad l\u00e4stid\" \/>\n\t<meta name=\"twitter:data1\" content=\"4 minuter\" \/>\n<script type=\"application\/ld+json\" class=\"yoast-schema-graph\">{\"@context\":\"https:\\\/\\\/schema.org\",\"@graph\":[{\"@type\":\"WebPage\",\"@id\":\"https:\\\/\\\/www.ivinio.com\\\/sv\\\/sv-bordeaux\\\/\",\"url\":\"https:\\\/\\\/www.ivinio.com\\\/sv\\\/sv-bordeaux\\\/\",\"name\":\"Vinregionen Bordeaux - IVINIO Wine Shop\",\"isPartOf\":{\"@id\":\"https:\\\/\\\/www.ivinio.com\\\/sv\\\/#website\"},\"primaryImageOfPage\":{\"@id\":\"https:\\\/\\\/www.ivinio.com\\\/sv\\\/sv-bordeaux\\\/#primaryimage\"},\"image\":{\"@id\":\"https:\\\/\\\/www.ivinio.com\\\/sv\\\/sv-bordeaux\\\/#primaryimage\"},\"thumbnailUrl\":\"https:\\\/\\\/www.ivinio.com\\\/wp-content\\\/uploads\\\/2021\\\/07\\\/bordeaux.jpg\",\"datePublished\":\"2014-05-30T14:56:03+00:00\",\"dateModified\":\"2021-11-06T15:52:13+00:00\",\"description\":\"Vinregionen Bordeaux. L\u00e4s mer om vinregionen Bordeaux med dess olika viner, druvsorter, appellationer och lokala s\u00e4rdrag.\",\"breadcrumb\":{\"@id\":\"https:\\\/\\\/www.ivinio.com\\\/sv\\\/sv-bordeaux\\\/#breadcrumb\"},\"inLanguage\":\"sv-SE\",\"potentialAction\":[{\"@type\":\"ReadAction\",\"target\":[\"https:\\\/\\\/www.ivinio.com\\\/sv\\\/sv-bordeaux\\\/\"]}]},{\"@type\":\"ImageObject\",\"inLanguage\":\"sv-SE\",\"@id\":\"https:\\\/\\\/www.ivinio.com\\\/sv\\\/sv-bordeaux\\\/#primaryimage\",\"url\":\"https:\\\/\\\/www.ivinio.com\\\/wp-content\\\/uploads\\\/2021\\\/07\\\/bordeaux.jpg\",\"contentUrl\":\"https:\\\/\\\/www.ivinio.com\\\/wp-content\\\/uploads\\\/2021\\\/07\\\/bordeaux.jpg\"},{\"@type\":\"BreadcrumbList\",\"@id\":\"https:\\\/\\\/www.ivinio.com\\\/sv\\\/sv-bordeaux\\\/#breadcrumb\",\"itemListElement\":[{\"@type\":\"ListItem\",\"position\":1,\"name\":\"Hem\",\"item\":\"https:\\\/\\\/www.ivinio.com\\\/sv\\\/\"},{\"@type\":\"ListItem\",\"position\":2,\"name\":\"Bordeaux\"}]},{\"@type\":\"WebSite\",\"@id\":\"https:\\\/\\\/www.ivinio.com\\\/sv\\\/#website\",\"url\":\"https:\\\/\\\/www.ivinio.com\\\/sv\\\/\",\"name\":\"IVINIO Wine Shop\",\"description\":\"French and Italian wines with delivery to your door\",\"publisher\":{\"@id\":\"https:\\\/\\\/www.ivinio.com\\\/sv\\\/#organization\"},\"potentialAction\":[{\"@type\":\"SearchAction\",\"target\":{\"@type\":\"EntryPoint\",\"urlTemplate\":\"https:\\\/\\\/www.ivinio.com\\\/sv\\\/?s={search_term_string}\"},\"query-input\":{\"@type\":\"PropertyValueSpecification\",\"valueRequired\":true,\"valueName\":\"search_term_string\"}}],\"inLanguage\":\"sv-SE\"},{\"@type\":\"Organization\",\"@id\":\"https:\\\/\\\/www.ivinio.com\\\/sv\\\/#organization\",\"name\":\"IVINIO\",\"url\":\"https:\\\/\\\/www.ivinio.com\\\/sv\\\/\",\"logo\":{\"@type\":\"ImageObject\",\"inLanguage\":\"sv-SE\",\"@id\":\"https:\\\/\\\/www.ivinio.com\\\/sv\\\/#\\\/schema\\\/logo\\\/image\\\/\",\"url\":\"https:\\\/\\\/www.ivinio.com\\\/wp-content\\\/uploads\\\/2021\\\/01\\\/Logo-Ivinio-v2.jpg\",\"contentUrl\":\"https:\\\/\\\/www.ivinio.com\\\/wp-content\\\/uploads\\\/2021\\\/01\\\/Logo-Ivinio-v2.jpg\",\"width\":1194,\"height\":1194,\"caption\":\"IVINIO\"},\"image\":{\"@id\":\"https:\\\/\\\/www.ivinio.com\\\/sv\\\/#\\\/schema\\\/logo\\\/image\\\/\"},\"sameAs\":[\"https:\\\/\\\/www.facebook.com\\\/groups\\\/165217837022391\\\/?ref=bookmarks\",\"https:\\\/\\\/www.instagram.com\\\/_ivinio_\\\/?hl=fr\"]}]}<\/script>\n<!-- \/ Yoast SEO plugin. -->","yoast_head_json":{"title":"Vinregionen Bordeaux - IVINIO Wine Shop","description":"Vinregionen Bordeaux. L\u00e4s mer om vinregionen Bordeaux med dess olika viner, druvsorter, appellationer och lokala s\u00e4rdrag.","robots":{"index":"index","follow":"follow","max-snippet":"max-snippet:-1","max-image-preview":"max-image-preview:large","max-video-preview":"max-video-preview:-1"},"canonical":"https:\/\/www.ivinio.com\/sv\/sv-bordeaux\/","og_locale":"sv_SE","og_type":"article","og_title":"Vinregionen Bordeaux - IVINIO Wine Shop","og_description":"Vinregionen Bordeaux. L\u00e4s mer om vinregionen Bordeaux med dess olika viner, druvsorter, appellationer och lokala s\u00e4rdrag.","og_url":"https:\/\/www.ivinio.com\/sv\/sv-bordeaux\/","og_site_name":"IVINIO Wine Shop","article_publisher":"https:\/\/www.facebook.com\/groups\/165217837022391\/?ref=bookmarks","article_modified_time":"2021-11-06T15:52:13+00:00","og_image":[{"url":"https:\/\/www.ivinio.com\/wp-content\/uploads\/2021\/07\/bordeaux.jpg","type":"","width":"","height":""}],"twitter_card":"summary_large_image","twitter_misc":{"Ber\u00e4knad l\u00e4stid":"4 minuter"},"schema":{"@context":"https:\/\/schema.org","@graph":[{"@type":"WebPage","@id":"https:\/\/www.ivinio.com\/sv\/sv-bordeaux\/","url":"https:\/\/www.ivinio.com\/sv\/sv-bordeaux\/","name":"Vinregionen Bordeaux - IVINIO Wine Shop","isPartOf":{"@id":"https:\/\/www.ivinio.com\/sv\/#website"},"primaryImageOfPage":{"@id":"https:\/\/www.ivinio.com\/sv\/sv-bordeaux\/#primaryimage"},"image":{"@id":"https:\/\/www.ivinio.com\/sv\/sv-bordeaux\/#primaryimage"},"thumbnailUrl":"https:\/\/www.ivinio.com\/wp-content\/uploads\/2021\/07\/bordeaux.jpg","datePublished":"2014-05-30T14:56:03+00:00","dateModified":"2021-11-06T15:52:13+00:00","description":"Vinregionen Bordeaux. L\u00e4s mer om vinregionen Bordeaux med dess olika viner, druvsorter, appellationer och lokala s\u00e4rdrag.","breadcrumb":{"@id":"https:\/\/www.ivinio.com\/sv\/sv-bordeaux\/#breadcrumb"},"inLanguage":"sv-SE","potentialAction":[{"@type":"ReadAction","target":["https:\/\/www.ivinio.com\/sv\/sv-bordeaux\/"]}]},{"@type":"ImageObject","inLanguage":"sv-SE","@id":"https:\/\/www.ivinio.com\/sv\/sv-bordeaux\/#primaryimage","url":"https:\/\/www.ivinio.com\/wp-content\/uploads\/2021\/07\/bordeaux.jpg","contentUrl":"https:\/\/www.ivinio.com\/wp-content\/uploads\/2021\/07\/bordeaux.jpg"},{"@type":"BreadcrumbList","@id":"https:\/\/www.ivinio.com\/sv\/sv-bordeaux\/#breadcrumb","itemListElement":[{"@type":"ListItem","position":1,"name":"Hem","item":"https:\/\/www.ivinio.com\/sv\/"},{"@type":"ListItem","position":2,"name":"Bordeaux"}]},{"@type":"WebSite","@id":"https:\/\/www.ivinio.com\/sv\/#website","url":"https:\/\/www.ivinio.com\/sv\/","name":"IVINIO Wine Shop","description":"French and Italian wines with delivery to your door","publisher":{"@id":"https:\/\/www.ivinio.com\/sv\/#organization"},"potentialAction":[{"@type":"SearchAction","target":{"@type":"EntryPoint","urlTemplate":"https:\/\/www.ivinio.com\/sv\/?s={search_term_string}"},"query-input":{"@type":"PropertyValueSpecification","valueRequired":true,"valueName":"search_term_string"}}],"inLanguage":"sv-SE"},{"@type":"Organization","@id":"https:\/\/www.ivinio.com\/sv\/#organization","name":"IVINIO","url":"https:\/\/www.ivinio.com\/sv\/","logo":{"@type":"ImageObject","inLanguage":"sv-SE","@id":"https:\/\/www.ivinio.com\/sv\/#\/schema\/logo\/image\/","url":"https:\/\/www.ivinio.com\/wp-content\/uploads\/2021\/01\/Logo-Ivinio-v2.jpg","contentUrl":"https:\/\/www.ivinio.com\/wp-content\/uploads\/2021\/01\/Logo-Ivinio-v2.jpg","width":1194,"height":1194,"caption":"IVINIO"},"image":{"@id":"https:\/\/www.ivinio.com\/sv\/#\/schema\/logo\/image\/"},"sameAs":["https:\/\/www.facebook.com\/groups\/165217837022391\/?ref=bookmarks","https:\/\/www.instagram.com\/_ivinio_\/?hl=fr"]}]}},"jetpack_shortlink":"https:\/\/wp.me\/PcK36q-hIy","jetpack_sharing_enabled":true,"_links":{"self":[{"href":"https:\/\/www.ivinio.com\/sv\/wp-json\/wp\/v2\/pages\/68110","targetHints":{"allow":["GET"]}}],"collection":[{"href":"https:\/\/www.ivinio.com\/sv\/wp-json\/wp\/v2\/pages"}],"about":[{"href":"https:\/\/www.ivinio.com\/sv\/wp-json\/wp\/v2\/types\/page"}],"author":[{"embeddable":true,"href":"https:\/\/www.ivinio.com\/sv\/wp-json\/wp\/v2\/users\/1746"}],"replies":[{"embeddable":true,"href":"https:\/\/www.ivinio.com\/sv\/wp-json\/wp\/v2\/comments?post=68110"}],"version-history":[{"count":0,"href":"https:\/\/www.ivinio.com\/sv\/wp-json\/wp\/v2\/pages\/68110\/revisions"}],"wp:attachment":[{"href":"https:\/\/www.ivinio.com\/sv\/wp-json\/wp\/v2\/media?parent=68110"}],"curies":[{"name":"wp","href":"https:\/\/api.w.org\/{rel}","templated":true}]}}