{"id":68107,"date":"2014-05-30T16:53:13","date_gmt":"2014-05-30T14:53:13","guid":{"rendered":"https:\/\/henrik.www.ivinio.com\/?p=68107"},"modified":"2021-11-06T16:33:53","modified_gmt":"2021-11-06T15:33:53","slug":"sv-beaujolais","status":"publish","type":"page","link":"https:\/\/www.ivinio.com\/sv\/sv-beaujolais\/","title":{"rendered":"Beaujolais"},"content":{"rendered":"<p><strong>Vinregionen Beaujolais<\/strong> \u00e4r det sydligaste vindistriktet i Bourgogne och <img decoding=\"async\" class=\"alignright wp-image-127426 lazyload\" data-src=\"https:\/\/www.ivinio.com\/wp-content\/uploads\/2021\/07\/th.jpg\" alt=\"Vinregionen Beaujolais\" width=\"200\" height=\"200\" data-srcset=\"https:\/\/www.ivinio.com\/wp-content\/uploads\/2021\/07\/th.jpg 180w, https:\/\/www.ivinio.com\/wp-content\/uploads\/2021\/07\/th-150x150.jpg 150w, https:\/\/www.ivinio.com\/wp-content\/uploads\/2021\/07\/th-30x30.jpg 30w, https:\/\/www.ivinio.com\/wp-content\/uploads\/2021\/07\/th-100x100.jpg 100w\" data-sizes=\"(max-width: 200px) 100vw, 200px\" src=\"data:image\/gif;base64,R0lGODlhAQABAAAAACH5BAEKAAEALAAAAAABAAEAAAICTAEAOw==\" style=\"--smush-placeholder-width: 200px; --smush-placeholder-aspect-ratio: 200\/200;\" \/>ing\u00e5r egentligen i Bourgognevinerna. Mest k\u00e4nt har nog Beaujolais gjort sig k\u00e4nt f\u00f6r sitt \u00ab Beaujolais Nouveau som sl\u00e4pps i november varje \u00e5r. Lanseringen av Beaujolais-Nouveau \u00e4r n\u00e4stan som ett festligt ny\u00e5rsfirande f\u00f6r vinfantaster runt om i v\u00e4rlden eftersom det \u00e4r det f\u00f6rsta vinet som \u201dringer in\u201d ett nytt \u00e5r till f\u00f6rs\u00e4ljning eftersom Beaujolais Nouveau s\u00e4ljs redan 2 m\u00e5nader efter sk\u00f6rden. Beaujolais \u00e4r dock mycket mer \u00e4n Beaujolais-nouveau. Det finns b\u00e5de vita och r\u00f6da viner som h\u00e5ller h\u00f6g kvalitet. I Beaujolais \u00e4r det <a href=\"https:\/\/www.munskankarna.se\/sv\/nyhetsbrev\/druvor\/gamay\/\">Gamaydruvan<\/a> som h\u00e4rskar. Vad Cabernet Sauvignon \u00e4r f\u00f6r Bordeaux och vad Pinot noir \u00e4r f\u00f6r Bourgogne &#8211; det \u00e4r vad Gamay \u00e4r f\u00f6r vinregionen Beaujolais.<\/p>\n<p>Gamaydruvan ger l\u00e4tta och fruktiga viner som passar utm\u00e4rkt till ap\u00e9ritif och till enklare, kalla r\u00e4tter s\u00e5som charkuterier och ost. Det finns dock undantag som t.ex. Saint-Amour och Moulin-\u00e0-vent som \u00e4r kraftiga och fylliga r\u00f6da viner. Klassifieringen av Beaujolais-vinerna \u00e4r inte speciellt komplicerad. Det finns <strong>2 regionala<\/strong> appellationer (AOP) och 10 kommunala appellationer som f\u00e5tt ett eget namn f\u00f6r att vinets ansetts ha s\u00e4rdrag och h\u00f6g kvalit\u00e9.<\/p>\n<h3>De 2 regionala appelationerna AOP \u00e4r :<\/h3>\n<ol>\n<li><strong>AOP Beaujolais<\/strong> : det \u00e4r namnet p\u00e5 viner fr\u00e5n den s\u00f6dra delen av Beaujolais, den delen som ligger n\u00e4rmast staden Lyon. Ungef\u00e4r h\u00e4lften av den totala Beaujolaisproduktionen kommer h\u00e4rifr\u00e5n och den representerar 75% av Beaujolais-nouveau vinerna. Fr\u00e4mst r\u00f6da och ros\u00e9viner tillverkas, men h\u00e4r finns ocks\u00e5 vitviner framst\u00e4llda av Chardonnaydruvor.<\/li>\n<li><strong>AOP Beaujolais villages<\/strong> : det \u00e4r 38 kommuner i norra Beaujolais som sammanslutit sig f\u00f6r att bilda en egen appellation. \u201dVillages\u201d betyder \u201dbyar\u201d. Vinerna h\u00e4r \u00e4r likartade de kommunala appellationerna som beskrivs nedan.<\/li>\n<li><strong>De 10 kommunala appellationerna<\/strong> : 10 byar i Beaujolais har tilldelats en egen appellation, eller ett eget namn. Det handlar om Brouilly, Ch\u00e9nas, Chiroubles, C\u00f4te-de-Brouilly, Fleurie, Juli\u00e9nas, Morgon, Moulin-\u00e0-vent, R\u00e9gni\u00e9 och Saint-Amour som till sammans ofta kallas &#8220;Crus de Beaujolais&#8221;. Trots att alla dessa \u201ccrus\u201d anv\u00e4nder sig av samma druvsort, Gamay, har vinerna olika aromer beroende p\u00e5 var de kommer ifr\u00e5n.<\/li>\n<\/ol>\n<h3>Nedan beskrivs vad som generellt betraktas vara s\u00e4rdragen f\u00f6r de olika vinerna i vinregionen <a href=\"https:\/\/www.ivinio.com\/fr\/produit\/chateau-de-belleverne-beaujolais-blanc-blanc\/\">Beaujolais<\/a> :<\/h3>\n<ul>\n<li><strong>Juli\u00e9nas<\/strong> : persika<\/li>\n<li><strong>Saint-Amour<\/strong> : f\u00e4rgreseda<\/li>\n<li><strong>Moulin-\u00e0-vent <\/strong>: viol<\/li>\n<li><strong>Ch\u00e9nas<\/strong> : pionblommor<\/li>\n<li><strong>Fleurie<\/strong> : rosor, iris och f\u00e4rgreseda<\/li>\n<li><strong>Morgon<\/strong> : k\u00f6rsb\u00e4r och Sherry<\/li>\n<li><strong>C\u00f4te-de-Brouilly<\/strong> : bl\u00e5b\u00e4r<\/li>\n<li><strong>Brouilly<\/strong> : plommon och vindruvor<\/li>\n<\/ul>\n","protected":false},"excerpt":{"rendered":"<p>Vinregionen Beaujolais \u00e4r det sydligaste vindistriktet i Bourgogne och ing\u00e5r egentligen i Bourgognevinerna. Mest k\u00e4nt har nog Beaujolais gjort sig k\u00e4nt f\u00f6r sitt \u00ab Beaujolais Nouveau som sl\u00e4pps i november varje \u00e5r. Lanseringen av Beaujolais-Nouveau \u00e4r n\u00e4stan som ett festligt ny\u00e5rsfirande f\u00f6r vinfantaster runt om i v\u00e4rlden eftersom det \u00e4r det f\u00f6rsta vinet som \u201dringer [&hellip;]<\/p>\n","protected":false},"author":1746,"featured_media":0,"parent":0,"menu_order":0,"comment_status":"open","ping_status":"closed","template":"","meta":{"_monsterinsights_skip_tracking":false,"_monsterinsights_sitenote_active":false,"_monsterinsights_sitenote_note":"","_monsterinsights_sitenote_category":0,"_uf_show_specific_survey":0,"_uf_disable_surveys":false,"footnotes":""},"class_list":["post-68107","page","type-page","status-publish","hentry"],"yoast_head":"<!-- This site is optimized with the Yoast SEO plugin v27.5 - https:\/\/yoast.com\/product\/yoast-seo-wordpress\/ -->\n<title>Vinregionen Beaujolais - IVINIO Vinbutik<\/title>\n<meta name=\"description\" content=\"Vinregionen Beaujolais. L\u00e4s mer om vinregion Beaujolais med dess viner, druvsorter, appellationer och lokala s\u00e4rdrag.\" \/>\n<meta name=\"robots\" content=\"index, follow, max-snippet:-1, max-image-preview:large, max-video-preview:-1\" \/>\n<link rel=\"canonical\" href=\"https:\/\/www.ivinio.com\/sv\/sv-beaujolais\/\" \/>\n<meta property=\"og:locale\" content=\"sv_SE\" \/>\n<meta property=\"og:type\" content=\"article\" \/>\n<meta property=\"og:title\" content=\"Vinregionen Beaujolais - IVINIO Vinbutik\" \/>\n<meta property=\"og:description\" content=\"Vinregionen Beaujolais. L\u00e4s mer om vinregion Beaujolais med dess viner, druvsorter, appellationer och lokala s\u00e4rdrag.\" \/>\n<meta property=\"og:url\" content=\"https:\/\/www.ivinio.com\/sv\/sv-beaujolais\/\" \/>\n<meta property=\"og:site_name\" content=\"IVINIO Vinbutik\" \/>\n<meta property=\"article:publisher\" content=\"https:\/\/www.facebook.com\/groups\/165217837022391\/?ref=bookmarks\" \/>\n<meta property=\"article:modified_time\" content=\"2021-11-06T15:33:53+00:00\" \/>\n<meta property=\"og:image\" content=\"https:\/\/www.ivinio.com\/wp-content\/uploads\/2021\/07\/th.jpg\" \/>\n<meta name=\"twitter:card\" content=\"summary_large_image\" \/>\n<meta name=\"twitter:label1\" content=\"Ber\u00e4knad l\u00e4stid\" \/>\n\t<meta name=\"twitter:data1\" content=\"2 minuter\" \/>\n<script type=\"application\/ld+json\" class=\"yoast-schema-graph\">{\"@context\":\"https:\\\/\\\/schema.org\",\"@graph\":[{\"@type\":\"WebPage\",\"@id\":\"https:\\\/\\\/www.ivinio.com\\\/sv\\\/sv-beaujolais\\\/\",\"url\":\"https:\\\/\\\/www.ivinio.com\\\/sv\\\/sv-beaujolais\\\/\",\"name\":\"Vinregionen Beaujolais - IVINIO Vinbutik\",\"isPartOf\":{\"@id\":\"https:\\\/\\\/www.ivinio.com\\\/sv\\\/#website\"},\"primaryImageOfPage\":{\"@id\":\"https:\\\/\\\/www.ivinio.com\\\/sv\\\/sv-beaujolais\\\/#primaryimage\"},\"image\":{\"@id\":\"https:\\\/\\\/www.ivinio.com\\\/sv\\\/sv-beaujolais\\\/#primaryimage\"},\"thumbnailUrl\":\"https:\\\/\\\/www.ivinio.com\\\/wp-content\\\/uploads\\\/2021\\\/07\\\/th.jpg\",\"datePublished\":\"2014-05-30T14:53:13+00:00\",\"dateModified\":\"2021-11-06T15:33:53+00:00\",\"description\":\"Vinregionen Beaujolais. L\u00e4s mer om vinregion Beaujolais med dess viner, druvsorter, appellationer och lokala s\u00e4rdrag.\",\"breadcrumb\":{\"@id\":\"https:\\\/\\\/www.ivinio.com\\\/sv\\\/sv-beaujolais\\\/#breadcrumb\"},\"inLanguage\":\"sv-SE\",\"potentialAction\":[{\"@type\":\"ReadAction\",\"target\":[\"https:\\\/\\\/www.ivinio.com\\\/sv\\\/sv-beaujolais\\\/\"]}]},{\"@type\":\"ImageObject\",\"inLanguage\":\"sv-SE\",\"@id\":\"https:\\\/\\\/www.ivinio.com\\\/sv\\\/sv-beaujolais\\\/#primaryimage\",\"url\":\"https:\\\/\\\/www.ivinio.com\\\/wp-content\\\/uploads\\\/2021\\\/07\\\/th.jpg\",\"contentUrl\":\"https:\\\/\\\/www.ivinio.com\\\/wp-content\\\/uploads\\\/2021\\\/07\\\/th.jpg\"},{\"@type\":\"BreadcrumbList\",\"@id\":\"https:\\\/\\\/www.ivinio.com\\\/sv\\\/sv-beaujolais\\\/#breadcrumb\",\"itemListElement\":[{\"@type\":\"ListItem\",\"position\":1,\"name\":\"Hem\",\"item\":\"https:\\\/\\\/www.ivinio.com\\\/sv\\\/\"},{\"@type\":\"ListItem\",\"position\":2,\"name\":\"Beaujolais\"}]},{\"@type\":\"WebSite\",\"@id\":\"https:\\\/\\\/www.ivinio.com\\\/sv\\\/#website\",\"url\":\"https:\\\/\\\/www.ivinio.com\\\/sv\\\/\",\"name\":\"IVINIO Vinbutik\",\"description\":\"Vin fr\u00e5n Frankrike och Italien med leverans hem till din d\u00f6rr\",\"publisher\":{\"@id\":\"https:\\\/\\\/www.ivinio.com\\\/sv\\\/#organization\"},\"potentialAction\":[{\"@type\":\"SearchAction\",\"target\":{\"@type\":\"EntryPoint\",\"urlTemplate\":\"https:\\\/\\\/www.ivinio.com\\\/sv\\\/?s={search_term_string}\"},\"query-input\":{\"@type\":\"PropertyValueSpecification\",\"valueRequired\":true,\"valueName\":\"search_term_string\"}}],\"inLanguage\":\"sv-SE\"},{\"@type\":\"Organization\",\"@id\":\"https:\\\/\\\/www.ivinio.com\\\/sv\\\/#organization\",\"name\":\"IVINIO\",\"url\":\"https:\\\/\\\/www.ivinio.com\\\/sv\\\/\",\"logo\":{\"@type\":\"ImageObject\",\"inLanguage\":\"sv-SE\",\"@id\":\"https:\\\/\\\/www.ivinio.com\\\/sv\\\/#\\\/schema\\\/logo\\\/image\\\/\",\"url\":\"https:\\\/\\\/www.ivinio.com\\\/wp-content\\\/uploads\\\/2021\\\/01\\\/Logo-Ivinio-v2.jpg\",\"contentUrl\":\"https:\\\/\\\/www.ivinio.com\\\/wp-content\\\/uploads\\\/2021\\\/01\\\/Logo-Ivinio-v2.jpg\",\"width\":1194,\"height\":1194,\"caption\":\"IVINIO\"},\"image\":{\"@id\":\"https:\\\/\\\/www.ivinio.com\\\/sv\\\/#\\\/schema\\\/logo\\\/image\\\/\"},\"sameAs\":[\"https:\\\/\\\/www.facebook.com\\\/groups\\\/165217837022391\\\/?ref=bookmarks\",\"https:\\\/\\\/www.instagram.com\\\/_ivinio_\\\/?hl=fr\"]}]}<\/script>\n<!-- \/ Yoast SEO plugin. -->","yoast_head_json":{"title":"Vinregionen Beaujolais - IVINIO Vinbutik","description":"Vinregionen Beaujolais. L\u00e4s mer om vinregion Beaujolais med dess viner, druvsorter, appellationer och lokala s\u00e4rdrag.","robots":{"index":"index","follow":"follow","max-snippet":"max-snippet:-1","max-image-preview":"max-image-preview:large","max-video-preview":"max-video-preview:-1"},"canonical":"https:\/\/www.ivinio.com\/sv\/sv-beaujolais\/","og_locale":"sv_SE","og_type":"article","og_title":"Vinregionen Beaujolais - IVINIO Vinbutik","og_description":"Vinregionen Beaujolais. L\u00e4s mer om vinregion Beaujolais med dess viner, druvsorter, appellationer och lokala s\u00e4rdrag.","og_url":"https:\/\/www.ivinio.com\/sv\/sv-beaujolais\/","og_site_name":"IVINIO Vinbutik","article_publisher":"https:\/\/www.facebook.com\/groups\/165217837022391\/?ref=bookmarks","article_modified_time":"2021-11-06T15:33:53+00:00","og_image":[{"url":"https:\/\/www.ivinio.com\/wp-content\/uploads\/2021\/07\/th.jpg","type":"","width":"","height":""}],"twitter_card":"summary_large_image","twitter_misc":{"Ber\u00e4knad l\u00e4stid":"2 minuter"},"schema":{"@context":"https:\/\/schema.org","@graph":[{"@type":"WebPage","@id":"https:\/\/www.ivinio.com\/sv\/sv-beaujolais\/","url":"https:\/\/www.ivinio.com\/sv\/sv-beaujolais\/","name":"Vinregionen Beaujolais - IVINIO Vinbutik","isPartOf":{"@id":"https:\/\/www.ivinio.com\/sv\/#website"},"primaryImageOfPage":{"@id":"https:\/\/www.ivinio.com\/sv\/sv-beaujolais\/#primaryimage"},"image":{"@id":"https:\/\/www.ivinio.com\/sv\/sv-beaujolais\/#primaryimage"},"thumbnailUrl":"https:\/\/www.ivinio.com\/wp-content\/uploads\/2021\/07\/th.jpg","datePublished":"2014-05-30T14:53:13+00:00","dateModified":"2021-11-06T15:33:53+00:00","description":"Vinregionen Beaujolais. L\u00e4s mer om vinregion Beaujolais med dess viner, druvsorter, appellationer och lokala s\u00e4rdrag.","breadcrumb":{"@id":"https:\/\/www.ivinio.com\/sv\/sv-beaujolais\/#breadcrumb"},"inLanguage":"sv-SE","potentialAction":[{"@type":"ReadAction","target":["https:\/\/www.ivinio.com\/sv\/sv-beaujolais\/"]}]},{"@type":"ImageObject","inLanguage":"sv-SE","@id":"https:\/\/www.ivinio.com\/sv\/sv-beaujolais\/#primaryimage","url":"https:\/\/www.ivinio.com\/wp-content\/uploads\/2021\/07\/th.jpg","contentUrl":"https:\/\/www.ivinio.com\/wp-content\/uploads\/2021\/07\/th.jpg"},{"@type":"BreadcrumbList","@id":"https:\/\/www.ivinio.com\/sv\/sv-beaujolais\/#breadcrumb","itemListElement":[{"@type":"ListItem","position":1,"name":"Hem","item":"https:\/\/www.ivinio.com\/sv\/"},{"@type":"ListItem","position":2,"name":"Beaujolais"}]},{"@type":"WebSite","@id":"https:\/\/www.ivinio.com\/sv\/#website","url":"https:\/\/www.ivinio.com\/sv\/","name":"IVINIO Vinbutik","description":"Vin fr\u00e5n Frankrike och Italien med leverans hem till din d\u00f6rr","publisher":{"@id":"https:\/\/www.ivinio.com\/sv\/#organization"},"potentialAction":[{"@type":"SearchAction","target":{"@type":"EntryPoint","urlTemplate":"https:\/\/www.ivinio.com\/sv\/?s={search_term_string}"},"query-input":{"@type":"PropertyValueSpecification","valueRequired":true,"valueName":"search_term_string"}}],"inLanguage":"sv-SE"},{"@type":"Organization","@id":"https:\/\/www.ivinio.com\/sv\/#organization","name":"IVINIO","url":"https:\/\/www.ivinio.com\/sv\/","logo":{"@type":"ImageObject","inLanguage":"sv-SE","@id":"https:\/\/www.ivinio.com\/sv\/#\/schema\/logo\/image\/","url":"https:\/\/www.ivinio.com\/wp-content\/uploads\/2021\/01\/Logo-Ivinio-v2.jpg","contentUrl":"https:\/\/www.ivinio.com\/wp-content\/uploads\/2021\/01\/Logo-Ivinio-v2.jpg","width":1194,"height":1194,"caption":"IVINIO"},"image":{"@id":"https:\/\/www.ivinio.com\/sv\/#\/schema\/logo\/image\/"},"sameAs":["https:\/\/www.facebook.com\/groups\/165217837022391\/?ref=bookmarks","https:\/\/www.instagram.com\/_ivinio_\/?hl=fr"]}]}},"jetpack_shortlink":"https:\/\/wp.me\/PcK36q-hIv","jetpack_sharing_enabled":true,"_links":{"self":[{"href":"https:\/\/www.ivinio.com\/sv\/wp-json\/wp\/v2\/pages\/68107","targetHints":{"allow":["GET"]}}],"collection":[{"href":"https:\/\/www.ivinio.com\/sv\/wp-json\/wp\/v2\/pages"}],"about":[{"href":"https:\/\/www.ivinio.com\/sv\/wp-json\/wp\/v2\/types\/page"}],"author":[{"embeddable":true,"href":"https:\/\/www.ivinio.com\/sv\/wp-json\/wp\/v2\/users\/1746"}],"replies":[{"embeddable":true,"href":"https:\/\/www.ivinio.com\/sv\/wp-json\/wp\/v2\/comments?post=68107"}],"version-history":[{"count":0,"href":"https:\/\/www.ivinio.com\/sv\/wp-json\/wp\/v2\/pages\/68107\/revisions"}],"wp:attachment":[{"href":"https:\/\/www.ivinio.com\/sv\/wp-json\/wp\/v2\/media?parent=68107"}],"curies":[{"name":"wp","href":"https:\/\/api.w.org\/{rel}","templated":true}]}}