{"id":68104,"date":"2014-05-30T16:48:16","date_gmt":"2014-05-30T14:48:16","guid":{"rendered":"https:\/\/henrik.www.ivinio.com\/?p=68104"},"modified":"2023-07-06T18:20:26","modified_gmt":"2023-07-06T16:20:26","slug":"sv-alsace","status":"publish","type":"page","link":"https:\/\/www.ivinio.com\/sv\/sv-alsace\/","title":{"rendered":"Vinregion Alsace"},"content":{"rendered":"<h1>Vinregionen Alsace<\/h1>\n<p>&nbsp;<\/p>\n<p>Kullarna som ligger exponerade l\u00e4ngs med floderna i Europa brukar skapa f\u00f6rn\u00e4ma f\u00f6ruts\u00e4ttningar f\u00f6r vinodling. Det visste man redan p\u00e5 romartiden och s\u00e5 \u00e4r fallet ocks\u00e5 i Rhendalen.<\/p>\n<p>Fr\u00e5n Konstanssj\u00f6n p\u00e5 gr\u00e4nsen mellan Tyskland, Schweiz och \u00d6sterrike brer vinodlingarna ut sig p\u00e5 b\u00e5da sidor av floden utan n\u00e5got st\u00f6rre avbrott \u00e4nda till Bonn. Vi befinner oss mitt i Europa d\u00e4r folk fr\u00e5n olika l\u00e4nder, fr\u00e5n olika kulturer str\u00e4vat f\u00f6r en och samma sak; att bruka sin jord och framst\u00e4lla vin. Alsace som vinregion \u00e4r inget undantag.<br \/>\nFr\u00e5n Strasbourg i norr till Thann bredvid Mulhouse i syd l\u00f6per de Alsaciska ving\u00e5rdarna. Vinterrasserna p\u00e5 den v\u00e4stra sidan om Rhen \u00e4r b\u00e5de klimatm\u00e4ssigt skyddade fr\u00e5n Atlantvindar i v\u00e4st och v\u00e4lexponerade mot sol.<br \/>\n<strong>Alsace som vinregion \u00e4r framf\u00f6r allt k\u00e4nt f\u00f6r sina vita viner<\/strong>. 80 % av den totala produktionen \u00e4r torra vilket \u00e4r f\u00f6rv\u00e5nadsv\u00e4rt med tanke p\u00e5 de s\u00f6ta vinernas goda rykte. Mognadsprocessen f\u00f6r druvorna \u00e4r l\u00e5ngsammare \u00e4n i sydligare regioner. Detta fr\u00e4mjar utvecklingen av druvans aromatiska egenskaper.<\/p>\n<p>Dessutom anv\u00e4nder man i Alsace specifika druvsorter som ofta \u00e4r mycket karakt\u00e4rsstarka.<br \/>\n<strong>I <a href=\"https:\/\/www.vinsalsace.com\/fr\/\">Alsace<\/a> namnges vinerna, till skillnad fr\u00e5n resten av Frankrike, efter den druvsort som anv\u00e4nts.<\/strong> I \u00f6vriga Frankrike d\u00e4remot, namnges vinet i regel efter en geografisk plats.<\/p>\n<p><strong>Gewurtztraminer, Riesling och Sylvaner<\/strong> \u00e4r alla namnen p\u00e5 druvsorter. Sk\u00f6rden sker som sagt senare \u00e4n i andra regioner, ofta i oktober. Det framst\u00e4lls ocks\u00e5 \u201dVendanges tardives\u201d, Alsaces svar p\u00e5 det tyska \u201dEiswein\u201d. Det \u00e4r viner framst\u00e4llda p\u00e5 sent plockade, n\u00e4sta \u00f6vermogna druvor.<br \/>\nAnledningen till att man v\u00e4ntar med sk\u00f6rden \u00e4r att man vill f\u00e5 en s\u00e5 h\u00f6g s\u00f6tma som m\u00f6jligt f\u00f6r att kunna framst\u00e4lla s\u00f6ta vita viner med stor finess.<\/p>\n<p><img decoding=\"async\" class=\"alignleft wp-image-127415 size-full lazyload\" data-src=\"https:\/\/www.ivinio.com\/wp-content\/uploads\/2021\/07\/telechargement-1.jpg\" alt=\"Alsace som vinregion\" width=\"404\" height=\"267\" data-srcset=\"https:\/\/www.ivinio.com\/wp-content\/uploads\/2021\/07\/telechargement-1.jpg 404w, https:\/\/www.ivinio.com\/wp-content\/uploads\/2021\/07\/telechargement-1-300x198.jpg 300w\" data-sizes=\"(max-width: 404px) 100vw, 404px\" src=\"data:image\/gif;base64,R0lGODlhAQABAAAAACH5BAEKAAEALAAAAAABAAEAAAICTAEAOw==\" style=\"--smush-placeholder-width: 404px; --smush-placeholder-aspect-ratio: 404\/267;\" \/>Generellt anses det att vita Alsaceviner ska drickas unga. <strong>Riesling, Gewurtztraminer och Pinot gris<\/strong> kan dock med f\u00f6rdel lagras ett par \u00e5r, speciellt om det g\u00e4ller s\u00f6ta Riesling- eller Gewurtztraminerviner som klassas \u201dGrand cru\u201d.<\/p>\n<h2>Druvsorter i Alsace<\/h2>\n<p>I Alsace anv\u00e4nds <strong>12 druvsorter. Gewurtztraminer, Riesling, Pinot gris, Vit och rosa Muscat, Muscat ottonel, Pinot blanc, Auxerrois blanc, Pinot noir, Sylvaner, Vit och rosa Chasselas.<\/strong><\/p>\n<p><strong>H\u00e4r <\/strong>tillverkas ocks\u00e5 det mousserande vinet <strong>\u201d<a href=\"https:\/\/fr.wikipedia.org\/wiki\/Cr%C3%A9mant-d%27alsace\">Cr\u00e9mant d\u2019Alsace<\/a>\u201d <\/strong>som \u00e4r v\u00e4l v\u00e4rt att l\u00e4gga p\u00e5 minnet. I m\u00e5nga fall \u00e4r det ett mycket bra och prisv\u00e4rt alternativ till riktig Champagne.<\/p>\n<p>Ungef\u00e4r 20% av Alsace som vinregion utg\u00f6rs av mousserande vin.<\/p>\n<h2>Klassiefieringen av Alsace-viner<\/h2>\n<p>Klassifieringen av alsacevinerna \u00e4r enkel och liknar p\u00e5 s\u00e4tt och vis den som finns i Bourgogne :<\/p>\n<ul>\n<li><strong>AOP Cr\u00e9mant d\u2019Alsace : <\/strong>det \u00e4r mousserande viner som framst\u00e4llts genom den klassiska metoden p\u00e5 samma s\u00e4tt som i Champagne.<\/li>\n<li><strong><a href=\"https:\/\/www.ivinio.com\/fr\/categorie-produit\/vins-francais\/fr-alsace\/\">AOP Alsace<\/a> :<\/strong> det \u00e4r namnet p\u00e5 baskategorin av AOP-viner. Namnet p\u00e5 druvsorten som vinet tillverkats av l\u00e4ggs ofta till p\u00e5 ettiketten (Gewurtztraminer, Riesling, Sylvaner&#8230;).<\/li>\n<li><strong>AOP Alsace Grand cru :<\/strong> som f\u00f6r AOP Alsace skrivs druvsorten som anv\u00e4nts, men som i Bourgogne skrivs \u00e4ven namnet p\u00e5 \u201dklimatet\u201d eller jordlotten som vindruvorna kommer ifr\u00e5n. Oftast \u00e4r det fr\u00e5gan om viner som gjorts av druvor fr\u00e5n de b\u00e4st exponerade jordlotterna med mest sol. Det finns 51 Grands crus i Alsace mest framst\u00e4llda av Riesling och Gewurtztraminer.<\/li>\n<\/ul>\n","protected":false},"excerpt":{"rendered":"<p>Vinregionen Alsace &nbsp; Kullarna som ligger exponerade l\u00e4ngs med floderna i Europa brukar skapa f\u00f6rn\u00e4ma f\u00f6ruts\u00e4ttningar f\u00f6r vinodling. Det visste man redan p\u00e5 romartiden och s\u00e5 \u00e4r fallet ocks\u00e5 i Rhendalen. Fr\u00e5n Konstanssj\u00f6n p\u00e5 gr\u00e4nsen mellan Tyskland, Schweiz och \u00d6sterrike brer vinodlingarna ut sig p\u00e5 b\u00e5da sidor av floden utan n\u00e5got st\u00f6rre avbrott \u00e4nda till [&hellip;]<\/p>\n","protected":false},"author":1746,"featured_media":0,"parent":0,"menu_order":0,"comment_status":"open","ping_status":"closed","template":"","meta":{"_monsterinsights_skip_tracking":false,"_monsterinsights_sitenote_active":false,"_monsterinsights_sitenote_note":"","_monsterinsights_sitenote_category":0,"_uf_show_specific_survey":0,"_uf_disable_surveys":false,"footnotes":""},"class_list":["post-68104","page","type-page","status-publish","hentry"],"yoast_head":"<!-- This site is optimized with the Yoast SEO plugin v27.4 - https:\/\/yoast.com\/product\/yoast-seo-wordpress\/ -->\n<title>Alsace som vinregion - IVINIO Vinbutik<\/title>\n<meta name=\"description\" content=\"Alsace som vinregion. L\u00e4s mer om Alsace som vin region med sina viner, druvsorter, olika appellationer samt lokala s\u00e4rdrag.\" \/>\n<meta name=\"robots\" content=\"index, follow, max-snippet:-1, max-image-preview:large, max-video-preview:-1\" \/>\n<link rel=\"canonical\" href=\"https:\/\/www.ivinio.com\/sv\/sv-alsace\/\" \/>\n<meta property=\"og:locale\" content=\"sv_SE\" \/>\n<meta property=\"og:type\" content=\"article\" \/>\n<meta property=\"og:title\" content=\"Alsace som vinregion - IVINIO Vinbutik\" \/>\n<meta property=\"og:description\" content=\"Alsace som vinregion. L\u00e4s mer om Alsace som vin region med sina viner, druvsorter, olika appellationer samt lokala s\u00e4rdrag.\" \/>\n<meta property=\"og:url\" content=\"https:\/\/www.ivinio.com\/sv\/sv-alsace\/\" \/>\n<meta property=\"og:site_name\" content=\"IVINIO Vinbutik\" \/>\n<meta property=\"article:publisher\" content=\"https:\/\/www.facebook.com\/groups\/165217837022391\/?ref=bookmarks\" \/>\n<meta property=\"article:modified_time\" content=\"2023-07-06T16:20:26+00:00\" \/>\n<meta property=\"og:image\" content=\"https:\/\/www.ivinio.com\/wp-content\/uploads\/2021\/07\/telechargement-1.jpg\" \/>\n<meta name=\"twitter:card\" content=\"summary_large_image\" \/>\n<meta name=\"twitter:label1\" content=\"Ber\u00e4knad l\u00e4stid\" \/>\n\t<meta name=\"twitter:data1\" content=\"3 minuter\" \/>\n<script type=\"application\/ld+json\" class=\"yoast-schema-graph\">{\"@context\":\"https:\\\/\\\/schema.org\",\"@graph\":[{\"@type\":\"WebPage\",\"@id\":\"https:\\\/\\\/www.ivinio.com\\\/sv\\\/sv-alsace\\\/\",\"url\":\"https:\\\/\\\/www.ivinio.com\\\/sv\\\/sv-alsace\\\/\",\"name\":\"Alsace som vinregion - IVINIO Vinbutik\",\"isPartOf\":{\"@id\":\"https:\\\/\\\/www.ivinio.com\\\/sv\\\/#website\"},\"primaryImageOfPage\":{\"@id\":\"https:\\\/\\\/www.ivinio.com\\\/sv\\\/sv-alsace\\\/#primaryimage\"},\"image\":{\"@id\":\"https:\\\/\\\/www.ivinio.com\\\/sv\\\/sv-alsace\\\/#primaryimage\"},\"thumbnailUrl\":\"https:\\\/\\\/www.ivinio.com\\\/wp-content\\\/uploads\\\/2021\\\/07\\\/telechargement-1.jpg\",\"datePublished\":\"2014-05-30T14:48:16+00:00\",\"dateModified\":\"2023-07-06T16:20:26+00:00\",\"description\":\"Alsace som vinregion. L\u00e4s mer om Alsace som vin region med sina viner, druvsorter, olika appellationer samt lokala s\u00e4rdrag.\",\"breadcrumb\":{\"@id\":\"https:\\\/\\\/www.ivinio.com\\\/sv\\\/sv-alsace\\\/#breadcrumb\"},\"inLanguage\":\"sv-SE\",\"potentialAction\":[{\"@type\":\"ReadAction\",\"target\":[\"https:\\\/\\\/www.ivinio.com\\\/sv\\\/sv-alsace\\\/\"]}]},{\"@type\":\"ImageObject\",\"inLanguage\":\"sv-SE\",\"@id\":\"https:\\\/\\\/www.ivinio.com\\\/sv\\\/sv-alsace\\\/#primaryimage\",\"url\":\"https:\\\/\\\/www.ivinio.com\\\/wp-content\\\/uploads\\\/2021\\\/07\\\/telechargement-1.jpg\",\"contentUrl\":\"https:\\\/\\\/www.ivinio.com\\\/wp-content\\\/uploads\\\/2021\\\/07\\\/telechargement-1.jpg\"},{\"@type\":\"BreadcrumbList\",\"@id\":\"https:\\\/\\\/www.ivinio.com\\\/sv\\\/sv-alsace\\\/#breadcrumb\",\"itemListElement\":[{\"@type\":\"ListItem\",\"position\":1,\"name\":\"Hem\",\"item\":\"https:\\\/\\\/www.ivinio.com\\\/sv\\\/\"},{\"@type\":\"ListItem\",\"position\":2,\"name\":\"Vinregion Alsace\"}]},{\"@type\":\"WebSite\",\"@id\":\"https:\\\/\\\/www.ivinio.com\\\/sv\\\/#website\",\"url\":\"https:\\\/\\\/www.ivinio.com\\\/sv\\\/\",\"name\":\"IVINIO Vinbutik\",\"description\":\"Vin fr\u00e5n Frankrike och Italien med leverans hem till din d\u00f6rr\",\"publisher\":{\"@id\":\"https:\\\/\\\/www.ivinio.com\\\/sv\\\/#organization\"},\"potentialAction\":[{\"@type\":\"SearchAction\",\"target\":{\"@type\":\"EntryPoint\",\"urlTemplate\":\"https:\\\/\\\/www.ivinio.com\\\/sv\\\/?s={search_term_string}\"},\"query-input\":{\"@type\":\"PropertyValueSpecification\",\"valueRequired\":true,\"valueName\":\"search_term_string\"}}],\"inLanguage\":\"sv-SE\"},{\"@type\":\"Organization\",\"@id\":\"https:\\\/\\\/www.ivinio.com\\\/sv\\\/#organization\",\"name\":\"IVINIO\",\"url\":\"https:\\\/\\\/www.ivinio.com\\\/sv\\\/\",\"logo\":{\"@type\":\"ImageObject\",\"inLanguage\":\"sv-SE\",\"@id\":\"https:\\\/\\\/www.ivinio.com\\\/sv\\\/#\\\/schema\\\/logo\\\/image\\\/\",\"url\":\"https:\\\/\\\/www.ivinio.com\\\/wp-content\\\/uploads\\\/2021\\\/01\\\/Logo-Ivinio-v2.jpg\",\"contentUrl\":\"https:\\\/\\\/www.ivinio.com\\\/wp-content\\\/uploads\\\/2021\\\/01\\\/Logo-Ivinio-v2.jpg\",\"width\":1194,\"height\":1194,\"caption\":\"IVINIO\"},\"image\":{\"@id\":\"https:\\\/\\\/www.ivinio.com\\\/sv\\\/#\\\/schema\\\/logo\\\/image\\\/\"},\"sameAs\":[\"https:\\\/\\\/www.facebook.com\\\/groups\\\/165217837022391\\\/?ref=bookmarks\",\"https:\\\/\\\/www.instagram.com\\\/_ivinio_\\\/?hl=fr\"]}]}<\/script>\n<!-- \/ Yoast SEO plugin. -->","yoast_head_json":{"title":"Alsace som vinregion - IVINIO Vinbutik","description":"Alsace som vinregion. L\u00e4s mer om Alsace som vin region med sina viner, druvsorter, olika appellationer samt lokala s\u00e4rdrag.","robots":{"index":"index","follow":"follow","max-snippet":"max-snippet:-1","max-image-preview":"max-image-preview:large","max-video-preview":"max-video-preview:-1"},"canonical":"https:\/\/www.ivinio.com\/sv\/sv-alsace\/","og_locale":"sv_SE","og_type":"article","og_title":"Alsace som vinregion - IVINIO Vinbutik","og_description":"Alsace som vinregion. L\u00e4s mer om Alsace som vin region med sina viner, druvsorter, olika appellationer samt lokala s\u00e4rdrag.","og_url":"https:\/\/www.ivinio.com\/sv\/sv-alsace\/","og_site_name":"IVINIO Vinbutik","article_publisher":"https:\/\/www.facebook.com\/groups\/165217837022391\/?ref=bookmarks","article_modified_time":"2023-07-06T16:20:26+00:00","og_image":[{"url":"https:\/\/www.ivinio.com\/wp-content\/uploads\/2021\/07\/telechargement-1.jpg","type":"","width":"","height":""}],"twitter_card":"summary_large_image","twitter_misc":{"Ber\u00e4knad l\u00e4stid":"3 minuter"},"schema":{"@context":"https:\/\/schema.org","@graph":[{"@type":"WebPage","@id":"https:\/\/www.ivinio.com\/sv\/sv-alsace\/","url":"https:\/\/www.ivinio.com\/sv\/sv-alsace\/","name":"Alsace som vinregion - IVINIO Vinbutik","isPartOf":{"@id":"https:\/\/www.ivinio.com\/sv\/#website"},"primaryImageOfPage":{"@id":"https:\/\/www.ivinio.com\/sv\/sv-alsace\/#primaryimage"},"image":{"@id":"https:\/\/www.ivinio.com\/sv\/sv-alsace\/#primaryimage"},"thumbnailUrl":"https:\/\/www.ivinio.com\/wp-content\/uploads\/2021\/07\/telechargement-1.jpg","datePublished":"2014-05-30T14:48:16+00:00","dateModified":"2023-07-06T16:20:26+00:00","description":"Alsace som vinregion. L\u00e4s mer om Alsace som vin region med sina viner, druvsorter, olika appellationer samt lokala s\u00e4rdrag.","breadcrumb":{"@id":"https:\/\/www.ivinio.com\/sv\/sv-alsace\/#breadcrumb"},"inLanguage":"sv-SE","potentialAction":[{"@type":"ReadAction","target":["https:\/\/www.ivinio.com\/sv\/sv-alsace\/"]}]},{"@type":"ImageObject","inLanguage":"sv-SE","@id":"https:\/\/www.ivinio.com\/sv\/sv-alsace\/#primaryimage","url":"https:\/\/www.ivinio.com\/wp-content\/uploads\/2021\/07\/telechargement-1.jpg","contentUrl":"https:\/\/www.ivinio.com\/wp-content\/uploads\/2021\/07\/telechargement-1.jpg"},{"@type":"BreadcrumbList","@id":"https:\/\/www.ivinio.com\/sv\/sv-alsace\/#breadcrumb","itemListElement":[{"@type":"ListItem","position":1,"name":"Hem","item":"https:\/\/www.ivinio.com\/sv\/"},{"@type":"ListItem","position":2,"name":"Vinregion Alsace"}]},{"@type":"WebSite","@id":"https:\/\/www.ivinio.com\/sv\/#website","url":"https:\/\/www.ivinio.com\/sv\/","name":"IVINIO Vinbutik","description":"Vin fr\u00e5n Frankrike och Italien med leverans hem till din d\u00f6rr","publisher":{"@id":"https:\/\/www.ivinio.com\/sv\/#organization"},"potentialAction":[{"@type":"SearchAction","target":{"@type":"EntryPoint","urlTemplate":"https:\/\/www.ivinio.com\/sv\/?s={search_term_string}"},"query-input":{"@type":"PropertyValueSpecification","valueRequired":true,"valueName":"search_term_string"}}],"inLanguage":"sv-SE"},{"@type":"Organization","@id":"https:\/\/www.ivinio.com\/sv\/#organization","name":"IVINIO","url":"https:\/\/www.ivinio.com\/sv\/","logo":{"@type":"ImageObject","inLanguage":"sv-SE","@id":"https:\/\/www.ivinio.com\/sv\/#\/schema\/logo\/image\/","url":"https:\/\/www.ivinio.com\/wp-content\/uploads\/2021\/01\/Logo-Ivinio-v2.jpg","contentUrl":"https:\/\/www.ivinio.com\/wp-content\/uploads\/2021\/01\/Logo-Ivinio-v2.jpg","width":1194,"height":1194,"caption":"IVINIO"},"image":{"@id":"https:\/\/www.ivinio.com\/sv\/#\/schema\/logo\/image\/"},"sameAs":["https:\/\/www.facebook.com\/groups\/165217837022391\/?ref=bookmarks","https:\/\/www.instagram.com\/_ivinio_\/?hl=fr"]}]}},"jetpack_shortlink":"https:\/\/wp.me\/PcK36q-hIs","jetpack_sharing_enabled":true,"_links":{"self":[{"href":"https:\/\/www.ivinio.com\/sv\/wp-json\/wp\/v2\/pages\/68104","targetHints":{"allow":["GET"]}}],"collection":[{"href":"https:\/\/www.ivinio.com\/sv\/wp-json\/wp\/v2\/pages"}],"about":[{"href":"https:\/\/www.ivinio.com\/sv\/wp-json\/wp\/v2\/types\/page"}],"author":[{"embeddable":true,"href":"https:\/\/www.ivinio.com\/sv\/wp-json\/wp\/v2\/users\/1746"}],"replies":[{"embeddable":true,"href":"https:\/\/www.ivinio.com\/sv\/wp-json\/wp\/v2\/comments?post=68104"}],"version-history":[{"count":0,"href":"https:\/\/www.ivinio.com\/sv\/wp-json\/wp\/v2\/pages\/68104\/revisions"}],"wp:attachment":[{"href":"https:\/\/www.ivinio.com\/sv\/wp-json\/wp\/v2\/media?parent=68104"}],"curies":[{"name":"wp","href":"https:\/\/api.w.org\/{rel}","templated":true}]}}