{"id":68098,"date":"2014-05-30T16:35:47","date_gmt":"2014-05-30T16:35:47","guid":{"rendered":"https:\/\/henrik.www.ivinio.com\/?p=68098"},"modified":"2023-05-17T16:32:09","modified_gmt":"2023-05-17T14:32:09","slug":"forsaljningsvillkor","status":"publish","type":"page","link":"https:\/\/www.ivinio.com\/sv\/forsaljningsvillkor\/","title":{"rendered":"F\u00f6rs\u00e4ljningsvillkor"},"content":{"rendered":"<h2>Priser<\/h2>\n<p>V\u00e5ra priser \u00e4r angivna i svenska kronor (SEK). De inneh\u00e5ller svensk alkoholskatt, samt svensk moms.<\/p>\n<h2>Till\u00e4mplighet<\/h2>\n<p>Dessa k\u00f6pevillkor \u00e4r till\u00e4mpliga d\u00e4rest svensk eller annan tvingande lag ej f\u00f6reskriver villkor som \u00e4r i konflikt med dessa. F\u00f6r privatkonsumenter g\u00e4ller konsumentk\u00f6plagen samt Distansavtalslagen som \u00e4ven innefattar skydd f\u00f6r SAS IVINIO\u00a0(www.ivinio.com).<\/p>\n<p>Mer information h\u00e4rom finns p\u00e5 Konsumentverkets hemsida,\u00a0<a href=\"http:\/\/www.kov.se\/\">http:\/\/www.kov.se\/<\/a>.<\/p>\n<h2>Best\u00e4llning<\/h2>\n<p>Best\u00e4llaren m\u00e5ste vara 20 \u00e5r fyllda enligt lag om f\u00f6rs\u00e4ljning av alkoholhaltiga drycker. Best\u00e4llning som g\u00f6rs i annan persons namn utan dennes medgivande, eller som p\u00e5 annat s\u00e4tt medf\u00f6r, att SAS IVINIO\u00a0(www.ivinio.com) lider ekonomisk skada, polisanm\u00e4ls. All bildinformation skall ses som illustrationer och garanteras ej \u00e5terge exakt utseende och beskaffenhet.<\/p>\n<h2>Kortbetalning<\/h2>\n<p>Alkoholskatt och moms ing\u00e5r i alla priser, men fraktkostnad tillkommer i f\u00f6rekommande fall. Vi anv\u00e4nder Stripe payments som \u00e4r en PCI Service Provider Level 1, vilket \u00e4r den h\u00f6gsta graden av betalningshanteringss\u00e4kerhet. Betalning kan g\u00f6ras med Visa och MasterCard och American Express.<\/p>\n<p>Vid f\u00f6rs\u00e4ljning via konto-\/kreditkort b\u00f6rjar villkoren g\u00e4lla s\u00e5 snart korttransaktionen har godk\u00e4nts. Ingen extra avgift utg\u00e5r f\u00f6r kortbetalning.<\/p>\n<p>SAS IVINIO\u00a0(www.ivinio.com) reserverar sig f\u00f6r eventuella pris\u00e4ndringar och f\u00f6r att erbjuden vara blivit sluts\u00e5ld. D\u00e5 i s\u00e5dant fall f\u00f6rs\u00e4ljningen inte kan komma till st\u00e5nd skall erlagd k\u00f6peskilling \u00e5terbetalas. N\u00e5gon skadeers\u00e4ttning utg\u00e5r ej.<\/p>\n<h2>Direktbetalning till bank med Paypal<\/h2>\n<p>Betalning sker enkelt och s\u00e4kert med Paypal. \u00c4ven om du inte har ett Paypalkonto sedan tidigare kan du snabbt g\u00f6ra transaktionen via Paypal. Paypal samarbetar med VISA, MasterCard samt alla svenska banker som erbjuder direktbetalningar, Swedbank, Handelsbanken, SEB och Nordea.<\/p>\n<p>Paypal h\u00e5ller h\u00f6ga s\u00e4kerhetskrav och \u00e4r PCI-certifierade. All trafik krypteras genom SSL 128 bitar och alla kort\u00f6verf\u00f6ringar bygger p\u00e5 bankernas s\u00e5 kallade 3D-secure teknik.<\/p>\n<h2>Fraktpriser<\/h2>\n<p>F\u00f6r att se fraktkostnaden f\u00f6r en produkt l\u00e4gger du den i kundvagnen och g\u00e5r till kassan. Kostaden f\u00f6r frakt beror p\u00e5 vikten. Du har sj\u00e4lv valet, beroende p\u00e5 \u00f6nskat pris och leveranstid, att anv\u00e4nda standardleverans (vi\u00a0v\u00e4ljer den f\u00f6r dig b\u00e4sta och ekonomiska\u00a0transport\u00f6ren till just\u00a0din adress).<\/p>\n<h2>Leverans och avbest\u00e4llning<\/h2>\n<p>Best\u00e4llningar mottagna m\u00e5ndag till torsdag kommer att behandlas f\u00f6ljande morgon f\u00f6r leverans inom 2-3 arbetsdagar. Best\u00e4llningar mottagna p\u00e5 fredagar, l\u00f6rdagar och s\u00f6ndagar kommer att behandlas p\u00e5f\u00f6ljande m\u00e5ndag. I de fall inkommande leveranser inv\u00e4ntas fr\u00e5n en leverant\u00f6r f\u00f6r en best\u00e4lld vara, kan ytterligare n\u00e5gra dagars behandlingstid uppst\u00e5.<\/p>\n<p>I fall d\u00e4r kunden anser att leverans dr\u00f6jer p\u00e5 s\u00e5dant s\u00e4tt att denne ej l\u00e4ngre \u00f6nskar leverans av best\u00e4llning, \u00e4r det kundens ansvar att best\u00e4llningen avbest\u00e4lles i enlighet med SAS IVINIO\u00a0(www.ivinio.com) k\u00f6pevillkor. Avbest\u00e4llning efter det att best\u00e4llning blivit expedierad \u00e4r ej m\u00f6jlig. I de fall best\u00e4llning blivit expedierad \u00e4r kunden skyldig att mottaga best\u00e4llningen. Avbest\u00e4llning av produkt eller tj\u00e4nst som anskaffats eller f\u00e4rdigst\u00e4llts speciellt f\u00f6r kunden, \u00e4r ej m\u00f6jlig.<\/p>\n<p>Avbest\u00e4llning \u00e4r ej giltig f\u00f6rr\u00e4n kunden f\u00e5tt bekr\u00e4ftelse fr\u00e5n S\u00e4ljf\u00f6retaget per e-post.<\/p>\n<h2>Ansvar f\u00f6r fel<\/h2>\n<p>SAS IVINIO\u00a0(www.ivinio.com) ansvar f\u00f6r fel i leverans \u00e4r begr\u00e4nsad till g\u00e4llande f\u00f6rs\u00e4ljningsvillkor. SAS IVINIO\u00a0(www.ivinio.com) b\u00e4r inget direkt eller indirekt ansvar f\u00f6r t ex inkompatiblilitet, leveransf\u00f6rseningar, driftsavbrott, dataf\u00f6rlust, merarbete eller annan ekonomisk skada.<\/p>\n<p>De viner som erbjuds och visas p\u00e5 www.ivinio.com \u00e4r ocks\u00e5 de som levereras.\u00a0SAS IVINIO f\u00f6rbeh\u00e5ller sig dock r\u00e4tten att kunna skicka varor\u00a0som\u00a0motsvarar den\/de best\u00e4llda varan\/varorna, men som modifierats eller uppdaterats av producenten under tidens g\u00e5ng.\u00a0Med andra ord kan viner med eventuell\u00a0designuppgradering\u00a0f\u00f6r den best\u00e4llda referensen ifr\u00e5ga och som \u00e4nnu inte visats p\u00e5 sajten skickas, samt eventuell\u00a0ny\u00a0\u00e5rg\u00e5ng\u00a0som \u00e4nnu inte uppdaterats p\u00e5 sajten (endast f\u00f6r viner till ett v\u00e4rde &lt;300 SEK \/ flaska).<\/p>\n<h2>Kundens r\u00e4ttigheter vid f\u00f6rsening<\/h2>\n<p>I de fall www.ivinio.com ej kan leverera varan inom angiven leveranstid har kunden r\u00e4tt att h\u00e4va sin best\u00e4llning.<\/p>\n<h2>Reklamationsvillkor och \u00e5ngerr\u00e4tt<\/h2>\n<p>Det \u00e4r l\u00e4mpligt att kunden kontrollerar leveransen vid ankomst f\u00f6r att verifiera att denna \u00e4r riktig och felfri. Vid reklamation skall kunden kontakta SAS IVINIO (www.ivinio.com) reklamationsavdelning, via e-post contact@ivinio.com eller via kontaktsidan p\u00e5 <a href=\"http:\/\/www.ivinio.com\/\">http:\/\/www.ivinio.com\/<\/a>\u00a0och uppge order-id samt orsak till reklamationen. Vid reklamation av vara skall kunden beg\u00e4ra ett s.k. RN (returnummer), som sedan \u00e4r giltigt i 14 dagar.<\/p>\n<p>I samtliga fall d\u00e5 en vara returneras till SAS IVINIO\u00a0(www.ivinio.com) skall kunden f\u00f6rst ha erh\u00e5llit ett RN. Returf\u00f6rs\u00e4ndelsen skall sedan tydligt m\u00e4rkas med detta RN. Kunden b\u00f6r skriva erh\u00e5llet RN p\u00e5 paketlappen s\u00e5 att originalf\u00f6rpackningen ej skadas. Defekta produkter som returernas till SAS IVINIO\u00a0(www.ivinio.com) b\u00f6r behandlas som om de vore felfria. Det \u00e4r vid alla typer av returer ytterst viktigt att produkten f\u00f6rpackas p\u00e5 ett s\u00e5dant s\u00e4tt att den ej riskerar att skadas. F\u00f6rs\u00e4ndelser som saknar RN \u00e5ters\u00e4nds till kunden och fraktkostnaden debiteras.<\/p>\n<p>www.ivinio.com st\u00e5r alltid f\u00f6r returfrakt n\u00e4r det g\u00e4ller skadat eller felaktigt gods.<\/p>\n<h2>\u00c5ngerr\u00e4tt<\/h2>\n<p>Privatkonsument har r\u00e4tt att \u00e5ngra k\u00f6pet inom 14 dagar enligt distansavtalslagen. \u00c5ngerr\u00e4tten g\u00e4ller enligt n\u00e4mnda lag endast om varan och dess originalf\u00f6rpackning kan \u00e5terl\u00e4mnas i of\u00f6r\u00e4ndrat skick.<\/p>\n<p>Vill konsument utnyttja sin \u00e5ngerr\u00e4tt skall denna kontakta www.Ivinio.com, f\u00f6rslagsvis via e-post p\u00e5 contact@ivinio.com\u00a0f\u00f6r erh\u00e5llande av ett RN. Returfrakten bekostas av konsumenten. F\u00f6r att \u00e5beropa sin \u00e5ngerr\u00e4tt ska kunden kontakta Ivinio.com\u00a0 f\u00f6r att erh\u00e5lla ett RN och returadress.<\/p>\n<p>Om en vara \u00e4r transportskadad skall SAS IVINIO\u00a0(www.ivinio.com) kontaktas omedelbart\u00a0f\u00f6r information om ers\u00e4ttning.<\/p>\n<h2>\u00c5terbetalning av ordersumma<\/h2>\n<p>Vid \u00e5ngerr\u00e4tt eller reklamation d\u00e4r kund ej beg\u00e4r ny vara ska www.ivinio.com \u00e5terbetala ordersumman eller makulera fakturan inom 30 dagar fr\u00e5n det datum som den returnerade varan mottagits.<\/p>\n<h2>Outl\u00f6st f\u00f6rs\u00e4ndelse<\/h2>\n<p>F\u00f6r f\u00f6rs\u00e4ndelse som ej l\u00f6ses ut varp\u00e5 paketet g\u00e5r i retur till SAS IVINIO (www.ivinio.com), debiteras en avgift om 450:- + moms f\u00f6r att t\u00e4cka SAS IVINIO&#8217;s (www.ivinio.com) kostnader f\u00f6r transport och administration.<\/p>\n<h2>Transportskadat gods<\/h2>\n<p>Om en vara fr\u00e5n SAS IVINIO\u00a0(www.ivinio.com) skadas i transport, oavsett om skadan \u00e4r v\u00e4l synlig eller dold, skall detta anm\u00e4las omg\u00e5ende till spedit\u00f6ren, samt till SAS IVINIO via contact@ivinio.com. Detta\u00a0senast inom 7 dagar.<\/p>\n<h2>Force Majeure<\/h2>\n<p>H\u00e4ndelse s\u00e5som krig, naturkatastrof, strids\u00e5tg\u00e4rder p\u00e5 arbetsmarknaden, myndighets beslut, uteblivna leveranser fr\u00e5n underleverant\u00f6rer, f\u00f6rdyrande omst\u00e4ndigheter samt d\u00e4rmed j\u00e4mf\u00f6rbar h\u00e4ndelse utanf\u00f6r SAS IVINIO\u00a0(www.ivinio.com) kontroll, vilken ej sk\u00e4ligen kunnat f\u00f6rutses, skall h\u00e4nf\u00f6ras till force majeure, vilket inneb\u00e4r att SAS IVINIO\u00a0(www.ivinio.com) befrias fr\u00e5n sina f\u00f6rpliktelser att fullg\u00f6ra ing\u00e5ngna avtal.<\/p>\n<h2>Hantering av personuppgifter<\/h2>\n<p>www.ivinio.com sprider aldrig dina personuppgifter till tredje part, men kan anv\u00e4nda dem f\u00f6r att skicka reklam ang\u00e5ende v\u00e5r egen butik eller n\u00e5gon av de butiker som ing\u00e5r i v\u00e5rt f\u00f6retag. Du som kund har dock alltid r\u00e4tt att v\u00e4gra s\u00e5dana utskick och kr\u00e4va borttagning av dina personuppgifter fr\u00e5n v\u00e5r databas.<\/p>\n<h2>Tvist<\/h2>\n<p>Vid eventuell tvist har vi som policy att f\u00f6lja Allm\u00e4nna Reklamationsn\u00e4mndens\u00a0rekommendationer. V\u00e5r kundtj\u00e4nst \u00e4r tillg\u00e4nglig f\u00f6r att l\u00f6sa eventuella tvister och genomf\u00f6ra en\u00a0uppg\u00f6relse i godo. Om s\u00e5 inte skulle vara m\u00f6jligt\u00a0till\u00e5ts kunden\u00a0best\u00e4mma\u00a0om antingen svensk eller fransk domstols beh\u00f6righet.<\/p>\n<h2>\u00d6vrigt<\/h2>\n<p>SAS IVINIO (www.ivinio.com) f\u00f6rbeh\u00e5ller sig r\u00e4tten till \u00e4ndring av all information, exempelvis tekniska specifikationer och produkterbjudanden, utan f\u00f6reg\u00e5ende avisering. Vid eventuell slutf\u00f6rs\u00e4ljning till uppgivet pris eller p.g.a. att ett f\u00f6rs\u00e4ljningsobjekt utg\u00e5tt samt p.g.a en uppenbar felaktig prisgivning, har SAS IVINIO (www.ivinio.com) r\u00e4tt att h\u00e4va k\u00f6pet och \u00e5terbetala eventuella inbetalda belopp. SAS IVINIO (www.ivinio.com) skall ocks\u00e5 meddela kunden om likv\u00e4rdigt f\u00f6rs\u00e4ljningsobjekt finns tillg\u00e4ngligt<\/p>\n","protected":false},"excerpt":{"rendered":"<p>Priser V\u00e5ra priser \u00e4r angivna i svenska kronor (SEK). De inneh\u00e5ller svensk alkoholskatt, samt svensk moms. Till\u00e4mplighet Dessa k\u00f6pevillkor \u00e4r till\u00e4mpliga d\u00e4rest svensk eller annan tvingande lag ej f\u00f6reskriver villkor som \u00e4r i konflikt med dessa. F\u00f6r privatkonsumenter g\u00e4ller konsumentk\u00f6plagen samt Distansavtalslagen som \u00e4ven innefattar skydd f\u00f6r SAS IVINIO\u00a0(www.ivinio.com). Mer information h\u00e4rom finns p\u00e5 Konsumentverkets [&hellip;]<\/p>\n","protected":false},"author":1746,"featured_media":0,"parent":0,"menu_order":0,"comment_status":"open","ping_status":"closed","template":"","meta":{"_monsterinsights_skip_tracking":false,"_monsterinsights_sitenote_active":false,"_monsterinsights_sitenote_note":"","_monsterinsights_sitenote_category":0,"_uf_show_specific_survey":0,"_uf_disable_surveys":false,"footnotes":""},"class_list":["post-68098","page","type-page","status-publish","hentry"],"yoast_head":"<!-- This site is optimized with the Yoast SEO plugin v27.3 - https:\/\/yoast.com\/product\/yoast-seo-wordpress\/ -->\n<title>F\u00f6rs\u00e4ljningsvillkor - IVINIO Wine Shop<\/title>\n<meta name=\"robots\" content=\"noindex, nofollow\" \/>\n<meta property=\"og:locale\" content=\"sv_SE\" \/>\n<meta property=\"og:type\" content=\"article\" \/>\n<meta property=\"og:title\" content=\"F\u00f6rs\u00e4ljningsvillkor - IVINIO Wine Shop\" \/>\n<meta property=\"og:description\" content=\"Priser V\u00e5ra priser \u00e4r angivna i svenska kronor (SEK). De inneh\u00e5ller svensk alkoholskatt, samt svensk moms. Till\u00e4mplighet Dessa k\u00f6pevillkor \u00e4r till\u00e4mpliga d\u00e4rest svensk eller annan tvingande lag ej f\u00f6reskriver villkor som \u00e4r i konflikt med dessa. F\u00f6r privatkonsumenter g\u00e4ller konsumentk\u00f6plagen samt Distansavtalslagen som \u00e4ven innefattar skydd f\u00f6r SAS IVINIO\u00a0(www.ivinio.com). Mer information h\u00e4rom finns p\u00e5 Konsumentverkets [&hellip;]\" \/>\n<meta property=\"og:url\" content=\"https:\/\/www.ivinio.com\/sv\/forsaljningsvillkor\/\" \/>\n<meta property=\"og:site_name\" content=\"IVINIO Wine Shop\" \/>\n<meta property=\"article:publisher\" content=\"https:\/\/www.facebook.com\/groups\/165217837022391\/?ref=bookmarks\" \/>\n<meta property=\"article:modified_time\" content=\"2023-05-17T14:32:09+00:00\" \/>\n<meta name=\"twitter:card\" content=\"summary_large_image\" \/>\n<meta name=\"twitter:label1\" content=\"Ber\u00e4knad l\u00e4stid\" \/>\n\t<meta name=\"twitter:data1\" content=\"6 minuter\" \/>\n<script type=\"application\/ld+json\" class=\"yoast-schema-graph\">{\"@context\":\"https:\\\/\\\/schema.org\",\"@graph\":[{\"@type\":\"WebPage\",\"@id\":\"https:\\\/\\\/www.ivinio.com\\\/sv\\\/forsaljningsvillkor\\\/\",\"url\":\"https:\\\/\\\/www.ivinio.com\\\/sv\\\/forsaljningsvillkor\\\/\",\"name\":\"F\u00f6rs\u00e4ljningsvillkor - IVINIO Wine Shop\",\"isPartOf\":{\"@id\":\"https:\\\/\\\/www.ivinio.com\\\/sv\\\/#website\"},\"datePublished\":\"2014-05-30T16:35:47+00:00\",\"dateModified\":\"2023-05-17T14:32:09+00:00\",\"breadcrumb\":{\"@id\":\"https:\\\/\\\/www.ivinio.com\\\/sv\\\/forsaljningsvillkor\\\/#breadcrumb\"},\"inLanguage\":\"sv-SE\",\"potentialAction\":[{\"@type\":\"ReadAction\",\"target\":[\"https:\\\/\\\/www.ivinio.com\\\/sv\\\/forsaljningsvillkor\\\/\"]}]},{\"@type\":\"BreadcrumbList\",\"@id\":\"https:\\\/\\\/www.ivinio.com\\\/sv\\\/forsaljningsvillkor\\\/#breadcrumb\",\"itemListElement\":[{\"@type\":\"ListItem\",\"position\":1,\"name\":\"Hem\",\"item\":\"https:\\\/\\\/www.ivinio.com\\\/sv\\\/\"},{\"@type\":\"ListItem\",\"position\":2,\"name\":\"F\u00f6rs\u00e4ljningsvillkor\"}]},{\"@type\":\"WebSite\",\"@id\":\"https:\\\/\\\/www.ivinio.com\\\/sv\\\/#website\",\"url\":\"https:\\\/\\\/www.ivinio.com\\\/sv\\\/\",\"name\":\"IVINIO Wine Shop\",\"description\":\"French and Italian wines with delivery to your door\",\"publisher\":{\"@id\":\"https:\\\/\\\/www.ivinio.com\\\/sv\\\/#organization\"},\"potentialAction\":[{\"@type\":\"SearchAction\",\"target\":{\"@type\":\"EntryPoint\",\"urlTemplate\":\"https:\\\/\\\/www.ivinio.com\\\/sv\\\/?s={search_term_string}\"},\"query-input\":{\"@type\":\"PropertyValueSpecification\",\"valueRequired\":true,\"valueName\":\"search_term_string\"}}],\"inLanguage\":\"sv-SE\"},{\"@type\":\"Organization\",\"@id\":\"https:\\\/\\\/www.ivinio.com\\\/sv\\\/#organization\",\"name\":\"IVINIO\",\"url\":\"https:\\\/\\\/www.ivinio.com\\\/sv\\\/\",\"logo\":{\"@type\":\"ImageObject\",\"inLanguage\":\"sv-SE\",\"@id\":\"https:\\\/\\\/www.ivinio.com\\\/sv\\\/#\\\/schema\\\/logo\\\/image\\\/\",\"url\":\"https:\\\/\\\/www.ivinio.com\\\/wp-content\\\/uploads\\\/2021\\\/01\\\/Logo-Ivinio-v2.jpg\",\"contentUrl\":\"https:\\\/\\\/www.ivinio.com\\\/wp-content\\\/uploads\\\/2021\\\/01\\\/Logo-Ivinio-v2.jpg\",\"width\":1194,\"height\":1194,\"caption\":\"IVINIO\"},\"image\":{\"@id\":\"https:\\\/\\\/www.ivinio.com\\\/sv\\\/#\\\/schema\\\/logo\\\/image\\\/\"},\"sameAs\":[\"https:\\\/\\\/www.facebook.com\\\/groups\\\/165217837022391\\\/?ref=bookmarks\",\"https:\\\/\\\/www.instagram.com\\\/_ivinio_\\\/?hl=fr\"]}]}<\/script>\n<!-- \/ Yoast SEO plugin. -->","yoast_head_json":{"title":"F\u00f6rs\u00e4ljningsvillkor - IVINIO Wine Shop","robots":{"index":"noindex","follow":"nofollow"},"og_locale":"sv_SE","og_type":"article","og_title":"F\u00f6rs\u00e4ljningsvillkor - IVINIO Wine Shop","og_description":"Priser V\u00e5ra priser \u00e4r angivna i svenska kronor (SEK). De inneh\u00e5ller svensk alkoholskatt, samt svensk moms. Till\u00e4mplighet Dessa k\u00f6pevillkor \u00e4r till\u00e4mpliga d\u00e4rest svensk eller annan tvingande lag ej f\u00f6reskriver villkor som \u00e4r i konflikt med dessa. F\u00f6r privatkonsumenter g\u00e4ller konsumentk\u00f6plagen samt Distansavtalslagen som \u00e4ven innefattar skydd f\u00f6r SAS IVINIO\u00a0(www.ivinio.com). Mer information h\u00e4rom finns p\u00e5 Konsumentverkets [&hellip;]","og_url":"https:\/\/www.ivinio.com\/sv\/forsaljningsvillkor\/","og_site_name":"IVINIO Wine Shop","article_publisher":"https:\/\/www.facebook.com\/groups\/165217837022391\/?ref=bookmarks","article_modified_time":"2023-05-17T14:32:09+00:00","twitter_card":"summary_large_image","twitter_misc":{"Ber\u00e4knad l\u00e4stid":"6 minuter"},"schema":{"@context":"https:\/\/schema.org","@graph":[{"@type":"WebPage","@id":"https:\/\/www.ivinio.com\/sv\/forsaljningsvillkor\/","url":"https:\/\/www.ivinio.com\/sv\/forsaljningsvillkor\/","name":"F\u00f6rs\u00e4ljningsvillkor - IVINIO Wine Shop","isPartOf":{"@id":"https:\/\/www.ivinio.com\/sv\/#website"},"datePublished":"2014-05-30T16:35:47+00:00","dateModified":"2023-05-17T14:32:09+00:00","breadcrumb":{"@id":"https:\/\/www.ivinio.com\/sv\/forsaljningsvillkor\/#breadcrumb"},"inLanguage":"sv-SE","potentialAction":[{"@type":"ReadAction","target":["https:\/\/www.ivinio.com\/sv\/forsaljningsvillkor\/"]}]},{"@type":"BreadcrumbList","@id":"https:\/\/www.ivinio.com\/sv\/forsaljningsvillkor\/#breadcrumb","itemListElement":[{"@type":"ListItem","position":1,"name":"Hem","item":"https:\/\/www.ivinio.com\/sv\/"},{"@type":"ListItem","position":2,"name":"F\u00f6rs\u00e4ljningsvillkor"}]},{"@type":"WebSite","@id":"https:\/\/www.ivinio.com\/sv\/#website","url":"https:\/\/www.ivinio.com\/sv\/","name":"IVINIO Wine Shop","description":"French and Italian wines with delivery to your door","publisher":{"@id":"https:\/\/www.ivinio.com\/sv\/#organization"},"potentialAction":[{"@type":"SearchAction","target":{"@type":"EntryPoint","urlTemplate":"https:\/\/www.ivinio.com\/sv\/?s={search_term_string}"},"query-input":{"@type":"PropertyValueSpecification","valueRequired":true,"valueName":"search_term_string"}}],"inLanguage":"sv-SE"},{"@type":"Organization","@id":"https:\/\/www.ivinio.com\/sv\/#organization","name":"IVINIO","url":"https:\/\/www.ivinio.com\/sv\/","logo":{"@type":"ImageObject","inLanguage":"sv-SE","@id":"https:\/\/www.ivinio.com\/sv\/#\/schema\/logo\/image\/","url":"https:\/\/www.ivinio.com\/wp-content\/uploads\/2021\/01\/Logo-Ivinio-v2.jpg","contentUrl":"https:\/\/www.ivinio.com\/wp-content\/uploads\/2021\/01\/Logo-Ivinio-v2.jpg","width":1194,"height":1194,"caption":"IVINIO"},"image":{"@id":"https:\/\/www.ivinio.com\/sv\/#\/schema\/logo\/image\/"},"sameAs":["https:\/\/www.facebook.com\/groups\/165217837022391\/?ref=bookmarks","https:\/\/www.instagram.com\/_ivinio_\/?hl=fr"]}]}},"jetpack_shortlink":"https:\/\/wp.me\/PcK36q-hIm","jetpack_sharing_enabled":true,"_links":{"self":[{"href":"https:\/\/www.ivinio.com\/sv\/wp-json\/wp\/v2\/pages\/68098","targetHints":{"allow":["GET"]}}],"collection":[{"href":"https:\/\/www.ivinio.com\/sv\/wp-json\/wp\/v2\/pages"}],"about":[{"href":"https:\/\/www.ivinio.com\/sv\/wp-json\/wp\/v2\/types\/page"}],"author":[{"embeddable":true,"href":"https:\/\/www.ivinio.com\/sv\/wp-json\/wp\/v2\/users\/1746"}],"replies":[{"embeddable":true,"href":"https:\/\/www.ivinio.com\/sv\/wp-json\/wp\/v2\/comments?post=68098"}],"version-history":[{"count":0,"href":"https:\/\/www.ivinio.com\/sv\/wp-json\/wp\/v2\/pages\/68098\/revisions"}],"wp:attachment":[{"href":"https:\/\/www.ivinio.com\/sv\/wp-json\/wp\/v2\/media?parent=68098"}],"curies":[{"name":"wp","href":"https:\/\/api.w.org\/{rel}","templated":true}]}}