{"id":68086,"date":"2014-05-30T16:30:28","date_gmt":"2014-05-30T16:30:28","guid":{"rendered":"https:\/\/henrik.www.ivinio.com\/?p=68086"},"modified":"2021-08-26T10:22:14","modified_gmt":"2021-08-26T08:22:14","slug":"var-sommelier","status":"publish","type":"page","link":"https:\/\/www.ivinio.com\/sv\/var-sommelier\/","title":{"rendered":"V\u00e5r Sommelier"},"content":{"rendered":"<p><img decoding=\"async\" class=\"size-medium wp-image-127713 alignleft lazyload\" data-src=\"https:\/\/www.ivinio.com\/wp-content\/uploads\/2021\/08\/Christophe-Moreau-277x300.jpg\" alt=\"\" width=\"277\" height=\"300\" data-srcset=\"https:\/\/www.ivinio.com\/wp-content\/uploads\/2021\/08\/Christophe-Moreau-277x300.jpg 277w, https:\/\/www.ivinio.com\/wp-content\/uploads\/2021\/08\/Christophe-Moreau-500x541.jpg 500w, https:\/\/www.ivinio.com\/wp-content\/uploads\/2021\/08\/Christophe-Moreau.jpg 508w\" data-sizes=\"(max-width: 277px) 100vw, 277px\" src=\"data:image\/gif;base64,R0lGODlhAQABAAAAACH5BAEKAAEALAAAAAABAAEAAAICTAEAOw==\" style=\"--smush-placeholder-width: 277px; --smush-placeholder-aspect-ratio: 277\/300;\" \/>Ivinio har en egen vinkommit\u00e9\u00a0som leds\u00a0av<strong>\u00a0Christophe\u00a0<\/strong><strong>\u00a0Moreau, utbildad\u00a0sommelier och l\u00e4rare\u00a0p\u00e5\u00a0hotell-\u00a0och restaurangskolan i Menton, Frankrike<\/strong>. Vi\u00a0har\u00a0vissa best\u00e4mda kriterier f\u00f6r v\u00e5rt urval av vin f\u00f6r\u00a0att\u00a0\u00a0garantera b\u00e4sta kvalitet till b\u00e4sta m\u00f6jliga pris\u00a0:<\/p>\n<p><strong>1.<\/strong> \u00a0<strong>Alla viner som g\u00e5r till f\u00f6rs\u00e4ljning har provsmakats och godk\u00e4nts av v\u00e5r vinkommit\u00e9.<\/strong><\/p>\n<p><strong>2. Vi\u00a0erbjuder i f\u00f6rsta hand viner som\u00a0tillverkats av vinodlare som sj\u00e4lva b\u00e5de odlat sina druvor och\u00a0tillverkat sitt vin<\/strong>.\u00a0I Frankrike g\u00e5r dessa vinodlare under ben\u00e4mningen\u00a0&#8220;recoltant&#8221;, vilket betyder &#8220;sk\u00f6rdare&#8221;\u00a0och inneb\u00e4r att vinodlaren sj\u00e4lv b\u00e5de har plockat\u00a0sina\u00a0druvor och framst\u00e4llt sitt eget vin hemma p\u00e5 g\u00e5rden. I denna kategori ing\u00e5r vinodlare med yrketstolthet som\u00a0i regel h\u00e5ller h\u00f6g kvalitet p\u00e5 sina produkter.<\/p>\n<p>I Frankrike kan man avl\u00e4sa direkt p\u00e5 flaskan om vinodlaren tillh\u00f6r denna kategori. P\u00e5\u00a0toppen av sigillet p\u00e5 franska vinflaskor st\u00e5r det n\u00e4mligen skrivet\u00a0&#8220;Recoltant&#8221;\u00a0om s\u00e5 \u00e4r fallet.\u00a0M\u00e5nga vinhus, speciellt de st\u00f6rre, k\u00f6per in sina druvor utifr\u00e5n\u00a0vilket i sig inte\u00a0beh\u00f6ver betyda att vinet \u00e4r d\u00e5ligt.\u00a0\u00c4r\u00a0vintillverkaren &#8220;Recoltant&#8221;\u00a0s\u00e5 bem\u00e4strar han dock hela tillverkningsprocessen &#8211; speciellt odlingen av druvan sj\u00e4lv, den viktiga r\u00e5varan.<\/p>\n<p><strong>3. Vi h<\/strong><strong>\u00e5ller oss v\u00e4linformerade om viner som f<\/strong><strong>\u00e5tt b\u00e5de medaljer och utm\u00e4rkelser.<\/strong>\u00a0N\u00e4r\u00a0s\u00e5 \u00e4r fallet s\u00e5\u00a0noterar vi det\u00a0i presentationen av v\u00e5ra f\u00f6rs\u00e4ljningar.<\/p>\n<p><strong>4. Vi f\u00f6rs\u00f6ker att erbjuda s<\/strong><strong>\u00e5 varierande viner som m\u00f6jligt f\u00f6r att bredda utbudet till v\u00e5ra kunder<\/strong>. Vi tar h\u00e4nsyn till b\u00e5de\u00a0druvsort och jordm\u00e5n i v\u00e5rt urval\u00a0och har d\u00e4rf\u00f6r varierande och sp\u00e4nnande vinsorter fr\u00e5n olika vindistrikt.<\/p>\n","protected":false},"excerpt":{"rendered":"<p>Ivinio har en egen vinkommit\u00e9\u00a0som leds\u00a0av\u00a0Christophe\u00a0\u00a0Moreau, utbildad\u00a0sommelier och l\u00e4rare\u00a0p\u00e5\u00a0hotell-\u00a0och restaurangskolan i Menton, Frankrike. Vi\u00a0har\u00a0vissa best\u00e4mda kriterier f\u00f6r v\u00e5rt urval av vin f\u00f6r\u00a0att\u00a0\u00a0garantera b\u00e4sta kvalitet till b\u00e4sta m\u00f6jliga pris\u00a0: 1. \u00a0Alla viner som g\u00e5r till f\u00f6rs\u00e4ljning har provsmakats och godk\u00e4nts av v\u00e5r vinkommit\u00e9. 2. Vi\u00a0erbjuder i f\u00f6rsta hand viner som\u00a0tillverkats av vinodlare som sj\u00e4lva b\u00e5de odlat [&hellip;]<\/p>\n","protected":false},"author":1746,"featured_media":0,"parent":0,"menu_order":0,"comment_status":"open","ping_status":"closed","template":"","meta":{"_monsterinsights_skip_tracking":false,"_monsterinsights_sitenote_active":false,"_monsterinsights_sitenote_note":"","_monsterinsights_sitenote_category":0,"_uf_show_specific_survey":0,"_uf_disable_surveys":false,"footnotes":""},"class_list":["post-68086","page","type-page","status-publish","hentry"],"yoast_head":"<!-- This site is optimized with the Yoast SEO plugin v27.4 - https:\/\/yoast.com\/product\/yoast-seo-wordpress\/ -->\n<title>V\u00e5r Sommelier - IVINIO Vinbutik<\/title>\n<meta name=\"robots\" content=\"index, follow, max-snippet:-1, max-image-preview:large, max-video-preview:-1\" \/>\n<link rel=\"canonical\" href=\"https:\/\/www.ivinio.com\/sv\/var-sommelier\/\" \/>\n<meta property=\"og:locale\" content=\"sv_SE\" \/>\n<meta property=\"og:type\" content=\"article\" \/>\n<meta property=\"og:title\" content=\"V\u00e5r Sommelier - IVINIO Vinbutik\" \/>\n<meta property=\"og:description\" content=\"Ivinio har en egen vinkommit\u00e9\u00a0som leds\u00a0av\u00a0Christophe\u00a0\u00a0Moreau, utbildad\u00a0sommelier och l\u00e4rare\u00a0p\u00e5\u00a0hotell-\u00a0och restaurangskolan i Menton, Frankrike. Vi\u00a0har\u00a0vissa best\u00e4mda kriterier f\u00f6r v\u00e5rt urval av vin f\u00f6r\u00a0att\u00a0\u00a0garantera b\u00e4sta kvalitet till b\u00e4sta m\u00f6jliga pris\u00a0: 1. \u00a0Alla viner som g\u00e5r till f\u00f6rs\u00e4ljning har provsmakats och godk\u00e4nts av v\u00e5r vinkommit\u00e9. 2. Vi\u00a0erbjuder i f\u00f6rsta hand viner som\u00a0tillverkats av vinodlare som sj\u00e4lva b\u00e5de odlat [&hellip;]\" \/>\n<meta property=\"og:url\" content=\"https:\/\/www.ivinio.com\/sv\/var-sommelier\/\" \/>\n<meta property=\"og:site_name\" content=\"IVINIO Vinbutik\" \/>\n<meta property=\"article:publisher\" content=\"https:\/\/www.facebook.com\/groups\/165217837022391\/?ref=bookmarks\" \/>\n<meta property=\"article:modified_time\" content=\"2021-08-26T08:22:14+00:00\" \/>\n<meta property=\"og:image\" content=\"https:\/\/www.ivinio.com\/wp-content\/uploads\/2021\/08\/Christophe-Moreau-277x300.jpg\" \/>\n<meta name=\"twitter:card\" content=\"summary_large_image\" \/>\n<meta name=\"twitter:label1\" content=\"Ber\u00e4knad l\u00e4stid\" \/>\n\t<meta name=\"twitter:data1\" content=\"2 minuter\" \/>\n<script type=\"application\/ld+json\" class=\"yoast-schema-graph\">{\"@context\":\"https:\\\/\\\/schema.org\",\"@graph\":[{\"@type\":\"WebPage\",\"@id\":\"https:\\\/\\\/www.ivinio.com\\\/sv\\\/var-sommelier\\\/\",\"url\":\"https:\\\/\\\/www.ivinio.com\\\/sv\\\/var-sommelier\\\/\",\"name\":\"V\u00e5r Sommelier - IVINIO Vinbutik\",\"isPartOf\":{\"@id\":\"https:\\\/\\\/www.ivinio.com\\\/sv\\\/#website\"},\"primaryImageOfPage\":{\"@id\":\"https:\\\/\\\/www.ivinio.com\\\/sv\\\/var-sommelier\\\/#primaryimage\"},\"image\":{\"@id\":\"https:\\\/\\\/www.ivinio.com\\\/sv\\\/var-sommelier\\\/#primaryimage\"},\"thumbnailUrl\":\"https:\\\/\\\/www.ivinio.com\\\/wp-content\\\/uploads\\\/2021\\\/08\\\/Christophe-Moreau-277x300.jpg\",\"datePublished\":\"2014-05-30T16:30:28+00:00\",\"dateModified\":\"2021-08-26T08:22:14+00:00\",\"breadcrumb\":{\"@id\":\"https:\\\/\\\/www.ivinio.com\\\/sv\\\/var-sommelier\\\/#breadcrumb\"},\"inLanguage\":\"sv-SE\",\"potentialAction\":[{\"@type\":\"ReadAction\",\"target\":[\"https:\\\/\\\/www.ivinio.com\\\/sv\\\/var-sommelier\\\/\"]}]},{\"@type\":\"ImageObject\",\"inLanguage\":\"sv-SE\",\"@id\":\"https:\\\/\\\/www.ivinio.com\\\/sv\\\/var-sommelier\\\/#primaryimage\",\"url\":\"https:\\\/\\\/www.ivinio.com\\\/wp-content\\\/uploads\\\/2021\\\/08\\\/Christophe-Moreau-277x300.jpg\",\"contentUrl\":\"https:\\\/\\\/www.ivinio.com\\\/wp-content\\\/uploads\\\/2021\\\/08\\\/Christophe-Moreau-277x300.jpg\"},{\"@type\":\"BreadcrumbList\",\"@id\":\"https:\\\/\\\/www.ivinio.com\\\/sv\\\/var-sommelier\\\/#breadcrumb\",\"itemListElement\":[{\"@type\":\"ListItem\",\"position\":1,\"name\":\"Hem\",\"item\":\"https:\\\/\\\/www.ivinio.com\\\/sv\\\/\"},{\"@type\":\"ListItem\",\"position\":2,\"name\":\"V\u00e5r Sommelier\"}]},{\"@type\":\"WebSite\",\"@id\":\"https:\\\/\\\/www.ivinio.com\\\/sv\\\/#website\",\"url\":\"https:\\\/\\\/www.ivinio.com\\\/sv\\\/\",\"name\":\"IVINIO Vinbutik\",\"description\":\"Vin fr\u00e5n Frankrike och Italien med leverans hem till din d\u00f6rr\",\"publisher\":{\"@id\":\"https:\\\/\\\/www.ivinio.com\\\/sv\\\/#organization\"},\"potentialAction\":[{\"@type\":\"SearchAction\",\"target\":{\"@type\":\"EntryPoint\",\"urlTemplate\":\"https:\\\/\\\/www.ivinio.com\\\/sv\\\/?s={search_term_string}\"},\"query-input\":{\"@type\":\"PropertyValueSpecification\",\"valueRequired\":true,\"valueName\":\"search_term_string\"}}],\"inLanguage\":\"sv-SE\"},{\"@type\":\"Organization\",\"@id\":\"https:\\\/\\\/www.ivinio.com\\\/sv\\\/#organization\",\"name\":\"IVINIO\",\"url\":\"https:\\\/\\\/www.ivinio.com\\\/sv\\\/\",\"logo\":{\"@type\":\"ImageObject\",\"inLanguage\":\"sv-SE\",\"@id\":\"https:\\\/\\\/www.ivinio.com\\\/sv\\\/#\\\/schema\\\/logo\\\/image\\\/\",\"url\":\"https:\\\/\\\/www.ivinio.com\\\/wp-content\\\/uploads\\\/2021\\\/01\\\/Logo-Ivinio-v2.jpg\",\"contentUrl\":\"https:\\\/\\\/www.ivinio.com\\\/wp-content\\\/uploads\\\/2021\\\/01\\\/Logo-Ivinio-v2.jpg\",\"width\":1194,\"height\":1194,\"caption\":\"IVINIO\"},\"image\":{\"@id\":\"https:\\\/\\\/www.ivinio.com\\\/sv\\\/#\\\/schema\\\/logo\\\/image\\\/\"},\"sameAs\":[\"https:\\\/\\\/www.facebook.com\\\/groups\\\/165217837022391\\\/?ref=bookmarks\",\"https:\\\/\\\/www.instagram.com\\\/_ivinio_\\\/?hl=fr\"]}]}<\/script>\n<!-- \/ Yoast SEO plugin. -->","yoast_head_json":{"title":"V\u00e5r Sommelier - IVINIO Vinbutik","robots":{"index":"index","follow":"follow","max-snippet":"max-snippet:-1","max-image-preview":"max-image-preview:large","max-video-preview":"max-video-preview:-1"},"canonical":"https:\/\/www.ivinio.com\/sv\/var-sommelier\/","og_locale":"sv_SE","og_type":"article","og_title":"V\u00e5r Sommelier - IVINIO Vinbutik","og_description":"Ivinio har en egen vinkommit\u00e9\u00a0som leds\u00a0av\u00a0Christophe\u00a0\u00a0Moreau, utbildad\u00a0sommelier och l\u00e4rare\u00a0p\u00e5\u00a0hotell-\u00a0och restaurangskolan i Menton, Frankrike. Vi\u00a0har\u00a0vissa best\u00e4mda kriterier f\u00f6r v\u00e5rt urval av vin f\u00f6r\u00a0att\u00a0\u00a0garantera b\u00e4sta kvalitet till b\u00e4sta m\u00f6jliga pris\u00a0: 1. \u00a0Alla viner som g\u00e5r till f\u00f6rs\u00e4ljning har provsmakats och godk\u00e4nts av v\u00e5r vinkommit\u00e9. 2. Vi\u00a0erbjuder i f\u00f6rsta hand viner som\u00a0tillverkats av vinodlare som sj\u00e4lva b\u00e5de odlat [&hellip;]","og_url":"https:\/\/www.ivinio.com\/sv\/var-sommelier\/","og_site_name":"IVINIO Vinbutik","article_publisher":"https:\/\/www.facebook.com\/groups\/165217837022391\/?ref=bookmarks","article_modified_time":"2021-08-26T08:22:14+00:00","og_image":[{"url":"https:\/\/www.ivinio.com\/wp-content\/uploads\/2021\/08\/Christophe-Moreau-277x300.jpg","type":"","width":"","height":""}],"twitter_card":"summary_large_image","twitter_misc":{"Ber\u00e4knad l\u00e4stid":"2 minuter"},"schema":{"@context":"https:\/\/schema.org","@graph":[{"@type":"WebPage","@id":"https:\/\/www.ivinio.com\/sv\/var-sommelier\/","url":"https:\/\/www.ivinio.com\/sv\/var-sommelier\/","name":"V\u00e5r Sommelier - IVINIO Vinbutik","isPartOf":{"@id":"https:\/\/www.ivinio.com\/sv\/#website"},"primaryImageOfPage":{"@id":"https:\/\/www.ivinio.com\/sv\/var-sommelier\/#primaryimage"},"image":{"@id":"https:\/\/www.ivinio.com\/sv\/var-sommelier\/#primaryimage"},"thumbnailUrl":"https:\/\/www.ivinio.com\/wp-content\/uploads\/2021\/08\/Christophe-Moreau-277x300.jpg","datePublished":"2014-05-30T16:30:28+00:00","dateModified":"2021-08-26T08:22:14+00:00","breadcrumb":{"@id":"https:\/\/www.ivinio.com\/sv\/var-sommelier\/#breadcrumb"},"inLanguage":"sv-SE","potentialAction":[{"@type":"ReadAction","target":["https:\/\/www.ivinio.com\/sv\/var-sommelier\/"]}]},{"@type":"ImageObject","inLanguage":"sv-SE","@id":"https:\/\/www.ivinio.com\/sv\/var-sommelier\/#primaryimage","url":"https:\/\/www.ivinio.com\/wp-content\/uploads\/2021\/08\/Christophe-Moreau-277x300.jpg","contentUrl":"https:\/\/www.ivinio.com\/wp-content\/uploads\/2021\/08\/Christophe-Moreau-277x300.jpg"},{"@type":"BreadcrumbList","@id":"https:\/\/www.ivinio.com\/sv\/var-sommelier\/#breadcrumb","itemListElement":[{"@type":"ListItem","position":1,"name":"Hem","item":"https:\/\/www.ivinio.com\/sv\/"},{"@type":"ListItem","position":2,"name":"V\u00e5r Sommelier"}]},{"@type":"WebSite","@id":"https:\/\/www.ivinio.com\/sv\/#website","url":"https:\/\/www.ivinio.com\/sv\/","name":"IVINIO Vinbutik","description":"Vin fr\u00e5n Frankrike och Italien med leverans hem till din d\u00f6rr","publisher":{"@id":"https:\/\/www.ivinio.com\/sv\/#organization"},"potentialAction":[{"@type":"SearchAction","target":{"@type":"EntryPoint","urlTemplate":"https:\/\/www.ivinio.com\/sv\/?s={search_term_string}"},"query-input":{"@type":"PropertyValueSpecification","valueRequired":true,"valueName":"search_term_string"}}],"inLanguage":"sv-SE"},{"@type":"Organization","@id":"https:\/\/www.ivinio.com\/sv\/#organization","name":"IVINIO","url":"https:\/\/www.ivinio.com\/sv\/","logo":{"@type":"ImageObject","inLanguage":"sv-SE","@id":"https:\/\/www.ivinio.com\/sv\/#\/schema\/logo\/image\/","url":"https:\/\/www.ivinio.com\/wp-content\/uploads\/2021\/01\/Logo-Ivinio-v2.jpg","contentUrl":"https:\/\/www.ivinio.com\/wp-content\/uploads\/2021\/01\/Logo-Ivinio-v2.jpg","width":1194,"height":1194,"caption":"IVINIO"},"image":{"@id":"https:\/\/www.ivinio.com\/sv\/#\/schema\/logo\/image\/"},"sameAs":["https:\/\/www.facebook.com\/groups\/165217837022391\/?ref=bookmarks","https:\/\/www.instagram.com\/_ivinio_\/?hl=fr"]}]}},"jetpack_shortlink":"https:\/\/wp.me\/PcK36q-hIa","jetpack_sharing_enabled":true,"_links":{"self":[{"href":"https:\/\/www.ivinio.com\/sv\/wp-json\/wp\/v2\/pages\/68086","targetHints":{"allow":["GET"]}}],"collection":[{"href":"https:\/\/www.ivinio.com\/sv\/wp-json\/wp\/v2\/pages"}],"about":[{"href":"https:\/\/www.ivinio.com\/sv\/wp-json\/wp\/v2\/types\/page"}],"author":[{"embeddable":true,"href":"https:\/\/www.ivinio.com\/sv\/wp-json\/wp\/v2\/users\/1746"}],"replies":[{"embeddable":true,"href":"https:\/\/www.ivinio.com\/sv\/wp-json\/wp\/v2\/comments?post=68086"}],"version-history":[{"count":0,"href":"https:\/\/www.ivinio.com\/sv\/wp-json\/wp\/v2\/pages\/68086\/revisions"}],"wp:attachment":[{"href":"https:\/\/www.ivinio.com\/sv\/wp-json\/wp\/v2\/media?parent=68086"}],"curies":[{"name":"wp","href":"https:\/\/api.w.org\/{rel}","templated":true}]}}