{"id":68080,"date":"2014-05-30T15:57:37","date_gmt":"2014-05-30T15:57:37","guid":{"rendered":"https:\/\/henrik.www.ivinio.com\/?p=68080"},"modified":"2021-09-16T00:03:42","modified_gmt":"2021-09-15T22:03:42","slug":"att-servera-vin","status":"publish","type":"page","link":"https:\/\/www.ivinio.com\/sv\/vin-rad\/att-servera-vin\/","title":{"rendered":"Att servera vin"},"content":{"rendered":"<p><img decoding=\"async\" style=\"--smush-placeholder-width: 512px; --smush-placeholder-aspect-ratio: 512\/340;float: right; height: 271px; margin-left: 10px; margin-right: 10px; width: 408px;\" data-src=\"https:\/\/www.ivinio.com\/wp-content\/uploads\/modules\/file\/pictures\/4837.vin_debouche.jpg\" src=\"data:image\/gif;base64,R0lGODlhAQABAAAAACH5BAEKAAEALAAAAAABAAEAAAICTAEAOw==\" class=\"lazyload\" \/><\/p>\n<p>M\u00e5nga anser nog att det inte beh\u00f6vs ett eget kapitel om att servera vin eftersom var och en av oss som har en korkskruv vet hur man korkar ur flaskan. Faktum \u00e4r att ett visst f\u00f6rberedande av flaskan eller flaskorna man ska dricka kan ge en betydligt angen\u00e4mare provsmakning och just detta f\u00f6rberedande \u00e4r v\u00e4l v\u00e4rt att n\u00e4mnas.<\/p>\n<p><strong>Att korka upp flaskan :<\/strong><\/p>\n<p>Sigillet p\u00e5 flaska ska sk\u00e4ras av med en skarp kniv n\u00e5gon halv centimeter under toppen p\u00e5 flaskan. Exakt var \u00e4r en smaksak, men sigillet ska definitivt inte slitas av helt och h\u00e5llet och ska f\u00f6r trivselns skull\u00a0sk\u00e4ras snyggt i ett horisontellt snitt. Ingen metallbit fr\u00e5n sigillet f\u00e5r komma i kontakt med vinet.<\/p>\n<p>Man skruvar i korkskruven utan att n\u00e5 botten p\u00e5 korken. Detta f\u00f6r att undvika att sm\u00e5 smulor av kork faller ner i vinet. Provluktning av korken som man ser d\u00e5 och d\u00e5 \u00e4r helt on\u00f6digt. Det \u00e4r ett rent snobberi eftersom det \u00e4r om\u00f6jligt att bed\u00f6mma ett vin p\u00e5 det s\u00e4ttet.<\/p>\n<p>&nbsp;<\/p>\n<p><img decoding=\"async\" style=\"--smush-placeholder-width: 339px; --smush-placeholder-aspect-ratio: 339\/512;float: left; height: 453px; margin-left: 10px; margin-right: 10px; width: 300px;\" data-src=\"https:\/\/www.ivinio.com\/wp-content\/uploads\/modules\/file\/pictures\/4838.vin_service.jpg\" src=\"data:image\/gif;base64,R0lGODlhAQABAAAAACH5BAEKAAEALAAAAAABAAEAAAICTAEAOw==\" class=\"lazyload\" \/><\/p>\n<p><strong>Att servera vin :<\/strong>Vissa viner, speciellt de tanninrika, blir b\u00e4ttre av att luftas\u00a0f\u00f6re servering. Aromer och tanniner \u00f6ppnar sig och ger en rundare karakt\u00e4r p\u00e5 smaken. I vissa fall d\u00e5 vinet legat p\u00e5 ekfat, kan det l\u00e4mpa sig att karaffera vinet i en genomskinlig karaff f\u00f6r att verkligen lufta ur det. Flaskhalsen p\u00e5 en vanlig flaska \u00e4r n\u00e4mligen f\u00f6r tr\u00e5ng f\u00f6r att ett tanninhaltigt vin ska kunna luftas ut ordentligt bara genom flaskhalsen.<\/p>\n<p>Hur m\u00e5nga \u00e4r vi till exempel inte som dagen efter har druckit resten av en flaska som \u00f6ppnats kv\u00e4llen innan och f\u00f6rv\u00e5nats \u00f6ver att det dagen efter \u00e4r betydligt lenare och b\u00e4ttre strukturerat \u00e4n vad det varit kv\u00e4llen innan. Natten har gett vinet sin tid att luftas ordentligt!<\/p>\n<p><strong>Temperaturen :<\/strong><\/p>\n<p>S\u00e4kert det viktigaste att kontrollera\u00a0f\u00f6re servering och vi har d\u00e4rf\u00f6r behandlat den punkten separat i en annan text. Ett feltempererat vin kan helt enkelt f\u00f6rst\u00f6ra vinet. Det b\u00e4sta \u00e4r att kontrollera temperaturen med en vintermometer. Den ideala temperaturen beror p\u00e5 vilket vin man ska servera.<\/p>\n<p>Generellt serverar man vitt vin kallare \u00e4n r\u00f6tt och yngre viner kallare \u00e4n \u00e4ldre viner. Ett \u00e4ldre vin serveras en grad varmare \u00e4n rekommenderat. Vin som dricks som en drink eller aperitif serveras kyligare \u00e4n det som serveras till m\u00e5ltiden. Som regel ska man ocks\u00e5 servera ett alkoholkraftigt vin n\u00e5got kallare eftersom kyla fr\u00e4schar upp ett kraftigt vin och h\u00e5ller den kraftigare alkoholsmaken i schack.<\/p>\n<p><strong>Glaset :<\/strong><\/p>\n<p>Att provsmaka vin kan vara en magiskt tillst\u00e4llning f\u00f6r v\u00e5ra sinnen d\u00e4r v\u00e5r syn, doft och smak allihopa spelar\u00a0 en viktig roll f\u00f6r att garantera en angen\u00e4m upplevelse. Glaset i vilket vinet serveras har en stor betydelse och ska d\u00e4rf\u00f6r v\u00e4ljas utifr\u00e5n vilket vin som ska provas.<\/p>\n<p>Vissa regioner som Alsace och Mosel har en egen sorts glas. Nu har vi ju inte olika glas hemma f\u00f6r varje sorts vin vi dricker och det \u00e4r definitivt heller inte n\u00e5got krav. Vi ska d\u00e4rf\u00f6r beskriva vilket som \u00e4r de mycket generella rekommendationerna f\u00f6r val av glas. Bredare och st\u00f6rre glas anv\u00e4nds till de r\u00f6da vinerna och tunnare glas anv\u00e4nds till de vita, s\u00e5 l\u00e5ngt \u00e4r vi alla med.<\/p>\n<p>Champagne serverades f\u00f6rr i s.k. \u201dCoupes\u201d \u2013 \u00f6ppna kupor som man fortfarande ser i br\u00f6llopsscener fr\u00e5n amerikanska TV-serier. Idag anses de smalare \u201dfl\u00fbte\u201d fl\u00f6jtglasen mer moderna f\u00f6r att dricka mousserande vin. R\u00f6dvinsglas finns idag i en uppsj\u00f6 av designer som passar bra till vinprovning, men i grund och botten finns det bara 2 typer av glas :<\/p>\n<p>-Den avl\u00e5nga och \u201d\u00f6ppnare\u201d varianten : ofta kallade Bordeauxglaset eftersom det passar b\u00e4st till Cabernet Sauvignon och taninhaltiga viner som beh\u00f6ver luftas. Den st\u00f6rre \u00f6ppningen tillf\u00f6r mer luft och den lite l\u00e4ngre formen p\u00e5 glaset ger aromerna m\u00f6jlighet att \u00f6ppna sig.<\/p>\n<p>-Den rundare och \u201dst\u00e4ngda\u201d varianten : ofta kallade Bourgogneglas eftersom de passar b\u00e4st till den k\u00e4nsliga pinot noirdruvan eller Nebbiolodruvan i Italien. Dessa glas begr\u00e4nsar tillkomsten av luft och koncentrerar de fruktiga och b\u00e4riga aromerna.<\/p>\n<p>Vitvin serveras i regel i mer slutna vinglas eller till och med i fl\u00f6jtglas. Man kan dock med f\u00f6rdel anv\u00e4nda samma glas som anv\u00e4nds till r\u00f6dvin, ocks\u00e5 till aromatiska vitviner.<\/p>\n<p>Ett Chardonnayvin t.ex. ska ha en bred och rund bas som sluter sig i toppen. Ett Bourgogneglas som anv\u00e4nds till r\u00f6da viner passar d\u00e4rf\u00f6r utm\u00e4rkt.<\/p>\n<p>Ett vinglas fylls max till en tredjedel av den totala volymen, inte mer. Resten ska anv\u00e4ndas till att samla och utveckla vinets aromer, precis p\u00e5 samma s\u00e4tt som n\u00e4r man dricker Cognac.<\/p>\n<p><strong>Ordningen f\u00f6r att servera vin :<\/strong><\/p>\n<p>Ingenting hindrar att man serverar samma vin under hela m\u00e5ltiden. Man v\u00e4ljer d\u00e5 ett vin som \u00e4r l\u00e4tt att dricka till olika typer av mat om man ska bjuda p\u00e5 mer \u00e4n en r\u00e4tt. Om man vill sofistikera m\u00e5ltiden och servera flera olika viner ska man t\u00e4nka p\u00e5 ordningen som vinerna serveras. Inget nyserverat vin ska g\u00f6ra att man saknar det som tidigare serverades. Man v\u00e4ljer allts\u00e5 att servera i \u201dcrescendo\u201d \u2013 fr\u00e5n det l\u00e4ttaste till de kraftigare, fr\u00e5n det yngre till de \u00e4ldre.<\/p>\n","protected":false},"excerpt":{"rendered":"<p>M\u00e5nga anser nog att det inte beh\u00f6vs ett eget kapitel om att servera vin eftersom var och en av oss som har en korkskruv vet hur man korkar ur flaskan. Faktum \u00e4r att ett visst f\u00f6rberedande av flaskan eller flaskorna man ska dricka kan ge en betydligt angen\u00e4mare provsmakning och just detta f\u00f6rberedande \u00e4r v\u00e4l [&hellip;]<\/p>\n","protected":false},"author":1746,"featured_media":0,"parent":68059,"menu_order":0,"comment_status":"open","ping_status":"closed","template":"","meta":{"_monsterinsights_skip_tracking":false,"_monsterinsights_sitenote_active":false,"_monsterinsights_sitenote_note":"","_monsterinsights_sitenote_category":0,"_uf_show_specific_survey":0,"_uf_disable_surveys":false,"footnotes":""},"class_list":["post-68080","page","type-page","status-publish","hentry"],"yoast_head":"<!-- This site is optimized with the Yoast SEO plugin v27.3 - https:\/\/yoast.com\/product\/yoast-seo-wordpress\/ -->\n<title>Att servera vin - IVINIO Wine Shop<\/title>\n<meta name=\"description\" content=\"M\u00e5nga anser nog att det inte beh\u00f6vs ett eget kapitel om att servera vin eftersom var och en av oss som har en korkskruv vet hur man korkar ur flaskan. Faktum \u00e4r att ett visst f\u00f6rberedande av flaskan eller flaskorna man ska dricka kan ge en betydligt angen\u00e4mare provsmakning och just detta f\u00f6rberedande \u00e4r v\u00e4l v\u00e4rt att n\u00e4mnas.\" \/>\n<meta name=\"robots\" content=\"index, follow, max-snippet:-1, max-image-preview:large, max-video-preview:-1\" \/>\n<link rel=\"canonical\" href=\"https:\/\/www.ivinio.com\/sv\/vin-rad\/att-servera-vin\/\" \/>\n<meta property=\"og:locale\" content=\"sv_SE\" \/>\n<meta property=\"og:type\" content=\"article\" \/>\n<meta property=\"og:title\" content=\"Att servera vin - IVINIO Wine Shop\" \/>\n<meta property=\"og:description\" content=\"M\u00e5nga anser nog att det inte beh\u00f6vs ett eget kapitel om att servera vin eftersom var och en av oss som har en korkskruv vet hur man korkar ur flaskan. Faktum \u00e4r att ett visst f\u00f6rberedande av flaskan eller flaskorna man ska dricka kan ge en betydligt angen\u00e4mare provsmakning och just detta f\u00f6rberedande \u00e4r v\u00e4l v\u00e4rt att n\u00e4mnas.\" \/>\n<meta property=\"og:url\" content=\"https:\/\/www.ivinio.com\/sv\/vin-rad\/att-servera-vin\/\" \/>\n<meta property=\"og:site_name\" content=\"IVINIO Wine Shop\" \/>\n<meta property=\"article:publisher\" content=\"https:\/\/www.facebook.com\/groups\/165217837022391\/?ref=bookmarks\" \/>\n<meta property=\"article:modified_time\" content=\"2021-09-15T22:03:42+00:00\" \/>\n<meta property=\"og:image\" content=\"https:\/\/www.ivinio.com\/wp-content\/uploads\/modules\/file\/pictures\/4837.vin_debouche.jpg\" \/>\n<meta name=\"twitter:card\" content=\"summary_large_image\" \/>\n<meta name=\"twitter:label1\" content=\"Ber\u00e4knad l\u00e4stid\" \/>\n\t<meta name=\"twitter:data1\" content=\"5 minuter\" \/>\n<script type=\"application\/ld+json\" class=\"yoast-schema-graph\">{\"@context\":\"https:\\\/\\\/schema.org\",\"@graph\":[{\"@type\":\"WebPage\",\"@id\":\"https:\\\/\\\/www.ivinio.com\\\/sv\\\/vin-rad\\\/att-servera-vin\\\/\",\"url\":\"https:\\\/\\\/www.ivinio.com\\\/sv\\\/vin-rad\\\/att-servera-vin\\\/\",\"name\":\"Att servera vin - IVINIO Wine Shop\",\"isPartOf\":{\"@id\":\"https:\\\/\\\/www.ivinio.com\\\/sv\\\/#website\"},\"primaryImageOfPage\":{\"@id\":\"https:\\\/\\\/www.ivinio.com\\\/sv\\\/vin-rad\\\/att-servera-vin\\\/#primaryimage\"},\"image\":{\"@id\":\"https:\\\/\\\/www.ivinio.com\\\/sv\\\/vin-rad\\\/att-servera-vin\\\/#primaryimage\"},\"thumbnailUrl\":\"https:\\\/\\\/www.ivinio.com\\\/wp-content\\\/uploads\\\/modules\\\/file\\\/pictures\\\/4837.vin_debouche.jpg\",\"datePublished\":\"2014-05-30T15:57:37+00:00\",\"dateModified\":\"2021-09-15T22:03:42+00:00\",\"description\":\"M\u00e5nga anser nog att det inte beh\u00f6vs ett eget kapitel om att servera vin eftersom var och en av oss som har en korkskruv vet hur man korkar ur flaskan. Faktum \u00e4r att ett visst f\u00f6rberedande av flaskan eller flaskorna man ska dricka kan ge en betydligt angen\u00e4mare provsmakning och just detta f\u00f6rberedande \u00e4r v\u00e4l v\u00e4rt att n\u00e4mnas.\",\"breadcrumb\":{\"@id\":\"https:\\\/\\\/www.ivinio.com\\\/sv\\\/vin-rad\\\/att-servera-vin\\\/#breadcrumb\"},\"inLanguage\":\"sv-SE\",\"potentialAction\":[{\"@type\":\"ReadAction\",\"target\":[\"https:\\\/\\\/www.ivinio.com\\\/sv\\\/vin-rad\\\/att-servera-vin\\\/\"]}]},{\"@type\":\"ImageObject\",\"inLanguage\":\"sv-SE\",\"@id\":\"https:\\\/\\\/www.ivinio.com\\\/sv\\\/vin-rad\\\/att-servera-vin\\\/#primaryimage\",\"url\":\"https:\\\/\\\/www.ivinio.com\\\/wp-content\\\/uploads\\\/modules\\\/file\\\/pictures\\\/4837.vin_debouche.jpg\",\"contentUrl\":\"https:\\\/\\\/www.ivinio.com\\\/wp-content\\\/uploads\\\/modules\\\/file\\\/pictures\\\/4837.vin_debouche.jpg\"},{\"@type\":\"BreadcrumbList\",\"@id\":\"https:\\\/\\\/www.ivinio.com\\\/sv\\\/vin-rad\\\/att-servera-vin\\\/#breadcrumb\",\"itemListElement\":[{\"@type\":\"ListItem\",\"position\":1,\"name\":\"Hem\",\"item\":\"https:\\\/\\\/www.ivinio.com\\\/sv\\\/\"},{\"@type\":\"ListItem\",\"position\":2,\"name\":\"Vin &#038; r\u00e5d\",\"item\":\"https:\\\/\\\/www.ivinio.com\\\/sv\\\/vin-rad\\\/\"},{\"@type\":\"ListItem\",\"position\":3,\"name\":\"Att servera vin\"}]},{\"@type\":\"WebSite\",\"@id\":\"https:\\\/\\\/www.ivinio.com\\\/sv\\\/#website\",\"url\":\"https:\\\/\\\/www.ivinio.com\\\/sv\\\/\",\"name\":\"IVINIO Wine Shop\",\"description\":\"French and Italian wines with delivery to your door\",\"publisher\":{\"@id\":\"https:\\\/\\\/www.ivinio.com\\\/sv\\\/#organization\"},\"potentialAction\":[{\"@type\":\"SearchAction\",\"target\":{\"@type\":\"EntryPoint\",\"urlTemplate\":\"https:\\\/\\\/www.ivinio.com\\\/sv\\\/?s={search_term_string}\"},\"query-input\":{\"@type\":\"PropertyValueSpecification\",\"valueRequired\":true,\"valueName\":\"search_term_string\"}}],\"inLanguage\":\"sv-SE\"},{\"@type\":\"Organization\",\"@id\":\"https:\\\/\\\/www.ivinio.com\\\/sv\\\/#organization\",\"name\":\"IVINIO\",\"url\":\"https:\\\/\\\/www.ivinio.com\\\/sv\\\/\",\"logo\":{\"@type\":\"ImageObject\",\"inLanguage\":\"sv-SE\",\"@id\":\"https:\\\/\\\/www.ivinio.com\\\/sv\\\/#\\\/schema\\\/logo\\\/image\\\/\",\"url\":\"https:\\\/\\\/www.ivinio.com\\\/wp-content\\\/uploads\\\/2021\\\/01\\\/Logo-Ivinio-v2.jpg\",\"contentUrl\":\"https:\\\/\\\/www.ivinio.com\\\/wp-content\\\/uploads\\\/2021\\\/01\\\/Logo-Ivinio-v2.jpg\",\"width\":1194,\"height\":1194,\"caption\":\"IVINIO\"},\"image\":{\"@id\":\"https:\\\/\\\/www.ivinio.com\\\/sv\\\/#\\\/schema\\\/logo\\\/image\\\/\"},\"sameAs\":[\"https:\\\/\\\/www.facebook.com\\\/groups\\\/165217837022391\\\/?ref=bookmarks\",\"https:\\\/\\\/www.instagram.com\\\/_ivinio_\\\/?hl=fr\"]}]}<\/script>\n<!-- \/ Yoast SEO plugin. -->","yoast_head_json":{"title":"Att servera vin - IVINIO Wine Shop","description":"M\u00e5nga anser nog att det inte beh\u00f6vs ett eget kapitel om att servera vin eftersom var och en av oss som har en korkskruv vet hur man korkar ur flaskan. Faktum \u00e4r att ett visst f\u00f6rberedande av flaskan eller flaskorna man ska dricka kan ge en betydligt angen\u00e4mare provsmakning och just detta f\u00f6rberedande \u00e4r v\u00e4l v\u00e4rt att n\u00e4mnas.","robots":{"index":"index","follow":"follow","max-snippet":"max-snippet:-1","max-image-preview":"max-image-preview:large","max-video-preview":"max-video-preview:-1"},"canonical":"https:\/\/www.ivinio.com\/sv\/vin-rad\/att-servera-vin\/","og_locale":"sv_SE","og_type":"article","og_title":"Att servera vin - IVINIO Wine Shop","og_description":"M\u00e5nga anser nog att det inte beh\u00f6vs ett eget kapitel om att servera vin eftersom var och en av oss som har en korkskruv vet hur man korkar ur flaskan. Faktum \u00e4r att ett visst f\u00f6rberedande av flaskan eller flaskorna man ska dricka kan ge en betydligt angen\u00e4mare provsmakning och just detta f\u00f6rberedande \u00e4r v\u00e4l v\u00e4rt att n\u00e4mnas.","og_url":"https:\/\/www.ivinio.com\/sv\/vin-rad\/att-servera-vin\/","og_site_name":"IVINIO Wine Shop","article_publisher":"https:\/\/www.facebook.com\/groups\/165217837022391\/?ref=bookmarks","article_modified_time":"2021-09-15T22:03:42+00:00","og_image":[{"url":"https:\/\/www.ivinio.com\/wp-content\/uploads\/modules\/file\/pictures\/4837.vin_debouche.jpg","type":"","width":"","height":""}],"twitter_card":"summary_large_image","twitter_misc":{"Ber\u00e4knad l\u00e4stid":"5 minuter"},"schema":{"@context":"https:\/\/schema.org","@graph":[{"@type":"WebPage","@id":"https:\/\/www.ivinio.com\/sv\/vin-rad\/att-servera-vin\/","url":"https:\/\/www.ivinio.com\/sv\/vin-rad\/att-servera-vin\/","name":"Att servera vin - IVINIO Wine Shop","isPartOf":{"@id":"https:\/\/www.ivinio.com\/sv\/#website"},"primaryImageOfPage":{"@id":"https:\/\/www.ivinio.com\/sv\/vin-rad\/att-servera-vin\/#primaryimage"},"image":{"@id":"https:\/\/www.ivinio.com\/sv\/vin-rad\/att-servera-vin\/#primaryimage"},"thumbnailUrl":"https:\/\/www.ivinio.com\/wp-content\/uploads\/modules\/file\/pictures\/4837.vin_debouche.jpg","datePublished":"2014-05-30T15:57:37+00:00","dateModified":"2021-09-15T22:03:42+00:00","description":"M\u00e5nga anser nog att det inte beh\u00f6vs ett eget kapitel om att servera vin eftersom var och en av oss som har en korkskruv vet hur man korkar ur flaskan. Faktum \u00e4r att ett visst f\u00f6rberedande av flaskan eller flaskorna man ska dricka kan ge en betydligt angen\u00e4mare provsmakning och just detta f\u00f6rberedande \u00e4r v\u00e4l v\u00e4rt att n\u00e4mnas.","breadcrumb":{"@id":"https:\/\/www.ivinio.com\/sv\/vin-rad\/att-servera-vin\/#breadcrumb"},"inLanguage":"sv-SE","potentialAction":[{"@type":"ReadAction","target":["https:\/\/www.ivinio.com\/sv\/vin-rad\/att-servera-vin\/"]}]},{"@type":"ImageObject","inLanguage":"sv-SE","@id":"https:\/\/www.ivinio.com\/sv\/vin-rad\/att-servera-vin\/#primaryimage","url":"https:\/\/www.ivinio.com\/wp-content\/uploads\/modules\/file\/pictures\/4837.vin_debouche.jpg","contentUrl":"https:\/\/www.ivinio.com\/wp-content\/uploads\/modules\/file\/pictures\/4837.vin_debouche.jpg"},{"@type":"BreadcrumbList","@id":"https:\/\/www.ivinio.com\/sv\/vin-rad\/att-servera-vin\/#breadcrumb","itemListElement":[{"@type":"ListItem","position":1,"name":"Hem","item":"https:\/\/www.ivinio.com\/sv\/"},{"@type":"ListItem","position":2,"name":"Vin &#038; r\u00e5d","item":"https:\/\/www.ivinio.com\/sv\/vin-rad\/"},{"@type":"ListItem","position":3,"name":"Att servera vin"}]},{"@type":"WebSite","@id":"https:\/\/www.ivinio.com\/sv\/#website","url":"https:\/\/www.ivinio.com\/sv\/","name":"IVINIO Wine Shop","description":"French and Italian wines with delivery to your door","publisher":{"@id":"https:\/\/www.ivinio.com\/sv\/#organization"},"potentialAction":[{"@type":"SearchAction","target":{"@type":"EntryPoint","urlTemplate":"https:\/\/www.ivinio.com\/sv\/?s={search_term_string}"},"query-input":{"@type":"PropertyValueSpecification","valueRequired":true,"valueName":"search_term_string"}}],"inLanguage":"sv-SE"},{"@type":"Organization","@id":"https:\/\/www.ivinio.com\/sv\/#organization","name":"IVINIO","url":"https:\/\/www.ivinio.com\/sv\/","logo":{"@type":"ImageObject","inLanguage":"sv-SE","@id":"https:\/\/www.ivinio.com\/sv\/#\/schema\/logo\/image\/","url":"https:\/\/www.ivinio.com\/wp-content\/uploads\/2021\/01\/Logo-Ivinio-v2.jpg","contentUrl":"https:\/\/www.ivinio.com\/wp-content\/uploads\/2021\/01\/Logo-Ivinio-v2.jpg","width":1194,"height":1194,"caption":"IVINIO"},"image":{"@id":"https:\/\/www.ivinio.com\/sv\/#\/schema\/logo\/image\/"},"sameAs":["https:\/\/www.facebook.com\/groups\/165217837022391\/?ref=bookmarks","https:\/\/www.instagram.com\/_ivinio_\/?hl=fr"]}]}},"jetpack_shortlink":"https:\/\/wp.me\/PcK36q-hI4","jetpack_sharing_enabled":true,"_links":{"self":[{"href":"https:\/\/www.ivinio.com\/sv\/wp-json\/wp\/v2\/pages\/68080","targetHints":{"allow":["GET"]}}],"collection":[{"href":"https:\/\/www.ivinio.com\/sv\/wp-json\/wp\/v2\/pages"}],"about":[{"href":"https:\/\/www.ivinio.com\/sv\/wp-json\/wp\/v2\/types\/page"}],"author":[{"embeddable":true,"href":"https:\/\/www.ivinio.com\/sv\/wp-json\/wp\/v2\/users\/1746"}],"replies":[{"embeddable":true,"href":"https:\/\/www.ivinio.com\/sv\/wp-json\/wp\/v2\/comments?post=68080"}],"version-history":[{"count":0,"href":"https:\/\/www.ivinio.com\/sv\/wp-json\/wp\/v2\/pages\/68080\/revisions"}],"up":[{"embeddable":true,"href":"https:\/\/www.ivinio.com\/sv\/wp-json\/wp\/v2\/pages\/68059"}],"wp:attachment":[{"href":"https:\/\/www.ivinio.com\/sv\/wp-json\/wp\/v2\/media?parent=68080"}],"curies":[{"name":"wp","href":"https:\/\/api.w.org\/{rel}","templated":true}]}}