{"id":68071,"date":"2014-05-30T15:54:30","date_gmt":"2014-05-30T15:54:30","guid":{"rendered":"https:\/\/henrik.www.ivinio.com\/?p=68071"},"modified":"2021-09-16T00:07:27","modified_gmt":"2021-09-15T22:07:27","slug":"flaskan-eller-forpackningen","status":"publish","type":"page","link":"https:\/\/www.ivinio.com\/sv\/vin-rad\/flaskan-eller-forpackningen\/","title":{"rendered":"Flaskan eller f\u00f6rpackningen"},"content":{"rendered":"<p><img decoding=\"async\" style=\"--smush-placeholder-width: 512px; --smush-placeholder-aspect-ratio: 512\/341;float: left; height: 167px; margin-left: 10px; margin-right: 10px; width: 250px;\" data-src=\"https:\/\/www.ivinio.com\/wp-content\/uploads\/modules\/file\/pictures\/4844.vin_emballage.jpg\" src=\"data:image\/gif;base64,R0lGODlhAQABAAAAACH5BAEKAAEALAAAAAABAAEAAAICTAEAOw==\" class=\"lazyload\" \/><\/p>\n<p>Vin \u00e4r en dryck som ibland allf\u00f6r ofta f\u00f6rknippas med historia och tradition och det \u00e4r kanske i den bem\u00e4rkelsen som nyt\u00e4nkande och innovation kring f\u00f6rpackningen varit ganska l\u00e5ngsam i j\u00e4mf\u00f6relse med andra drycker. P\u00e5 senare \u00e5r har dock saker och ting f\u00f6r\u00e4ndrats.<\/p>\n<p>Nya praktiska material som bag-in-box, aluminiumflaskor, PET-flaskor och tetra-packs har revolutionerat marknaden. Rent praktiskt funkar dessa nya material bra, men vill man k\u00f6pa vin som ska lagras och bli b\u00e4ttre med tiden s\u00e5 \u00e4r det fortfarande bara den klassiska glasflaskan som fungerar som f\u00f6rpackningsmaterial.<\/p>\n<p><strong>-Bag-in-box :<\/strong> \u00e4r sj\u00e4lvklart en revolution\u00e4r uppfinning som verkligen haft sitt genomslag i Sverige och i andra l\u00e4nder d\u00e4r man inte odlar vin eftersom de \u00e4r l\u00e4tta att transportera. N\u00e4r vi talar om vin av b\u00e4ttre kvalitet och som man g\u00e4rna vill stoppa i k\u00e4llaren ett par \u00e5r f\u00f6r att lagring s\u00e5 \u00e4r som sagt glasflaskan obesegrad som f\u00f6rpackning.<\/p>\n<p><strong>-Glasflaskan :<\/strong> vikten p\u00e5 flaskan, dess f\u00e4rg och dess form varierar beroende p\u00e5 vilken typ av vin det g\u00e4ller och var vinet kommer ifr\u00e5n.<\/p>\n<p><strong>Vikten :<\/strong> lagringsviner som skall kunna l\u00e4ggas till f\u00f6rvaring ovanp\u00e5 varandra har ett tyngre och tjockare glas. S\u00e5 \u00e4r \u00e4ven fallet med moussserande viner d\u00e4r flaskan ska h\u00e5lla f\u00f6r trycket fr\u00e5n kolsyran.<\/p>\n<p><strong>F\u00e4rgen :<\/strong> de f\u00e4rger som finns \u00e4r i regel genomskinlig, brun eller gr\u00f6n f\u00e4rg i olika nyanser. P\u00e5 senare tid kan man \u00e4ven finna bl\u00e5a flaskor och andra nya roliga f\u00e4rger som ger ett festligt intryck.<\/p>\n<p>Generellt s\u00e4tt anv\u00e4nder man genomskinliga flaskor till de unga och l\u00e4ttare vinerna, d.v.s b\u00e5de vita och r\u00f6da prim\u00f6rviner eller ros\u00e9viner som s\u00e4llan l\u00e4ggs p\u00e5 lagring. Dagsljus har tyv\u00e4rr en f\u00f6r\u00f6dande\u00a0inverkan p\u00e5 lagring av vin, speciellt\u00a0n\u00e4r det g\u00e4ller\u00a0mousserande vin och Champagne. R\u00f6da och vita lagringsviner brukar d\u00e4rf\u00f6r tappas p\u00e5 m\u00f6rka flaskor f\u00f6r att kunna skyddas mot dagsljus under en l\u00e4ngre period.<\/p>\n<p><img decoding=\"async\" style=\"--smush-placeholder-width: 339px; --smush-placeholder-aspect-ratio: 339\/512;float: left; height: 227px; width: 150px;\" data-src=\"https:\/\/www.ivinio.com\/wp-content\/uploads\/modules\/file\/pictures\/4845.red_wine_bottle_isolated.jpg\" src=\"data:image\/gif;base64,R0lGODlhAQABAAAAACH5BAEKAAEALAAAAAABAAEAAAICTAEAOw==\" class=\"lazyload\" \/> <img decoding=\"async\" style=\"--smush-placeholder-width: 352px; --smush-placeholder-aspect-ratio: 352\/512;float: left; height: 218px; width: 150px;\" data-src=\"https:\/\/www.ivinio.com\/wp-content\/uploads\/modules\/file\/pictures\/4846.red_wine_bottle.jpg\" src=\"data:image\/gif;base64,R0lGODlhAQABAAAAACH5BAEKAAEALAAAAAABAAEAAAICTAEAOw==\" class=\"lazyload\" \/><\/p>\n<p><strong>Formen :<\/strong> vissa former p\u00e5 flaskan \u00e4r lagstiftade s\u00e5som den avl\u00e5nga och l\u00e4ttigenk\u00e4nnerliga Alsaceflaskan, men oftast\u00a0\u00e4r det inte mer komplicerat \u00e4n att det \u00e4r traditionen i de olika vindistrikten som best\u00e4mt vilken form p\u00e5 flaskan som anv\u00e4nds. Den s.k. Bordeauxflaskan har h\u00f6ga axlar som s\u00e4gs h\u00e5lla tillbaka tanninerna.<\/p>\n<p>Den anv\u00e4nds ocks\u00e5 i hela sydv\u00e4stra Frankrike och i Languedoc-Roussillondistriktet. Den s.k. Bourgogneflaskan med h\u00e4ngande axlar har spridits till n\u00e4rliggande Beaujolais, ner till Rh\u00f4ne-dalen och \u00e4ven till Sancerre. Loire d\u00e4remot har sina egna, n\u00e5got avl\u00e5nga flaskor.<\/p>\n<p>I Italien anv\u00e4nds Bordeaux- och Bourgogneflaskor, men man har ocks\u00e5 egna former s\u00e5som Albeisaflaskan som liknar Bordeauxflaskan och anv\u00e4nds till Barolo och Barberaviner fr\u00e5n Piemonte. Till italienska vitviner n\u00e4mns ofta den avl\u00e5nga Renanaflaskan som h\u00e4rstammar fr\u00e5n den tyska Rhendalen och som liknar den tidigare n\u00e4mnda Alsaceflaskan.<\/p>\n<p>&nbsp;<\/p>\n<p><img decoding=\"async\" style=\"--smush-placeholder-width: 512px; --smush-placeholder-aspect-ratio: 512\/341;float: left; height: 180px; margin-left: 10px; margin-right: 10px; width: 270px;\" data-src=\"https:\/\/www.ivinio.com\/wp-content\/uploads\/modules\/file\/pictures\/4847.wine_cork.jpg\" src=\"data:image\/gif;base64,R0lGODlhAQABAAAAACH5BAEKAAEALAAAAAABAAEAAAICTAEAOw==\" class=\"lazyload\" \/><\/p>\n<p><strong>Naturkorken :<\/strong> f\u00f6rsluter fortfarande de flesta flaskor, speciellt n\u00e4r det g\u00e4ller h\u00f6gkvalitetsviner som ska lagras. Naturkork \u00e4r ett t\u00e4tslutande material som har en viss porositet f\u00f6r luftintag f\u00f6r att inte f\u00f6rsluta flaskan hermetiskt. Ju b\u00e4ttre vinet \u00e4r, desto l\u00e4ngre ska korken vara f\u00f6r en optimal lagring. Kvaliteten p\u00e5 korken har ocks\u00e5 betydelse. Den ska vara hel och inte ha n\u00e5gra sprickor om den ska klara av en lagring p\u00e5 ett 10-tal \u00e5r.<\/p>\n<p><strong>Skruvkapsyl :<\/strong> \u00e4r p\u00e5 frammarch. Trenden kommer framf\u00f6r allt fr\u00e5n Australien och Nya Zealand och m\u00e5nga handelsbolag i Bordeaux och Borgogne har i viss utstr\u00e4ckning b\u00f6rjat anv\u00e4nda skruvkapsylen som f\u00f6rsegling, speciellt f\u00f6r sina vita viner. Tillverkare av h\u00f6gkvalitetsviner \u00e4r dock fortfarande ganska skeptiska till denna form av f\u00f6rsegling.<\/p>\n<p><strong>Syntetisk kork :<\/strong> milj\u00f6v\u00e4nligt d\u00e5 det inte \u00e4r en naturprodukt. Funkar utm\u00e4rkt till yngre viner som inte ska lagras.<\/p>\n<p><strong>Storleken p\u00e5 flaskan :<\/strong> om \u201d75-centilitarn\u201d \u00e4r den vanligaste storleken vi k\u00e4nner till, s\u00e5 finns det faktiskt m\u00e5nga andra storlekar p\u00e5 flaskor som fr\u00e4mst anv\u00e4nds till festligare tillst\u00e4llningar. Varje flaskstorlek har ett speciellt namn som vi beskriver i tabellen nedan f\u00f6r franska viner. I Italien \u00e4r definitionen likartad, men med tillskottet av &#8220;Primato&#8221; (27 liter eller 36 flaskor) och &#8220;Melchisedec&#8221; (30 liter eller 40 flaskor). Observera att storleken skiljer sig beroende p\u00e5 var man befinner sig :<\/p>\n<table style=\"width: 60%;\">\n<tbody>\n<tr>\n<td>Flasknamn<\/td>\n<td>I Champagne<\/td>\n<td>I Bordeaux<\/td>\n<\/tr>\n<tr>\n<td>Magnum<\/td>\n<td>2 flaskor (1,5L)<\/td>\n<td>2 flaskor (1,5L)<\/td>\n<\/tr>\n<tr>\n<td>Dubbelmagnum<\/td>\n<td>4 flaskor (3L)<\/td>\n<td>4 flaskor (3L)<\/td>\n<\/tr>\n<tr>\n<td>J\u00e9roboam<\/td>\n<td>8 flaskor (6L)<\/td>\n<td>6 flaskor (4,5L)<\/td>\n<\/tr>\n<tr>\n<td>Malthusalem<\/td>\n<td>12 flaskor (9L)<\/td>\n<td>12 flaskor (9L)<\/td>\n<\/tr>\n<tr>\n<td>Salmanazar<\/td>\n<td>12 flaskor (9L)<\/td>\n<td><\/td>\n<\/tr>\n<tr>\n<td>Balthazar<\/td>\n<td>16 flaskor (12L)<\/td>\n<td><\/td>\n<\/tr>\n<tr>\n<td>Nabuchodonosor<\/td>\n<td>20 flaskor (15 L)<\/td>\n<td>20 flaskor (15 L)<\/td>\n<\/tr>\n<\/tbody>\n<\/table>\n","protected":false},"excerpt":{"rendered":"<p>Vin \u00e4r en dryck som ibland allf\u00f6r ofta f\u00f6rknippas med historia och tradition och det \u00e4r kanske i den bem\u00e4rkelsen som nyt\u00e4nkande och innovation kring f\u00f6rpackningen varit ganska l\u00e5ngsam i j\u00e4mf\u00f6relse med andra drycker. P\u00e5 senare \u00e5r har dock saker och ting f\u00f6r\u00e4ndrats. Nya praktiska material som bag-in-box, aluminiumflaskor, PET-flaskor och tetra-packs har revolutionerat marknaden. [&hellip;]<\/p>\n","protected":false},"author":1746,"featured_media":0,"parent":68059,"menu_order":0,"comment_status":"open","ping_status":"closed","template":"","meta":{"_monsterinsights_skip_tracking":false,"_monsterinsights_sitenote_active":false,"_monsterinsights_sitenote_note":"","_monsterinsights_sitenote_category":0,"_uf_show_specific_survey":0,"_uf_disable_surveys":false,"footnotes":""},"class_list":["post-68071","page","type-page","status-publish","hentry"],"yoast_head":"<!-- This site is optimized with the Yoast SEO plugin v27.3 - https:\/\/yoast.com\/product\/yoast-seo-wordpress\/ -->\n<title>Flaskan eller f\u00f6rpackningen - IVINIO Vinbutik<\/title>\n<meta name=\"description\" content=\"Vin \u00e4r en dryck som ibland allf\u00f6r ofta f\u00f6rknippas med historia och tradition och det \u00e4r kanske i den bem\u00e4rkelsen som nyt\u00e4nkande och innovation kring f\u00f6rpackningen varit ganska l\u00e5ngsam i j\u00e4mf\u00f6relse med andra drycker. P\u00e5 senare \u00e5r har dock saker och ting f\u00f6r\u00e4ndrats.\" \/>\n<meta name=\"robots\" content=\"index, follow, max-snippet:-1, max-image-preview:large, max-video-preview:-1\" \/>\n<link rel=\"canonical\" href=\"https:\/\/www.ivinio.com\/sv\/vin-rad\/flaskan-eller-forpackningen\/\" \/>\n<meta property=\"og:locale\" content=\"sv_SE\" \/>\n<meta property=\"og:type\" content=\"article\" \/>\n<meta property=\"og:title\" content=\"Flaskan eller f\u00f6rpackningen - IVINIO Vinbutik\" \/>\n<meta property=\"og:description\" content=\"Vin \u00e4r en dryck som ibland allf\u00f6r ofta f\u00f6rknippas med historia och tradition och det \u00e4r kanske i den bem\u00e4rkelsen som nyt\u00e4nkande och innovation kring f\u00f6rpackningen varit ganska l\u00e5ngsam i j\u00e4mf\u00f6relse med andra drycker. P\u00e5 senare \u00e5r har dock saker och ting f\u00f6r\u00e4ndrats.\" \/>\n<meta property=\"og:url\" content=\"https:\/\/www.ivinio.com\/sv\/vin-rad\/flaskan-eller-forpackningen\/\" \/>\n<meta property=\"og:site_name\" content=\"IVINIO Vinbutik\" \/>\n<meta property=\"article:publisher\" content=\"https:\/\/www.facebook.com\/groups\/165217837022391\/?ref=bookmarks\" \/>\n<meta property=\"article:modified_time\" content=\"2021-09-15T22:07:27+00:00\" \/>\n<meta property=\"og:image\" content=\"https:\/\/www.ivinio.com\/wp-content\/uploads\/modules\/file\/pictures\/4844.vin_emballage.jpg\" \/>\n<meta name=\"twitter:card\" content=\"summary_large_image\" \/>\n<meta name=\"twitter:label1\" content=\"Ber\u00e4knad l\u00e4stid\" \/>\n\t<meta name=\"twitter:data1\" content=\"4 minuter\" \/>\n<script type=\"application\/ld+json\" class=\"yoast-schema-graph\">{\"@context\":\"https:\\\/\\\/schema.org\",\"@graph\":[{\"@type\":\"WebPage\",\"@id\":\"https:\\\/\\\/www.ivinio.com\\\/sv\\\/vin-rad\\\/flaskan-eller-forpackningen\\\/\",\"url\":\"https:\\\/\\\/www.ivinio.com\\\/sv\\\/vin-rad\\\/flaskan-eller-forpackningen\\\/\",\"name\":\"Flaskan eller f\u00f6rpackningen - IVINIO Vinbutik\",\"isPartOf\":{\"@id\":\"https:\\\/\\\/www.ivinio.com\\\/sv\\\/#website\"},\"primaryImageOfPage\":{\"@id\":\"https:\\\/\\\/www.ivinio.com\\\/sv\\\/vin-rad\\\/flaskan-eller-forpackningen\\\/#primaryimage\"},\"image\":{\"@id\":\"https:\\\/\\\/www.ivinio.com\\\/sv\\\/vin-rad\\\/flaskan-eller-forpackningen\\\/#primaryimage\"},\"thumbnailUrl\":\"https:\\\/\\\/www.ivinio.com\\\/wp-content\\\/uploads\\\/modules\\\/file\\\/pictures\\\/4844.vin_emballage.jpg\",\"datePublished\":\"2014-05-30T15:54:30+00:00\",\"dateModified\":\"2021-09-15T22:07:27+00:00\",\"description\":\"Vin \u00e4r en dryck som ibland allf\u00f6r ofta f\u00f6rknippas med historia och tradition och det \u00e4r kanske i den bem\u00e4rkelsen som nyt\u00e4nkande och innovation kring f\u00f6rpackningen varit ganska l\u00e5ngsam i j\u00e4mf\u00f6relse med andra drycker. P\u00e5 senare \u00e5r har dock saker och ting f\u00f6r\u00e4ndrats.\",\"breadcrumb\":{\"@id\":\"https:\\\/\\\/www.ivinio.com\\\/sv\\\/vin-rad\\\/flaskan-eller-forpackningen\\\/#breadcrumb\"},\"inLanguage\":\"sv-SE\",\"potentialAction\":[{\"@type\":\"ReadAction\",\"target\":[\"https:\\\/\\\/www.ivinio.com\\\/sv\\\/vin-rad\\\/flaskan-eller-forpackningen\\\/\"]}]},{\"@type\":\"ImageObject\",\"inLanguage\":\"sv-SE\",\"@id\":\"https:\\\/\\\/www.ivinio.com\\\/sv\\\/vin-rad\\\/flaskan-eller-forpackningen\\\/#primaryimage\",\"url\":\"https:\\\/\\\/www.ivinio.com\\\/wp-content\\\/uploads\\\/modules\\\/file\\\/pictures\\\/4844.vin_emballage.jpg\",\"contentUrl\":\"https:\\\/\\\/www.ivinio.com\\\/wp-content\\\/uploads\\\/modules\\\/file\\\/pictures\\\/4844.vin_emballage.jpg\"},{\"@type\":\"BreadcrumbList\",\"@id\":\"https:\\\/\\\/www.ivinio.com\\\/sv\\\/vin-rad\\\/flaskan-eller-forpackningen\\\/#breadcrumb\",\"itemListElement\":[{\"@type\":\"ListItem\",\"position\":1,\"name\":\"Hem\",\"item\":\"https:\\\/\\\/www.ivinio.com\\\/sv\\\/\"},{\"@type\":\"ListItem\",\"position\":2,\"name\":\"Vin &#038; r\u00e5d\",\"item\":\"https:\\\/\\\/www.ivinio.com\\\/sv\\\/vin-rad\\\/\"},{\"@type\":\"ListItem\",\"position\":3,\"name\":\"Flaskan eller f\u00f6rpackningen\"}]},{\"@type\":\"WebSite\",\"@id\":\"https:\\\/\\\/www.ivinio.com\\\/sv\\\/#website\",\"url\":\"https:\\\/\\\/www.ivinio.com\\\/sv\\\/\",\"name\":\"IVINIO Vinbutik\",\"description\":\"Vin fr\u00e5n Frankrike och Italien med leverans hem till din d\u00f6rr\",\"publisher\":{\"@id\":\"https:\\\/\\\/www.ivinio.com\\\/sv\\\/#organization\"},\"potentialAction\":[{\"@type\":\"SearchAction\",\"target\":{\"@type\":\"EntryPoint\",\"urlTemplate\":\"https:\\\/\\\/www.ivinio.com\\\/sv\\\/?s={search_term_string}\"},\"query-input\":{\"@type\":\"PropertyValueSpecification\",\"valueRequired\":true,\"valueName\":\"search_term_string\"}}],\"inLanguage\":\"sv-SE\"},{\"@type\":\"Organization\",\"@id\":\"https:\\\/\\\/www.ivinio.com\\\/sv\\\/#organization\",\"name\":\"IVINIO\",\"url\":\"https:\\\/\\\/www.ivinio.com\\\/sv\\\/\",\"logo\":{\"@type\":\"ImageObject\",\"inLanguage\":\"sv-SE\",\"@id\":\"https:\\\/\\\/www.ivinio.com\\\/sv\\\/#\\\/schema\\\/logo\\\/image\\\/\",\"url\":\"https:\\\/\\\/www.ivinio.com\\\/wp-content\\\/uploads\\\/2021\\\/01\\\/Logo-Ivinio-v2.jpg\",\"contentUrl\":\"https:\\\/\\\/www.ivinio.com\\\/wp-content\\\/uploads\\\/2021\\\/01\\\/Logo-Ivinio-v2.jpg\",\"width\":1194,\"height\":1194,\"caption\":\"IVINIO\"},\"image\":{\"@id\":\"https:\\\/\\\/www.ivinio.com\\\/sv\\\/#\\\/schema\\\/logo\\\/image\\\/\"},\"sameAs\":[\"https:\\\/\\\/www.facebook.com\\\/groups\\\/165217837022391\\\/?ref=bookmarks\",\"https:\\\/\\\/www.instagram.com\\\/_ivinio_\\\/?hl=fr\"]}]}<\/script>\n<!-- \/ Yoast SEO plugin. -->","yoast_head_json":{"title":"Flaskan eller f\u00f6rpackningen - IVINIO Vinbutik","description":"Vin \u00e4r en dryck som ibland allf\u00f6r ofta f\u00f6rknippas med historia och tradition och det \u00e4r kanske i den bem\u00e4rkelsen som nyt\u00e4nkande och innovation kring f\u00f6rpackningen varit ganska l\u00e5ngsam i j\u00e4mf\u00f6relse med andra drycker. P\u00e5 senare \u00e5r har dock saker och ting f\u00f6r\u00e4ndrats.","robots":{"index":"index","follow":"follow","max-snippet":"max-snippet:-1","max-image-preview":"max-image-preview:large","max-video-preview":"max-video-preview:-1"},"canonical":"https:\/\/www.ivinio.com\/sv\/vin-rad\/flaskan-eller-forpackningen\/","og_locale":"sv_SE","og_type":"article","og_title":"Flaskan eller f\u00f6rpackningen - IVINIO Vinbutik","og_description":"Vin \u00e4r en dryck som ibland allf\u00f6r ofta f\u00f6rknippas med historia och tradition och det \u00e4r kanske i den bem\u00e4rkelsen som nyt\u00e4nkande och innovation kring f\u00f6rpackningen varit ganska l\u00e5ngsam i j\u00e4mf\u00f6relse med andra drycker. P\u00e5 senare \u00e5r har dock saker och ting f\u00f6r\u00e4ndrats.","og_url":"https:\/\/www.ivinio.com\/sv\/vin-rad\/flaskan-eller-forpackningen\/","og_site_name":"IVINIO Vinbutik","article_publisher":"https:\/\/www.facebook.com\/groups\/165217837022391\/?ref=bookmarks","article_modified_time":"2021-09-15T22:07:27+00:00","og_image":[{"url":"https:\/\/www.ivinio.com\/wp-content\/uploads\/modules\/file\/pictures\/4844.vin_emballage.jpg","type":"","width":"","height":""}],"twitter_card":"summary_large_image","twitter_misc":{"Ber\u00e4knad l\u00e4stid":"4 minuter"},"schema":{"@context":"https:\/\/schema.org","@graph":[{"@type":"WebPage","@id":"https:\/\/www.ivinio.com\/sv\/vin-rad\/flaskan-eller-forpackningen\/","url":"https:\/\/www.ivinio.com\/sv\/vin-rad\/flaskan-eller-forpackningen\/","name":"Flaskan eller f\u00f6rpackningen - IVINIO Vinbutik","isPartOf":{"@id":"https:\/\/www.ivinio.com\/sv\/#website"},"primaryImageOfPage":{"@id":"https:\/\/www.ivinio.com\/sv\/vin-rad\/flaskan-eller-forpackningen\/#primaryimage"},"image":{"@id":"https:\/\/www.ivinio.com\/sv\/vin-rad\/flaskan-eller-forpackningen\/#primaryimage"},"thumbnailUrl":"https:\/\/www.ivinio.com\/wp-content\/uploads\/modules\/file\/pictures\/4844.vin_emballage.jpg","datePublished":"2014-05-30T15:54:30+00:00","dateModified":"2021-09-15T22:07:27+00:00","description":"Vin \u00e4r en dryck som ibland allf\u00f6r ofta f\u00f6rknippas med historia och tradition och det \u00e4r kanske i den bem\u00e4rkelsen som nyt\u00e4nkande och innovation kring f\u00f6rpackningen varit ganska l\u00e5ngsam i j\u00e4mf\u00f6relse med andra drycker. P\u00e5 senare \u00e5r har dock saker och ting f\u00f6r\u00e4ndrats.","breadcrumb":{"@id":"https:\/\/www.ivinio.com\/sv\/vin-rad\/flaskan-eller-forpackningen\/#breadcrumb"},"inLanguage":"sv-SE","potentialAction":[{"@type":"ReadAction","target":["https:\/\/www.ivinio.com\/sv\/vin-rad\/flaskan-eller-forpackningen\/"]}]},{"@type":"ImageObject","inLanguage":"sv-SE","@id":"https:\/\/www.ivinio.com\/sv\/vin-rad\/flaskan-eller-forpackningen\/#primaryimage","url":"https:\/\/www.ivinio.com\/wp-content\/uploads\/modules\/file\/pictures\/4844.vin_emballage.jpg","contentUrl":"https:\/\/www.ivinio.com\/wp-content\/uploads\/modules\/file\/pictures\/4844.vin_emballage.jpg"},{"@type":"BreadcrumbList","@id":"https:\/\/www.ivinio.com\/sv\/vin-rad\/flaskan-eller-forpackningen\/#breadcrumb","itemListElement":[{"@type":"ListItem","position":1,"name":"Hem","item":"https:\/\/www.ivinio.com\/sv\/"},{"@type":"ListItem","position":2,"name":"Vin &#038; r\u00e5d","item":"https:\/\/www.ivinio.com\/sv\/vin-rad\/"},{"@type":"ListItem","position":3,"name":"Flaskan eller f\u00f6rpackningen"}]},{"@type":"WebSite","@id":"https:\/\/www.ivinio.com\/sv\/#website","url":"https:\/\/www.ivinio.com\/sv\/","name":"IVINIO Vinbutik","description":"Vin fr\u00e5n Frankrike och Italien med leverans hem till din d\u00f6rr","publisher":{"@id":"https:\/\/www.ivinio.com\/sv\/#organization"},"potentialAction":[{"@type":"SearchAction","target":{"@type":"EntryPoint","urlTemplate":"https:\/\/www.ivinio.com\/sv\/?s={search_term_string}"},"query-input":{"@type":"PropertyValueSpecification","valueRequired":true,"valueName":"search_term_string"}}],"inLanguage":"sv-SE"},{"@type":"Organization","@id":"https:\/\/www.ivinio.com\/sv\/#organization","name":"IVINIO","url":"https:\/\/www.ivinio.com\/sv\/","logo":{"@type":"ImageObject","inLanguage":"sv-SE","@id":"https:\/\/www.ivinio.com\/sv\/#\/schema\/logo\/image\/","url":"https:\/\/www.ivinio.com\/wp-content\/uploads\/2021\/01\/Logo-Ivinio-v2.jpg","contentUrl":"https:\/\/www.ivinio.com\/wp-content\/uploads\/2021\/01\/Logo-Ivinio-v2.jpg","width":1194,"height":1194,"caption":"IVINIO"},"image":{"@id":"https:\/\/www.ivinio.com\/sv\/#\/schema\/logo\/image\/"},"sameAs":["https:\/\/www.facebook.com\/groups\/165217837022391\/?ref=bookmarks","https:\/\/www.instagram.com\/_ivinio_\/?hl=fr"]}]}},"jetpack_shortlink":"https:\/\/wp.me\/PcK36q-hHV","jetpack_sharing_enabled":true,"_links":{"self":[{"href":"https:\/\/www.ivinio.com\/sv\/wp-json\/wp\/v2\/pages\/68071","targetHints":{"allow":["GET"]}}],"collection":[{"href":"https:\/\/www.ivinio.com\/sv\/wp-json\/wp\/v2\/pages"}],"about":[{"href":"https:\/\/www.ivinio.com\/sv\/wp-json\/wp\/v2\/types\/page"}],"author":[{"embeddable":true,"href":"https:\/\/www.ivinio.com\/sv\/wp-json\/wp\/v2\/users\/1746"}],"replies":[{"embeddable":true,"href":"https:\/\/www.ivinio.com\/sv\/wp-json\/wp\/v2\/comments?post=68071"}],"version-history":[{"count":0,"href":"https:\/\/www.ivinio.com\/sv\/wp-json\/wp\/v2\/pages\/68071\/revisions"}],"up":[{"embeddable":true,"href":"https:\/\/www.ivinio.com\/sv\/wp-json\/wp\/v2\/pages\/68059"}],"wp:attachment":[{"href":"https:\/\/www.ivinio.com\/sv\/wp-json\/wp\/v2\/media?parent=68071"}],"curies":[{"name":"wp","href":"https:\/\/api.w.org\/{rel}","templated":true}]}}