{"id":68068,"date":"2014-05-30T15:51:34","date_gmt":"2014-05-30T15:51:34","guid":{"rendered":"https:\/\/henrik.www.ivinio.com\/?p=68068"},"modified":"2021-09-16T00:11:27","modified_gmt":"2021-09-15T22:11:27","slug":"vinets-temperatur","status":"publish","type":"page","link":"https:\/\/www.ivinio.com\/sv\/vin-rad\/vinets-temperatur\/","title":{"rendered":"Vinets temperatur"},"content":{"rendered":"<p>Att se \u00f6ver temperaturen p\u00e5 sitt vin innan det ska drickas \u00e4r relativt enkelt, men tyv\u00e4rr \u00e4r det en del av f\u00f6rberedandet av provsmakningen som alltf\u00f6r ofta ignoreras. N\u00e4r man v\u00e4l valt vilket vin man vill dricka till maten fokuseras all energi p\u00e5 matlagningen och vinflaskan gl\u00f6ms tillf\u00e4lligt bort.<\/p>\n<p>Allt som beh\u00f6vs \u00e4r faktiskt bara att l\u00e5ta flaskan g\u00f6ra ett kort bes\u00f6k i kylsk\u00e5pet tillsammans med en vintermometer som m\u00e4ter av den exakta temperaturen. Vintermometrar finns att k\u00f6pa i olika former och de \u00e4r en god investering f\u00f6r den som \u00e4r intresserad av vin . Ett och samma vin kan ge v\u00e4ldigt olika smaksensationer beroende p\u00e5\u00a0vid vilken temperatur som vinet serveras.<\/p>\n<p>Ett vin som serveras f\u00f6r varmt blir l\u00e4tt f\u00f6r tungt och framh\u00e4ver alkoholsmaken vilket \u00e4r f\u00f6r\u00f6dande om vinet \u00e4r kraftigt och alkoholstarkt. Ett alltf\u00f6r nerkylt vin \u00e5 andra sidan, f\u00f6rlorar sina aromatiska egenskaper och kan l\u00e4tt bli \u201cstumt\u201d och kort i eftersmaken.<\/p>\n<p><img decoding=\"async\" style=\"--smush-placeholder-width: 384px; --smush-placeholder-aspect-ratio: 384\/512;float: left; height: 266px; margin-left: 10px; margin-right: 10px; width: 384px;\" data-src=\"https:\/\/www.ivinio.com\/wp-content\/uploads\/modules\/file\/pictures\/4836.vin_tonneaux.jpg\" src=\"data:image\/gif;base64,R0lGODlhAQABAAAAACH5BAEKAAEALAAAAAABAAEAAAICTAEAOw==\" class=\"lazyload\" \/><\/p>\n<p>Om vi b\u00f6rjar med r\u00f6dvinerna, s\u00e5 sades det f\u00f6rr att ett r\u00f6dvin skulle serveras \u00ab chambrerat \u00bb, d.v.s. i rumstemperatur. Riktigt s\u00e5 enkelt \u00e4r det inte f\u00f6r alla r\u00f6dviner g\u00e5r inte att dra \u00f6ver en kam. Dessutom fungerade den regeln relativt bra f\u00f6rr i tiden d\u00e5 temperaturen inomhus s\u00e4llan \u00f6versteg 20\u00b0. I dag men v\u00e5rt moderna boende h\u00e5ller inomhustemperaturen ofta 22-23\u00b0 vilket \u00e4r f\u00f6r varmt f\u00f6r att servera r\u00f6dvin. Speciellt kraftigare viner fr\u00e5n medelhavsregionerna blir tunga och f\u00f6rst\u00e4rker alkoholsmaken n\u00e4r de serveras f\u00f6r varma.<\/p>\n<p>N\u00e4r det kommer till vitvinerna \u00e4r det tv\u00e4rt om. Man kan gott servera ett ekfatslagrat vitvin med n\u00e5gra \u00e5r p\u00e5 nacken lite varmare \u00e4n de yngre, friskare och mineraliska vitvinerna. Smakaromerna \u00f6ppnar sig med v\u00e4rmen och kommer b\u00e4ttre till sin r\u00e4tt \u00e4n om vinet \u00e4r starkt nedkylt. Nedan finner du en tabell som ger dig en riktlinje f\u00f6r hur viner ska serveras beroende p\u00e5 vilken region i Frankrike de kommer ifr\u00e5n.<\/p>\n","protected":false},"excerpt":{"rendered":"<p>Att se \u00f6ver temperaturen p\u00e5 sitt vin innan det ska drickas \u00e4r relativt enkelt, men tyv\u00e4rr \u00e4r det en del av f\u00f6rberedandet av provsmakningen som alltf\u00f6r ofta ignoreras. N\u00e4r man v\u00e4l valt vilket vin man vill dricka till maten fokuseras all energi p\u00e5 matlagningen och vinflaskan gl\u00f6ms tillf\u00e4lligt bort. Allt som beh\u00f6vs \u00e4r faktiskt bara [&hellip;]<\/p>\n","protected":false},"author":1746,"featured_media":0,"parent":68059,"menu_order":0,"comment_status":"open","ping_status":"closed","template":"","meta":{"_monsterinsights_skip_tracking":false,"_monsterinsights_sitenote_active":false,"_monsterinsights_sitenote_note":"","_monsterinsights_sitenote_category":0,"_uf_show_specific_survey":0,"_uf_disable_surveys":false,"footnotes":""},"class_list":["post-68068","page","type-page","status-publish","hentry"],"yoast_head":"<!-- This site is optimized with the Yoast SEO plugin v27.5 - https:\/\/yoast.com\/product\/yoast-seo-wordpress\/ -->\n<title>Vinets temperatur - IVINIO Vinbutik<\/title>\n<meta name=\"description\" content=\"Att se \u00f6ver temperaturen p\u00e5 sitt vin innan det ska drickas \u00e4r relativt enkelt, men tyv\u00e4rr \u00e4r det en del av f\u00f6rberedandet av provsmakningen som alltf\u00f6r ofta ignoreras. N\u00e4r man v\u00e4l valt vilket vin man vill dricka till maten fokuseras all energi p\u00e5 matlagningen och vinflaskan gl\u00f6ms tillf\u00e4lligt bort.\" \/>\n<meta name=\"robots\" content=\"index, follow, max-snippet:-1, max-image-preview:large, max-video-preview:-1\" \/>\n<link rel=\"canonical\" href=\"https:\/\/www.ivinio.com\/sv\/vin-rad\/vinets-temperatur\/\" \/>\n<meta property=\"og:locale\" content=\"sv_SE\" \/>\n<meta property=\"og:type\" content=\"article\" \/>\n<meta property=\"og:title\" content=\"Vinets temperatur - IVINIO Vinbutik\" \/>\n<meta property=\"og:description\" content=\"Att se \u00f6ver temperaturen p\u00e5 sitt vin innan det ska drickas \u00e4r relativt enkelt, men tyv\u00e4rr \u00e4r det en del av f\u00f6rberedandet av provsmakningen som alltf\u00f6r ofta ignoreras. N\u00e4r man v\u00e4l valt vilket vin man vill dricka till maten fokuseras all energi p\u00e5 matlagningen och vinflaskan gl\u00f6ms tillf\u00e4lligt bort.\" \/>\n<meta property=\"og:url\" content=\"https:\/\/www.ivinio.com\/sv\/vin-rad\/vinets-temperatur\/\" \/>\n<meta property=\"og:site_name\" content=\"IVINIO Vinbutik\" \/>\n<meta property=\"article:publisher\" content=\"https:\/\/www.facebook.com\/groups\/165217837022391\/?ref=bookmarks\" \/>\n<meta property=\"article:modified_time\" content=\"2021-09-15T22:11:27+00:00\" \/>\n<meta property=\"og:image\" content=\"https:\/\/www.ivinio.com\/wp-content\/uploads\/modules\/file\/pictures\/4836.vin_tonneaux.jpg\" \/>\n<meta name=\"twitter:card\" content=\"summary_large_image\" \/>\n<meta name=\"twitter:label1\" content=\"Ber\u00e4knad l\u00e4stid\" \/>\n\t<meta name=\"twitter:data1\" content=\"2 minuter\" \/>\n<script type=\"application\/ld+json\" class=\"yoast-schema-graph\">{\"@context\":\"https:\\\/\\\/schema.org\",\"@graph\":[{\"@type\":\"WebPage\",\"@id\":\"https:\\\/\\\/www.ivinio.com\\\/sv\\\/vin-rad\\\/vinets-temperatur\\\/\",\"url\":\"https:\\\/\\\/www.ivinio.com\\\/sv\\\/vin-rad\\\/vinets-temperatur\\\/\",\"name\":\"Vinets temperatur - IVINIO Vinbutik\",\"isPartOf\":{\"@id\":\"https:\\\/\\\/www.ivinio.com\\\/sv\\\/#website\"},\"primaryImageOfPage\":{\"@id\":\"https:\\\/\\\/www.ivinio.com\\\/sv\\\/vin-rad\\\/vinets-temperatur\\\/#primaryimage\"},\"image\":{\"@id\":\"https:\\\/\\\/www.ivinio.com\\\/sv\\\/vin-rad\\\/vinets-temperatur\\\/#primaryimage\"},\"thumbnailUrl\":\"https:\\\/\\\/www.ivinio.com\\\/wp-content\\\/uploads\\\/modules\\\/file\\\/pictures\\\/4836.vin_tonneaux.jpg\",\"datePublished\":\"2014-05-30T15:51:34+00:00\",\"dateModified\":\"2021-09-15T22:11:27+00:00\",\"description\":\"Att se \u00f6ver temperaturen p\u00e5 sitt vin innan det ska drickas \u00e4r relativt enkelt, men tyv\u00e4rr \u00e4r det en del av f\u00f6rberedandet av provsmakningen som alltf\u00f6r ofta ignoreras. N\u00e4r man v\u00e4l valt vilket vin man vill dricka till maten fokuseras all energi p\u00e5 matlagningen och vinflaskan gl\u00f6ms tillf\u00e4lligt bort.\",\"breadcrumb\":{\"@id\":\"https:\\\/\\\/www.ivinio.com\\\/sv\\\/vin-rad\\\/vinets-temperatur\\\/#breadcrumb\"},\"inLanguage\":\"sv-SE\",\"potentialAction\":[{\"@type\":\"ReadAction\",\"target\":[\"https:\\\/\\\/www.ivinio.com\\\/sv\\\/vin-rad\\\/vinets-temperatur\\\/\"]}]},{\"@type\":\"ImageObject\",\"inLanguage\":\"sv-SE\",\"@id\":\"https:\\\/\\\/www.ivinio.com\\\/sv\\\/vin-rad\\\/vinets-temperatur\\\/#primaryimage\",\"url\":\"https:\\\/\\\/www.ivinio.com\\\/wp-content\\\/uploads\\\/modules\\\/file\\\/pictures\\\/4836.vin_tonneaux.jpg\",\"contentUrl\":\"https:\\\/\\\/www.ivinio.com\\\/wp-content\\\/uploads\\\/modules\\\/file\\\/pictures\\\/4836.vin_tonneaux.jpg\"},{\"@type\":\"BreadcrumbList\",\"@id\":\"https:\\\/\\\/www.ivinio.com\\\/sv\\\/vin-rad\\\/vinets-temperatur\\\/#breadcrumb\",\"itemListElement\":[{\"@type\":\"ListItem\",\"position\":1,\"name\":\"Hem\",\"item\":\"https:\\\/\\\/www.ivinio.com\\\/sv\\\/\"},{\"@type\":\"ListItem\",\"position\":2,\"name\":\"Vin &#038; r\u00e5d\",\"item\":\"https:\\\/\\\/www.ivinio.com\\\/sv\\\/vin-rad\\\/\"},{\"@type\":\"ListItem\",\"position\":3,\"name\":\"Vinets temperatur\"}]},{\"@type\":\"WebSite\",\"@id\":\"https:\\\/\\\/www.ivinio.com\\\/sv\\\/#website\",\"url\":\"https:\\\/\\\/www.ivinio.com\\\/sv\\\/\",\"name\":\"IVINIO Vinbutik\",\"description\":\"Vin fr\u00e5n Frankrike och Italien med leverans hem till din d\u00f6rr\",\"publisher\":{\"@id\":\"https:\\\/\\\/www.ivinio.com\\\/sv\\\/#organization\"},\"potentialAction\":[{\"@type\":\"SearchAction\",\"target\":{\"@type\":\"EntryPoint\",\"urlTemplate\":\"https:\\\/\\\/www.ivinio.com\\\/sv\\\/?s={search_term_string}\"},\"query-input\":{\"@type\":\"PropertyValueSpecification\",\"valueRequired\":true,\"valueName\":\"search_term_string\"}}],\"inLanguage\":\"sv-SE\"},{\"@type\":\"Organization\",\"@id\":\"https:\\\/\\\/www.ivinio.com\\\/sv\\\/#organization\",\"name\":\"IVINIO\",\"url\":\"https:\\\/\\\/www.ivinio.com\\\/sv\\\/\",\"logo\":{\"@type\":\"ImageObject\",\"inLanguage\":\"sv-SE\",\"@id\":\"https:\\\/\\\/www.ivinio.com\\\/sv\\\/#\\\/schema\\\/logo\\\/image\\\/\",\"url\":\"https:\\\/\\\/www.ivinio.com\\\/wp-content\\\/uploads\\\/2021\\\/01\\\/Logo-Ivinio-v2.jpg\",\"contentUrl\":\"https:\\\/\\\/www.ivinio.com\\\/wp-content\\\/uploads\\\/2021\\\/01\\\/Logo-Ivinio-v2.jpg\",\"width\":1194,\"height\":1194,\"caption\":\"IVINIO\"},\"image\":{\"@id\":\"https:\\\/\\\/www.ivinio.com\\\/sv\\\/#\\\/schema\\\/logo\\\/image\\\/\"},\"sameAs\":[\"https:\\\/\\\/www.facebook.com\\\/groups\\\/165217837022391\\\/?ref=bookmarks\",\"https:\\\/\\\/www.instagram.com\\\/_ivinio_\\\/?hl=fr\"]}]}<\/script>\n<!-- \/ Yoast SEO plugin. -->","yoast_head_json":{"title":"Vinets temperatur - IVINIO Vinbutik","description":"Att se \u00f6ver temperaturen p\u00e5 sitt vin innan det ska drickas \u00e4r relativt enkelt, men tyv\u00e4rr \u00e4r det en del av f\u00f6rberedandet av provsmakningen som alltf\u00f6r ofta ignoreras. N\u00e4r man v\u00e4l valt vilket vin man vill dricka till maten fokuseras all energi p\u00e5 matlagningen och vinflaskan gl\u00f6ms tillf\u00e4lligt bort.","robots":{"index":"index","follow":"follow","max-snippet":"max-snippet:-1","max-image-preview":"max-image-preview:large","max-video-preview":"max-video-preview:-1"},"canonical":"https:\/\/www.ivinio.com\/sv\/vin-rad\/vinets-temperatur\/","og_locale":"sv_SE","og_type":"article","og_title":"Vinets temperatur - IVINIO Vinbutik","og_description":"Att se \u00f6ver temperaturen p\u00e5 sitt vin innan det ska drickas \u00e4r relativt enkelt, men tyv\u00e4rr \u00e4r det en del av f\u00f6rberedandet av provsmakningen som alltf\u00f6r ofta ignoreras. N\u00e4r man v\u00e4l valt vilket vin man vill dricka till maten fokuseras all energi p\u00e5 matlagningen och vinflaskan gl\u00f6ms tillf\u00e4lligt bort.","og_url":"https:\/\/www.ivinio.com\/sv\/vin-rad\/vinets-temperatur\/","og_site_name":"IVINIO Vinbutik","article_publisher":"https:\/\/www.facebook.com\/groups\/165217837022391\/?ref=bookmarks","article_modified_time":"2021-09-15T22:11:27+00:00","og_image":[{"url":"https:\/\/www.ivinio.com\/wp-content\/uploads\/modules\/file\/pictures\/4836.vin_tonneaux.jpg","type":"","width":"","height":""}],"twitter_card":"summary_large_image","twitter_misc":{"Ber\u00e4knad l\u00e4stid":"2 minuter"},"schema":{"@context":"https:\/\/schema.org","@graph":[{"@type":"WebPage","@id":"https:\/\/www.ivinio.com\/sv\/vin-rad\/vinets-temperatur\/","url":"https:\/\/www.ivinio.com\/sv\/vin-rad\/vinets-temperatur\/","name":"Vinets temperatur - IVINIO Vinbutik","isPartOf":{"@id":"https:\/\/www.ivinio.com\/sv\/#website"},"primaryImageOfPage":{"@id":"https:\/\/www.ivinio.com\/sv\/vin-rad\/vinets-temperatur\/#primaryimage"},"image":{"@id":"https:\/\/www.ivinio.com\/sv\/vin-rad\/vinets-temperatur\/#primaryimage"},"thumbnailUrl":"https:\/\/www.ivinio.com\/wp-content\/uploads\/modules\/file\/pictures\/4836.vin_tonneaux.jpg","datePublished":"2014-05-30T15:51:34+00:00","dateModified":"2021-09-15T22:11:27+00:00","description":"Att se \u00f6ver temperaturen p\u00e5 sitt vin innan det ska drickas \u00e4r relativt enkelt, men tyv\u00e4rr \u00e4r det en del av f\u00f6rberedandet av provsmakningen som alltf\u00f6r ofta ignoreras. N\u00e4r man v\u00e4l valt vilket vin man vill dricka till maten fokuseras all energi p\u00e5 matlagningen och vinflaskan gl\u00f6ms tillf\u00e4lligt bort.","breadcrumb":{"@id":"https:\/\/www.ivinio.com\/sv\/vin-rad\/vinets-temperatur\/#breadcrumb"},"inLanguage":"sv-SE","potentialAction":[{"@type":"ReadAction","target":["https:\/\/www.ivinio.com\/sv\/vin-rad\/vinets-temperatur\/"]}]},{"@type":"ImageObject","inLanguage":"sv-SE","@id":"https:\/\/www.ivinio.com\/sv\/vin-rad\/vinets-temperatur\/#primaryimage","url":"https:\/\/www.ivinio.com\/wp-content\/uploads\/modules\/file\/pictures\/4836.vin_tonneaux.jpg","contentUrl":"https:\/\/www.ivinio.com\/wp-content\/uploads\/modules\/file\/pictures\/4836.vin_tonneaux.jpg"},{"@type":"BreadcrumbList","@id":"https:\/\/www.ivinio.com\/sv\/vin-rad\/vinets-temperatur\/#breadcrumb","itemListElement":[{"@type":"ListItem","position":1,"name":"Hem","item":"https:\/\/www.ivinio.com\/sv\/"},{"@type":"ListItem","position":2,"name":"Vin &#038; r\u00e5d","item":"https:\/\/www.ivinio.com\/sv\/vin-rad\/"},{"@type":"ListItem","position":3,"name":"Vinets temperatur"}]},{"@type":"WebSite","@id":"https:\/\/www.ivinio.com\/sv\/#website","url":"https:\/\/www.ivinio.com\/sv\/","name":"IVINIO Vinbutik","description":"Vin fr\u00e5n Frankrike och Italien med leverans hem till din d\u00f6rr","publisher":{"@id":"https:\/\/www.ivinio.com\/sv\/#organization"},"potentialAction":[{"@type":"SearchAction","target":{"@type":"EntryPoint","urlTemplate":"https:\/\/www.ivinio.com\/sv\/?s={search_term_string}"},"query-input":{"@type":"PropertyValueSpecification","valueRequired":true,"valueName":"search_term_string"}}],"inLanguage":"sv-SE"},{"@type":"Organization","@id":"https:\/\/www.ivinio.com\/sv\/#organization","name":"IVINIO","url":"https:\/\/www.ivinio.com\/sv\/","logo":{"@type":"ImageObject","inLanguage":"sv-SE","@id":"https:\/\/www.ivinio.com\/sv\/#\/schema\/logo\/image\/","url":"https:\/\/www.ivinio.com\/wp-content\/uploads\/2021\/01\/Logo-Ivinio-v2.jpg","contentUrl":"https:\/\/www.ivinio.com\/wp-content\/uploads\/2021\/01\/Logo-Ivinio-v2.jpg","width":1194,"height":1194,"caption":"IVINIO"},"image":{"@id":"https:\/\/www.ivinio.com\/sv\/#\/schema\/logo\/image\/"},"sameAs":["https:\/\/www.facebook.com\/groups\/165217837022391\/?ref=bookmarks","https:\/\/www.instagram.com\/_ivinio_\/?hl=fr"]}]}},"jetpack_shortlink":"https:\/\/wp.me\/PcK36q-hHS","jetpack_sharing_enabled":true,"_links":{"self":[{"href":"https:\/\/www.ivinio.com\/sv\/wp-json\/wp\/v2\/pages\/68068","targetHints":{"allow":["GET"]}}],"collection":[{"href":"https:\/\/www.ivinio.com\/sv\/wp-json\/wp\/v2\/pages"}],"about":[{"href":"https:\/\/www.ivinio.com\/sv\/wp-json\/wp\/v2\/types\/page"}],"author":[{"embeddable":true,"href":"https:\/\/www.ivinio.com\/sv\/wp-json\/wp\/v2\/users\/1746"}],"replies":[{"embeddable":true,"href":"https:\/\/www.ivinio.com\/sv\/wp-json\/wp\/v2\/comments?post=68068"}],"version-history":[{"count":0,"href":"https:\/\/www.ivinio.com\/sv\/wp-json\/wp\/v2\/pages\/68068\/revisions"}],"up":[{"embeddable":true,"href":"https:\/\/www.ivinio.com\/sv\/wp-json\/wp\/v2\/pages\/68059"}],"wp:attachment":[{"href":"https:\/\/www.ivinio.com\/sv\/wp-json\/wp\/v2\/media?parent=68068"}],"curies":[{"name":"wp","href":"https:\/\/api.w.org\/{rel}","templated":true}]}}