{"id":68059,"date":"2014-05-30T01:51:24","date_gmt":"2014-05-30T01:51:24","guid":{"rendered":"https:\/\/henrik.www.ivinio.com\/?p=68059"},"modified":"2021-09-17T12:07:44","modified_gmt":"2021-09-17T10:07:44","slug":"vin-rad","status":"publish","type":"page","link":"https:\/\/www.ivinio.com\/sv\/vin-rad\/","title":{"rendered":"Vin &#038; r\u00e5d"},"content":{"rendered":"<div class=\"wpb-content-wrapper\"><p>[vc_row][vc_column][vc_column_text]<\/p>\n<ul class=\"unstyled page-children\">\n<li>\n<h3>\u00a0<a href=\"https:\/\/www.ivinio.com\/sv\/vin-rad\/hur-identifierar-man-ett-vin\/\">HUR IDENTIFIERAR MAN ETT VIN<\/a><\/h3>\n<\/li>\n<\/ul>\n<p>[\/vc_column_text][\/vc_column][\/vc_row][vc_row][vc_column][vc_separator border_width=&#8221;5&#8243;][\/vc_column][\/vc_row][vc_row][vc_column][vc_column_text]<\/p>\n<ul class=\"unstyled page-children\">\n<li>\n<h3>\u00a0<a href=\"https:\/\/www.ivinio.com\/sv\/vin-rad\/att-avlasa-en-etikett\/\">ATT AVL\u00c4SA EN VINETIKETT<\/a><\/h3>\n<\/li>\n<\/ul>\n<p>[\/vc_column_text][\/vc_column][\/vc_row][vc_row][vc_column][vc_separator border_width=&#8221;5&#8243;][\/vc_column][\/vc_row][vc_row][vc_column][vc_column_text]<\/p>\n<ul class=\"unstyled page-children\">\n<li>\n<h3>\u00a0<a href=\"https:\/\/www.ivinio.com\/sv\/vin-rad\/vinets-temperatur\/\">VINETS TEMPERATUR<\/a><\/h3>\n<\/li>\n<\/ul>\n<p>[\/vc_column_text][\/vc_column][\/vc_row][vc_row][vc_column][vc_separator border_width=&#8221;5&#8243;][\/vc_column][\/vc_row][vc_row][vc_column][vc_column_text]<\/p>\n<ul class=\"unstyled page-children\">\n<li>\n<h3>\u00a0VIN<a href=\"https:\/\/www.ivinio.com\/sv\/vin-rad\/flaskan-eller-forpackningen\/\">FLASKAN ELLER VINETS F\u00d6RPACKNINGEN<\/a><\/h3>\n<\/li>\n<\/ul>\n<p>[\/vc_column_text][\/vc_column][\/vc_row][vc_row][vc_column][vc_separator border_width=&#8221;5&#8243;][\/vc_column][\/vc_row][vc_row][vc_column][vc_column_text]<\/p>\n<ul class=\"unstyled page-children\">\n<li>\n<h3>\u00a0<a href=\"https:\/\/www.ivinio.com\/sv\/vin-rad\/att-lagra-sitt-vin\/\">ATT LAGRA SITT VIN<\/a><\/h3>\n<\/li>\n<\/ul>\n<p>[\/vc_column_text][\/vc_column][\/vc_row][vc_row][vc_column][vc_separator border_width=&#8221;5&#8243;][\/vc_column][\/vc_row][vc_row][vc_column][vc_column_text]<\/p>\n<ul class=\"unstyled page-children\">\n<li>\n<h3><a href=\"https:\/\/www.ivinio.com\/sv\/vin-rad\/provsmakningen\/\">\u00a0VINPROVSMAKNINGEN<\/a><\/h3>\n<\/li>\n<\/ul>\n<p>[\/vc_column_text][\/vc_column][\/vc_row][vc_row][vc_column][vc_separator border_width=&#8221;5&#8243;][\/vc_column][\/vc_row][vc_row][vc_column][vc_column_text]<\/p>\n<ul class=\"unstyled page-children\">\n<li>\n<h3>\u00a0<a href=\"https:\/\/www.ivinio.com\/sv\/vin-rad\/att-servera-vin\/\">ATT SERVERA VIN<\/a><\/h3>\n<\/li>\n<\/ul>\n<p>[\/vc_column_text][vc_separator border_width=&#8221;5&#8243;][\/vc_column][\/vc_row]<\/p>\n<\/div>","protected":false},"excerpt":{"rendered":"<p>[vc_row][vc_column][vc_column_text] \u00a0HUR IDENTIFIERAR MAN ETT VIN [\/vc_column_text][\/vc_column][\/vc_row][vc_row][vc_column][vc_separator border_width=&#8221;5&#8243;][\/vc_column][\/vc_row][vc_row][vc_column][vc_column_text] \u00a0ATT AVL\u00c4SA EN VINETIKETT [\/vc_column_text][\/vc_column][\/vc_row][vc_row][vc_column][vc_separator border_width=&#8221;5&#8243;][\/vc_column][\/vc_row][vc_row][vc_column][vc_column_text] \u00a0VINETS TEMPERATUR [\/vc_column_text][\/vc_column][\/vc_row][vc_row][vc_column][vc_separator border_width=&#8221;5&#8243;][\/vc_column][\/vc_row][vc_row][vc_column][vc_column_text] \u00a0VINFLASKAN ELLER VINETS F\u00d6RPACKNINGEN [\/vc_column_text][\/vc_column][\/vc_row][vc_row][vc_column][vc_separator border_width=&#8221;5&#8243;][\/vc_column][\/vc_row][vc_row][vc_column][vc_column_text] \u00a0ATT LAGRA SITT VIN [\/vc_column_text][\/vc_column][\/vc_row][vc_row][vc_column][vc_separator border_width=&#8221;5&#8243;][\/vc_column][\/vc_row][vc_row][vc_column][vc_column_text] \u00a0VINPROVSMAKNINGEN [\/vc_column_text][\/vc_column][\/vc_row][vc_row][vc_column][vc_separator border_width=&#8221;5&#8243;][\/vc_column][\/vc_row][vc_row][vc_column][vc_column_text] \u00a0ATT SERVERA VIN [\/vc_column_text][vc_separator border_width=&#8221;5&#8243;][\/vc_column][\/vc_row]<\/p>\n","protected":false},"author":1746,"featured_media":0,"parent":0,"menu_order":0,"comment_status":"open","ping_status":"closed","template":"","meta":{"_monsterinsights_skip_tracking":false,"_monsterinsights_sitenote_active":false,"_monsterinsights_sitenote_note":"","_monsterinsights_sitenote_category":0,"_uf_show_specific_survey":0,"_uf_disable_surveys":false,"footnotes":""},"class_list":["post-68059","page","type-page","status-publish","hentry"],"yoast_head":"<!-- This site is optimized with the Yoast SEO plugin v27.3 - https:\/\/yoast.com\/product\/yoast-seo-wordpress\/ -->\n<title>Vin &amp; r\u00e5d - IVINIO Vinbutik<\/title>\n<meta name=\"description\" content=\"H\u00e4r finner du tips till dig som vin\u00e4lskare om hur du identifierar ett vin, hur du serverar vin, hur du lagrar vin och hur du provsmakar vin.\" \/>\n<meta name=\"robots\" content=\"index, follow, max-snippet:-1, max-image-preview:large, max-video-preview:-1\" \/>\n<link rel=\"canonical\" href=\"https:\/\/www.ivinio.com\/sv\/vin-rad\/\" \/>\n<meta property=\"og:locale\" content=\"sv_SE\" \/>\n<meta property=\"og:type\" content=\"article\" \/>\n<meta property=\"og:title\" content=\"Vin &amp; r\u00e5d - IVINIO Vinbutik\" \/>\n<meta property=\"og:description\" content=\"H\u00e4r finner du tips till dig som vin\u00e4lskare om hur du identifierar ett vin, hur du serverar vin, hur du lagrar vin och hur du provsmakar vin.\" \/>\n<meta property=\"og:url\" content=\"https:\/\/www.ivinio.com\/sv\/vin-rad\/\" \/>\n<meta property=\"og:site_name\" content=\"IVINIO Vinbutik\" \/>\n<meta property=\"article:publisher\" content=\"https:\/\/www.facebook.com\/groups\/165217837022391\/?ref=bookmarks\" \/>\n<meta property=\"article:modified_time\" content=\"2021-09-17T10:07:44+00:00\" \/>\n<meta name=\"twitter:card\" content=\"summary_large_image\" \/>\n<meta name=\"twitter:label1\" content=\"Ber\u00e4knad l\u00e4stid\" \/>\n\t<meta name=\"twitter:data1\" content=\"1 minut\" \/>\n<script type=\"application\/ld+json\" class=\"yoast-schema-graph\">{\"@context\":\"https:\\\/\\\/schema.org\",\"@graph\":[{\"@type\":\"WebPage\",\"@id\":\"https:\\\/\\\/www.ivinio.com\\\/sv\\\/vin-rad\\\/\",\"url\":\"https:\\\/\\\/www.ivinio.com\\\/sv\\\/vin-rad\\\/\",\"name\":\"Vin & r\u00e5d - IVINIO Vinbutik\",\"isPartOf\":{\"@id\":\"https:\\\/\\\/www.ivinio.com\\\/sv\\\/#website\"},\"datePublished\":\"2014-05-30T01:51:24+00:00\",\"dateModified\":\"2021-09-17T10:07:44+00:00\",\"description\":\"H\u00e4r finner du tips till dig som vin\u00e4lskare om hur du identifierar ett vin, hur du serverar vin, hur du lagrar vin och hur du provsmakar vin.\",\"breadcrumb\":{\"@id\":\"https:\\\/\\\/www.ivinio.com\\\/sv\\\/vin-rad\\\/#breadcrumb\"},\"inLanguage\":\"sv-SE\",\"potentialAction\":[{\"@type\":\"ReadAction\",\"target\":[\"https:\\\/\\\/www.ivinio.com\\\/sv\\\/vin-rad\\\/\"]}]},{\"@type\":\"BreadcrumbList\",\"@id\":\"https:\\\/\\\/www.ivinio.com\\\/sv\\\/vin-rad\\\/#breadcrumb\",\"itemListElement\":[{\"@type\":\"ListItem\",\"position\":1,\"name\":\"Hem\",\"item\":\"https:\\\/\\\/www.ivinio.com\\\/sv\\\/\"},{\"@type\":\"ListItem\",\"position\":2,\"name\":\"Vin &#038; r\u00e5d\"}]},{\"@type\":\"WebSite\",\"@id\":\"https:\\\/\\\/www.ivinio.com\\\/sv\\\/#website\",\"url\":\"https:\\\/\\\/www.ivinio.com\\\/sv\\\/\",\"name\":\"IVINIO Vinbutik\",\"description\":\"Vin fr\u00e5n Frankrike och Italien med leverans hem till din d\u00f6rr\",\"publisher\":{\"@id\":\"https:\\\/\\\/www.ivinio.com\\\/sv\\\/#organization\"},\"potentialAction\":[{\"@type\":\"SearchAction\",\"target\":{\"@type\":\"EntryPoint\",\"urlTemplate\":\"https:\\\/\\\/www.ivinio.com\\\/sv\\\/?s={search_term_string}\"},\"query-input\":{\"@type\":\"PropertyValueSpecification\",\"valueRequired\":true,\"valueName\":\"search_term_string\"}}],\"inLanguage\":\"sv-SE\"},{\"@type\":\"Organization\",\"@id\":\"https:\\\/\\\/www.ivinio.com\\\/sv\\\/#organization\",\"name\":\"IVINIO\",\"url\":\"https:\\\/\\\/www.ivinio.com\\\/sv\\\/\",\"logo\":{\"@type\":\"ImageObject\",\"inLanguage\":\"sv-SE\",\"@id\":\"https:\\\/\\\/www.ivinio.com\\\/sv\\\/#\\\/schema\\\/logo\\\/image\\\/\",\"url\":\"https:\\\/\\\/www.ivinio.com\\\/wp-content\\\/uploads\\\/2021\\\/01\\\/Logo-Ivinio-v2.jpg\",\"contentUrl\":\"https:\\\/\\\/www.ivinio.com\\\/wp-content\\\/uploads\\\/2021\\\/01\\\/Logo-Ivinio-v2.jpg\",\"width\":1194,\"height\":1194,\"caption\":\"IVINIO\"},\"image\":{\"@id\":\"https:\\\/\\\/www.ivinio.com\\\/sv\\\/#\\\/schema\\\/logo\\\/image\\\/\"},\"sameAs\":[\"https:\\\/\\\/www.facebook.com\\\/groups\\\/165217837022391\\\/?ref=bookmarks\",\"https:\\\/\\\/www.instagram.com\\\/_ivinio_\\\/?hl=fr\"]}]}<\/script>\n<!-- \/ Yoast SEO plugin. -->","yoast_head_json":{"title":"Vin & r\u00e5d - IVINIO Vinbutik","description":"H\u00e4r finner du tips till dig som vin\u00e4lskare om hur du identifierar ett vin, hur du serverar vin, hur du lagrar vin och hur du provsmakar vin.","robots":{"index":"index","follow":"follow","max-snippet":"max-snippet:-1","max-image-preview":"max-image-preview:large","max-video-preview":"max-video-preview:-1"},"canonical":"https:\/\/www.ivinio.com\/sv\/vin-rad\/","og_locale":"sv_SE","og_type":"article","og_title":"Vin & r\u00e5d - IVINIO Vinbutik","og_description":"H\u00e4r finner du tips till dig som vin\u00e4lskare om hur du identifierar ett vin, hur du serverar vin, hur du lagrar vin och hur du provsmakar vin.","og_url":"https:\/\/www.ivinio.com\/sv\/vin-rad\/","og_site_name":"IVINIO Vinbutik","article_publisher":"https:\/\/www.facebook.com\/groups\/165217837022391\/?ref=bookmarks","article_modified_time":"2021-09-17T10:07:44+00:00","twitter_card":"summary_large_image","twitter_misc":{"Ber\u00e4knad l\u00e4stid":"1 minut"},"schema":{"@context":"https:\/\/schema.org","@graph":[{"@type":"WebPage","@id":"https:\/\/www.ivinio.com\/sv\/vin-rad\/","url":"https:\/\/www.ivinio.com\/sv\/vin-rad\/","name":"Vin & r\u00e5d - IVINIO Vinbutik","isPartOf":{"@id":"https:\/\/www.ivinio.com\/sv\/#website"},"datePublished":"2014-05-30T01:51:24+00:00","dateModified":"2021-09-17T10:07:44+00:00","description":"H\u00e4r finner du tips till dig som vin\u00e4lskare om hur du identifierar ett vin, hur du serverar vin, hur du lagrar vin och hur du provsmakar vin.","breadcrumb":{"@id":"https:\/\/www.ivinio.com\/sv\/vin-rad\/#breadcrumb"},"inLanguage":"sv-SE","potentialAction":[{"@type":"ReadAction","target":["https:\/\/www.ivinio.com\/sv\/vin-rad\/"]}]},{"@type":"BreadcrumbList","@id":"https:\/\/www.ivinio.com\/sv\/vin-rad\/#breadcrumb","itemListElement":[{"@type":"ListItem","position":1,"name":"Hem","item":"https:\/\/www.ivinio.com\/sv\/"},{"@type":"ListItem","position":2,"name":"Vin &#038; r\u00e5d"}]},{"@type":"WebSite","@id":"https:\/\/www.ivinio.com\/sv\/#website","url":"https:\/\/www.ivinio.com\/sv\/","name":"IVINIO Vinbutik","description":"Vin fr\u00e5n Frankrike och Italien med leverans hem till din d\u00f6rr","publisher":{"@id":"https:\/\/www.ivinio.com\/sv\/#organization"},"potentialAction":[{"@type":"SearchAction","target":{"@type":"EntryPoint","urlTemplate":"https:\/\/www.ivinio.com\/sv\/?s={search_term_string}"},"query-input":{"@type":"PropertyValueSpecification","valueRequired":true,"valueName":"search_term_string"}}],"inLanguage":"sv-SE"},{"@type":"Organization","@id":"https:\/\/www.ivinio.com\/sv\/#organization","name":"IVINIO","url":"https:\/\/www.ivinio.com\/sv\/","logo":{"@type":"ImageObject","inLanguage":"sv-SE","@id":"https:\/\/www.ivinio.com\/sv\/#\/schema\/logo\/image\/","url":"https:\/\/www.ivinio.com\/wp-content\/uploads\/2021\/01\/Logo-Ivinio-v2.jpg","contentUrl":"https:\/\/www.ivinio.com\/wp-content\/uploads\/2021\/01\/Logo-Ivinio-v2.jpg","width":1194,"height":1194,"caption":"IVINIO"},"image":{"@id":"https:\/\/www.ivinio.com\/sv\/#\/schema\/logo\/image\/"},"sameAs":["https:\/\/www.facebook.com\/groups\/165217837022391\/?ref=bookmarks","https:\/\/www.instagram.com\/_ivinio_\/?hl=fr"]}]}},"jetpack_shortlink":"https:\/\/wp.me\/PcK36q-hHJ","jetpack_sharing_enabled":true,"_links":{"self":[{"href":"https:\/\/www.ivinio.com\/sv\/wp-json\/wp\/v2\/pages\/68059","targetHints":{"allow":["GET"]}}],"collection":[{"href":"https:\/\/www.ivinio.com\/sv\/wp-json\/wp\/v2\/pages"}],"about":[{"href":"https:\/\/www.ivinio.com\/sv\/wp-json\/wp\/v2\/types\/page"}],"author":[{"embeddable":true,"href":"https:\/\/www.ivinio.com\/sv\/wp-json\/wp\/v2\/users\/1746"}],"replies":[{"embeddable":true,"href":"https:\/\/www.ivinio.com\/sv\/wp-json\/wp\/v2\/comments?post=68059"}],"version-history":[{"count":0,"href":"https:\/\/www.ivinio.com\/sv\/wp-json\/wp\/v2\/pages\/68059\/revisions"}],"wp:attachment":[{"href":"https:\/\/www.ivinio.com\/sv\/wp-json\/wp\/v2\/media?parent=68059"}],"curies":[{"name":"wp","href":"https:\/\/api.w.org\/{rel}","templated":true}]}}