{"id":133867,"date":"2023-10-17T19:08:02","date_gmt":"2023-10-17T17:08:02","guid":{"rendered":"https:\/\/www.ivinio.com\/gift-card-balance\/"},"modified":"2024-04-09T15:39:55","modified_gmt":"2024-04-09T13:39:55","slug":"kontakta-oss","status":"publish","type":"page","link":"https:\/\/www.ivinio.com\/sv\/kontakta-oss\/","title":{"rendered":"Kontakta oss"},"content":{"rendered":"<div class=\"wpb-content-wrapper\"><p>[vc_row layout=&#8221;ftc-row-boxed&#8221; enable_parallax=&#8221;&#8221; css=&#8221;.vc_custom_1568946353920{margin-top: 15px !important;margin-bottom: 37px !important;}&#8221; el_class=&#8221;st-row-info-contact&#8221;][vc_column][vc_column_text]<\/p>\n<h2><strong>KONTAKTA OSS<\/strong><\/h2>\n<p>[\/vc_column_text][vc_separator color=&#8221;custom&#8221; style=&#8221;double&#8221; border_width=&#8221;8&#8243; accent_color=&#8221;#e6e6e8&#8243;][\/vc_column][vc_column][vc_column_text]<\/p>\n<h3><\/h3>\n<h3><\/h3>\n<p>&nbsp;<\/p>\n<h3><strong>Har du en fr\u00e5ga om en best\u00e4llning eller beh\u00f6ver du mer information om v\u00e5ra produkter?<\/strong><\/h3>\n<p>&nbsp;<\/p>\n<p>Om du har fr\u00e5gor om v\u00e5ra produkter, om din leverans eller om du har andra kommentarer \u00e4r du v\u00e4lkommen att kontakta oss. Du kan antingen kontakta oss via telefon, chatta, skriva per post eller fylla i formul\u00e4ret l\u00e4ngst ner p\u00e5 denna sida.[\/vc_column_text][\/vc_column][vc_column el_class=&#8221;contact_info_map&#8221;][vc_column_text]<\/p>\n<div class=\"info_contact\">\n<div class=\"info_column address\">\n<ul>\n<li>IVINIO, 69, boulevard de Cessole, 06100 Nice, France<\/li>\n<\/ul>\n<\/div>\n<div class=\"info_column phone\">\n<ul>\n<li>Phone : <a href=\"http:\/\/0033422167113\">+33 &#8211; (0)4 22 16 71 13<\/a><\/li>\n<\/ul>\n<\/div>\n<div class=\"info_column email\">\n<ul>\n<li>Email : <a href=\"mailto:sales@yoursite.com\">contact@ivinio.com<\/a><\/li>\n<li>Web : <a href=\"#\">www.ivinio.com<\/a><\/li>\n<\/ul>\n<\/div>\n<\/div>\n<p>[\/vc_column_text][\/vc_column][\/vc_row][vc_row el_class=&#8221;st-row-mapp&#8221;][vc_column][vc_gmaps link=&#8221;#E-8_JTNDaWZyYW1lJTIwc3JjJTNEJTIyaHR0cHMlM0ElMkYlMkZ3d3cuZ29vZ2xlLmNvbSUyRm1hcHMlMkZlbWJlZCUzRnBiJTNEJTIxMW0xNCUyMTFtOCUyMTFtMyUyMTFkMjg4My42NjQwMDQxMzM4NzclMjEyZDcuMjUwNTM4NCUyMTNkNDMuNzE3NTMxMiUyMTNtMiUyMTFpMTAyNCUyMTJpNzY4JTIxNGYxMy4xJTIxM20zJTIxMW0yJTIxMXMweDEyY2RjZmZjYzYzNzcyMjMlMjUzQTB4NjA1OWU5YTFiZDMxZjE4MCUyMTJzSXZpbmlvJTIxNWUwJTIxM20yJTIxMXNmciUyMTJzZnIlMjE0djE2MDA0NDYxNzEzNDYlMjE1bTIlMjExc2ZyJTIxMnNmciUyMiUyMHdpZHRoJTNEJTIyNjAwJTIyJTIwaGVpZ2h0JTNEJTIyNDUwJTIyJTIwZnJhbWVib3JkZXIlM0QlMjIwJTIyJTIwc3R5bGUlM0QlMjJib3JkZXIlM0EwJTNCJTIyJTIwYWxsb3dmdWxsc2NyZWVuJTNEJTIyJTIyJTIwYXJpYS1oaWRkZW4lM0QlMjJmYWxzZSUyMiUyMHRhYmluZGV4JTNEJTIyMCUyMiUzRSUzQyUyRmlmcmFtZSUzRQ==&#8221;][\/vc_column][\/vc_row][vc_row css=&#8221;.vc_custom_1561173804205{margin-bottom: 40px !important;}&#8221;][vc_column width=&#8221;1\/4&#8243; el_class=&#8221;blank-column&#8221;][\/vc_column][vc_column width=&#8221;1\/2&#8243; el_class=&#8221;contact_form&#8221;]<div class=\"ftc-heading heading-1 style-1\"><h1>L\u00e4mna ett meddelande<\/h1><\/div>[\/vc_column][vc_column width=&#8221;1\/4&#8243; el_class=&#8221;blank-column&#8221;][\/vc_column][\/vc_row][vc_row][vc_column][vc_column_text]\n<div class=\"wpcf7 no-js\" id=\"wpcf7-f123772-o1\" lang=\"sv-SE\" dir=\"ltr\" data-wpcf7-id=\"123772\">\n<div class=\"screen-reader-response\"><p role=\"status\" aria-live=\"polite\" aria-atomic=\"true\"><\/p> <ul><\/ul><\/div>\n<form action=\"\/sv\/wp-json\/wp\/v2\/pages\/133867#wpcf7-f123772-o1\" method=\"post\" class=\"wpcf7-form init\" aria-label=\"Kontaktformul\u00e4r\" novalidate=\"novalidate\" data-status=\"init\">\n<fieldset class=\"hidden-fields-container\"><input type=\"hidden\" name=\"_wpcf7\" value=\"123772\" \/><input type=\"hidden\" name=\"_wpcf7_version\" value=\"6.1.5\" \/><input type=\"hidden\" name=\"_wpcf7_locale\" value=\"sv_SE\" \/><input type=\"hidden\" name=\"_wpcf7_unit_tag\" value=\"wpcf7-f123772-o1\" \/><input type=\"hidden\" name=\"_wpcf7_container_post\" value=\"0\" \/><input type=\"hidden\" name=\"_wpcf7_posted_data_hash\" value=\"\" \/><input type=\"hidden\" name=\"_wpcf7_recaptcha_response\" value=\"\" \/>\n<\/fieldset>\n<p><label> Ditt namn (obligatoriskt)<br \/>\n<span class=\"wpcf7-form-control-wrap\" data-name=\"your-name\"><input size=\"40\" maxlength=\"400\" class=\"wpcf7-form-control wpcf7-text wpcf7-validates-as-required\" aria-required=\"true\" aria-invalid=\"false\" value=\"\" type=\"text\" name=\"your-name\" \/><\/span> <\/label>\n<\/p>\n<p><label> Din E-mail adress (obligatorisk)<br \/>\n<span class=\"wpcf7-form-control-wrap\" data-name=\"your-email\"><input size=\"40\" maxlength=\"400\" class=\"wpcf7-form-control wpcf7-email wpcf7-validates-as-required wpcf7-text wpcf7-validates-as-email\" aria-required=\"true\" aria-invalid=\"false\" value=\"\" type=\"email\" name=\"your-email\" \/><\/span> <\/label>\n<\/p>\n<p><label> \u00c4mne<br \/>\n<span class=\"wpcf7-form-control-wrap\" data-name=\"your-subject\"><input size=\"40\" maxlength=\"400\" class=\"wpcf7-form-control wpcf7-text\" aria-invalid=\"false\" value=\"\" type=\"text\" name=\"your-subject\" \/><\/span> <\/label>\n<\/p>\n<p><label> Ditt meddelande<br \/>\n<span class=\"wpcf7-form-control-wrap\" data-name=\"your-message\"><textarea cols=\"40\" rows=\"10\" maxlength=\"2000\" class=\"wpcf7-form-control wpcf7-textarea\" aria-invalid=\"false\" name=\"your-message\"><\/textarea><\/span> <\/label>\n<\/p>\n<p><input class=\"wpcf7-form-control wpcf7-submit has-spinner\" type=\"submit\" value=\"Skicka\" \/>\n<\/p><div class=\"wpcf7-response-output\" aria-hidden=\"true\"><\/div>\n<\/form>\n<\/div>\n[\/vc_column_text][\/vc_column][\/vc_row]<\/p>\n<\/div>","protected":false},"excerpt":{"rendered":"<p>[vc_row layout=&#8221;ftc-row-boxed&#8221; enable_parallax=&#8221;&#8221; css=&#8221;.vc_custom_1568946353920{margin-top: 15px !important;margin-bottom: 37px !important;}&#8221; el_class=&#8221;st-row-info-contact&#8221;][vc_column][vc_column_text] KONTAKTA OSS [\/vc_column_text][vc_separator color=&#8221;custom&#8221; style=&#8221;double&#8221; border_width=&#8221;8&#8243; accent_color=&#8221;#e6e6e8&#8243;][\/vc_column][vc_column][vc_column_text] &nbsp; Har du en fr\u00e5ga om en best\u00e4llning eller beh\u00f6ver du mer information om v\u00e5ra produkter? &nbsp; Om du har fr\u00e5gor om v\u00e5ra produkter, om din leverans eller om du har andra kommentarer \u00e4r du v\u00e4lkommen att kontakta oss. [&hellip;]<\/p>\n","protected":false},"author":1746,"featured_media":0,"parent":0,"menu_order":0,"comment_status":"closed","ping_status":"closed","template":"","meta":{"_monsterinsights_skip_tracking":false,"_monsterinsights_sitenote_active":false,"_monsterinsights_sitenote_note":"","_monsterinsights_sitenote_category":0,"_uf_show_specific_survey":0,"_uf_disable_surveys":false,"footnotes":""},"class_list":["post-133867","page","type-page","status-publish","hentry"],"yoast_head":"<!-- This site is optimized with the Yoast SEO plugin v27.4 - https:\/\/yoast.com\/product\/yoast-seo-wordpress\/ -->\n<title>Kontakta oss - IVINIO Vinbutik<\/title>\n<meta name=\"description\" content=\"Om du har n\u00e5gra fr\u00e5gor ang\u00e5ende v\u00e5ra produkter, ang\u00e5ende din leverans eller om du har andra synpunkter \u00e4r du hj\u00e4rtligt v\u00e4lkommen att kontakta oss! Du kan n\u00e5 oss p\u00e5 telefon, eller direkt via chatten. Du kan ocks\u00e5 skriva ett mejl eller skicka din f\u00f6rfr\u00e5gan till oss i formul\u00e4ret nedan.\" \/>\n<meta name=\"robots\" content=\"index, follow, max-snippet:-1, max-image-preview:large, max-video-preview:-1\" \/>\n<link rel=\"canonical\" href=\"https:\/\/www.ivinio.com\/sv\/kontakta-oss\/\" \/>\n<meta property=\"og:locale\" content=\"sv_SE\" \/>\n<meta property=\"og:type\" content=\"article\" \/>\n<meta property=\"og:title\" content=\"Kontakta oss - IVINIO Vinbutik\" \/>\n<meta property=\"og:description\" content=\"Om du har n\u00e5gra fr\u00e5gor ang\u00e5ende v\u00e5ra produkter, ang\u00e5ende din leverans eller om du har andra synpunkter \u00e4r du hj\u00e4rtligt v\u00e4lkommen att kontakta oss! Du kan n\u00e5 oss p\u00e5 telefon, eller direkt via chatten. Du kan ocks\u00e5 skriva ett mejl eller skicka din f\u00f6rfr\u00e5gan till oss i formul\u00e4ret nedan.\" \/>\n<meta property=\"og:url\" content=\"https:\/\/www.ivinio.com\/sv\/kontakta-oss\/\" \/>\n<meta property=\"og:site_name\" content=\"IVINIO Vinbutik\" \/>\n<meta property=\"article:publisher\" content=\"https:\/\/www.facebook.com\/groups\/165217837022391\/?ref=bookmarks\" \/>\n<meta property=\"article:modified_time\" content=\"2024-04-09T13:39:55+00:00\" \/>\n<meta name=\"twitter:card\" content=\"summary_large_image\" \/>\n<meta name=\"twitter:label1\" content=\"Ber\u00e4knad l\u00e4stid\" \/>\n\t<meta name=\"twitter:data1\" content=\"1 minut\" \/>\n<script type=\"application\/ld+json\" class=\"yoast-schema-graph\">{\"@context\":\"https:\\\/\\\/schema.org\",\"@graph\":[{\"@type\":\"WebPage\",\"@id\":\"https:\\\/\\\/www.ivinio.com\\\/sv\\\/kontakta-oss\\\/\",\"url\":\"https:\\\/\\\/www.ivinio.com\\\/sv\\\/kontakta-oss\\\/\",\"name\":\"Kontakta oss - IVINIO Vinbutik\",\"isPartOf\":{\"@id\":\"https:\\\/\\\/www.ivinio.com\\\/sv\\\/#website\"},\"datePublished\":\"2023-10-17T17:08:02+00:00\",\"dateModified\":\"2024-04-09T13:39:55+00:00\",\"description\":\"Om du har n\u00e5gra fr\u00e5gor ang\u00e5ende v\u00e5ra produkter, ang\u00e5ende din leverans eller om du har andra synpunkter \u00e4r du hj\u00e4rtligt v\u00e4lkommen att kontakta oss! Du kan n\u00e5 oss p\u00e5 telefon, eller direkt via chatten. Du kan ocks\u00e5 skriva ett mejl eller skicka din f\u00f6rfr\u00e5gan till oss i formul\u00e4ret nedan.\",\"breadcrumb\":{\"@id\":\"https:\\\/\\\/www.ivinio.com\\\/sv\\\/kontakta-oss\\\/#breadcrumb\"},\"inLanguage\":\"sv-SE\",\"potentialAction\":[{\"@type\":\"ReadAction\",\"target\":[\"https:\\\/\\\/www.ivinio.com\\\/sv\\\/kontakta-oss\\\/\"]}]},{\"@type\":\"BreadcrumbList\",\"@id\":\"https:\\\/\\\/www.ivinio.com\\\/sv\\\/kontakta-oss\\\/#breadcrumb\",\"itemListElement\":[{\"@type\":\"ListItem\",\"position\":1,\"name\":\"Hem\",\"item\":\"https:\\\/\\\/www.ivinio.com\\\/sv\\\/\"},{\"@type\":\"ListItem\",\"position\":2,\"name\":\"Kontakta oss\"}]},{\"@type\":\"WebSite\",\"@id\":\"https:\\\/\\\/www.ivinio.com\\\/sv\\\/#website\",\"url\":\"https:\\\/\\\/www.ivinio.com\\\/sv\\\/\",\"name\":\"IVINIO Vinbutik\",\"description\":\"Vin fr\u00e5n Frankrike och Italien med leverans hem till din d\u00f6rr\",\"publisher\":{\"@id\":\"https:\\\/\\\/www.ivinio.com\\\/sv\\\/#organization\"},\"potentialAction\":[{\"@type\":\"SearchAction\",\"target\":{\"@type\":\"EntryPoint\",\"urlTemplate\":\"https:\\\/\\\/www.ivinio.com\\\/sv\\\/?s={search_term_string}\"},\"query-input\":{\"@type\":\"PropertyValueSpecification\",\"valueRequired\":true,\"valueName\":\"search_term_string\"}}],\"inLanguage\":\"sv-SE\"},{\"@type\":\"Organization\",\"@id\":\"https:\\\/\\\/www.ivinio.com\\\/sv\\\/#organization\",\"name\":\"IVINIO\",\"url\":\"https:\\\/\\\/www.ivinio.com\\\/sv\\\/\",\"logo\":{\"@type\":\"ImageObject\",\"inLanguage\":\"sv-SE\",\"@id\":\"https:\\\/\\\/www.ivinio.com\\\/sv\\\/#\\\/schema\\\/logo\\\/image\\\/\",\"url\":\"https:\\\/\\\/www.ivinio.com\\\/wp-content\\\/uploads\\\/2021\\\/01\\\/Logo-Ivinio-v2.jpg\",\"contentUrl\":\"https:\\\/\\\/www.ivinio.com\\\/wp-content\\\/uploads\\\/2021\\\/01\\\/Logo-Ivinio-v2.jpg\",\"width\":1194,\"height\":1194,\"caption\":\"IVINIO\"},\"image\":{\"@id\":\"https:\\\/\\\/www.ivinio.com\\\/sv\\\/#\\\/schema\\\/logo\\\/image\\\/\"},\"sameAs\":[\"https:\\\/\\\/www.facebook.com\\\/groups\\\/165217837022391\\\/?ref=bookmarks\",\"https:\\\/\\\/www.instagram.com\\\/_ivinio_\\\/?hl=fr\"]}]}<\/script>\n<!-- \/ Yoast SEO plugin. -->","yoast_head_json":{"title":"Kontakta oss - IVINIO Vinbutik","description":"Om du har n\u00e5gra fr\u00e5gor ang\u00e5ende v\u00e5ra produkter, ang\u00e5ende din leverans eller om du har andra synpunkter \u00e4r du hj\u00e4rtligt v\u00e4lkommen att kontakta oss! Du kan n\u00e5 oss p\u00e5 telefon, eller direkt via chatten. Du kan ocks\u00e5 skriva ett mejl eller skicka din f\u00f6rfr\u00e5gan till oss i formul\u00e4ret nedan.","robots":{"index":"index","follow":"follow","max-snippet":"max-snippet:-1","max-image-preview":"max-image-preview:large","max-video-preview":"max-video-preview:-1"},"canonical":"https:\/\/www.ivinio.com\/sv\/kontakta-oss\/","og_locale":"sv_SE","og_type":"article","og_title":"Kontakta oss - IVINIO Vinbutik","og_description":"Om du har n\u00e5gra fr\u00e5gor ang\u00e5ende v\u00e5ra produkter, ang\u00e5ende din leverans eller om du har andra synpunkter \u00e4r du hj\u00e4rtligt v\u00e4lkommen att kontakta oss! Du kan n\u00e5 oss p\u00e5 telefon, eller direkt via chatten. Du kan ocks\u00e5 skriva ett mejl eller skicka din f\u00f6rfr\u00e5gan till oss i formul\u00e4ret nedan.","og_url":"https:\/\/www.ivinio.com\/sv\/kontakta-oss\/","og_site_name":"IVINIO Vinbutik","article_publisher":"https:\/\/www.facebook.com\/groups\/165217837022391\/?ref=bookmarks","article_modified_time":"2024-04-09T13:39:55+00:00","twitter_card":"summary_large_image","twitter_misc":{"Ber\u00e4knad l\u00e4stid":"1 minut"},"schema":{"@context":"https:\/\/schema.org","@graph":[{"@type":"WebPage","@id":"https:\/\/www.ivinio.com\/sv\/kontakta-oss\/","url":"https:\/\/www.ivinio.com\/sv\/kontakta-oss\/","name":"Kontakta oss - IVINIO Vinbutik","isPartOf":{"@id":"https:\/\/www.ivinio.com\/sv\/#website"},"datePublished":"2023-10-17T17:08:02+00:00","dateModified":"2024-04-09T13:39:55+00:00","description":"Om du har n\u00e5gra fr\u00e5gor ang\u00e5ende v\u00e5ra produkter, ang\u00e5ende din leverans eller om du har andra synpunkter \u00e4r du hj\u00e4rtligt v\u00e4lkommen att kontakta oss! Du kan n\u00e5 oss p\u00e5 telefon, eller direkt via chatten. Du kan ocks\u00e5 skriva ett mejl eller skicka din f\u00f6rfr\u00e5gan till oss i formul\u00e4ret nedan.","breadcrumb":{"@id":"https:\/\/www.ivinio.com\/sv\/kontakta-oss\/#breadcrumb"},"inLanguage":"sv-SE","potentialAction":[{"@type":"ReadAction","target":["https:\/\/www.ivinio.com\/sv\/kontakta-oss\/"]}]},{"@type":"BreadcrumbList","@id":"https:\/\/www.ivinio.com\/sv\/kontakta-oss\/#breadcrumb","itemListElement":[{"@type":"ListItem","position":1,"name":"Hem","item":"https:\/\/www.ivinio.com\/sv\/"},{"@type":"ListItem","position":2,"name":"Kontakta oss"}]},{"@type":"WebSite","@id":"https:\/\/www.ivinio.com\/sv\/#website","url":"https:\/\/www.ivinio.com\/sv\/","name":"IVINIO Vinbutik","description":"Vin fr\u00e5n Frankrike och Italien med leverans hem till din d\u00f6rr","publisher":{"@id":"https:\/\/www.ivinio.com\/sv\/#organization"},"potentialAction":[{"@type":"SearchAction","target":{"@type":"EntryPoint","urlTemplate":"https:\/\/www.ivinio.com\/sv\/?s={search_term_string}"},"query-input":{"@type":"PropertyValueSpecification","valueRequired":true,"valueName":"search_term_string"}}],"inLanguage":"sv-SE"},{"@type":"Organization","@id":"https:\/\/www.ivinio.com\/sv\/#organization","name":"IVINIO","url":"https:\/\/www.ivinio.com\/sv\/","logo":{"@type":"ImageObject","inLanguage":"sv-SE","@id":"https:\/\/www.ivinio.com\/sv\/#\/schema\/logo\/image\/","url":"https:\/\/www.ivinio.com\/wp-content\/uploads\/2021\/01\/Logo-Ivinio-v2.jpg","contentUrl":"https:\/\/www.ivinio.com\/wp-content\/uploads\/2021\/01\/Logo-Ivinio-v2.jpg","width":1194,"height":1194,"caption":"IVINIO"},"image":{"@id":"https:\/\/www.ivinio.com\/sv\/#\/schema\/logo\/image\/"},"sameAs":["https:\/\/www.facebook.com\/groups\/165217837022391\/?ref=bookmarks","https:\/\/www.instagram.com\/_ivinio_\/?hl=fr"]}]}},"jetpack_shortlink":"https:\/\/wp.me\/PcK36q-yP9","jetpack_sharing_enabled":true,"_links":{"self":[{"href":"https:\/\/www.ivinio.com\/sv\/wp-json\/wp\/v2\/pages\/133867","targetHints":{"allow":["GET"]}}],"collection":[{"href":"https:\/\/www.ivinio.com\/sv\/wp-json\/wp\/v2\/pages"}],"about":[{"href":"https:\/\/www.ivinio.com\/sv\/wp-json\/wp\/v2\/types\/page"}],"author":[{"embeddable":true,"href":"https:\/\/www.ivinio.com\/sv\/wp-json\/wp\/v2\/users\/1746"}],"replies":[{"embeddable":true,"href":"https:\/\/www.ivinio.com\/sv\/wp-json\/wp\/v2\/comments?post=133867"}],"version-history":[{"count":0,"href":"https:\/\/www.ivinio.com\/sv\/wp-json\/wp\/v2\/pages\/133867\/revisions"}],"wp:attachment":[{"href":"https:\/\/www.ivinio.com\/sv\/wp-json\/wp\/v2\/media?parent=133867"}],"curies":[{"name":"wp","href":"https:\/\/api.w.org\/{rel}","templated":true}]}}