{"id":127354,"date":"2021-07-09T19:06:44","date_gmt":"2021-07-09T17:06:44","guid":{"rendered":"https:\/\/www.ivinio.com\/?page_id=127354"},"modified":"2023-07-06T17:53:32","modified_gmt":"2023-07-06T15:53:32","slug":"sv-abruzzo-abruzzerna","status":"publish","type":"page","link":"https:\/\/www.ivinio.com\/sv\/sv-abruzzo-abruzzerna\/","title":{"rendered":"Abruzzo &#8211; Abruzzerna"},"content":{"rendered":"<div class=\"wpb-content-wrapper\">\r\n<div class=\"wp-block-column\" style=\"flex-basis: 100%;\">\r\n<figure class=\"wp-block-table is-style-regular\">\r\n<table>\r\n<thead>\r\n<tr>\r\n<th>DOCG-viner<\/th>\r\n<th>F\u00e4rg<\/th>\r\n<th>Provins<\/th>\r\n<\/tr>\r\n<\/thead>\r\n<tbody>\r\n<tr>\r\n<td>Terre Tollesi o Tullum DOCG<\/td>\r\n<td>R\u00f6d, vit, mousserande<\/td>\r\n<td>Chieti<\/td>\r\n<\/tr>\r\n<tr>\r\n<td>Montepulciano d\u2019Abruzzo Colline Teramane DOCG<\/td>\r\n<td>R\u00f6d<\/td>\r\n<td>Teramo<\/td>\r\n<\/tr>\r\n<\/tbody>\r\n<\/table>\r\n<\/figure>\r\n\r\n\r\n\r\n<figure class=\"wp-block-table\">\r\n<table>\r\n<tbody>\r\n<tr>\r\n<td><strong>DOC-viner<\/strong><\/td>\r\n<td><strong>F\u00e4rg<\/strong><\/td>\r\n<td><strong>Provins<\/strong><\/td>\r\n<\/tr>\r\n<tr>\r\n<td>Abruzzo DOC<\/td>\r\n<td>R\u00f6d, Vit, mousserande<\/td>\r\n<td>Chieti, L\u2019Aquila, Teramo, Pescara<\/td>\r\n<\/tr>\r\n<tr>\r\n<td>Cerasuolo d\u2019Abruzzo DOC<\/td>\r\n<td>Ros\u00e9<\/td>\r\n<td>Chieti, L\u2019Aquila, Teramo, Pescara<\/td>\r\n<\/tr>\r\n<tr>\r\n<td>Controguerra DOC<\/td>\r\n<td>R\u00f6d, vit, ros\u00e9, mousserande<\/td>\r\n<td>Teramo<\/td>\r\n<\/tr>\r\n<tr>\r\n<td>Montepulciano d\u2019Abruzzo DOC<\/td>\r\n<td>R\u00f6d<\/td>\r\n<td>Chieti, L\u2019Aquila, Teramo, Pescara<\/td>\r\n<\/tr>\r\n<tr>\r\n<td>Ortona DOC<\/td>\r\n<td>R\u00f6d, vit<\/td>\r\n<td>Chieti<\/td>\r\n<\/tr>\r\n<tr>\r\n<td>Trebbiano d\u2019Abruzzo DOC<\/td>\r\n<td>Vit<\/td>\r\n<td>Chieti, L\u2019Aquila, Teramo, Pescara<\/td>\r\n<\/tr>\r\n<tr>\r\n<td>Villamagna DOC<\/td>\r\n<td>R\u00f6d<\/td>\r\n<td>Chieti<\/td>\r\n<\/tr>\r\n<\/tbody>\r\n<\/table>\r\n<\/figure>\r\n\r\n\r\n\r\n<figure class=\"wp-block-table\">\r\n<table>\r\n<tbody>\r\n<tr>\r\n<td><strong>IGT-viner<\/strong><\/td>\r\n<td><strong>F\u00e4rg<\/strong><\/td>\r\n<td><strong>Provins<\/strong><\/td>\r\n<\/tr>\r\n<tr>\r\n<td>Colli Aprutini IGT<\/td>\r\n<td>R\u00f6d, vit, ros\u00e9<\/td>\r\n<td>Teramo<\/td>\r\n<\/tr>\r\n<tr>\r\n<td>Colli del Sangro IGT<\/td>\r\n<td>R\u00f6d, vit, ros\u00e9<\/td>\r\n<td>Chieti<\/td>\r\n<\/tr>\r\n<tr>\r\n<td>Colline Frentane IGT<\/td>\r\n<td>R\u00f6d, vit, ros\u00e9<\/td>\r\n<td>Chieti<\/td>\r\n<\/tr>\r\n<tr>\r\n<td>Colline Pescaresi IGT<\/td>\r\n<td>R\u00f6d, vit, ros\u00e9<\/td>\r\n<td>Pescara<\/td>\r\n<\/tr>\r\n<tr>\r\n<td>Colline Teatine IGT<\/td>\r\n<td>R\u00f6d, vit, ros\u00e9<\/td>\r\n<td>Chieti<\/td>\r\n<\/tr>\r\n<tr>\r\n<td>Del Vastese o Histonium IGT<\/td>\r\n<td>R\u00f6d, vit, ros\u00e9<\/td>\r\n<td>Chieti<\/td>\r\n<\/tr>\r\n<tr>\r\n<td>Terre Aquilane o Terre de l\u2019Aquila IGT<\/td>\r\n<td>R\u00f6d, vit, ros\u00e9<\/td>\r\n<td>L&#8217;Aquila<\/td>\r\n<\/tr>\r\n<tr>\r\n<td>Terre di Chieti IGT<\/td>\r\n<td>R\u00f6d, vit, ros\u00e9<\/td>\r\n<td>Chieti<\/td>\r\n<\/tr>\r\n<\/tbody>\r\n<\/table>\r\n<\/figure>\r\n<\/div>\r\n<\/div>\r\n<p>[\/vc_column_text][\/vc_column][\/vc_row]<\/p><!-- \/wp:column -->\r\n<p>&nbsp;<\/p>\r\n<!-- wp:columns -->\r\n<div class=\"wp-block-columns\"><!-- wp:column {\"width\":\"100%\"} -->\r\n<div class=\"wp-block-column\" style=\"flex-basis: 100%;\"><!-- wp:table {\"className\":\"is-style-regular\"} -->\r\n<figure class=\"wp-block-table is-style-regular\">\r\n<table>\r\n<thead>\r\n<tr>\r\n<th>DOCG-viner<\/th>\r\n<th>F\u00e4rg<\/th>\r\n<th>Provins<\/th>\r\n<\/tr>\r\n<\/thead>\r\n<tbody>\r\n<tr>\r\n<td>Terre Tollesi o Tullum DOCG<\/td>\r\n<td>R\u00f6d, vit, mousserande<\/td>\r\n<td>Chieti<\/td>\r\n<\/tr>\r\n<tr>\r\n<td>Montepulciano d\u2019Abruzzo Colline Teramane DOCG<\/td>\r\n<td>R\u00f6d<\/td>\r\n<td>Teramo<\/td>\r\n<\/tr>\r\n<\/tbody>\r\n<\/table>\r\n<\/figure>\r\n<!-- \/wp:table -->\r\n\r\n<!-- wp:table -->\r\n<figure class=\"wp-block-table\">\r\n<table>\r\n<tbody>\r\n<tr>\r\n<td><strong>DOC-viner<\/strong><\/td>\r\n<td><strong>F\u00e4rg<\/strong><\/td>\r\n<td><strong>Provins<\/strong><\/td>\r\n<\/tr>\r\n<tr>\r\n<td>Abruzzo DOC<\/td>\r\n<td>R\u00f6d, Vit, mousserande<\/td>\r\n<td>Chieti, L\u2019Aquila, Teramo, Pescara<\/td>\r\n<\/tr>\r\n<tr>\r\n<td>Cerasuolo d\u2019Abruzzo DOC<\/td>\r\n<td>Ros\u00e9<\/td>\r\n<td>Chieti, L\u2019Aquila, Teramo, Pescara<\/td>\r\n<\/tr>\r\n<tr>\r\n<td>Controguerra DOC<\/td>\r\n<td>R\u00f6d, vit, ros\u00e9, mousserande<\/td>\r\n<td>Teramo<\/td>\r\n<\/tr>\r\n<tr>\r\n<td>Montepulciano d\u2019Abruzzo DOC<\/td>\r\n<td>R\u00f6d<\/td>\r\n<td>Chieti, L\u2019Aquila, Teramo, Pescara<\/td>\r\n<\/tr>\r\n<tr>\r\n<td>Ortona DOC<\/td>\r\n<td>R\u00f6d, vit<\/td>\r\n<td>Chieti<\/td>\r\n<\/tr>\r\n<tr>\r\n<td>Trebbiano d\u2019Abruzzo DOC<\/td>\r\n<td>Vit<\/td>\r\n<td>Chieti, L\u2019Aquila, Teramo, Pescara<\/td>\r\n<\/tr>\r\n<tr>\r\n<td>Villamagna DOC<\/td>\r\n<td>R\u00f6d<\/td>\r\n<td>Chieti<\/td>\r\n<\/tr>\r\n<\/tbody>\r\n<\/table>\r\n<\/figure>\r\n<!-- \/wp:table -->\r\n\r\n<!-- wp:table -->\r\n<figure class=\"wp-block-table\">\r\n<table>\r\n<tbody>\r\n<tr>\r\n<td><strong>IGT-viner<\/strong><\/td>\r\n<td><strong>F\u00e4rg<\/strong><\/td>\r\n<td><strong>Provins<\/strong><\/td>\r\n<\/tr>\r\n<tr>\r\n<td>Colli Aprutini IGT<\/td>\r\n<td>R\u00f6d, vit, ros\u00e9<\/td>\r\n<td>Teramo<\/td>\r\n<\/tr>\r\n<tr>\r\n<td>Colli del Sangro IGT<\/td>\r\n<td>R\u00f6d, vit, ros\u00e9<\/td>\r\n<td>Chieti<\/td>\r\n<\/tr>\r\n<tr>\r\n<td>Colline Frentane IGT<\/td>\r\n<td>R\u00f6d, vit, ros\u00e9<\/td>\r\n<td>Chieti<\/td>\r\n<\/tr>\r\n<tr>\r\n<td>Colline Pescaresi IGT<\/td>\r\n<td>R\u00f6d, vit, ros\u00e9<\/td>\r\n<td>Pescara<\/td>\r\n<\/tr>\r\n<tr>\r\n<td>Colline Teatine IGT<\/td>\r\n<td>R\u00f6d, vit, ros\u00e9<\/td>\r\n<td>Chieti<\/td>\r\n<\/tr>\r\n<tr>\r\n<td>Del Vastese o Histonium IGT<\/td>\r\n<td>R\u00f6d, vit, ros\u00e9<\/td>\r\n<td>Chieti<\/td>\r\n<\/tr>\r\n<tr>\r\n<td>Terre Aquilane o Terre de l\u2019Aquila IGT<\/td>\r\n<td>R\u00f6d, vit, ros\u00e9<\/td>\r\n<td>L&#8217;Aquila<\/td>\r\n<\/tr>\r\n<tr>\r\n<td>Terre di Chieti IGT<\/td>\r\n<td>R\u00f6d, vit, ros\u00e9<\/td>\r\n<td>Chieti<\/td>\r\n<\/tr>\r\n<\/tbody>\r\n<\/table>\r\n<\/figure>\r\n<\/div>\r\n<\/div>\r\n<p>[\/vc_column_text][\/vc_column][\/vc_row]<\/p><!-- \/wp:post-content --><!-- \/wp:columns --><!-- wp:post-content --><p>[vc_row][vc_column][vc_column_text]<!-- wp:paragraph \/--><\/p>\r\n<h1><!-- wp:paragraph -->Vinregionen Abruzzo<\/h1>\r\n<p>Eller Abruzzerna som den f\u00f6rsvenskat heter, ligger i ostcentrala Italien med gr\u00e4ns till den adriatiska kusten. Vin odlas h\u00e4r sedan Antiken. P\u00e5 den tiden fr\u00e4mst i <a href=\"https:\/\/it.wikipedia.org\/wiki\/Valle_Peligna\">Valle Peligna<\/a> som ligger i inlandet , 5 mil s\u00f6der om staden <a href=\"https:\/\/sv.wikipedia.org\/wiki\/L%27Aquila\">L&#8217;Aquila<\/a>. Idag har vinodlingen omstrukturerats och har brett ut sig till mer tillg\u00e4ngliga omr\u00e5den runt kusten vid det adriatiska havet. Man kan d\u00e4rf\u00f6r dela in vinodlingen i 2 olika terroir d\u00e4r det sv\u00e5rare inlandsklimatet med mycket varierande temperaturer representerar en del och den mer kustliga delen med mer kuperat landskap och mildare klimat. Den st\u00f6rsta delen av vinodlingen g\u00f6rs idag i provinsen Chieti, runt staden med samma namn.<\/p>\r\n<!-- \/wp:paragraph -->\r\n<p><!-- wp:paragraph -->Vinregionen Abruzzo gr\u00e4nsar i norr till Marche och regionerna delas av floden Tronto. I v\u00e4st gr\u00e4nsar Abruzzo till Lazio via centralappenninerna, i \u00f6st till det adriatiska havet och i syd n\u00e5r Abruzzerna till floden Trigno som gr\u00e4nsar av till regionen Molise.<\/p>\r\n<h2>Vinproduktionen i Abruzzo<\/h2>\r\n<!-- \/wp:paragraph -->\r\n<p><!-- wp:paragraph -->Totalt framst\u00e4lls knappt 3 miljoner hektoliter vin varav lite mer \u00e4n h\u00e4lften \u00e4r r\u00f6tt eller ros\u00e9 och resten vitt. Det representerar ungef\u00e4r 6 % av Italiens vinproduktion, men vinregionen Abruzzerna representerar hela 10% av enkelt bordsvin, <em>vino di tavola<\/em>. Det \u00e4r allts\u00e5 en vinregion som trots sina mycket fina och intressanta viner, producerar en stor del enkelt vin som inte minst exporteras till oss i Sverige som \u00e4r en betydande exportmarknad f\u00f6r Abruzzo. Vinregionen Abruzzerna representerar bara 4% av Italiens DOC-viner, trots att <a href=\"https:\/\/www.ivinio.com\/sv\/produkt\/antica-tenuta-pietramora-montepulciano-dabruzzo-riserva-rod\/\">Montepulciano d&#8217;Abruzzo<\/a> och Trebbiano d&#8217;Abruzzo \u00e4r 2 av de viktigaste appellationerna i Italien.<\/p>\r\n<h2><!-- \/wp:paragraph -->\u00a0Druvsorter i Abruzzo<\/h2>\r\n<!-- wp:paragraph {\"align\":\"left\"} -->\r\n<p class=\"has-text-align-left\">Abruzzerna \u00e4r troligen mest k\u00e4nt f\u00f6r sin Montepulciano-druva som anv\u00e4nds till vinet Montepulciano d&#8217;Abruzzo och representerar mer \u00e4n h\u00e4lften av regionens runt 32.000 hektars odlade mark och trenden \u00e4r forsatt \u00f6kande. Montepulciano anv\u00e4nds \u00e4ven till ett annat DOC-vin som \u00e4r Cerasuolo d&#8217;Abruzzo. Den andra stora druvsorten i vinregionen Abruzzerna \u00e4r vit och heter Trebbiano och anv\u00e4nds till framst\u00e4llningen av Trebbiano d&#8217;Abruzzo-vinerna. Trebbiano representerar drygt 40% av den odlade marken. Trebbiano skapar friska viner med fina syror. D\u00e4rut\u00f6ver odlas ocks\u00e5 andra lokala vita druvor s\u00e5som Montonico. Montonico \u00e4r en druvsort som vinifieras b\u00e5de som vitvin och mousserande enligt den klassiska metoden.<\/p>\r\n<!-- \/wp:paragraph -->\r\n<p>&nbsp;<\/p>\r\n<!-- wp:media-text {\"align\":\"full\",\"mediaId\":127745,\"mediaLink\":\"https:\/\/www.ivinio.com\/sv\/sv-abruzzo-abruzzerna\/abruzzo\/\",\"mediaType\":\"image\",\"mediaWidth\":40,\"verticalAlignment\":\"center\",\"imageFill\":false} -->\r\n<div class=\"wp-block-media-text alignfull is-stacked-on-mobile is-vertically-aligned-center\" style=\"grid-template-columns: 40% auto;\">\r\n<figure class=\"wp-block-media-text__media\"><img decoding=\"async\" class=\"alignnone wp-image-127745 size-full lazyload\" data-src=\"https:\/\/www.ivinio.com\/wp-content\/uploads\/2021\/08\/Abruzzo.jpg\" alt=\"Vinregionen Abruzzerna . Atri med Gran Sasso-massivet i bakgrunden.\" width=\"640\" height=\"427\" data-srcset=\"https:\/\/www.ivinio.com\/wp-content\/uploads\/2021\/08\/Abruzzo.jpg 640w, https:\/\/www.ivinio.com\/wp-content\/uploads\/2021\/08\/Abruzzo-300x200.jpg 300w, https:\/\/www.ivinio.com\/wp-content\/uploads\/2021\/08\/Abruzzo-500x334.jpg 500w, https:\/\/www.ivinio.com\/wp-content\/uploads\/2021\/08\/Abruzzo-90x60.jpg 90w, https:\/\/www.ivinio.com\/wp-content\/uploads\/2021\/08\/Abruzzo-135x90.jpg 135w\" data-sizes=\"(max-width: 640px) 100vw, 640px\" src=\"data:image\/gif;base64,R0lGODlhAQABAAAAACH5BAEKAAEALAAAAAABAAEAAAICTAEAOw==\" style=\"--smush-placeholder-width: 640px; --smush-placeholder-aspect-ratio: 640\/427;\" \/><\/figure>\r\n<div class=\"wp-block-media-text__content\"><!-- wp:columns -->\r\n<div class=\"wp-block-columns\"><!-- wp:column {\"width\":\"100%\"} -->\r\n<div class=\"wp-block-column\" style=\"flex-basis: 100%;\"><!-- wp:group -->\r\n<div class=\"wp-block-group\"><!-- wp:columns -->\r\n<div class=\"wp-block-columns\"><!-- wp:column {\"width\":\"100%\"} -->\r\n<div class=\"wp-block-column\" style=\"flex-basis: 100%;\"><!-- wp:list -->\r\n<ul>\r\n<li>Druvsorten finns dokumenterad sedan 1600-talet d\u00e5 den odlades p\u00e5 Gran Sasso&#8217;s kullar i Appenninernas bergmassiv. De franska trupperna s\u00e4gs ha uppskattat druvan s\u00e5 mycket n\u00e4r de kom till Abruzzerna under Napoleonkriget att vinet l\u00e4r ha kallats &#8220;Le petit champagne&#8221;. Passerina framst\u00e4lldes fr\u00e4mst i Teramano, men finns nu i hela vinregionen. Druvsorten har h\u00f6g syra som g\u00f6r den l\u00e4mplig till mousserande viner. Pecorino som inte har n\u00e5got att g\u00f6ra med ostvarianten med samma namn, \u00e4r en mycket gammal druvsort som anv\u00e4nds till flera olika appellations-viner i Marche s\u00e5som DOCG l&#8217;Offida Pecorino och DOC-vinerna Falerio dei Colli Ascolani och le Colli Macerates.Cococciola \u00e4r en annan lokal vit druvsort som till\u00e5ts anv\u00e4ndas i Trebbiano d&#8217;Abruzzo. \u00c4ven den internationella Chardonnay-druvan odlas i viss utstr\u00e4ckning i Abruzzerna.<\/li>\r\n<\/ul>\r\n<!-- \/wp:list -->\r\n<p><!-- wp:paragraph \/--><\/p>\r\n<\/div>\r\n<p><!-- \/wp:column --><\/p>\r\n<\/div>\r\n<p><!-- \/wp:columns --><\/p>\r\n<\/div>\r\n<p><!-- \/wp:group --><\/p>\r\n<\/div>\r\n<p><!-- \/wp:column --><\/p>\r\n<\/div>\r\n<p><!-- \/wp:columns --><\/p>\r\n<\/div>\r\n<\/div>\r\n<!-- \/wp:media-text -->\r\n<p><!-- wp:paragraph --><em>Atri med Gran Sasso-massivet i bakgrunden.<\/em><\/p>\r\n<!-- \/wp:paragraph -->\r\n<p><!-- wp:paragraph -->Bland de r\u00f6da druvsorterna finner vi vid sidan av Montepulciano-druvan finner vi den toskanska Sangiovese och de mer internationella Cabernet Sauvignon och Merlot.<\/p>\r\n<h2>Vinsorter i Abruzzo<\/h2>\r\n<!-- \/wp:paragraph -->\r\n<p><!-- wp:paragraph -->I Abruzzerna framst\u00e4lls 2 DOCG-viner, 7 DOC-viner och 8 IGT-viner som du finner beskrivna i tabellen nedan :<\/p>\r\n<!-- \/wp:paragraph -->\r\n<p>&nbsp;<\/p>\r\n<!-- wp:columns -->\r\n<div class=\"wp-block-columns\"><!-- wp:column {\"width\":\"100%\"} -->\r\n<div class=\"wp-block-column\" style=\"flex-basis: 100%;\"><!-- wp:table {\"className\":\"is-style-regular\"} -->\r\n<figure class=\"wp-block-table is-style-regular\">\r\n<table>\r\n<thead>\r\n<tr>\r\n<th>DOCG-viner<\/th>\r\n<th>F\u00e4rg<\/th>\r\n<th>Provins<\/th>\r\n<\/tr>\r\n<\/thead>\r\n<tbody>\r\n<tr>\r\n<td>Terre Tollesi o Tullum DOCG<\/td>\r\n<td>R\u00f6d, vit, mousserande<\/td>\r\n<td>Chieti<\/td>\r\n<\/tr>\r\n<tr>\r\n<td>Montepulciano d\u2019Abruzzo Colline Teramane DOCG<\/td>\r\n<td>R\u00f6d<\/td>\r\n<td>Teramo<\/td>\r\n<\/tr>\r\n<\/tbody>\r\n<\/table>\r\n<\/figure>\r\n<!-- \/wp:table -->\r\n\r\n<!-- wp:table -->\r\n<figure class=\"wp-block-table\">\r\n<table>\r\n<tbody>\r\n<tr>\r\n<td><strong>DOC-viner<\/strong><\/td>\r\n<td><strong>F\u00e4rg<\/strong><\/td>\r\n<td><strong>Provins<\/strong><\/td>\r\n<\/tr>\r\n<tr>\r\n<td>Abruzzo DOC<\/td>\r\n<td>R\u00f6d, Vit, mousserande<\/td>\r\n<td>Chieti, L\u2019Aquila, Teramo, Pescara<\/td>\r\n<\/tr>\r\n<tr>\r\n<td>Cerasuolo d\u2019Abruzzo DOC<\/td>\r\n<td>Ros\u00e9<\/td>\r\n<td>Chieti, L\u2019Aquila, Teramo, Pescara<\/td>\r\n<\/tr>\r\n<tr>\r\n<td>Controguerra DOC<\/td>\r\n<td>R\u00f6d, vit, ros\u00e9, mousserande<\/td>\r\n<td>Teramo<\/td>\r\n<\/tr>\r\n<tr>\r\n<td>Montepulciano d\u2019Abruzzo DOC<\/td>\r\n<td>R\u00f6d<\/td>\r\n<td>Chieti, L\u2019Aquila, Teramo, Pescara<\/td>\r\n<\/tr>\r\n<tr>\r\n<td>Ortona DOC<\/td>\r\n<td>R\u00f6d, vit<\/td>\r\n<td>Chieti<\/td>\r\n<\/tr>\r\n<tr>\r\n<td>Trebbiano d\u2019Abruzzo DOC<\/td>\r\n<td>Vit<\/td>\r\n<td>Chieti, L\u2019Aquila, Teramo, Pescara<\/td>\r\n<\/tr>\r\n<tr>\r\n<td>Villamagna DOC<\/td>\r\n<td>R\u00f6d<\/td>\r\n<td>Chieti<\/td>\r\n<\/tr>\r\n<\/tbody>\r\n<\/table>\r\n<\/figure>\r\n<!-- \/wp:table -->\r\n\r\n<!-- wp:table -->\r\n<figure class=\"wp-block-table\">\r\n<table>\r\n<tbody>\r\n<tr>\r\n<td><strong>IGT-viner<\/strong><\/td>\r\n<td><strong>F\u00e4rg<\/strong><\/td>\r\n<td><strong>Provins<\/strong><\/td>\r\n<\/tr>\r\n<tr>\r\n<td>Colli Aprutini IGT<\/td>\r\n<td>R\u00f6d, vit, ros\u00e9<\/td>\r\n<td>Teramo<\/td>\r\n<\/tr>\r\n<tr>\r\n<td>Colli del Sangro IGT<\/td>\r\n<td>R\u00f6d, vit, ros\u00e9<\/td>\r\n<td>Chieti<\/td>\r\n<\/tr>\r\n<tr>\r\n<td>Colline Frentane IGT<\/td>\r\n<td>R\u00f6d, vit, ros\u00e9<\/td>\r\n<td>Chieti<\/td>\r\n<\/tr>\r\n<tr>\r\n<td>Colline Pescaresi IGT<\/td>\r\n<td>R\u00f6d, vit, ros\u00e9<\/td>\r\n<td>Pescara<\/td>\r\n<\/tr>\r\n<tr>\r\n<td>Colline Teatine IGT<\/td>\r\n<td>R\u00f6d, vit, ros\u00e9<\/td>\r\n<td>Chieti<\/td>\r\n<\/tr>\r\n<tr>\r\n<td>Del Vastese o Histonium IGT<\/td>\r\n<td>R\u00f6d, vit, ros\u00e9<\/td>\r\n<td>Chieti<\/td>\r\n<\/tr>\r\n<tr>\r\n<td>Terre Aquilane o Terre de l\u2019Aquila IGT<\/td>\r\n<td>R\u00f6d, vit, ros\u00e9<\/td>\r\n<td>L&#8217;Aquila<\/td>\r\n<\/tr>\r\n<tr>\r\n<td>Terre di Chieti IGT<\/td>\r\n<td>R\u00f6d, vit, ros\u00e9<\/td>\r\n<td>Chieti<\/td>\r\n<\/tr>\r\n<\/tbody>\r\n<\/table>\r\n<\/figure>\r\n<\/div>\r\n<\/div>\r\n<p>[\/vc_column_text][\/vc_column][\/vc_row]<\/p><!-- \/wp:post-content --><\/div>","protected":false},"excerpt":{"rendered":"<p>DOCG-viner F\u00e4rg Provins Terre Tollesi o Tullum DOCG R\u00f6d, vit, mousserande Chieti Montepulciano d\u2019Abruzzo Colline Teramane DOCG R\u00f6d Teramo DOC-viner F\u00e4rg Provins Abruzzo DOC R\u00f6d, Vit, mousserande Chieti, L\u2019Aquila, Teramo, Pescara Cerasuolo d\u2019Abruzzo DOC Ros\u00e9 Chieti, L\u2019Aquila, Teramo, Pescara Controguerra DOC R\u00f6d, vit, ros\u00e9, mousserande Teramo Montepulciano d\u2019Abruzzo DOC R\u00f6d Chieti, L\u2019Aquila, Teramo, Pescara Ortona [&hellip;]<\/p>\n","protected":false},"author":1746,"featured_media":0,"parent":0,"menu_order":0,"comment_status":"closed","ping_status":"closed","template":"","meta":{"_monsterinsights_skip_tracking":false,"_monsterinsights_sitenote_active":false,"_monsterinsights_sitenote_note":"","_monsterinsights_sitenote_category":0,"_uf_show_specific_survey":0,"_uf_disable_surveys":false,"footnotes":""},"class_list":["post-127354","page","type-page","status-publish","hentry"],"yoast_head":"<!-- This site is optimized with the Yoast SEO plugin v27.6 - https:\/\/yoast.com\/product\/yoast-seo-wordpress\/ -->\n<title>Vinregionen Abruzzerna - IVINIO Vinbutik<\/title>\n<meta name=\"description\" content=\"Vinregionen Abruzzerna. L\u00e4s om vinregionen Abruzzo eller Abruzzerna som det f\u00f6rsvenskat heter. Dess viner, druvor och appellationer.\" \/>\n<meta name=\"robots\" content=\"index, follow, max-snippet:-1, max-image-preview:large, max-video-preview:-1\" \/>\n<link rel=\"canonical\" href=\"https:\/\/www.ivinio.com\/sv\/sv-abruzzo-abruzzerna\/\" \/>\n<meta property=\"og:locale\" content=\"sv_SE\" \/>\n<meta property=\"og:type\" content=\"article\" \/>\n<meta property=\"og:title\" content=\"Vinregionen Abruzzerna - IVINIO Vinbutik\" \/>\n<meta property=\"og:description\" content=\"Vinregionen Abruzzerna. L\u00e4s om vinregionen Abruzzo eller Abruzzerna som det f\u00f6rsvenskat heter. Dess viner, druvor och appellationer.\" \/>\n<meta property=\"og:url\" content=\"https:\/\/www.ivinio.com\/sv\/sv-abruzzo-abruzzerna\/\" \/>\n<meta property=\"og:site_name\" content=\"IVINIO Vinbutik\" \/>\n<meta property=\"article:publisher\" content=\"https:\/\/www.facebook.com\/groups\/165217837022391\/?ref=bookmarks\" \/>\n<meta property=\"article:modified_time\" content=\"2023-07-06T15:53:32+00:00\" \/>\n<meta property=\"og:image\" content=\"https:\/\/www.ivinio.com\/wp-content\/uploads\/2021\/08\/Abruzzo.jpg\" \/>\n<meta name=\"twitter:card\" content=\"summary_large_image\" \/>\n<meta name=\"twitter:label1\" content=\"Ber\u00e4knad l\u00e4stid\" \/>\n\t<meta name=\"twitter:data1\" content=\"4 minuter\" \/>\n<script type=\"application\/ld+json\" class=\"yoast-schema-graph\">{\"@context\":\"https:\\\/\\\/schema.org\",\"@graph\":[{\"@type\":\"WebPage\",\"@id\":\"https:\\\/\\\/www.ivinio.com\\\/sv\\\/sv-abruzzo-abruzzerna\\\/\",\"url\":\"https:\\\/\\\/www.ivinio.com\\\/sv\\\/sv-abruzzo-abruzzerna\\\/\",\"name\":\"Vinregionen Abruzzerna - IVINIO Vinbutik\",\"isPartOf\":{\"@id\":\"https:\\\/\\\/www.ivinio.com\\\/sv\\\/#website\"},\"primaryImageOfPage\":{\"@id\":\"https:\\\/\\\/www.ivinio.com\\\/sv\\\/sv-abruzzo-abruzzerna\\\/#primaryimage\"},\"image\":{\"@id\":\"https:\\\/\\\/www.ivinio.com\\\/sv\\\/sv-abruzzo-abruzzerna\\\/#primaryimage\"},\"thumbnailUrl\":\"https:\\\/\\\/www.ivinio.com\\\/wp-content\\\/uploads\\\/2021\\\/08\\\/Abruzzo.jpg\",\"datePublished\":\"2021-07-09T17:06:44+00:00\",\"dateModified\":\"2023-07-06T15:53:32+00:00\",\"description\":\"Vinregionen Abruzzerna. L\u00e4s om vinregionen Abruzzo eller Abruzzerna som det f\u00f6rsvenskat heter. Dess viner, druvor och appellationer.\",\"breadcrumb\":{\"@id\":\"https:\\\/\\\/www.ivinio.com\\\/sv\\\/sv-abruzzo-abruzzerna\\\/#breadcrumb\"},\"inLanguage\":\"sv-SE\",\"potentialAction\":[{\"@type\":\"ReadAction\",\"target\":[\"https:\\\/\\\/www.ivinio.com\\\/sv\\\/sv-abruzzo-abruzzerna\\\/\"]}]},{\"@type\":\"ImageObject\",\"inLanguage\":\"sv-SE\",\"@id\":\"https:\\\/\\\/www.ivinio.com\\\/sv\\\/sv-abruzzo-abruzzerna\\\/#primaryimage\",\"url\":\"https:\\\/\\\/www.ivinio.com\\\/wp-content\\\/uploads\\\/2021\\\/08\\\/Abruzzo.jpg\",\"contentUrl\":\"https:\\\/\\\/www.ivinio.com\\\/wp-content\\\/uploads\\\/2021\\\/08\\\/Abruzzo.jpg\"},{\"@type\":\"BreadcrumbList\",\"@id\":\"https:\\\/\\\/www.ivinio.com\\\/sv\\\/sv-abruzzo-abruzzerna\\\/#breadcrumb\",\"itemListElement\":[{\"@type\":\"ListItem\",\"position\":1,\"name\":\"Hem\",\"item\":\"https:\\\/\\\/www.ivinio.com\\\/sv\\\/\"},{\"@type\":\"ListItem\",\"position\":2,\"name\":\"Abruzzo &#8211; Abruzzerna\"}]},{\"@type\":\"WebSite\",\"@id\":\"https:\\\/\\\/www.ivinio.com\\\/sv\\\/#website\",\"url\":\"https:\\\/\\\/www.ivinio.com\\\/sv\\\/\",\"name\":\"IVINIO Vinbutik\",\"description\":\"Vin fr\u00e5n Frankrike och Italien med leverans hem till din d\u00f6rr\",\"publisher\":{\"@id\":\"https:\\\/\\\/www.ivinio.com\\\/sv\\\/#organization\"},\"potentialAction\":[{\"@type\":\"SearchAction\",\"target\":{\"@type\":\"EntryPoint\",\"urlTemplate\":\"https:\\\/\\\/www.ivinio.com\\\/sv\\\/?s={search_term_string}\"},\"query-input\":{\"@type\":\"PropertyValueSpecification\",\"valueRequired\":true,\"valueName\":\"search_term_string\"}}],\"inLanguage\":\"sv-SE\"},{\"@type\":\"Organization\",\"@id\":\"https:\\\/\\\/www.ivinio.com\\\/sv\\\/#organization\",\"name\":\"IVINIO\",\"url\":\"https:\\\/\\\/www.ivinio.com\\\/sv\\\/\",\"logo\":{\"@type\":\"ImageObject\",\"inLanguage\":\"sv-SE\",\"@id\":\"https:\\\/\\\/www.ivinio.com\\\/sv\\\/#\\\/schema\\\/logo\\\/image\\\/\",\"url\":\"https:\\\/\\\/www.ivinio.com\\\/wp-content\\\/uploads\\\/2021\\\/01\\\/Logo-Ivinio-v2.jpg\",\"contentUrl\":\"https:\\\/\\\/www.ivinio.com\\\/wp-content\\\/uploads\\\/2021\\\/01\\\/Logo-Ivinio-v2.jpg\",\"width\":1194,\"height\":1194,\"caption\":\"IVINIO\"},\"image\":{\"@id\":\"https:\\\/\\\/www.ivinio.com\\\/sv\\\/#\\\/schema\\\/logo\\\/image\\\/\"},\"sameAs\":[\"https:\\\/\\\/www.facebook.com\\\/groups\\\/165217837022391\\\/?ref=bookmarks\",\"https:\\\/\\\/www.instagram.com\\\/_ivinio_\\\/?hl=fr\"]}]}<\/script>\n<!-- \/ Yoast SEO plugin. -->","yoast_head_json":{"title":"Vinregionen Abruzzerna - IVINIO Vinbutik","description":"Vinregionen Abruzzerna. L\u00e4s om vinregionen Abruzzo eller Abruzzerna som det f\u00f6rsvenskat heter. Dess viner, druvor och appellationer.","robots":{"index":"index","follow":"follow","max-snippet":"max-snippet:-1","max-image-preview":"max-image-preview:large","max-video-preview":"max-video-preview:-1"},"canonical":"https:\/\/www.ivinio.com\/sv\/sv-abruzzo-abruzzerna\/","og_locale":"sv_SE","og_type":"article","og_title":"Vinregionen Abruzzerna - IVINIO Vinbutik","og_description":"Vinregionen Abruzzerna. L\u00e4s om vinregionen Abruzzo eller Abruzzerna som det f\u00f6rsvenskat heter. Dess viner, druvor och appellationer.","og_url":"https:\/\/www.ivinio.com\/sv\/sv-abruzzo-abruzzerna\/","og_site_name":"IVINIO Vinbutik","article_publisher":"https:\/\/www.facebook.com\/groups\/165217837022391\/?ref=bookmarks","article_modified_time":"2023-07-06T15:53:32+00:00","og_image":[{"url":"https:\/\/www.ivinio.com\/wp-content\/uploads\/2021\/08\/Abruzzo.jpg","type":"","width":"","height":""}],"twitter_card":"summary_large_image","twitter_misc":{"Ber\u00e4knad l\u00e4stid":"4 minuter"},"schema":{"@context":"https:\/\/schema.org","@graph":[{"@type":"WebPage","@id":"https:\/\/www.ivinio.com\/sv\/sv-abruzzo-abruzzerna\/","url":"https:\/\/www.ivinio.com\/sv\/sv-abruzzo-abruzzerna\/","name":"Vinregionen Abruzzerna - IVINIO Vinbutik","isPartOf":{"@id":"https:\/\/www.ivinio.com\/sv\/#website"},"primaryImageOfPage":{"@id":"https:\/\/www.ivinio.com\/sv\/sv-abruzzo-abruzzerna\/#primaryimage"},"image":{"@id":"https:\/\/www.ivinio.com\/sv\/sv-abruzzo-abruzzerna\/#primaryimage"},"thumbnailUrl":"https:\/\/www.ivinio.com\/wp-content\/uploads\/2021\/08\/Abruzzo.jpg","datePublished":"2021-07-09T17:06:44+00:00","dateModified":"2023-07-06T15:53:32+00:00","description":"Vinregionen Abruzzerna. L\u00e4s om vinregionen Abruzzo eller Abruzzerna som det f\u00f6rsvenskat heter. Dess viner, druvor och appellationer.","breadcrumb":{"@id":"https:\/\/www.ivinio.com\/sv\/sv-abruzzo-abruzzerna\/#breadcrumb"},"inLanguage":"sv-SE","potentialAction":[{"@type":"ReadAction","target":["https:\/\/www.ivinio.com\/sv\/sv-abruzzo-abruzzerna\/"]}]},{"@type":"ImageObject","inLanguage":"sv-SE","@id":"https:\/\/www.ivinio.com\/sv\/sv-abruzzo-abruzzerna\/#primaryimage","url":"https:\/\/www.ivinio.com\/wp-content\/uploads\/2021\/08\/Abruzzo.jpg","contentUrl":"https:\/\/www.ivinio.com\/wp-content\/uploads\/2021\/08\/Abruzzo.jpg"},{"@type":"BreadcrumbList","@id":"https:\/\/www.ivinio.com\/sv\/sv-abruzzo-abruzzerna\/#breadcrumb","itemListElement":[{"@type":"ListItem","position":1,"name":"Hem","item":"https:\/\/www.ivinio.com\/sv\/"},{"@type":"ListItem","position":2,"name":"Abruzzo &#8211; Abruzzerna"}]},{"@type":"WebSite","@id":"https:\/\/www.ivinio.com\/sv\/#website","url":"https:\/\/www.ivinio.com\/sv\/","name":"IVINIO Vinbutik","description":"Vin fr\u00e5n Frankrike och Italien med leverans hem till din d\u00f6rr","publisher":{"@id":"https:\/\/www.ivinio.com\/sv\/#organization"},"potentialAction":[{"@type":"SearchAction","target":{"@type":"EntryPoint","urlTemplate":"https:\/\/www.ivinio.com\/sv\/?s={search_term_string}"},"query-input":{"@type":"PropertyValueSpecification","valueRequired":true,"valueName":"search_term_string"}}],"inLanguage":"sv-SE"},{"@type":"Organization","@id":"https:\/\/www.ivinio.com\/sv\/#organization","name":"IVINIO","url":"https:\/\/www.ivinio.com\/sv\/","logo":{"@type":"ImageObject","inLanguage":"sv-SE","@id":"https:\/\/www.ivinio.com\/sv\/#\/schema\/logo\/image\/","url":"https:\/\/www.ivinio.com\/wp-content\/uploads\/2021\/01\/Logo-Ivinio-v2.jpg","contentUrl":"https:\/\/www.ivinio.com\/wp-content\/uploads\/2021\/01\/Logo-Ivinio-v2.jpg","width":1194,"height":1194,"caption":"IVINIO"},"image":{"@id":"https:\/\/www.ivinio.com\/sv\/#\/schema\/logo\/image\/"},"sameAs":["https:\/\/www.facebook.com\/groups\/165217837022391\/?ref=bookmarks","https:\/\/www.instagram.com\/_ivinio_\/?hl=fr"]}]}},"jetpack_shortlink":"https:\/\/wp.me\/PcK36q-x86","jetpack_sharing_enabled":true,"_links":{"self":[{"href":"https:\/\/www.ivinio.com\/sv\/wp-json\/wp\/v2\/pages\/127354","targetHints":{"allow":["GET"]}}],"collection":[{"href":"https:\/\/www.ivinio.com\/sv\/wp-json\/wp\/v2\/pages"}],"about":[{"href":"https:\/\/www.ivinio.com\/sv\/wp-json\/wp\/v2\/types\/page"}],"author":[{"embeddable":true,"href":"https:\/\/www.ivinio.com\/sv\/wp-json\/wp\/v2\/users\/1746"}],"replies":[{"embeddable":true,"href":"https:\/\/www.ivinio.com\/sv\/wp-json\/wp\/v2\/comments?post=127354"}],"version-history":[{"count":0,"href":"https:\/\/www.ivinio.com\/sv\/wp-json\/wp\/v2\/pages\/127354\/revisions"}],"wp:attachment":[{"href":"https:\/\/www.ivinio.com\/sv\/wp-json\/wp\/v2\/media?parent=127354"}],"curies":[{"name":"wp","href":"https:\/\/api.w.org\/{rel}","templated":true}]}}