{"id":123576,"date":"2021-02-18T11:27:57","date_gmt":"2021-02-18T10:27:57","guid":{"rendered":"https:\/\/henrik.www.ivinio.com\/prenumeration\/"},"modified":"2023-10-18T11:48:50","modified_gmt":"2023-10-18T09:48:50","slug":"vinprenumeration","status":"publish","type":"page","link":"https:\/\/www.ivinio.com\/sv\/vinprenumeration\/","title":{"rendered":"Vinprenumeration"},"content":{"rendered":"<div class=\"wpb-content-wrapper\"><p>[vc_row content_placement=&#8221;top&#8221; css=&#8221;.vc_custom_1696064769942{background-image: url(https:\/\/www.ivinio.com\/wp-content\/uploads\/2021\/02\/Abonnement-DV-1.jpg?id=123848) !important;}&#8221; el_class=&#8221;make-it-easy&#8221;][vc_column][vc_column_text]<\/p>\n<p>&nbsp;<\/p>\n<p>&nbsp;<\/p>\n<p>&nbsp;<\/p>\n<p>&nbsp;<\/p>\n<p>&nbsp;<\/p>\n<p>&nbsp;<\/p>\n<p>[\/vc_column_text][vc_empty_space height=&#8221;125px&#8221;][vc_column_text]<\/p>\n<h2><\/h2>\n<h2><\/h2>\n<h2><\/h2>\n<h2><\/h2>\n<h2><\/h2>\n<h2><\/h2>\n<h2><\/h2>\n<h2><\/h2>\n<h2><\/h2>\n<h2><\/h2>\n<h2><\/h2>\n<h2><\/h2>\n<h2><\/h2>\n<h2><\/h2>\n<h2><\/h2>\n<h2><\/h2>\n<h2><\/h2>\n<p>&nbsp;<\/p>\n<p>&nbsp;<\/p>\n<p>&nbsp;<\/p>\n<p>&nbsp;<\/p>\n<p>&nbsp;<\/p>\n<h2 style=\"text-align: center;\"><span style=\"color: #000000;\"><strong>\u00a0 \u00a0 \u00a0 \u00a0 \u00a0 \u00a0 \u00a0 \u00a0 \u00a0 \u00a0 \u00a0 \u00a0 \u00a0 \u00a0 \u00a0 \u00a0 \u00a0 \u00a0 \u00a0 \u00a0 \u00a0 \u00a0 \u00a0 \u00a0 \u00a0 \u00a0 Hem till d\u00f6rren fr\u00e5n <span class=\"woocommerce-Price-amount amount\"><bdi>65.0<span class=\"woocommerce-Price-currencySymbol\">&euro;<\/span><\/bdi><\/span><\/strong><\/span><\/h2>\n<p>[\/vc_column_text][vc_column_text]<\/p>\n<p>&nbsp;<\/p>\n<p>&nbsp;<\/p>\n<p>&nbsp;<\/p>\n<p>&nbsp;<\/p>\n<p>&nbsp;<\/p>\n<p>&nbsp;<\/p>\n<p>[\/vc_column_text][vc_column_text]<\/p>\n<p>&nbsp;<\/p>\n<p>&nbsp;<\/p>\n<p>[\/vc_column_text][\/vc_column][\/vc_row][vc_row][vc_column width=&#8221;1\/5&#8243;]\t<div class=\"ftc-feature feature-icon-red\">\r\n\t\t<div class=\"feature-content\">\r\n\r\n\t\t\t\t\t\t<a target=\"_blank\" class=\"feature-icon\" href=\"javascript: void(0)\">\r\n\t\t\t\t<i class=\"fa fas fa-wine-bottle\"><\/i>\r\n\t\t\t<\/a>\r\n\t\t\t\t\r\n\t\t\t\r\n\t\t\t<div class=\"ftc_feature_content\">\r\n\t\t\t\r\n\t\t\t\t\t\t\t\t\t<h3 class=\"feature-title product_title entry-title\">\r\n\t\t\t\t\t\t<a target=\"_blank\" href=\"javascript: void(0)\">Du v\u00e4ljer vilken typ av vin du gillar och frekvensen f\u00f6r leveranser under hela \u00e5ret.<\/a>\r\n\t\t\t\t\t<\/h3>\r\n\t\t\t\t\r\n\t\t\t\t\r\n\t\t\t\t\t\t\t\t<\/div>\r\n\t\t\t\t\t\t<\/div>\r\n\t<\/div>\r\n\t[\/vc_column][vc_column width=&#8221;1\/5&#8243;][vc_icon icon_fontawesome=&#8221;fas fa-arrow-circle-right&#8221; color=&#8221;custom&#8221; size=&#8221;lg&#8221; align=&#8221;center&#8221; custom_color=&#8221;#901509&#8243;][\/vc_column][vc_column width=&#8221;1\/5&#8243;]\t<div class=\"ftc-feature \">\r\n\t\t<div class=\"feature-content\">\r\n\r\n\t\t\t\t\t\t<a target=\"_blank\" class=\"feature-icon\" href=\"javascript: void(0)\">\r\n\t\t\t\t<i class=\"fa fas fa-home\"><\/i>\r\n\t\t\t<\/a>\r\n\t\t\t\t\r\n\t\t\t\r\n\t\t\t<div class=\"ftc_feature_content\">\r\n\t\t\t\r\n\t\t\t\t\t\t\t\t\t<h3 class=\"feature-title product_title entry-title\">\r\n\t\t\t\t\t\t<a target=\"_blank\" href=\"javascript: void(0)\">Vinerna skickas till ditt hem utan att du g\u00f6r n\u00e5gonting.<\/a>\r\n\t\t\t\t\t<\/h3>\r\n\t\t\t\t\r\n\t\t\t\t\r\n\t\t\t\t\t\t\t\t<\/div>\r\n\t\t\t\t\t\t<\/div>\r\n\t<\/div>\r\n\t[\/vc_column][vc_column width=&#8221;1\/5&#8243;][vc_icon icon_fontawesome=&#8221;fas fa-arrow-circle-right&#8221; color=&#8221;custom&#8221; size=&#8221;lg&#8221; align=&#8221;center&#8221; custom_color=&#8221;#901509&#8243;][\/vc_column][vc_column width=&#8221;1\/5&#8243;]\t<div class=\"ftc-feature \">\r\n\t\t<div class=\"feature-content\">\r\n\r\n\t\t\t\t\t\t<a target=\"_blank\" class=\"feature-icon\" href=\"javascript: void(0)\">\r\n\t\t\t\t<i class=\"fa far fa-money-bill-alt\"><\/i>\r\n\t\t\t<\/a>\r\n\t\t\t\t\r\n\t\t\t\r\n\t\t\t<div class=\"ftc_feature_content\">\r\n\t\t\t\r\n\t\t\t\t\t\t\t\t\t<h3 class=\"feature-title product_title entry-title\">\r\n\t\t\t\t\t\t<a target=\"_blank\" href=\"javascript: void(0)\">Betalning sker endast vid varje leverans.<\/a>\r\n\t\t\t\t\t<\/h3>\r\n\t\t\t\t\r\n\t\t\t\t\r\n\t\t\t\t\t\t\t\t<\/div>\r\n\t\t\t\t\t\t<\/div>\r\n\t<\/div>\r\n\t[\/vc_column][\/vc_row][vc_row][vc_column][vc_separator border_width=&#8221;3&#8243;][vc_column_text]<\/p>\n<h1><\/h1>\n<h1 class=\"title1\" style=\"text-align: center;\">V\u00c4LJ DIN VINPRENUMERATION<\/h1>\n<p>[\/vc_column_text][vc_separator border_width=&#8221;3&#8243;][\/vc_column][\/vc_row][vc_row][vc_column width=&#8221;1\/3&#8243; css=&#8221;.vc_custom_1696262472251{background-image: url(https:\/\/www.ivinio.com\/wp-content\/uploads\/2021\/02\/1-5-2.png?id=123958) !important;}&#8221; el_class=&#8221;wbp_text_mobile&#8221;][vc_column_text el_class=&#8221;has-content&#8221;]<\/p>\n<h3 style=\"text-align: center;\"><strong>Fr\u00e5n<\/strong><\/h3>\n<p>&nbsp;<\/p>\n<p style=\"text-align: center;\"><strong><span class=\"woocommerce-Price-amount amount\"><bdi>65.0<span class=\"woocommerce-Price-currencySymbol\">&euro;<\/span><\/bdi><\/span><\/strong><\/p>\n<p>[\/vc_column_text][vc_column_text el_class=&#8221;main-content&#8221;]<\/p>\n<h2 style=\"text-align: center;\"><span style=\"color: #ffffff;\">CLASSIC<\/span><\/h2>\n<p>&nbsp;<\/p>\n<p style=\"text-align: center;\"><span style=\"color: #ffffff;\">&#8220;Classic&#8221; -prenumerationen \u00e4r det perfekta valet f\u00f6r dig som uppskattar gott vin utan att komplicera det. Du vill bara ha bra viner som du kan \u00f6ppna spontant n\u00e4r som helst under veckan utan att snoffsa till det !<\/span><\/p>\n<p>[\/vc_column_text][vc_btn title=&#8221;Jag konfigurerar min prenumeration !&#8221; size=&#8221;lg&#8221; align=&#8221;center&#8221; link=&#8221;url:https%3A%2F%2Fwww.ivinio.com%2Fsv%2Fprodukt%2Fprenumeration-classique-konfiguration%2F|title:%22Klassisk%22%20prenumeration%20-%20Konfiguration||&#8221;][\/vc_column][vc_column width=&#8221;1\/3&#8243; css=&#8221;.vc_custom_1696262485588{background-image: url(https:\/\/www.ivinio.com\/wp-content\/uploads\/2021\/02\/2-1-2.png?id=123961) !important;}&#8221; el_class=&#8221;wbp_text_mobile&#8221;][vc_column_text el_class=&#8221;has-content&#8221;]<\/p>\n<h3 style=\"text-align: center;\"><strong>Fr\u00e5n<\/strong><\/h3>\n<p>&nbsp;<\/p>\n<p style=\"text-align: center;\"><strong><span class=\"woocommerce-Price-amount amount\"><bdi>95.0<span class=\"woocommerce-Price-currencySymbol\">&euro;<\/span><\/bdi><\/span><\/strong><\/p>\n<p>[\/vc_column_text][vc_column_text el_class=&#8221;main-content&#8221;]<\/p>\n<h2 style=\"text-align: center;\">MIDDAG MED V\u00c4NNER<\/h2>\n<p>&nbsp;<\/p>\n<p style=\"text-align: center;\">&#8220;Middag med v\u00e4nner&#8221; \u00e4r valet f\u00f6r dig som letar efter lite mer exklusiva &#8220;helgviner&#8221; och vill ha hj\u00e4lp med att v\u00e4lja ut godbitarna. Den h\u00e4r prenumerationen \u00e4r f\u00f6r dig som vill ha extraordin\u00e4ra viner, men utan snobberi.<\/p>\n<p>[\/vc_column_text][vc_btn title=&#8221;Jag konfigurerar min prenumeration !&#8221; size=&#8221;lg&#8221; align=&#8221;center&#8221; link=&#8221;url:https%3A%2F%2Fwww.ivinio.com%2Fsv%2Fprodukt%2Fmiddag-med-vanner-prenumeration-konfiguration%2F|title:%22Middag%20med%20v%C3%A4nner%22%20-prenumeration%20-%20Konfiguration||&#8221;][\/vc_column][vc_column width=&#8221;1\/3&#8243; css=&#8221;.vc_custom_1696262500001{background-image: url(https:\/\/www.ivinio.com\/wp-content\/uploads\/2021\/02\/3-1-2.png?id=123964) !important;}&#8221; el_class=&#8221;wbp_text_mobile&#8221;][vc_column_text el_class=&#8221;has-content&#8221;]<\/p>\n<h3 style=\"text-align: center;\"><strong>Fr\u00e5n<\/strong><\/h3>\n<p>&nbsp;<\/p>\n<p style=\"text-align: center;\"><strong><span class=\"woocommerce-Price-amount amount\"><bdi>150.0<span class=\"woocommerce-Price-currencySymbol\">&euro;<\/span><\/bdi><\/span><\/strong><\/p>\n<p>[\/vc_column_text][vc_column_text el_class=&#8221;main-content&#8221;]<\/p>\n<h2 style=\"text-align: center;\"><span style=\"color: #ffffff;\">EXCEPTION<\/span><\/h2>\n<p>&nbsp;<\/p>\n<p style=\"text-align: center;\"><span style=\"color: #ffffff;\">\u201dException\u201d \u00e4r valet f\u00f6r dig som \u00e4r kr\u00e4sen och vill ha det b\u00e4sta. De m\u00e5ste vara viner av v\u00e4lk\u00e4nda appellationer eller sp\u00e4nnande \u00f6verraskningar. De viner som erbjuds \u00e4r n\u00e4stan alltid fr\u00e5n ving\u00e5rdens mest exklusiva sortiment.ontent<\/span><\/p>\n<p>[\/vc_column_text][vc_btn title=&#8221;Jag konfigurerar min prenumeration !&#8221; size=&#8221;lg&#8221; align=&#8221;center&#8221; link=&#8221;url:https%3A%2F%2Fwww.ivinio.com%2Fsv%2Fprodukt%2Fundantag-prenumeration-konfiguration%2F|title:%22Undantag%22%20prenumeration%20-%20Konfiguration||&#8221;][\/vc_column][\/vc_row][vc_row][vc_column][vc_separator border_width=&#8221;3&#8243;][vc_column_text]<\/p>\n<h2><\/h2>\n<h3 class=\"title1\" style=\"text-align: center;\"><strong>L\u00c4S MER OM V\u00c5RA VINPRENUMERATIONER<\/strong><\/h3>\n<p>[\/vc_column_text][vc_separator border_width=&#8221;3&#8243;][\/vc_column][\/vc_row][vc_row][vc_column][vc_column_text]Om det \u00e4r sv\u00e5rt och tr\u00e5kigt att v\u00e4lja dina viner och \/ eller om du saknar tid och energi att g\u00f6ra en best\u00e4llning; Du b\u00f6r sedan registrera dig f\u00f6r ett vinabonnemang p\u00e5 IVINIO-webbplatsen och l\u00e5ta vinentusiaster g\u00f6ra jobbet \u00e5t dig!<\/p>\n<p>Du beh\u00f6ver bara v\u00e4lja antalet flaskor du vill best\u00e4lla, hur m\u00e5nga g\u00e5nger p\u00e5 \u00e5ret du vill levereras och vilken typ av vin du f\u00f6redrar &#8211; r\u00f6d, vit, ros\u00e9 eller blandad. Du best\u00e4mmer efter dina behov och din smak.<\/p>\n<p>Best\u00e4llningen skickas automatiskt direkt till den adress du v\u00e4ljer p\u00e5 de schemalagda datumen.<\/p>\n<p>Betalning sker n\u00e4r vinet skickas och inte vid prenumerationstillf\u00e4llet. Varje g\u00e5ng du skickar den kommer betalningen automatiskt att debiteras fr\u00e5n ditt konto (information om detta ges n\u00e4r du registrerar dig f\u00f6r prenumerationen). Betalning \u00e4r d\u00e4rf\u00f6r som n\u00e4r du g\u00f6r ett vanligt k\u00f6p, den enda skillnaden \u00e4r att du inte sl\u00f6ser med tid att best\u00e4lla och att du inte beh\u00f6ver oroa dig f\u00f6r att v\u00e4lja mellan olika viner; IVINIO g\u00f6r det \u00e5t dig!<\/p>\n<h4 style=\"text-align: center;\"><strong>HUR V\u00c4LJS VINERNA ?<\/strong><\/h4>\n<p>Vi g\u00f6r ett urval bland de viner som erbjuds p\u00e5 IVINIO enligt dina smakkriterier. Vi garanterar att de viner som skickas har minst det v\u00e4rde som motsvarar din prenumeration.<\/p>\n<p>Prenumerationen f\u00f6renklar k\u00f6pet av vin, ger s\u00e4kerhet och l\u00e5ter dig smaka p\u00e5 olika viner.<\/p>\n<p>N\u00e4r som helst har du m\u00f6jlighet att s\u00e4ga upp din prenumeration utan extra kostnad. Vi ber oss bara informeras senast tv\u00e5 veckor (14 dagar) f\u00f6re den kommande leveransen, f\u00f6r att f\u00e5 tid att forts\u00e4tta med avbokningen.<\/p>\n<p>Sist men inte minst, om du r\u00e5kar vara missn\u00f6jd med leveransen, kan du returnera flaskorna och f\u00e5 tillbaka dina pengar. Prenumerationen m\u00e5ste vara enkel, effektiv, s\u00e4ker och ge dig fullst\u00e4ndig tillfredsst\u00e4llelse.[\/vc_column_text][\/vc_column][\/vc_row]<\/p>\n<\/div>","protected":false},"excerpt":{"rendered":"<p>[vc_row content_placement=&#8221;top&#8221; css=&#8221;.vc_custom_1696064769942{background-image: url(https:\/\/www.ivinio.com\/wp-content\/uploads\/2021\/02\/Abonnement-DV-1.jpg?id=123848) !important;}&#8221; el_class=&#8221;make-it-easy&#8221;][vc_column][vc_column_text] &nbsp; &nbsp; &nbsp; &nbsp; &nbsp; &nbsp; [\/vc_column_text][vc_empty_space height=&#8221;125px&#8221;][vc_column_text] &nbsp; &nbsp; &nbsp; &nbsp; &nbsp; \u00a0 \u00a0 \u00a0 \u00a0 \u00a0 \u00a0 \u00a0 \u00a0 \u00a0 \u00a0 \u00a0 \u00a0 \u00a0 \u00a0 \u00a0 \u00a0 \u00a0 \u00a0 \u00a0 \u00a0 \u00a0 \u00a0 \u00a0 \u00a0 \u00a0 \u00a0 Hem till d\u00f6rren fr\u00e5n [\/vc_column_text][vc_column_text] &nbsp; &nbsp; &nbsp; &nbsp; &nbsp; [&hellip;]<\/p>\n","protected":false},"author":1746,"featured_media":0,"parent":0,"menu_order":0,"comment_status":"closed","ping_status":"closed","template":"","meta":{"_monsterinsights_skip_tracking":false,"_monsterinsights_sitenote_active":false,"_monsterinsights_sitenote_note":"","_monsterinsights_sitenote_category":0,"_uf_show_specific_survey":0,"_uf_disable_surveys":false,"footnotes":""},"class_list":["post-123576","page","type-page","status-publish","hentry"],"yoast_head":"<!-- This site is optimized with the Yoast SEO plugin v27.4 - https:\/\/yoast.com\/product\/yoast-seo-wordpress\/ -->\n<title>Vinprenumeration med leverans hem - IVINIO Vinbutik<\/title>\n<meta name=\"description\" content=\"Vinprenumeration med leverans hem. Om det \u00e4r sv\u00e5rt att v\u00e4lja vin b\u00f6r du registrera dig f\u00f6r en vinprenumeration p\u00e5 IVINIO.\" \/>\n<meta name=\"robots\" content=\"index, follow, max-snippet:-1, max-image-preview:large, max-video-preview:-1\" \/>\n<link rel=\"canonical\" href=\"https:\/\/www.ivinio.com\/sv\/vinprenumeration\/\" \/>\n<meta property=\"og:locale\" content=\"sv_SE\" \/>\n<meta property=\"og:type\" content=\"article\" \/>\n<meta property=\"og:title\" content=\"Vinprenumeration med leverans hem - IVINIO Vinbutik\" \/>\n<meta property=\"og:description\" content=\"Vinprenumeration med leverans hem. Om det \u00e4r sv\u00e5rt att v\u00e4lja vin b\u00f6r du registrera dig f\u00f6r en vinprenumeration p\u00e5 IVINIO.\" \/>\n<meta property=\"og:url\" content=\"https:\/\/www.ivinio.com\/sv\/vinprenumeration\/\" \/>\n<meta property=\"og:site_name\" content=\"IVINIO Vinbutik\" \/>\n<meta property=\"article:publisher\" content=\"https:\/\/www.facebook.com\/groups\/165217837022391\/?ref=bookmarks\" \/>\n<meta property=\"article:modified_time\" content=\"2023-10-18T09:48:50+00:00\" \/>\n<meta name=\"twitter:card\" content=\"summary_large_image\" \/>\n<meta name=\"twitter:label1\" content=\"Ber\u00e4knad l\u00e4stid\" \/>\n\t<meta name=\"twitter:data1\" content=\"3 minuter\" \/>\n<script type=\"application\/ld+json\" class=\"yoast-schema-graph\">{\"@context\":\"https:\\\/\\\/schema.org\",\"@graph\":[{\"@type\":\"WebPage\",\"@id\":\"https:\\\/\\\/www.ivinio.com\\\/sv\\\/vinprenumeration\\\/\",\"url\":\"https:\\\/\\\/www.ivinio.com\\\/sv\\\/vinprenumeration\\\/\",\"name\":\"Vinprenumeration med leverans hem - IVINIO Vinbutik\",\"isPartOf\":{\"@id\":\"https:\\\/\\\/www.ivinio.com\\\/sv\\\/#website\"},\"datePublished\":\"2021-02-18T10:27:57+00:00\",\"dateModified\":\"2023-10-18T09:48:50+00:00\",\"description\":\"Vinprenumeration med leverans hem. Om det \u00e4r sv\u00e5rt att v\u00e4lja vin b\u00f6r du registrera dig f\u00f6r en vinprenumeration p\u00e5 IVINIO.\",\"breadcrumb\":{\"@id\":\"https:\\\/\\\/www.ivinio.com\\\/sv\\\/vinprenumeration\\\/#breadcrumb\"},\"inLanguage\":\"sv-SE\",\"potentialAction\":[{\"@type\":\"ReadAction\",\"target\":[\"https:\\\/\\\/www.ivinio.com\\\/sv\\\/vinprenumeration\\\/\"]}]},{\"@type\":\"BreadcrumbList\",\"@id\":\"https:\\\/\\\/www.ivinio.com\\\/sv\\\/vinprenumeration\\\/#breadcrumb\",\"itemListElement\":[{\"@type\":\"ListItem\",\"position\":1,\"name\":\"Hem\",\"item\":\"https:\\\/\\\/www.ivinio.com\\\/sv\\\/\"},{\"@type\":\"ListItem\",\"position\":2,\"name\":\"Vinprenumeration\"}]},{\"@type\":\"WebSite\",\"@id\":\"https:\\\/\\\/www.ivinio.com\\\/sv\\\/#website\",\"url\":\"https:\\\/\\\/www.ivinio.com\\\/sv\\\/\",\"name\":\"IVINIO Vinbutik\",\"description\":\"Vin fr\u00e5n Frankrike och Italien med leverans hem till din d\u00f6rr\",\"publisher\":{\"@id\":\"https:\\\/\\\/www.ivinio.com\\\/sv\\\/#organization\"},\"potentialAction\":[{\"@type\":\"SearchAction\",\"target\":{\"@type\":\"EntryPoint\",\"urlTemplate\":\"https:\\\/\\\/www.ivinio.com\\\/sv\\\/?s={search_term_string}\"},\"query-input\":{\"@type\":\"PropertyValueSpecification\",\"valueRequired\":true,\"valueName\":\"search_term_string\"}}],\"inLanguage\":\"sv-SE\"},{\"@type\":\"Organization\",\"@id\":\"https:\\\/\\\/www.ivinio.com\\\/sv\\\/#organization\",\"name\":\"IVINIO\",\"url\":\"https:\\\/\\\/www.ivinio.com\\\/sv\\\/\",\"logo\":{\"@type\":\"ImageObject\",\"inLanguage\":\"sv-SE\",\"@id\":\"https:\\\/\\\/www.ivinio.com\\\/sv\\\/#\\\/schema\\\/logo\\\/image\\\/\",\"url\":\"https:\\\/\\\/www.ivinio.com\\\/wp-content\\\/uploads\\\/2021\\\/01\\\/Logo-Ivinio-v2.jpg\",\"contentUrl\":\"https:\\\/\\\/www.ivinio.com\\\/wp-content\\\/uploads\\\/2021\\\/01\\\/Logo-Ivinio-v2.jpg\",\"width\":1194,\"height\":1194,\"caption\":\"IVINIO\"},\"image\":{\"@id\":\"https:\\\/\\\/www.ivinio.com\\\/sv\\\/#\\\/schema\\\/logo\\\/image\\\/\"},\"sameAs\":[\"https:\\\/\\\/www.facebook.com\\\/groups\\\/165217837022391\\\/?ref=bookmarks\",\"https:\\\/\\\/www.instagram.com\\\/_ivinio_\\\/?hl=fr\"]}]}<\/script>\n<!-- \/ Yoast SEO plugin. -->","yoast_head_json":{"title":"Vinprenumeration med leverans hem - IVINIO Vinbutik","description":"Vinprenumeration med leverans hem. Om det \u00e4r sv\u00e5rt att v\u00e4lja vin b\u00f6r du registrera dig f\u00f6r en vinprenumeration p\u00e5 IVINIO.","robots":{"index":"index","follow":"follow","max-snippet":"max-snippet:-1","max-image-preview":"max-image-preview:large","max-video-preview":"max-video-preview:-1"},"canonical":"https:\/\/www.ivinio.com\/sv\/vinprenumeration\/","og_locale":"sv_SE","og_type":"article","og_title":"Vinprenumeration med leverans hem - IVINIO Vinbutik","og_description":"Vinprenumeration med leverans hem. Om det \u00e4r sv\u00e5rt att v\u00e4lja vin b\u00f6r du registrera dig f\u00f6r en vinprenumeration p\u00e5 IVINIO.","og_url":"https:\/\/www.ivinio.com\/sv\/vinprenumeration\/","og_site_name":"IVINIO Vinbutik","article_publisher":"https:\/\/www.facebook.com\/groups\/165217837022391\/?ref=bookmarks","article_modified_time":"2023-10-18T09:48:50+00:00","twitter_card":"summary_large_image","twitter_misc":{"Ber\u00e4knad l\u00e4stid":"3 minuter"},"schema":{"@context":"https:\/\/schema.org","@graph":[{"@type":"WebPage","@id":"https:\/\/www.ivinio.com\/sv\/vinprenumeration\/","url":"https:\/\/www.ivinio.com\/sv\/vinprenumeration\/","name":"Vinprenumeration med leverans hem - IVINIO Vinbutik","isPartOf":{"@id":"https:\/\/www.ivinio.com\/sv\/#website"},"datePublished":"2021-02-18T10:27:57+00:00","dateModified":"2023-10-18T09:48:50+00:00","description":"Vinprenumeration med leverans hem. Om det \u00e4r sv\u00e5rt att v\u00e4lja vin b\u00f6r du registrera dig f\u00f6r en vinprenumeration p\u00e5 IVINIO.","breadcrumb":{"@id":"https:\/\/www.ivinio.com\/sv\/vinprenumeration\/#breadcrumb"},"inLanguage":"sv-SE","potentialAction":[{"@type":"ReadAction","target":["https:\/\/www.ivinio.com\/sv\/vinprenumeration\/"]}]},{"@type":"BreadcrumbList","@id":"https:\/\/www.ivinio.com\/sv\/vinprenumeration\/#breadcrumb","itemListElement":[{"@type":"ListItem","position":1,"name":"Hem","item":"https:\/\/www.ivinio.com\/sv\/"},{"@type":"ListItem","position":2,"name":"Vinprenumeration"}]},{"@type":"WebSite","@id":"https:\/\/www.ivinio.com\/sv\/#website","url":"https:\/\/www.ivinio.com\/sv\/","name":"IVINIO Vinbutik","description":"Vin fr\u00e5n Frankrike och Italien med leverans hem till din d\u00f6rr","publisher":{"@id":"https:\/\/www.ivinio.com\/sv\/#organization"},"potentialAction":[{"@type":"SearchAction","target":{"@type":"EntryPoint","urlTemplate":"https:\/\/www.ivinio.com\/sv\/?s={search_term_string}"},"query-input":{"@type":"PropertyValueSpecification","valueRequired":true,"valueName":"search_term_string"}}],"inLanguage":"sv-SE"},{"@type":"Organization","@id":"https:\/\/www.ivinio.com\/sv\/#organization","name":"IVINIO","url":"https:\/\/www.ivinio.com\/sv\/","logo":{"@type":"ImageObject","inLanguage":"sv-SE","@id":"https:\/\/www.ivinio.com\/sv\/#\/schema\/logo\/image\/","url":"https:\/\/www.ivinio.com\/wp-content\/uploads\/2021\/01\/Logo-Ivinio-v2.jpg","contentUrl":"https:\/\/www.ivinio.com\/wp-content\/uploads\/2021\/01\/Logo-Ivinio-v2.jpg","width":1194,"height":1194,"caption":"IVINIO"},"image":{"@id":"https:\/\/www.ivinio.com\/sv\/#\/schema\/logo\/image\/"},"sameAs":["https:\/\/www.facebook.com\/groups\/165217837022391\/?ref=bookmarks","https:\/\/www.instagram.com\/_ivinio_\/?hl=fr"]}]}},"jetpack_shortlink":"https:\/\/wp.me\/PcK36q-w9a","jetpack_sharing_enabled":true,"_links":{"self":[{"href":"https:\/\/www.ivinio.com\/sv\/wp-json\/wp\/v2\/pages\/123576","targetHints":{"allow":["GET"]}}],"collection":[{"href":"https:\/\/www.ivinio.com\/sv\/wp-json\/wp\/v2\/pages"}],"about":[{"href":"https:\/\/www.ivinio.com\/sv\/wp-json\/wp\/v2\/types\/page"}],"author":[{"embeddable":true,"href":"https:\/\/www.ivinio.com\/sv\/wp-json\/wp\/v2\/users\/1746"}],"replies":[{"embeddable":true,"href":"https:\/\/www.ivinio.com\/sv\/wp-json\/wp\/v2\/comments?post=123576"}],"version-history":[{"count":0,"href":"https:\/\/www.ivinio.com\/sv\/wp-json\/wp\/v2\/pages\/123576\/revisions"}],"wp:attachment":[{"href":"https:\/\/www.ivinio.com\/sv\/wp-json\/wp\/v2\/media?parent=123576"}],"curies":[{"name":"wp","href":"https:\/\/api.w.org\/{rel}","templated":true}]}}