{"id":139693,"date":"2026-03-20T12:14:02","date_gmt":"2026-03-20T11:14:02","guid":{"rendered":"https:\/\/www.ivinio.com\/product\/bubbles-by-rose-gold-maitres-vignerons-de-saint-tropez-mousseux\/"},"modified":"2026-05-05T10:19:45","modified_gmt":"2026-05-05T08:19:45","slug":"bubbles-by-rose-gold-maitres-vignerons-de-saint-tropez-mousseux","status":"publish","type":"product","link":"https:\/\/www.ivinio.com\/fr\/produit\/bubbles-by-rose-gold-maitres-vignerons-de-saint-tropez-mousseux\/","title":{"rendered":"Bubbles by Ros\u00e9 Gold &#8211; Ma\u00eetres vignerons de Saint Tropez- Mousseux"},"content":{"rendered":"<p>Bubbles by Ros\u00e9 Gold est un vin ros\u00e9 p\u00e9tillant produit par Les Ma\u00eetres Vignerons de la Presqu\u2019\u00eele de Saint-Tropez, en Provence. Ce vin est \u00e9labor\u00e9 dans un style l\u00e9ger et fruit\u00e9, typique des ros\u00e9s de la r\u00e9gion. Sa pression relativement faible de 4,5 bars lui conf\u00e8re une effervescence agr\u00e9able, id\u00e9ale pour accompagner les f\u00eates.<\/p>\n","protected":false},"excerpt":{"rendered":"<p>Une bulle festive venue de Saint-Tropez pour que la f\u00eate continue toute la nuit !<\/p>\n","protected":false},"featured_media":139679,"comment_status":"open","ping_status":"closed","template":"","meta":{"_monsterinsights_skip_tracking":false,"_monsterinsights_sitenote_active":false,"_monsterinsights_sitenote_note":"","_monsterinsights_sitenote_category":0,"_uf_show_specific_survey":0,"_uf_disable_surveys":false},"product_brand":[],"product_cat":[36624,36588],"product_tag":[],"class_list":{"0":"post-139693","1":"product","2":"type-product","3":"status-publish","4":"has-post-thumbnail","6":"product_cat-sv-provence","7":"product_cat-franska-viner","8":"pa_alcohol-degree-13-sv","9":"pa_color-mousserande-sv","10":"pa_country-frankrike-sv","11":"pa_grape-variety-cinsault-sv","12":"pa_grape-variety-grenache-sv","13":"pa_grape-variety-syrah-sv","15":"first","16":"instock","17":"taxable","18":"shipping-taxable","19":"purchasable","20":"product-type-simple"},"bundled_by":[],"bundle_stock_status":"instock","bundle_stock_quantity":null,"bundle_virtual":false,"bundle_layout":"","bundle_add_to_cart_form_location":"","bundle_editable_in_cart":false,"bundle_sold_individually_context":"","bundle_item_grouping":"","bundle_min_size":"","bundle_max_size":"","bundle_price":[],"bundled_items":[],"bundle_sell_ids":[],"yoast_head":"<!-- This site is optimized with the Yoast SEO plugin v27.5 - https:\/\/yoast.com\/product\/yoast-seo-wordpress\/ -->\n<title>Bubbles by Ros\u00e9 Gold - Ma\u00eetres vignerons de Saint Tropez- Mousseux - IVINIO Caviste<\/title>\n<meta name=\"description\" content=\"Bubbles by Ros\u00e9 Gold - Ma\u00eetres Vignerons de Saint-Tropez - P\u00e9tillant. Ar\u00f4mes et notes de fleurs blanches et de petits fruits rouges. Bouche l\u00e9g\u00e8rement acidul\u00e9e.\" \/>\n<meta name=\"robots\" content=\"index, follow, max-snippet:-1, max-image-preview:large, max-video-preview:-1\" \/>\n<link rel=\"canonical\" href=\"https:\/\/www.ivinio.com\/fr\/produit\/bubbles-by-rose-gold-maitres-vignerons-de-saint-tropez-mousseux\/\" \/>\n<meta property=\"og:locale\" content=\"fr_FR\" \/>\n<meta property=\"og:type\" content=\"article\" \/>\n<meta property=\"og:title\" content=\"Bubbles by Ros\u00e9 Gold - Ma\u00eetres vignerons de Saint Tropez- Mousseux - IVINIO Caviste\" \/>\n<meta property=\"og:description\" content=\"Bubbles by Ros\u00e9 Gold - Ma\u00eetres Vignerons de Saint-Tropez - P\u00e9tillant. Ar\u00f4mes et notes de fleurs blanches et de petits fruits rouges. Bouche l\u00e9g\u00e8rement acidul\u00e9e.\" \/>\n<meta property=\"og:url\" content=\"https:\/\/www.ivinio.com\/fr\/produit\/bubbles-by-rose-gold-maitres-vignerons-de-saint-tropez-mousseux\/\" \/>\n<meta property=\"og:site_name\" content=\"IVINIO Caviste\" \/>\n<meta property=\"article:publisher\" content=\"https:\/\/www.facebook.com\/groups\/165217837022391\/?ref=bookmarks\" \/>\n<meta property=\"article:modified_time\" content=\"2026-05-05T08:19:45+00:00\" \/>\n<meta property=\"og:image\" content=\"https:\/\/www.ivinio.com\/wp-content\/uploads\/2026\/03\/bubbles-by-rose-IVINIO.jpg\" \/>\n\t<meta property=\"og:image:width\" content=\"500\" \/>\n\t<meta property=\"og:image:height\" content=\"500\" \/>\n\t<meta property=\"og:image:type\" content=\"image\/jpeg\" \/>\n<meta name=\"twitter:card\" content=\"summary_large_image\" \/>\n<meta name=\"twitter:label1\" content=\"Dur\u00e9e de lecture estim\u00e9e\" \/>\n\t<meta name=\"twitter:data1\" content=\"1 minute\" \/>\n<script type=\"application\/ld+json\" class=\"yoast-schema-graph\">{\"@context\":\"https:\\\/\\\/schema.org\",\"@graph\":[{\"@type\":\"WebPage\",\"@id\":\"https:\\\/\\\/www.ivinio.com\\\/fr\\\/produit\\\/bubbles-by-rose-gold-maitres-vignerons-de-saint-tropez-mousseux\\\/\",\"url\":\"https:\\\/\\\/www.ivinio.com\\\/fr\\\/produit\\\/bubbles-by-rose-gold-maitres-vignerons-de-saint-tropez-mousseux\\\/\",\"name\":\"Bubbles by Ros\u00e9 Gold - Ma\u00eetres vignerons de Saint Tropez- Mousseux - IVINIO Caviste\",\"isPartOf\":{\"@id\":\"https:\\\/\\\/www.ivinio.com\\\/fr\\\/#website\"},\"primaryImageOfPage\":{\"@id\":\"https:\\\/\\\/www.ivinio.com\\\/fr\\\/produit\\\/bubbles-by-rose-gold-maitres-vignerons-de-saint-tropez-mousseux\\\/#primaryimage\"},\"image\":{\"@id\":\"https:\\\/\\\/www.ivinio.com\\\/fr\\\/produit\\\/bubbles-by-rose-gold-maitres-vignerons-de-saint-tropez-mousseux\\\/#primaryimage\"},\"thumbnailUrl\":\"https:\\\/\\\/www.ivinio.com\\\/wp-content\\\/uploads\\\/2026\\\/03\\\/bubbles-by-rose-IVINIO.jpg\",\"datePublished\":\"2026-03-20T11:14:02+00:00\",\"dateModified\":\"2026-05-05T08:19:45+00:00\",\"description\":\"Bubbles by Ros\u00e9 Gold - Ma\u00eetres Vignerons de Saint-Tropez - P\u00e9tillant. Ar\u00f4mes et notes de fleurs blanches et de petits fruits rouges. Bouche l\u00e9g\u00e8rement acidul\u00e9e.\",\"breadcrumb\":{\"@id\":\"https:\\\/\\\/www.ivinio.com\\\/fr\\\/produit\\\/bubbles-by-rose-gold-maitres-vignerons-de-saint-tropez-mousseux\\\/#breadcrumb\"},\"inLanguage\":\"fr-FR\",\"potentialAction\":[{\"@type\":\"ReadAction\",\"target\":[\"https:\\\/\\\/www.ivinio.com\\\/fr\\\/produit\\\/bubbles-by-rose-gold-maitres-vignerons-de-saint-tropez-mousseux\\\/\"]}]},{\"@type\":\"ImageObject\",\"inLanguage\":\"fr-FR\",\"@id\":\"https:\\\/\\\/www.ivinio.com\\\/fr\\\/produit\\\/bubbles-by-rose-gold-maitres-vignerons-de-saint-tropez-mousseux\\\/#primaryimage\",\"url\":\"https:\\\/\\\/www.ivinio.com\\\/wp-content\\\/uploads\\\/2026\\\/03\\\/bubbles-by-rose-IVINIO.jpg\",\"contentUrl\":\"https:\\\/\\\/www.ivinio.com\\\/wp-content\\\/uploads\\\/2026\\\/03\\\/bubbles-by-rose-IVINIO.jpg\",\"width\":500,\"height\":500},{\"@type\":\"BreadcrumbList\",\"@id\":\"https:\\\/\\\/www.ivinio.com\\\/fr\\\/produit\\\/bubbles-by-rose-gold-maitres-vignerons-de-saint-tropez-mousseux\\\/#breadcrumb\",\"itemListElement\":[{\"@type\":\"ListItem\",\"position\":1,\"name\":\"Home\",\"item\":\"https:\\\/\\\/www.ivinio.com\\\/fr\\\/\"},{\"@type\":\"ListItem\",\"position\":2,\"name\":\"Boutique de vin\",\"item\":\"https:\\\/\\\/www.ivinio.com\\\/fr\\\/boutique-de-vin\\\/\"},{\"@type\":\"ListItem\",\"position\":3,\"name\":\"Bubbles by Ros\u00e9 Gold &#8211; Ma\u00eetres vignerons de Saint Tropez- Mousseux\"}]},{\"@type\":\"WebSite\",\"@id\":\"https:\\\/\\\/www.ivinio.com\\\/fr\\\/#website\",\"url\":\"https:\\\/\\\/www.ivinio.com\\\/fr\\\/\",\"name\":\"IVINIO Caviste\",\"description\":\"Vins de France et d&#039;Italie avec livraison \u00e0 domicile\",\"publisher\":{\"@id\":\"https:\\\/\\\/www.ivinio.com\\\/fr\\\/#organization\"},\"potentialAction\":[{\"@type\":\"SearchAction\",\"target\":{\"@type\":\"EntryPoint\",\"urlTemplate\":\"https:\\\/\\\/www.ivinio.com\\\/fr\\\/?s={search_term_string}\"},\"query-input\":{\"@type\":\"PropertyValueSpecification\",\"valueRequired\":true,\"valueName\":\"search_term_string\"}}],\"inLanguage\":\"fr-FR\"},{\"@type\":\"Organization\",\"@id\":\"https:\\\/\\\/www.ivinio.com\\\/fr\\\/#organization\",\"name\":\"IVINIO\",\"url\":\"https:\\\/\\\/www.ivinio.com\\\/fr\\\/\",\"logo\":{\"@type\":\"ImageObject\",\"inLanguage\":\"fr-FR\",\"@id\":\"https:\\\/\\\/www.ivinio.com\\\/fr\\\/#\\\/schema\\\/logo\\\/image\\\/\",\"url\":\"https:\\\/\\\/www.ivinio.com\\\/wp-content\\\/uploads\\\/2021\\\/01\\\/Logo-Ivinio-v2.jpg\",\"contentUrl\":\"https:\\\/\\\/www.ivinio.com\\\/wp-content\\\/uploads\\\/2021\\\/01\\\/Logo-Ivinio-v2.jpg\",\"width\":1194,\"height\":1194,\"caption\":\"IVINIO\"},\"image\":{\"@id\":\"https:\\\/\\\/www.ivinio.com\\\/fr\\\/#\\\/schema\\\/logo\\\/image\\\/\"},\"sameAs\":[\"https:\\\/\\\/www.facebook.com\\\/groups\\\/165217837022391\\\/?ref=bookmarks\",\"https:\\\/\\\/www.instagram.com\\\/_ivinio_\\\/?hl=fr\"]}]}<\/script>\n<!-- \/ Yoast SEO plugin. -->","yoast_head_json":{"title":"Bubbles by Ros\u00e9 Gold - Ma\u00eetres vignerons de Saint Tropez- Mousseux - IVINIO Caviste","description":"Bubbles by Ros\u00e9 Gold - Ma\u00eetres Vignerons de Saint-Tropez - P\u00e9tillant. Ar\u00f4mes et notes de fleurs blanches et de petits fruits rouges. Bouche l\u00e9g\u00e8rement acidul\u00e9e.","robots":{"index":"index","follow":"follow","max-snippet":"max-snippet:-1","max-image-preview":"max-image-preview:large","max-video-preview":"max-video-preview:-1"},"canonical":"https:\/\/www.ivinio.com\/fr\/produit\/bubbles-by-rose-gold-maitres-vignerons-de-saint-tropez-mousseux\/","og_locale":"fr_FR","og_type":"article","og_title":"Bubbles by Ros\u00e9 Gold - Ma\u00eetres vignerons de Saint Tropez- Mousseux - IVINIO Caviste","og_description":"Bubbles by Ros\u00e9 Gold - Ma\u00eetres Vignerons de Saint-Tropez - P\u00e9tillant. Ar\u00f4mes et notes de fleurs blanches et de petits fruits rouges. Bouche l\u00e9g\u00e8rement acidul\u00e9e.","og_url":"https:\/\/www.ivinio.com\/fr\/produit\/bubbles-by-rose-gold-maitres-vignerons-de-saint-tropez-mousseux\/","og_site_name":"IVINIO Caviste","article_publisher":"https:\/\/www.facebook.com\/groups\/165217837022391\/?ref=bookmarks","article_modified_time":"2026-05-05T08:19:45+00:00","og_image":[{"width":500,"height":500,"url":"https:\/\/www.ivinio.com\/wp-content\/uploads\/2026\/03\/bubbles-by-rose-IVINIO.jpg","type":"image\/jpeg"}],"twitter_card":"summary_large_image","twitter_misc":{"Dur\u00e9e de lecture estim\u00e9e":"1 minute"},"schema":{"@context":"https:\/\/schema.org","@graph":[{"@type":"WebPage","@id":"https:\/\/www.ivinio.com\/fr\/produit\/bubbles-by-rose-gold-maitres-vignerons-de-saint-tropez-mousseux\/","url":"https:\/\/www.ivinio.com\/fr\/produit\/bubbles-by-rose-gold-maitres-vignerons-de-saint-tropez-mousseux\/","name":"Bubbles by Ros\u00e9 Gold - Ma\u00eetres vignerons de Saint Tropez- Mousseux - IVINIO Caviste","isPartOf":{"@id":"https:\/\/www.ivinio.com\/fr\/#website"},"primaryImageOfPage":{"@id":"https:\/\/www.ivinio.com\/fr\/produit\/bubbles-by-rose-gold-maitres-vignerons-de-saint-tropez-mousseux\/#primaryimage"},"image":{"@id":"https:\/\/www.ivinio.com\/fr\/produit\/bubbles-by-rose-gold-maitres-vignerons-de-saint-tropez-mousseux\/#primaryimage"},"thumbnailUrl":"https:\/\/www.ivinio.com\/wp-content\/uploads\/2026\/03\/bubbles-by-rose-IVINIO.jpg","datePublished":"2026-03-20T11:14:02+00:00","dateModified":"2026-05-05T08:19:45+00:00","description":"Bubbles by Ros\u00e9 Gold - Ma\u00eetres Vignerons de Saint-Tropez - P\u00e9tillant. Ar\u00f4mes et notes de fleurs blanches et de petits fruits rouges. Bouche l\u00e9g\u00e8rement acidul\u00e9e.","breadcrumb":{"@id":"https:\/\/www.ivinio.com\/fr\/produit\/bubbles-by-rose-gold-maitres-vignerons-de-saint-tropez-mousseux\/#breadcrumb"},"inLanguage":"fr-FR","potentialAction":[{"@type":"ReadAction","target":["https:\/\/www.ivinio.com\/fr\/produit\/bubbles-by-rose-gold-maitres-vignerons-de-saint-tropez-mousseux\/"]}]},{"@type":"ImageObject","inLanguage":"fr-FR","@id":"https:\/\/www.ivinio.com\/fr\/produit\/bubbles-by-rose-gold-maitres-vignerons-de-saint-tropez-mousseux\/#primaryimage","url":"https:\/\/www.ivinio.com\/wp-content\/uploads\/2026\/03\/bubbles-by-rose-IVINIO.jpg","contentUrl":"https:\/\/www.ivinio.com\/wp-content\/uploads\/2026\/03\/bubbles-by-rose-IVINIO.jpg","width":500,"height":500},{"@type":"BreadcrumbList","@id":"https:\/\/www.ivinio.com\/fr\/produit\/bubbles-by-rose-gold-maitres-vignerons-de-saint-tropez-mousseux\/#breadcrumb","itemListElement":[{"@type":"ListItem","position":1,"name":"Home","item":"https:\/\/www.ivinio.com\/fr\/"},{"@type":"ListItem","position":2,"name":"Boutique de vin","item":"https:\/\/www.ivinio.com\/fr\/boutique-de-vin\/"},{"@type":"ListItem","position":3,"name":"Bubbles by Ros\u00e9 Gold &#8211; Ma\u00eetres vignerons de Saint Tropez- Mousseux"}]},{"@type":"WebSite","@id":"https:\/\/www.ivinio.com\/fr\/#website","url":"https:\/\/www.ivinio.com\/fr\/","name":"IVINIO Caviste","description":"Vins de France et d&#039;Italie avec livraison \u00e0 domicile","publisher":{"@id":"https:\/\/www.ivinio.com\/fr\/#organization"},"potentialAction":[{"@type":"SearchAction","target":{"@type":"EntryPoint","urlTemplate":"https:\/\/www.ivinio.com\/fr\/?s={search_term_string}"},"query-input":{"@type":"PropertyValueSpecification","valueRequired":true,"valueName":"search_term_string"}}],"inLanguage":"fr-FR"},{"@type":"Organization","@id":"https:\/\/www.ivinio.com\/fr\/#organization","name":"IVINIO","url":"https:\/\/www.ivinio.com\/fr\/","logo":{"@type":"ImageObject","inLanguage":"fr-FR","@id":"https:\/\/www.ivinio.com\/fr\/#\/schema\/logo\/image\/","url":"https:\/\/www.ivinio.com\/wp-content\/uploads\/2021\/01\/Logo-Ivinio-v2.jpg","contentUrl":"https:\/\/www.ivinio.com\/wp-content\/uploads\/2021\/01\/Logo-Ivinio-v2.jpg","width":1194,"height":1194,"caption":"IVINIO"},"image":{"@id":"https:\/\/www.ivinio.com\/fr\/#\/schema\/logo\/image\/"},"sameAs":["https:\/\/www.facebook.com\/groups\/165217837022391\/?ref=bookmarks","https:\/\/www.instagram.com\/_ivinio_\/?hl=fr"]}]}},"jetpack_sharing_enabled":true,"_links":{"self":[{"href":"https:\/\/www.ivinio.com\/fr\/wp-json\/wp\/v2\/product\/139693","targetHints":{"allow":["GET"]}}],"collection":[{"href":"https:\/\/www.ivinio.com\/fr\/wp-json\/wp\/v2\/product"}],"about":[{"href":"https:\/\/www.ivinio.com\/fr\/wp-json\/wp\/v2\/types\/product"}],"replies":[{"embeddable":true,"href":"https:\/\/www.ivinio.com\/fr\/wp-json\/wp\/v2\/comments?post=139693"}],"wp:featuredmedia":[{"embeddable":true,"href":"https:\/\/www.ivinio.com\/fr\/wp-json\/wp\/v2\/media\/139679"}],"wp:attachment":[{"href":"https:\/\/www.ivinio.com\/fr\/wp-json\/wp\/v2\/media?parent=139693"}],"wp:term":[{"taxonomy":"product_brand","embeddable":true,"href":"https:\/\/www.ivinio.com\/fr\/wp-json\/wp\/v2\/product_brand?post=139693"},{"taxonomy":"product_cat","embeddable":true,"href":"https:\/\/www.ivinio.com\/fr\/wp-json\/wp\/v2\/product_cat?post=139693"},{"taxonomy":"product_tag","embeddable":true,"href":"https:\/\/www.ivinio.com\/fr\/wp-json\/wp\/v2\/product_tag?post=139693"}],"curies":[{"name":"wp","href":"https:\/\/api.w.org\/{rel}","templated":true}]}}