{"id":139644,"date":"2026-02-26T17:22:21","date_gmt":"2026-02-26T16:22:21","guid":{"rendered":"https:\/\/www.ivinio.com\/product\/bordeaux-crus-du-millesime-2014-coffret-panache-2x3-bouteilles\/"},"modified":"2026-04-21T09:58:50","modified_gmt":"2026-04-21T07:58:50","slug":"bordeaux-crus-du-millesime-2014-coffret-panache-2x3-bouteilles","status":"publish","type":"product","link":"https:\/\/www.ivinio.com\/fr\/produit\/bordeaux-crus-du-millesime-2014-coffret-panache-2x3-bouteilles\/","title":{"rendered":"Bordeaux &#8211; Crus du mill\u00e9sime 2014 &#8211; Coffret panach\u00e9 2&#215;3 bouteilles"},"content":{"rendered":"<h2 data-start=\"60\" data-end=\"124\">Carton m\u00e9lang\u00e9 Bordeaux 2014 \u2013 deux ch\u00e2teaux classiques d&#8217;un grand mill\u00e9sime.<\/h2>\n<p data-start=\"126\" data-end=\"315\">Ce coffret mixte r\u00e9unit deux vins de Bordeaux remarquables du beau mill\u00e9sime 2014 : Ch\u00e2teau Grand Ormeau &#8211; \u00c9l\u00e9gance (Lalande-de-Pomerol) et Ch\u00e2teau Fourcas-Borie (Listrac-M\u00e9doc), trois bouteilles de chaque.<\/p>\n<p data-start=\"317\" data-end=\"565\">Le mill\u00e9sime 2014 se caract\u00e9rise par un excellent \u00e9quilibre, une structure fine et un beau d\u00e9veloppement aromatique. Apr\u00e8s plusieurs ann\u00e9es de vieillissement, les vins ont atteint une maturit\u00e9 harmonieuse, o\u00f9 le fruit est encore pr\u00e9sent et les tanins sont devenus plus souples et \u00e9l\u00e9gamment int\u00e9gr\u00e9s. <\/p>\n<p data-start=\"567\" data-end=\"844\">Ch\u00e2teau Grand Ormeau &#8211; \u00c9l\u00e9gance pr\u00e9sente un style rond et g\u00e9n\u00e9reux avec un fruit m\u00fbr et une texture soyeuse, tandis que Ch\u00e2teau Fourcas-Borie offre de la profondeur, de la structure et le caract\u00e8re classique du M\u00e9doc. Ensemble, ils expriment \u00e0 la fois l\u2019\u00e9l\u00e9gance et le potentiel de garde des Bordeaux issus d\u2019un mill\u00e9sime tr\u00e8s r\u00e9ussi. <\/p>\n<p data-start=\"846\" data-end=\"950\">Un coffret id\u00e9al pour d\u00e9couvrir la maturit\u00e9 et la complexit\u00e9 des Bordeaux 2014 \u2013 \u00e0 d\u00e9guster d\u00e8s aujourd&#8217;hui.<\/p>\n","protected":false},"excerpt":{"rendered":"<p>Carton m\u00e9lang\u00e9 Bordeaux 2014 \u2013 deux ch\u00e2teaux classiques d&#8217;un grand mill\u00e9sime.<\/p>\n","protected":false},"featured_media":139643,"comment_status":"open","ping_status":"closed","template":"","meta":{"_monsterinsights_skip_tracking":false,"_monsterinsights_sitenote_active":false,"_monsterinsights_sitenote_note":"","_monsterinsights_sitenote_category":0,"_uf_show_specific_survey":0,"_uf_disable_surveys":false},"product_brand":[],"product_cat":[36643],"product_tag":[],"class_list":{"0":"post-139644","1":"product","2":"type-product","3":"status-publish","4":"has-post-thumbnail","6":"product_cat-ronde-des-vins","8":"first","9":"instock","10":"virtual","11":"taxable","12":"purchasable","13":"product-type-bundle"},"bundled_by":[],"bundle_stock_status":"instock","bundle_stock_quantity":"","bundle_virtual":false,"bundle_layout":"grid","bundle_add_to_cart_form_location":"after_summary","bundle_editable_in_cart":false,"bundle_sold_individually_context":"product","bundle_item_grouping":"noindent","bundle_min_size":"","bundle_max_size":"","bundle_price":{"price":{"min":{"incl_tax":"89","excl_tax":"89"},"max":{"incl_tax":"89","excl_tax":"89"}},"regular_price":{"min":{"incl_tax":"118.3","excl_tax":"118.25"},"max":{"incl_tax":"118.3","excl_tax":"118.25"}}},"bundled_items":[{"bundled_item_id":9248,"product_id":139638,"menu_order":0,"quantity_min":3,"quantity_max":3,"quantity_default":3,"priced_individually":false,"shipped_individually":false,"override_title":false,"title":"Ch\u00e2teau Grand Ormeau &#8211; El\u00e9gance &#8211; Lalande de Pomerol &#8211; Rouge","override_description":false,"description":"Ch\u00e2teau Grand Ormeau &#8211; El\u00e9gance &#8211; Lalande de Pomerol &#8211; Rouge","optional":false,"hide_thumbnail":false,"discount":"","override_variations":false,"allowed_variations":[""],"override_default_variation_attributes":false,"default_variation_attributes":[],"single_product_visibility":"visible","cart_visibility":"visible","order_visibility":"visible","single_product_price_visibility":"visible","cart_price_visibility":"visible","order_price_visibility":"visible","stock_status":"in_stock"},{"bundled_item_id":9249,"product_id":139632,"menu_order":1,"quantity_min":3,"quantity_max":3,"quantity_default":3,"priced_individually":false,"shipped_individually":false,"override_title":false,"title":"Ch\u00e2teau Fourcas-Borie &#8211; Listrac-M\u00e9doc &#8211; Rouge","override_description":false,"description":"Ch\u00e2teau Fourcas-Borie &#8211; Listrac-M\u00e9doc &#8211; Rouge","optional":false,"hide_thumbnail":false,"discount":"","override_variations":false,"allowed_variations":[""],"override_default_variation_attributes":false,"default_variation_attributes":[],"single_product_visibility":"visible","cart_visibility":"visible","order_visibility":"visible","single_product_price_visibility":"visible","cart_price_visibility":"visible","order_price_visibility":"visible","stock_status":"in_stock"}],"bundle_sell_ids":[],"yoast_head":"<!-- This site is optimized with the Yoast SEO plugin v27.4 - https:\/\/yoast.com\/product\/yoast-seo-wordpress\/ -->\n<title>Bordeaux - Crus du mill\u00e9sime 2014 - Coffret panach\u00e9 2x3 bouteilles - IVINIO Caviste<\/title>\n<meta name=\"description\" content=\"Bordeaux - Crus du mill\u00e9sime 2014 - Coffret panach\u00e9 2x3 bouteilles. Deux grands vins de Bordeaux issus du mill\u00e9sime exceptionnel 2014\" \/>\n<meta name=\"robots\" content=\"index, follow, max-snippet:-1, max-image-preview:large, max-video-preview:-1\" \/>\n<link rel=\"canonical\" href=\"https:\/\/www.ivinio.com\/fr\/produit\/bordeaux-crus-du-millesime-2014-coffret-panache-2x3-bouteilles\/\" \/>\n<meta property=\"og:locale\" content=\"fr_FR\" \/>\n<meta property=\"og:type\" content=\"article\" \/>\n<meta property=\"og:title\" content=\"Bordeaux - Crus du mill\u00e9sime 2014 - Coffret panach\u00e9 2x3 bouteilles - IVINIO Caviste\" \/>\n<meta property=\"og:description\" content=\"Bordeaux - Crus du mill\u00e9sime 2014 - Coffret panach\u00e9 2x3 bouteilles. Deux grands vins de Bordeaux issus du mill\u00e9sime exceptionnel 2014\" \/>\n<meta property=\"og:url\" content=\"https:\/\/www.ivinio.com\/fr\/produit\/bordeaux-crus-du-millesime-2014-coffret-panache-2x3-bouteilles\/\" \/>\n<meta property=\"og:site_name\" content=\"IVINIO Caviste\" \/>\n<meta property=\"article:publisher\" content=\"https:\/\/www.facebook.com\/groups\/165217837022391\/?ref=bookmarks\" \/>\n<meta property=\"article:modified_time\" content=\"2026-04-21T07:58:50+00:00\" \/>\n<meta property=\"og:image\" content=\"https:\/\/www.ivinio.com\/wp-content\/uploads\/2026\/02\/Finvin-fran-Bordeaux-2014-IVINIO-1.jpg\" \/>\n\t<meta property=\"og:image:width\" content=\"500\" \/>\n\t<meta property=\"og:image:height\" content=\"500\" \/>\n\t<meta property=\"og:image:type\" content=\"image\/jpeg\" \/>\n<meta name=\"twitter:card\" content=\"summary_large_image\" \/>\n<meta name=\"twitter:label1\" content=\"Dur\u00e9e de lecture estim\u00e9e\" \/>\n\t<meta name=\"twitter:data1\" content=\"1 minute\" \/>\n<script type=\"application\/ld+json\" class=\"yoast-schema-graph\">{\"@context\":\"https:\\\/\\\/schema.org\",\"@graph\":[{\"@type\":\"WebPage\",\"@id\":\"https:\\\/\\\/www.ivinio.com\\\/fr\\\/produit\\\/bordeaux-crus-du-millesime-2014-coffret-panache-2x3-bouteilles\\\/\",\"url\":\"https:\\\/\\\/www.ivinio.com\\\/fr\\\/produit\\\/bordeaux-crus-du-millesime-2014-coffret-panache-2x3-bouteilles\\\/\",\"name\":\"Bordeaux - Crus du mill\u00e9sime 2014 - Coffret panach\u00e9 2x3 bouteilles - IVINIO Caviste\",\"isPartOf\":{\"@id\":\"https:\\\/\\\/www.ivinio.com\\\/fr\\\/#website\"},\"primaryImageOfPage\":{\"@id\":\"https:\\\/\\\/www.ivinio.com\\\/fr\\\/produit\\\/bordeaux-crus-du-millesime-2014-coffret-panache-2x3-bouteilles\\\/#primaryimage\"},\"image\":{\"@id\":\"https:\\\/\\\/www.ivinio.com\\\/fr\\\/produit\\\/bordeaux-crus-du-millesime-2014-coffret-panache-2x3-bouteilles\\\/#primaryimage\"},\"thumbnailUrl\":\"https:\\\/\\\/www.ivinio.com\\\/wp-content\\\/uploads\\\/2026\\\/02\\\/Finvin-fran-Bordeaux-2014-IVINIO-1.jpg\",\"datePublished\":\"2026-02-26T16:22:21+00:00\",\"dateModified\":\"2026-04-21T07:58:50+00:00\",\"description\":\"Bordeaux - Crus du mill\u00e9sime 2014 - Coffret panach\u00e9 2x3 bouteilles. Deux grands vins de Bordeaux issus du mill\u00e9sime exceptionnel 2014\",\"breadcrumb\":{\"@id\":\"https:\\\/\\\/www.ivinio.com\\\/fr\\\/produit\\\/bordeaux-crus-du-millesime-2014-coffret-panache-2x3-bouteilles\\\/#breadcrumb\"},\"inLanguage\":\"fr-FR\",\"potentialAction\":[{\"@type\":\"ReadAction\",\"target\":[\"https:\\\/\\\/www.ivinio.com\\\/fr\\\/produit\\\/bordeaux-crus-du-millesime-2014-coffret-panache-2x3-bouteilles\\\/\"]}]},{\"@type\":\"ImageObject\",\"inLanguage\":\"fr-FR\",\"@id\":\"https:\\\/\\\/www.ivinio.com\\\/fr\\\/produit\\\/bordeaux-crus-du-millesime-2014-coffret-panache-2x3-bouteilles\\\/#primaryimage\",\"url\":\"https:\\\/\\\/www.ivinio.com\\\/wp-content\\\/uploads\\\/2026\\\/02\\\/Finvin-fran-Bordeaux-2014-IVINIO-1.jpg\",\"contentUrl\":\"https:\\\/\\\/www.ivinio.com\\\/wp-content\\\/uploads\\\/2026\\\/02\\\/Finvin-fran-Bordeaux-2014-IVINIO-1.jpg\",\"width\":500,\"height\":500},{\"@type\":\"BreadcrumbList\",\"@id\":\"https:\\\/\\\/www.ivinio.com\\\/fr\\\/produit\\\/bordeaux-crus-du-millesime-2014-coffret-panache-2x3-bouteilles\\\/#breadcrumb\",\"itemListElement\":[{\"@type\":\"ListItem\",\"position\":1,\"name\":\"Home\",\"item\":\"https:\\\/\\\/www.ivinio.com\\\/fr\\\/\"},{\"@type\":\"ListItem\",\"position\":2,\"name\":\"Boutique de vin\",\"item\":\"https:\\\/\\\/www.ivinio.com\\\/fr\\\/boutique-de-vin\\\/\"},{\"@type\":\"ListItem\",\"position\":3,\"name\":\"Bordeaux &#8211; Crus du mill\u00e9sime 2014 &#8211; Coffret panach\u00e9 2&#215;3 bouteilles\"}]},{\"@type\":\"WebSite\",\"@id\":\"https:\\\/\\\/www.ivinio.com\\\/fr\\\/#website\",\"url\":\"https:\\\/\\\/www.ivinio.com\\\/fr\\\/\",\"name\":\"IVINIO Caviste\",\"description\":\"Vins de France et d&#039;Italie avec livraison \u00e0 domicile\",\"publisher\":{\"@id\":\"https:\\\/\\\/www.ivinio.com\\\/fr\\\/#organization\"},\"potentialAction\":[{\"@type\":\"SearchAction\",\"target\":{\"@type\":\"EntryPoint\",\"urlTemplate\":\"https:\\\/\\\/www.ivinio.com\\\/fr\\\/?s={search_term_string}\"},\"query-input\":{\"@type\":\"PropertyValueSpecification\",\"valueRequired\":true,\"valueName\":\"search_term_string\"}}],\"inLanguage\":\"fr-FR\"},{\"@type\":\"Organization\",\"@id\":\"https:\\\/\\\/www.ivinio.com\\\/fr\\\/#organization\",\"name\":\"IVINIO\",\"url\":\"https:\\\/\\\/www.ivinio.com\\\/fr\\\/\",\"logo\":{\"@type\":\"ImageObject\",\"inLanguage\":\"fr-FR\",\"@id\":\"https:\\\/\\\/www.ivinio.com\\\/fr\\\/#\\\/schema\\\/logo\\\/image\\\/\",\"url\":\"https:\\\/\\\/www.ivinio.com\\\/wp-content\\\/uploads\\\/2021\\\/01\\\/Logo-Ivinio-v2.jpg\",\"contentUrl\":\"https:\\\/\\\/www.ivinio.com\\\/wp-content\\\/uploads\\\/2021\\\/01\\\/Logo-Ivinio-v2.jpg\",\"width\":1194,\"height\":1194,\"caption\":\"IVINIO\"},\"image\":{\"@id\":\"https:\\\/\\\/www.ivinio.com\\\/fr\\\/#\\\/schema\\\/logo\\\/image\\\/\"},\"sameAs\":[\"https:\\\/\\\/www.facebook.com\\\/groups\\\/165217837022391\\\/?ref=bookmarks\",\"https:\\\/\\\/www.instagram.com\\\/_ivinio_\\\/?hl=fr\"]}]}<\/script>\n<!-- \/ Yoast SEO plugin. -->","yoast_head_json":{"title":"Bordeaux - Crus du mill\u00e9sime 2014 - Coffret panach\u00e9 2x3 bouteilles - IVINIO Caviste","description":"Bordeaux - Crus du mill\u00e9sime 2014 - Coffret panach\u00e9 2x3 bouteilles. Deux grands vins de Bordeaux issus du mill\u00e9sime exceptionnel 2014","robots":{"index":"index","follow":"follow","max-snippet":"max-snippet:-1","max-image-preview":"max-image-preview:large","max-video-preview":"max-video-preview:-1"},"canonical":"https:\/\/www.ivinio.com\/fr\/produit\/bordeaux-crus-du-millesime-2014-coffret-panache-2x3-bouteilles\/","og_locale":"fr_FR","og_type":"article","og_title":"Bordeaux - Crus du mill\u00e9sime 2014 - Coffret panach\u00e9 2x3 bouteilles - IVINIO Caviste","og_description":"Bordeaux - Crus du mill\u00e9sime 2014 - Coffret panach\u00e9 2x3 bouteilles. Deux grands vins de Bordeaux issus du mill\u00e9sime exceptionnel 2014","og_url":"https:\/\/www.ivinio.com\/fr\/produit\/bordeaux-crus-du-millesime-2014-coffret-panache-2x3-bouteilles\/","og_site_name":"IVINIO Caviste","article_publisher":"https:\/\/www.facebook.com\/groups\/165217837022391\/?ref=bookmarks","article_modified_time":"2026-04-21T07:58:50+00:00","og_image":[{"width":500,"height":500,"url":"https:\/\/www.ivinio.com\/wp-content\/uploads\/2026\/02\/Finvin-fran-Bordeaux-2014-IVINIO-1.jpg","type":"image\/jpeg"}],"twitter_card":"summary_large_image","twitter_misc":{"Dur\u00e9e de lecture estim\u00e9e":"1 minute"},"schema":{"@context":"https:\/\/schema.org","@graph":[{"@type":"WebPage","@id":"https:\/\/www.ivinio.com\/fr\/produit\/bordeaux-crus-du-millesime-2014-coffret-panache-2x3-bouteilles\/","url":"https:\/\/www.ivinio.com\/fr\/produit\/bordeaux-crus-du-millesime-2014-coffret-panache-2x3-bouteilles\/","name":"Bordeaux - Crus du mill\u00e9sime 2014 - Coffret panach\u00e9 2x3 bouteilles - IVINIO Caviste","isPartOf":{"@id":"https:\/\/www.ivinio.com\/fr\/#website"},"primaryImageOfPage":{"@id":"https:\/\/www.ivinio.com\/fr\/produit\/bordeaux-crus-du-millesime-2014-coffret-panache-2x3-bouteilles\/#primaryimage"},"image":{"@id":"https:\/\/www.ivinio.com\/fr\/produit\/bordeaux-crus-du-millesime-2014-coffret-panache-2x3-bouteilles\/#primaryimage"},"thumbnailUrl":"https:\/\/www.ivinio.com\/wp-content\/uploads\/2026\/02\/Finvin-fran-Bordeaux-2014-IVINIO-1.jpg","datePublished":"2026-02-26T16:22:21+00:00","dateModified":"2026-04-21T07:58:50+00:00","description":"Bordeaux - Crus du mill\u00e9sime 2014 - Coffret panach\u00e9 2x3 bouteilles. Deux grands vins de Bordeaux issus du mill\u00e9sime exceptionnel 2014","breadcrumb":{"@id":"https:\/\/www.ivinio.com\/fr\/produit\/bordeaux-crus-du-millesime-2014-coffret-panache-2x3-bouteilles\/#breadcrumb"},"inLanguage":"fr-FR","potentialAction":[{"@type":"ReadAction","target":["https:\/\/www.ivinio.com\/fr\/produit\/bordeaux-crus-du-millesime-2014-coffret-panache-2x3-bouteilles\/"]}]},{"@type":"ImageObject","inLanguage":"fr-FR","@id":"https:\/\/www.ivinio.com\/fr\/produit\/bordeaux-crus-du-millesime-2014-coffret-panache-2x3-bouteilles\/#primaryimage","url":"https:\/\/www.ivinio.com\/wp-content\/uploads\/2026\/02\/Finvin-fran-Bordeaux-2014-IVINIO-1.jpg","contentUrl":"https:\/\/www.ivinio.com\/wp-content\/uploads\/2026\/02\/Finvin-fran-Bordeaux-2014-IVINIO-1.jpg","width":500,"height":500},{"@type":"BreadcrumbList","@id":"https:\/\/www.ivinio.com\/fr\/produit\/bordeaux-crus-du-millesime-2014-coffret-panache-2x3-bouteilles\/#breadcrumb","itemListElement":[{"@type":"ListItem","position":1,"name":"Home","item":"https:\/\/www.ivinio.com\/fr\/"},{"@type":"ListItem","position":2,"name":"Boutique de vin","item":"https:\/\/www.ivinio.com\/fr\/boutique-de-vin\/"},{"@type":"ListItem","position":3,"name":"Bordeaux &#8211; Crus du mill\u00e9sime 2014 &#8211; Coffret panach\u00e9 2&#215;3 bouteilles"}]},{"@type":"WebSite","@id":"https:\/\/www.ivinio.com\/fr\/#website","url":"https:\/\/www.ivinio.com\/fr\/","name":"IVINIO Caviste","description":"Vins de France et d&#039;Italie avec livraison \u00e0 domicile","publisher":{"@id":"https:\/\/www.ivinio.com\/fr\/#organization"},"potentialAction":[{"@type":"SearchAction","target":{"@type":"EntryPoint","urlTemplate":"https:\/\/www.ivinio.com\/fr\/?s={search_term_string}"},"query-input":{"@type":"PropertyValueSpecification","valueRequired":true,"valueName":"search_term_string"}}],"inLanguage":"fr-FR"},{"@type":"Organization","@id":"https:\/\/www.ivinio.com\/fr\/#organization","name":"IVINIO","url":"https:\/\/www.ivinio.com\/fr\/","logo":{"@type":"ImageObject","inLanguage":"fr-FR","@id":"https:\/\/www.ivinio.com\/fr\/#\/schema\/logo\/image\/","url":"https:\/\/www.ivinio.com\/wp-content\/uploads\/2021\/01\/Logo-Ivinio-v2.jpg","contentUrl":"https:\/\/www.ivinio.com\/wp-content\/uploads\/2021\/01\/Logo-Ivinio-v2.jpg","width":1194,"height":1194,"caption":"IVINIO"},"image":{"@id":"https:\/\/www.ivinio.com\/fr\/#\/schema\/logo\/image\/"},"sameAs":["https:\/\/www.facebook.com\/groups\/165217837022391\/?ref=bookmarks","https:\/\/www.instagram.com\/_ivinio_\/?hl=fr"]}]}},"jetpack_sharing_enabled":true,"_links":{"self":[{"href":"https:\/\/www.ivinio.com\/fr\/wp-json\/wp\/v2\/product\/139644","targetHints":{"allow":["GET"]}}],"collection":[{"href":"https:\/\/www.ivinio.com\/fr\/wp-json\/wp\/v2\/product"}],"about":[{"href":"https:\/\/www.ivinio.com\/fr\/wp-json\/wp\/v2\/types\/product"}],"replies":[{"embeddable":true,"href":"https:\/\/www.ivinio.com\/fr\/wp-json\/wp\/v2\/comments?post=139644"}],"wp:featuredmedia":[{"embeddable":true,"href":"https:\/\/www.ivinio.com\/fr\/wp-json\/wp\/v2\/media\/139643"}],"wp:attachment":[{"href":"https:\/\/www.ivinio.com\/fr\/wp-json\/wp\/v2\/media?parent=139644"}],"wp:term":[{"taxonomy":"product_brand","embeddable":true,"href":"https:\/\/www.ivinio.com\/fr\/wp-json\/wp\/v2\/product_brand?post=139644"},{"taxonomy":"product_cat","embeddable":true,"href":"https:\/\/www.ivinio.com\/fr\/wp-json\/wp\/v2\/product_cat?post=139644"},{"taxonomy":"product_tag","embeddable":true,"href":"https:\/\/www.ivinio.com\/fr\/wp-json\/wp\/v2\/product_tag?post=139644"}],"curies":[{"name":"wp","href":"https:\/\/api.w.org\/{rel}","templated":true}]}}