{"id":139638,"date":"2026-02-26T16:47:39","date_gmt":"2026-02-26T15:47:39","guid":{"rendered":"https:\/\/www.ivinio.com\/product\/chateau-grand-ormeau-elegance-lalande-de-pomerol-rouge\/"},"modified":"2026-03-07T19:21:33","modified_gmt":"2026-03-07T18:21:33","slug":"chateau-grand-ormeau-elegance-lalande-de-pomerol-rouge","status":"publish","type":"product","link":"https:\/\/www.ivinio.com\/fr\/produit\/chateau-grand-ormeau-elegance-lalande-de-pomerol-rouge\/","title":{"rendered":"Ch\u00e2teau Grand Ormeau &#8211; El\u00e9gance &#8211; Lalande de Pomerol &#8211; Rouge"},"content":{"rendered":"<p>Ch\u00e2teau Grand Ormeau &#8211; \u00c9l\u00e9gance &#8211; Lalande de Pomerol &#8211; Ce vin rouge est \u00e9labor\u00e9 \u00e0 partir d&#8217;un assemblage de 70 % de Merlot, 15 % de Cabernet Franc et 15 % de Cabernet Sauvignon. Les vignes, \u00e2g\u00e9es de plus de 20 ans, sont cultiv\u00e9es sur des terroirs s\u00e9lectionn\u00e9s, caract\u00e9ris\u00e9s par un sol de graves en surface sur un sous-sol argileux. Les vendanges sont manuelles, suivies d&#8217;un \u00e9claircissage rigoureux. La fermentation se d\u00e9roule en cuves inox thermor\u00e9gul\u00e9es et en barriques de bois, avec une mac\u00e9ration moyenne de 3 semaines. Certains vins subissent une fermentation malolactique en barriques. Les autres sont \u00e9lev\u00e9s en cuves jusqu&#8217;\u00e0 la mise en bouteille. L&#8217;\u00e9levage dure de 13 \u00e0 16 mois en barriques, selon le mill\u00e9sime, en f\u00fbts de ch\u00eane fran\u00e7ais, dont 30 % sont renouvel\u00e9s chaque ann\u00e9e. Une l\u00e9g\u00e8re filtration est effectu\u00e9e avant la mise en bouteille.<\/p>\n<p>&nbsp;<\/p>\n<p>&nbsp;<\/p>\n","protected":false},"excerpt":{"rendered":"<p>Un Lalande de Pomerol d&#8217;une grande finesse, d&#8217;une belle structure. Tr\u00e8s \u00e9l\u00e9gant !<\/p>\n","protected":false},"featured_media":139637,"comment_status":"open","ping_status":"closed","template":"","meta":{"_monsterinsights_skip_tracking":false,"_monsterinsights_sitenote_active":false,"_monsterinsights_sitenote_note":"","_monsterinsights_sitenote_category":0,"_uf_show_specific_survey":0,"_uf_disable_surveys":false},"product_brand":[],"product_cat":[36631,36586],"product_tag":[],"class_list":{"0":"post-139638","1":"product","2":"type-product","3":"status-publish","4":"has-post-thumbnail","6":"product_cat-fr-bordeaux","7":"product_cat-vins-francais","8":"pa_alcohol-degree-13-fr","9":"pa_awards-concours-general-agricole-de-paris-fr","10":"pa_awards-guide-hachette","11":"pa_classification-lalande-de-pomerol","12":"pa_color-rouge-fr","13":"pa_country-france-fr","14":"pa_grape-variety-cabernet-franc-fr","15":"pa_grape-variety-cabernet-sauvignon-fr","16":"pa_grape-variety-merlot-fr","17":"pa_region-bordeaux-fr","18":"pa_storage-potential-plus-de-10-ans-fr","19":"pa_vintage-2014-fr","20":"pa_volume-75-cl-fr","22":"first","23":"instock","24":"sale","25":"taxable","26":"shipping-taxable","27":"purchasable","28":"product-type-simple"},"bundled_by":["139644"],"bundle_stock_status":"instock","bundle_stock_quantity":null,"bundle_virtual":false,"bundle_layout":"","bundle_add_to_cart_form_location":"","bundle_editable_in_cart":false,"bundle_sold_individually_context":"","bundle_item_grouping":"","bundle_min_size":"","bundle_max_size":"","bundle_price":[],"bundled_items":[],"bundle_sell_ids":[],"yoast_head":"<!-- This site is optimized with the Yoast SEO plugin v27.4 - https:\/\/yoast.com\/product\/yoast-seo-wordpress\/ -->\n<title>Ch\u00e2teau Grand Ormeau - El\u00e9gance - Lalande de Pomerol - Rouge - IVINIO Caviste<\/title>\n<meta name=\"description\" content=\"Ch\u00e2teau Grand Ormeau - \u00c9l\u00e9gance - Lalande de Pomerol - Vin rouge. Ar\u00f4mes complexes de prunes, de cerises noires, de tabac et d&#039;\u00e9pices.\" \/>\n<meta name=\"robots\" content=\"index, follow, max-snippet:-1, max-image-preview:large, max-video-preview:-1\" \/>\n<link rel=\"canonical\" href=\"https:\/\/www.ivinio.com\/fr\/produit\/chateau-grand-ormeau-elegance-lalande-de-pomerol-rouge\/\" \/>\n<meta property=\"og:locale\" content=\"fr_FR\" \/>\n<meta property=\"og:type\" content=\"article\" \/>\n<meta property=\"og:title\" content=\"Ch\u00e2teau Grand Ormeau - El\u00e9gance - Lalande de Pomerol - Rouge - IVINIO Caviste\" \/>\n<meta property=\"og:description\" content=\"Ch\u00e2teau Grand Ormeau - \u00c9l\u00e9gance - Lalande de Pomerol - Vin rouge. Ar\u00f4mes complexes de prunes, de cerises noires, de tabac et d&#039;\u00e9pices.\" \/>\n<meta property=\"og:url\" content=\"https:\/\/www.ivinio.com\/fr\/produit\/chateau-grand-ormeau-elegance-lalande-de-pomerol-rouge\/\" \/>\n<meta property=\"og:site_name\" content=\"IVINIO Caviste\" \/>\n<meta property=\"article:publisher\" content=\"https:\/\/www.facebook.com\/groups\/165217837022391\/?ref=bookmarks\" \/>\n<meta property=\"article:modified_time\" content=\"2026-03-07T18:21:33+00:00\" \/>\n<meta property=\"og:image\" content=\"https:\/\/www.ivinio.com\/wp-content\/uploads\/2026\/02\/Chateau-Grand-Ormeau-Elegance-IVINIO.jpg\" \/>\n\t<meta property=\"og:image:width\" content=\"500\" \/>\n\t<meta property=\"og:image:height\" content=\"500\" \/>\n\t<meta property=\"og:image:type\" content=\"image\/jpeg\" \/>\n<meta name=\"twitter:card\" content=\"summary_large_image\" \/>\n<meta name=\"twitter:label1\" content=\"Dur\u00e9e de lecture estim\u00e9e\" \/>\n\t<meta name=\"twitter:data1\" content=\"1 minute\" \/>\n<script type=\"application\/ld+json\" class=\"yoast-schema-graph\">{\"@context\":\"https:\\\/\\\/schema.org\",\"@graph\":[{\"@type\":\"WebPage\",\"@id\":\"https:\\\/\\\/www.ivinio.com\\\/fr\\\/produit\\\/chateau-grand-ormeau-elegance-lalande-de-pomerol-rouge\\\/\",\"url\":\"https:\\\/\\\/www.ivinio.com\\\/fr\\\/produit\\\/chateau-grand-ormeau-elegance-lalande-de-pomerol-rouge\\\/\",\"name\":\"Ch\u00e2teau Grand Ormeau - El\u00e9gance - Lalande de Pomerol - Rouge - IVINIO Caviste\",\"isPartOf\":{\"@id\":\"https:\\\/\\\/www.ivinio.com\\\/fr\\\/#website\"},\"primaryImageOfPage\":{\"@id\":\"https:\\\/\\\/www.ivinio.com\\\/fr\\\/produit\\\/chateau-grand-ormeau-elegance-lalande-de-pomerol-rouge\\\/#primaryimage\"},\"image\":{\"@id\":\"https:\\\/\\\/www.ivinio.com\\\/fr\\\/produit\\\/chateau-grand-ormeau-elegance-lalande-de-pomerol-rouge\\\/#primaryimage\"},\"thumbnailUrl\":\"https:\\\/\\\/www.ivinio.com\\\/wp-content\\\/uploads\\\/2026\\\/02\\\/Chateau-Grand-Ormeau-Elegance-IVINIO.jpg\",\"datePublished\":\"2026-02-26T15:47:39+00:00\",\"dateModified\":\"2026-03-07T18:21:33+00:00\",\"description\":\"Ch\u00e2teau Grand Ormeau - \u00c9l\u00e9gance - Lalande de Pomerol - Vin rouge. Ar\u00f4mes complexes de prunes, de cerises noires, de tabac et d'\u00e9pices.\",\"breadcrumb\":{\"@id\":\"https:\\\/\\\/www.ivinio.com\\\/fr\\\/produit\\\/chateau-grand-ormeau-elegance-lalande-de-pomerol-rouge\\\/#breadcrumb\"},\"inLanguage\":\"fr-FR\",\"potentialAction\":[{\"@type\":\"ReadAction\",\"target\":[\"https:\\\/\\\/www.ivinio.com\\\/fr\\\/produit\\\/chateau-grand-ormeau-elegance-lalande-de-pomerol-rouge\\\/\"]}]},{\"@type\":\"ImageObject\",\"inLanguage\":\"fr-FR\",\"@id\":\"https:\\\/\\\/www.ivinio.com\\\/fr\\\/produit\\\/chateau-grand-ormeau-elegance-lalande-de-pomerol-rouge\\\/#primaryimage\",\"url\":\"https:\\\/\\\/www.ivinio.com\\\/wp-content\\\/uploads\\\/2026\\\/02\\\/Chateau-Grand-Ormeau-Elegance-IVINIO.jpg\",\"contentUrl\":\"https:\\\/\\\/www.ivinio.com\\\/wp-content\\\/uploads\\\/2026\\\/02\\\/Chateau-Grand-Ormeau-Elegance-IVINIO.jpg\",\"width\":500,\"height\":500},{\"@type\":\"BreadcrumbList\",\"@id\":\"https:\\\/\\\/www.ivinio.com\\\/fr\\\/produit\\\/chateau-grand-ormeau-elegance-lalande-de-pomerol-rouge\\\/#breadcrumb\",\"itemListElement\":[{\"@type\":\"ListItem\",\"position\":1,\"name\":\"Home\",\"item\":\"https:\\\/\\\/www.ivinio.com\\\/fr\\\/\"},{\"@type\":\"ListItem\",\"position\":2,\"name\":\"Boutique de vin\",\"item\":\"https:\\\/\\\/www.ivinio.com\\\/fr\\\/boutique-de-vin\\\/\"},{\"@type\":\"ListItem\",\"position\":3,\"name\":\"Ch\u00e2teau Grand Ormeau &#8211; El\u00e9gance &#8211; Lalande de Pomerol &#8211; Rouge\"}]},{\"@type\":\"WebSite\",\"@id\":\"https:\\\/\\\/www.ivinio.com\\\/fr\\\/#website\",\"url\":\"https:\\\/\\\/www.ivinio.com\\\/fr\\\/\",\"name\":\"IVINIO Caviste\",\"description\":\"Vins de France et d&#039;Italie avec livraison \u00e0 domicile\",\"publisher\":{\"@id\":\"https:\\\/\\\/www.ivinio.com\\\/fr\\\/#organization\"},\"potentialAction\":[{\"@type\":\"SearchAction\",\"target\":{\"@type\":\"EntryPoint\",\"urlTemplate\":\"https:\\\/\\\/www.ivinio.com\\\/fr\\\/?s={search_term_string}\"},\"query-input\":{\"@type\":\"PropertyValueSpecification\",\"valueRequired\":true,\"valueName\":\"search_term_string\"}}],\"inLanguage\":\"fr-FR\"},{\"@type\":\"Organization\",\"@id\":\"https:\\\/\\\/www.ivinio.com\\\/fr\\\/#organization\",\"name\":\"IVINIO\",\"url\":\"https:\\\/\\\/www.ivinio.com\\\/fr\\\/\",\"logo\":{\"@type\":\"ImageObject\",\"inLanguage\":\"fr-FR\",\"@id\":\"https:\\\/\\\/www.ivinio.com\\\/fr\\\/#\\\/schema\\\/logo\\\/image\\\/\",\"url\":\"https:\\\/\\\/www.ivinio.com\\\/wp-content\\\/uploads\\\/2021\\\/01\\\/Logo-Ivinio-v2.jpg\",\"contentUrl\":\"https:\\\/\\\/www.ivinio.com\\\/wp-content\\\/uploads\\\/2021\\\/01\\\/Logo-Ivinio-v2.jpg\",\"width\":1194,\"height\":1194,\"caption\":\"IVINIO\"},\"image\":{\"@id\":\"https:\\\/\\\/www.ivinio.com\\\/fr\\\/#\\\/schema\\\/logo\\\/image\\\/\"},\"sameAs\":[\"https:\\\/\\\/www.facebook.com\\\/groups\\\/165217837022391\\\/?ref=bookmarks\",\"https:\\\/\\\/www.instagram.com\\\/_ivinio_\\\/?hl=fr\"]}]}<\/script>\n<!-- \/ Yoast SEO plugin. -->","yoast_head_json":{"title":"Ch\u00e2teau Grand Ormeau - El\u00e9gance - Lalande de Pomerol - Rouge - IVINIO Caviste","description":"Ch\u00e2teau Grand Ormeau - \u00c9l\u00e9gance - Lalande de Pomerol - Vin rouge. Ar\u00f4mes complexes de prunes, de cerises noires, de tabac et d'\u00e9pices.","robots":{"index":"index","follow":"follow","max-snippet":"max-snippet:-1","max-image-preview":"max-image-preview:large","max-video-preview":"max-video-preview:-1"},"canonical":"https:\/\/www.ivinio.com\/fr\/produit\/chateau-grand-ormeau-elegance-lalande-de-pomerol-rouge\/","og_locale":"fr_FR","og_type":"article","og_title":"Ch\u00e2teau Grand Ormeau - El\u00e9gance - Lalande de Pomerol - Rouge - IVINIO Caviste","og_description":"Ch\u00e2teau Grand Ormeau - \u00c9l\u00e9gance - Lalande de Pomerol - Vin rouge. Ar\u00f4mes complexes de prunes, de cerises noires, de tabac et d'\u00e9pices.","og_url":"https:\/\/www.ivinio.com\/fr\/produit\/chateau-grand-ormeau-elegance-lalande-de-pomerol-rouge\/","og_site_name":"IVINIO Caviste","article_publisher":"https:\/\/www.facebook.com\/groups\/165217837022391\/?ref=bookmarks","article_modified_time":"2026-03-07T18:21:33+00:00","og_image":[{"width":500,"height":500,"url":"https:\/\/www.ivinio.com\/wp-content\/uploads\/2026\/02\/Chateau-Grand-Ormeau-Elegance-IVINIO.jpg","type":"image\/jpeg"}],"twitter_card":"summary_large_image","twitter_misc":{"Dur\u00e9e de lecture estim\u00e9e":"1 minute"},"schema":{"@context":"https:\/\/schema.org","@graph":[{"@type":"WebPage","@id":"https:\/\/www.ivinio.com\/fr\/produit\/chateau-grand-ormeau-elegance-lalande-de-pomerol-rouge\/","url":"https:\/\/www.ivinio.com\/fr\/produit\/chateau-grand-ormeau-elegance-lalande-de-pomerol-rouge\/","name":"Ch\u00e2teau Grand Ormeau - El\u00e9gance - Lalande de Pomerol - Rouge - IVINIO Caviste","isPartOf":{"@id":"https:\/\/www.ivinio.com\/fr\/#website"},"primaryImageOfPage":{"@id":"https:\/\/www.ivinio.com\/fr\/produit\/chateau-grand-ormeau-elegance-lalande-de-pomerol-rouge\/#primaryimage"},"image":{"@id":"https:\/\/www.ivinio.com\/fr\/produit\/chateau-grand-ormeau-elegance-lalande-de-pomerol-rouge\/#primaryimage"},"thumbnailUrl":"https:\/\/www.ivinio.com\/wp-content\/uploads\/2026\/02\/Chateau-Grand-Ormeau-Elegance-IVINIO.jpg","datePublished":"2026-02-26T15:47:39+00:00","dateModified":"2026-03-07T18:21:33+00:00","description":"Ch\u00e2teau Grand Ormeau - \u00c9l\u00e9gance - Lalande de Pomerol - Vin rouge. Ar\u00f4mes complexes de prunes, de cerises noires, de tabac et d'\u00e9pices.","breadcrumb":{"@id":"https:\/\/www.ivinio.com\/fr\/produit\/chateau-grand-ormeau-elegance-lalande-de-pomerol-rouge\/#breadcrumb"},"inLanguage":"fr-FR","potentialAction":[{"@type":"ReadAction","target":["https:\/\/www.ivinio.com\/fr\/produit\/chateau-grand-ormeau-elegance-lalande-de-pomerol-rouge\/"]}]},{"@type":"ImageObject","inLanguage":"fr-FR","@id":"https:\/\/www.ivinio.com\/fr\/produit\/chateau-grand-ormeau-elegance-lalande-de-pomerol-rouge\/#primaryimage","url":"https:\/\/www.ivinio.com\/wp-content\/uploads\/2026\/02\/Chateau-Grand-Ormeau-Elegance-IVINIO.jpg","contentUrl":"https:\/\/www.ivinio.com\/wp-content\/uploads\/2026\/02\/Chateau-Grand-Ormeau-Elegance-IVINIO.jpg","width":500,"height":500},{"@type":"BreadcrumbList","@id":"https:\/\/www.ivinio.com\/fr\/produit\/chateau-grand-ormeau-elegance-lalande-de-pomerol-rouge\/#breadcrumb","itemListElement":[{"@type":"ListItem","position":1,"name":"Home","item":"https:\/\/www.ivinio.com\/fr\/"},{"@type":"ListItem","position":2,"name":"Boutique de vin","item":"https:\/\/www.ivinio.com\/fr\/boutique-de-vin\/"},{"@type":"ListItem","position":3,"name":"Ch\u00e2teau Grand Ormeau &#8211; El\u00e9gance &#8211; Lalande de Pomerol &#8211; Rouge"}]},{"@type":"WebSite","@id":"https:\/\/www.ivinio.com\/fr\/#website","url":"https:\/\/www.ivinio.com\/fr\/","name":"IVINIO Caviste","description":"Vins de France et d&#039;Italie avec livraison \u00e0 domicile","publisher":{"@id":"https:\/\/www.ivinio.com\/fr\/#organization"},"potentialAction":[{"@type":"SearchAction","target":{"@type":"EntryPoint","urlTemplate":"https:\/\/www.ivinio.com\/fr\/?s={search_term_string}"},"query-input":{"@type":"PropertyValueSpecification","valueRequired":true,"valueName":"search_term_string"}}],"inLanguage":"fr-FR"},{"@type":"Organization","@id":"https:\/\/www.ivinio.com\/fr\/#organization","name":"IVINIO","url":"https:\/\/www.ivinio.com\/fr\/","logo":{"@type":"ImageObject","inLanguage":"fr-FR","@id":"https:\/\/www.ivinio.com\/fr\/#\/schema\/logo\/image\/","url":"https:\/\/www.ivinio.com\/wp-content\/uploads\/2021\/01\/Logo-Ivinio-v2.jpg","contentUrl":"https:\/\/www.ivinio.com\/wp-content\/uploads\/2021\/01\/Logo-Ivinio-v2.jpg","width":1194,"height":1194,"caption":"IVINIO"},"image":{"@id":"https:\/\/www.ivinio.com\/fr\/#\/schema\/logo\/image\/"},"sameAs":["https:\/\/www.facebook.com\/groups\/165217837022391\/?ref=bookmarks","https:\/\/www.instagram.com\/_ivinio_\/?hl=fr"]}]}},"jetpack_sharing_enabled":true,"_links":{"self":[{"href":"https:\/\/www.ivinio.com\/fr\/wp-json\/wp\/v2\/product\/139638","targetHints":{"allow":["GET"]}}],"collection":[{"href":"https:\/\/www.ivinio.com\/fr\/wp-json\/wp\/v2\/product"}],"about":[{"href":"https:\/\/www.ivinio.com\/fr\/wp-json\/wp\/v2\/types\/product"}],"replies":[{"embeddable":true,"href":"https:\/\/www.ivinio.com\/fr\/wp-json\/wp\/v2\/comments?post=139638"}],"wp:featuredmedia":[{"embeddable":true,"href":"https:\/\/www.ivinio.com\/fr\/wp-json\/wp\/v2\/media\/139637"}],"wp:attachment":[{"href":"https:\/\/www.ivinio.com\/fr\/wp-json\/wp\/v2\/media?parent=139638"}],"wp:term":[{"taxonomy":"product_brand","embeddable":true,"href":"https:\/\/www.ivinio.com\/fr\/wp-json\/wp\/v2\/product_brand?post=139638"},{"taxonomy":"product_cat","embeddable":true,"href":"https:\/\/www.ivinio.com\/fr\/wp-json\/wp\/v2\/product_cat?post=139638"},{"taxonomy":"product_tag","embeddable":true,"href":"https:\/\/www.ivinio.com\/fr\/wp-json\/wp\/v2\/product_tag?post=139638"}],"curies":[{"name":"wp","href":"https:\/\/api.w.org\/{rel}","templated":true}]}}