{"id":139383,"date":"2026-01-22T16:01:40","date_gmt":"2026-01-22T15:01:40","guid":{"rendered":"https:\/\/www.ivinio.com\/?post_type=product&#038;p=139383"},"modified":"2026-02-18T18:03:33","modified_gmt":"2026-02-18T17:03:33","slug":"anne-gros-jean-paul-tollot-les-combettes-cotes-du-brian-rouge","status":"publish","type":"product","link":"https:\/\/www.ivinio.com\/fr\/produit\/anne-gros-jean-paul-tollot-les-combettes-cotes-du-brian-rouge\/","title":{"rendered":"Anne Gros &#038; Jean-Paul Tollot &#8211; \u00ab Les Combettes \u00bb &#8211; C\u00f4tes du Brian &#8211; Rouge"},"content":{"rendered":"<p>Anne Gros &amp; Jean-Paul Tollot &#8211; \u00ab Les Combettes \u00bb &#8211; C\u00f4tes du Brian &#8211; Vin rouge issu de raisins Marselan cultiv\u00e9s sur des sols argilo-calcaires fins. Les raisins sont vendang\u00e9s \u00e0 la main, \u00e9grapp\u00e9s et vinifi\u00e9s selon la m\u00e9thode bourguignonne. L&#8217;\u00e9levage se fait exclusivement en f\u00fbts de ch\u00eane.<\/p>\n<p>&nbsp;<\/p>\n","protected":false},"excerpt":{"rendered":"<p>\u00ab Les Combettes \u00bb est un vin rouge \u00e9labor\u00e9 \u00e0 partir de 100 % de Marselan. Sa vinification est typiquement bourguignonne.<\/p>\n","protected":false},"featured_media":139386,"comment_status":"open","ping_status":"closed","template":"","meta":{"_monsterinsights_skip_tracking":false,"_monsterinsights_sitenote_active":false,"_monsterinsights_sitenote_note":"","_monsterinsights_sitenote_category":0,"_uf_show_specific_survey":0,"_uf_disable_surveys":false},"product_brand":[],"product_cat":[36625,36586],"product_tag":[],"class_list":{"0":"post-139383","1":"product","2":"type-product","3":"status-publish","4":"has-post-thumbnail","6":"product_cat-fr-languedoc","7":"product_cat-vins-francais","8":"pa_alcohol-degree-145-fr","9":"pa_color-rouge-fr","10":"pa_country-france-fr","11":"pa_grape-variety-marselan-fr","12":"pa_region-languedoc-fr","13":"pa_storage-potential-7-ans","14":"pa_vintage-2024-fr","15":"pa_volume-75-cl-fr","17":"first","18":"instock","19":"taxable","20":"shipping-taxable","21":"purchasable","22":"product-type-simple"},"bundled_by":[],"bundle_stock_status":"instock","bundle_stock_quantity":null,"bundle_virtual":false,"bundle_layout":"","bundle_add_to_cart_form_location":"","bundle_editable_in_cart":false,"bundle_sold_individually_context":"","bundle_item_grouping":"","bundle_min_size":"","bundle_max_size":"","bundle_price":[],"bundled_items":[],"bundle_sell_ids":[],"yoast_head":"<!-- This site is optimized with the Yoast SEO plugin v27.3 - https:\/\/yoast.com\/product\/yoast-seo-wordpress\/ -->\n<title>Anne Gros &amp; Jean-Paul Tollot - \u00ab Les Combettes \u00bb - Rouge<\/title>\n<meta name=\"description\" content=\"Anne Gros &amp; Jean-Paul Tollot - \u00ab Les Combettes \u00bb - Rouge. La vinification est typiquement bourguignonne, ce qui donne un vin \u00e9l\u00e9gant et tr\u00e8s fruit\u00e9.\" \/>\n<meta name=\"robots\" content=\"index, follow, max-snippet:-1, max-image-preview:large, max-video-preview:-1\" \/>\n<link rel=\"canonical\" href=\"https:\/\/www.ivinio.com\/fr\/produit\/anne-gros-jean-paul-tollot-les-combettes-cotes-du-brian-rouge\/\" \/>\n<meta property=\"og:locale\" content=\"fr_FR\" \/>\n<meta property=\"og:type\" content=\"article\" \/>\n<meta property=\"og:title\" content=\"Anne Gros &amp; Jean-Paul Tollot - \u00ab Les Combettes \u00bb - Rouge\" \/>\n<meta property=\"og:description\" content=\"Anne Gros &amp; Jean-Paul Tollot - \u00ab Les Combettes \u00bb - Rouge. La vinification est typiquement bourguignonne, ce qui donne un vin \u00e9l\u00e9gant et tr\u00e8s fruit\u00e9.\" \/>\n<meta property=\"og:url\" content=\"https:\/\/www.ivinio.com\/fr\/produit\/anne-gros-jean-paul-tollot-les-combettes-cotes-du-brian-rouge\/\" \/>\n<meta property=\"og:site_name\" content=\"IVINIO Wine Shop\" \/>\n<meta property=\"article:publisher\" content=\"https:\/\/www.facebook.com\/groups\/165217837022391\/?ref=bookmarks\" \/>\n<meta property=\"article:modified_time\" content=\"2026-02-18T17:03:33+00:00\" \/>\n<meta property=\"og:image\" content=\"https:\/\/www.ivinio.com\/wp-content\/uploads\/2026\/01\/Domaine-Anne-Gros-JP-Tollot-Les-Combettes-IVINIO.jpg\" \/>\n\t<meta property=\"og:image:width\" content=\"500\" \/>\n\t<meta property=\"og:image:height\" content=\"500\" \/>\n\t<meta property=\"og:image:type\" content=\"image\/jpeg\" \/>\n<meta name=\"twitter:card\" content=\"summary_large_image\" \/>\n<meta name=\"twitter:label1\" content=\"Dur\u00e9e de lecture estim\u00e9e\" \/>\n\t<meta name=\"twitter:data1\" content=\"1 minute\" \/>\n<script type=\"application\/ld+json\" class=\"yoast-schema-graph\">{\"@context\":\"https:\\\/\\\/schema.org\",\"@graph\":[{\"@type\":\"WebPage\",\"@id\":\"https:\\\/\\\/www.ivinio.com\\\/fr\\\/produit\\\/anne-gros-jean-paul-tollot-les-combettes-cotes-du-brian-rouge\\\/\",\"url\":\"https:\\\/\\\/www.ivinio.com\\\/fr\\\/produit\\\/anne-gros-jean-paul-tollot-les-combettes-cotes-du-brian-rouge\\\/\",\"name\":\"Anne Gros & Jean-Paul Tollot - \u00ab Les Combettes \u00bb - Rouge\",\"isPartOf\":{\"@id\":\"https:\\\/\\\/www.ivinio.com\\\/fr\\\/#website\"},\"primaryImageOfPage\":{\"@id\":\"https:\\\/\\\/www.ivinio.com\\\/fr\\\/produit\\\/anne-gros-jean-paul-tollot-les-combettes-cotes-du-brian-rouge\\\/#primaryimage\"},\"image\":{\"@id\":\"https:\\\/\\\/www.ivinio.com\\\/fr\\\/produit\\\/anne-gros-jean-paul-tollot-les-combettes-cotes-du-brian-rouge\\\/#primaryimage\"},\"thumbnailUrl\":\"https:\\\/\\\/www.ivinio.com\\\/wp-content\\\/uploads\\\/2026\\\/01\\\/Domaine-Anne-Gros-JP-Tollot-Les-Combettes-IVINIO.jpg\",\"datePublished\":\"2026-01-22T15:01:40+00:00\",\"dateModified\":\"2026-02-18T17:03:33+00:00\",\"description\":\"Anne Gros & Jean-Paul Tollot - \u00ab Les Combettes \u00bb - Rouge. La vinification est typiquement bourguignonne, ce qui donne un vin \u00e9l\u00e9gant et tr\u00e8s fruit\u00e9.\",\"breadcrumb\":{\"@id\":\"https:\\\/\\\/www.ivinio.com\\\/fr\\\/produit\\\/anne-gros-jean-paul-tollot-les-combettes-cotes-du-brian-rouge\\\/#breadcrumb\"},\"inLanguage\":\"fr-FR\",\"potentialAction\":[{\"@type\":\"ReadAction\",\"target\":[\"https:\\\/\\\/www.ivinio.com\\\/fr\\\/produit\\\/anne-gros-jean-paul-tollot-les-combettes-cotes-du-brian-rouge\\\/\"]}]},{\"@type\":\"ImageObject\",\"inLanguage\":\"fr-FR\",\"@id\":\"https:\\\/\\\/www.ivinio.com\\\/fr\\\/produit\\\/anne-gros-jean-paul-tollot-les-combettes-cotes-du-brian-rouge\\\/#primaryimage\",\"url\":\"https:\\\/\\\/www.ivinio.com\\\/wp-content\\\/uploads\\\/2026\\\/01\\\/Domaine-Anne-Gros-JP-Tollot-Les-Combettes-IVINIO.jpg\",\"contentUrl\":\"https:\\\/\\\/www.ivinio.com\\\/wp-content\\\/uploads\\\/2026\\\/01\\\/Domaine-Anne-Gros-JP-Tollot-Les-Combettes-IVINIO.jpg\",\"width\":500,\"height\":500},{\"@type\":\"BreadcrumbList\",\"@id\":\"https:\\\/\\\/www.ivinio.com\\\/fr\\\/produit\\\/anne-gros-jean-paul-tollot-les-combettes-cotes-du-brian-rouge\\\/#breadcrumb\",\"itemListElement\":[{\"@type\":\"ListItem\",\"position\":1,\"name\":\"Home\",\"item\":\"https:\\\/\\\/www.ivinio.com\\\/fr\\\/\"},{\"@type\":\"ListItem\",\"position\":2,\"name\":\"Boutique de vin\",\"item\":\"https:\\\/\\\/www.ivinio.com\\\/fr\\\/boutique-de-vin\\\/\"},{\"@type\":\"ListItem\",\"position\":3,\"name\":\"Anne Gros &#038; Jean-Paul Tollot &#8211; \u00ab Les Combettes \u00bb &#8211; C\u00f4tes du Brian &#8211; Rouge\"}]},{\"@type\":\"WebSite\",\"@id\":\"https:\\\/\\\/www.ivinio.com\\\/fr\\\/#website\",\"url\":\"https:\\\/\\\/www.ivinio.com\\\/fr\\\/\",\"name\":\"IVINIO Wine Shop\",\"description\":\"French and Italian wines with delivery to your door\",\"publisher\":{\"@id\":\"https:\\\/\\\/www.ivinio.com\\\/fr\\\/#organization\"},\"potentialAction\":[{\"@type\":\"SearchAction\",\"target\":{\"@type\":\"EntryPoint\",\"urlTemplate\":\"https:\\\/\\\/www.ivinio.com\\\/fr\\\/?s={search_term_string}\"},\"query-input\":{\"@type\":\"PropertyValueSpecification\",\"valueRequired\":true,\"valueName\":\"search_term_string\"}}],\"inLanguage\":\"fr-FR\"},{\"@type\":\"Organization\",\"@id\":\"https:\\\/\\\/www.ivinio.com\\\/fr\\\/#organization\",\"name\":\"IVINIO\",\"url\":\"https:\\\/\\\/www.ivinio.com\\\/fr\\\/\",\"logo\":{\"@type\":\"ImageObject\",\"inLanguage\":\"fr-FR\",\"@id\":\"https:\\\/\\\/www.ivinio.com\\\/fr\\\/#\\\/schema\\\/logo\\\/image\\\/\",\"url\":\"https:\\\/\\\/www.ivinio.com\\\/wp-content\\\/uploads\\\/2021\\\/01\\\/Logo-Ivinio-v2.jpg\",\"contentUrl\":\"https:\\\/\\\/www.ivinio.com\\\/wp-content\\\/uploads\\\/2021\\\/01\\\/Logo-Ivinio-v2.jpg\",\"width\":1194,\"height\":1194,\"caption\":\"IVINIO\"},\"image\":{\"@id\":\"https:\\\/\\\/www.ivinio.com\\\/fr\\\/#\\\/schema\\\/logo\\\/image\\\/\"},\"sameAs\":[\"https:\\\/\\\/www.facebook.com\\\/groups\\\/165217837022391\\\/?ref=bookmarks\",\"https:\\\/\\\/www.instagram.com\\\/_ivinio_\\\/?hl=fr\"]}]}<\/script>\n<!-- \/ Yoast SEO plugin. -->","yoast_head_json":{"title":"Anne Gros & Jean-Paul Tollot - \u00ab Les Combettes \u00bb - Rouge","description":"Anne Gros & Jean-Paul Tollot - \u00ab Les Combettes \u00bb - Rouge. La vinification est typiquement bourguignonne, ce qui donne un vin \u00e9l\u00e9gant et tr\u00e8s fruit\u00e9.","robots":{"index":"index","follow":"follow","max-snippet":"max-snippet:-1","max-image-preview":"max-image-preview:large","max-video-preview":"max-video-preview:-1"},"canonical":"https:\/\/www.ivinio.com\/fr\/produit\/anne-gros-jean-paul-tollot-les-combettes-cotes-du-brian-rouge\/","og_locale":"fr_FR","og_type":"article","og_title":"Anne Gros & Jean-Paul Tollot - \u00ab Les Combettes \u00bb - Rouge","og_description":"Anne Gros & Jean-Paul Tollot - \u00ab Les Combettes \u00bb - Rouge. La vinification est typiquement bourguignonne, ce qui donne un vin \u00e9l\u00e9gant et tr\u00e8s fruit\u00e9.","og_url":"https:\/\/www.ivinio.com\/fr\/produit\/anne-gros-jean-paul-tollot-les-combettes-cotes-du-brian-rouge\/","og_site_name":"IVINIO Wine Shop","article_publisher":"https:\/\/www.facebook.com\/groups\/165217837022391\/?ref=bookmarks","article_modified_time":"2026-02-18T17:03:33+00:00","og_image":[{"width":500,"height":500,"url":"https:\/\/www.ivinio.com\/wp-content\/uploads\/2026\/01\/Domaine-Anne-Gros-JP-Tollot-Les-Combettes-IVINIO.jpg","type":"image\/jpeg"}],"twitter_card":"summary_large_image","twitter_misc":{"Dur\u00e9e de lecture estim\u00e9e":"1 minute"},"schema":{"@context":"https:\/\/schema.org","@graph":[{"@type":"WebPage","@id":"https:\/\/www.ivinio.com\/fr\/produit\/anne-gros-jean-paul-tollot-les-combettes-cotes-du-brian-rouge\/","url":"https:\/\/www.ivinio.com\/fr\/produit\/anne-gros-jean-paul-tollot-les-combettes-cotes-du-brian-rouge\/","name":"Anne Gros & Jean-Paul Tollot - \u00ab Les Combettes \u00bb - Rouge","isPartOf":{"@id":"https:\/\/www.ivinio.com\/fr\/#website"},"primaryImageOfPage":{"@id":"https:\/\/www.ivinio.com\/fr\/produit\/anne-gros-jean-paul-tollot-les-combettes-cotes-du-brian-rouge\/#primaryimage"},"image":{"@id":"https:\/\/www.ivinio.com\/fr\/produit\/anne-gros-jean-paul-tollot-les-combettes-cotes-du-brian-rouge\/#primaryimage"},"thumbnailUrl":"https:\/\/www.ivinio.com\/wp-content\/uploads\/2026\/01\/Domaine-Anne-Gros-JP-Tollot-Les-Combettes-IVINIO.jpg","datePublished":"2026-01-22T15:01:40+00:00","dateModified":"2026-02-18T17:03:33+00:00","description":"Anne Gros & Jean-Paul Tollot - \u00ab Les Combettes \u00bb - Rouge. La vinification est typiquement bourguignonne, ce qui donne un vin \u00e9l\u00e9gant et tr\u00e8s fruit\u00e9.","breadcrumb":{"@id":"https:\/\/www.ivinio.com\/fr\/produit\/anne-gros-jean-paul-tollot-les-combettes-cotes-du-brian-rouge\/#breadcrumb"},"inLanguage":"fr-FR","potentialAction":[{"@type":"ReadAction","target":["https:\/\/www.ivinio.com\/fr\/produit\/anne-gros-jean-paul-tollot-les-combettes-cotes-du-brian-rouge\/"]}]},{"@type":"ImageObject","inLanguage":"fr-FR","@id":"https:\/\/www.ivinio.com\/fr\/produit\/anne-gros-jean-paul-tollot-les-combettes-cotes-du-brian-rouge\/#primaryimage","url":"https:\/\/www.ivinio.com\/wp-content\/uploads\/2026\/01\/Domaine-Anne-Gros-JP-Tollot-Les-Combettes-IVINIO.jpg","contentUrl":"https:\/\/www.ivinio.com\/wp-content\/uploads\/2026\/01\/Domaine-Anne-Gros-JP-Tollot-Les-Combettes-IVINIO.jpg","width":500,"height":500},{"@type":"BreadcrumbList","@id":"https:\/\/www.ivinio.com\/fr\/produit\/anne-gros-jean-paul-tollot-les-combettes-cotes-du-brian-rouge\/#breadcrumb","itemListElement":[{"@type":"ListItem","position":1,"name":"Home","item":"https:\/\/www.ivinio.com\/fr\/"},{"@type":"ListItem","position":2,"name":"Boutique de vin","item":"https:\/\/www.ivinio.com\/fr\/boutique-de-vin\/"},{"@type":"ListItem","position":3,"name":"Anne Gros &#038; Jean-Paul Tollot &#8211; \u00ab Les Combettes \u00bb &#8211; C\u00f4tes du Brian &#8211; Rouge"}]},{"@type":"WebSite","@id":"https:\/\/www.ivinio.com\/fr\/#website","url":"https:\/\/www.ivinio.com\/fr\/","name":"IVINIO Wine Shop","description":"French and Italian wines with delivery to your door","publisher":{"@id":"https:\/\/www.ivinio.com\/fr\/#organization"},"potentialAction":[{"@type":"SearchAction","target":{"@type":"EntryPoint","urlTemplate":"https:\/\/www.ivinio.com\/fr\/?s={search_term_string}"},"query-input":{"@type":"PropertyValueSpecification","valueRequired":true,"valueName":"search_term_string"}}],"inLanguage":"fr-FR"},{"@type":"Organization","@id":"https:\/\/www.ivinio.com\/fr\/#organization","name":"IVINIO","url":"https:\/\/www.ivinio.com\/fr\/","logo":{"@type":"ImageObject","inLanguage":"fr-FR","@id":"https:\/\/www.ivinio.com\/fr\/#\/schema\/logo\/image\/","url":"https:\/\/www.ivinio.com\/wp-content\/uploads\/2021\/01\/Logo-Ivinio-v2.jpg","contentUrl":"https:\/\/www.ivinio.com\/wp-content\/uploads\/2021\/01\/Logo-Ivinio-v2.jpg","width":1194,"height":1194,"caption":"IVINIO"},"image":{"@id":"https:\/\/www.ivinio.com\/fr\/#\/schema\/logo\/image\/"},"sameAs":["https:\/\/www.facebook.com\/groups\/165217837022391\/?ref=bookmarks","https:\/\/www.instagram.com\/_ivinio_\/?hl=fr"]}]}},"jetpack_sharing_enabled":true,"_links":{"self":[{"href":"https:\/\/www.ivinio.com\/fr\/wp-json\/wp\/v2\/product\/139383","targetHints":{"allow":["GET"]}}],"collection":[{"href":"https:\/\/www.ivinio.com\/fr\/wp-json\/wp\/v2\/product"}],"about":[{"href":"https:\/\/www.ivinio.com\/fr\/wp-json\/wp\/v2\/types\/product"}],"replies":[{"embeddable":true,"href":"https:\/\/www.ivinio.com\/fr\/wp-json\/wp\/v2\/comments?post=139383"}],"wp:featuredmedia":[{"embeddable":true,"href":"https:\/\/www.ivinio.com\/fr\/wp-json\/wp\/v2\/media\/139386"}],"wp:attachment":[{"href":"https:\/\/www.ivinio.com\/fr\/wp-json\/wp\/v2\/media?parent=139383"}],"wp:term":[{"taxonomy":"product_brand","embeddable":true,"href":"https:\/\/www.ivinio.com\/fr\/wp-json\/wp\/v2\/product_brand?post=139383"},{"taxonomy":"product_cat","embeddable":true,"href":"https:\/\/www.ivinio.com\/fr\/wp-json\/wp\/v2\/product_cat?post=139383"},{"taxonomy":"product_tag","embeddable":true,"href":"https:\/\/www.ivinio.com\/fr\/wp-json\/wp\/v2\/product_tag?post=139383"}],"curies":[{"name":"wp","href":"https:\/\/api.w.org\/{rel}","templated":true}]}}