{"id":139340,"date":"2026-01-16T16:07:24","date_gmt":"2026-01-16T15:07:24","guid":{"rendered":"https:\/\/www.ivinio.com\/product\/mas-gabinele-faugeres-rouge\/"},"modified":"2026-01-17T18:10:34","modified_gmt":"2026-01-17T17:10:34","slug":"mas-gabinele-faugeres-rouge","status":"publish","type":"product","link":"https:\/\/www.ivinio.com\/fr\/produit\/mas-gabinele-faugeres-rouge\/","title":{"rendered":"Mas Gabin\u00e8le &#8211; Faug\u00e8res &#8211; Rouge"},"content":{"rendered":"<p>Mas Gabin\u00e8le \u2013 Faug\u00e8res \u2013 Vin rouge est \u00e9labor\u00e9 \u00e0 partir d\u2019un assemblage de 40 % Syrah, 30 % Grenache, 20 % Carignan et 10 % Mourv\u00e8dre. Les sols sont domin\u00e9s par des schistes gr\u00e9seux de Laurens\u2013Cabri\u00e8res, proches de ceux des Monts du Faug\u00e9rois. Ce sont des sols \u00e0 structure fragile et \u00e0 l\u00e9g\u00e8re tendance acide \u2014 parfois exigeants, mais qui, associ\u00e9s \u00e0 des pratiques culturales adapt\u00e9es, assurent un excellent \u00e9quilibre de la vigne. Les raisins sont vendang\u00e9s manuellement, avec un tri directement \u00e0 la parcelle de fruits parfaitement m\u00fbrs. De longues mac\u00e9rations de 20 \u00e0 30 jours pr\u00e9c\u00e8dent un \u00e9levage en f\u00fbts de ch\u00eane fran\u00e7ais pendant 12 mois.<\/p>\n","protected":false},"excerpt":{"rendered":"<p>Un vin rouge cors\u00e9 de Faug\u00e8res qui s&#8217;accorde avec la plupart des plats.<\/p>\n","protected":false},"featured_media":139338,"comment_status":"open","ping_status":"closed","template":"","meta":{"_monsterinsights_skip_tracking":false,"_monsterinsights_sitenote_active":false,"_monsterinsights_sitenote_note":"","_monsterinsights_sitenote_category":0,"_uf_show_specific_survey":0,"_uf_disable_surveys":false},"product_brand":[],"product_cat":[36625,36586],"product_tag":[],"class_list":{"0":"post-139340","1":"product","2":"type-product","3":"status-publish","4":"has-post-thumbnail","6":"product_cat-fr-languedoc","7":"product_cat-vins-francais","8":"pa_alcohol-degree-14-fr","9":"pa_classification-aop-faugeres-fr","10":"pa_grape-variety-carignan-fr","11":"pa_grape-variety-grenache-fr","12":"pa_grape-variety-mourvedre-fr","13":"pa_grape-variety-syrah-fr","14":"pa_region-languedoc-fr","15":"pa_vintage-2022-fr","16":"pa_volume-75-cl-fr","18":"first","19":"instock","20":"sale","21":"taxable","22":"shipping-taxable","23":"purchasable","24":"product-type-simple"},"bundled_by":["139324"],"bundle_stock_status":"instock","bundle_stock_quantity":null,"bundle_virtual":false,"bundle_layout":"","bundle_add_to_cart_form_location":"","bundle_editable_in_cart":false,"bundle_sold_individually_context":"","bundle_item_grouping":"","bundle_min_size":"","bundle_max_size":"","bundle_price":[],"bundled_items":[],"bundle_sell_ids":[],"yoast_head":"<!-- This site is optimized with the Yoast SEO plugin v27.4 - https:\/\/yoast.com\/product\/yoast-seo-wordpress\/ -->\n<title>Mas Gabin\u00e8le - Faug\u00e8res - Rouge - IVINIO Caviste<\/title>\n<meta name=\"description\" content=\"Mas Gabin\u00e8le - Faug\u00e8res - Vin rouge aux notes de gel\u00e9e de myrtilles, de garrigue, de crayon, de poivre du Sichuan et de subtiles nuances \u00e9pic\u00e9es. La bouche est ferme, juteuse et vive.\" \/>\n<meta name=\"robots\" content=\"index, follow, max-snippet:-1, max-image-preview:large, max-video-preview:-1\" \/>\n<link rel=\"canonical\" href=\"https:\/\/www.ivinio.com\/fr\/produit\/mas-gabinele-faugeres-rouge\/\" \/>\n<meta property=\"og:locale\" content=\"fr_FR\" \/>\n<meta property=\"og:type\" content=\"article\" \/>\n<meta property=\"og:title\" content=\"Mas Gabin\u00e8le - Faug\u00e8res - Rouge - IVINIO Caviste\" \/>\n<meta property=\"og:description\" content=\"Mas Gabin\u00e8le - Faug\u00e8res - Vin rouge aux notes de gel\u00e9e de myrtilles, de garrigue, de crayon, de poivre du Sichuan et de subtiles nuances \u00e9pic\u00e9es. La bouche est ferme, juteuse et vive.\" \/>\n<meta property=\"og:url\" content=\"https:\/\/www.ivinio.com\/fr\/produit\/mas-gabinele-faugeres-rouge\/\" \/>\n<meta property=\"og:site_name\" content=\"IVINIO Caviste\" \/>\n<meta property=\"article:publisher\" content=\"https:\/\/www.facebook.com\/groups\/165217837022391\/?ref=bookmarks\" \/>\n<meta property=\"article:modified_time\" content=\"2026-01-17T17:10:34+00:00\" \/>\n<meta property=\"og:image\" content=\"https:\/\/www.ivinio.com\/wp-content\/uploads\/2026\/01\/Mas-Gabinele-Tradition-Faugeres-IVINIO.jpg\" \/>\n\t<meta property=\"og:image:width\" content=\"500\" \/>\n\t<meta property=\"og:image:height\" content=\"500\" \/>\n\t<meta property=\"og:image:type\" content=\"image\/jpeg\" \/>\n<meta name=\"twitter:card\" content=\"summary_large_image\" \/>\n<meta name=\"twitter:label1\" content=\"Dur\u00e9e de lecture estim\u00e9e\" \/>\n\t<meta name=\"twitter:data1\" content=\"1 minute\" \/>\n<script type=\"application\/ld+json\" class=\"yoast-schema-graph\">{\"@context\":\"https:\\\/\\\/schema.org\",\"@graph\":[{\"@type\":\"WebPage\",\"@id\":\"https:\\\/\\\/www.ivinio.com\\\/fr\\\/produit\\\/mas-gabinele-faugeres-rouge\\\/\",\"url\":\"https:\\\/\\\/www.ivinio.com\\\/fr\\\/produit\\\/mas-gabinele-faugeres-rouge\\\/\",\"name\":\"Mas Gabin\u00e8le - Faug\u00e8res - Rouge - IVINIO Caviste\",\"isPartOf\":{\"@id\":\"https:\\\/\\\/www.ivinio.com\\\/fr\\\/#website\"},\"primaryImageOfPage\":{\"@id\":\"https:\\\/\\\/www.ivinio.com\\\/fr\\\/produit\\\/mas-gabinele-faugeres-rouge\\\/#primaryimage\"},\"image\":{\"@id\":\"https:\\\/\\\/www.ivinio.com\\\/fr\\\/produit\\\/mas-gabinele-faugeres-rouge\\\/#primaryimage\"},\"thumbnailUrl\":\"https:\\\/\\\/www.ivinio.com\\\/wp-content\\\/uploads\\\/2026\\\/01\\\/Mas-Gabinele-Tradition-Faugeres-IVINIO.jpg\",\"datePublished\":\"2026-01-16T15:07:24+00:00\",\"dateModified\":\"2026-01-17T17:10:34+00:00\",\"description\":\"Mas Gabin\u00e8le - Faug\u00e8res - Vin rouge aux notes de gel\u00e9e de myrtilles, de garrigue, de crayon, de poivre du Sichuan et de subtiles nuances \u00e9pic\u00e9es. La bouche est ferme, juteuse et vive.\",\"breadcrumb\":{\"@id\":\"https:\\\/\\\/www.ivinio.com\\\/fr\\\/produit\\\/mas-gabinele-faugeres-rouge\\\/#breadcrumb\"},\"inLanguage\":\"fr-FR\",\"potentialAction\":[{\"@type\":\"ReadAction\",\"target\":[\"https:\\\/\\\/www.ivinio.com\\\/fr\\\/produit\\\/mas-gabinele-faugeres-rouge\\\/\"]}]},{\"@type\":\"ImageObject\",\"inLanguage\":\"fr-FR\",\"@id\":\"https:\\\/\\\/www.ivinio.com\\\/fr\\\/produit\\\/mas-gabinele-faugeres-rouge\\\/#primaryimage\",\"url\":\"https:\\\/\\\/www.ivinio.com\\\/wp-content\\\/uploads\\\/2026\\\/01\\\/Mas-Gabinele-Tradition-Faugeres-IVINIO.jpg\",\"contentUrl\":\"https:\\\/\\\/www.ivinio.com\\\/wp-content\\\/uploads\\\/2026\\\/01\\\/Mas-Gabinele-Tradition-Faugeres-IVINIO.jpg\",\"width\":500,\"height\":500},{\"@type\":\"BreadcrumbList\",\"@id\":\"https:\\\/\\\/www.ivinio.com\\\/fr\\\/produit\\\/mas-gabinele-faugeres-rouge\\\/#breadcrumb\",\"itemListElement\":[{\"@type\":\"ListItem\",\"position\":1,\"name\":\"Home\",\"item\":\"https:\\\/\\\/www.ivinio.com\\\/fr\\\/\"},{\"@type\":\"ListItem\",\"position\":2,\"name\":\"Boutique de vin\",\"item\":\"https:\\\/\\\/www.ivinio.com\\\/fr\\\/boutique-de-vin\\\/\"},{\"@type\":\"ListItem\",\"position\":3,\"name\":\"Mas Gabin\u00e8le &#8211; Faug\u00e8res &#8211; Rouge\"}]},{\"@type\":\"WebSite\",\"@id\":\"https:\\\/\\\/www.ivinio.com\\\/fr\\\/#website\",\"url\":\"https:\\\/\\\/www.ivinio.com\\\/fr\\\/\",\"name\":\"IVINIO Caviste\",\"description\":\"Vins de France et d&#039;Italie avec livraison \u00e0 domicile\",\"publisher\":{\"@id\":\"https:\\\/\\\/www.ivinio.com\\\/fr\\\/#organization\"},\"potentialAction\":[{\"@type\":\"SearchAction\",\"target\":{\"@type\":\"EntryPoint\",\"urlTemplate\":\"https:\\\/\\\/www.ivinio.com\\\/fr\\\/?s={search_term_string}\"},\"query-input\":{\"@type\":\"PropertyValueSpecification\",\"valueRequired\":true,\"valueName\":\"search_term_string\"}}],\"inLanguage\":\"fr-FR\"},{\"@type\":\"Organization\",\"@id\":\"https:\\\/\\\/www.ivinio.com\\\/fr\\\/#organization\",\"name\":\"IVINIO\",\"url\":\"https:\\\/\\\/www.ivinio.com\\\/fr\\\/\",\"logo\":{\"@type\":\"ImageObject\",\"inLanguage\":\"fr-FR\",\"@id\":\"https:\\\/\\\/www.ivinio.com\\\/fr\\\/#\\\/schema\\\/logo\\\/image\\\/\",\"url\":\"https:\\\/\\\/www.ivinio.com\\\/wp-content\\\/uploads\\\/2021\\\/01\\\/Logo-Ivinio-v2.jpg\",\"contentUrl\":\"https:\\\/\\\/www.ivinio.com\\\/wp-content\\\/uploads\\\/2021\\\/01\\\/Logo-Ivinio-v2.jpg\",\"width\":1194,\"height\":1194,\"caption\":\"IVINIO\"},\"image\":{\"@id\":\"https:\\\/\\\/www.ivinio.com\\\/fr\\\/#\\\/schema\\\/logo\\\/image\\\/\"},\"sameAs\":[\"https:\\\/\\\/www.facebook.com\\\/groups\\\/165217837022391\\\/?ref=bookmarks\",\"https:\\\/\\\/www.instagram.com\\\/_ivinio_\\\/?hl=fr\"]}]}<\/script>\n<!-- \/ Yoast SEO plugin. -->","yoast_head_json":{"title":"Mas Gabin\u00e8le - Faug\u00e8res - Rouge - IVINIO Caviste","description":"Mas Gabin\u00e8le - Faug\u00e8res - Vin rouge aux notes de gel\u00e9e de myrtilles, de garrigue, de crayon, de poivre du Sichuan et de subtiles nuances \u00e9pic\u00e9es. La bouche est ferme, juteuse et vive.","robots":{"index":"index","follow":"follow","max-snippet":"max-snippet:-1","max-image-preview":"max-image-preview:large","max-video-preview":"max-video-preview:-1"},"canonical":"https:\/\/www.ivinio.com\/fr\/produit\/mas-gabinele-faugeres-rouge\/","og_locale":"fr_FR","og_type":"article","og_title":"Mas Gabin\u00e8le - Faug\u00e8res - Rouge - IVINIO Caviste","og_description":"Mas Gabin\u00e8le - Faug\u00e8res - Vin rouge aux notes de gel\u00e9e de myrtilles, de garrigue, de crayon, de poivre du Sichuan et de subtiles nuances \u00e9pic\u00e9es. La bouche est ferme, juteuse et vive.","og_url":"https:\/\/www.ivinio.com\/fr\/produit\/mas-gabinele-faugeres-rouge\/","og_site_name":"IVINIO Caviste","article_publisher":"https:\/\/www.facebook.com\/groups\/165217837022391\/?ref=bookmarks","article_modified_time":"2026-01-17T17:10:34+00:00","og_image":[{"width":500,"height":500,"url":"https:\/\/www.ivinio.com\/wp-content\/uploads\/2026\/01\/Mas-Gabinele-Tradition-Faugeres-IVINIO.jpg","type":"image\/jpeg"}],"twitter_card":"summary_large_image","twitter_misc":{"Dur\u00e9e de lecture estim\u00e9e":"1 minute"},"schema":{"@context":"https:\/\/schema.org","@graph":[{"@type":"WebPage","@id":"https:\/\/www.ivinio.com\/fr\/produit\/mas-gabinele-faugeres-rouge\/","url":"https:\/\/www.ivinio.com\/fr\/produit\/mas-gabinele-faugeres-rouge\/","name":"Mas Gabin\u00e8le - Faug\u00e8res - Rouge - IVINIO Caviste","isPartOf":{"@id":"https:\/\/www.ivinio.com\/fr\/#website"},"primaryImageOfPage":{"@id":"https:\/\/www.ivinio.com\/fr\/produit\/mas-gabinele-faugeres-rouge\/#primaryimage"},"image":{"@id":"https:\/\/www.ivinio.com\/fr\/produit\/mas-gabinele-faugeres-rouge\/#primaryimage"},"thumbnailUrl":"https:\/\/www.ivinio.com\/wp-content\/uploads\/2026\/01\/Mas-Gabinele-Tradition-Faugeres-IVINIO.jpg","datePublished":"2026-01-16T15:07:24+00:00","dateModified":"2026-01-17T17:10:34+00:00","description":"Mas Gabin\u00e8le - Faug\u00e8res - Vin rouge aux notes de gel\u00e9e de myrtilles, de garrigue, de crayon, de poivre du Sichuan et de subtiles nuances \u00e9pic\u00e9es. La bouche est ferme, juteuse et vive.","breadcrumb":{"@id":"https:\/\/www.ivinio.com\/fr\/produit\/mas-gabinele-faugeres-rouge\/#breadcrumb"},"inLanguage":"fr-FR","potentialAction":[{"@type":"ReadAction","target":["https:\/\/www.ivinio.com\/fr\/produit\/mas-gabinele-faugeres-rouge\/"]}]},{"@type":"ImageObject","inLanguage":"fr-FR","@id":"https:\/\/www.ivinio.com\/fr\/produit\/mas-gabinele-faugeres-rouge\/#primaryimage","url":"https:\/\/www.ivinio.com\/wp-content\/uploads\/2026\/01\/Mas-Gabinele-Tradition-Faugeres-IVINIO.jpg","contentUrl":"https:\/\/www.ivinio.com\/wp-content\/uploads\/2026\/01\/Mas-Gabinele-Tradition-Faugeres-IVINIO.jpg","width":500,"height":500},{"@type":"BreadcrumbList","@id":"https:\/\/www.ivinio.com\/fr\/produit\/mas-gabinele-faugeres-rouge\/#breadcrumb","itemListElement":[{"@type":"ListItem","position":1,"name":"Home","item":"https:\/\/www.ivinio.com\/fr\/"},{"@type":"ListItem","position":2,"name":"Boutique de vin","item":"https:\/\/www.ivinio.com\/fr\/boutique-de-vin\/"},{"@type":"ListItem","position":3,"name":"Mas Gabin\u00e8le &#8211; Faug\u00e8res &#8211; Rouge"}]},{"@type":"WebSite","@id":"https:\/\/www.ivinio.com\/fr\/#website","url":"https:\/\/www.ivinio.com\/fr\/","name":"IVINIO Caviste","description":"Vins de France et d&#039;Italie avec livraison \u00e0 domicile","publisher":{"@id":"https:\/\/www.ivinio.com\/fr\/#organization"},"potentialAction":[{"@type":"SearchAction","target":{"@type":"EntryPoint","urlTemplate":"https:\/\/www.ivinio.com\/fr\/?s={search_term_string}"},"query-input":{"@type":"PropertyValueSpecification","valueRequired":true,"valueName":"search_term_string"}}],"inLanguage":"fr-FR"},{"@type":"Organization","@id":"https:\/\/www.ivinio.com\/fr\/#organization","name":"IVINIO","url":"https:\/\/www.ivinio.com\/fr\/","logo":{"@type":"ImageObject","inLanguage":"fr-FR","@id":"https:\/\/www.ivinio.com\/fr\/#\/schema\/logo\/image\/","url":"https:\/\/www.ivinio.com\/wp-content\/uploads\/2021\/01\/Logo-Ivinio-v2.jpg","contentUrl":"https:\/\/www.ivinio.com\/wp-content\/uploads\/2021\/01\/Logo-Ivinio-v2.jpg","width":1194,"height":1194,"caption":"IVINIO"},"image":{"@id":"https:\/\/www.ivinio.com\/fr\/#\/schema\/logo\/image\/"},"sameAs":["https:\/\/www.facebook.com\/groups\/165217837022391\/?ref=bookmarks","https:\/\/www.instagram.com\/_ivinio_\/?hl=fr"]}]}},"jetpack_sharing_enabled":true,"_links":{"self":[{"href":"https:\/\/www.ivinio.com\/fr\/wp-json\/wp\/v2\/product\/139340","targetHints":{"allow":["GET"]}}],"collection":[{"href":"https:\/\/www.ivinio.com\/fr\/wp-json\/wp\/v2\/product"}],"about":[{"href":"https:\/\/www.ivinio.com\/fr\/wp-json\/wp\/v2\/types\/product"}],"replies":[{"embeddable":true,"href":"https:\/\/www.ivinio.com\/fr\/wp-json\/wp\/v2\/comments?post=139340"}],"wp:featuredmedia":[{"embeddable":true,"href":"https:\/\/www.ivinio.com\/fr\/wp-json\/wp\/v2\/media\/139338"}],"wp:attachment":[{"href":"https:\/\/www.ivinio.com\/fr\/wp-json\/wp\/v2\/media?parent=139340"}],"wp:term":[{"taxonomy":"product_brand","embeddable":true,"href":"https:\/\/www.ivinio.com\/fr\/wp-json\/wp\/v2\/product_brand?post=139340"},{"taxonomy":"product_cat","embeddable":true,"href":"https:\/\/www.ivinio.com\/fr\/wp-json\/wp\/v2\/product_cat?post=139340"},{"taxonomy":"product_tag","embeddable":true,"href":"https:\/\/www.ivinio.com\/fr\/wp-json\/wp\/v2\/product_tag?post=139340"}],"curies":[{"name":"wp","href":"https:\/\/api.w.org\/{rel}","templated":true}]}}