{"id":139334,"date":"2026-01-16T14:42:37","date_gmt":"2026-01-16T13:42:37","guid":{"rendered":"https:\/\/www.ivinio.com\/product\/mas-gabinele-pechaligous-faugeres-blanc\/"},"modified":"2026-01-17T17:50:57","modified_gmt":"2026-01-17T16:50:57","slug":"mas-gabinele-pechaligous-faugeres-blanc","status":"publish","type":"product","link":"https:\/\/www.ivinio.com\/fr\/produit\/mas-gabinele-pechaligous-faugeres-blanc\/","title":{"rendered":"Mas Gabin\u00e8le &#8211; P\u00e9chaligous \u2013 Faug\u00e8res &#8211; Blanc"},"content":{"rendered":"<p>Mas Gabin\u00e8le \u2013 P\u00e9chaligous \u2013 Faug\u00e8res \u2013 Vin blanc est \u00e9labor\u00e9 \u00e0 partir d\u2019un assemblage unique de 12 c\u00e9pages \u00e0 pellicule grise et rose, issus d\u2019un terroir de schistes bleus et ocres. Les c\u00e9pages sont Pinot gris, Gewurztraminer, Sauvignon gris, Muscat \u00e0 petits grains rose, Piquepoul gris, Savagnin rose, Clairette rose, Trousseau gris, Grolleau gris, Mauzac rose, Riveyrenc gris et Grenache gris. Les raisins sont vendang\u00e9s manuellement, suivis d\u2019un pressurage direct et d\u2019une vinification sous contr\u00f4le des temp\u00e9ratures. 75 % de la cuv\u00e9e est vinifi\u00e9e en cuves inox, le reste en f\u00fbts de ch\u00eane neufs. Le vin est \u00e9lev\u00e9 sur lies fines pendant six mois.<\/p>\n<p data-start=\"1259\" data-end=\"1361\">\n","protected":false},"excerpt":{"rendered":"<p>Un vin blanc de Faug\u00e8res issu de 12 c\u00e9pages diff\u00e9rents.<\/p>\n","protected":false},"featured_media":139330,"comment_status":"open","ping_status":"closed","template":"","meta":{"_monsterinsights_skip_tracking":false,"_monsterinsights_sitenote_active":false,"_monsterinsights_sitenote_note":"","_monsterinsights_sitenote_category":0,"_uf_show_specific_survey":0,"_uf_disable_surveys":false},"product_brand":[],"product_cat":[36625,36586],"product_tag":[],"class_list":{"0":"post-139334","1":"product","2":"type-product","3":"status-publish","4":"has-post-thumbnail","6":"product_cat-fr-languedoc","7":"product_cat-vins-francais","8":"pa_alcohol-degree-14-fr","9":"pa_classification-aop-faugeres-fr","10":"pa_grape-variety-clairette-fr","11":"pa_grape-variety-gewurtztraminer-fr","12":"pa_grape-variety-grenache-gris","13":"pa_grape-variety-muscat-petits-grains-fr","14":"pa_grape-variety-picpoul-fr","15":"pa_grape-variety-pinot-gris-fr","16":"pa_grape-variety-sauvignon-gris","17":"pa_region-languedoc-fr","18":"pa_vintage-2021-fr","19":"pa_volume-75-cl-fr","21":"first","22":"instock","23":"sale","24":"taxable","25":"shipping-taxable","26":"purchasable","27":"product-type-simple"},"bundled_by":["139324"],"bundle_stock_status":"instock","bundle_stock_quantity":null,"bundle_virtual":false,"bundle_layout":"","bundle_add_to_cart_form_location":"","bundle_editable_in_cart":false,"bundle_sold_individually_context":"","bundle_item_grouping":"","bundle_min_size":"","bundle_max_size":"","bundle_price":[],"bundled_items":[],"bundle_sell_ids":[],"yoast_head":"<!-- This site is optimized with the Yoast SEO plugin v27.4 - https:\/\/yoast.com\/product\/yoast-seo-wordpress\/ -->\n<title>Mas Gabin\u00e8le - P\u00e9chaligous \u2013 Faug\u00e8res - Blanc - IVINIO Caviste<\/title>\n<meta name=\"description\" content=\"Mas Gabin\u00e8le - P\u00e9chaligous - Faug\u00e8res - Vin blanc : un vin de caract\u00e8re aux notes de rose, de pamplemousse et d&#039;ananas frais, \u00e9labor\u00e9 \u00e0 partir de 12 c\u00e9pages diff\u00e9rents.\" \/>\n<meta name=\"robots\" content=\"index, follow, max-snippet:-1, max-image-preview:large, max-video-preview:-1\" \/>\n<link rel=\"canonical\" href=\"https:\/\/www.ivinio.com\/fr\/produit\/mas-gabinele-pechaligous-faugeres-blanc\/\" \/>\n<meta property=\"og:locale\" content=\"fr_FR\" \/>\n<meta property=\"og:type\" content=\"article\" \/>\n<meta property=\"og:title\" content=\"Mas Gabin\u00e8le - P\u00e9chaligous \u2013 Faug\u00e8res - Blanc - IVINIO Caviste\" \/>\n<meta property=\"og:description\" content=\"Mas Gabin\u00e8le - P\u00e9chaligous - Faug\u00e8res - Vin blanc : un vin de caract\u00e8re aux notes de rose, de pamplemousse et d&#039;ananas frais, \u00e9labor\u00e9 \u00e0 partir de 12 c\u00e9pages diff\u00e9rents.\" \/>\n<meta property=\"og:url\" content=\"https:\/\/www.ivinio.com\/fr\/produit\/mas-gabinele-pechaligous-faugeres-blanc\/\" \/>\n<meta property=\"og:site_name\" content=\"IVINIO Caviste\" \/>\n<meta property=\"article:publisher\" content=\"https:\/\/www.facebook.com\/groups\/165217837022391\/?ref=bookmarks\" \/>\n<meta property=\"article:modified_time\" content=\"2026-01-17T16:50:57+00:00\" \/>\n<meta property=\"og:image\" content=\"https:\/\/www.ivinio.com\/wp-content\/uploads\/2026\/01\/Mas-Gabinele-Pechaligous-Faugeres-IVINIO.jpg\" \/>\n\t<meta property=\"og:image:width\" content=\"500\" \/>\n\t<meta property=\"og:image:height\" content=\"500\" \/>\n\t<meta property=\"og:image:type\" content=\"image\/jpeg\" \/>\n<meta name=\"twitter:card\" content=\"summary_large_image\" \/>\n<meta name=\"twitter:label1\" content=\"Dur\u00e9e de lecture estim\u00e9e\" \/>\n\t<meta name=\"twitter:data1\" content=\"1 minute\" \/>\n<script type=\"application\/ld+json\" class=\"yoast-schema-graph\">{\"@context\":\"https:\\\/\\\/schema.org\",\"@graph\":[{\"@type\":\"WebPage\",\"@id\":\"https:\\\/\\\/www.ivinio.com\\\/fr\\\/produit\\\/mas-gabinele-pechaligous-faugeres-blanc\\\/\",\"url\":\"https:\\\/\\\/www.ivinio.com\\\/fr\\\/produit\\\/mas-gabinele-pechaligous-faugeres-blanc\\\/\",\"name\":\"Mas Gabin\u00e8le - P\u00e9chaligous \u2013 Faug\u00e8res - Blanc - IVINIO Caviste\",\"isPartOf\":{\"@id\":\"https:\\\/\\\/www.ivinio.com\\\/fr\\\/#website\"},\"primaryImageOfPage\":{\"@id\":\"https:\\\/\\\/www.ivinio.com\\\/fr\\\/produit\\\/mas-gabinele-pechaligous-faugeres-blanc\\\/#primaryimage\"},\"image\":{\"@id\":\"https:\\\/\\\/www.ivinio.com\\\/fr\\\/produit\\\/mas-gabinele-pechaligous-faugeres-blanc\\\/#primaryimage\"},\"thumbnailUrl\":\"https:\\\/\\\/www.ivinio.com\\\/wp-content\\\/uploads\\\/2026\\\/01\\\/Mas-Gabinele-Pechaligous-Faugeres-IVINIO.jpg\",\"datePublished\":\"2026-01-16T13:42:37+00:00\",\"dateModified\":\"2026-01-17T16:50:57+00:00\",\"description\":\"Mas Gabin\u00e8le - P\u00e9chaligous - Faug\u00e8res - Vin blanc : un vin de caract\u00e8re aux notes de rose, de pamplemousse et d'ananas frais, \u00e9labor\u00e9 \u00e0 partir de 12 c\u00e9pages diff\u00e9rents.\",\"breadcrumb\":{\"@id\":\"https:\\\/\\\/www.ivinio.com\\\/fr\\\/produit\\\/mas-gabinele-pechaligous-faugeres-blanc\\\/#breadcrumb\"},\"inLanguage\":\"fr-FR\",\"potentialAction\":[{\"@type\":\"ReadAction\",\"target\":[\"https:\\\/\\\/www.ivinio.com\\\/fr\\\/produit\\\/mas-gabinele-pechaligous-faugeres-blanc\\\/\"]}]},{\"@type\":\"ImageObject\",\"inLanguage\":\"fr-FR\",\"@id\":\"https:\\\/\\\/www.ivinio.com\\\/fr\\\/produit\\\/mas-gabinele-pechaligous-faugeres-blanc\\\/#primaryimage\",\"url\":\"https:\\\/\\\/www.ivinio.com\\\/wp-content\\\/uploads\\\/2026\\\/01\\\/Mas-Gabinele-Pechaligous-Faugeres-IVINIO.jpg\",\"contentUrl\":\"https:\\\/\\\/www.ivinio.com\\\/wp-content\\\/uploads\\\/2026\\\/01\\\/Mas-Gabinele-Pechaligous-Faugeres-IVINIO.jpg\",\"width\":500,\"height\":500},{\"@type\":\"BreadcrumbList\",\"@id\":\"https:\\\/\\\/www.ivinio.com\\\/fr\\\/produit\\\/mas-gabinele-pechaligous-faugeres-blanc\\\/#breadcrumb\",\"itemListElement\":[{\"@type\":\"ListItem\",\"position\":1,\"name\":\"Home\",\"item\":\"https:\\\/\\\/www.ivinio.com\\\/fr\\\/\"},{\"@type\":\"ListItem\",\"position\":2,\"name\":\"Boutique de vin\",\"item\":\"https:\\\/\\\/www.ivinio.com\\\/fr\\\/boutique-de-vin\\\/\"},{\"@type\":\"ListItem\",\"position\":3,\"name\":\"Mas Gabin\u00e8le &#8211; P\u00e9chaligous \u2013 Faug\u00e8res &#8211; Blanc\"}]},{\"@type\":\"WebSite\",\"@id\":\"https:\\\/\\\/www.ivinio.com\\\/fr\\\/#website\",\"url\":\"https:\\\/\\\/www.ivinio.com\\\/fr\\\/\",\"name\":\"IVINIO Caviste\",\"description\":\"Vins de France et d&#039;Italie avec livraison \u00e0 domicile\",\"publisher\":{\"@id\":\"https:\\\/\\\/www.ivinio.com\\\/fr\\\/#organization\"},\"potentialAction\":[{\"@type\":\"SearchAction\",\"target\":{\"@type\":\"EntryPoint\",\"urlTemplate\":\"https:\\\/\\\/www.ivinio.com\\\/fr\\\/?s={search_term_string}\"},\"query-input\":{\"@type\":\"PropertyValueSpecification\",\"valueRequired\":true,\"valueName\":\"search_term_string\"}}],\"inLanguage\":\"fr-FR\"},{\"@type\":\"Organization\",\"@id\":\"https:\\\/\\\/www.ivinio.com\\\/fr\\\/#organization\",\"name\":\"IVINIO\",\"url\":\"https:\\\/\\\/www.ivinio.com\\\/fr\\\/\",\"logo\":{\"@type\":\"ImageObject\",\"inLanguage\":\"fr-FR\",\"@id\":\"https:\\\/\\\/www.ivinio.com\\\/fr\\\/#\\\/schema\\\/logo\\\/image\\\/\",\"url\":\"https:\\\/\\\/www.ivinio.com\\\/wp-content\\\/uploads\\\/2021\\\/01\\\/Logo-Ivinio-v2.jpg\",\"contentUrl\":\"https:\\\/\\\/www.ivinio.com\\\/wp-content\\\/uploads\\\/2021\\\/01\\\/Logo-Ivinio-v2.jpg\",\"width\":1194,\"height\":1194,\"caption\":\"IVINIO\"},\"image\":{\"@id\":\"https:\\\/\\\/www.ivinio.com\\\/fr\\\/#\\\/schema\\\/logo\\\/image\\\/\"},\"sameAs\":[\"https:\\\/\\\/www.facebook.com\\\/groups\\\/165217837022391\\\/?ref=bookmarks\",\"https:\\\/\\\/www.instagram.com\\\/_ivinio_\\\/?hl=fr\"]}]}<\/script>\n<!-- \/ Yoast SEO plugin. -->","yoast_head_json":{"title":"Mas Gabin\u00e8le - P\u00e9chaligous \u2013 Faug\u00e8res - Blanc - IVINIO Caviste","description":"Mas Gabin\u00e8le - P\u00e9chaligous - Faug\u00e8res - Vin blanc : un vin de caract\u00e8re aux notes de rose, de pamplemousse et d'ananas frais, \u00e9labor\u00e9 \u00e0 partir de 12 c\u00e9pages diff\u00e9rents.","robots":{"index":"index","follow":"follow","max-snippet":"max-snippet:-1","max-image-preview":"max-image-preview:large","max-video-preview":"max-video-preview:-1"},"canonical":"https:\/\/www.ivinio.com\/fr\/produit\/mas-gabinele-pechaligous-faugeres-blanc\/","og_locale":"fr_FR","og_type":"article","og_title":"Mas Gabin\u00e8le - P\u00e9chaligous \u2013 Faug\u00e8res - Blanc - IVINIO Caviste","og_description":"Mas Gabin\u00e8le - P\u00e9chaligous - Faug\u00e8res - Vin blanc : un vin de caract\u00e8re aux notes de rose, de pamplemousse et d'ananas frais, \u00e9labor\u00e9 \u00e0 partir de 12 c\u00e9pages diff\u00e9rents.","og_url":"https:\/\/www.ivinio.com\/fr\/produit\/mas-gabinele-pechaligous-faugeres-blanc\/","og_site_name":"IVINIO Caviste","article_publisher":"https:\/\/www.facebook.com\/groups\/165217837022391\/?ref=bookmarks","article_modified_time":"2026-01-17T16:50:57+00:00","og_image":[{"width":500,"height":500,"url":"https:\/\/www.ivinio.com\/wp-content\/uploads\/2026\/01\/Mas-Gabinele-Pechaligous-Faugeres-IVINIO.jpg","type":"image\/jpeg"}],"twitter_card":"summary_large_image","twitter_misc":{"Dur\u00e9e de lecture estim\u00e9e":"1 minute"},"schema":{"@context":"https:\/\/schema.org","@graph":[{"@type":"WebPage","@id":"https:\/\/www.ivinio.com\/fr\/produit\/mas-gabinele-pechaligous-faugeres-blanc\/","url":"https:\/\/www.ivinio.com\/fr\/produit\/mas-gabinele-pechaligous-faugeres-blanc\/","name":"Mas Gabin\u00e8le - P\u00e9chaligous \u2013 Faug\u00e8res - Blanc - IVINIO Caviste","isPartOf":{"@id":"https:\/\/www.ivinio.com\/fr\/#website"},"primaryImageOfPage":{"@id":"https:\/\/www.ivinio.com\/fr\/produit\/mas-gabinele-pechaligous-faugeres-blanc\/#primaryimage"},"image":{"@id":"https:\/\/www.ivinio.com\/fr\/produit\/mas-gabinele-pechaligous-faugeres-blanc\/#primaryimage"},"thumbnailUrl":"https:\/\/www.ivinio.com\/wp-content\/uploads\/2026\/01\/Mas-Gabinele-Pechaligous-Faugeres-IVINIO.jpg","datePublished":"2026-01-16T13:42:37+00:00","dateModified":"2026-01-17T16:50:57+00:00","description":"Mas Gabin\u00e8le - P\u00e9chaligous - Faug\u00e8res - Vin blanc : un vin de caract\u00e8re aux notes de rose, de pamplemousse et d'ananas frais, \u00e9labor\u00e9 \u00e0 partir de 12 c\u00e9pages diff\u00e9rents.","breadcrumb":{"@id":"https:\/\/www.ivinio.com\/fr\/produit\/mas-gabinele-pechaligous-faugeres-blanc\/#breadcrumb"},"inLanguage":"fr-FR","potentialAction":[{"@type":"ReadAction","target":["https:\/\/www.ivinio.com\/fr\/produit\/mas-gabinele-pechaligous-faugeres-blanc\/"]}]},{"@type":"ImageObject","inLanguage":"fr-FR","@id":"https:\/\/www.ivinio.com\/fr\/produit\/mas-gabinele-pechaligous-faugeres-blanc\/#primaryimage","url":"https:\/\/www.ivinio.com\/wp-content\/uploads\/2026\/01\/Mas-Gabinele-Pechaligous-Faugeres-IVINIO.jpg","contentUrl":"https:\/\/www.ivinio.com\/wp-content\/uploads\/2026\/01\/Mas-Gabinele-Pechaligous-Faugeres-IVINIO.jpg","width":500,"height":500},{"@type":"BreadcrumbList","@id":"https:\/\/www.ivinio.com\/fr\/produit\/mas-gabinele-pechaligous-faugeres-blanc\/#breadcrumb","itemListElement":[{"@type":"ListItem","position":1,"name":"Home","item":"https:\/\/www.ivinio.com\/fr\/"},{"@type":"ListItem","position":2,"name":"Boutique de vin","item":"https:\/\/www.ivinio.com\/fr\/boutique-de-vin\/"},{"@type":"ListItem","position":3,"name":"Mas Gabin\u00e8le &#8211; P\u00e9chaligous \u2013 Faug\u00e8res &#8211; Blanc"}]},{"@type":"WebSite","@id":"https:\/\/www.ivinio.com\/fr\/#website","url":"https:\/\/www.ivinio.com\/fr\/","name":"IVINIO Caviste","description":"Vins de France et d&#039;Italie avec livraison \u00e0 domicile","publisher":{"@id":"https:\/\/www.ivinio.com\/fr\/#organization"},"potentialAction":[{"@type":"SearchAction","target":{"@type":"EntryPoint","urlTemplate":"https:\/\/www.ivinio.com\/fr\/?s={search_term_string}"},"query-input":{"@type":"PropertyValueSpecification","valueRequired":true,"valueName":"search_term_string"}}],"inLanguage":"fr-FR"},{"@type":"Organization","@id":"https:\/\/www.ivinio.com\/fr\/#organization","name":"IVINIO","url":"https:\/\/www.ivinio.com\/fr\/","logo":{"@type":"ImageObject","inLanguage":"fr-FR","@id":"https:\/\/www.ivinio.com\/fr\/#\/schema\/logo\/image\/","url":"https:\/\/www.ivinio.com\/wp-content\/uploads\/2021\/01\/Logo-Ivinio-v2.jpg","contentUrl":"https:\/\/www.ivinio.com\/wp-content\/uploads\/2021\/01\/Logo-Ivinio-v2.jpg","width":1194,"height":1194,"caption":"IVINIO"},"image":{"@id":"https:\/\/www.ivinio.com\/fr\/#\/schema\/logo\/image\/"},"sameAs":["https:\/\/www.facebook.com\/groups\/165217837022391\/?ref=bookmarks","https:\/\/www.instagram.com\/_ivinio_\/?hl=fr"]}]}},"jetpack_sharing_enabled":true,"_links":{"self":[{"href":"https:\/\/www.ivinio.com\/fr\/wp-json\/wp\/v2\/product\/139334","targetHints":{"allow":["GET"]}}],"collection":[{"href":"https:\/\/www.ivinio.com\/fr\/wp-json\/wp\/v2\/product"}],"about":[{"href":"https:\/\/www.ivinio.com\/fr\/wp-json\/wp\/v2\/types\/product"}],"replies":[{"embeddable":true,"href":"https:\/\/www.ivinio.com\/fr\/wp-json\/wp\/v2\/comments?post=139334"}],"wp:featuredmedia":[{"embeddable":true,"href":"https:\/\/www.ivinio.com\/fr\/wp-json\/wp\/v2\/media\/139330"}],"wp:attachment":[{"href":"https:\/\/www.ivinio.com\/fr\/wp-json\/wp\/v2\/media?parent=139334"}],"wp:term":[{"taxonomy":"product_brand","embeddable":true,"href":"https:\/\/www.ivinio.com\/fr\/wp-json\/wp\/v2\/product_brand?post=139334"},{"taxonomy":"product_cat","embeddable":true,"href":"https:\/\/www.ivinio.com\/fr\/wp-json\/wp\/v2\/product_cat?post=139334"},{"taxonomy":"product_tag","embeddable":true,"href":"https:\/\/www.ivinio.com\/fr\/wp-json\/wp\/v2\/product_tag?post=139334"}],"curies":[{"name":"wp","href":"https:\/\/api.w.org\/{rel}","templated":true}]}}