{"id":139324,"date":"2026-01-16T16:58:57","date_gmt":"2026-01-16T15:58:57","guid":{"rendered":"https:\/\/www.ivinio.com\/product\/mas-gabinele-carton-melange-3x2-bouteilles\/"},"modified":"2026-01-17T16:25:23","modified_gmt":"2026-01-17T15:25:23","slug":"mas-gabinele-carton-melange-3x2-bouteilles","status":"publish","type":"product","link":"https:\/\/www.ivinio.com\/fr\/produit\/mas-gabinele-carton-melange-3x2-bouteilles\/","title":{"rendered":"Mas Gabin\u00e8le &#8211; Carton m\u00e9lang\u00e9 &#8211; 3&#215;2 bouteilles"},"content":{"rendered":"<h4 data-start=\"134\" data-end=\"194\">Carton d\u00e9couverte du Mas Gabin\u00e8le \u2013 6 bouteilles de Faug\u00e8res<\/h4>\n<p data-start=\"196\" data-end=\"386\">Voici l\u2019occasion de d\u00e9couvrir diff\u00e9rents vins de l\u2019appellation Faug\u00e8res, dans le Languedoc, un terroir reconnu pour ses sols de schistes. Cette caisse vous propose trois vins diff\u00e9rents du Mas Gabin\u00e8le, avec <strong data-start=\"252\" data-end=\"278\">deux<\/strong> <strong data-start=\"252\" data-end=\"278\"><\/strong> \u2013 deux vins blancs aux styles distincts et un vin rouge classique. <\/p>\n<ol>\n<li data-start=\"196\" data-end=\"386\"><strong data-start=\"388\" data-end=\"405\">Grenache Gris<\/strong> est un vin blanc ample et frais, dot\u00e9 d\u2019une belle structure et d\u2019un excellent \u00e9quilibre.<\/li>\n<li data-start=\"196\" data-end=\"386\"><strong data-start=\"476\" data-end=\"491\">P\u00e9chaligous<\/strong> est une cuv\u00e9e originale et singuli\u00e8re, \u00e9labor\u00e9e \u00e0 partir de 12 c\u00e9pages, expressive, aromatique et surprenante.<\/li>\n<li data-start=\"196\" data-end=\"386\"><strong data-start=\"591\" data-end=\"619\">Faug\u00e8res Tradition Rouge<\/strong> est un vin rouge souple et \u00e9pic\u00e9, qui s\u2019accorde facilement avec de nombreux plats.<\/li>\n<\/ol>\n<p data-start=\"692\" data-end=\"816\">Une caisse id\u00e9ale pour d\u00e9couvrir plusieurs facettes d\u2019un m\u00eame domaine, parfaite aussi bien pour les repas que pour une d\u00e9gustation \u00e0 domicile.<\/p>\n","protected":false},"excerpt":{"rendered":"<p>Caisse d\u00e9couverte du Mas Gabin\u00e8le \u2013 3 cuv\u00e9es aux styles diff\u00e9rents, issues de l\u2019appellation Faug\u00e8res.<\/p>\n","protected":false},"featured_media":139323,"comment_status":"open","ping_status":"closed","template":"","meta":{"_monsterinsights_skip_tracking":false,"_monsterinsights_sitenote_active":false,"_monsterinsights_sitenote_note":"","_monsterinsights_sitenote_category":0,"_uf_show_specific_survey":0,"_uf_disable_surveys":false},"product_brand":[],"product_cat":[36643],"product_tag":[],"class_list":{"0":"post-139324","1":"product","2":"type-product","3":"status-publish","4":"has-post-thumbnail","6":"product_cat-ronde-des-vins","8":"first","9":"instock","10":"sale","11":"virtual","12":"taxable","13":"purchasable","14":"product-type-bundle"},"bundled_by":[],"bundle_stock_status":"instock","bundle_stock_quantity":"","bundle_virtual":false,"bundle_layout":"grid","bundle_add_to_cart_form_location":"after_summary","bundle_editable_in_cart":false,"bundle_sold_individually_context":"product","bundle_item_grouping":"noindent","bundle_min_size":"","bundle_max_size":"","bundle_price":{"price":{"min":{"incl_tax":"66.3","excl_tax":"66.25"},"max":{"incl_tax":"66.3","excl_tax":"66.25"}},"regular_price":{"min":{"incl_tax":"85.7","excl_tax":"85.666667"},"max":{"incl_tax":"85.7","excl_tax":"85.666667"}}},"bundled_items":[{"bundled_item_id":9241,"product_id":139329,"menu_order":0,"quantity_min":2,"quantity_max":2,"quantity_default":2,"priced_individually":false,"shipped_individually":false,"override_title":false,"title":"Mas Gabin\u00e8le &#8211; Grenache Gris &#8211; Vieilles vignes &#8211; Blanc","override_description":false,"description":"Mas Gabin\u00e8le &#8211; Grenache Gris &#8211; Vieilles vignes &#8211; Blanc","optional":false,"hide_thumbnail":false,"discount":"","override_variations":false,"allowed_variations":[""],"override_default_variation_attributes":false,"default_variation_attributes":[],"single_product_visibility":"visible","cart_visibility":"visible","order_visibility":"visible","single_product_price_visibility":"visible","cart_price_visibility":"visible","order_price_visibility":"visible","stock_status":"in_stock"},{"bundled_item_id":9242,"product_id":139334,"menu_order":1,"quantity_min":2,"quantity_max":2,"quantity_default":2,"priced_individually":false,"shipped_individually":false,"override_title":false,"title":"Mas Gabin\u00e8le &#8211; P\u00e9chaligous \u2013 Faug\u00e8res &#8211; Blanc","override_description":false,"description":"Mas Gabin\u00e8le &#8211; P\u00e9chaligous \u2013 Faug\u00e8res &#8211; Blanc","optional":false,"hide_thumbnail":false,"discount":"","override_variations":false,"allowed_variations":[""],"override_default_variation_attributes":false,"default_variation_attributes":[],"single_product_visibility":"visible","cart_visibility":"visible","order_visibility":"visible","single_product_price_visibility":"visible","cart_price_visibility":"visible","order_price_visibility":"visible","stock_status":"in_stock"},{"bundled_item_id":9243,"product_id":139340,"menu_order":2,"quantity_min":2,"quantity_max":2,"quantity_default":2,"priced_individually":false,"shipped_individually":false,"override_title":false,"title":"Mas Gabin\u00e8le &#8211; Faug\u00e8res &#8211; Rouge","override_description":false,"description":"Mas Gabin\u00e8le &#8211; Faug\u00e8res &#8211; Rouge","optional":false,"hide_thumbnail":false,"discount":"","override_variations":false,"allowed_variations":[""],"override_default_variation_attributes":false,"default_variation_attributes":[],"single_product_visibility":"visible","cart_visibility":"visible","order_visibility":"visible","single_product_price_visibility":"visible","cart_price_visibility":"visible","order_price_visibility":"visible","stock_status":"in_stock"}],"bundle_sell_ids":[],"yoast_head":"<!-- This site is optimized with the Yoast SEO plugin v27.4 - https:\/\/yoast.com\/product\/yoast-seo-wordpress\/ -->\n<title>Mas Gabin\u00e8le - Carton m\u00e9lang\u00e9 - 3x2 bouteilles - IVINIO Caviste<\/title>\n<meta name=\"description\" content=\"Mas Gabin\u00e8le - Carton de vin m\u00e9lang\u00e9 avec trois vins diff\u00e9rents du Mas Gabin\u00e8le, 2 bouteilles de chaque vari\u00e9t\u00e9 \u2013 deux vins blancs aux styles distincts et un vin rouge classique.\" \/>\n<meta name=\"robots\" content=\"index, follow, max-snippet:-1, max-image-preview:large, max-video-preview:-1\" \/>\n<link rel=\"canonical\" href=\"https:\/\/www.ivinio.com\/fr\/produit\/mas-gabinele-carton-melange-3x2-bouteilles\/\" \/>\n<meta property=\"og:locale\" content=\"fr_FR\" \/>\n<meta property=\"og:type\" content=\"article\" \/>\n<meta property=\"og:title\" content=\"Mas Gabin\u00e8le - Carton m\u00e9lang\u00e9 - 3x2 bouteilles - IVINIO Caviste\" \/>\n<meta property=\"og:description\" content=\"Mas Gabin\u00e8le - Carton de vin m\u00e9lang\u00e9 avec trois vins diff\u00e9rents du Mas Gabin\u00e8le, 2 bouteilles de chaque vari\u00e9t\u00e9 \u2013 deux vins blancs aux styles distincts et un vin rouge classique.\" \/>\n<meta property=\"og:url\" content=\"https:\/\/www.ivinio.com\/fr\/produit\/mas-gabinele-carton-melange-3x2-bouteilles\/\" \/>\n<meta property=\"og:site_name\" content=\"IVINIO Caviste\" \/>\n<meta property=\"article:publisher\" content=\"https:\/\/www.facebook.com\/groups\/165217837022391\/?ref=bookmarks\" \/>\n<meta property=\"article:modified_time\" content=\"2026-01-17T15:25:23+00:00\" \/>\n<meta property=\"og:image\" content=\"https:\/\/www.ivinio.com\/wp-content\/uploads\/2026\/01\/Mas-gabinele-mix-IVINIO.jpg\" \/>\n\t<meta property=\"og:image:width\" content=\"500\" \/>\n\t<meta property=\"og:image:height\" content=\"500\" \/>\n\t<meta property=\"og:image:type\" content=\"image\/jpeg\" \/>\n<meta name=\"twitter:card\" content=\"summary_large_image\" \/>\n<meta name=\"twitter:label1\" content=\"Dur\u00e9e de lecture estim\u00e9e\" \/>\n\t<meta name=\"twitter:data1\" content=\"1 minute\" \/>\n<script type=\"application\/ld+json\" class=\"yoast-schema-graph\">{\"@context\":\"https:\\\/\\\/schema.org\",\"@graph\":[{\"@type\":\"WebPage\",\"@id\":\"https:\\\/\\\/www.ivinio.com\\\/fr\\\/produit\\\/mas-gabinele-carton-melange-3x2-bouteilles\\\/\",\"url\":\"https:\\\/\\\/www.ivinio.com\\\/fr\\\/produit\\\/mas-gabinele-carton-melange-3x2-bouteilles\\\/\",\"name\":\"Mas Gabin\u00e8le - Carton m\u00e9lang\u00e9 - 3x2 bouteilles - IVINIO Caviste\",\"isPartOf\":{\"@id\":\"https:\\\/\\\/www.ivinio.com\\\/fr\\\/#website\"},\"primaryImageOfPage\":{\"@id\":\"https:\\\/\\\/www.ivinio.com\\\/fr\\\/produit\\\/mas-gabinele-carton-melange-3x2-bouteilles\\\/#primaryimage\"},\"image\":{\"@id\":\"https:\\\/\\\/www.ivinio.com\\\/fr\\\/produit\\\/mas-gabinele-carton-melange-3x2-bouteilles\\\/#primaryimage\"},\"thumbnailUrl\":\"https:\\\/\\\/www.ivinio.com\\\/wp-content\\\/uploads\\\/2026\\\/01\\\/Mas-gabinele-mix-IVINIO.jpg\",\"datePublished\":\"2026-01-16T15:58:57+00:00\",\"dateModified\":\"2026-01-17T15:25:23+00:00\",\"description\":\"Mas Gabin\u00e8le - Carton de vin m\u00e9lang\u00e9 avec trois vins diff\u00e9rents du Mas Gabin\u00e8le, 2 bouteilles de chaque vari\u00e9t\u00e9 \u2013 deux vins blancs aux styles distincts et un vin rouge classique.\",\"breadcrumb\":{\"@id\":\"https:\\\/\\\/www.ivinio.com\\\/fr\\\/produit\\\/mas-gabinele-carton-melange-3x2-bouteilles\\\/#breadcrumb\"},\"inLanguage\":\"fr-FR\",\"potentialAction\":[{\"@type\":\"ReadAction\",\"target\":[\"https:\\\/\\\/www.ivinio.com\\\/fr\\\/produit\\\/mas-gabinele-carton-melange-3x2-bouteilles\\\/\"]}]},{\"@type\":\"ImageObject\",\"inLanguage\":\"fr-FR\",\"@id\":\"https:\\\/\\\/www.ivinio.com\\\/fr\\\/produit\\\/mas-gabinele-carton-melange-3x2-bouteilles\\\/#primaryimage\",\"url\":\"https:\\\/\\\/www.ivinio.com\\\/wp-content\\\/uploads\\\/2026\\\/01\\\/Mas-gabinele-mix-IVINIO.jpg\",\"contentUrl\":\"https:\\\/\\\/www.ivinio.com\\\/wp-content\\\/uploads\\\/2026\\\/01\\\/Mas-gabinele-mix-IVINIO.jpg\",\"width\":500,\"height\":500},{\"@type\":\"BreadcrumbList\",\"@id\":\"https:\\\/\\\/www.ivinio.com\\\/fr\\\/produit\\\/mas-gabinele-carton-melange-3x2-bouteilles\\\/#breadcrumb\",\"itemListElement\":[{\"@type\":\"ListItem\",\"position\":1,\"name\":\"Home\",\"item\":\"https:\\\/\\\/www.ivinio.com\\\/fr\\\/\"},{\"@type\":\"ListItem\",\"position\":2,\"name\":\"Boutique de vin\",\"item\":\"https:\\\/\\\/www.ivinio.com\\\/fr\\\/boutique-de-vin\\\/\"},{\"@type\":\"ListItem\",\"position\":3,\"name\":\"Mas Gabin\u00e8le &#8211; Carton m\u00e9lang\u00e9 &#8211; 3&#215;2 bouteilles\"}]},{\"@type\":\"WebSite\",\"@id\":\"https:\\\/\\\/www.ivinio.com\\\/fr\\\/#website\",\"url\":\"https:\\\/\\\/www.ivinio.com\\\/fr\\\/\",\"name\":\"IVINIO Caviste\",\"description\":\"Vins de France et d&#039;Italie avec livraison \u00e0 domicile\",\"publisher\":{\"@id\":\"https:\\\/\\\/www.ivinio.com\\\/fr\\\/#organization\"},\"potentialAction\":[{\"@type\":\"SearchAction\",\"target\":{\"@type\":\"EntryPoint\",\"urlTemplate\":\"https:\\\/\\\/www.ivinio.com\\\/fr\\\/?s={search_term_string}\"},\"query-input\":{\"@type\":\"PropertyValueSpecification\",\"valueRequired\":true,\"valueName\":\"search_term_string\"}}],\"inLanguage\":\"fr-FR\"},{\"@type\":\"Organization\",\"@id\":\"https:\\\/\\\/www.ivinio.com\\\/fr\\\/#organization\",\"name\":\"IVINIO\",\"url\":\"https:\\\/\\\/www.ivinio.com\\\/fr\\\/\",\"logo\":{\"@type\":\"ImageObject\",\"inLanguage\":\"fr-FR\",\"@id\":\"https:\\\/\\\/www.ivinio.com\\\/fr\\\/#\\\/schema\\\/logo\\\/image\\\/\",\"url\":\"https:\\\/\\\/www.ivinio.com\\\/wp-content\\\/uploads\\\/2021\\\/01\\\/Logo-Ivinio-v2.jpg\",\"contentUrl\":\"https:\\\/\\\/www.ivinio.com\\\/wp-content\\\/uploads\\\/2021\\\/01\\\/Logo-Ivinio-v2.jpg\",\"width\":1194,\"height\":1194,\"caption\":\"IVINIO\"},\"image\":{\"@id\":\"https:\\\/\\\/www.ivinio.com\\\/fr\\\/#\\\/schema\\\/logo\\\/image\\\/\"},\"sameAs\":[\"https:\\\/\\\/www.facebook.com\\\/groups\\\/165217837022391\\\/?ref=bookmarks\",\"https:\\\/\\\/www.instagram.com\\\/_ivinio_\\\/?hl=fr\"]}]}<\/script>\n<!-- \/ Yoast SEO plugin. -->","yoast_head_json":{"title":"Mas Gabin\u00e8le - Carton m\u00e9lang\u00e9 - 3x2 bouteilles - IVINIO Caviste","description":"Mas Gabin\u00e8le - Carton de vin m\u00e9lang\u00e9 avec trois vins diff\u00e9rents du Mas Gabin\u00e8le, 2 bouteilles de chaque vari\u00e9t\u00e9 \u2013 deux vins blancs aux styles distincts et un vin rouge classique.","robots":{"index":"index","follow":"follow","max-snippet":"max-snippet:-1","max-image-preview":"max-image-preview:large","max-video-preview":"max-video-preview:-1"},"canonical":"https:\/\/www.ivinio.com\/fr\/produit\/mas-gabinele-carton-melange-3x2-bouteilles\/","og_locale":"fr_FR","og_type":"article","og_title":"Mas Gabin\u00e8le - Carton m\u00e9lang\u00e9 - 3x2 bouteilles - IVINIO Caviste","og_description":"Mas Gabin\u00e8le - Carton de vin m\u00e9lang\u00e9 avec trois vins diff\u00e9rents du Mas Gabin\u00e8le, 2 bouteilles de chaque vari\u00e9t\u00e9 \u2013 deux vins blancs aux styles distincts et un vin rouge classique.","og_url":"https:\/\/www.ivinio.com\/fr\/produit\/mas-gabinele-carton-melange-3x2-bouteilles\/","og_site_name":"IVINIO Caviste","article_publisher":"https:\/\/www.facebook.com\/groups\/165217837022391\/?ref=bookmarks","article_modified_time":"2026-01-17T15:25:23+00:00","og_image":[{"width":500,"height":500,"url":"https:\/\/www.ivinio.com\/wp-content\/uploads\/2026\/01\/Mas-gabinele-mix-IVINIO.jpg","type":"image\/jpeg"}],"twitter_card":"summary_large_image","twitter_misc":{"Dur\u00e9e de lecture estim\u00e9e":"1 minute"},"schema":{"@context":"https:\/\/schema.org","@graph":[{"@type":"WebPage","@id":"https:\/\/www.ivinio.com\/fr\/produit\/mas-gabinele-carton-melange-3x2-bouteilles\/","url":"https:\/\/www.ivinio.com\/fr\/produit\/mas-gabinele-carton-melange-3x2-bouteilles\/","name":"Mas Gabin\u00e8le - Carton m\u00e9lang\u00e9 - 3x2 bouteilles - IVINIO Caviste","isPartOf":{"@id":"https:\/\/www.ivinio.com\/fr\/#website"},"primaryImageOfPage":{"@id":"https:\/\/www.ivinio.com\/fr\/produit\/mas-gabinele-carton-melange-3x2-bouteilles\/#primaryimage"},"image":{"@id":"https:\/\/www.ivinio.com\/fr\/produit\/mas-gabinele-carton-melange-3x2-bouteilles\/#primaryimage"},"thumbnailUrl":"https:\/\/www.ivinio.com\/wp-content\/uploads\/2026\/01\/Mas-gabinele-mix-IVINIO.jpg","datePublished":"2026-01-16T15:58:57+00:00","dateModified":"2026-01-17T15:25:23+00:00","description":"Mas Gabin\u00e8le - Carton de vin m\u00e9lang\u00e9 avec trois vins diff\u00e9rents du Mas Gabin\u00e8le, 2 bouteilles de chaque vari\u00e9t\u00e9 \u2013 deux vins blancs aux styles distincts et un vin rouge classique.","breadcrumb":{"@id":"https:\/\/www.ivinio.com\/fr\/produit\/mas-gabinele-carton-melange-3x2-bouteilles\/#breadcrumb"},"inLanguage":"fr-FR","potentialAction":[{"@type":"ReadAction","target":["https:\/\/www.ivinio.com\/fr\/produit\/mas-gabinele-carton-melange-3x2-bouteilles\/"]}]},{"@type":"ImageObject","inLanguage":"fr-FR","@id":"https:\/\/www.ivinio.com\/fr\/produit\/mas-gabinele-carton-melange-3x2-bouteilles\/#primaryimage","url":"https:\/\/www.ivinio.com\/wp-content\/uploads\/2026\/01\/Mas-gabinele-mix-IVINIO.jpg","contentUrl":"https:\/\/www.ivinio.com\/wp-content\/uploads\/2026\/01\/Mas-gabinele-mix-IVINIO.jpg","width":500,"height":500},{"@type":"BreadcrumbList","@id":"https:\/\/www.ivinio.com\/fr\/produit\/mas-gabinele-carton-melange-3x2-bouteilles\/#breadcrumb","itemListElement":[{"@type":"ListItem","position":1,"name":"Home","item":"https:\/\/www.ivinio.com\/fr\/"},{"@type":"ListItem","position":2,"name":"Boutique de vin","item":"https:\/\/www.ivinio.com\/fr\/boutique-de-vin\/"},{"@type":"ListItem","position":3,"name":"Mas Gabin\u00e8le &#8211; Carton m\u00e9lang\u00e9 &#8211; 3&#215;2 bouteilles"}]},{"@type":"WebSite","@id":"https:\/\/www.ivinio.com\/fr\/#website","url":"https:\/\/www.ivinio.com\/fr\/","name":"IVINIO Caviste","description":"Vins de France et d&#039;Italie avec livraison \u00e0 domicile","publisher":{"@id":"https:\/\/www.ivinio.com\/fr\/#organization"},"potentialAction":[{"@type":"SearchAction","target":{"@type":"EntryPoint","urlTemplate":"https:\/\/www.ivinio.com\/fr\/?s={search_term_string}"},"query-input":{"@type":"PropertyValueSpecification","valueRequired":true,"valueName":"search_term_string"}}],"inLanguage":"fr-FR"},{"@type":"Organization","@id":"https:\/\/www.ivinio.com\/fr\/#organization","name":"IVINIO","url":"https:\/\/www.ivinio.com\/fr\/","logo":{"@type":"ImageObject","inLanguage":"fr-FR","@id":"https:\/\/www.ivinio.com\/fr\/#\/schema\/logo\/image\/","url":"https:\/\/www.ivinio.com\/wp-content\/uploads\/2021\/01\/Logo-Ivinio-v2.jpg","contentUrl":"https:\/\/www.ivinio.com\/wp-content\/uploads\/2021\/01\/Logo-Ivinio-v2.jpg","width":1194,"height":1194,"caption":"IVINIO"},"image":{"@id":"https:\/\/www.ivinio.com\/fr\/#\/schema\/logo\/image\/"},"sameAs":["https:\/\/www.facebook.com\/groups\/165217837022391\/?ref=bookmarks","https:\/\/www.instagram.com\/_ivinio_\/?hl=fr"]}]}},"jetpack_sharing_enabled":true,"_links":{"self":[{"href":"https:\/\/www.ivinio.com\/fr\/wp-json\/wp\/v2\/product\/139324","targetHints":{"allow":["GET"]}}],"collection":[{"href":"https:\/\/www.ivinio.com\/fr\/wp-json\/wp\/v2\/product"}],"about":[{"href":"https:\/\/www.ivinio.com\/fr\/wp-json\/wp\/v2\/types\/product"}],"replies":[{"embeddable":true,"href":"https:\/\/www.ivinio.com\/fr\/wp-json\/wp\/v2\/comments?post=139324"}],"wp:featuredmedia":[{"embeddable":true,"href":"https:\/\/www.ivinio.com\/fr\/wp-json\/wp\/v2\/media\/139323"}],"wp:attachment":[{"href":"https:\/\/www.ivinio.com\/fr\/wp-json\/wp\/v2\/media?parent=139324"}],"wp:term":[{"taxonomy":"product_brand","embeddable":true,"href":"https:\/\/www.ivinio.com\/fr\/wp-json\/wp\/v2\/product_brand?post=139324"},{"taxonomy":"product_cat","embeddable":true,"href":"https:\/\/www.ivinio.com\/fr\/wp-json\/wp\/v2\/product_cat?post=139324"},{"taxonomy":"product_tag","embeddable":true,"href":"https:\/\/www.ivinio.com\/fr\/wp-json\/wp\/v2\/product_tag?post=139324"}],"curies":[{"name":"wp","href":"https:\/\/api.w.org\/{rel}","templated":true}]}}