{"id":139204,"date":"2022-12-07T19:05:59","date_gmt":"2022-12-07T18:05:59","guid":{"rendered":"https:\/\/www.ivinio.com\/product\/musella-amarone-della-valpolicella-riserva-rouge\/"},"modified":"2026-02-27T17:41:57","modified_gmt":"2026-02-27T16:41:57","slug":"musella-amarone-della-valpolicella-riserva-rouge","status":"publish","type":"product","link":"https:\/\/www.ivinio.com\/fr\/produit\/musella-amarone-della-valpolicella-riserva-rouge\/","title":{"rendered":"Musella &#8211; Amarone della Valpolicella &#8211; Riserva &#8211; Rouge"},"content":{"rendered":"<p>Musella &#8211; Amarone della Valpolicella &#8211; Riserva est un vin rouge biodynamique compos\u00e9 de 70 % de Corvina et Corvinone, 20 % de Rondinella et 10 % d\u2019Oseleta. Les raisins sont soigneusement s\u00e9lectionn\u00e9s, r\u00e9colt\u00e9s en petites caisses, puis plac\u00e9s dans une pi\u00e8ce ventil\u00e9e sp\u00e9cialement d\u00e9di\u00e9e o\u00f9 ils subissent le traditionnel processus d\u2019appassimento. Durant cette phase, les raisins perdent au moins 35 % de leur poids initial, ce qui concentre les sucres naturels, les ar\u00f4mes et les tanins nobles. Le pressurage a lieu en janvier, suivi d\u2019une fermentation lente \u00e0 basse temp\u00e9rature. Cette longue fermentation permet une extraction maximale du fruit. Le vin est ensuite \u00e9lev\u00e9 pendant 24 mois en f\u00fbts de ch\u00eane fran\u00e7ais ainsi qu\u2019en grands contenants (700, 1 500 et 3 500 litres). Apr\u00e8s la mise en bouteille, il b\u00e9n\u00e9ficie encore d\u2019une ann\u00e9e d\u2019affinage suppl\u00e9mentaire.<\/p>\n","protected":false},"excerpt":{"rendered":"<p>Musella Amarone della Valpolicella &#8211; Riserva pr\u00e9sente des ar\u00f4mes domin\u00e9s par des notes de fruits compot\u00e9s, de cerises \u00e0 l\u2019alcool et de cacao.<\/p>\n","protected":false},"featured_media":131972,"comment_status":"open","ping_status":"closed","template":"","meta":{"_monsterinsights_skip_tracking":false,"_monsterinsights_sitenote_active":false,"_monsterinsights_sitenote_note":"","_monsterinsights_sitenote_category":0,"_uf_show_specific_survey":0,"_uf_disable_surveys":false},"product_brand":[],"product_cat":[36592,36589],"product_tag":[],"class_list":{"0":"post-139204","1":"product","2":"type-product","3":"status-publish","4":"has-post-thumbnail","6":"product_cat-fr-veneto-friuli","7":"product_cat-vins-italiens","8":"pa_alcohol-degree-16-sv","9":"pa_classification-docg-amarone-della-valpolicella-sv","10":"pa_grape-variety-corvina","11":"pa_grape-variety-corvinone-sv","12":"pa_grape-variety-oseleta","13":"pa_grape-variety-rondinella-sv","14":"pa_region-veneto-sv","15":"pa_vintage-2018-sv","16":"pa_volume-75-cl-sv","18":"first","19":"instock","20":"taxable","21":"shipping-taxable","22":"purchasable","23":"product-type-simple"},"bundled_by":[],"bundle_stock_status":"instock","bundle_stock_quantity":null,"bundle_virtual":false,"bundle_layout":"","bundle_add_to_cart_form_location":"","bundle_editable_in_cart":false,"bundle_sold_individually_context":"","bundle_item_grouping":"","bundle_min_size":"","bundle_max_size":"","bundle_price":[],"bundled_items":[],"bundle_sell_ids":[],"yoast_head":"<!-- This site is optimized with the Yoast SEO plugin v27.4 - https:\/\/yoast.com\/product\/yoast-seo-wordpress\/ -->\n<title>Musella - Amarone della Valpolicella - Riserva - Rouge - IVINIO Caviste<\/title>\n<meta name=\"description\" content=\"Achetez Musella - Amarone della Valpolicella - Riserva. Ar\u00f4mes domin\u00e9s par des notes de fruits compot\u00e9s, de cerises \u00e0 l\u2019alcool et de cacao.\" \/>\n<meta name=\"robots\" content=\"index, follow, max-snippet:-1, max-image-preview:large, max-video-preview:-1\" \/>\n<link rel=\"canonical\" href=\"https:\/\/www.ivinio.com\/fr\/produit\/musella-amarone-della-valpolicella-riserva-rouge\/\" \/>\n<meta property=\"og:locale\" content=\"fr_FR\" \/>\n<meta property=\"og:type\" content=\"article\" \/>\n<meta property=\"og:title\" content=\"Musella - Amarone della Valpolicella - Riserva - Rouge - IVINIO Caviste\" \/>\n<meta property=\"og:description\" content=\"Achetez Musella - Amarone della Valpolicella - Riserva. Ar\u00f4mes domin\u00e9s par des notes de fruits compot\u00e9s, de cerises \u00e0 l\u2019alcool et de cacao.\" \/>\n<meta property=\"og:url\" content=\"https:\/\/www.ivinio.com\/fr\/produit\/musella-amarone-della-valpolicella-riserva-rouge\/\" \/>\n<meta property=\"og:site_name\" content=\"IVINIO Caviste\" \/>\n<meta property=\"article:publisher\" content=\"https:\/\/www.facebook.com\/groups\/165217837022391\/?ref=bookmarks\" \/>\n<meta property=\"article:modified_time\" content=\"2026-02-27T16:41:57+00:00\" \/>\n<meta property=\"og:image\" content=\"https:\/\/www.ivinio.com\/wp-content\/uploads\/2022\/12\/Musella-amarone-riserva-IVINIO.jpg\" \/>\n\t<meta property=\"og:image:width\" content=\"500\" \/>\n\t<meta property=\"og:image:height\" content=\"500\" \/>\n\t<meta property=\"og:image:type\" content=\"image\/jpeg\" \/>\n<meta name=\"twitter:card\" content=\"summary_large_image\" \/>\n<meta name=\"twitter:label1\" content=\"Dur\u00e9e de lecture estim\u00e9e\" \/>\n\t<meta name=\"twitter:data1\" content=\"1 minute\" \/>\n<script type=\"application\/ld+json\" class=\"yoast-schema-graph\">{\"@context\":\"https:\\\/\\\/schema.org\",\"@graph\":[{\"@type\":\"WebPage\",\"@id\":\"https:\\\/\\\/www.ivinio.com\\\/fr\\\/produit\\\/musella-amarone-della-valpolicella-riserva-rouge\\\/\",\"url\":\"https:\\\/\\\/www.ivinio.com\\\/fr\\\/produit\\\/musella-amarone-della-valpolicella-riserva-rouge\\\/\",\"name\":\"Musella - Amarone della Valpolicella - Riserva - Rouge - IVINIO Caviste\",\"isPartOf\":{\"@id\":\"https:\\\/\\\/www.ivinio.com\\\/fr\\\/#website\"},\"primaryImageOfPage\":{\"@id\":\"https:\\\/\\\/www.ivinio.com\\\/fr\\\/produit\\\/musella-amarone-della-valpolicella-riserva-rouge\\\/#primaryimage\"},\"image\":{\"@id\":\"https:\\\/\\\/www.ivinio.com\\\/fr\\\/produit\\\/musella-amarone-della-valpolicella-riserva-rouge\\\/#primaryimage\"},\"thumbnailUrl\":\"https:\\\/\\\/www.ivinio.com\\\/wp-content\\\/uploads\\\/2022\\\/12\\\/Musella-amarone-riserva-IVINIO.jpg\",\"datePublished\":\"2022-12-07T18:05:59+00:00\",\"dateModified\":\"2026-02-27T16:41:57+00:00\",\"description\":\"Achetez Musella - Amarone della Valpolicella - Riserva. Ar\u00f4mes domin\u00e9s par des notes de fruits compot\u00e9s, de cerises \u00e0 l\u2019alcool et de cacao.\",\"breadcrumb\":{\"@id\":\"https:\\\/\\\/www.ivinio.com\\\/fr\\\/produit\\\/musella-amarone-della-valpolicella-riserva-rouge\\\/#breadcrumb\"},\"inLanguage\":\"fr-FR\",\"potentialAction\":[{\"@type\":\"ReadAction\",\"target\":[\"https:\\\/\\\/www.ivinio.com\\\/fr\\\/produit\\\/musella-amarone-della-valpolicella-riserva-rouge\\\/\"]}]},{\"@type\":\"ImageObject\",\"inLanguage\":\"fr-FR\",\"@id\":\"https:\\\/\\\/www.ivinio.com\\\/fr\\\/produit\\\/musella-amarone-della-valpolicella-riserva-rouge\\\/#primaryimage\",\"url\":\"https:\\\/\\\/www.ivinio.com\\\/wp-content\\\/uploads\\\/2022\\\/12\\\/Musella-amarone-riserva-IVINIO.jpg\",\"contentUrl\":\"https:\\\/\\\/www.ivinio.com\\\/wp-content\\\/uploads\\\/2022\\\/12\\\/Musella-amarone-riserva-IVINIO.jpg\",\"width\":500,\"height\":500},{\"@type\":\"BreadcrumbList\",\"@id\":\"https:\\\/\\\/www.ivinio.com\\\/fr\\\/produit\\\/musella-amarone-della-valpolicella-riserva-rouge\\\/#breadcrumb\",\"itemListElement\":[{\"@type\":\"ListItem\",\"position\":1,\"name\":\"Home\",\"item\":\"https:\\\/\\\/www.ivinio.com\\\/fr\\\/\"},{\"@type\":\"ListItem\",\"position\":2,\"name\":\"Boutique de vin\",\"item\":\"https:\\\/\\\/www.ivinio.com\\\/fr\\\/boutique-de-vin\\\/\"},{\"@type\":\"ListItem\",\"position\":3,\"name\":\"Musella &#8211; Amarone della Valpolicella &#8211; Riserva &#8211; Rouge\"}]},{\"@type\":\"WebSite\",\"@id\":\"https:\\\/\\\/www.ivinio.com\\\/fr\\\/#website\",\"url\":\"https:\\\/\\\/www.ivinio.com\\\/fr\\\/\",\"name\":\"IVINIO Caviste\",\"description\":\"Vins de France et d&#039;Italie avec livraison \u00e0 domicile\",\"publisher\":{\"@id\":\"https:\\\/\\\/www.ivinio.com\\\/fr\\\/#organization\"},\"potentialAction\":[{\"@type\":\"SearchAction\",\"target\":{\"@type\":\"EntryPoint\",\"urlTemplate\":\"https:\\\/\\\/www.ivinio.com\\\/fr\\\/?s={search_term_string}\"},\"query-input\":{\"@type\":\"PropertyValueSpecification\",\"valueRequired\":true,\"valueName\":\"search_term_string\"}}],\"inLanguage\":\"fr-FR\"},{\"@type\":\"Organization\",\"@id\":\"https:\\\/\\\/www.ivinio.com\\\/fr\\\/#organization\",\"name\":\"IVINIO\",\"url\":\"https:\\\/\\\/www.ivinio.com\\\/fr\\\/\",\"logo\":{\"@type\":\"ImageObject\",\"inLanguage\":\"fr-FR\",\"@id\":\"https:\\\/\\\/www.ivinio.com\\\/fr\\\/#\\\/schema\\\/logo\\\/image\\\/\",\"url\":\"https:\\\/\\\/www.ivinio.com\\\/wp-content\\\/uploads\\\/2021\\\/01\\\/Logo-Ivinio-v2.jpg\",\"contentUrl\":\"https:\\\/\\\/www.ivinio.com\\\/wp-content\\\/uploads\\\/2021\\\/01\\\/Logo-Ivinio-v2.jpg\",\"width\":1194,\"height\":1194,\"caption\":\"IVINIO\"},\"image\":{\"@id\":\"https:\\\/\\\/www.ivinio.com\\\/fr\\\/#\\\/schema\\\/logo\\\/image\\\/\"},\"sameAs\":[\"https:\\\/\\\/www.facebook.com\\\/groups\\\/165217837022391\\\/?ref=bookmarks\",\"https:\\\/\\\/www.instagram.com\\\/_ivinio_\\\/?hl=fr\"]}]}<\/script>\n<!-- \/ Yoast SEO plugin. -->","yoast_head_json":{"title":"Musella - Amarone della Valpolicella - Riserva - Rouge - IVINIO Caviste","description":"Achetez Musella - Amarone della Valpolicella - Riserva. Ar\u00f4mes domin\u00e9s par des notes de fruits compot\u00e9s, de cerises \u00e0 l\u2019alcool et de cacao.","robots":{"index":"index","follow":"follow","max-snippet":"max-snippet:-1","max-image-preview":"max-image-preview:large","max-video-preview":"max-video-preview:-1"},"canonical":"https:\/\/www.ivinio.com\/fr\/produit\/musella-amarone-della-valpolicella-riserva-rouge\/","og_locale":"fr_FR","og_type":"article","og_title":"Musella - Amarone della Valpolicella - Riserva - Rouge - IVINIO Caviste","og_description":"Achetez Musella - Amarone della Valpolicella - Riserva. Ar\u00f4mes domin\u00e9s par des notes de fruits compot\u00e9s, de cerises \u00e0 l\u2019alcool et de cacao.","og_url":"https:\/\/www.ivinio.com\/fr\/produit\/musella-amarone-della-valpolicella-riserva-rouge\/","og_site_name":"IVINIO Caviste","article_publisher":"https:\/\/www.facebook.com\/groups\/165217837022391\/?ref=bookmarks","article_modified_time":"2026-02-27T16:41:57+00:00","og_image":[{"width":500,"height":500,"url":"https:\/\/www.ivinio.com\/wp-content\/uploads\/2022\/12\/Musella-amarone-riserva-IVINIO.jpg","type":"image\/jpeg"}],"twitter_card":"summary_large_image","twitter_misc":{"Dur\u00e9e de lecture estim\u00e9e":"1 minute"},"schema":{"@context":"https:\/\/schema.org","@graph":[{"@type":"WebPage","@id":"https:\/\/www.ivinio.com\/fr\/produit\/musella-amarone-della-valpolicella-riserva-rouge\/","url":"https:\/\/www.ivinio.com\/fr\/produit\/musella-amarone-della-valpolicella-riserva-rouge\/","name":"Musella - Amarone della Valpolicella - Riserva - Rouge - IVINIO Caviste","isPartOf":{"@id":"https:\/\/www.ivinio.com\/fr\/#website"},"primaryImageOfPage":{"@id":"https:\/\/www.ivinio.com\/fr\/produit\/musella-amarone-della-valpolicella-riserva-rouge\/#primaryimage"},"image":{"@id":"https:\/\/www.ivinio.com\/fr\/produit\/musella-amarone-della-valpolicella-riserva-rouge\/#primaryimage"},"thumbnailUrl":"https:\/\/www.ivinio.com\/wp-content\/uploads\/2022\/12\/Musella-amarone-riserva-IVINIO.jpg","datePublished":"2022-12-07T18:05:59+00:00","dateModified":"2026-02-27T16:41:57+00:00","description":"Achetez Musella - Amarone della Valpolicella - Riserva. Ar\u00f4mes domin\u00e9s par des notes de fruits compot\u00e9s, de cerises \u00e0 l\u2019alcool et de cacao.","breadcrumb":{"@id":"https:\/\/www.ivinio.com\/fr\/produit\/musella-amarone-della-valpolicella-riserva-rouge\/#breadcrumb"},"inLanguage":"fr-FR","potentialAction":[{"@type":"ReadAction","target":["https:\/\/www.ivinio.com\/fr\/produit\/musella-amarone-della-valpolicella-riserva-rouge\/"]}]},{"@type":"ImageObject","inLanguage":"fr-FR","@id":"https:\/\/www.ivinio.com\/fr\/produit\/musella-amarone-della-valpolicella-riserva-rouge\/#primaryimage","url":"https:\/\/www.ivinio.com\/wp-content\/uploads\/2022\/12\/Musella-amarone-riserva-IVINIO.jpg","contentUrl":"https:\/\/www.ivinio.com\/wp-content\/uploads\/2022\/12\/Musella-amarone-riserva-IVINIO.jpg","width":500,"height":500},{"@type":"BreadcrumbList","@id":"https:\/\/www.ivinio.com\/fr\/produit\/musella-amarone-della-valpolicella-riserva-rouge\/#breadcrumb","itemListElement":[{"@type":"ListItem","position":1,"name":"Home","item":"https:\/\/www.ivinio.com\/fr\/"},{"@type":"ListItem","position":2,"name":"Boutique de vin","item":"https:\/\/www.ivinio.com\/fr\/boutique-de-vin\/"},{"@type":"ListItem","position":3,"name":"Musella &#8211; Amarone della Valpolicella &#8211; Riserva &#8211; Rouge"}]},{"@type":"WebSite","@id":"https:\/\/www.ivinio.com\/fr\/#website","url":"https:\/\/www.ivinio.com\/fr\/","name":"IVINIO Caviste","description":"Vins de France et d&#039;Italie avec livraison \u00e0 domicile","publisher":{"@id":"https:\/\/www.ivinio.com\/fr\/#organization"},"potentialAction":[{"@type":"SearchAction","target":{"@type":"EntryPoint","urlTemplate":"https:\/\/www.ivinio.com\/fr\/?s={search_term_string}"},"query-input":{"@type":"PropertyValueSpecification","valueRequired":true,"valueName":"search_term_string"}}],"inLanguage":"fr-FR"},{"@type":"Organization","@id":"https:\/\/www.ivinio.com\/fr\/#organization","name":"IVINIO","url":"https:\/\/www.ivinio.com\/fr\/","logo":{"@type":"ImageObject","inLanguage":"fr-FR","@id":"https:\/\/www.ivinio.com\/fr\/#\/schema\/logo\/image\/","url":"https:\/\/www.ivinio.com\/wp-content\/uploads\/2021\/01\/Logo-Ivinio-v2.jpg","contentUrl":"https:\/\/www.ivinio.com\/wp-content\/uploads\/2021\/01\/Logo-Ivinio-v2.jpg","width":1194,"height":1194,"caption":"IVINIO"},"image":{"@id":"https:\/\/www.ivinio.com\/fr\/#\/schema\/logo\/image\/"},"sameAs":["https:\/\/www.facebook.com\/groups\/165217837022391\/?ref=bookmarks","https:\/\/www.instagram.com\/_ivinio_\/?hl=fr"]}]}},"jetpack_sharing_enabled":true,"_links":{"self":[{"href":"https:\/\/www.ivinio.com\/fr\/wp-json\/wp\/v2\/product\/139204","targetHints":{"allow":["GET"]}}],"collection":[{"href":"https:\/\/www.ivinio.com\/fr\/wp-json\/wp\/v2\/product"}],"about":[{"href":"https:\/\/www.ivinio.com\/fr\/wp-json\/wp\/v2\/types\/product"}],"replies":[{"embeddable":true,"href":"https:\/\/www.ivinio.com\/fr\/wp-json\/wp\/v2\/comments?post=139204"}],"wp:featuredmedia":[{"embeddable":true,"href":"https:\/\/www.ivinio.com\/fr\/wp-json\/wp\/v2\/media\/131972"}],"wp:attachment":[{"href":"https:\/\/www.ivinio.com\/fr\/wp-json\/wp\/v2\/media?parent=139204"}],"wp:term":[{"taxonomy":"product_brand","embeddable":true,"href":"https:\/\/www.ivinio.com\/fr\/wp-json\/wp\/v2\/product_brand?post=139204"},{"taxonomy":"product_cat","embeddable":true,"href":"https:\/\/www.ivinio.com\/fr\/wp-json\/wp\/v2\/product_cat?post=139204"},{"taxonomy":"product_tag","embeddable":true,"href":"https:\/\/www.ivinio.com\/fr\/wp-json\/wp\/v2\/product_tag?post=139204"}],"curies":[{"name":"wp","href":"https:\/\/api.w.org\/{rel}","templated":true}]}}