{"id":138958,"date":"2025-10-09T16:14:22","date_gmt":"2025-10-09T14:14:22","guid":{"rendered":"https:\/\/www.ivinio.com\/product\/domaine-vidal-fleury-blandad-vinlada-cotes-du-rhone-rouge\/"},"modified":"2025-12-27T00:25:48","modified_gmt":"2025-12-26T23:25:48","slug":"domaine-vidal-fleury-carton-decouverte-cotes-du-rhone-rouge","status":"publish","type":"product","link":"https:\/\/www.ivinio.com\/fr\/produit\/domaine-vidal-fleury-carton-decouverte-cotes-du-rhone-rouge\/","title":{"rendered":"Domaine Vidal Fleury &#8211; Carton d\u00e9couverte &#8211; C\u00f4tes-du Rh\u00f4ne &#8211; Rouge"},"content":{"rendered":"<p>Ce coffret mixte du Domaine Vidal-Fleury contient 3 bouteilles de C\u00f4tes-du-Rh\u00f4ne rouge et 3 bouteilles de C\u00f4tes-du-Rh\u00f4ne Villages. Une excellente occasion de go\u00fbter la diff\u00e9rence entre les deux appellations, toutes deux en rouge !<\/p>\n","protected":false},"excerpt":{"rendered":"<p>Ce coffret mixte vous permet de d\u00e9guster deux appellations diff\u00e9rentes de la Vall\u00e9e du Rh\u00f4ne.<\/p>\n","protected":false},"featured_media":138962,"comment_status":"open","ping_status":"closed","template":"","meta":{"_monsterinsights_skip_tracking":false,"_monsterinsights_sitenote_active":false,"_monsterinsights_sitenote_note":"","_monsterinsights_sitenote_category":0,"_uf_show_specific_survey":0,"_uf_disable_surveys":false},"product_brand":[],"product_cat":[36645],"product_tag":[],"class_list":{"0":"post-138958","1":"product","2":"type-product","3":"status-publish","4":"has-post-thumbnail","6":"product_cat-blandade-provsmakningslador","7":"pa_alcohol-degree-145-fr","8":"pa_awards-jeb-dunnuck","9":"pa_classification-aop-cotes-du-rhone-sv","10":"pa_classification-aop-cotes-du-rhone-villages-sv","11":"pa_grape-variety-grenache-sv","12":"pa_grape-variety-mourvedre-sv","13":"pa_grape-variety-syrah-sv","15":"first","16":"instock","17":"taxable","18":"shipping-taxable","19":"purchasable","20":"product-type-bundle"},"bundled_by":[],"bundle_stock_status":"instock","bundle_stock_quantity":"","bundle_virtual":false,"bundle_layout":"grid","bundle_add_to_cart_form_location":"after_summary","bundle_editable_in_cart":false,"bundle_sold_individually_context":"product","bundle_item_grouping":"noindent","bundle_min_size":"","bundle_max_size":"","bundle_price":{"price":{"min":{"incl_tax":"54.3","excl_tax":"54.25"},"max":{"incl_tax":"54.3","excl_tax":"54.25"}},"regular_price":{"min":{"incl_tax":"54.3","excl_tax":"54.25"},"max":{"incl_tax":"54.3","excl_tax":"54.25"}}},"bundled_items":[{"bundled_item_id":9221,"product_id":119001,"menu_order":0,"quantity_min":3,"quantity_max":3,"quantity_default":3,"priced_individually":false,"shipped_individually":false,"override_title":false,"title":"Domaine Vidal-Fleury C\u00f4tes-du-Rh\u00f4ne Villages &#8211; Rouge","override_description":false,"description":"Domaine Vidal-Fleury C\u00f4tes-du-Rh\u00f4ne Villages &#8211; Rouge","optional":false,"hide_thumbnail":false,"discount":"","override_variations":false,"allowed_variations":[""],"override_default_variation_attributes":false,"default_variation_attributes":[],"single_product_visibility":"visible","cart_visibility":"visible","order_visibility":"visible","single_product_price_visibility":"visible","cart_price_visibility":"visible","order_price_visibility":"visible","stock_status":"in_stock"},{"bundled_item_id":9222,"product_id":138930,"menu_order":1,"quantity_min":3,"quantity_max":3,"quantity_default":3,"priced_individually":false,"shipped_individually":false,"override_title":false,"title":"Domaine Vidal-Fleury C\u00f4tes-du-Rh\u00f4ne &#8211; Rouge","override_description":false,"description":"Domaine Vidal-Fleury C\u00f4tes-du-Rh\u00f4ne &#8211; Rouge","optional":false,"hide_thumbnail":false,"discount":"","override_variations":false,"allowed_variations":[""],"override_default_variation_attributes":false,"default_variation_attributes":[],"single_product_visibility":"visible","cart_visibility":"visible","order_visibility":"visible","single_product_price_visibility":"visible","cart_price_visibility":"visible","order_price_visibility":"visible","stock_status":"in_stock"}],"bundle_sell_ids":[],"yoast_head":"<!-- This site is optimized with the Yoast SEO plugin v27.3 - https:\/\/yoast.com\/product\/yoast-seo-wordpress\/ -->\n<title>Domaine Vidal Fleury - Carton d\u00e9couverte - C\u00f4tes-du Rh\u00f4ne - Rouge - IVINIO Caviste<\/title>\n<meta name=\"description\" content=\"Domaine Vidal Fleury - Coffret mixte C\u00f4tes-du-Rh\u00f4ne - Vin rouge. 3 bouteilles de C\u00f4tes-du-Rh\u00f4ne et 3 bouteilles de C\u00f4tes-du-Rh\u00f4ne Villages\" \/>\n<meta name=\"robots\" content=\"index, follow, max-snippet:-1, max-image-preview:large, max-video-preview:-1\" \/>\n<link rel=\"canonical\" href=\"https:\/\/www.ivinio.com\/fr\/produit\/domaine-vidal-fleury-carton-decouverte-cotes-du-rhone-rouge\/\" \/>\n<meta property=\"og:locale\" content=\"fr_FR\" \/>\n<meta property=\"og:type\" content=\"article\" \/>\n<meta property=\"og:title\" content=\"Domaine Vidal Fleury - Carton d\u00e9couverte - C\u00f4tes-du Rh\u00f4ne - Rouge - IVINIO Caviste\" \/>\n<meta property=\"og:description\" content=\"Domaine Vidal Fleury - Coffret mixte C\u00f4tes-du-Rh\u00f4ne - Vin rouge. 3 bouteilles de C\u00f4tes-du-Rh\u00f4ne et 3 bouteilles de C\u00f4tes-du-Rh\u00f4ne Villages\" \/>\n<meta property=\"og:url\" content=\"https:\/\/www.ivinio.com\/fr\/produit\/domaine-vidal-fleury-carton-decouverte-cotes-du-rhone-rouge\/\" \/>\n<meta property=\"og:site_name\" content=\"IVINIO Caviste\" \/>\n<meta property=\"article:publisher\" content=\"https:\/\/www.facebook.com\/groups\/165217837022391\/?ref=bookmarks\" \/>\n<meta property=\"article:modified_time\" content=\"2025-12-26T23:25:48+00:00\" \/>\n<meta property=\"og:image\" content=\"https:\/\/www.ivinio.com\/wp-content\/uploads\/2025\/10\/vidal-fleury-Cotes-du-Rhone-mix-IVINIO-1.jpg\" \/>\n\t<meta property=\"og:image:width\" content=\"500\" \/>\n\t<meta property=\"og:image:height\" content=\"500\" \/>\n\t<meta property=\"og:image:type\" content=\"image\/jpeg\" \/>\n<meta name=\"twitter:card\" content=\"summary_large_image\" \/>\n<meta name=\"twitter:label1\" content=\"Dur\u00e9e de lecture estim\u00e9e\" \/>\n\t<meta name=\"twitter:data1\" content=\"1 minute\" \/>\n<script type=\"application\/ld+json\" class=\"yoast-schema-graph\">{\"@context\":\"https:\\\/\\\/schema.org\",\"@graph\":[{\"@type\":\"WebPage\",\"@id\":\"https:\\\/\\\/www.ivinio.com\\\/fr\\\/produit\\\/domaine-vidal-fleury-carton-decouverte-cotes-du-rhone-rouge\\\/\",\"url\":\"https:\\\/\\\/www.ivinio.com\\\/fr\\\/produit\\\/domaine-vidal-fleury-carton-decouverte-cotes-du-rhone-rouge\\\/\",\"name\":\"Domaine Vidal Fleury - Carton d\u00e9couverte - C\u00f4tes-du Rh\u00f4ne - Rouge - IVINIO Caviste\",\"isPartOf\":{\"@id\":\"https:\\\/\\\/www.ivinio.com\\\/fr\\\/#website\"},\"primaryImageOfPage\":{\"@id\":\"https:\\\/\\\/www.ivinio.com\\\/fr\\\/produit\\\/domaine-vidal-fleury-carton-decouverte-cotes-du-rhone-rouge\\\/#primaryimage\"},\"image\":{\"@id\":\"https:\\\/\\\/www.ivinio.com\\\/fr\\\/produit\\\/domaine-vidal-fleury-carton-decouverte-cotes-du-rhone-rouge\\\/#primaryimage\"},\"thumbnailUrl\":\"https:\\\/\\\/www.ivinio.com\\\/wp-content\\\/uploads\\\/2025\\\/10\\\/vidal-fleury-Cotes-du-Rhone-mix-IVINIO-1.jpg\",\"datePublished\":\"2025-10-09T14:14:22+00:00\",\"dateModified\":\"2025-12-26T23:25:48+00:00\",\"description\":\"Domaine Vidal Fleury - Coffret mixte C\u00f4tes-du-Rh\u00f4ne - Vin rouge. 3 bouteilles de C\u00f4tes-du-Rh\u00f4ne et 3 bouteilles de C\u00f4tes-du-Rh\u00f4ne Villages\",\"breadcrumb\":{\"@id\":\"https:\\\/\\\/www.ivinio.com\\\/fr\\\/produit\\\/domaine-vidal-fleury-carton-decouverte-cotes-du-rhone-rouge\\\/#breadcrumb\"},\"inLanguage\":\"fr-FR\",\"potentialAction\":[{\"@type\":\"ReadAction\",\"target\":[\"https:\\\/\\\/www.ivinio.com\\\/fr\\\/produit\\\/domaine-vidal-fleury-carton-decouverte-cotes-du-rhone-rouge\\\/\"]}]},{\"@type\":\"ImageObject\",\"inLanguage\":\"fr-FR\",\"@id\":\"https:\\\/\\\/www.ivinio.com\\\/fr\\\/produit\\\/domaine-vidal-fleury-carton-decouverte-cotes-du-rhone-rouge\\\/#primaryimage\",\"url\":\"https:\\\/\\\/www.ivinio.com\\\/wp-content\\\/uploads\\\/2025\\\/10\\\/vidal-fleury-Cotes-du-Rhone-mix-IVINIO-1.jpg\",\"contentUrl\":\"https:\\\/\\\/www.ivinio.com\\\/wp-content\\\/uploads\\\/2025\\\/10\\\/vidal-fleury-Cotes-du-Rhone-mix-IVINIO-1.jpg\",\"width\":500,\"height\":500},{\"@type\":\"BreadcrumbList\",\"@id\":\"https:\\\/\\\/www.ivinio.com\\\/fr\\\/produit\\\/domaine-vidal-fleury-carton-decouverte-cotes-du-rhone-rouge\\\/#breadcrumb\",\"itemListElement\":[{\"@type\":\"ListItem\",\"position\":1,\"name\":\"Home\",\"item\":\"https:\\\/\\\/www.ivinio.com\\\/fr\\\/\"},{\"@type\":\"ListItem\",\"position\":2,\"name\":\"Boutique de vin\",\"item\":\"https:\\\/\\\/www.ivinio.com\\\/fr\\\/boutique-de-vin\\\/\"},{\"@type\":\"ListItem\",\"position\":3,\"name\":\"Domaine Vidal Fleury &#8211; Carton d\u00e9couverte &#8211; C\u00f4tes-du Rh\u00f4ne &#8211; Rouge\"}]},{\"@type\":\"WebSite\",\"@id\":\"https:\\\/\\\/www.ivinio.com\\\/fr\\\/#website\",\"url\":\"https:\\\/\\\/www.ivinio.com\\\/fr\\\/\",\"name\":\"IVINIO Caviste\",\"description\":\"Vins de France et d&#039;Italie avec livraison \u00e0 domicile\",\"publisher\":{\"@id\":\"https:\\\/\\\/www.ivinio.com\\\/fr\\\/#organization\"},\"potentialAction\":[{\"@type\":\"SearchAction\",\"target\":{\"@type\":\"EntryPoint\",\"urlTemplate\":\"https:\\\/\\\/www.ivinio.com\\\/fr\\\/?s={search_term_string}\"},\"query-input\":{\"@type\":\"PropertyValueSpecification\",\"valueRequired\":true,\"valueName\":\"search_term_string\"}}],\"inLanguage\":\"fr-FR\"},{\"@type\":\"Organization\",\"@id\":\"https:\\\/\\\/www.ivinio.com\\\/fr\\\/#organization\",\"name\":\"IVINIO\",\"url\":\"https:\\\/\\\/www.ivinio.com\\\/fr\\\/\",\"logo\":{\"@type\":\"ImageObject\",\"inLanguage\":\"fr-FR\",\"@id\":\"https:\\\/\\\/www.ivinio.com\\\/fr\\\/#\\\/schema\\\/logo\\\/image\\\/\",\"url\":\"https:\\\/\\\/www.ivinio.com\\\/wp-content\\\/uploads\\\/2021\\\/01\\\/Logo-Ivinio-v2.jpg\",\"contentUrl\":\"https:\\\/\\\/www.ivinio.com\\\/wp-content\\\/uploads\\\/2021\\\/01\\\/Logo-Ivinio-v2.jpg\",\"width\":1194,\"height\":1194,\"caption\":\"IVINIO\"},\"image\":{\"@id\":\"https:\\\/\\\/www.ivinio.com\\\/fr\\\/#\\\/schema\\\/logo\\\/image\\\/\"},\"sameAs\":[\"https:\\\/\\\/www.facebook.com\\\/groups\\\/165217837022391\\\/?ref=bookmarks\",\"https:\\\/\\\/www.instagram.com\\\/_ivinio_\\\/?hl=fr\"]}]}<\/script>\n<!-- \/ Yoast SEO plugin. -->","yoast_head_json":{"title":"Domaine Vidal Fleury - Carton d\u00e9couverte - C\u00f4tes-du Rh\u00f4ne - Rouge - IVINIO Caviste","description":"Domaine Vidal Fleury - Coffret mixte C\u00f4tes-du-Rh\u00f4ne - Vin rouge. 3 bouteilles de C\u00f4tes-du-Rh\u00f4ne et 3 bouteilles de C\u00f4tes-du-Rh\u00f4ne Villages","robots":{"index":"index","follow":"follow","max-snippet":"max-snippet:-1","max-image-preview":"max-image-preview:large","max-video-preview":"max-video-preview:-1"},"canonical":"https:\/\/www.ivinio.com\/fr\/produit\/domaine-vidal-fleury-carton-decouverte-cotes-du-rhone-rouge\/","og_locale":"fr_FR","og_type":"article","og_title":"Domaine Vidal Fleury - Carton d\u00e9couverte - C\u00f4tes-du Rh\u00f4ne - Rouge - IVINIO Caviste","og_description":"Domaine Vidal Fleury - Coffret mixte C\u00f4tes-du-Rh\u00f4ne - Vin rouge. 3 bouteilles de C\u00f4tes-du-Rh\u00f4ne et 3 bouteilles de C\u00f4tes-du-Rh\u00f4ne Villages","og_url":"https:\/\/www.ivinio.com\/fr\/produit\/domaine-vidal-fleury-carton-decouverte-cotes-du-rhone-rouge\/","og_site_name":"IVINIO Caviste","article_publisher":"https:\/\/www.facebook.com\/groups\/165217837022391\/?ref=bookmarks","article_modified_time":"2025-12-26T23:25:48+00:00","og_image":[{"width":500,"height":500,"url":"https:\/\/www.ivinio.com\/wp-content\/uploads\/2025\/10\/vidal-fleury-Cotes-du-Rhone-mix-IVINIO-1.jpg","type":"image\/jpeg"}],"twitter_card":"summary_large_image","twitter_misc":{"Dur\u00e9e de lecture estim\u00e9e":"1 minute"},"schema":{"@context":"https:\/\/schema.org","@graph":[{"@type":"WebPage","@id":"https:\/\/www.ivinio.com\/fr\/produit\/domaine-vidal-fleury-carton-decouverte-cotes-du-rhone-rouge\/","url":"https:\/\/www.ivinio.com\/fr\/produit\/domaine-vidal-fleury-carton-decouverte-cotes-du-rhone-rouge\/","name":"Domaine Vidal Fleury - Carton d\u00e9couverte - C\u00f4tes-du Rh\u00f4ne - Rouge - IVINIO Caviste","isPartOf":{"@id":"https:\/\/www.ivinio.com\/fr\/#website"},"primaryImageOfPage":{"@id":"https:\/\/www.ivinio.com\/fr\/produit\/domaine-vidal-fleury-carton-decouverte-cotes-du-rhone-rouge\/#primaryimage"},"image":{"@id":"https:\/\/www.ivinio.com\/fr\/produit\/domaine-vidal-fleury-carton-decouverte-cotes-du-rhone-rouge\/#primaryimage"},"thumbnailUrl":"https:\/\/www.ivinio.com\/wp-content\/uploads\/2025\/10\/vidal-fleury-Cotes-du-Rhone-mix-IVINIO-1.jpg","datePublished":"2025-10-09T14:14:22+00:00","dateModified":"2025-12-26T23:25:48+00:00","description":"Domaine Vidal Fleury - Coffret mixte C\u00f4tes-du-Rh\u00f4ne - Vin rouge. 3 bouteilles de C\u00f4tes-du-Rh\u00f4ne et 3 bouteilles de C\u00f4tes-du-Rh\u00f4ne Villages","breadcrumb":{"@id":"https:\/\/www.ivinio.com\/fr\/produit\/domaine-vidal-fleury-carton-decouverte-cotes-du-rhone-rouge\/#breadcrumb"},"inLanguage":"fr-FR","potentialAction":[{"@type":"ReadAction","target":["https:\/\/www.ivinio.com\/fr\/produit\/domaine-vidal-fleury-carton-decouverte-cotes-du-rhone-rouge\/"]}]},{"@type":"ImageObject","inLanguage":"fr-FR","@id":"https:\/\/www.ivinio.com\/fr\/produit\/domaine-vidal-fleury-carton-decouverte-cotes-du-rhone-rouge\/#primaryimage","url":"https:\/\/www.ivinio.com\/wp-content\/uploads\/2025\/10\/vidal-fleury-Cotes-du-Rhone-mix-IVINIO-1.jpg","contentUrl":"https:\/\/www.ivinio.com\/wp-content\/uploads\/2025\/10\/vidal-fleury-Cotes-du-Rhone-mix-IVINIO-1.jpg","width":500,"height":500},{"@type":"BreadcrumbList","@id":"https:\/\/www.ivinio.com\/fr\/produit\/domaine-vidal-fleury-carton-decouverte-cotes-du-rhone-rouge\/#breadcrumb","itemListElement":[{"@type":"ListItem","position":1,"name":"Home","item":"https:\/\/www.ivinio.com\/fr\/"},{"@type":"ListItem","position":2,"name":"Boutique de vin","item":"https:\/\/www.ivinio.com\/fr\/boutique-de-vin\/"},{"@type":"ListItem","position":3,"name":"Domaine Vidal Fleury &#8211; Carton d\u00e9couverte &#8211; C\u00f4tes-du Rh\u00f4ne &#8211; Rouge"}]},{"@type":"WebSite","@id":"https:\/\/www.ivinio.com\/fr\/#website","url":"https:\/\/www.ivinio.com\/fr\/","name":"IVINIO Caviste","description":"Vins de France et d&#039;Italie avec livraison \u00e0 domicile","publisher":{"@id":"https:\/\/www.ivinio.com\/fr\/#organization"},"potentialAction":[{"@type":"SearchAction","target":{"@type":"EntryPoint","urlTemplate":"https:\/\/www.ivinio.com\/fr\/?s={search_term_string}"},"query-input":{"@type":"PropertyValueSpecification","valueRequired":true,"valueName":"search_term_string"}}],"inLanguage":"fr-FR"},{"@type":"Organization","@id":"https:\/\/www.ivinio.com\/fr\/#organization","name":"IVINIO","url":"https:\/\/www.ivinio.com\/fr\/","logo":{"@type":"ImageObject","inLanguage":"fr-FR","@id":"https:\/\/www.ivinio.com\/fr\/#\/schema\/logo\/image\/","url":"https:\/\/www.ivinio.com\/wp-content\/uploads\/2021\/01\/Logo-Ivinio-v2.jpg","contentUrl":"https:\/\/www.ivinio.com\/wp-content\/uploads\/2021\/01\/Logo-Ivinio-v2.jpg","width":1194,"height":1194,"caption":"IVINIO"},"image":{"@id":"https:\/\/www.ivinio.com\/fr\/#\/schema\/logo\/image\/"},"sameAs":["https:\/\/www.facebook.com\/groups\/165217837022391\/?ref=bookmarks","https:\/\/www.instagram.com\/_ivinio_\/?hl=fr"]}]}},"jetpack_sharing_enabled":true,"_links":{"self":[{"href":"https:\/\/www.ivinio.com\/fr\/wp-json\/wp\/v2\/product\/138958","targetHints":{"allow":["GET"]}}],"collection":[{"href":"https:\/\/www.ivinio.com\/fr\/wp-json\/wp\/v2\/product"}],"about":[{"href":"https:\/\/www.ivinio.com\/fr\/wp-json\/wp\/v2\/types\/product"}],"replies":[{"embeddable":true,"href":"https:\/\/www.ivinio.com\/fr\/wp-json\/wp\/v2\/comments?post=138958"}],"wp:featuredmedia":[{"embeddable":true,"href":"https:\/\/www.ivinio.com\/fr\/wp-json\/wp\/v2\/media\/138962"}],"wp:attachment":[{"href":"https:\/\/www.ivinio.com\/fr\/wp-json\/wp\/v2\/media?parent=138958"}],"wp:term":[{"taxonomy":"product_brand","embeddable":true,"href":"https:\/\/www.ivinio.com\/fr\/wp-json\/wp\/v2\/product_brand?post=138958"},{"taxonomy":"product_cat","embeddable":true,"href":"https:\/\/www.ivinio.com\/fr\/wp-json\/wp\/v2\/product_cat?post=138958"},{"taxonomy":"product_tag","embeddable":true,"href":"https:\/\/www.ivinio.com\/fr\/wp-json\/wp\/v2\/product_tag?post=138958"}],"curies":[{"name":"wp","href":"https:\/\/api.w.org\/{rel}","templated":true}]}}