{"id":138930,"date":"2025-10-09T12:02:30","date_gmt":"2025-10-09T10:02:30","guid":{"rendered":"https:\/\/www.ivinio.com\/?post_type=product&#038;p=138930"},"modified":"2025-12-27T00:25:45","modified_gmt":"2025-12-26T23:25:45","slug":"domaine-vidal-fleury-cotes-du-rhone-rouge","status":"publish","type":"product","link":"https:\/\/www.ivinio.com\/fr\/produit\/domaine-vidal-fleury-cotes-du-rhone-rouge\/","title":{"rendered":"Domaine Vidal-Fleury C\u00f4tes-du-Rh\u00f4ne &#8211; Rouge"},"content":{"rendered":"<p>Domaine Vidal-Fleury C\u00f4tes-du-Rh\u00f4ne &#8211; Vin rouge \u00e9labor\u00e9 \u00e0 partir de Grenache, Syrah et Mourv\u00e8dre. Ce vin est cultiv\u00e9 sur la rive droite du Rh\u00f4ne, dans le sud-est de l&#8217;Ard\u00e8che. Ses sols, expos\u00e9s au fleuve, sont argileux et constitu\u00e9s d&#8217;alluvions caillouteuses. Le climat est m\u00e9diterran\u00e9en, influenc\u00e9 par le mistral. Ce vin est \u00e9labor\u00e9 \u00e0 partir de raisins \u00e9grapp\u00e9s. Fermentation alcoolique \u00e0 temp\u00e9rature contr\u00f4l\u00e9e et \u00e9levage de trois \u00e0 quatre semaines selon le c\u00e9page.\u00a070 % du vin est \u00e9lev\u00e9 sur lies en cuves inox, 20 % en f\u00fbts et 10 % en f\u00fbts de ch\u00eane.<\/p>\n","protected":false},"excerpt":{"rendered":"<p>C\u00f4tes-du-Rh\u00f4ne \u00e9labor\u00e9 principalement \u00e0 partir de Grenache, mais aussi de Syrah et de Mourv\u00e8dre. Un vin de qualit\u00e9, issu de la plus ancienne maison de la Vall\u00e9e du Rh\u00f4ne encore en activit\u00e9\u00a0!<\/p>\n","protected":false},"featured_media":138933,"comment_status":"open","ping_status":"closed","template":"","meta":{"_monsterinsights_skip_tracking":false,"_monsterinsights_sitenote_active":false,"_monsterinsights_sitenote_note":"","_monsterinsights_sitenote_category":0,"_uf_show_specific_survey":0,"_uf_disable_surveys":false},"product_brand":[],"product_cat":[36619,36586],"product_tag":[],"class_list":{"0":"post-138930","1":"product","2":"type-product","3":"status-publish","4":"has-post-thumbnail","6":"product_cat-fr-cotes-du-rhone","7":"product_cat-vins-francais","8":"pa_alcohol-degree-145-fr","9":"pa_awards-jeb-dunnuck-fr","10":"pa_classification-aop-cotes-du-rhone-fr","11":"pa_grape-variety-grenache-fr","12":"pa_grape-variety-mourvedre-fr","13":"pa_grape-variety-syrah-fr","14":"pa_vintage-2022-fr","15":"pa_volume-75-cl-fr","17":"first","18":"instock","19":"taxable","20":"shipping-taxable","21":"purchasable","22":"product-type-simple"},"bundled_by":["138958"],"bundle_stock_status":"instock","bundle_stock_quantity":null,"bundle_virtual":false,"bundle_layout":"","bundle_add_to_cart_form_location":"","bundle_editable_in_cart":false,"bundle_sold_individually_context":"","bundle_item_grouping":"","bundle_min_size":"","bundle_max_size":"","bundle_price":[],"bundled_items":[],"bundle_sell_ids":[],"yoast_head":"<!-- This site is optimized with the Yoast SEO plugin v27.3 - https:\/\/yoast.com\/product\/yoast-seo-wordpress\/ -->\n<title>Acheter Vidal-Fleury C\u00f4tes-du-Rh\u00f4ne - IVINIO Caviste<\/title>\n<meta name=\"description\" content=\"Vidal-Fleury C\u00f4tes-du-Rh\u00f4ne. Ar\u00f4mes de fruits rouges confits, de poivre noir et de thym. Bouche ronde avec une structure tannique pr\u00e9sente et \u00e9quilibr\u00e9e.\" \/>\n<meta name=\"robots\" content=\"index, follow, max-snippet:-1, max-image-preview:large, max-video-preview:-1\" \/>\n<link rel=\"canonical\" href=\"https:\/\/www.ivinio.com\/fr\/produit\/domaine-vidal-fleury-cotes-du-rhone-rouge\/\" \/>\n<meta property=\"og:locale\" content=\"fr_FR\" \/>\n<meta property=\"og:type\" content=\"article\" \/>\n<meta property=\"og:title\" content=\"Acheter Vidal-Fleury C\u00f4tes-du-Rh\u00f4ne - IVINIO Caviste\" \/>\n<meta property=\"og:description\" content=\"Vidal-Fleury C\u00f4tes-du-Rh\u00f4ne. Ar\u00f4mes de fruits rouges confits, de poivre noir et de thym. Bouche ronde avec une structure tannique pr\u00e9sente et \u00e9quilibr\u00e9e.\" \/>\n<meta property=\"og:url\" content=\"https:\/\/www.ivinio.com\/fr\/produit\/domaine-vidal-fleury-cotes-du-rhone-rouge\/\" \/>\n<meta property=\"og:site_name\" content=\"IVINIO Caviste\" \/>\n<meta property=\"article:publisher\" content=\"https:\/\/www.facebook.com\/groups\/165217837022391\/?ref=bookmarks\" \/>\n<meta property=\"article:modified_time\" content=\"2025-12-26T23:25:45+00:00\" \/>\n<meta property=\"og:image\" content=\"https:\/\/www.ivinio.com\/wp-content\/uploads\/2025\/10\/vidal-fleury-Cotes-du-Rhone.jpg\" \/>\n\t<meta property=\"og:image:width\" content=\"500\" \/>\n\t<meta property=\"og:image:height\" content=\"500\" \/>\n\t<meta property=\"og:image:type\" content=\"image\/jpeg\" \/>\n<meta name=\"twitter:card\" content=\"summary_large_image\" \/>\n<meta name=\"twitter:label1\" content=\"Dur\u00e9e de lecture estim\u00e9e\" \/>\n\t<meta name=\"twitter:data1\" content=\"1 minute\" \/>\n<script type=\"application\/ld+json\" class=\"yoast-schema-graph\">{\"@context\":\"https:\\\/\\\/schema.org\",\"@graph\":[{\"@type\":\"WebPage\",\"@id\":\"https:\\\/\\\/www.ivinio.com\\\/fr\\\/produit\\\/domaine-vidal-fleury-cotes-du-rhone-rouge\\\/\",\"url\":\"https:\\\/\\\/www.ivinio.com\\\/fr\\\/produit\\\/domaine-vidal-fleury-cotes-du-rhone-rouge\\\/\",\"name\":\"Acheter Vidal-Fleury C\u00f4tes-du-Rh\u00f4ne - IVINIO Caviste\",\"isPartOf\":{\"@id\":\"https:\\\/\\\/www.ivinio.com\\\/fr\\\/#website\"},\"primaryImageOfPage\":{\"@id\":\"https:\\\/\\\/www.ivinio.com\\\/fr\\\/produit\\\/domaine-vidal-fleury-cotes-du-rhone-rouge\\\/#primaryimage\"},\"image\":{\"@id\":\"https:\\\/\\\/www.ivinio.com\\\/fr\\\/produit\\\/domaine-vidal-fleury-cotes-du-rhone-rouge\\\/#primaryimage\"},\"thumbnailUrl\":\"https:\\\/\\\/www.ivinio.com\\\/wp-content\\\/uploads\\\/2025\\\/10\\\/vidal-fleury-Cotes-du-Rhone.jpg\",\"datePublished\":\"2025-10-09T10:02:30+00:00\",\"dateModified\":\"2025-12-26T23:25:45+00:00\",\"description\":\"Vidal-Fleury C\u00f4tes-du-Rh\u00f4ne. Ar\u00f4mes de fruits rouges confits, de poivre noir et de thym. Bouche ronde avec une structure tannique pr\u00e9sente et \u00e9quilibr\u00e9e.\",\"breadcrumb\":{\"@id\":\"https:\\\/\\\/www.ivinio.com\\\/fr\\\/produit\\\/domaine-vidal-fleury-cotes-du-rhone-rouge\\\/#breadcrumb\"},\"inLanguage\":\"fr-FR\",\"potentialAction\":[{\"@type\":\"ReadAction\",\"target\":[\"https:\\\/\\\/www.ivinio.com\\\/fr\\\/produit\\\/domaine-vidal-fleury-cotes-du-rhone-rouge\\\/\"]}]},{\"@type\":\"ImageObject\",\"inLanguage\":\"fr-FR\",\"@id\":\"https:\\\/\\\/www.ivinio.com\\\/fr\\\/produit\\\/domaine-vidal-fleury-cotes-du-rhone-rouge\\\/#primaryimage\",\"url\":\"https:\\\/\\\/www.ivinio.com\\\/wp-content\\\/uploads\\\/2025\\\/10\\\/vidal-fleury-Cotes-du-Rhone.jpg\",\"contentUrl\":\"https:\\\/\\\/www.ivinio.com\\\/wp-content\\\/uploads\\\/2025\\\/10\\\/vidal-fleury-Cotes-du-Rhone.jpg\",\"width\":500,\"height\":500},{\"@type\":\"BreadcrumbList\",\"@id\":\"https:\\\/\\\/www.ivinio.com\\\/fr\\\/produit\\\/domaine-vidal-fleury-cotes-du-rhone-rouge\\\/#breadcrumb\",\"itemListElement\":[{\"@type\":\"ListItem\",\"position\":1,\"name\":\"Home\",\"item\":\"https:\\\/\\\/www.ivinio.com\\\/fr\\\/\"},{\"@type\":\"ListItem\",\"position\":2,\"name\":\"Boutique de vin\",\"item\":\"https:\\\/\\\/www.ivinio.com\\\/fr\\\/boutique-de-vin\\\/\"},{\"@type\":\"ListItem\",\"position\":3,\"name\":\"Domaine Vidal-Fleury C\u00f4tes-du-Rh\u00f4ne &#8211; Rouge\"}]},{\"@type\":\"WebSite\",\"@id\":\"https:\\\/\\\/www.ivinio.com\\\/fr\\\/#website\",\"url\":\"https:\\\/\\\/www.ivinio.com\\\/fr\\\/\",\"name\":\"IVINIO Caviste\",\"description\":\"Vins de France et d&#039;Italie avec livraison \u00e0 domicile\",\"publisher\":{\"@id\":\"https:\\\/\\\/www.ivinio.com\\\/fr\\\/#organization\"},\"potentialAction\":[{\"@type\":\"SearchAction\",\"target\":{\"@type\":\"EntryPoint\",\"urlTemplate\":\"https:\\\/\\\/www.ivinio.com\\\/fr\\\/?s={search_term_string}\"},\"query-input\":{\"@type\":\"PropertyValueSpecification\",\"valueRequired\":true,\"valueName\":\"search_term_string\"}}],\"inLanguage\":\"fr-FR\"},{\"@type\":\"Organization\",\"@id\":\"https:\\\/\\\/www.ivinio.com\\\/fr\\\/#organization\",\"name\":\"IVINIO\",\"url\":\"https:\\\/\\\/www.ivinio.com\\\/fr\\\/\",\"logo\":{\"@type\":\"ImageObject\",\"inLanguage\":\"fr-FR\",\"@id\":\"https:\\\/\\\/www.ivinio.com\\\/fr\\\/#\\\/schema\\\/logo\\\/image\\\/\",\"url\":\"https:\\\/\\\/www.ivinio.com\\\/wp-content\\\/uploads\\\/2021\\\/01\\\/Logo-Ivinio-v2.jpg\",\"contentUrl\":\"https:\\\/\\\/www.ivinio.com\\\/wp-content\\\/uploads\\\/2021\\\/01\\\/Logo-Ivinio-v2.jpg\",\"width\":1194,\"height\":1194,\"caption\":\"IVINIO\"},\"image\":{\"@id\":\"https:\\\/\\\/www.ivinio.com\\\/fr\\\/#\\\/schema\\\/logo\\\/image\\\/\"},\"sameAs\":[\"https:\\\/\\\/www.facebook.com\\\/groups\\\/165217837022391\\\/?ref=bookmarks\",\"https:\\\/\\\/www.instagram.com\\\/_ivinio_\\\/?hl=fr\"]}]}<\/script>\n<!-- \/ Yoast SEO plugin. -->","yoast_head_json":{"title":"Acheter Vidal-Fleury C\u00f4tes-du-Rh\u00f4ne - IVINIO Caviste","description":"Vidal-Fleury C\u00f4tes-du-Rh\u00f4ne. Ar\u00f4mes de fruits rouges confits, de poivre noir et de thym. Bouche ronde avec une structure tannique pr\u00e9sente et \u00e9quilibr\u00e9e.","robots":{"index":"index","follow":"follow","max-snippet":"max-snippet:-1","max-image-preview":"max-image-preview:large","max-video-preview":"max-video-preview:-1"},"canonical":"https:\/\/www.ivinio.com\/fr\/produit\/domaine-vidal-fleury-cotes-du-rhone-rouge\/","og_locale":"fr_FR","og_type":"article","og_title":"Acheter Vidal-Fleury C\u00f4tes-du-Rh\u00f4ne - IVINIO Caviste","og_description":"Vidal-Fleury C\u00f4tes-du-Rh\u00f4ne. Ar\u00f4mes de fruits rouges confits, de poivre noir et de thym. Bouche ronde avec une structure tannique pr\u00e9sente et \u00e9quilibr\u00e9e.","og_url":"https:\/\/www.ivinio.com\/fr\/produit\/domaine-vidal-fleury-cotes-du-rhone-rouge\/","og_site_name":"IVINIO Caviste","article_publisher":"https:\/\/www.facebook.com\/groups\/165217837022391\/?ref=bookmarks","article_modified_time":"2025-12-26T23:25:45+00:00","og_image":[{"width":500,"height":500,"url":"https:\/\/www.ivinio.com\/wp-content\/uploads\/2025\/10\/vidal-fleury-Cotes-du-Rhone.jpg","type":"image\/jpeg"}],"twitter_card":"summary_large_image","twitter_misc":{"Dur\u00e9e de lecture estim\u00e9e":"1 minute"},"schema":{"@context":"https:\/\/schema.org","@graph":[{"@type":"WebPage","@id":"https:\/\/www.ivinio.com\/fr\/produit\/domaine-vidal-fleury-cotes-du-rhone-rouge\/","url":"https:\/\/www.ivinio.com\/fr\/produit\/domaine-vidal-fleury-cotes-du-rhone-rouge\/","name":"Acheter Vidal-Fleury C\u00f4tes-du-Rh\u00f4ne - IVINIO Caviste","isPartOf":{"@id":"https:\/\/www.ivinio.com\/fr\/#website"},"primaryImageOfPage":{"@id":"https:\/\/www.ivinio.com\/fr\/produit\/domaine-vidal-fleury-cotes-du-rhone-rouge\/#primaryimage"},"image":{"@id":"https:\/\/www.ivinio.com\/fr\/produit\/domaine-vidal-fleury-cotes-du-rhone-rouge\/#primaryimage"},"thumbnailUrl":"https:\/\/www.ivinio.com\/wp-content\/uploads\/2025\/10\/vidal-fleury-Cotes-du-Rhone.jpg","datePublished":"2025-10-09T10:02:30+00:00","dateModified":"2025-12-26T23:25:45+00:00","description":"Vidal-Fleury C\u00f4tes-du-Rh\u00f4ne. Ar\u00f4mes de fruits rouges confits, de poivre noir et de thym. Bouche ronde avec une structure tannique pr\u00e9sente et \u00e9quilibr\u00e9e.","breadcrumb":{"@id":"https:\/\/www.ivinio.com\/fr\/produit\/domaine-vidal-fleury-cotes-du-rhone-rouge\/#breadcrumb"},"inLanguage":"fr-FR","potentialAction":[{"@type":"ReadAction","target":["https:\/\/www.ivinio.com\/fr\/produit\/domaine-vidal-fleury-cotes-du-rhone-rouge\/"]}]},{"@type":"ImageObject","inLanguage":"fr-FR","@id":"https:\/\/www.ivinio.com\/fr\/produit\/domaine-vidal-fleury-cotes-du-rhone-rouge\/#primaryimage","url":"https:\/\/www.ivinio.com\/wp-content\/uploads\/2025\/10\/vidal-fleury-Cotes-du-Rhone.jpg","contentUrl":"https:\/\/www.ivinio.com\/wp-content\/uploads\/2025\/10\/vidal-fleury-Cotes-du-Rhone.jpg","width":500,"height":500},{"@type":"BreadcrumbList","@id":"https:\/\/www.ivinio.com\/fr\/produit\/domaine-vidal-fleury-cotes-du-rhone-rouge\/#breadcrumb","itemListElement":[{"@type":"ListItem","position":1,"name":"Home","item":"https:\/\/www.ivinio.com\/fr\/"},{"@type":"ListItem","position":2,"name":"Boutique de vin","item":"https:\/\/www.ivinio.com\/fr\/boutique-de-vin\/"},{"@type":"ListItem","position":3,"name":"Domaine Vidal-Fleury C\u00f4tes-du-Rh\u00f4ne &#8211; Rouge"}]},{"@type":"WebSite","@id":"https:\/\/www.ivinio.com\/fr\/#website","url":"https:\/\/www.ivinio.com\/fr\/","name":"IVINIO Caviste","description":"Vins de France et d&#039;Italie avec livraison \u00e0 domicile","publisher":{"@id":"https:\/\/www.ivinio.com\/fr\/#organization"},"potentialAction":[{"@type":"SearchAction","target":{"@type":"EntryPoint","urlTemplate":"https:\/\/www.ivinio.com\/fr\/?s={search_term_string}"},"query-input":{"@type":"PropertyValueSpecification","valueRequired":true,"valueName":"search_term_string"}}],"inLanguage":"fr-FR"},{"@type":"Organization","@id":"https:\/\/www.ivinio.com\/fr\/#organization","name":"IVINIO","url":"https:\/\/www.ivinio.com\/fr\/","logo":{"@type":"ImageObject","inLanguage":"fr-FR","@id":"https:\/\/www.ivinio.com\/fr\/#\/schema\/logo\/image\/","url":"https:\/\/www.ivinio.com\/wp-content\/uploads\/2021\/01\/Logo-Ivinio-v2.jpg","contentUrl":"https:\/\/www.ivinio.com\/wp-content\/uploads\/2021\/01\/Logo-Ivinio-v2.jpg","width":1194,"height":1194,"caption":"IVINIO"},"image":{"@id":"https:\/\/www.ivinio.com\/fr\/#\/schema\/logo\/image\/"},"sameAs":["https:\/\/www.facebook.com\/groups\/165217837022391\/?ref=bookmarks","https:\/\/www.instagram.com\/_ivinio_\/?hl=fr"]}]}},"jetpack_sharing_enabled":true,"_links":{"self":[{"href":"https:\/\/www.ivinio.com\/fr\/wp-json\/wp\/v2\/product\/138930","targetHints":{"allow":["GET"]}}],"collection":[{"href":"https:\/\/www.ivinio.com\/fr\/wp-json\/wp\/v2\/product"}],"about":[{"href":"https:\/\/www.ivinio.com\/fr\/wp-json\/wp\/v2\/types\/product"}],"replies":[{"embeddable":true,"href":"https:\/\/www.ivinio.com\/fr\/wp-json\/wp\/v2\/comments?post=138930"}],"wp:featuredmedia":[{"embeddable":true,"href":"https:\/\/www.ivinio.com\/fr\/wp-json\/wp\/v2\/media\/138933"}],"wp:attachment":[{"href":"https:\/\/www.ivinio.com\/fr\/wp-json\/wp\/v2\/media?parent=138930"}],"wp:term":[{"taxonomy":"product_brand","embeddable":true,"href":"https:\/\/www.ivinio.com\/fr\/wp-json\/wp\/v2\/product_brand?post=138930"},{"taxonomy":"product_cat","embeddable":true,"href":"https:\/\/www.ivinio.com\/fr\/wp-json\/wp\/v2\/product_cat?post=138930"},{"taxonomy":"product_tag","embeddable":true,"href":"https:\/\/www.ivinio.com\/fr\/wp-json\/wp\/v2\/product_tag?post=138930"}],"curies":[{"name":"wp","href":"https:\/\/api.w.org\/{rel}","templated":true}]}}