{"id":138886,"date":"2025-09-04T18:15:36","date_gmt":"2025-09-04T16:15:36","guid":{"rendered":"https:\/\/www.ivinio.com\/product\/domaine-derey-bourgogne-aligote-cuvee-albert-blanc\/"},"modified":"2025-10-03T11:54:03","modified_gmt":"2025-10-03T09:54:03","slug":"domaine-derey-bourgogne-aligote-cuvee-albert-blanc","status":"publish","type":"product","link":"https:\/\/www.ivinio.com\/fr\/produit\/domaine-derey-bourgogne-aligote-cuvee-albert-blanc\/","title":{"rendered":"Domaine Derey &#8211; Bourgogne Aligot\u00e9 &#8211; Cuv\u00e9e Albert &#8211; Blanc"},"content":{"rendered":"<p>Domaine Derey &#8211; Bourgogne Aligot\u00e9 &#8211; Cuv\u00e9e Albert &#8211; Vin blanc issu \u00e0 100 % d&#8217;Aligot\u00e9, plant\u00e9 en 1953. Les vignes poussent sur un sol argilo-calcaire proche de l&#8217;appellation Marsannay. Plant\u00e9es par Albert et Maurice, les deux fr\u00e8res DEREY, ce vin rend hommage \u00e0 Albert et Maurice, amoureux de ce c\u00e9page, qui l&#8217;appr\u00e9ciaient \u00e0 sa juste valeur, servi avec des escargots au beurre persill\u00e9 ou des hu\u00eetres, \u00e9voquant la saveur iod\u00e9e du mill\u00e9sime.<\/p>\n","protected":false},"excerpt":{"rendered":"<p>Aligot\u00e9 aux ar\u00f4mes de citron, de pomme verte et de m\u00e9lisse, avec une min\u00e9ralit\u00e9 marqu\u00e9e. Sa bouche est fra\u00eeche et juteuse.<\/p>\n","protected":false},"featured_media":138681,"comment_status":"open","ping_status":"closed","template":"","meta":{"_monsterinsights_skip_tracking":false,"_monsterinsights_sitenote_active":false,"_monsterinsights_sitenote_note":"","_monsterinsights_sitenote_category":0,"_uf_show_specific_survey":0,"_uf_disable_surveys":false},"product_brand":[],"product_cat":[36610,36586],"product_tag":[],"class_list":{"0":"post-138886","1":"product","2":"type-product","3":"status-publish","4":"has-post-thumbnail","6":"product_cat-fr-bourgogne","7":"product_cat-vins-francais","8":"pa_alcohol-degree-40057","9":"pa_classification-aop-bourgogne-aligote-fr","10":"pa_color-blanc-fr","11":"pa_country-france-fr","12":"pa_grape-variety-aligote-fr","13":"pa_region-bourgogne-fr","14":"pa_storage-potential-quelques-annees-fr","15":"pa_vintage-2022-fr","16":"pa_volume-75-cl-fr","18":"first","19":"instock","20":"taxable","21":"shipping-taxable","22":"purchasable","23":"product-type-simple"},"bundled_by":[],"bundle_stock_status":"instock","bundle_stock_quantity":null,"bundle_virtual":false,"bundle_layout":"","bundle_add_to_cart_form_location":"","bundle_editable_in_cart":false,"bundle_sold_individually_context":"","bundle_item_grouping":"","bundle_min_size":"","bundle_max_size":"","bundle_price":[],"bundled_items":[],"bundle_sell_ids":[],"yoast_head":"<!-- This site is optimized with the Yoast SEO plugin v27.3 - https:\/\/yoast.com\/product\/yoast-seo-wordpress\/ -->\n<title>Domaine Derey - Bourgogne Aligot\u00e9 - Cuv\u00e9e Albert - Blanc - IVINIO Caviste<\/title>\n<meta name=\"description\" content=\"Domaine Derey - Bourgogne Aligot\u00e9 - Cuv\u00e9e Albert - Vin blanc. Ar\u00f4mes de citron, de pomme verte et de m\u00e9lisse, avec une min\u00e9ralit\u00e9 marqu\u00e9e. Sa bouche est fra\u00eeche et juteuse.\" \/>\n<meta name=\"robots\" content=\"index, follow, max-snippet:-1, max-image-preview:large, max-video-preview:-1\" \/>\n<link rel=\"canonical\" href=\"https:\/\/www.ivinio.com\/fr\/produit\/domaine-derey-bourgogne-aligote-cuvee-albert-blanc\/\" \/>\n<meta property=\"og:locale\" content=\"fr_FR\" \/>\n<meta property=\"og:type\" content=\"article\" \/>\n<meta property=\"og:title\" content=\"Domaine Derey - Bourgogne Aligot\u00e9 - Cuv\u00e9e Albert - Blanc - IVINIO Caviste\" \/>\n<meta property=\"og:description\" content=\"Domaine Derey - Bourgogne Aligot\u00e9 - Cuv\u00e9e Albert - Vin blanc. Ar\u00f4mes de citron, de pomme verte et de m\u00e9lisse, avec une min\u00e9ralit\u00e9 marqu\u00e9e. Sa bouche est fra\u00eeche et juteuse.\" \/>\n<meta property=\"og:url\" content=\"https:\/\/www.ivinio.com\/fr\/produit\/domaine-derey-bourgogne-aligote-cuvee-albert-blanc\/\" \/>\n<meta property=\"og:site_name\" content=\"IVINIO Caviste\" \/>\n<meta property=\"article:publisher\" content=\"https:\/\/www.facebook.com\/groups\/165217837022391\/?ref=bookmarks\" \/>\n<meta property=\"article:modified_time\" content=\"2025-10-03T09:54:03+00:00\" \/>\n<meta property=\"og:image\" content=\"https:\/\/www.ivinio.com\/wp-content\/uploads\/2025\/09\/Domaine-Derey-Bourgogne-Aligote-IVINIO.jpg\" \/>\n\t<meta property=\"og:image:width\" content=\"500\" \/>\n\t<meta property=\"og:image:height\" content=\"500\" \/>\n\t<meta property=\"og:image:type\" content=\"image\/jpeg\" \/>\n<meta name=\"twitter:card\" content=\"summary_large_image\" \/>\n<meta name=\"twitter:label1\" content=\"Dur\u00e9e de lecture estim\u00e9e\" \/>\n\t<meta name=\"twitter:data1\" content=\"1 minute\" \/>\n<script type=\"application\/ld+json\" class=\"yoast-schema-graph\">{\"@context\":\"https:\\\/\\\/schema.org\",\"@graph\":[{\"@type\":\"WebPage\",\"@id\":\"https:\\\/\\\/www.ivinio.com\\\/fr\\\/produit\\\/domaine-derey-bourgogne-aligote-cuvee-albert-blanc\\\/\",\"url\":\"https:\\\/\\\/www.ivinio.com\\\/fr\\\/produit\\\/domaine-derey-bourgogne-aligote-cuvee-albert-blanc\\\/\",\"name\":\"Domaine Derey - Bourgogne Aligot\u00e9 - Cuv\u00e9e Albert - Blanc - IVINIO Caviste\",\"isPartOf\":{\"@id\":\"https:\\\/\\\/www.ivinio.com\\\/fr\\\/#website\"},\"primaryImageOfPage\":{\"@id\":\"https:\\\/\\\/www.ivinio.com\\\/fr\\\/produit\\\/domaine-derey-bourgogne-aligote-cuvee-albert-blanc\\\/#primaryimage\"},\"image\":{\"@id\":\"https:\\\/\\\/www.ivinio.com\\\/fr\\\/produit\\\/domaine-derey-bourgogne-aligote-cuvee-albert-blanc\\\/#primaryimage\"},\"thumbnailUrl\":\"https:\\\/\\\/www.ivinio.com\\\/wp-content\\\/uploads\\\/2025\\\/09\\\/Domaine-Derey-Bourgogne-Aligote-IVINIO.jpg\",\"datePublished\":\"2025-09-04T16:15:36+00:00\",\"dateModified\":\"2025-10-03T09:54:03+00:00\",\"description\":\"Domaine Derey - Bourgogne Aligot\u00e9 - Cuv\u00e9e Albert - Vin blanc. Ar\u00f4mes de citron, de pomme verte et de m\u00e9lisse, avec une min\u00e9ralit\u00e9 marqu\u00e9e. Sa bouche est fra\u00eeche et juteuse.\",\"breadcrumb\":{\"@id\":\"https:\\\/\\\/www.ivinio.com\\\/fr\\\/produit\\\/domaine-derey-bourgogne-aligote-cuvee-albert-blanc\\\/#breadcrumb\"},\"inLanguage\":\"fr-FR\",\"potentialAction\":[{\"@type\":\"ReadAction\",\"target\":[\"https:\\\/\\\/www.ivinio.com\\\/fr\\\/produit\\\/domaine-derey-bourgogne-aligote-cuvee-albert-blanc\\\/\"]}]},{\"@type\":\"ImageObject\",\"inLanguage\":\"fr-FR\",\"@id\":\"https:\\\/\\\/www.ivinio.com\\\/fr\\\/produit\\\/domaine-derey-bourgogne-aligote-cuvee-albert-blanc\\\/#primaryimage\",\"url\":\"https:\\\/\\\/www.ivinio.com\\\/wp-content\\\/uploads\\\/2025\\\/09\\\/Domaine-Derey-Bourgogne-Aligote-IVINIO.jpg\",\"contentUrl\":\"https:\\\/\\\/www.ivinio.com\\\/wp-content\\\/uploads\\\/2025\\\/09\\\/Domaine-Derey-Bourgogne-Aligote-IVINIO.jpg\",\"width\":500,\"height\":500},{\"@type\":\"BreadcrumbList\",\"@id\":\"https:\\\/\\\/www.ivinio.com\\\/fr\\\/produit\\\/domaine-derey-bourgogne-aligote-cuvee-albert-blanc\\\/#breadcrumb\",\"itemListElement\":[{\"@type\":\"ListItem\",\"position\":1,\"name\":\"Home\",\"item\":\"https:\\\/\\\/www.ivinio.com\\\/fr\\\/\"},{\"@type\":\"ListItem\",\"position\":2,\"name\":\"Boutique de vin\",\"item\":\"https:\\\/\\\/www.ivinio.com\\\/fr\\\/boutique-de-vin\\\/\"},{\"@type\":\"ListItem\",\"position\":3,\"name\":\"Domaine Derey &#8211; Bourgogne Aligot\u00e9 &#8211; Cuv\u00e9e Albert &#8211; Blanc\"}]},{\"@type\":\"WebSite\",\"@id\":\"https:\\\/\\\/www.ivinio.com\\\/fr\\\/#website\",\"url\":\"https:\\\/\\\/www.ivinio.com\\\/fr\\\/\",\"name\":\"IVINIO Caviste\",\"description\":\"Vins de France et d&#039;Italie avec livraison \u00e0 domicile\",\"publisher\":{\"@id\":\"https:\\\/\\\/www.ivinio.com\\\/fr\\\/#organization\"},\"potentialAction\":[{\"@type\":\"SearchAction\",\"target\":{\"@type\":\"EntryPoint\",\"urlTemplate\":\"https:\\\/\\\/www.ivinio.com\\\/fr\\\/?s={search_term_string}\"},\"query-input\":{\"@type\":\"PropertyValueSpecification\",\"valueRequired\":true,\"valueName\":\"search_term_string\"}}],\"inLanguage\":\"fr-FR\"},{\"@type\":\"Organization\",\"@id\":\"https:\\\/\\\/www.ivinio.com\\\/fr\\\/#organization\",\"name\":\"IVINIO\",\"url\":\"https:\\\/\\\/www.ivinio.com\\\/fr\\\/\",\"logo\":{\"@type\":\"ImageObject\",\"inLanguage\":\"fr-FR\",\"@id\":\"https:\\\/\\\/www.ivinio.com\\\/fr\\\/#\\\/schema\\\/logo\\\/image\\\/\",\"url\":\"https:\\\/\\\/www.ivinio.com\\\/wp-content\\\/uploads\\\/2021\\\/01\\\/Logo-Ivinio-v2.jpg\",\"contentUrl\":\"https:\\\/\\\/www.ivinio.com\\\/wp-content\\\/uploads\\\/2021\\\/01\\\/Logo-Ivinio-v2.jpg\",\"width\":1194,\"height\":1194,\"caption\":\"IVINIO\"},\"image\":{\"@id\":\"https:\\\/\\\/www.ivinio.com\\\/fr\\\/#\\\/schema\\\/logo\\\/image\\\/\"},\"sameAs\":[\"https:\\\/\\\/www.facebook.com\\\/groups\\\/165217837022391\\\/?ref=bookmarks\",\"https:\\\/\\\/www.instagram.com\\\/_ivinio_\\\/?hl=fr\"]}]}<\/script>\n<!-- \/ Yoast SEO plugin. -->","yoast_head_json":{"title":"Domaine Derey - Bourgogne Aligot\u00e9 - Cuv\u00e9e Albert - Blanc - IVINIO Caviste","description":"Domaine Derey - Bourgogne Aligot\u00e9 - Cuv\u00e9e Albert - Vin blanc. Ar\u00f4mes de citron, de pomme verte et de m\u00e9lisse, avec une min\u00e9ralit\u00e9 marqu\u00e9e. Sa bouche est fra\u00eeche et juteuse.","robots":{"index":"index","follow":"follow","max-snippet":"max-snippet:-1","max-image-preview":"max-image-preview:large","max-video-preview":"max-video-preview:-1"},"canonical":"https:\/\/www.ivinio.com\/fr\/produit\/domaine-derey-bourgogne-aligote-cuvee-albert-blanc\/","og_locale":"fr_FR","og_type":"article","og_title":"Domaine Derey - Bourgogne Aligot\u00e9 - Cuv\u00e9e Albert - Blanc - IVINIO Caviste","og_description":"Domaine Derey - Bourgogne Aligot\u00e9 - Cuv\u00e9e Albert - Vin blanc. Ar\u00f4mes de citron, de pomme verte et de m\u00e9lisse, avec une min\u00e9ralit\u00e9 marqu\u00e9e. Sa bouche est fra\u00eeche et juteuse.","og_url":"https:\/\/www.ivinio.com\/fr\/produit\/domaine-derey-bourgogne-aligote-cuvee-albert-blanc\/","og_site_name":"IVINIO Caviste","article_publisher":"https:\/\/www.facebook.com\/groups\/165217837022391\/?ref=bookmarks","article_modified_time":"2025-10-03T09:54:03+00:00","og_image":[{"width":500,"height":500,"url":"https:\/\/www.ivinio.com\/wp-content\/uploads\/2025\/09\/Domaine-Derey-Bourgogne-Aligote-IVINIO.jpg","type":"image\/jpeg"}],"twitter_card":"summary_large_image","twitter_misc":{"Dur\u00e9e de lecture estim\u00e9e":"1 minute"},"schema":{"@context":"https:\/\/schema.org","@graph":[{"@type":"WebPage","@id":"https:\/\/www.ivinio.com\/fr\/produit\/domaine-derey-bourgogne-aligote-cuvee-albert-blanc\/","url":"https:\/\/www.ivinio.com\/fr\/produit\/domaine-derey-bourgogne-aligote-cuvee-albert-blanc\/","name":"Domaine Derey - Bourgogne Aligot\u00e9 - Cuv\u00e9e Albert - Blanc - IVINIO Caviste","isPartOf":{"@id":"https:\/\/www.ivinio.com\/fr\/#website"},"primaryImageOfPage":{"@id":"https:\/\/www.ivinio.com\/fr\/produit\/domaine-derey-bourgogne-aligote-cuvee-albert-blanc\/#primaryimage"},"image":{"@id":"https:\/\/www.ivinio.com\/fr\/produit\/domaine-derey-bourgogne-aligote-cuvee-albert-blanc\/#primaryimage"},"thumbnailUrl":"https:\/\/www.ivinio.com\/wp-content\/uploads\/2025\/09\/Domaine-Derey-Bourgogne-Aligote-IVINIO.jpg","datePublished":"2025-09-04T16:15:36+00:00","dateModified":"2025-10-03T09:54:03+00:00","description":"Domaine Derey - Bourgogne Aligot\u00e9 - Cuv\u00e9e Albert - Vin blanc. Ar\u00f4mes de citron, de pomme verte et de m\u00e9lisse, avec une min\u00e9ralit\u00e9 marqu\u00e9e. Sa bouche est fra\u00eeche et juteuse.","breadcrumb":{"@id":"https:\/\/www.ivinio.com\/fr\/produit\/domaine-derey-bourgogne-aligote-cuvee-albert-blanc\/#breadcrumb"},"inLanguage":"fr-FR","potentialAction":[{"@type":"ReadAction","target":["https:\/\/www.ivinio.com\/fr\/produit\/domaine-derey-bourgogne-aligote-cuvee-albert-blanc\/"]}]},{"@type":"ImageObject","inLanguage":"fr-FR","@id":"https:\/\/www.ivinio.com\/fr\/produit\/domaine-derey-bourgogne-aligote-cuvee-albert-blanc\/#primaryimage","url":"https:\/\/www.ivinio.com\/wp-content\/uploads\/2025\/09\/Domaine-Derey-Bourgogne-Aligote-IVINIO.jpg","contentUrl":"https:\/\/www.ivinio.com\/wp-content\/uploads\/2025\/09\/Domaine-Derey-Bourgogne-Aligote-IVINIO.jpg","width":500,"height":500},{"@type":"BreadcrumbList","@id":"https:\/\/www.ivinio.com\/fr\/produit\/domaine-derey-bourgogne-aligote-cuvee-albert-blanc\/#breadcrumb","itemListElement":[{"@type":"ListItem","position":1,"name":"Home","item":"https:\/\/www.ivinio.com\/fr\/"},{"@type":"ListItem","position":2,"name":"Boutique de vin","item":"https:\/\/www.ivinio.com\/fr\/boutique-de-vin\/"},{"@type":"ListItem","position":3,"name":"Domaine Derey &#8211; Bourgogne Aligot\u00e9 &#8211; Cuv\u00e9e Albert &#8211; Blanc"}]},{"@type":"WebSite","@id":"https:\/\/www.ivinio.com\/fr\/#website","url":"https:\/\/www.ivinio.com\/fr\/","name":"IVINIO Caviste","description":"Vins de France et d&#039;Italie avec livraison \u00e0 domicile","publisher":{"@id":"https:\/\/www.ivinio.com\/fr\/#organization"},"potentialAction":[{"@type":"SearchAction","target":{"@type":"EntryPoint","urlTemplate":"https:\/\/www.ivinio.com\/fr\/?s={search_term_string}"},"query-input":{"@type":"PropertyValueSpecification","valueRequired":true,"valueName":"search_term_string"}}],"inLanguage":"fr-FR"},{"@type":"Organization","@id":"https:\/\/www.ivinio.com\/fr\/#organization","name":"IVINIO","url":"https:\/\/www.ivinio.com\/fr\/","logo":{"@type":"ImageObject","inLanguage":"fr-FR","@id":"https:\/\/www.ivinio.com\/fr\/#\/schema\/logo\/image\/","url":"https:\/\/www.ivinio.com\/wp-content\/uploads\/2021\/01\/Logo-Ivinio-v2.jpg","contentUrl":"https:\/\/www.ivinio.com\/wp-content\/uploads\/2021\/01\/Logo-Ivinio-v2.jpg","width":1194,"height":1194,"caption":"IVINIO"},"image":{"@id":"https:\/\/www.ivinio.com\/fr\/#\/schema\/logo\/image\/"},"sameAs":["https:\/\/www.facebook.com\/groups\/165217837022391\/?ref=bookmarks","https:\/\/www.instagram.com\/_ivinio_\/?hl=fr"]}]}},"jetpack_sharing_enabled":true,"_links":{"self":[{"href":"https:\/\/www.ivinio.com\/fr\/wp-json\/wp\/v2\/product\/138886","targetHints":{"allow":["GET"]}}],"collection":[{"href":"https:\/\/www.ivinio.com\/fr\/wp-json\/wp\/v2\/product"}],"about":[{"href":"https:\/\/www.ivinio.com\/fr\/wp-json\/wp\/v2\/types\/product"}],"replies":[{"embeddable":true,"href":"https:\/\/www.ivinio.com\/fr\/wp-json\/wp\/v2\/comments?post=138886"}],"wp:featuredmedia":[{"embeddable":true,"href":"https:\/\/www.ivinio.com\/fr\/wp-json\/wp\/v2\/media\/138681"}],"wp:attachment":[{"href":"https:\/\/www.ivinio.com\/fr\/wp-json\/wp\/v2\/media?parent=138886"}],"wp:term":[{"taxonomy":"product_brand","embeddable":true,"href":"https:\/\/www.ivinio.com\/fr\/wp-json\/wp\/v2\/product_brand?post=138886"},{"taxonomy":"product_cat","embeddable":true,"href":"https:\/\/www.ivinio.com\/fr\/wp-json\/wp\/v2\/product_cat?post=138886"},{"taxonomy":"product_tag","embeddable":true,"href":"https:\/\/www.ivinio.com\/fr\/wp-json\/wp\/v2\/product_tag?post=138886"}],"curies":[{"name":"wp","href":"https:\/\/api.w.org\/{rel}","templated":true}]}}