{"id":138868,"date":"2025-09-30T11:51:17","date_gmt":"2025-09-30T09:51:17","guid":{"rendered":"https:\/\/www.ivinio.com\/?post_type=product&#038;p=138868"},"modified":"2025-10-09T00:33:40","modified_gmt":"2025-10-08T22:33:40","slug":"artisans-partisans-cuvee-alice-1820-blanc","status":"publish","type":"product","link":"https:\/\/www.ivinio.com\/fr\/produit\/artisans-partisans-cuvee-alice-1820-blanc\/","title":{"rendered":"Artisans Partisans &#8211; Cuv\u00e9e Alice 1820 &#8211; Blanc"},"content":{"rendered":"<p>La Cuv\u00e9e Alice 1820 Blanc des Artisans Partisans est une cuv\u00e9e cr\u00e9\u00e9e en hommage \u00e0 l&#8217;une des premi\u00e8res femmes vigneronnes du Languedoc. Ce vin est \u00e9labor\u00e9 \u00e0 partir de 50 % de Grenache Blanc, 35 % de Rolle (Vermentino) et 15 % de Chenin Blanc. Chaque c\u00e9page est vinifi\u00e9 s\u00e9par\u00e9ment afin de pr\u00e9server sa sp\u00e9cificit\u00e9. Les raisins sont l\u00e9g\u00e8rement press\u00e9s et d\u00e9bourb\u00e9s \u00e0 froid. La fermentation est longue \u00e0 basse temp\u00e9rature (14\u00b0C) pour pr\u00e9server la fra\u00eecheur et les ar\u00f4mes fruit\u00e9s. Les diff\u00e9rents vins sont ensuite assembl\u00e9s et le vin final est \u00e9lev\u00e9 en cuves inox \u00e0 temp\u00e9rature constante.<\/p>\n","protected":false},"excerpt":{"rendered":"<p>Artisans Partisans, Cuv\u00e9e Alice 1820, aux notes de poire, de pomme jaune et de foin sec m\u00eal\u00e9es \u00e0 des notes florales.<\/p>\n","protected":false},"featured_media":138883,"comment_status":"open","ping_status":"closed","template":"","meta":{"_monsterinsights_skip_tracking":false,"_monsterinsights_sitenote_active":false,"_monsterinsights_sitenote_note":"","_monsterinsights_sitenote_category":0,"_uf_show_specific_survey":0,"_uf_disable_surveys":false},"product_brand":[],"product_cat":[36625],"product_tag":[],"class_list":{"0":"post-138868","1":"product","2":"type-product","3":"status-publish","4":"has-post-thumbnail","6":"product_cat-fr-languedoc","7":"pa_alcohol-degree-13-5","8":"pa_classification-igp-pays-doc","9":"pa_color-blanc-fr","10":"pa_country-france-fr","11":"pa_grape-variety-chenin-fr","12":"pa_grape-variety-grenache-blanc-fr","13":"pa_region-languedoc-fr","14":"pa_storage-potential-5-ans-fr","15":"pa_vintage-2023-fr","16":"pa_volume-75-cl-fr","18":"first","19":"instock","20":"taxable","21":"shipping-taxable","22":"purchasable","23":"product-type-simple"},"bundled_by":["138882"],"bundle_stock_status":"instock","bundle_stock_quantity":null,"bundle_virtual":false,"bundle_layout":"","bundle_add_to_cart_form_location":"","bundle_editable_in_cart":false,"bundle_sold_individually_context":"","bundle_item_grouping":"","bundle_min_size":"","bundle_max_size":"","bundle_price":[],"bundled_items":[],"bundle_sell_ids":[],"yoast_head":"<!-- This site is optimized with the Yoast SEO plugin v27.3 - https:\/\/yoast.com\/product\/yoast-seo-wordpress\/ -->\n<title>Artisans Partisans - Cuv\u00e9e Alice 1820 - Rouge- IVINIO Caviste<\/title>\n<meta name=\"description\" content=\"Acheter Artisans Partisans - Cuv\u00e9e Alice 1820 - Blanc. Notes de poire, de pomme jaune et de foin sec m\u00eal\u00e9es \u00e0 des notes florales.\" \/>\n<meta name=\"robots\" content=\"index, follow, max-snippet:-1, max-image-preview:large, max-video-preview:-1\" \/>\n<link rel=\"canonical\" href=\"https:\/\/www.ivinio.com\/fr\/produit\/artisans-partisans-cuvee-alice-1820-blanc\/\" \/>\n<meta property=\"og:locale\" content=\"fr_FR\" \/>\n<meta property=\"og:type\" content=\"article\" \/>\n<meta property=\"og:title\" content=\"Artisans Partisans - Cuv\u00e9e Alice 1820 - Rouge- IVINIO Caviste\" \/>\n<meta property=\"og:description\" content=\"Acheter Artisans Partisans - Cuv\u00e9e Alice 1820 - Blanc. Notes de poire, de pomme jaune et de foin sec m\u00eal\u00e9es \u00e0 des notes florales.\" \/>\n<meta property=\"og:url\" content=\"https:\/\/www.ivinio.com\/fr\/produit\/artisans-partisans-cuvee-alice-1820-blanc\/\" \/>\n<meta property=\"og:site_name\" content=\"IVINIO Caviste\" \/>\n<meta property=\"article:publisher\" content=\"https:\/\/www.facebook.com\/groups\/165217837022391\/?ref=bookmarks\" \/>\n<meta property=\"article:modified_time\" content=\"2025-10-08T22:33:40+00:00\" \/>\n<meta property=\"og:image\" content=\"https:\/\/www.ivinio.com\/wp-content\/uploads\/2025\/09\/Artisans-partisans-Alice-blanc-IVINIO.jpg\" \/>\n\t<meta property=\"og:image:width\" content=\"500\" \/>\n\t<meta property=\"og:image:height\" content=\"500\" \/>\n\t<meta property=\"og:image:type\" content=\"image\/jpeg\" \/>\n<meta name=\"twitter:card\" content=\"summary_large_image\" \/>\n<meta name=\"twitter:label1\" content=\"Dur\u00e9e de lecture estim\u00e9e\" \/>\n\t<meta name=\"twitter:data1\" content=\"1 minute\" \/>\n<script type=\"application\/ld+json\" class=\"yoast-schema-graph\">{\"@context\":\"https:\\\/\\\/schema.org\",\"@graph\":[{\"@type\":\"WebPage\",\"@id\":\"https:\\\/\\\/www.ivinio.com\\\/fr\\\/produit\\\/artisans-partisans-cuvee-alice-1820-blanc\\\/\",\"url\":\"https:\\\/\\\/www.ivinio.com\\\/fr\\\/produit\\\/artisans-partisans-cuvee-alice-1820-blanc\\\/\",\"name\":\"Artisans Partisans - Cuv\u00e9e Alice 1820 - Rouge- IVINIO Caviste\",\"isPartOf\":{\"@id\":\"https:\\\/\\\/www.ivinio.com\\\/fr\\\/#website\"},\"primaryImageOfPage\":{\"@id\":\"https:\\\/\\\/www.ivinio.com\\\/fr\\\/produit\\\/artisans-partisans-cuvee-alice-1820-blanc\\\/#primaryimage\"},\"image\":{\"@id\":\"https:\\\/\\\/www.ivinio.com\\\/fr\\\/produit\\\/artisans-partisans-cuvee-alice-1820-blanc\\\/#primaryimage\"},\"thumbnailUrl\":\"https:\\\/\\\/www.ivinio.com\\\/wp-content\\\/uploads\\\/2025\\\/09\\\/Artisans-partisans-Alice-blanc-IVINIO.jpg\",\"datePublished\":\"2025-09-30T09:51:17+00:00\",\"dateModified\":\"2025-10-08T22:33:40+00:00\",\"description\":\"Acheter Artisans Partisans - Cuv\u00e9e Alice 1820 - Blanc. Notes de poire, de pomme jaune et de foin sec m\u00eal\u00e9es \u00e0 des notes florales.\",\"breadcrumb\":{\"@id\":\"https:\\\/\\\/www.ivinio.com\\\/fr\\\/produit\\\/artisans-partisans-cuvee-alice-1820-blanc\\\/#breadcrumb\"},\"inLanguage\":\"fr-FR\",\"potentialAction\":[{\"@type\":\"ReadAction\",\"target\":[\"https:\\\/\\\/www.ivinio.com\\\/fr\\\/produit\\\/artisans-partisans-cuvee-alice-1820-blanc\\\/\"]}]},{\"@type\":\"ImageObject\",\"inLanguage\":\"fr-FR\",\"@id\":\"https:\\\/\\\/www.ivinio.com\\\/fr\\\/produit\\\/artisans-partisans-cuvee-alice-1820-blanc\\\/#primaryimage\",\"url\":\"https:\\\/\\\/www.ivinio.com\\\/wp-content\\\/uploads\\\/2025\\\/09\\\/Artisans-partisans-Alice-blanc-IVINIO.jpg\",\"contentUrl\":\"https:\\\/\\\/www.ivinio.com\\\/wp-content\\\/uploads\\\/2025\\\/09\\\/Artisans-partisans-Alice-blanc-IVINIO.jpg\",\"width\":500,\"height\":500},{\"@type\":\"BreadcrumbList\",\"@id\":\"https:\\\/\\\/www.ivinio.com\\\/fr\\\/produit\\\/artisans-partisans-cuvee-alice-1820-blanc\\\/#breadcrumb\",\"itemListElement\":[{\"@type\":\"ListItem\",\"position\":1,\"name\":\"Home\",\"item\":\"https:\\\/\\\/www.ivinio.com\\\/fr\\\/\"},{\"@type\":\"ListItem\",\"position\":2,\"name\":\"Boutique de vin\",\"item\":\"https:\\\/\\\/www.ivinio.com\\\/fr\\\/boutique-de-vin\\\/\"},{\"@type\":\"ListItem\",\"position\":3,\"name\":\"Artisans Partisans &#8211; Cuv\u00e9e Alice 1820 &#8211; Blanc\"}]},{\"@type\":\"WebSite\",\"@id\":\"https:\\\/\\\/www.ivinio.com\\\/fr\\\/#website\",\"url\":\"https:\\\/\\\/www.ivinio.com\\\/fr\\\/\",\"name\":\"IVINIO Caviste\",\"description\":\"Vins de France et d&#039;Italie avec livraison \u00e0 domicile\",\"publisher\":{\"@id\":\"https:\\\/\\\/www.ivinio.com\\\/fr\\\/#organization\"},\"potentialAction\":[{\"@type\":\"SearchAction\",\"target\":{\"@type\":\"EntryPoint\",\"urlTemplate\":\"https:\\\/\\\/www.ivinio.com\\\/fr\\\/?s={search_term_string}\"},\"query-input\":{\"@type\":\"PropertyValueSpecification\",\"valueRequired\":true,\"valueName\":\"search_term_string\"}}],\"inLanguage\":\"fr-FR\"},{\"@type\":\"Organization\",\"@id\":\"https:\\\/\\\/www.ivinio.com\\\/fr\\\/#organization\",\"name\":\"IVINIO\",\"url\":\"https:\\\/\\\/www.ivinio.com\\\/fr\\\/\",\"logo\":{\"@type\":\"ImageObject\",\"inLanguage\":\"fr-FR\",\"@id\":\"https:\\\/\\\/www.ivinio.com\\\/fr\\\/#\\\/schema\\\/logo\\\/image\\\/\",\"url\":\"https:\\\/\\\/www.ivinio.com\\\/wp-content\\\/uploads\\\/2021\\\/01\\\/Logo-Ivinio-v2.jpg\",\"contentUrl\":\"https:\\\/\\\/www.ivinio.com\\\/wp-content\\\/uploads\\\/2021\\\/01\\\/Logo-Ivinio-v2.jpg\",\"width\":1194,\"height\":1194,\"caption\":\"IVINIO\"},\"image\":{\"@id\":\"https:\\\/\\\/www.ivinio.com\\\/fr\\\/#\\\/schema\\\/logo\\\/image\\\/\"},\"sameAs\":[\"https:\\\/\\\/www.facebook.com\\\/groups\\\/165217837022391\\\/?ref=bookmarks\",\"https:\\\/\\\/www.instagram.com\\\/_ivinio_\\\/?hl=fr\"]}]}<\/script>\n<!-- \/ Yoast SEO plugin. -->","yoast_head_json":{"title":"Artisans Partisans - Cuv\u00e9e Alice 1820 - Rouge- IVINIO Caviste","description":"Acheter Artisans Partisans - Cuv\u00e9e Alice 1820 - Blanc. Notes de poire, de pomme jaune et de foin sec m\u00eal\u00e9es \u00e0 des notes florales.","robots":{"index":"index","follow":"follow","max-snippet":"max-snippet:-1","max-image-preview":"max-image-preview:large","max-video-preview":"max-video-preview:-1"},"canonical":"https:\/\/www.ivinio.com\/fr\/produit\/artisans-partisans-cuvee-alice-1820-blanc\/","og_locale":"fr_FR","og_type":"article","og_title":"Artisans Partisans - Cuv\u00e9e Alice 1820 - Rouge- IVINIO Caviste","og_description":"Acheter Artisans Partisans - Cuv\u00e9e Alice 1820 - Blanc. Notes de poire, de pomme jaune et de foin sec m\u00eal\u00e9es \u00e0 des notes florales.","og_url":"https:\/\/www.ivinio.com\/fr\/produit\/artisans-partisans-cuvee-alice-1820-blanc\/","og_site_name":"IVINIO Caviste","article_publisher":"https:\/\/www.facebook.com\/groups\/165217837022391\/?ref=bookmarks","article_modified_time":"2025-10-08T22:33:40+00:00","og_image":[{"width":500,"height":500,"url":"https:\/\/www.ivinio.com\/wp-content\/uploads\/2025\/09\/Artisans-partisans-Alice-blanc-IVINIO.jpg","type":"image\/jpeg"}],"twitter_card":"summary_large_image","twitter_misc":{"Dur\u00e9e de lecture estim\u00e9e":"1 minute"},"schema":{"@context":"https:\/\/schema.org","@graph":[{"@type":"WebPage","@id":"https:\/\/www.ivinio.com\/fr\/produit\/artisans-partisans-cuvee-alice-1820-blanc\/","url":"https:\/\/www.ivinio.com\/fr\/produit\/artisans-partisans-cuvee-alice-1820-blanc\/","name":"Artisans Partisans - Cuv\u00e9e Alice 1820 - Rouge- IVINIO Caviste","isPartOf":{"@id":"https:\/\/www.ivinio.com\/fr\/#website"},"primaryImageOfPage":{"@id":"https:\/\/www.ivinio.com\/fr\/produit\/artisans-partisans-cuvee-alice-1820-blanc\/#primaryimage"},"image":{"@id":"https:\/\/www.ivinio.com\/fr\/produit\/artisans-partisans-cuvee-alice-1820-blanc\/#primaryimage"},"thumbnailUrl":"https:\/\/www.ivinio.com\/wp-content\/uploads\/2025\/09\/Artisans-partisans-Alice-blanc-IVINIO.jpg","datePublished":"2025-09-30T09:51:17+00:00","dateModified":"2025-10-08T22:33:40+00:00","description":"Acheter Artisans Partisans - Cuv\u00e9e Alice 1820 - Blanc. Notes de poire, de pomme jaune et de foin sec m\u00eal\u00e9es \u00e0 des notes florales.","breadcrumb":{"@id":"https:\/\/www.ivinio.com\/fr\/produit\/artisans-partisans-cuvee-alice-1820-blanc\/#breadcrumb"},"inLanguage":"fr-FR","potentialAction":[{"@type":"ReadAction","target":["https:\/\/www.ivinio.com\/fr\/produit\/artisans-partisans-cuvee-alice-1820-blanc\/"]}]},{"@type":"ImageObject","inLanguage":"fr-FR","@id":"https:\/\/www.ivinio.com\/fr\/produit\/artisans-partisans-cuvee-alice-1820-blanc\/#primaryimage","url":"https:\/\/www.ivinio.com\/wp-content\/uploads\/2025\/09\/Artisans-partisans-Alice-blanc-IVINIO.jpg","contentUrl":"https:\/\/www.ivinio.com\/wp-content\/uploads\/2025\/09\/Artisans-partisans-Alice-blanc-IVINIO.jpg","width":500,"height":500},{"@type":"BreadcrumbList","@id":"https:\/\/www.ivinio.com\/fr\/produit\/artisans-partisans-cuvee-alice-1820-blanc\/#breadcrumb","itemListElement":[{"@type":"ListItem","position":1,"name":"Home","item":"https:\/\/www.ivinio.com\/fr\/"},{"@type":"ListItem","position":2,"name":"Boutique de vin","item":"https:\/\/www.ivinio.com\/fr\/boutique-de-vin\/"},{"@type":"ListItem","position":3,"name":"Artisans Partisans &#8211; Cuv\u00e9e Alice 1820 &#8211; Blanc"}]},{"@type":"WebSite","@id":"https:\/\/www.ivinio.com\/fr\/#website","url":"https:\/\/www.ivinio.com\/fr\/","name":"IVINIO Caviste","description":"Vins de France et d&#039;Italie avec livraison \u00e0 domicile","publisher":{"@id":"https:\/\/www.ivinio.com\/fr\/#organization"},"potentialAction":[{"@type":"SearchAction","target":{"@type":"EntryPoint","urlTemplate":"https:\/\/www.ivinio.com\/fr\/?s={search_term_string}"},"query-input":{"@type":"PropertyValueSpecification","valueRequired":true,"valueName":"search_term_string"}}],"inLanguage":"fr-FR"},{"@type":"Organization","@id":"https:\/\/www.ivinio.com\/fr\/#organization","name":"IVINIO","url":"https:\/\/www.ivinio.com\/fr\/","logo":{"@type":"ImageObject","inLanguage":"fr-FR","@id":"https:\/\/www.ivinio.com\/fr\/#\/schema\/logo\/image\/","url":"https:\/\/www.ivinio.com\/wp-content\/uploads\/2021\/01\/Logo-Ivinio-v2.jpg","contentUrl":"https:\/\/www.ivinio.com\/wp-content\/uploads\/2021\/01\/Logo-Ivinio-v2.jpg","width":1194,"height":1194,"caption":"IVINIO"},"image":{"@id":"https:\/\/www.ivinio.com\/fr\/#\/schema\/logo\/image\/"},"sameAs":["https:\/\/www.facebook.com\/groups\/165217837022391\/?ref=bookmarks","https:\/\/www.instagram.com\/_ivinio_\/?hl=fr"]}]}},"jetpack_sharing_enabled":true,"_links":{"self":[{"href":"https:\/\/www.ivinio.com\/fr\/wp-json\/wp\/v2\/product\/138868","targetHints":{"allow":["GET"]}}],"collection":[{"href":"https:\/\/www.ivinio.com\/fr\/wp-json\/wp\/v2\/product"}],"about":[{"href":"https:\/\/www.ivinio.com\/fr\/wp-json\/wp\/v2\/types\/product"}],"replies":[{"embeddable":true,"href":"https:\/\/www.ivinio.com\/fr\/wp-json\/wp\/v2\/comments?post=138868"}],"wp:featuredmedia":[{"embeddable":true,"href":"https:\/\/www.ivinio.com\/fr\/wp-json\/wp\/v2\/media\/138883"}],"wp:attachment":[{"href":"https:\/\/www.ivinio.com\/fr\/wp-json\/wp\/v2\/media?parent=138868"}],"wp:term":[{"taxonomy":"product_brand","embeddable":true,"href":"https:\/\/www.ivinio.com\/fr\/wp-json\/wp\/v2\/product_brand?post=138868"},{"taxonomy":"product_cat","embeddable":true,"href":"https:\/\/www.ivinio.com\/fr\/wp-json\/wp\/v2\/product_cat?post=138868"},{"taxonomy":"product_tag","embeddable":true,"href":"https:\/\/www.ivinio.com\/fr\/wp-json\/wp\/v2\/product_tag?post=138868"}],"curies":[{"name":"wp","href":"https:\/\/api.w.org\/{rel}","templated":true}]}}