{"id":138812,"date":"2025-01-15T11:35:42","date_gmt":"2025-01-15T10:35:42","guid":{"rendered":"https:\/\/www.ivinio.com\/product\/artisans-partisans-la-nature-dit-toujours-quelque-chose-red\/"},"modified":"2025-09-23T11:18:14","modified_gmt":"2025-09-23T09:18:14","slug":"artisans-partisans-la-nature-dit-toujours-quelque-chose-red","status":"publish","type":"product","link":"https:\/\/www.ivinio.com\/fr\/produit\/artisans-partisans-la-nature-dit-toujours-quelque-chose-red\/","title":{"rendered":"Artisans Partisans &#8211; La nature dit TOUJOURS quelque chose &#8211; Red"},"content":{"rendered":"<p>Artisans Partisans &#8211; La nature dit TOUJOURS quelque chose &#8211; Rouge compos\u00e9 de 100 % Cinsault. Les vignes ont environ 10 ans d&#8217;\u00e2ge, avec une densit\u00e9 de 5 000 pieds\/ha et un rendement de 45 hl\/ha. La vinification est r\u00e9alis\u00e9e avec des levures indig\u00e8nes et sans ajout de sulfites. \u00c9levage en cuves inox. Le r\u00e9sultat final offre un go\u00fbt agr\u00e9able et naturel. Un vin moderne et l\u00e9ger, id\u00e9al pour toutes les occasions !<\/p>\n","protected":false},"excerpt":{"rendered":"<p>Vin naturel compos\u00e9 de 100% Cinsault, notes de fruits rouges avec un palais fruit\u00e9 ample et rond.<\/p>\n","protected":false},"featured_media":136403,"comment_status":"open","ping_status":"closed","template":"","meta":{"_monsterinsights_skip_tracking":false,"_monsterinsights_sitenote_active":false,"_monsterinsights_sitenote_note":"","_monsterinsights_sitenote_category":0,"_uf_show_specific_survey":0,"_uf_disable_surveys":false},"product_brand":[],"product_cat":[36625,36586],"product_tag":[],"class_list":{"0":"post-138812","1":"product","2":"type-product","3":"status-publish","4":"has-post-thumbnail","6":"product_cat-fr-languedoc","7":"product_cat-vins-francais","8":"pa_alcohol-degree-40057","9":"pa_classification-vin-de-france","10":"pa_color-rouge-fr","11":"pa_country-france-fr","12":"pa_grape-variety-cinsault-fr","13":"pa_region-languedoc-fr","14":"pa_vintage-2023-fr","15":"pa_volume-75-cl-fr","17":"first","18":"instock","19":"taxable","20":"shipping-taxable","21":"purchasable","22":"product-type-simple"},"bundled_by":[],"bundle_stock_status":"instock","bundle_stock_quantity":null,"bundle_virtual":false,"bundle_layout":"","bundle_add_to_cart_form_location":"","bundle_editable_in_cart":false,"bundle_sold_individually_context":"","bundle_item_grouping":"","bundle_min_size":"","bundle_max_size":"","bundle_price":[],"bundled_items":[],"bundle_sell_ids":[],"yoast_head":"<!-- This site is optimized with the Yoast SEO plugin v27.5 - https:\/\/yoast.com\/product\/yoast-seo-wordpress\/ -->\n<title>Artisans Partisans - La nature dit TOUJOURS quelque chose - Rouge - IVINIO Caviste<\/title>\n<meta name=\"description\" content=\"Artisans Partisans - La nature dit TOUJOURS quelque chose - Vin rouge 100 % Cinsault. Notes de fruits rouges, ample, rond et fruit\u00e9. Un vin polyvalent \u00e0 servir l\u00e9g\u00e8rement frais.\" \/>\n<meta name=\"robots\" content=\"index, follow, max-snippet:-1, max-image-preview:large, max-video-preview:-1\" \/>\n<link rel=\"canonical\" href=\"https:\/\/www.ivinio.com\/fr\/produit\/artisans-partisans-la-nature-dit-toujours-quelque-chose-red\/\" \/>\n<meta property=\"og:locale\" content=\"fr_FR\" \/>\n<meta property=\"og:type\" content=\"article\" \/>\n<meta property=\"og:title\" content=\"Artisans Partisans - La nature dit TOUJOURS quelque chose - Rouge - IVINIO Caviste\" \/>\n<meta property=\"og:description\" content=\"Artisans Partisans - La nature dit TOUJOURS quelque chose - Vin rouge 100 % Cinsault. Notes de fruits rouges, ample, rond et fruit\u00e9. Un vin polyvalent \u00e0 servir l\u00e9g\u00e8rement frais.\" \/>\n<meta property=\"og:url\" content=\"https:\/\/www.ivinio.com\/fr\/produit\/artisans-partisans-la-nature-dit-toujours-quelque-chose-red\/\" \/>\n<meta property=\"og:site_name\" content=\"IVINIO Caviste\" \/>\n<meta property=\"article:publisher\" content=\"https:\/\/www.facebook.com\/groups\/165217837022391\/?ref=bookmarks\" \/>\n<meta property=\"article:modified_time\" content=\"2025-09-23T09:18:14+00:00\" \/>\n<meta property=\"og:image\" content=\"https:\/\/www.ivinio.com\/wp-content\/uploads\/2025\/01\/Artisan-partisan-la-nature-dit-toujours-quelque-chose-IVINIO.jpg\" \/>\n\t<meta property=\"og:image:width\" content=\"500\" \/>\n\t<meta property=\"og:image:height\" content=\"500\" \/>\n\t<meta property=\"og:image:type\" content=\"image\/jpeg\" \/>\n<meta name=\"twitter:card\" content=\"summary_large_image\" \/>\n<meta name=\"twitter:label1\" content=\"Dur\u00e9e de lecture estim\u00e9e\" \/>\n\t<meta name=\"twitter:data1\" content=\"1 minute\" \/>\n<script type=\"application\/ld+json\" class=\"yoast-schema-graph\">{\"@context\":\"https:\\\/\\\/schema.org\",\"@graph\":[{\"@type\":\"WebPage\",\"@id\":\"https:\\\/\\\/www.ivinio.com\\\/fr\\\/produit\\\/artisans-partisans-la-nature-dit-toujours-quelque-chose-red\\\/\",\"url\":\"https:\\\/\\\/www.ivinio.com\\\/fr\\\/produit\\\/artisans-partisans-la-nature-dit-toujours-quelque-chose-red\\\/\",\"name\":\"Artisans Partisans - La nature dit TOUJOURS quelque chose - Rouge - IVINIO Caviste\",\"isPartOf\":{\"@id\":\"https:\\\/\\\/www.ivinio.com\\\/fr\\\/#website\"},\"primaryImageOfPage\":{\"@id\":\"https:\\\/\\\/www.ivinio.com\\\/fr\\\/produit\\\/artisans-partisans-la-nature-dit-toujours-quelque-chose-red\\\/#primaryimage\"},\"image\":{\"@id\":\"https:\\\/\\\/www.ivinio.com\\\/fr\\\/produit\\\/artisans-partisans-la-nature-dit-toujours-quelque-chose-red\\\/#primaryimage\"},\"thumbnailUrl\":\"https:\\\/\\\/www.ivinio.com\\\/wp-content\\\/uploads\\\/2025\\\/01\\\/Artisan-partisan-la-nature-dit-toujours-quelque-chose-IVINIO.jpg\",\"datePublished\":\"2025-01-15T10:35:42+00:00\",\"dateModified\":\"2025-09-23T09:18:14+00:00\",\"description\":\"Artisans Partisans - La nature dit TOUJOURS quelque chose - Vin rouge 100 % Cinsault. Notes de fruits rouges, ample, rond et fruit\u00e9. Un vin polyvalent \u00e0 servir l\u00e9g\u00e8rement frais.\",\"breadcrumb\":{\"@id\":\"https:\\\/\\\/www.ivinio.com\\\/fr\\\/produit\\\/artisans-partisans-la-nature-dit-toujours-quelque-chose-red\\\/#breadcrumb\"},\"inLanguage\":\"fr-FR\",\"potentialAction\":[{\"@type\":\"ReadAction\",\"target\":[\"https:\\\/\\\/www.ivinio.com\\\/fr\\\/produit\\\/artisans-partisans-la-nature-dit-toujours-quelque-chose-red\\\/\"]}]},{\"@type\":\"ImageObject\",\"inLanguage\":\"fr-FR\",\"@id\":\"https:\\\/\\\/www.ivinio.com\\\/fr\\\/produit\\\/artisans-partisans-la-nature-dit-toujours-quelque-chose-red\\\/#primaryimage\",\"url\":\"https:\\\/\\\/www.ivinio.com\\\/wp-content\\\/uploads\\\/2025\\\/01\\\/Artisan-partisan-la-nature-dit-toujours-quelque-chose-IVINIO.jpg\",\"contentUrl\":\"https:\\\/\\\/www.ivinio.com\\\/wp-content\\\/uploads\\\/2025\\\/01\\\/Artisan-partisan-la-nature-dit-toujours-quelque-chose-IVINIO.jpg\",\"width\":500,\"height\":500},{\"@type\":\"BreadcrumbList\",\"@id\":\"https:\\\/\\\/www.ivinio.com\\\/fr\\\/produit\\\/artisans-partisans-la-nature-dit-toujours-quelque-chose-red\\\/#breadcrumb\",\"itemListElement\":[{\"@type\":\"ListItem\",\"position\":1,\"name\":\"Home\",\"item\":\"https:\\\/\\\/www.ivinio.com\\\/fr\\\/\"},{\"@type\":\"ListItem\",\"position\":2,\"name\":\"Boutique de vin\",\"item\":\"https:\\\/\\\/www.ivinio.com\\\/fr\\\/boutique-de-vin\\\/\"},{\"@type\":\"ListItem\",\"position\":3,\"name\":\"Artisans Partisans &#8211; La nature dit TOUJOURS quelque chose &#8211; Red\"}]},{\"@type\":\"WebSite\",\"@id\":\"https:\\\/\\\/www.ivinio.com\\\/fr\\\/#website\",\"url\":\"https:\\\/\\\/www.ivinio.com\\\/fr\\\/\",\"name\":\"IVINIO Caviste\",\"description\":\"Vins de France et d&#039;Italie avec livraison \u00e0 domicile\",\"publisher\":{\"@id\":\"https:\\\/\\\/www.ivinio.com\\\/fr\\\/#organization\"},\"potentialAction\":[{\"@type\":\"SearchAction\",\"target\":{\"@type\":\"EntryPoint\",\"urlTemplate\":\"https:\\\/\\\/www.ivinio.com\\\/fr\\\/?s={search_term_string}\"},\"query-input\":{\"@type\":\"PropertyValueSpecification\",\"valueRequired\":true,\"valueName\":\"search_term_string\"}}],\"inLanguage\":\"fr-FR\"},{\"@type\":\"Organization\",\"@id\":\"https:\\\/\\\/www.ivinio.com\\\/fr\\\/#organization\",\"name\":\"IVINIO\",\"url\":\"https:\\\/\\\/www.ivinio.com\\\/fr\\\/\",\"logo\":{\"@type\":\"ImageObject\",\"inLanguage\":\"fr-FR\",\"@id\":\"https:\\\/\\\/www.ivinio.com\\\/fr\\\/#\\\/schema\\\/logo\\\/image\\\/\",\"url\":\"https:\\\/\\\/www.ivinio.com\\\/wp-content\\\/uploads\\\/2021\\\/01\\\/Logo-Ivinio-v2.jpg\",\"contentUrl\":\"https:\\\/\\\/www.ivinio.com\\\/wp-content\\\/uploads\\\/2021\\\/01\\\/Logo-Ivinio-v2.jpg\",\"width\":1194,\"height\":1194,\"caption\":\"IVINIO\"},\"image\":{\"@id\":\"https:\\\/\\\/www.ivinio.com\\\/fr\\\/#\\\/schema\\\/logo\\\/image\\\/\"},\"sameAs\":[\"https:\\\/\\\/www.facebook.com\\\/groups\\\/165217837022391\\\/?ref=bookmarks\",\"https:\\\/\\\/www.instagram.com\\\/_ivinio_\\\/?hl=fr\"]}]}<\/script>\n<!-- \/ Yoast SEO plugin. -->","yoast_head_json":{"title":"Artisans Partisans - La nature dit TOUJOURS quelque chose - Rouge - IVINIO Caviste","description":"Artisans Partisans - La nature dit TOUJOURS quelque chose - Vin rouge 100 % Cinsault. Notes de fruits rouges, ample, rond et fruit\u00e9. Un vin polyvalent \u00e0 servir l\u00e9g\u00e8rement frais.","robots":{"index":"index","follow":"follow","max-snippet":"max-snippet:-1","max-image-preview":"max-image-preview:large","max-video-preview":"max-video-preview:-1"},"canonical":"https:\/\/www.ivinio.com\/fr\/produit\/artisans-partisans-la-nature-dit-toujours-quelque-chose-red\/","og_locale":"fr_FR","og_type":"article","og_title":"Artisans Partisans - La nature dit TOUJOURS quelque chose - Rouge - IVINIO Caviste","og_description":"Artisans Partisans - La nature dit TOUJOURS quelque chose - Vin rouge 100 % Cinsault. Notes de fruits rouges, ample, rond et fruit\u00e9. Un vin polyvalent \u00e0 servir l\u00e9g\u00e8rement frais.","og_url":"https:\/\/www.ivinio.com\/fr\/produit\/artisans-partisans-la-nature-dit-toujours-quelque-chose-red\/","og_site_name":"IVINIO Caviste","article_publisher":"https:\/\/www.facebook.com\/groups\/165217837022391\/?ref=bookmarks","article_modified_time":"2025-09-23T09:18:14+00:00","og_image":[{"width":500,"height":500,"url":"https:\/\/www.ivinio.com\/wp-content\/uploads\/2025\/01\/Artisan-partisan-la-nature-dit-toujours-quelque-chose-IVINIO.jpg","type":"image\/jpeg"}],"twitter_card":"summary_large_image","twitter_misc":{"Dur\u00e9e de lecture estim\u00e9e":"1 minute"},"schema":{"@context":"https:\/\/schema.org","@graph":[{"@type":"WebPage","@id":"https:\/\/www.ivinio.com\/fr\/produit\/artisans-partisans-la-nature-dit-toujours-quelque-chose-red\/","url":"https:\/\/www.ivinio.com\/fr\/produit\/artisans-partisans-la-nature-dit-toujours-quelque-chose-red\/","name":"Artisans Partisans - La nature dit TOUJOURS quelque chose - Rouge - IVINIO Caviste","isPartOf":{"@id":"https:\/\/www.ivinio.com\/fr\/#website"},"primaryImageOfPage":{"@id":"https:\/\/www.ivinio.com\/fr\/produit\/artisans-partisans-la-nature-dit-toujours-quelque-chose-red\/#primaryimage"},"image":{"@id":"https:\/\/www.ivinio.com\/fr\/produit\/artisans-partisans-la-nature-dit-toujours-quelque-chose-red\/#primaryimage"},"thumbnailUrl":"https:\/\/www.ivinio.com\/wp-content\/uploads\/2025\/01\/Artisan-partisan-la-nature-dit-toujours-quelque-chose-IVINIO.jpg","datePublished":"2025-01-15T10:35:42+00:00","dateModified":"2025-09-23T09:18:14+00:00","description":"Artisans Partisans - La nature dit TOUJOURS quelque chose - Vin rouge 100 % Cinsault. Notes de fruits rouges, ample, rond et fruit\u00e9. Un vin polyvalent \u00e0 servir l\u00e9g\u00e8rement frais.","breadcrumb":{"@id":"https:\/\/www.ivinio.com\/fr\/produit\/artisans-partisans-la-nature-dit-toujours-quelque-chose-red\/#breadcrumb"},"inLanguage":"fr-FR","potentialAction":[{"@type":"ReadAction","target":["https:\/\/www.ivinio.com\/fr\/produit\/artisans-partisans-la-nature-dit-toujours-quelque-chose-red\/"]}]},{"@type":"ImageObject","inLanguage":"fr-FR","@id":"https:\/\/www.ivinio.com\/fr\/produit\/artisans-partisans-la-nature-dit-toujours-quelque-chose-red\/#primaryimage","url":"https:\/\/www.ivinio.com\/wp-content\/uploads\/2025\/01\/Artisan-partisan-la-nature-dit-toujours-quelque-chose-IVINIO.jpg","contentUrl":"https:\/\/www.ivinio.com\/wp-content\/uploads\/2025\/01\/Artisan-partisan-la-nature-dit-toujours-quelque-chose-IVINIO.jpg","width":500,"height":500},{"@type":"BreadcrumbList","@id":"https:\/\/www.ivinio.com\/fr\/produit\/artisans-partisans-la-nature-dit-toujours-quelque-chose-red\/#breadcrumb","itemListElement":[{"@type":"ListItem","position":1,"name":"Home","item":"https:\/\/www.ivinio.com\/fr\/"},{"@type":"ListItem","position":2,"name":"Boutique de vin","item":"https:\/\/www.ivinio.com\/fr\/boutique-de-vin\/"},{"@type":"ListItem","position":3,"name":"Artisans Partisans &#8211; La nature dit TOUJOURS quelque chose &#8211; Red"}]},{"@type":"WebSite","@id":"https:\/\/www.ivinio.com\/fr\/#website","url":"https:\/\/www.ivinio.com\/fr\/","name":"IVINIO Caviste","description":"Vins de France et d&#039;Italie avec livraison \u00e0 domicile","publisher":{"@id":"https:\/\/www.ivinio.com\/fr\/#organization"},"potentialAction":[{"@type":"SearchAction","target":{"@type":"EntryPoint","urlTemplate":"https:\/\/www.ivinio.com\/fr\/?s={search_term_string}"},"query-input":{"@type":"PropertyValueSpecification","valueRequired":true,"valueName":"search_term_string"}}],"inLanguage":"fr-FR"},{"@type":"Organization","@id":"https:\/\/www.ivinio.com\/fr\/#organization","name":"IVINIO","url":"https:\/\/www.ivinio.com\/fr\/","logo":{"@type":"ImageObject","inLanguage":"fr-FR","@id":"https:\/\/www.ivinio.com\/fr\/#\/schema\/logo\/image\/","url":"https:\/\/www.ivinio.com\/wp-content\/uploads\/2021\/01\/Logo-Ivinio-v2.jpg","contentUrl":"https:\/\/www.ivinio.com\/wp-content\/uploads\/2021\/01\/Logo-Ivinio-v2.jpg","width":1194,"height":1194,"caption":"IVINIO"},"image":{"@id":"https:\/\/www.ivinio.com\/fr\/#\/schema\/logo\/image\/"},"sameAs":["https:\/\/www.facebook.com\/groups\/165217837022391\/?ref=bookmarks","https:\/\/www.instagram.com\/_ivinio_\/?hl=fr"]}]}},"jetpack_sharing_enabled":true,"_links":{"self":[{"href":"https:\/\/www.ivinio.com\/fr\/wp-json\/wp\/v2\/product\/138812","targetHints":{"allow":["GET"]}}],"collection":[{"href":"https:\/\/www.ivinio.com\/fr\/wp-json\/wp\/v2\/product"}],"about":[{"href":"https:\/\/www.ivinio.com\/fr\/wp-json\/wp\/v2\/types\/product"}],"replies":[{"embeddable":true,"href":"https:\/\/www.ivinio.com\/fr\/wp-json\/wp\/v2\/comments?post=138812"}],"wp:featuredmedia":[{"embeddable":true,"href":"https:\/\/www.ivinio.com\/fr\/wp-json\/wp\/v2\/media\/136403"}],"wp:attachment":[{"href":"https:\/\/www.ivinio.com\/fr\/wp-json\/wp\/v2\/media?parent=138812"}],"wp:term":[{"taxonomy":"product_brand","embeddable":true,"href":"https:\/\/www.ivinio.com\/fr\/wp-json\/wp\/v2\/product_brand?post=138812"},{"taxonomy":"product_cat","embeddable":true,"href":"https:\/\/www.ivinio.com\/fr\/wp-json\/wp\/v2\/product_cat?post=138812"},{"taxonomy":"product_tag","embeddable":true,"href":"https:\/\/www.ivinio.com\/fr\/wp-json\/wp\/v2\/product_tag?post=138812"}],"curies":[{"name":"wp","href":"https:\/\/api.w.org\/{rel}","templated":true}]}}