{"id":138674,"date":"2025-09-04T12:01:35","date_gmt":"2025-09-04T10:01:35","guid":{"rendered":"https:\/\/www.ivinio.com\/product\/francesca-fiasco-lapazio-blanc\/"},"modified":"2025-09-04T12:09:56","modified_gmt":"2025-09-04T10:09:56","slug":"francesca-fiasco-lapazio-blanc","status":"publish","type":"product","link":"https:\/\/www.ivinio.com\/fr\/produit\/francesca-fiasco-lapazio-blanc\/","title":{"rendered":"Francesca Fiasco &#8211; Lapazio &#8211; Blanc"},"content":{"rendered":"<p data-start=\"42\" data-end=\"258\">Francesca Fiasco &#8211; Lapazio &#8211; Blanc est produit dans la r\u00e9gion de Paestum, dans le Cilento, en Campanie. Ce vin blanc artisanal et biodynamique refl\u00e8te les terroirs et les traditions viticoles de la r\u00e9gion. Il est compos\u00e9 de 40 % <span class=\"relative -mx-px my-[-0.2rem] rounded px-px py-[0.2rem] transition-colors duration-100 ease-in-out\" style=\"font-size: 1rem;\">de Fiano, 40 % de Falanghina et 10 \u00e0 20 % de Coda di Volpe, parfois compl\u00e9t\u00e9 par d&#8217;autres c\u00e9pages locaux. Les raisins sont cultiv\u00e9s <\/span><span class=\"relative -mx-px my-[-0.2rem] rounded px-px py-[0.2rem] transition-colors duration-100 ease-in-out\" style=\"font-size: 1rem;\">sur un sol argilo-limoneux \u00e0 450 m d&#8217;altitude. Les vendanges sont <\/span><span class=\"relative -mx-px my-[-0.2rem] rounded px-px py-[0.2rem] transition-colors duration-100 ease-in-out\" style=\"font-size: 1rem;\"> manuelles avec tri et commencent g\u00e9n\u00e9ralement d\u00e9but octobre. La fermentation se d\u00e9roule en <\/span><span class=\"relative -mx-px my-[-0.2rem] rounded px-px py-[0.2rem] transition-colors duration-100 ease-in-out\" style=\"font-size: 1rem;\">tonneaux de ch\u00eane fran\u00e7ais, avec une pr\u00e9f\u00e9rence pour les f\u00fbts neufs et d&#8217;occasion (environ 30 % neufs, 70 % de seconde utilisation) pendant environ 10 mois. Le vin est ensuite \u00e9lev\u00e9 <\/span><span class=\"relative -mx-px my-[-0.2rem] rounded px-px py-[0.2rem] transition-colors duration-100 ease-in-out\" style=\"font-size: 1rem;\">environ 4 mois en bouteille avant sa commercialisation<\/span><span style=\"font-size: 1rem;\">.<\/span><\/p>\n","protected":false},"excerpt":{"rendered":"<p>Un vin blanc sec et vif, issu de l&#8217;agriculture biodynamique, originaire de Campanie.<\/p>\n","protected":false},"featured_media":138408,"comment_status":"open","ping_status":"closed","template":"","meta":{"_monsterinsights_skip_tracking":false,"_monsterinsights_sitenote_active":false,"_monsterinsights_sitenote_note":"","_monsterinsights_sitenote_category":0,"_uf_show_specific_survey":0,"_uf_disable_surveys":false},"product_brand":[],"product_cat":[36604,36589],"product_tag":[],"class_list":{"0":"post-138674","1":"product","2":"type-product","3":"status-publish","4":"has-post-thumbnail","6":"product_cat-fr-les-pouilles-campania","7":"product_cat-vins-italiens","9":"first","10":"instock","11":"taxable","12":"shipping-taxable","13":"purchasable","14":"product-type-simple"},"bundled_by":[],"bundle_stock_status":"instock","bundle_stock_quantity":null,"bundle_virtual":false,"bundle_layout":"","bundle_add_to_cart_form_location":"","bundle_editable_in_cart":false,"bundle_sold_individually_context":"","bundle_item_grouping":"","bundle_min_size":"","bundle_max_size":"","bundle_price":[],"bundled_items":[],"bundle_sell_ids":[],"yoast_head":"<!-- This site is optimized with the Yoast SEO plugin v27.4 - https:\/\/yoast.com\/product\/yoast-seo-wordpress\/ -->\n<title>Francesca Fiasco - Lapazio - Blanc - IVINIO Caviste<\/title>\n<meta name=\"description\" content=\"Francesca Fiasco - Lapazio - Vin blanc. Sec et frais, il pr\u00e9sente une acidit\u00e9 et une min\u00e9ralit\u00e9 marqu\u00e9e. Juteux, poivr\u00e9, l\u00e9g\u00e8rement sal\u00e9, il d\u00e9voile des notes subtiles d&#039;agrumes.\" \/>\n<meta name=\"robots\" content=\"index, follow, max-snippet:-1, max-image-preview:large, max-video-preview:-1\" \/>\n<link rel=\"canonical\" href=\"https:\/\/www.ivinio.com\/fr\/produit\/francesca-fiasco-lapazio-blanc\/\" \/>\n<meta property=\"og:locale\" content=\"fr_FR\" \/>\n<meta property=\"og:type\" content=\"article\" \/>\n<meta property=\"og:title\" content=\"Francesca Fiasco - Lapazio - Blanc - IVINIO Caviste\" \/>\n<meta property=\"og:description\" content=\"Francesca Fiasco - Lapazio - Vin blanc. Sec et frais, il pr\u00e9sente une acidit\u00e9 et une min\u00e9ralit\u00e9 marqu\u00e9e. Juteux, poivr\u00e9, l\u00e9g\u00e8rement sal\u00e9, il d\u00e9voile des notes subtiles d&#039;agrumes.\" \/>\n<meta property=\"og:url\" content=\"https:\/\/www.ivinio.com\/fr\/produit\/francesca-fiasco-lapazio-blanc\/\" \/>\n<meta property=\"og:site_name\" content=\"IVINIO Caviste\" \/>\n<meta property=\"article:publisher\" content=\"https:\/\/www.facebook.com\/groups\/165217837022391\/?ref=bookmarks\" \/>\n<meta property=\"article:modified_time\" content=\"2025-09-04T10:09:56+00:00\" \/>\n<meta property=\"og:image\" content=\"https:\/\/www.ivinio.com\/wp-content\/uploads\/2025\/06\/Francesca-Fiasco-Lapazio-IVINIO.jpg\" \/>\n\t<meta property=\"og:image:width\" content=\"500\" \/>\n\t<meta property=\"og:image:height\" content=\"500\" \/>\n\t<meta property=\"og:image:type\" content=\"image\/jpeg\" \/>\n<meta name=\"twitter:card\" content=\"summary_large_image\" \/>\n<meta name=\"twitter:label1\" content=\"Dur\u00e9e de lecture estim\u00e9e\" \/>\n\t<meta name=\"twitter:data1\" content=\"1 minute\" \/>\n<script type=\"application\/ld+json\" class=\"yoast-schema-graph\">{\"@context\":\"https:\\\/\\\/schema.org\",\"@graph\":[{\"@type\":\"WebPage\",\"@id\":\"https:\\\/\\\/www.ivinio.com\\\/fr\\\/produit\\\/francesca-fiasco-lapazio-blanc\\\/\",\"url\":\"https:\\\/\\\/www.ivinio.com\\\/fr\\\/produit\\\/francesca-fiasco-lapazio-blanc\\\/\",\"name\":\"Francesca Fiasco - Lapazio - Blanc - IVINIO Caviste\",\"isPartOf\":{\"@id\":\"https:\\\/\\\/www.ivinio.com\\\/fr\\\/#website\"},\"primaryImageOfPage\":{\"@id\":\"https:\\\/\\\/www.ivinio.com\\\/fr\\\/produit\\\/francesca-fiasco-lapazio-blanc\\\/#primaryimage\"},\"image\":{\"@id\":\"https:\\\/\\\/www.ivinio.com\\\/fr\\\/produit\\\/francesca-fiasco-lapazio-blanc\\\/#primaryimage\"},\"thumbnailUrl\":\"https:\\\/\\\/www.ivinio.com\\\/wp-content\\\/uploads\\\/2025\\\/06\\\/Francesca-Fiasco-Lapazio-IVINIO.jpg\",\"datePublished\":\"2025-09-04T10:01:35+00:00\",\"dateModified\":\"2025-09-04T10:09:56+00:00\",\"description\":\"Francesca Fiasco - Lapazio - Vin blanc. Sec et frais, il pr\u00e9sente une acidit\u00e9 et une min\u00e9ralit\u00e9 marqu\u00e9e. Juteux, poivr\u00e9, l\u00e9g\u00e8rement sal\u00e9, il d\u00e9voile des notes subtiles d'agrumes.\",\"breadcrumb\":{\"@id\":\"https:\\\/\\\/www.ivinio.com\\\/fr\\\/produit\\\/francesca-fiasco-lapazio-blanc\\\/#breadcrumb\"},\"inLanguage\":\"fr-FR\",\"potentialAction\":[{\"@type\":\"ReadAction\",\"target\":[\"https:\\\/\\\/www.ivinio.com\\\/fr\\\/produit\\\/francesca-fiasco-lapazio-blanc\\\/\"]}]},{\"@type\":\"ImageObject\",\"inLanguage\":\"fr-FR\",\"@id\":\"https:\\\/\\\/www.ivinio.com\\\/fr\\\/produit\\\/francesca-fiasco-lapazio-blanc\\\/#primaryimage\",\"url\":\"https:\\\/\\\/www.ivinio.com\\\/wp-content\\\/uploads\\\/2025\\\/06\\\/Francesca-Fiasco-Lapazio-IVINIO.jpg\",\"contentUrl\":\"https:\\\/\\\/www.ivinio.com\\\/wp-content\\\/uploads\\\/2025\\\/06\\\/Francesca-Fiasco-Lapazio-IVINIO.jpg\",\"width\":500,\"height\":500},{\"@type\":\"BreadcrumbList\",\"@id\":\"https:\\\/\\\/www.ivinio.com\\\/fr\\\/produit\\\/francesca-fiasco-lapazio-blanc\\\/#breadcrumb\",\"itemListElement\":[{\"@type\":\"ListItem\",\"position\":1,\"name\":\"Home\",\"item\":\"https:\\\/\\\/www.ivinio.com\\\/fr\\\/\"},{\"@type\":\"ListItem\",\"position\":2,\"name\":\"Boutique de vin\",\"item\":\"https:\\\/\\\/www.ivinio.com\\\/fr\\\/boutique-de-vin\\\/\"},{\"@type\":\"ListItem\",\"position\":3,\"name\":\"Francesca Fiasco &#8211; Lapazio &#8211; Blanc\"}]},{\"@type\":\"WebSite\",\"@id\":\"https:\\\/\\\/www.ivinio.com\\\/fr\\\/#website\",\"url\":\"https:\\\/\\\/www.ivinio.com\\\/fr\\\/\",\"name\":\"IVINIO Caviste\",\"description\":\"Vins de France et d&#039;Italie avec livraison \u00e0 domicile\",\"publisher\":{\"@id\":\"https:\\\/\\\/www.ivinio.com\\\/fr\\\/#organization\"},\"potentialAction\":[{\"@type\":\"SearchAction\",\"target\":{\"@type\":\"EntryPoint\",\"urlTemplate\":\"https:\\\/\\\/www.ivinio.com\\\/fr\\\/?s={search_term_string}\"},\"query-input\":{\"@type\":\"PropertyValueSpecification\",\"valueRequired\":true,\"valueName\":\"search_term_string\"}}],\"inLanguage\":\"fr-FR\"},{\"@type\":\"Organization\",\"@id\":\"https:\\\/\\\/www.ivinio.com\\\/fr\\\/#organization\",\"name\":\"IVINIO\",\"url\":\"https:\\\/\\\/www.ivinio.com\\\/fr\\\/\",\"logo\":{\"@type\":\"ImageObject\",\"inLanguage\":\"fr-FR\",\"@id\":\"https:\\\/\\\/www.ivinio.com\\\/fr\\\/#\\\/schema\\\/logo\\\/image\\\/\",\"url\":\"https:\\\/\\\/www.ivinio.com\\\/wp-content\\\/uploads\\\/2021\\\/01\\\/Logo-Ivinio-v2.jpg\",\"contentUrl\":\"https:\\\/\\\/www.ivinio.com\\\/wp-content\\\/uploads\\\/2021\\\/01\\\/Logo-Ivinio-v2.jpg\",\"width\":1194,\"height\":1194,\"caption\":\"IVINIO\"},\"image\":{\"@id\":\"https:\\\/\\\/www.ivinio.com\\\/fr\\\/#\\\/schema\\\/logo\\\/image\\\/\"},\"sameAs\":[\"https:\\\/\\\/www.facebook.com\\\/groups\\\/165217837022391\\\/?ref=bookmarks\",\"https:\\\/\\\/www.instagram.com\\\/_ivinio_\\\/?hl=fr\"]}]}<\/script>\n<!-- \/ Yoast SEO plugin. -->","yoast_head_json":{"title":"Francesca Fiasco - Lapazio - Blanc - IVINIO Caviste","description":"Francesca Fiasco - Lapazio - Vin blanc. Sec et frais, il pr\u00e9sente une acidit\u00e9 et une min\u00e9ralit\u00e9 marqu\u00e9e. Juteux, poivr\u00e9, l\u00e9g\u00e8rement sal\u00e9, il d\u00e9voile des notes subtiles d'agrumes.","robots":{"index":"index","follow":"follow","max-snippet":"max-snippet:-1","max-image-preview":"max-image-preview:large","max-video-preview":"max-video-preview:-1"},"canonical":"https:\/\/www.ivinio.com\/fr\/produit\/francesca-fiasco-lapazio-blanc\/","og_locale":"fr_FR","og_type":"article","og_title":"Francesca Fiasco - Lapazio - Blanc - IVINIO Caviste","og_description":"Francesca Fiasco - Lapazio - Vin blanc. Sec et frais, il pr\u00e9sente une acidit\u00e9 et une min\u00e9ralit\u00e9 marqu\u00e9e. Juteux, poivr\u00e9, l\u00e9g\u00e8rement sal\u00e9, il d\u00e9voile des notes subtiles d'agrumes.","og_url":"https:\/\/www.ivinio.com\/fr\/produit\/francesca-fiasco-lapazio-blanc\/","og_site_name":"IVINIO Caviste","article_publisher":"https:\/\/www.facebook.com\/groups\/165217837022391\/?ref=bookmarks","article_modified_time":"2025-09-04T10:09:56+00:00","og_image":[{"width":500,"height":500,"url":"https:\/\/www.ivinio.com\/wp-content\/uploads\/2025\/06\/Francesca-Fiasco-Lapazio-IVINIO.jpg","type":"image\/jpeg"}],"twitter_card":"summary_large_image","twitter_misc":{"Dur\u00e9e de lecture estim\u00e9e":"1 minute"},"schema":{"@context":"https:\/\/schema.org","@graph":[{"@type":"WebPage","@id":"https:\/\/www.ivinio.com\/fr\/produit\/francesca-fiasco-lapazio-blanc\/","url":"https:\/\/www.ivinio.com\/fr\/produit\/francesca-fiasco-lapazio-blanc\/","name":"Francesca Fiasco - Lapazio - Blanc - IVINIO Caviste","isPartOf":{"@id":"https:\/\/www.ivinio.com\/fr\/#website"},"primaryImageOfPage":{"@id":"https:\/\/www.ivinio.com\/fr\/produit\/francesca-fiasco-lapazio-blanc\/#primaryimage"},"image":{"@id":"https:\/\/www.ivinio.com\/fr\/produit\/francesca-fiasco-lapazio-blanc\/#primaryimage"},"thumbnailUrl":"https:\/\/www.ivinio.com\/wp-content\/uploads\/2025\/06\/Francesca-Fiasco-Lapazio-IVINIO.jpg","datePublished":"2025-09-04T10:01:35+00:00","dateModified":"2025-09-04T10:09:56+00:00","description":"Francesca Fiasco - Lapazio - Vin blanc. Sec et frais, il pr\u00e9sente une acidit\u00e9 et une min\u00e9ralit\u00e9 marqu\u00e9e. Juteux, poivr\u00e9, l\u00e9g\u00e8rement sal\u00e9, il d\u00e9voile des notes subtiles d'agrumes.","breadcrumb":{"@id":"https:\/\/www.ivinio.com\/fr\/produit\/francesca-fiasco-lapazio-blanc\/#breadcrumb"},"inLanguage":"fr-FR","potentialAction":[{"@type":"ReadAction","target":["https:\/\/www.ivinio.com\/fr\/produit\/francesca-fiasco-lapazio-blanc\/"]}]},{"@type":"ImageObject","inLanguage":"fr-FR","@id":"https:\/\/www.ivinio.com\/fr\/produit\/francesca-fiasco-lapazio-blanc\/#primaryimage","url":"https:\/\/www.ivinio.com\/wp-content\/uploads\/2025\/06\/Francesca-Fiasco-Lapazio-IVINIO.jpg","contentUrl":"https:\/\/www.ivinio.com\/wp-content\/uploads\/2025\/06\/Francesca-Fiasco-Lapazio-IVINIO.jpg","width":500,"height":500},{"@type":"BreadcrumbList","@id":"https:\/\/www.ivinio.com\/fr\/produit\/francesca-fiasco-lapazio-blanc\/#breadcrumb","itemListElement":[{"@type":"ListItem","position":1,"name":"Home","item":"https:\/\/www.ivinio.com\/fr\/"},{"@type":"ListItem","position":2,"name":"Boutique de vin","item":"https:\/\/www.ivinio.com\/fr\/boutique-de-vin\/"},{"@type":"ListItem","position":3,"name":"Francesca Fiasco &#8211; Lapazio &#8211; Blanc"}]},{"@type":"WebSite","@id":"https:\/\/www.ivinio.com\/fr\/#website","url":"https:\/\/www.ivinio.com\/fr\/","name":"IVINIO Caviste","description":"Vins de France et d&#039;Italie avec livraison \u00e0 domicile","publisher":{"@id":"https:\/\/www.ivinio.com\/fr\/#organization"},"potentialAction":[{"@type":"SearchAction","target":{"@type":"EntryPoint","urlTemplate":"https:\/\/www.ivinio.com\/fr\/?s={search_term_string}"},"query-input":{"@type":"PropertyValueSpecification","valueRequired":true,"valueName":"search_term_string"}}],"inLanguage":"fr-FR"},{"@type":"Organization","@id":"https:\/\/www.ivinio.com\/fr\/#organization","name":"IVINIO","url":"https:\/\/www.ivinio.com\/fr\/","logo":{"@type":"ImageObject","inLanguage":"fr-FR","@id":"https:\/\/www.ivinio.com\/fr\/#\/schema\/logo\/image\/","url":"https:\/\/www.ivinio.com\/wp-content\/uploads\/2021\/01\/Logo-Ivinio-v2.jpg","contentUrl":"https:\/\/www.ivinio.com\/wp-content\/uploads\/2021\/01\/Logo-Ivinio-v2.jpg","width":1194,"height":1194,"caption":"IVINIO"},"image":{"@id":"https:\/\/www.ivinio.com\/fr\/#\/schema\/logo\/image\/"},"sameAs":["https:\/\/www.facebook.com\/groups\/165217837022391\/?ref=bookmarks","https:\/\/www.instagram.com\/_ivinio_\/?hl=fr"]}]}},"jetpack_sharing_enabled":true,"_links":{"self":[{"href":"https:\/\/www.ivinio.com\/fr\/wp-json\/wp\/v2\/product\/138674","targetHints":{"allow":["GET"]}}],"collection":[{"href":"https:\/\/www.ivinio.com\/fr\/wp-json\/wp\/v2\/product"}],"about":[{"href":"https:\/\/www.ivinio.com\/fr\/wp-json\/wp\/v2\/types\/product"}],"replies":[{"embeddable":true,"href":"https:\/\/www.ivinio.com\/fr\/wp-json\/wp\/v2\/comments?post=138674"}],"wp:featuredmedia":[{"embeddable":true,"href":"https:\/\/www.ivinio.com\/fr\/wp-json\/wp\/v2\/media\/138408"}],"wp:attachment":[{"href":"https:\/\/www.ivinio.com\/fr\/wp-json\/wp\/v2\/media?parent=138674"}],"wp:term":[{"taxonomy":"product_brand","embeddable":true,"href":"https:\/\/www.ivinio.com\/fr\/wp-json\/wp\/v2\/product_brand?post=138674"},{"taxonomy":"product_cat","embeddable":true,"href":"https:\/\/www.ivinio.com\/fr\/wp-json\/wp\/v2\/product_cat?post=138674"},{"taxonomy":"product_tag","embeddable":true,"href":"https:\/\/www.ivinio.com\/fr\/wp-json\/wp\/v2\/product_tag?post=138674"}],"curies":[{"name":"wp","href":"https:\/\/api.w.org\/{rel}","templated":true}]}}