{"id":138582,"date":"2025-08-12T19:29:30","date_gmt":"2025-08-12T17:29:30","guid":{"rendered":"https:\/\/www.ivinio.com\/product\/cantine-san-marzano-edda-blanc\/"},"modified":"2025-08-12T19:34:31","modified_gmt":"2025-08-12T17:34:31","slug":"cantine-san-marzano-edda-blanc","status":"publish","type":"product","link":"https:\/\/www.ivinio.com\/fr\/produit\/cantine-san-marzano-edda-blanc\/","title":{"rendered":"Cantine San Marzano &#8211; Edda &#8211; Blanc"},"content":{"rendered":"<p data-start=\"42\" data-end=\"233\">Cantine San Marzano &#8211; Edda &#8211; Le vin blanc est compos\u00e9 d&#8217;environ 60 % de Chardonnay, 20 <span style=\"font-size: 1rem;\">% de Moscatello Selvatico et 20 % de Fiano. <span class=\"relative -mx-px my-[-0.2rem] rounded px-px py-[0.2rem] transition-colors duration-100 ease-in-out\">Edda signifie \u00ab elle \u00bb en dialecte du Salento et ce vin incarne le c\u00f4t\u00e9 f\u00e9minin, sensuel et complexe de San Marzano. <\/span>Les raisins<\/span><span class=\"relative -mx-px my-[-0.2rem] rounded px-px py-[0.2rem] transition-colors duration-100 ease-in-out\" style=\"font-size: 1rem;\">sont cultiv\u00e9s dans le Salento, sur des sols argilo-calcaires \u00e0 environ 100 m d&#8217;altitude. <\/span><span style=\"font-size: 1rem;\">Les vendanges ont lieu en ao\u00fbt, suivies d&#8217;une <\/span>cryomac\u00e9ration<span style=\"font-size: 1rem;\"> (mac\u00e9ration \u00e0 froid), d&#8217;un pressurage doux et d&#8217;une clarification \u00e0 froid du mo\u00fbt. <\/span><span class=\"relative -mx-px my-[-0.2rem] rounded px-px py-[0.2rem] transition-colors duration-100 ease-in-out\" style=\"font-size: 1rem;\">La fermentation alcoolique se d\u00e9roule en barriques de ch\u00eane fran\u00e7ais, suivie d&#8217;un \u00e9levage de 4 mois sur lies avec b\u00e2tonnage r\u00e9gulier. <\/span>Edda Bianco est un vin blanc riche et aromatique qui allie le Chardonnay \u00e0 d&#8217;authentiques c\u00e9pages locaux. Gr\u00e2ce \u00e0 l&#8217;\u00e9levage en f\u00fbts de ch\u00eane et sur lies, il acquiert \u00e0 la fois ampleur, complexit\u00e9 et profondeur, tout en conservant une certaine acidit\u00e9 et une certaine min\u00e9ralit\u00e9. Un choix raffin\u00e9 pour les plats d&#8217;inspiration m\u00e9diterran\u00e9enne, des poissons et fruits de mer aux fromages cr\u00e9meux.<\/p>\n<p data-start=\"1897\" data-end=\"1976\">\n","protected":false},"excerpt":{"rendered":"<p>Un vin blanc \u00e9l\u00e9gant et rond, issu de la p\u00e9ninsule ensoleill\u00e9e du Salento, dans les Pouilles, alliant des c\u00e9pages de renomm\u00e9e internationale \u00e0 des c\u00e9pages locaux.<\/p>\n","protected":false},"featured_media":138403,"comment_status":"open","ping_status":"closed","template":"","meta":{"_monsterinsights_skip_tracking":false,"_monsterinsights_sitenote_active":false,"_monsterinsights_sitenote_note":"","_monsterinsights_sitenote_category":0,"_uf_show_specific_survey":0,"_uf_disable_surveys":false},"product_brand":[],"product_cat":[36604,36589],"product_tag":[],"class_list":{"0":"post-138582","1":"product","2":"type-product","3":"status-publish","4":"has-post-thumbnail","6":"product_cat-fr-les-pouilles-campania","7":"product_cat-vins-italiens","9":"first","10":"instock","11":"taxable","12":"shipping-taxable","13":"purchasable","14":"product-type-simple"},"bundled_by":[],"bundle_stock_status":"instock","bundle_stock_quantity":null,"bundle_virtual":false,"bundle_layout":"","bundle_add_to_cart_form_location":"","bundle_editable_in_cart":false,"bundle_sold_individually_context":"","bundle_item_grouping":"","bundle_min_size":"","bundle_max_size":"","bundle_price":[],"bundled_items":[],"bundle_sell_ids":[],"yoast_head":"<!-- This site is optimized with the Yoast SEO plugin v27.3 - https:\/\/yoast.com\/product\/yoast-seo-wordpress\/ -->\n<title>Cantine San Marzano - Edda - Blanc - IVINIO Caviste<\/title>\n<meta name=\"description\" content=\"Cantine San Marzano - Edda - Vin blanc. Ar\u00f4mes de p\u00eache, d&#039;agrumes, de vanille et une l\u00e9g\u00e8re salinit\u00e9 avec des notes de ch\u00eane grill\u00e9. \u00c0 servir avec des antipasti et des entr\u00e9es de poisson.\" \/>\n<meta name=\"robots\" content=\"index, follow, max-snippet:-1, max-image-preview:large, max-video-preview:-1\" \/>\n<link rel=\"canonical\" href=\"https:\/\/www.ivinio.com\/fr\/produit\/cantine-san-marzano-edda-blanc\/\" \/>\n<meta property=\"og:locale\" content=\"fr_FR\" \/>\n<meta property=\"og:type\" content=\"article\" \/>\n<meta property=\"og:title\" content=\"Cantine San Marzano - Edda - Blanc - IVINIO Caviste\" \/>\n<meta property=\"og:description\" content=\"Cantine San Marzano - Edda - Vin blanc. Ar\u00f4mes de p\u00eache, d&#039;agrumes, de vanille et une l\u00e9g\u00e8re salinit\u00e9 avec des notes de ch\u00eane grill\u00e9. \u00c0 servir avec des antipasti et des entr\u00e9es de poisson.\" \/>\n<meta property=\"og:url\" content=\"https:\/\/www.ivinio.com\/fr\/produit\/cantine-san-marzano-edda-blanc\/\" \/>\n<meta property=\"og:site_name\" content=\"IVINIO Caviste\" \/>\n<meta property=\"article:publisher\" content=\"https:\/\/www.facebook.com\/groups\/165217837022391\/?ref=bookmarks\" \/>\n<meta property=\"article:modified_time\" content=\"2025-08-12T17:34:31+00:00\" \/>\n<meta property=\"og:image\" content=\"https:\/\/www.ivinio.com\/wp-content\/uploads\/2025\/06\/Cantine-San-Marzano-Edda-IVINIO.jpg\" \/>\n\t<meta property=\"og:image:width\" content=\"500\" \/>\n\t<meta property=\"og:image:height\" content=\"500\" \/>\n\t<meta property=\"og:image:type\" content=\"image\/jpeg\" \/>\n<meta name=\"twitter:card\" content=\"summary_large_image\" \/>\n<meta name=\"twitter:label1\" content=\"Dur\u00e9e de lecture estim\u00e9e\" \/>\n\t<meta name=\"twitter:data1\" content=\"1 minute\" \/>\n<script type=\"application\/ld+json\" class=\"yoast-schema-graph\">{\"@context\":\"https:\\\/\\\/schema.org\",\"@graph\":[{\"@type\":\"WebPage\",\"@id\":\"https:\\\/\\\/www.ivinio.com\\\/fr\\\/produit\\\/cantine-san-marzano-edda-blanc\\\/\",\"url\":\"https:\\\/\\\/www.ivinio.com\\\/fr\\\/produit\\\/cantine-san-marzano-edda-blanc\\\/\",\"name\":\"Cantine San Marzano - Edda - Blanc - IVINIO Caviste\",\"isPartOf\":{\"@id\":\"https:\\\/\\\/www.ivinio.com\\\/fr\\\/#website\"},\"primaryImageOfPage\":{\"@id\":\"https:\\\/\\\/www.ivinio.com\\\/fr\\\/produit\\\/cantine-san-marzano-edda-blanc\\\/#primaryimage\"},\"image\":{\"@id\":\"https:\\\/\\\/www.ivinio.com\\\/fr\\\/produit\\\/cantine-san-marzano-edda-blanc\\\/#primaryimage\"},\"thumbnailUrl\":\"https:\\\/\\\/www.ivinio.com\\\/wp-content\\\/uploads\\\/2025\\\/06\\\/Cantine-San-Marzano-Edda-IVINIO.jpg\",\"datePublished\":\"2025-08-12T17:29:30+00:00\",\"dateModified\":\"2025-08-12T17:34:31+00:00\",\"description\":\"Cantine San Marzano - Edda - Vin blanc. Ar\u00f4mes de p\u00eache, d'agrumes, de vanille et une l\u00e9g\u00e8re salinit\u00e9 avec des notes de ch\u00eane grill\u00e9. \u00c0 servir avec des antipasti et des entr\u00e9es de poisson.\",\"breadcrumb\":{\"@id\":\"https:\\\/\\\/www.ivinio.com\\\/fr\\\/produit\\\/cantine-san-marzano-edda-blanc\\\/#breadcrumb\"},\"inLanguage\":\"fr-FR\",\"potentialAction\":[{\"@type\":\"ReadAction\",\"target\":[\"https:\\\/\\\/www.ivinio.com\\\/fr\\\/produit\\\/cantine-san-marzano-edda-blanc\\\/\"]}]},{\"@type\":\"ImageObject\",\"inLanguage\":\"fr-FR\",\"@id\":\"https:\\\/\\\/www.ivinio.com\\\/fr\\\/produit\\\/cantine-san-marzano-edda-blanc\\\/#primaryimage\",\"url\":\"https:\\\/\\\/www.ivinio.com\\\/wp-content\\\/uploads\\\/2025\\\/06\\\/Cantine-San-Marzano-Edda-IVINIO.jpg\",\"contentUrl\":\"https:\\\/\\\/www.ivinio.com\\\/wp-content\\\/uploads\\\/2025\\\/06\\\/Cantine-San-Marzano-Edda-IVINIO.jpg\",\"width\":500,\"height\":500},{\"@type\":\"BreadcrumbList\",\"@id\":\"https:\\\/\\\/www.ivinio.com\\\/fr\\\/produit\\\/cantine-san-marzano-edda-blanc\\\/#breadcrumb\",\"itemListElement\":[{\"@type\":\"ListItem\",\"position\":1,\"name\":\"Home\",\"item\":\"https:\\\/\\\/www.ivinio.com\\\/fr\\\/\"},{\"@type\":\"ListItem\",\"position\":2,\"name\":\"Boutique de vin\",\"item\":\"https:\\\/\\\/www.ivinio.com\\\/fr\\\/boutique-de-vin\\\/\"},{\"@type\":\"ListItem\",\"position\":3,\"name\":\"Cantine San Marzano &#8211; Edda &#8211; Blanc\"}]},{\"@type\":\"WebSite\",\"@id\":\"https:\\\/\\\/www.ivinio.com\\\/fr\\\/#website\",\"url\":\"https:\\\/\\\/www.ivinio.com\\\/fr\\\/\",\"name\":\"IVINIO Caviste\",\"description\":\"Vins de France et d&#039;Italie avec livraison \u00e0 domicile\",\"publisher\":{\"@id\":\"https:\\\/\\\/www.ivinio.com\\\/fr\\\/#organization\"},\"potentialAction\":[{\"@type\":\"SearchAction\",\"target\":{\"@type\":\"EntryPoint\",\"urlTemplate\":\"https:\\\/\\\/www.ivinio.com\\\/fr\\\/?s={search_term_string}\"},\"query-input\":{\"@type\":\"PropertyValueSpecification\",\"valueRequired\":true,\"valueName\":\"search_term_string\"}}],\"inLanguage\":\"fr-FR\"},{\"@type\":\"Organization\",\"@id\":\"https:\\\/\\\/www.ivinio.com\\\/fr\\\/#organization\",\"name\":\"IVINIO\",\"url\":\"https:\\\/\\\/www.ivinio.com\\\/fr\\\/\",\"logo\":{\"@type\":\"ImageObject\",\"inLanguage\":\"fr-FR\",\"@id\":\"https:\\\/\\\/www.ivinio.com\\\/fr\\\/#\\\/schema\\\/logo\\\/image\\\/\",\"url\":\"https:\\\/\\\/www.ivinio.com\\\/wp-content\\\/uploads\\\/2021\\\/01\\\/Logo-Ivinio-v2.jpg\",\"contentUrl\":\"https:\\\/\\\/www.ivinio.com\\\/wp-content\\\/uploads\\\/2021\\\/01\\\/Logo-Ivinio-v2.jpg\",\"width\":1194,\"height\":1194,\"caption\":\"IVINIO\"},\"image\":{\"@id\":\"https:\\\/\\\/www.ivinio.com\\\/fr\\\/#\\\/schema\\\/logo\\\/image\\\/\"},\"sameAs\":[\"https:\\\/\\\/www.facebook.com\\\/groups\\\/165217837022391\\\/?ref=bookmarks\",\"https:\\\/\\\/www.instagram.com\\\/_ivinio_\\\/?hl=fr\"]}]}<\/script>\n<!-- \/ Yoast SEO plugin. -->","yoast_head_json":{"title":"Cantine San Marzano - Edda - Blanc - IVINIO Caviste","description":"Cantine San Marzano - Edda - Vin blanc. Ar\u00f4mes de p\u00eache, d'agrumes, de vanille et une l\u00e9g\u00e8re salinit\u00e9 avec des notes de ch\u00eane grill\u00e9. \u00c0 servir avec des antipasti et des entr\u00e9es de poisson.","robots":{"index":"index","follow":"follow","max-snippet":"max-snippet:-1","max-image-preview":"max-image-preview:large","max-video-preview":"max-video-preview:-1"},"canonical":"https:\/\/www.ivinio.com\/fr\/produit\/cantine-san-marzano-edda-blanc\/","og_locale":"fr_FR","og_type":"article","og_title":"Cantine San Marzano - Edda - Blanc - IVINIO Caviste","og_description":"Cantine San Marzano - Edda - Vin blanc. Ar\u00f4mes de p\u00eache, d'agrumes, de vanille et une l\u00e9g\u00e8re salinit\u00e9 avec des notes de ch\u00eane grill\u00e9. \u00c0 servir avec des antipasti et des entr\u00e9es de poisson.","og_url":"https:\/\/www.ivinio.com\/fr\/produit\/cantine-san-marzano-edda-blanc\/","og_site_name":"IVINIO Caviste","article_publisher":"https:\/\/www.facebook.com\/groups\/165217837022391\/?ref=bookmarks","article_modified_time":"2025-08-12T17:34:31+00:00","og_image":[{"width":500,"height":500,"url":"https:\/\/www.ivinio.com\/wp-content\/uploads\/2025\/06\/Cantine-San-Marzano-Edda-IVINIO.jpg","type":"image\/jpeg"}],"twitter_card":"summary_large_image","twitter_misc":{"Dur\u00e9e de lecture estim\u00e9e":"1 minute"},"schema":{"@context":"https:\/\/schema.org","@graph":[{"@type":"WebPage","@id":"https:\/\/www.ivinio.com\/fr\/produit\/cantine-san-marzano-edda-blanc\/","url":"https:\/\/www.ivinio.com\/fr\/produit\/cantine-san-marzano-edda-blanc\/","name":"Cantine San Marzano - Edda - Blanc - IVINIO Caviste","isPartOf":{"@id":"https:\/\/www.ivinio.com\/fr\/#website"},"primaryImageOfPage":{"@id":"https:\/\/www.ivinio.com\/fr\/produit\/cantine-san-marzano-edda-blanc\/#primaryimage"},"image":{"@id":"https:\/\/www.ivinio.com\/fr\/produit\/cantine-san-marzano-edda-blanc\/#primaryimage"},"thumbnailUrl":"https:\/\/www.ivinio.com\/wp-content\/uploads\/2025\/06\/Cantine-San-Marzano-Edda-IVINIO.jpg","datePublished":"2025-08-12T17:29:30+00:00","dateModified":"2025-08-12T17:34:31+00:00","description":"Cantine San Marzano - Edda - Vin blanc. Ar\u00f4mes de p\u00eache, d'agrumes, de vanille et une l\u00e9g\u00e8re salinit\u00e9 avec des notes de ch\u00eane grill\u00e9. \u00c0 servir avec des antipasti et des entr\u00e9es de poisson.","breadcrumb":{"@id":"https:\/\/www.ivinio.com\/fr\/produit\/cantine-san-marzano-edda-blanc\/#breadcrumb"},"inLanguage":"fr-FR","potentialAction":[{"@type":"ReadAction","target":["https:\/\/www.ivinio.com\/fr\/produit\/cantine-san-marzano-edda-blanc\/"]}]},{"@type":"ImageObject","inLanguage":"fr-FR","@id":"https:\/\/www.ivinio.com\/fr\/produit\/cantine-san-marzano-edda-blanc\/#primaryimage","url":"https:\/\/www.ivinio.com\/wp-content\/uploads\/2025\/06\/Cantine-San-Marzano-Edda-IVINIO.jpg","contentUrl":"https:\/\/www.ivinio.com\/wp-content\/uploads\/2025\/06\/Cantine-San-Marzano-Edda-IVINIO.jpg","width":500,"height":500},{"@type":"BreadcrumbList","@id":"https:\/\/www.ivinio.com\/fr\/produit\/cantine-san-marzano-edda-blanc\/#breadcrumb","itemListElement":[{"@type":"ListItem","position":1,"name":"Home","item":"https:\/\/www.ivinio.com\/fr\/"},{"@type":"ListItem","position":2,"name":"Boutique de vin","item":"https:\/\/www.ivinio.com\/fr\/boutique-de-vin\/"},{"@type":"ListItem","position":3,"name":"Cantine San Marzano &#8211; Edda &#8211; Blanc"}]},{"@type":"WebSite","@id":"https:\/\/www.ivinio.com\/fr\/#website","url":"https:\/\/www.ivinio.com\/fr\/","name":"IVINIO Caviste","description":"Vins de France et d&#039;Italie avec livraison \u00e0 domicile","publisher":{"@id":"https:\/\/www.ivinio.com\/fr\/#organization"},"potentialAction":[{"@type":"SearchAction","target":{"@type":"EntryPoint","urlTemplate":"https:\/\/www.ivinio.com\/fr\/?s={search_term_string}"},"query-input":{"@type":"PropertyValueSpecification","valueRequired":true,"valueName":"search_term_string"}}],"inLanguage":"fr-FR"},{"@type":"Organization","@id":"https:\/\/www.ivinio.com\/fr\/#organization","name":"IVINIO","url":"https:\/\/www.ivinio.com\/fr\/","logo":{"@type":"ImageObject","inLanguage":"fr-FR","@id":"https:\/\/www.ivinio.com\/fr\/#\/schema\/logo\/image\/","url":"https:\/\/www.ivinio.com\/wp-content\/uploads\/2021\/01\/Logo-Ivinio-v2.jpg","contentUrl":"https:\/\/www.ivinio.com\/wp-content\/uploads\/2021\/01\/Logo-Ivinio-v2.jpg","width":1194,"height":1194,"caption":"IVINIO"},"image":{"@id":"https:\/\/www.ivinio.com\/fr\/#\/schema\/logo\/image\/"},"sameAs":["https:\/\/www.facebook.com\/groups\/165217837022391\/?ref=bookmarks","https:\/\/www.instagram.com\/_ivinio_\/?hl=fr"]}]}},"jetpack_sharing_enabled":true,"_links":{"self":[{"href":"https:\/\/www.ivinio.com\/fr\/wp-json\/wp\/v2\/product\/138582","targetHints":{"allow":["GET"]}}],"collection":[{"href":"https:\/\/www.ivinio.com\/fr\/wp-json\/wp\/v2\/product"}],"about":[{"href":"https:\/\/www.ivinio.com\/fr\/wp-json\/wp\/v2\/types\/product"}],"replies":[{"embeddable":true,"href":"https:\/\/www.ivinio.com\/fr\/wp-json\/wp\/v2\/comments?post=138582"}],"wp:featuredmedia":[{"embeddable":true,"href":"https:\/\/www.ivinio.com\/fr\/wp-json\/wp\/v2\/media\/138403"}],"wp:attachment":[{"href":"https:\/\/www.ivinio.com\/fr\/wp-json\/wp\/v2\/media?parent=138582"}],"wp:term":[{"taxonomy":"product_brand","embeddable":true,"href":"https:\/\/www.ivinio.com\/fr\/wp-json\/wp\/v2\/product_brand?post=138582"},{"taxonomy":"product_cat","embeddable":true,"href":"https:\/\/www.ivinio.com\/fr\/wp-json\/wp\/v2\/product_cat?post=138582"},{"taxonomy":"product_tag","embeddable":true,"href":"https:\/\/www.ivinio.com\/fr\/wp-json\/wp\/v2\/product_tag?post=138582"}],"curies":[{"name":"wp","href":"https:\/\/api.w.org\/{rel}","templated":true}]}}