{"id":138500,"date":"2025-06-13T15:39:43","date_gmt":"2025-07-05T16:55:37","guid":{"rendered":"https:\/\/www.ivinio.com\/product\/cantine-pellegrino-il-salinaro-white\/"},"modified":"2025-07-05T19:21:11","modified_gmt":"2025-07-05T17:21:11","slug":"cantine-pellegrino-il-salinaro-blanc","status":"publish","type":"product","link":"https:\/\/www.ivinio.com\/fr\/produit\/cantine-pellegrino-il-salinaro-blanc\/","title":{"rendered":"Cantine Pellegrino &#8211; Il Salinaro &#8211; Blanc"},"content":{"rendered":"<p data-start=\"40\" data-end=\"152\"><span class=\"relative -mx-px my-[-0.2rem] rounded px-px py-[0.2rem] transition-colors duration-100 ease-in-out\">Cantine Pellegrino &#8211; Il Salinaro &#8211; Vin blanc compos\u00e9 de Grillo<\/span>, l&#8217;un des c\u00e9pages les plus traditionnels et caract\u00e9ristiques de Sicile. Le nom \u00ab Il Salinaro \u00bb fait r\u00e9f\u00e9rence aux paludiers (salinari) qui travaillent dans les marais salants pr\u00e8s de la c\u00f4te de Marsala, o\u00f9 est bas\u00e9 Pellegrino. Ces marais salants influencent \u00e9galement le microclimat et le sol de la r\u00e9gion, conf\u00e9rant au vin un caract\u00e8re maritime distinctif. Ce vin est cultiv\u00e9 \u00e0 <span style=\"font-size: 1rem;\">Marsala, dans l&#8217;ouest de la Sicile. Les raisins sont vendang\u00e9s <\/span><span style=\"font-size: 1rem;\">fin ao\u00fbt, d\u00e9but septembre. <\/span><span style=\"font-size: 1rem;\">Les raisins sont \u00e9grapp\u00e9s et press\u00e9s d\u00e9licatement pour extraire le mo\u00fbt sans substances am\u00e8res provenant des pellicules ou des p\u00e9pins. <\/span><span style=\"font-size: 1rem;\">Le mo\u00fbt est ensuite refroidi (souvent \u00e0 5-10 \u00b0C) et laiss\u00e9 reposer afin que les particules troubles se d\u00e9posent au fond. <\/span><span style=\"font-size: 1rem;\">Le mo\u00fbt clarifi\u00e9 et \u00ab propre \u00bb est ensuite mis en bouteille. <\/span>Fermentation thermo-r\u00e9gul\u00e9e <span style=\"font-size: 1rem;\">\u00e0 basse temp\u00e9rature (12-16 \u00b0C)<\/span> en cuves inox. <span style=\"font-size: 1rem;\">Le vin est ensuite bri\u00e8vement \u00e9lev\u00e9 en cuves inox sur les lies<\/span>, <span style=\"font-size: 1rem;\">ce qui lui conf\u00e8re texture et complexit\u00e9<\/span>. <span style=\"font-size: 1rem;\">Apr\u00e8s un court vieillissement, le vin est filtr\u00e9 et mis en bouteille.<\/span><\/p>\n","protected":false},"excerpt":{"rendered":"<p>Vin blanc sec et frais, avec un bon \u00e9quilibre entre acidit\u00e9 et fruit. Notes d&#8217;agrumes, de poire et de fleurs blanches, et une finale subtilement min\u00e9rale.<\/p>\n","protected":false},"featured_media":138498,"comment_status":"open","ping_status":"closed","template":"","meta":{"_monsterinsights_skip_tracking":false,"_monsterinsights_sitenote_active":false,"_monsterinsights_sitenote_note":"","_monsterinsights_sitenote_category":0,"_uf_show_specific_survey":0,"_uf_disable_surveys":false},"product_brand":[],"product_cat":[36601,36589],"product_tag":[],"class_list":{"0":"post-138500","1":"product","2":"type-product","3":"status-publish","4":"has-post-thumbnail","6":"product_cat-fr-sicile","7":"product_cat-vins-italiens","8":"pa_alcohol-degree-13-fr","9":"pa_classification-doc-sicilia-fr","10":"pa_color-blanc-fr","11":"pa_country-italie-fr","12":"pa_grape-variety-grillo-fr","13":"pa_region-sicile-fr","14":"pa_storage-potential-3-ans-fr","15":"pa_vintage-2023-fr","16":"pa_volume-75-cl-fr","18":"first","19":"instock","20":"taxable","21":"shipping-taxable","22":"purchasable","23":"product-type-simple"},"bundled_by":[],"bundle_stock_status":"instock","bundle_stock_quantity":null,"bundle_virtual":false,"bundle_layout":"","bundle_add_to_cart_form_location":"","bundle_editable_in_cart":false,"bundle_sold_individually_context":"","bundle_item_grouping":"","bundle_min_size":"","bundle_max_size":"","bundle_price":[],"bundled_items":[],"bundle_sell_ids":[],"yoast_head":"<!-- This site is optimized with the Yoast SEO plugin v27.3 - https:\/\/yoast.com\/product\/yoast-seo-wordpress\/ -->\n<title>Cantine Pellegrino - Il Salinaro - Blanc - IVINIO Caviste<\/title>\n<meta name=\"description\" content=\"Cantine Pellegrino - Il Salinaro - Vin blanc. Sec et frais, avec un bon \u00e9quilibre entre acidit\u00e9 et fruit. Notes d&#039;agrumes, de poire et de fleurs blanches, et une finale min\u00e9rale.\" \/>\n<meta name=\"robots\" content=\"index, follow, max-snippet:-1, max-image-preview:large, max-video-preview:-1\" \/>\n<link rel=\"canonical\" href=\"https:\/\/www.ivinio.com\/fr\/produit\/cantine-pellegrino-il-salinaro-blanc\/\" \/>\n<meta property=\"og:locale\" content=\"fr_FR\" \/>\n<meta property=\"og:type\" content=\"article\" \/>\n<meta property=\"og:title\" content=\"Cantine Pellegrino - Il Salinaro - Blanc - IVINIO Caviste\" \/>\n<meta property=\"og:description\" content=\"Cantine Pellegrino - Il Salinaro - Vin blanc. Sec et frais, avec un bon \u00e9quilibre entre acidit\u00e9 et fruit. Notes d&#039;agrumes, de poire et de fleurs blanches, et une finale min\u00e9rale.\" \/>\n<meta property=\"og:url\" content=\"https:\/\/www.ivinio.com\/fr\/produit\/cantine-pellegrino-il-salinaro-blanc\/\" \/>\n<meta property=\"og:site_name\" content=\"IVINIO Caviste\" \/>\n<meta property=\"article:publisher\" content=\"https:\/\/www.facebook.com\/groups\/165217837022391\/?ref=bookmarks\" \/>\n<meta property=\"article:modified_time\" content=\"2025-07-05T17:21:11+00:00\" \/>\n<meta property=\"og:image\" content=\"https:\/\/www.ivinio.com\/wp-content\/uploads\/2025\/06\/Pellegrino-Il-salinaro-IVINIO-1.jpg\" \/>\n\t<meta property=\"og:image:width\" content=\"500\" \/>\n\t<meta property=\"og:image:height\" content=\"500\" \/>\n\t<meta property=\"og:image:type\" content=\"image\/jpeg\" \/>\n<meta name=\"twitter:card\" content=\"summary_large_image\" \/>\n<meta name=\"twitter:label1\" content=\"Dur\u00e9e de lecture estim\u00e9e\" \/>\n\t<meta name=\"twitter:data1\" content=\"1 minute\" \/>\n<script type=\"application\/ld+json\" class=\"yoast-schema-graph\">{\"@context\":\"https:\\\/\\\/schema.org\",\"@graph\":[{\"@type\":\"WebPage\",\"@id\":\"https:\\\/\\\/www.ivinio.com\\\/fr\\\/produit\\\/cantine-pellegrino-il-salinaro-blanc\\\/\",\"url\":\"https:\\\/\\\/www.ivinio.com\\\/fr\\\/produit\\\/cantine-pellegrino-il-salinaro-blanc\\\/\",\"name\":\"Cantine Pellegrino - Il Salinaro - Blanc - IVINIO Caviste\",\"isPartOf\":{\"@id\":\"https:\\\/\\\/www.ivinio.com\\\/fr\\\/#website\"},\"primaryImageOfPage\":{\"@id\":\"https:\\\/\\\/www.ivinio.com\\\/fr\\\/produit\\\/cantine-pellegrino-il-salinaro-blanc\\\/#primaryimage\"},\"image\":{\"@id\":\"https:\\\/\\\/www.ivinio.com\\\/fr\\\/produit\\\/cantine-pellegrino-il-salinaro-blanc\\\/#primaryimage\"},\"thumbnailUrl\":\"https:\\\/\\\/www.ivinio.com\\\/wp-content\\\/uploads\\\/2025\\\/06\\\/Pellegrino-Il-salinaro-IVINIO-1.jpg\",\"datePublished\":\"2025-07-05T16:55:37+00:00\",\"dateModified\":\"2025-07-05T17:21:11+00:00\",\"description\":\"Cantine Pellegrino - Il Salinaro - Vin blanc. Sec et frais, avec un bon \u00e9quilibre entre acidit\u00e9 et fruit. Notes d'agrumes, de poire et de fleurs blanches, et une finale min\u00e9rale.\",\"breadcrumb\":{\"@id\":\"https:\\\/\\\/www.ivinio.com\\\/fr\\\/produit\\\/cantine-pellegrino-il-salinaro-blanc\\\/#breadcrumb\"},\"inLanguage\":\"fr-FR\",\"potentialAction\":[{\"@type\":\"ReadAction\",\"target\":[\"https:\\\/\\\/www.ivinio.com\\\/fr\\\/produit\\\/cantine-pellegrino-il-salinaro-blanc\\\/\"]}]},{\"@type\":\"ImageObject\",\"inLanguage\":\"fr-FR\",\"@id\":\"https:\\\/\\\/www.ivinio.com\\\/fr\\\/produit\\\/cantine-pellegrino-il-salinaro-blanc\\\/#primaryimage\",\"url\":\"https:\\\/\\\/www.ivinio.com\\\/wp-content\\\/uploads\\\/2025\\\/06\\\/Pellegrino-Il-salinaro-IVINIO-1.jpg\",\"contentUrl\":\"https:\\\/\\\/www.ivinio.com\\\/wp-content\\\/uploads\\\/2025\\\/06\\\/Pellegrino-Il-salinaro-IVINIO-1.jpg\",\"width\":500,\"height\":500},{\"@type\":\"BreadcrumbList\",\"@id\":\"https:\\\/\\\/www.ivinio.com\\\/fr\\\/produit\\\/cantine-pellegrino-il-salinaro-blanc\\\/#breadcrumb\",\"itemListElement\":[{\"@type\":\"ListItem\",\"position\":1,\"name\":\"Home\",\"item\":\"https:\\\/\\\/www.ivinio.com\\\/fr\\\/\"},{\"@type\":\"ListItem\",\"position\":2,\"name\":\"Boutique de vin\",\"item\":\"https:\\\/\\\/www.ivinio.com\\\/fr\\\/boutique-de-vin\\\/\"},{\"@type\":\"ListItem\",\"position\":3,\"name\":\"Cantine Pellegrino &#8211; Il Salinaro &#8211; Blanc\"}]},{\"@type\":\"WebSite\",\"@id\":\"https:\\\/\\\/www.ivinio.com\\\/fr\\\/#website\",\"url\":\"https:\\\/\\\/www.ivinio.com\\\/fr\\\/\",\"name\":\"IVINIO Caviste\",\"description\":\"Vins de France et d&#039;Italie avec livraison \u00e0 domicile\",\"publisher\":{\"@id\":\"https:\\\/\\\/www.ivinio.com\\\/fr\\\/#organization\"},\"potentialAction\":[{\"@type\":\"SearchAction\",\"target\":{\"@type\":\"EntryPoint\",\"urlTemplate\":\"https:\\\/\\\/www.ivinio.com\\\/fr\\\/?s={search_term_string}\"},\"query-input\":{\"@type\":\"PropertyValueSpecification\",\"valueRequired\":true,\"valueName\":\"search_term_string\"}}],\"inLanguage\":\"fr-FR\"},{\"@type\":\"Organization\",\"@id\":\"https:\\\/\\\/www.ivinio.com\\\/fr\\\/#organization\",\"name\":\"IVINIO\",\"url\":\"https:\\\/\\\/www.ivinio.com\\\/fr\\\/\",\"logo\":{\"@type\":\"ImageObject\",\"inLanguage\":\"fr-FR\",\"@id\":\"https:\\\/\\\/www.ivinio.com\\\/fr\\\/#\\\/schema\\\/logo\\\/image\\\/\",\"url\":\"https:\\\/\\\/www.ivinio.com\\\/wp-content\\\/uploads\\\/2021\\\/01\\\/Logo-Ivinio-v2.jpg\",\"contentUrl\":\"https:\\\/\\\/www.ivinio.com\\\/wp-content\\\/uploads\\\/2021\\\/01\\\/Logo-Ivinio-v2.jpg\",\"width\":1194,\"height\":1194,\"caption\":\"IVINIO\"},\"image\":{\"@id\":\"https:\\\/\\\/www.ivinio.com\\\/fr\\\/#\\\/schema\\\/logo\\\/image\\\/\"},\"sameAs\":[\"https:\\\/\\\/www.facebook.com\\\/groups\\\/165217837022391\\\/?ref=bookmarks\",\"https:\\\/\\\/www.instagram.com\\\/_ivinio_\\\/?hl=fr\"]}]}<\/script>\n<!-- \/ Yoast SEO plugin. -->","yoast_head_json":{"title":"Cantine Pellegrino - Il Salinaro - Blanc - IVINIO Caviste","description":"Cantine Pellegrino - Il Salinaro - Vin blanc. Sec et frais, avec un bon \u00e9quilibre entre acidit\u00e9 et fruit. Notes d'agrumes, de poire et de fleurs blanches, et une finale min\u00e9rale.","robots":{"index":"index","follow":"follow","max-snippet":"max-snippet:-1","max-image-preview":"max-image-preview:large","max-video-preview":"max-video-preview:-1"},"canonical":"https:\/\/www.ivinio.com\/fr\/produit\/cantine-pellegrino-il-salinaro-blanc\/","og_locale":"fr_FR","og_type":"article","og_title":"Cantine Pellegrino - Il Salinaro - Blanc - IVINIO Caviste","og_description":"Cantine Pellegrino - Il Salinaro - Vin blanc. Sec et frais, avec un bon \u00e9quilibre entre acidit\u00e9 et fruit. Notes d'agrumes, de poire et de fleurs blanches, et une finale min\u00e9rale.","og_url":"https:\/\/www.ivinio.com\/fr\/produit\/cantine-pellegrino-il-salinaro-blanc\/","og_site_name":"IVINIO Caviste","article_publisher":"https:\/\/www.facebook.com\/groups\/165217837022391\/?ref=bookmarks","article_modified_time":"2025-07-05T17:21:11+00:00","og_image":[{"width":500,"height":500,"url":"https:\/\/www.ivinio.com\/wp-content\/uploads\/2025\/06\/Pellegrino-Il-salinaro-IVINIO-1.jpg","type":"image\/jpeg"}],"twitter_card":"summary_large_image","twitter_misc":{"Dur\u00e9e de lecture estim\u00e9e":"1 minute"},"schema":{"@context":"https:\/\/schema.org","@graph":[{"@type":"WebPage","@id":"https:\/\/www.ivinio.com\/fr\/produit\/cantine-pellegrino-il-salinaro-blanc\/","url":"https:\/\/www.ivinio.com\/fr\/produit\/cantine-pellegrino-il-salinaro-blanc\/","name":"Cantine Pellegrino - Il Salinaro - Blanc - IVINIO Caviste","isPartOf":{"@id":"https:\/\/www.ivinio.com\/fr\/#website"},"primaryImageOfPage":{"@id":"https:\/\/www.ivinio.com\/fr\/produit\/cantine-pellegrino-il-salinaro-blanc\/#primaryimage"},"image":{"@id":"https:\/\/www.ivinio.com\/fr\/produit\/cantine-pellegrino-il-salinaro-blanc\/#primaryimage"},"thumbnailUrl":"https:\/\/www.ivinio.com\/wp-content\/uploads\/2025\/06\/Pellegrino-Il-salinaro-IVINIO-1.jpg","datePublished":"2025-07-05T16:55:37+00:00","dateModified":"2025-07-05T17:21:11+00:00","description":"Cantine Pellegrino - Il Salinaro - Vin blanc. Sec et frais, avec un bon \u00e9quilibre entre acidit\u00e9 et fruit. Notes d'agrumes, de poire et de fleurs blanches, et une finale min\u00e9rale.","breadcrumb":{"@id":"https:\/\/www.ivinio.com\/fr\/produit\/cantine-pellegrino-il-salinaro-blanc\/#breadcrumb"},"inLanguage":"fr-FR","potentialAction":[{"@type":"ReadAction","target":["https:\/\/www.ivinio.com\/fr\/produit\/cantine-pellegrino-il-salinaro-blanc\/"]}]},{"@type":"ImageObject","inLanguage":"fr-FR","@id":"https:\/\/www.ivinio.com\/fr\/produit\/cantine-pellegrino-il-salinaro-blanc\/#primaryimage","url":"https:\/\/www.ivinio.com\/wp-content\/uploads\/2025\/06\/Pellegrino-Il-salinaro-IVINIO-1.jpg","contentUrl":"https:\/\/www.ivinio.com\/wp-content\/uploads\/2025\/06\/Pellegrino-Il-salinaro-IVINIO-1.jpg","width":500,"height":500},{"@type":"BreadcrumbList","@id":"https:\/\/www.ivinio.com\/fr\/produit\/cantine-pellegrino-il-salinaro-blanc\/#breadcrumb","itemListElement":[{"@type":"ListItem","position":1,"name":"Home","item":"https:\/\/www.ivinio.com\/fr\/"},{"@type":"ListItem","position":2,"name":"Boutique de vin","item":"https:\/\/www.ivinio.com\/fr\/boutique-de-vin\/"},{"@type":"ListItem","position":3,"name":"Cantine Pellegrino &#8211; Il Salinaro &#8211; Blanc"}]},{"@type":"WebSite","@id":"https:\/\/www.ivinio.com\/fr\/#website","url":"https:\/\/www.ivinio.com\/fr\/","name":"IVINIO Caviste","description":"Vins de France et d&#039;Italie avec livraison \u00e0 domicile","publisher":{"@id":"https:\/\/www.ivinio.com\/fr\/#organization"},"potentialAction":[{"@type":"SearchAction","target":{"@type":"EntryPoint","urlTemplate":"https:\/\/www.ivinio.com\/fr\/?s={search_term_string}"},"query-input":{"@type":"PropertyValueSpecification","valueRequired":true,"valueName":"search_term_string"}}],"inLanguage":"fr-FR"},{"@type":"Organization","@id":"https:\/\/www.ivinio.com\/fr\/#organization","name":"IVINIO","url":"https:\/\/www.ivinio.com\/fr\/","logo":{"@type":"ImageObject","inLanguage":"fr-FR","@id":"https:\/\/www.ivinio.com\/fr\/#\/schema\/logo\/image\/","url":"https:\/\/www.ivinio.com\/wp-content\/uploads\/2021\/01\/Logo-Ivinio-v2.jpg","contentUrl":"https:\/\/www.ivinio.com\/wp-content\/uploads\/2021\/01\/Logo-Ivinio-v2.jpg","width":1194,"height":1194,"caption":"IVINIO"},"image":{"@id":"https:\/\/www.ivinio.com\/fr\/#\/schema\/logo\/image\/"},"sameAs":["https:\/\/www.facebook.com\/groups\/165217837022391\/?ref=bookmarks","https:\/\/www.instagram.com\/_ivinio_\/?hl=fr"]}]}},"jetpack_sharing_enabled":true,"_links":{"self":[{"href":"https:\/\/www.ivinio.com\/fr\/wp-json\/wp\/v2\/product\/138500","targetHints":{"allow":["GET"]}}],"collection":[{"href":"https:\/\/www.ivinio.com\/fr\/wp-json\/wp\/v2\/product"}],"about":[{"href":"https:\/\/www.ivinio.com\/fr\/wp-json\/wp\/v2\/types\/product"}],"replies":[{"embeddable":true,"href":"https:\/\/www.ivinio.com\/fr\/wp-json\/wp\/v2\/comments?post=138500"}],"wp:featuredmedia":[{"embeddable":true,"href":"https:\/\/www.ivinio.com\/fr\/wp-json\/wp\/v2\/media\/138498"}],"wp:attachment":[{"href":"https:\/\/www.ivinio.com\/fr\/wp-json\/wp\/v2\/media?parent=138500"}],"wp:term":[{"taxonomy":"product_brand","embeddable":true,"href":"https:\/\/www.ivinio.com\/fr\/wp-json\/wp\/v2\/product_brand?post=138500"},{"taxonomy":"product_cat","embeddable":true,"href":"https:\/\/www.ivinio.com\/fr\/wp-json\/wp\/v2\/product_cat?post=138500"},{"taxonomy":"product_tag","embeddable":true,"href":"https:\/\/www.ivinio.com\/fr\/wp-json\/wp\/v2\/product_tag?post=138500"}],"curies":[{"name":"wp","href":"https:\/\/api.w.org\/{rel}","templated":true}]}}